{"id":55,"date":"2023-06-02T09:27:31","date_gmt":"2023-06-02T07:27:31","guid":{"rendered":"https:\/\/multi-gyn.com\/sk\/?page_id=55"},"modified":"2023-09-21T15:45:40","modified_gmt":"2023-09-21T13:45:40","slug":"infekcie","status":"publish","type":"page","link":"https:\/\/multi-gyn.com\/sk\/posvove-zdravie\/infekcie\/","title":{"rendered":"Infekcie"},"content":{"rendered":"\n<div class=\"wp-block-karopharma-free-text pt-large pb-large bg-center bg-cover bg-no-repeat  is-style-primary\" style=\"background-image:url()\"><div class=\"free-text-wrapper container max-w-medium text-left\">\n<h1 class=\"is-style-heading-large wp-block-heading\">Infekcie<\/h1>\n<\/div><\/div>\n\n\n\n<div class=\"wp-block-karopharma-free-text pt-large pb-large bg-center bg-cover bg-no-repeat  is-style-transparent\" style=\"background-image:url()\"><div class=\"free-text-wrapper container max-w-medium text-left\"><div class=\"menu-nav-list widget widget_nav_menu\">\n            <h3 class=\"widget_title\">Pre\u010d\u00edtajte si \u010dl\u00e1nky<\/h3>\n                <ul class=\"menu\">\n                            <li class=\"menu-item\">\n                    <a href=\"https:\/\/multi-gyn.com\/sk\/posvove-zdravie\/infekcie\/skodia-tampony-posve\/\" title=\"\u0160kodia tamp\u00f3ny po\u0161ve?\">\u0160kodia tamp\u00f3ny po\u0161ve?<\/a>\n                <\/li>\n                            <li class=\"menu-item\">\n                    <a href=\"https:\/\/multi-gyn.com\/sk\/posvove-zdravie\/infekcie\/akej-farby-je-vas-vytok\/\" title=\"Akej farby je V\u00e1\u0161 v\u00fdtok?\">Akej farby je V\u00e1\u0161 v\u00fdtok?<\/a>\n                <\/li>\n                            <li class=\"menu-item\">\n                    <a href=\"https:\/\/multi-gyn.com\/sk\/posvove-zdravie\/infekcie\/posvove-infekcie-vaginalna-mykoza-priciny-priznaky-a-liecba\/\" title=\"Po\u0161vov\u00e9 infekcie (vagin\u00e1lna myk\u00f3za): pr\u00ed\u010diny, pr\u00edznaky a lie\u010dba\">Po\u0161vov\u00e9 infekcie (vagin\u00e1lna myk\u00f3za): pr\u00ed\u010diny, pr\u00edznaky a lie\u010dba<\/a>\n                <\/li>\n                            <li class=\"menu-item\">\n                    <a href=\"https:\/\/multi-gyn.com\/sk\/posvove-zdravie\/infekcie\/intimna-hygiena-a-posvove-infekcie\/\" title=\"Int\u00edmna hygiena a po\u0161vov\u00e9 infekcie\">Int\u00edmna hygiena a po\u0161vov\u00e9 infekcie<\/a>\n                <\/li>\n                            <li class=\"menu-item\">\n                    <a href=\"https:\/\/multi-gyn.com\/sk\/posvove-zdravie\/infekcie\/rozdiel-medzi-bakterialnou-vaginozou-a-kvasinkovou-infekciou\/\" title=\"Rozdiel medzi bakteri\u00e1lnou vagin\u00f3zou a kvasinkovou infekciou\">Rozdiel medzi bakteri\u00e1lnou vagin\u00f3zou a kvasinkovou infekciou<\/a>\n                <\/li>\n                            <li class=\"menu-item\">\n                    <a href=\"https:\/\/multi-gyn.com\/sk\/posvove-zdravie\/infekcie\/priciny-posvovych-infekcii\/\" title=\"Pr\u00ed\u010diny po\u0161vov\u00fdch infekci\u00ed\">Pr\u00ed\u010diny po\u0161vov\u00fdch infekci\u00ed<\/a>\n                <\/li>\n                            <li class=\"menu-item\">\n                    <a href=\"https:\/\/multi-gyn.com\/sk\/posvove-zdravie\/infekcie\/bakterialna-vaginoza-a-tehotenstvo\/\" title=\"Bakteri\u00e1lna vagin\u00f3za a tehotenstvo\">Bakteri\u00e1lna vagin\u00f3za a tehotenstvo<\/a>\n                <\/li>\n                            <li class=\"menu-item\">\n                    <a href=\"https:\/\/multi-gyn.com\/sk\/posvove-zdravie\/infekcie\/vaginalna-mykoza-pocas-tehotenstva\/\" title=\"Vagin\u00e1lna myk\u00f3za po\u010das tehotenstva\">Vagin\u00e1lna myk\u00f3za po\u010das tehotenstva<\/a>\n                <\/li>\n                            <li class=\"menu-item\">\n                    <a href=\"https:\/\/multi-gyn.com\/sk\/posvove-zdravie\/infekcie\/posvovy-vytok-ako-znak-kvasinkovej-infekcie\/\" title=\"Po\u0161vov\u00fd v\u00fdtok ako znak kvasinkovej infekcie\">Po\u0161vov\u00fd v\u00fdtok ako znak kvasinkovej infekcie<\/a>\n                <\/li>\n                            <li class=\"menu-item\">\n                    <a href=\"https:\/\/multi-gyn.com\/sk\/posvove-zdravie\/infekcie\/posvove-infekcie-a-antibiotika\/\" title=\"Po\u0161vov\u00e9 infekcie a antibiotik\u00e1\">Po\u0161vov\u00e9 infekcie a antibiotik\u00e1<\/a>\n                <\/li>\n                            <li class=\"menu-item\">\n                    <a href=\"https:\/\/multi-gyn.com\/sk\/posvove-zdravie\/infekcie\/ako-liecit-kandidozu\/\" title=\"Ako lie\u010di\u0165 kandid\u00f3zu\">Ako lie\u010di\u0165 kandid\u00f3zu<\/a>\n                <\/li>\n                            <li class=\"menu-item\">\n                    <a href=\"https:\/\/multi-gyn.com\/sk\/posvove-zdravie\/infekcie\/posvova-kvasinkova-infekcia-vaginalna-mykoza\/\" title=\"Po\u0161vov\u00e1 kvasinkov\u00e1 infekcia (vagin\u00e1lna myk\u00f3za)\">Po\u0161vov\u00e1 kvasinkov\u00e1 infekcia (vagin\u00e1lna myk\u00f3za)<\/a>\n                <\/li>\n                            <li class=\"menu-item\">\n                    <a href=\"https:\/\/multi-gyn.com\/sk\/posvove-zdravie\/infekcie\/kvasinkove-infekcie-pocas-menstruacie\/\" title=\"Kvasinkov\u00e9 infekcie po\u010das men\u0161tru\u00e1cie\">Kvasinkov\u00e9 infekcie po\u010das men\u0161tru\u00e1cie<\/a>\n                <\/li>\n                            <li class=\"menu-item\">\n                    <a href=\"https:\/\/multi-gyn.com\/sk\/posvove-zdravie\/infekcie\/vsetko-co-by-ste-mali-vediet-o-bakterialnej-vaginoze\/\" title=\"V\u0161etko, \u010do by ste mali vedie\u0165 o bakteri\u00e1lnej vagin\u00f3ze!\">V\u0161etko, \u010do by ste mali vedie\u0165 o bakteri\u00e1lnej vagin\u00f3ze!<\/a>\n                <\/li>\n                    <\/ul>\n    <\/div>\n<\/div><\/div>\n","protected":false},"excerpt":{"rendered":"","protected":false},"author":2,"featured_media":0,"parent":51,"menu_order":2,"comment_status":"closed","ping_status":"closed","template":"","meta":{"_acf_changed":false,"footnotes":""},"from-article-database":[],"class_list":["post-55","page","type-page","status-publish","hentry"],"acf":[],"yoast_head":"<!-- This site is optimized with the Yoast SEO plugin v26.6 - https:\/\/yoast.com\/wordpress\/plugins\/seo\/ -->\n<title>Infekcie - Multi-Gyn<\/title>\n<meta name=\"description\" content=\"Pre\u010d\u00edtajte si \u010dl\u00e1nky o Infekcie\" \/>\n<meta name=\"robots\" content=\"index, follow, max-snippet:-1, max-image-preview:large, max-video-preview:-1\" \/>\n<link rel=\"canonical\" href=\"https:\/\/multi-gyn.com\/sk\/posvove-zdravie\/infekcie\/\" \/>\n<meta property=\"og:locale\" content=\"sk_SK\" \/>\n<meta property=\"og:type\" content=\"article\" \/>\n<meta property=\"og:title\" content=\"Infekcie - Multi-Gyn\" \/>\n<meta property=\"og:description\" content=\"Pre\u010d\u00edtajte si \u010dl\u00e1nky o Infekcie\" \/>\n<meta property=\"og:url\" content=\"https:\/\/multi-gyn.com\/sk\/posvove-zdravie\/infekcie\/\" \/>\n<meta property=\"og:site_name\" content=\"Multi-Gyn\" \/>\n<meta property=\"article:modified_time\" content=\"2023-09-21T13:45:40+00:00\" \/>\n<meta name=\"twitter:card\" content=\"summary_large_image\" \/>\n<meta name=\"twitter:label1\" content=\"Predpokladan\u00fd \u010das \u010d\u00edtania\" \/>\n\t<meta name=\"twitter:data1\" content=\"1 min\u00fata\" \/>\n<script type=\"application\/ld+json\" class=\"yoast-schema-graph\">{\"@context\":\"https:\/\/schema.org\",\"@graph\":[{\"@type\":\"WebPage\",\"@id\":\"https:\/\/multi-gyn.com\/sk\/posvove-zdravie\/infekcie\/\",\"url\":\"https:\/\/multi-gyn.com\/sk\/posvove-zdravie\/infekcie\/\",\"name\":\"Infekcie - Multi-Gyn\",\"isPartOf\":{\"@id\":\"https:\/\/multi-gyn.com\/sk\/#website\"},\"datePublished\":\"2023-06-02T07:27:31+00:00\",\"dateModified\":\"2023-09-21T13:45:40+00:00\",\"description\":\"Pre\u010d\u00edtajte si \u010dl\u00e1nky o Infekcie\",\"breadcrumb\":{\"@id\":\"https:\/\/multi-gyn.com\/sk\/posvove-zdravie\/infekcie\/#breadcrumb\"},\"inLanguage\":\"sk-SK\",\"potentialAction\":[{\"@type\":\"ReadAction\",\"target\":[\"https:\/\/multi-gyn.com\/sk\/posvove-zdravie\/infekcie\/\"]}]},{\"@type\":\"BreadcrumbList\",\"@id\":\"https:\/\/multi-gyn.com\/sk\/posvove-zdravie\/infekcie\/#breadcrumb\",\"itemListElement\":[{\"@type\":\"ListItem\",\"position\":1,\"name\":\"Home\",\"item\":\"https:\/\/multi-gyn.com\/sk\/\"},{\"@type\":\"ListItem\",\"position\":2,\"name\":\"Po\u0161vov\u00e9 zdravie\",\"item\":\"https:\/\/multi-gyn.com\/sk\/posvove-zdravie\/\"},{\"@type\":\"ListItem\",\"position\":3,\"name\":\"Infekcie\"}]},{\"@type\":\"WebSite\",\"@id\":\"https:\/\/multi-gyn.com\/sk\/#website\",\"url\":\"https:\/\/multi-gyn.com\/sk\/\",\"name\":\"Multi-Gyn\",\"description\":\"\",\"publisher\":{\"@id\":\"https:\/\/multi-gyn.com\/sk\/#organization\"},\"potentialAction\":[{\"@type\":\"SearchAction\",\"target\":{\"@type\":\"EntryPoint\",\"urlTemplate\":\"https:\/\/multi-gyn.com\/sk\/?s={search_term_string}\"},\"query-input\":{\"@type\":\"PropertyValueSpecification\",\"valueRequired\":true,\"valueName\":\"search_term_string\"}}],\"inLanguage\":\"sk-SK\"},{\"@type\":\"Organization\",\"@id\":\"https:\/\/multi-gyn.com\/sk\/#organization\",\"name\":\"Multi-Gyn\",\"url\":\"https:\/\/multi-gyn.com\/sk\/\",\"logo\":{\"@type\":\"ImageObject\",\"inLanguage\":\"sk-SK\",\"@id\":\"https:\/\/multi-gyn.com\/sk\/#\/schema\/logo\/image\/\",\"url\":\"https:\/\/multi-gyn.com\/app\/uploads\/sites\/48\/2023\/06\/multi-gyn-logo.png\",\"contentUrl\":\"https:\/\/multi-gyn.com\/app\/uploads\/sites\/48\/2023\/06\/multi-gyn-logo.png\",\"width\":149,\"height\":32,\"caption\":\"Multi-Gyn\"},\"image\":{\"@id\":\"https:\/\/multi-gyn.com\/sk\/#\/schema\/logo\/image\/\"}}]}<\/script>\n<!-- \/ Yoast SEO plugin. -->","yoast_head_json":{"title":"Infekcie - Multi-Gyn","description":"Pre\u010d\u00edtajte si \u010dl\u00e1nky o Infekcie","robots":{"index":"index","follow":"follow","max-snippet":"max-snippet:-1","max-image-preview":"max-image-preview:large","max-video-preview":"max-video-preview:-1"},"canonical":"https:\/\/multi-gyn.com\/sk\/posvove-zdravie\/infekcie\/","og_locale":"sk_SK","og_type":"article","og_title":"Infekcie - Multi-Gyn","og_description":"Pre\u010d\u00edtajte si \u010dl\u00e1nky o Infekcie","og_url":"https:\/\/multi-gyn.com\/sk\/posvove-zdravie\/infekcie\/","og_site_name":"Multi-Gyn","article_modified_time":"2023-09-21T13:45:40+00:00","twitter_card":"summary_large_image","twitter_misc":{"Predpokladan\u00fd \u010das \u010d\u00edtania":"1 min\u00fata"},"schema":{"@context":"https:\/\/schema.org","@graph":[{"@type":"WebPage","@id":"https:\/\/multi-gyn.com\/sk\/posvove-zdravie\/infekcie\/","url":"https:\/\/multi-gyn.com\/sk\/posvove-zdravie\/infekcie\/","name":"Infekcie - Multi-Gyn","isPartOf":{"@id":"https:\/\/multi-gyn.com\/sk\/#website"},"datePublished":"2023-06-02T07:27:31+00:00","dateModified":"2023-09-21T13:45:40+00:00","description":"Pre\u010d\u00edtajte si \u010dl\u00e1nky o Infekcie","breadcrumb":{"@id":"https:\/\/multi-gyn.com\/sk\/posvove-zdravie\/infekcie\/#breadcrumb"},"inLanguage":"sk-SK","potentialAction":[{"@type":"ReadAction","target":["https:\/\/multi-gyn.com\/sk\/posvove-zdravie\/infekcie\/"]}]},{"@type":"BreadcrumbList","@id":"https:\/\/multi-gyn.com\/sk\/posvove-zdravie\/infekcie\/#breadcrumb","itemListElement":[{"@type":"ListItem","position":1,"name":"Home","item":"https:\/\/multi-gyn.com\/sk\/"},{"@type":"ListItem","position":2,"name":"Po\u0161vov\u00e9 zdravie","item":"https:\/\/multi-gyn.com\/sk\/posvove-zdravie\/"},{"@type":"ListItem","position":3,"name":"Infekcie"}]},{"@type":"WebSite","@id":"https:\/\/multi-gyn.com\/sk\/#website","url":"https:\/\/multi-gyn.com\/sk\/","name":"Multi-Gyn","description":"","publisher":{"@id":"https:\/\/multi-gyn.com\/sk\/#organization"},"potentialAction":[{"@type":"SearchAction","target":{"@type":"EntryPoint","urlTemplate":"https:\/\/multi-gyn.com\/sk\/?s={search_term_string}"},"query-input":{"@type":"PropertyValueSpecification","valueRequired":true,"valueName":"search_term_string"}}],"inLanguage":"sk-SK"},{"@type":"Organization","@id":"https:\/\/multi-gyn.com\/sk\/#organization","name":"Multi-Gyn","url":"https:\/\/multi-gyn.com\/sk\/","logo":{"@type":"ImageObject","inLanguage":"sk-SK","@id":"https:\/\/multi-gyn.com\/sk\/#\/schema\/logo\/image\/","url":"https:\/\/multi-gyn.com\/app\/uploads\/sites\/48\/2023\/06\/multi-gyn-logo.png","contentUrl":"https:\/\/multi-gyn.com\/app\/uploads\/sites\/48\/2023\/06\/multi-gyn-logo.png","width":149,"height":32,"caption":"Multi-Gyn"},"image":{"@id":"https:\/\/multi-gyn.com\/sk\/#\/schema\/logo\/image\/"}}]}},"_links":{"self":[{"href":"https:\/\/multi-gyn.com\/sk\/wp-json\/wp\/v2\/pages\/55","targetHints":{"allow":["GET"]}}],"collection":[{"href":"https:\/\/multi-gyn.com\/sk\/wp-json\/wp\/v2\/pages"}],"about":[{"href":"https:\/\/multi-gyn.com\/sk\/wp-json\/wp\/v2\/types\/page"}],"author":[{"embeddable":true,"href":"https:\/\/multi-gyn.com\/sk\/wp-json\/wp\/v2\/users\/2"}],"replies":[{"embeddable":true,"href":"https:\/\/multi-gyn.com\/sk\/wp-json\/wp\/v2\/comments?post=55"}],"version-history":[{"count":4,"href":"https:\/\/multi-gyn.com\/sk\/wp-json\/wp\/v2\/pages\/55\/revisions"}],"predecessor-version":[{"id":624,"href":"https:\/\/multi-gyn.com\/sk\/wp-json\/wp\/v2\/pages\/55\/revisions\/624"}],"up":[{"embeddable":true,"href":"https:\/\/multi-gyn.com\/sk\/wp-json\/wp\/v2\/pages\/51"}],"wp:attachment":[{"href":"https:\/\/multi-gyn.com\/sk\/wp-json\/wp\/v2\/media?parent=55"}],"wp:term":[{"taxonomy":"from-article-database","embeddable":true,"href":"https:\/\/multi-gyn.com\/sk\/wp-json\/wp\/v2\/from-article-database?post=55"}],"curies":[{"name":"wp","href":"https:\/\/api.w.org\/{rel}","templated":true}]}}