{"id":59,"date":"2023-06-02T09:29:27","date_gmt":"2023-06-02T07:29:27","guid":{"rendered":"https:\/\/multi-gyn.com\/sk\/?page_id=59"},"modified":"2023-09-21T15:46:18","modified_gmt":"2023-09-21T13:46:18","slug":"problemy","status":"publish","type":"page","link":"https:\/\/multi-gyn.com\/sk\/posvove-zdravie\/problemy\/","title":{"rendered":"Probl\u00e9my"},"content":{"rendered":"\n<div class=\"wp-block-karopharma-free-text pt-large pb-large bg-center bg-cover bg-no-repeat  is-style-primary\" style=\"background-image:url()\"><div class=\"free-text-wrapper container max-w-medium text-left\">\n<h1 class=\"is-style-heading-large wp-block-heading\">Probl\u00e9my<\/h1>\n<\/div><\/div>\n\n\n\n<div class=\"wp-block-karopharma-free-text pt-large pb-large bg-center bg-cover bg-no-repeat  is-style-transparent\" style=\"background-image:url()\"><div class=\"free-text-wrapper container max-w-medium text-left\"><div class=\"menu-nav-list widget widget_nav_menu\">\n            <h3 class=\"widget_title\">Pre\u010d\u00edtajte si \u010dl\u00e1nky<\/h3>\n                <ul class=\"menu\">\n                            <li class=\"menu-item\">\n                    <a href=\"https:\/\/multi-gyn.com\/sk\/posvove-zdravie\/problemy\/ako-liecit-bakterialnu-vaginozu\/\" title=\"Ako lie\u010di\u0165 bakteri\u00e1lnu vagin\u00f3zu\">Ako lie\u010di\u0165 bakteri\u00e1lnu vagin\u00f3zu<\/a>\n                <\/li>\n                            <li class=\"menu-item\">\n                    <a href=\"https:\/\/multi-gyn.com\/sk\/posvove-zdravie\/problemy\/posvove-zacervenanie\/\" title=\"Po\u0161vov\u00e9 za\u010dervenanie\">Po\u0161vov\u00e9 za\u010dervenanie<\/a>\n                <\/li>\n                            <li class=\"menu-item\">\n                    <a href=\"https:\/\/multi-gyn.com\/sk\/posvove-zdravie\/problemy\/citlivost-posvy\/\" title=\"Citlivos\u0165 po\u0161vy\">Citlivos\u0165 po\u0161vy<\/a>\n                <\/li>\n                            <li class=\"menu-item\">\n                    <a href=\"https:\/\/multi-gyn.com\/sk\/posvove-zdravie\/problemy\/podrazdenie-posvy-a-opuchnute-pysky-ohanbia\/\" title=\"Podr\u00e1\u017edenie po\u0161vy a opuchnut\u00e9 pysky ohanbia\">Podr\u00e1\u017edenie po\u0161vy a opuchnut\u00e9 pysky ohanbia<\/a>\n                <\/li>\n                            <li class=\"menu-item\">\n                    <a href=\"https:\/\/multi-gyn.com\/sk\/posvove-zdravie\/problemy\/ako-predchadzat-paleniu-posvy\/\" title=\"Ako predch\u00e1dza\u0165 p\u00e1leniu po\u0161vy\">Ako predch\u00e1dza\u0165 p\u00e1leniu po\u0161vy<\/a>\n                <\/li>\n                            <li class=\"menu-item\">\n                    <a href=\"https:\/\/multi-gyn.com\/sk\/posvove-zdravie\/problemy\/palenie-v-posve\/\" title=\"P\u00e1lenie v po\u0161ve\">P\u00e1lenie v po\u0161ve<\/a>\n                <\/li>\n                            <li class=\"menu-item\">\n                    <a href=\"https:\/\/multi-gyn.com\/sk\/posvove-zdravie\/problemy\/posvova-bolest\/\" title=\"Po\u0161vov\u00e1 boles\u0165\">Po\u0161vov\u00e1 boles\u0165<\/a>\n                <\/li>\n                            <li class=\"menu-item\">\n                    <a href=\"https:\/\/multi-gyn.com\/sk\/posvove-zdravie\/problemy\/silny-rybaci-zapach\/\" title=\"Siln\u00fd rybac\u00ed z\u00e1pach\">Siln\u00fd rybac\u00ed z\u00e1pach<\/a>\n                <\/li>\n                            <li class=\"menu-item\">\n                    <a href=\"https:\/\/multi-gyn.com\/sk\/posvove-zdravie\/problemy\/posvovy-diskomfort-naozaj-potrebujem-navstivit-gynekologa\/\" title=\"Po\u0161vov\u00fd diskomfort \u2013 naozaj potrebujem nav\u0161t\u00edvi\u0165 gynekol\u00f3ga?\">Po\u0161vov\u00fd diskomfort \u2013 naozaj potrebujem nav\u0161t\u00edvi\u0165 gynekol\u00f3ga?<\/a>\n                <\/li>\n                            <li class=\"menu-item\">\n                    <a href=\"https:\/\/multi-gyn.com\/sk\/posvove-zdravie\/problemy\/sposobuju-obtiahnute-dzinsy-posvove-infekcie\/\" title=\"Sp\u00f4sobuj\u00fa obtiahnut\u00e9 d\u017e\u00ednsy po\u0161vov\u00e9 infekcie?\">Sp\u00f4sobuj\u00fa obtiahnut\u00e9 d\u017e\u00ednsy po\u0161vov\u00e9 infekcie?<\/a>\n                <\/li>\n                            <li class=\"menu-item\">\n                    <a href=\"https:\/\/multi-gyn.com\/sk\/posvove-zdravie\/problemy\/priciny-bolestiveho-pohlavneho-styku\/\" title=\"Pr\u00ed\u010diny bolestiv\u00e9ho pohlavn\u00e9ho styku\">Pr\u00ed\u010diny bolestiv\u00e9ho pohlavn\u00e9ho styku<\/a>\n                <\/li>\n                            <li class=\"menu-item\">\n                    <a href=\"https:\/\/multi-gyn.com\/sk\/posvove-zdravie\/problemy\/ako-sa-zbavit-svrbenia-posvy\/\" title=\"Ako sa zbavi\u0165 svrbenia po\u0161vy\">Ako sa zbavi\u0165 svrbenia po\u0161vy<\/a>\n                <\/li>\n                            <li class=\"menu-item\">\n                    <a href=\"https:\/\/multi-gyn.com\/sk\/posvove-zdravie\/problemy\/5-najbeznejsich-posvovych-problemov\/\" title=\"5 najbe\u017enej\u0161\u00edch po\u0161vov\u00fdch probl\u00e9mov\">5 najbe\u017enej\u0161\u00edch po\u0161vov\u00fdch probl\u00e9mov<\/a>\n                <\/li>\n                            <li class=\"menu-item\">\n                    <a href=\"https:\/\/multi-gyn.com\/sk\/posvove-zdravie\/problemy\/problemy-vo-vonkajsej-intimnej-oblasti\/\" title=\"Probl\u00e9my vo vonkaj\u0161ej int\u00edmnej oblasti\">Probl\u00e9my vo vonkaj\u0161ej int\u00edmnej oblasti<\/a>\n                <\/li>\n                            <li class=\"menu-item\">\n                    <a href=\"https:\/\/multi-gyn.com\/sk\/posvove-zdravie\/problemy\/prevencia-posvovych-problemov\/\" title=\"Prevencia po\u0161vov\u00fdch probl\u00e9mov\">Prevencia po\u0161vov\u00fdch probl\u00e9mov<\/a>\n                <\/li>\n                            <li class=\"menu-item\">\n                    <a href=\"https:\/\/multi-gyn.com\/sk\/posvove-zdravie\/problemy\/suchost-posvy-priciny-a-liecba\/\" title=\"Suchos\u0165 po\u0161vy: pr\u00ed\u010diny a lie\u010dba\">Suchos\u0165 po\u0161vy: pr\u00ed\u010diny a lie\u010dba<\/a>\n                <\/li>\n                            <li class=\"menu-item\">\n                    <a href=\"https:\/\/multi-gyn.com\/sk\/posvove-zdravie\/problemy\/svrbenie-posvy-co-ho-sposobuje\/\" title=\"Svrbenie po\u0161vy: \u010do ho sp\u00f4sobuje?\">Svrbenie po\u0161vy: \u010do ho sp\u00f4sobuje?<\/a>\n                <\/li>\n                            <li class=\"menu-item\">\n                    <a href=\"https:\/\/multi-gyn.com\/sk\/posvove-zdravie\/problemy\/je-moj-posvovy-vytok-normalny\/\" title=\"Je m\u00f4j po\u0161vov\u00fd v\u00fdtok norm\u00e1lny?\">Je m\u00f4j po\u0161vov\u00fd v\u00fdtok norm\u00e1lny?<\/a>\n                <\/li>\n                            <li class=\"menu-item\">\n                    <a href=\"https:\/\/multi-gyn.com\/sk\/posvove-zdravie\/problemy\/posvovy-zapach-co-sposobuje-ten-silny-zapach\/\" title=\"Po\u0161vov\u00fd z\u00e1pach: \u010do sp\u00f4sobuje siln\u00fd z\u00e1pach?\">Po\u0161vov\u00fd z\u00e1pach: \u010do sp\u00f4sobuje siln\u00fd z\u00e1pach?<\/a>\n                <\/li>\n                    <\/ul>\n    <\/div>\n<\/div><\/div>\n","protected":false},"excerpt":{"rendered":"","protected":false},"author":2,"featured_media":0,"parent":51,"menu_order":4,"comment_status":"closed","ping_status":"closed","template":"","meta":{"_acf_changed":false,"footnotes":""},"from-article-database":[],"class_list":["post-59","page","type-page","status-publish","hentry"],"acf":[],"yoast_head":"<!-- This site is optimized with the Yoast SEO plugin v26.6 - https:\/\/yoast.com\/wordpress\/plugins\/seo\/ -->\n<title>Probl\u00e9my - Multi-Gyn<\/title>\n<meta name=\"description\" content=\"Pre\u010d\u00edtajte si \u010dl\u00e1nky o Probl\u00e9my\" \/>\n<meta name=\"robots\" content=\"index, follow, max-snippet:-1, max-image-preview:large, max-video-preview:-1\" \/>\n<link rel=\"canonical\" href=\"https:\/\/multi-gyn.com\/sk\/posvove-zdravie\/problemy\/\" \/>\n<meta property=\"og:locale\" content=\"sk_SK\" \/>\n<meta property=\"og:type\" content=\"article\" \/>\n<meta property=\"og:title\" content=\"Probl\u00e9my - Multi-Gyn\" \/>\n<meta property=\"og:description\" content=\"Pre\u010d\u00edtajte si \u010dl\u00e1nky o Probl\u00e9my\" \/>\n<meta property=\"og:url\" content=\"https:\/\/multi-gyn.com\/sk\/posvove-zdravie\/problemy\/\" \/>\n<meta property=\"og:site_name\" content=\"Multi-Gyn\" \/>\n<meta property=\"article:modified_time\" content=\"2023-09-21T13:46:18+00:00\" \/>\n<meta name=\"twitter:card\" content=\"summary_large_image\" \/>\n<meta name=\"twitter:label1\" content=\"Predpokladan\u00fd \u010das \u010d\u00edtania\" \/>\n\t<meta name=\"twitter:data1\" content=\"1 min\u00fata\" \/>\n<script type=\"application\/ld+json\" class=\"yoast-schema-graph\">{\"@context\":\"https:\/\/schema.org\",\"@graph\":[{\"@type\":\"WebPage\",\"@id\":\"https:\/\/multi-gyn.com\/sk\/posvove-zdravie\/problemy\/\",\"url\":\"https:\/\/multi-gyn.com\/sk\/posvove-zdravie\/problemy\/\",\"name\":\"Probl\u00e9my - Multi-Gyn\",\"isPartOf\":{\"@id\":\"https:\/\/multi-gyn.com\/sk\/#website\"},\"datePublished\":\"2023-06-02T07:29:27+00:00\",\"dateModified\":\"2023-09-21T13:46:18+00:00\",\"description\":\"Pre\u010d\u00edtajte si \u010dl\u00e1nky o Probl\u00e9my\",\"breadcrumb\":{\"@id\":\"https:\/\/multi-gyn.com\/sk\/posvove-zdravie\/problemy\/#breadcrumb\"},\"inLanguage\":\"sk-SK\",\"potentialAction\":[{\"@type\":\"ReadAction\",\"target\":[\"https:\/\/multi-gyn.com\/sk\/posvove-zdravie\/problemy\/\"]}]},{\"@type\":\"BreadcrumbList\",\"@id\":\"https:\/\/multi-gyn.com\/sk\/posvove-zdravie\/problemy\/#breadcrumb\",\"itemListElement\":[{\"@type\":\"ListItem\",\"position\":1,\"name\":\"Home\",\"item\":\"https:\/\/multi-gyn.com\/sk\/\"},{\"@type\":\"ListItem\",\"position\":2,\"name\":\"Po\u0161vov\u00e9 zdravie\",\"item\":\"https:\/\/multi-gyn.com\/sk\/posvove-zdravie\/\"},{\"@type\":\"ListItem\",\"position\":3,\"name\":\"Probl\u00e9my\"}]},{\"@type\":\"WebSite\",\"@id\":\"https:\/\/multi-gyn.com\/sk\/#website\",\"url\":\"https:\/\/multi-gyn.com\/sk\/\",\"name\":\"Multi-Gyn\",\"description\":\"\",\"publisher\":{\"@id\":\"https:\/\/multi-gyn.com\/sk\/#organization\"},\"potentialAction\":[{\"@type\":\"SearchAction\",\"target\":{\"@type\":\"EntryPoint\",\"urlTemplate\":\"https:\/\/multi-gyn.com\/sk\/?s={search_term_string}\"},\"query-input\":{\"@type\":\"PropertyValueSpecification\",\"valueRequired\":true,\"valueName\":\"search_term_string\"}}],\"inLanguage\":\"sk-SK\"},{\"@type\":\"Organization\",\"@id\":\"https:\/\/multi-gyn.com\/sk\/#organization\",\"name\":\"Multi-Gyn\",\"url\":\"https:\/\/multi-gyn.com\/sk\/\",\"logo\":{\"@type\":\"ImageObject\",\"inLanguage\":\"sk-SK\",\"@id\":\"https:\/\/multi-gyn.com\/sk\/#\/schema\/logo\/image\/\",\"url\":\"https:\/\/multi-gyn.com\/app\/uploads\/sites\/48\/2023\/06\/multi-gyn-logo.png\",\"contentUrl\":\"https:\/\/multi-gyn.com\/app\/uploads\/sites\/48\/2023\/06\/multi-gyn-logo.png\",\"width\":149,\"height\":32,\"caption\":\"Multi-Gyn\"},\"image\":{\"@id\":\"https:\/\/multi-gyn.com\/sk\/#\/schema\/logo\/image\/\"}}]}<\/script>\n<!-- \/ Yoast SEO plugin. -->","yoast_head_json":{"title":"Probl\u00e9my - Multi-Gyn","description":"Pre\u010d\u00edtajte si \u010dl\u00e1nky o Probl\u00e9my","robots":{"index":"index","follow":"follow","max-snippet":"max-snippet:-1","max-image-preview":"max-image-preview:large","max-video-preview":"max-video-preview:-1"},"canonical":"https:\/\/multi-gyn.com\/sk\/posvove-zdravie\/problemy\/","og_locale":"sk_SK","og_type":"article","og_title":"Probl\u00e9my - Multi-Gyn","og_description":"Pre\u010d\u00edtajte si \u010dl\u00e1nky o Probl\u00e9my","og_url":"https:\/\/multi-gyn.com\/sk\/posvove-zdravie\/problemy\/","og_site_name":"Multi-Gyn","article_modified_time":"2023-09-21T13:46:18+00:00","twitter_card":"summary_large_image","twitter_misc":{"Predpokladan\u00fd \u010das \u010d\u00edtania":"1 min\u00fata"},"schema":{"@context":"https:\/\/schema.org","@graph":[{"@type":"WebPage","@id":"https:\/\/multi-gyn.com\/sk\/posvove-zdravie\/problemy\/","url":"https:\/\/multi-gyn.com\/sk\/posvove-zdravie\/problemy\/","name":"Probl\u00e9my - Multi-Gyn","isPartOf":{"@id":"https:\/\/multi-gyn.com\/sk\/#website"},"datePublished":"2023-06-02T07:29:27+00:00","dateModified":"2023-09-21T13:46:18+00:00","description":"Pre\u010d\u00edtajte si \u010dl\u00e1nky o Probl\u00e9my","breadcrumb":{"@id":"https:\/\/multi-gyn.com\/sk\/posvove-zdravie\/problemy\/#breadcrumb"},"inLanguage":"sk-SK","potentialAction":[{"@type":"ReadAction","target":["https:\/\/multi-gyn.com\/sk\/posvove-zdravie\/problemy\/"]}]},{"@type":"BreadcrumbList","@id":"https:\/\/multi-gyn.com\/sk\/posvove-zdravie\/problemy\/#breadcrumb","itemListElement":[{"@type":"ListItem","position":1,"name":"Home","item":"https:\/\/multi-gyn.com\/sk\/"},{"@type":"ListItem","position":2,"name":"Po\u0161vov\u00e9 zdravie","item":"https:\/\/multi-gyn.com\/sk\/posvove-zdravie\/"},{"@type":"ListItem","position":3,"name":"Probl\u00e9my"}]},{"@type":"WebSite","@id":"https:\/\/multi-gyn.com\/sk\/#website","url":"https:\/\/multi-gyn.com\/sk\/","name":"Multi-Gyn","description":"","publisher":{"@id":"https:\/\/multi-gyn.com\/sk\/#organization"},"potentialAction":[{"@type":"SearchAction","target":{"@type":"EntryPoint","urlTemplate":"https:\/\/multi-gyn.com\/sk\/?s={search_term_string}"},"query-input":{"@type":"PropertyValueSpecification","valueRequired":true,"valueName":"search_term_string"}}],"inLanguage":"sk-SK"},{"@type":"Organization","@id":"https:\/\/multi-gyn.com\/sk\/#organization","name":"Multi-Gyn","url":"https:\/\/multi-gyn.com\/sk\/","logo":{"@type":"ImageObject","inLanguage":"sk-SK","@id":"https:\/\/multi-gyn.com\/sk\/#\/schema\/logo\/image\/","url":"https:\/\/multi-gyn.com\/app\/uploads\/sites\/48\/2023\/06\/multi-gyn-logo.png","contentUrl":"https:\/\/multi-gyn.com\/app\/uploads\/sites\/48\/2023\/06\/multi-gyn-logo.png","width":149,"height":32,"caption":"Multi-Gyn"},"image":{"@id":"https:\/\/multi-gyn.com\/sk\/#\/schema\/logo\/image\/"}}]}},"_links":{"self":[{"href":"https:\/\/multi-gyn.com\/sk\/wp-json\/wp\/v2\/pages\/59","targetHints":{"allow":["GET"]}}],"collection":[{"href":"https:\/\/multi-gyn.com\/sk\/wp-json\/wp\/v2\/pages"}],"about":[{"href":"https:\/\/multi-gyn.com\/sk\/wp-json\/wp\/v2\/types\/page"}],"author":[{"embeddable":true,"href":"https:\/\/multi-gyn.com\/sk\/wp-json\/wp\/v2\/users\/2"}],"replies":[{"embeddable":true,"href":"https:\/\/multi-gyn.com\/sk\/wp-json\/wp\/v2\/comments?post=59"}],"version-history":[{"count":3,"href":"https:\/\/multi-gyn.com\/sk\/wp-json\/wp\/v2\/pages\/59\/revisions"}],"predecessor-version":[{"id":626,"href":"https:\/\/multi-gyn.com\/sk\/wp-json\/wp\/v2\/pages\/59\/revisions\/626"}],"up":[{"embeddable":true,"href":"https:\/\/multi-gyn.com\/sk\/wp-json\/wp\/v2\/pages\/51"}],"wp:attachment":[{"href":"https:\/\/multi-gyn.com\/sk\/wp-json\/wp\/v2\/media?parent=59"}],"wp:term":[{"taxonomy":"from-article-database","embeddable":true,"href":"https:\/\/multi-gyn.com\/sk\/wp-json\/wp\/v2\/from-article-database?post=59"}],"curies":[{"name":"wp","href":"https:\/\/api.w.org\/{rel}","templated":true}]}}