{"id":61,"date":"2023-06-02T09:29:52","date_gmt":"2023-06-02T07:29:52","guid":{"rendered":"https:\/\/multi-gyn.com\/sk\/?page_id=61"},"modified":"2023-09-20T11:49:19","modified_gmt":"2023-09-20T09:49:19","slug":"starostlivost","status":"publish","type":"page","link":"https:\/\/multi-gyn.com\/sk\/posvove-zdravie\/starostlivost\/","title":{"rendered":"Starostlivos\u0165"},"content":{"rendered":"\n<div class=\"wp-block-karopharma-free-text pt-large pb-large bg-center bg-cover bg-no-repeat  is-style-primary\" style=\"background-image:url()\"><div class=\"free-text-wrapper container max-w-medium text-left\">\n<h1 class=\"is-style-heading-large wp-block-heading\">Starostlivos\u0165<\/h1>\n<\/div><\/div>\n\n\n\n<div class=\"wp-block-karopharma-free-text pt-large pb-large bg-center bg-cover bg-no-repeat\" style=\"background-image:url()\"><div class=\"free-text-wrapper container max-w-medium text-left\"><div class=\"menu-nav-list widget widget_nav_menu\">\n            <h3 class=\"widget_title\">Pre\u010d\u00edtajte si \u010dl\u00e1nky<\/h3>\n                <ul class=\"menu\">\n                            <li class=\"menu-item\">\n                    <a href=\"https:\/\/multi-gyn.com\/sk\/posvove-zdravie\/starostlivost\/cvicenia-na-panvove-dno-ci-kegelove-cvicenia-pre-zdravu-posvu\/\" title=\"Cvi\u010denia na panvov\u00e9 dno \u010di Kegelove cviky pre zdrav\u00fa po\u0161vu\">Cvi\u010denia na panvov\u00e9 dno \u010di Kegelove cviky pre zdrav\u00fa po\u0161vu<\/a>\n                <\/li>\n                            <li class=\"menu-item\">\n                    <a href=\"https:\/\/multi-gyn.com\/sk\/posvove-zdravie\/starostlivost\/ovplyvnuju-potraviny-ktore-jem-zdravie-mojej-posvy\/\" title=\"Ovplyv\u0148uj\u00fa potraviny, ktor\u00e9 jem, zdravie mojej po\u0161vy?\">Ovplyv\u0148uj\u00fa potraviny, ktor\u00e9 jem, zdravie mojej po\u0161vy?<\/a>\n                <\/li>\n                            <li class=\"menu-item\">\n                    <a href=\"https:\/\/multi-gyn.com\/sk\/posvove-zdravie\/starostlivost\/su-naparovanie-a-vyplachy-vhodne-pre-posvu\/\" title=\"S\u00fa naparovanie a v\u00fdplachy vhodn\u00e9 pre po\u0161vu?\">S\u00fa naparovanie a v\u00fdplachy vhodn\u00e9 pre po\u0161vu?<\/a>\n                <\/li>\n                            <li class=\"menu-item\">\n                    <a href=\"https:\/\/multi-gyn.com\/sk\/posvove-zdravie\/starostlivost\/intimna-hygiena-menej-je-viac\/\" title=\"Int\u00edmna hygiena \u2013 menej je viac\">Int\u00edmna hygiena \u2013 menej je viac<\/a>\n                <\/li>\n                            <li class=\"menu-item\">\n                    <a href=\"https:\/\/multi-gyn.com\/sk\/posvove-zdravie\/starostlivost\/viete-co-urcuje-spravnu-intimnu-hygienu\/\" title=\"Viete, \u010do ur\u010duje spr\u00e1vnu int\u00edmnu hygienu?\">Viete, \u010do ur\u010duje spr\u00e1vnu int\u00edmnu hygienu?<\/a>\n                <\/li>\n                            <li class=\"menu-item\">\n                    <a href=\"https:\/\/multi-gyn.com\/sk\/posvove-zdravie\/starostlivost\/ako-sa-starat-o-posvu-pocas-leta\/\" title=\"Ako sa stara\u0165 o po\u0161vu po\u010das leta\">Ako sa stara\u0165 o po\u0161vu po\u010das leta<\/a>\n                <\/li>\n                            <li class=\"menu-item\">\n                    <a href=\"https:\/\/multi-gyn.com\/sk\/posvove-zdravie\/starostlivost\/posvova-hygiena\/\" title=\"Po\u0161vov\u00e1 hygiena\">Po\u0161vov\u00e1 hygiena<\/a>\n                <\/li>\n                            <li class=\"menu-item\">\n                    <a href=\"https:\/\/multi-gyn.com\/sk\/posvove-zdravie\/starostlivost\/posvova-hygiena-co-ano-a-co-nie\/\" title=\"Po\u0161vov\u00e1 hygiena, \u010do \u00e1no a \u010do nie?\">Po\u0161vov\u00e1 hygiena, \u010do \u00e1no a \u010do nie?<\/a>\n                <\/li>\n                    <\/ul>\n    <\/div>\n<\/div><\/div>\n","protected":false},"excerpt":{"rendered":"","protected":false},"author":2,"featured_media":0,"parent":51,"menu_order":5,"comment_status":"closed","ping_status":"closed","template":"","meta":{"_acf_changed":false,"footnotes":""},"from-article-database":[],"class_list":["post-61","page","type-page","status-publish","hentry"],"acf":[],"yoast_head":"<!-- This site is optimized with the Yoast SEO plugin v26.6 - https:\/\/yoast.com\/wordpress\/plugins\/seo\/ -->\n<title>Starostlivos\u0165 - Multi-Gyn<\/title>\n<meta name=\"description\" content=\"Pre\u010d\u00edtajte si \u010dl\u00e1nky o Starostlivos\u0165\" \/>\n<meta name=\"robots\" content=\"index, follow, max-snippet:-1, max-image-preview:large, max-video-preview:-1\" \/>\n<link rel=\"canonical\" href=\"https:\/\/multi-gyn.com\/sk\/posvove-zdravie\/starostlivost\/\" \/>\n<meta property=\"og:locale\" content=\"sk_SK\" \/>\n<meta property=\"og:type\" content=\"article\" \/>\n<meta property=\"og:title\" content=\"Starostlivos\u0165 - Multi-Gyn\" \/>\n<meta property=\"og:description\" content=\"Pre\u010d\u00edtajte si \u010dl\u00e1nky o Starostlivos\u0165\" \/>\n<meta property=\"og:url\" content=\"https:\/\/multi-gyn.com\/sk\/posvove-zdravie\/starostlivost\/\" \/>\n<meta property=\"og:site_name\" content=\"Multi-Gyn\" \/>\n<meta property=\"article:modified_time\" content=\"2023-09-20T09:49:19+00:00\" \/>\n<meta name=\"twitter:card\" content=\"summary_large_image\" \/>\n<meta name=\"twitter:label1\" content=\"Predpokladan\u00fd \u010das \u010d\u00edtania\" \/>\n\t<meta name=\"twitter:data1\" content=\"1 min\u00fata\" \/>\n<script type=\"application\/ld+json\" class=\"yoast-schema-graph\">{\"@context\":\"https:\/\/schema.org\",\"@graph\":[{\"@type\":\"WebPage\",\"@id\":\"https:\/\/multi-gyn.com\/sk\/posvove-zdravie\/starostlivost\/\",\"url\":\"https:\/\/multi-gyn.com\/sk\/posvove-zdravie\/starostlivost\/\",\"name\":\"Starostlivos\u0165 - Multi-Gyn\",\"isPartOf\":{\"@id\":\"https:\/\/multi-gyn.com\/sk\/#website\"},\"datePublished\":\"2023-06-02T07:29:52+00:00\",\"dateModified\":\"2023-09-20T09:49:19+00:00\",\"description\":\"Pre\u010d\u00edtajte si \u010dl\u00e1nky o Starostlivos\u0165\",\"breadcrumb\":{\"@id\":\"https:\/\/multi-gyn.com\/sk\/posvove-zdravie\/starostlivost\/#breadcrumb\"},\"inLanguage\":\"sk-SK\",\"potentialAction\":[{\"@type\":\"ReadAction\",\"target\":[\"https:\/\/multi-gyn.com\/sk\/posvove-zdravie\/starostlivost\/\"]}]},{\"@type\":\"BreadcrumbList\",\"@id\":\"https:\/\/multi-gyn.com\/sk\/posvove-zdravie\/starostlivost\/#breadcrumb\",\"itemListElement\":[{\"@type\":\"ListItem\",\"position\":1,\"name\":\"Home\",\"item\":\"https:\/\/multi-gyn.com\/sk\/\"},{\"@type\":\"ListItem\",\"position\":2,\"name\":\"Po\u0161vov\u00e9 zdravie\",\"item\":\"https:\/\/multi-gyn.com\/sk\/posvove-zdravie\/\"},{\"@type\":\"ListItem\",\"position\":3,\"name\":\"Starostlivos\u0165\"}]},{\"@type\":\"WebSite\",\"@id\":\"https:\/\/multi-gyn.com\/sk\/#website\",\"url\":\"https:\/\/multi-gyn.com\/sk\/\",\"name\":\"Multi-Gyn\",\"description\":\"\",\"publisher\":{\"@id\":\"https:\/\/multi-gyn.com\/sk\/#organization\"},\"potentialAction\":[{\"@type\":\"SearchAction\",\"target\":{\"@type\":\"EntryPoint\",\"urlTemplate\":\"https:\/\/multi-gyn.com\/sk\/?s={search_term_string}\"},\"query-input\":{\"@type\":\"PropertyValueSpecification\",\"valueRequired\":true,\"valueName\":\"search_term_string\"}}],\"inLanguage\":\"sk-SK\"},{\"@type\":\"Organization\",\"@id\":\"https:\/\/multi-gyn.com\/sk\/#organization\",\"name\":\"Multi-Gyn\",\"url\":\"https:\/\/multi-gyn.com\/sk\/\",\"logo\":{\"@type\":\"ImageObject\",\"inLanguage\":\"sk-SK\",\"@id\":\"https:\/\/multi-gyn.com\/sk\/#\/schema\/logo\/image\/\",\"url\":\"https:\/\/multi-gyn.com\/app\/uploads\/sites\/48\/2023\/06\/multi-gyn-logo.png\",\"contentUrl\":\"https:\/\/multi-gyn.com\/app\/uploads\/sites\/48\/2023\/06\/multi-gyn-logo.png\",\"width\":149,\"height\":32,\"caption\":\"Multi-Gyn\"},\"image\":{\"@id\":\"https:\/\/multi-gyn.com\/sk\/#\/schema\/logo\/image\/\"}}]}<\/script>\n<!-- \/ Yoast SEO plugin. -->","yoast_head_json":{"title":"Starostlivos\u0165 - Multi-Gyn","description":"Pre\u010d\u00edtajte si \u010dl\u00e1nky o Starostlivos\u0165","robots":{"index":"index","follow":"follow","max-snippet":"max-snippet:-1","max-image-preview":"max-image-preview:large","max-video-preview":"max-video-preview:-1"},"canonical":"https:\/\/multi-gyn.com\/sk\/posvove-zdravie\/starostlivost\/","og_locale":"sk_SK","og_type":"article","og_title":"Starostlivos\u0165 - Multi-Gyn","og_description":"Pre\u010d\u00edtajte si \u010dl\u00e1nky o Starostlivos\u0165","og_url":"https:\/\/multi-gyn.com\/sk\/posvove-zdravie\/starostlivost\/","og_site_name":"Multi-Gyn","article_modified_time":"2023-09-20T09:49:19+00:00","twitter_card":"summary_large_image","twitter_misc":{"Predpokladan\u00fd \u010das \u010d\u00edtania":"1 min\u00fata"},"schema":{"@context":"https:\/\/schema.org","@graph":[{"@type":"WebPage","@id":"https:\/\/multi-gyn.com\/sk\/posvove-zdravie\/starostlivost\/","url":"https:\/\/multi-gyn.com\/sk\/posvove-zdravie\/starostlivost\/","name":"Starostlivos\u0165 - Multi-Gyn","isPartOf":{"@id":"https:\/\/multi-gyn.com\/sk\/#website"},"datePublished":"2023-06-02T07:29:52+00:00","dateModified":"2023-09-20T09:49:19+00:00","description":"Pre\u010d\u00edtajte si \u010dl\u00e1nky o Starostlivos\u0165","breadcrumb":{"@id":"https:\/\/multi-gyn.com\/sk\/posvove-zdravie\/starostlivost\/#breadcrumb"},"inLanguage":"sk-SK","potentialAction":[{"@type":"ReadAction","target":["https:\/\/multi-gyn.com\/sk\/posvove-zdravie\/starostlivost\/"]}]},{"@type":"BreadcrumbList","@id":"https:\/\/multi-gyn.com\/sk\/posvove-zdravie\/starostlivost\/#breadcrumb","itemListElement":[{"@type":"ListItem","position":1,"name":"Home","item":"https:\/\/multi-gyn.com\/sk\/"},{"@type":"ListItem","position":2,"name":"Po\u0161vov\u00e9 zdravie","item":"https:\/\/multi-gyn.com\/sk\/posvove-zdravie\/"},{"@type":"ListItem","position":3,"name":"Starostlivos\u0165"}]},{"@type":"WebSite","@id":"https:\/\/multi-gyn.com\/sk\/#website","url":"https:\/\/multi-gyn.com\/sk\/","name":"Multi-Gyn","description":"","publisher":{"@id":"https:\/\/multi-gyn.com\/sk\/#organization"},"potentialAction":[{"@type":"SearchAction","target":{"@type":"EntryPoint","urlTemplate":"https:\/\/multi-gyn.com\/sk\/?s={search_term_string}"},"query-input":{"@type":"PropertyValueSpecification","valueRequired":true,"valueName":"search_term_string"}}],"inLanguage":"sk-SK"},{"@type":"Organization","@id":"https:\/\/multi-gyn.com\/sk\/#organization","name":"Multi-Gyn","url":"https:\/\/multi-gyn.com\/sk\/","logo":{"@type":"ImageObject","inLanguage":"sk-SK","@id":"https:\/\/multi-gyn.com\/sk\/#\/schema\/logo\/image\/","url":"https:\/\/multi-gyn.com\/app\/uploads\/sites\/48\/2023\/06\/multi-gyn-logo.png","contentUrl":"https:\/\/multi-gyn.com\/app\/uploads\/sites\/48\/2023\/06\/multi-gyn-logo.png","width":149,"height":32,"caption":"Multi-Gyn"},"image":{"@id":"https:\/\/multi-gyn.com\/sk\/#\/schema\/logo\/image\/"}}]}},"_links":{"self":[{"href":"https:\/\/multi-gyn.com\/sk\/wp-json\/wp\/v2\/pages\/61","targetHints":{"allow":["GET"]}}],"collection":[{"href":"https:\/\/multi-gyn.com\/sk\/wp-json\/wp\/v2\/pages"}],"about":[{"href":"https:\/\/multi-gyn.com\/sk\/wp-json\/wp\/v2\/types\/page"}],"author":[{"embeddable":true,"href":"https:\/\/multi-gyn.com\/sk\/wp-json\/wp\/v2\/users\/2"}],"replies":[{"embeddable":true,"href":"https:\/\/multi-gyn.com\/sk\/wp-json\/wp\/v2\/comments?post=61"}],"version-history":[{"count":2,"href":"https:\/\/multi-gyn.com\/sk\/wp-json\/wp\/v2\/pages\/61\/revisions"}],"predecessor-version":[{"id":457,"href":"https:\/\/multi-gyn.com\/sk\/wp-json\/wp\/v2\/pages\/61\/revisions\/457"}],"up":[{"embeddable":true,"href":"https:\/\/multi-gyn.com\/sk\/wp-json\/wp\/v2\/pages\/51"}],"wp:attachment":[{"href":"https:\/\/multi-gyn.com\/sk\/wp-json\/wp\/v2\/media?parent=61"}],"wp:term":[{"taxonomy":"from-article-database","embeddable":true,"href":"https:\/\/multi-gyn.com\/sk\/wp-json\/wp\/v2\/from-article-database?post=61"}],"curies":[{"name":"wp","href":"https:\/\/api.w.org\/{rel}","templated":true}]}}