{"id":63,"date":"2023-06-02T09:30:45","date_gmt":"2023-06-02T07:30:45","guid":{"rendered":"https:\/\/multi-gyn.com\/sk\/?page_id=63"},"modified":"2023-09-20T11:49:17","modified_gmt":"2023-09-20T09:49:17","slug":"moze-fyzicka-namaha-cvicenie-sposobit-bolest-posvy","status":"publish","type":"page","link":"https:\/\/multi-gyn.com\/sk\/posvove-zdravie\/hlavna\/moze-fyzicka-namaha-cvicenie-sposobit-bolest-posvy\/","title":{"rendered":"M\u00f4\u017ee fyzick\u00e1 n\u00e1maha (cvi\u010denie) sp\u00f4sobi\u0165 boles\u0165 po\u0161vy?"},"content":{"rendered":"\n<div class=\"wp-block-karopharma-free-text pt-large pb-large bg-center bg-cover bg-no-repeat  is-style-primary\" style=\"background-image:url()\"><div class=\"free-text-wrapper container max-w-medium text-left\">\n<h1 class=\"is-style-heading-large wp-block-heading\">M\u00f4\u017ee fyzick\u00e1 n\u00e1maha (cvi\u010denie) sp\u00f4sobi\u0165 boles\u0165 po\u0161vy?<\/h1>\n\n\n\n<p class=\"is-style-paragraph-preamble\">Cvi\u010denie vytv\u00e1ra podmienky, ktor\u00e9 m\u00f4\u017eu sp\u00f4sobi\u0165 podr\u00e1\u017edenie po\u0161vy a umo\u017eni\u0165 \u0161kodliv\u00fdm mikr\u00f3bom ich rozmno\u017eenie. Ak V\u00e1s tr\u00e1pia probl\u00e9my s boles\u0165ou po\u0161vy po\u010das alebo po fyzickej aktivite, nemajte obavy, p\u00e1r jednoduch\u00fdch zmien V\u00e1m dok\u00e1\u017ee pom\u00f4c\u0165. Nedovo\u013ete bolesti a podr\u00e1\u017edeniu po\u0161vy znemo\u017eni\u0165 V\u00e1m n\u00e1v\u0161tevy posil\u0148ovne.<\/p>\n<\/div><\/div>\n\n\n\n<div class=\"wp-block-karopharma-free-text pt-large pb-large bg-center bg-cover bg-no-repeat\" style=\"background-image:url()\"><div class=\"free-text-wrapper container max-w-medium text-left\">\n<h2 class=\"is-style-heading-h2 wp-block-heading\">Ak\u00e9 s\u00fa naj\u010dastej\u0161ie pr\u00ed\u010diny bolesti po\u0161vy sp\u00f4soben\u00e9 cvi\u010den\u00edm?<\/h2>\n\n\n\n<p>Vo v\u0161eobecnosti s\u00fa boles\u0165, za\u010dervenanie, opuch a svrbenie naj\u010dastej\u0161\u00edmi probl\u00e9mami spojen\u00fdmi s podr\u00e1\u017eden\u00edm po\u0161vy pri cvi\u010den\u00ed.<\/p>\n\n\n\n<p>Tieto probl\u00e9my b\u00fdvaj\u00fa \u010dasto spojen\u00e9 s nosen\u00edm obtiahnut\u00e9ho, nevhodn\u00e9ho \u010di syntetick\u00e9ho \u0161portov\u00e9ho oble\u010denia, ktor\u00e9 zadr\u017euje pot a vlhkos\u0165 a m\u00f4\u017ee sp\u00f4sobi\u0165 bolesti po\u0161vy z trenia \u010di tlaku. Ak sa venujete aerobiku, behu, joge, bicyklovaniu \u010di spinningu, nevhodn\u00e9 oble\u010denie tla\u010d\u00ed a odiera Va\u0161u vulvu. To tvor\u00ed trenie, ktor\u00e9 m\u00f4\u017ee po\u0161kodi\u0165 a podr\u00e1\u017edi\u0165 citliv\u00fa poko\u017eku Va\u0161ej int\u00edmnej oblasti.<\/p>\n\n\n\n<p>Mo\u017eno ste si v\u0161imli zv\u00fd\u0161en\u00e9 mno\u017estvo po\u0161vov\u00e9ho v\u00fdtoku po\u010das a po cvi\u010den\u00ed. Je to norm\u00e1lny jav. Mnoho \u017eien sa v int\u00edmnej oblasti po\u010das cvi\u010denia nadmerne pot\u00ed. Ak k tomu Va\u0161e \u0161portov\u00e9 oble\u010denie nie je priedu\u0161n\u00e9 a neumo\u017e\u0148uje poko\u017eke d\u00fdchanie, udr\u017euje tak vlhkos\u0165, \u010do m\u00f4\u017ee podr\u00e1\u017edenie poko\u017eky e\u0161te zhor\u0161i\u0165 a vytvori\u0165 tak ide\u00e1lne podmienky pre po\u0161vov\u00e9 bakteri\u00e1lne infekcie.<\/p>\n\n\n\n<p>Po\u0161vov\u00e9 kvasinkov\u00e9 infekcie miluj\u00fa tepl\u00e9 a vlhk\u00e9 prostredie. Ak m\u00e1te probl\u00e9my so svrben\u00edm a z\u00e1rove\u0148 hust\u00fd, biely, hrudkovit\u00fd v\u00fdtok, pravdepodobne sa jedn\u00e1 o kvasinkov\u00fa infekciu. In\u00e9 bakteri\u00e1lne infekcie ako BV (bakteri\u00e1lna vagin\u00f3za) s\u00fa spojen\u00e9 so sivast\u00fdm v\u00fdtokom a nepr\u00edjemn\u00fdm rybac\u00edm z\u00e1pachom. Ak sa u V\u00e1s tieto pr\u00edznaky prejavia, rozhodne ich netreba necha\u0165 bez pov\u0161imnutia \u2013 <strong>daj\u00fa sa jednoducho vylie\u010di\u0165 aj pomocou pr\u00edpravkov na samostarostlivos\u0165<\/strong>.<\/p>\n\n\n\n<p>Len prostredn\u00edctvom nieko\u013ek\u00fdch zmien a dobrej hygieny pred a po cvi\u010den\u00ed sa takmer v\u0161etk\u00fdm spom\u00ednan\u00fdm po\u0161vov\u00fdm probl\u00e9mom spojen\u00fdch s fyzickou aktivitou m\u00f4\u017eete vyhn\u00fa\u0165.<\/p>\n\n\n\n<h2 class=\"is-style-heading-h2 wp-block-heading\">Urobte tieto jednoduch\u00e9 zmeny a vyhnite sa po\u0161vovej bolesti sp\u00f4sobenej cvi\u010den\u00edm.<\/h2>\n\n\n\n<h3 class=\"is-style-heading-h4 wp-block-heading\">Noste vhodn\u00e9 \u0161portov\u00e9 oble\u010denie:<\/h3>\n\n\n\n<p>Syntetick\u00e9 obtiahnut\u00e9 leg\u00edny alebo nohavice s\u00fa mo\u017eno Va\u0161e ob\u013e\u00faben\u00e9, ale mnoh\u00e9 z nich nie s\u00fa vyroben\u00e9 zo vzdu\u0161n\u00fdch materi\u00e1lov a m\u00f4\u017eu sp\u00f4sobi\u0165 trenie po\u010das cvi\u010denia. Vo\u013enej\u0161ie oble\u010denie vyroben\u00e9 z pr\u00edrodn\u00fdch materi\u00e1lov, ktor\u00e9 odv\u00e1dzaj\u00fa vlhkos\u0165 a umo\u017e\u0148uj\u00fa potu vyparenie, je pre V\u00e1s rozhodne lep\u0161\u00edm variantom. Z\u00e1rove\u0148 sa pok\u00faste vyhn\u00fa\u0165 tang\u00e1m a noste rad\u0161ej bavlnen\u00fa spodn\u00fa bielize\u0148. Ak predsa len trv\u00e1te na obtiahnut\u00fdch nohaviciach, vyberte si aspo\u0148 tak\u00e9, ktor\u00e9 s\u00fa vyroben\u00e9 z mixu bavlny alebo in\u00e9ho vzdu\u0161n\u00e9ho \u010di pr\u00edrodn\u00e9ho materi\u00e1lu.<\/p>\n\n\n\n<h3 class=\"is-style-heading-h4 wp-block-heading\">Udr\u017eujte ju v \u010distote!<\/h3>\n\n\n\n<p>Ak je to mo\u017en\u00e9, osprchujte sa ihne\u010f po cvi\u010den\u00ed. Ak v posil\u0148ovni tak\u00e1 mo\u017enos\u0165 nie je, jemne poutierajte svoju po\u0161vu a sk\u00f4r ne\u017e p\u00f4jdete domov si prepoten\u00e9 oble\u010denie a spodn\u00fa bielize\u0148 prezle\u010dte. Svoju po\u0161vu udr\u017eujte v \u010distote za ka\u017ed\u00fdch okolnost\u00ed.<\/p>\n\n\n\n<h3 class=\"is-style-heading-h4 wp-block-heading\">Aplikujte ochrann\u00fd kr\u00e9m alebo balzam:<\/h3>\n\n\n\n<p>Jeho aplik\u00e1cia m\u00f4\u017ee pom\u00f4c\u0165 zabr\u00e1ni\u0165 pop\u00e1lenin\u00e1m z trenia v int\u00edmnej oblasti. P\u00fadre u\u017e ve\u013emi odpor\u00fa\u010dan\u00e9 nie s\u00fa. V porovnan\u00ed s nimi s\u00fa viac \u00fa\u010dinn\u00e9 mastn\u00e9 kr\u00e9my podobnej konzistencie ako vazel\u00edna. Tak\u00e9to pr\u00edpravky je potrebn\u00e9 aplikova\u0165 pred cvi\u010den\u00edm. Po \u0148om aplikujte Multi-Gyn kompresy, ktor\u00e9 poskytn\u00fa Va\u0161ej vonkaj\u0161ej int\u00edmnej oblasti okam\u017eit\u00fa chladiv\u00fa \u00fa\u013eavu.<\/p>\n\n\n\n<h3 class=\"is-style-heading-h4 wp-block-heading\">Vysk\u00fa\u0161ajte nie\u010do in\u00e9:<\/h3>\n\n\n\n<p>Bicyklovanie vytv\u00e1ra zbyto\u010dne ve\u013ek\u00fd tlak na vulvu, tak pre\u010do nesk\u00fasi\u0165 aj in\u00e9 aktivity? Mo\u017eno sa pri nich Va\u0161e probl\u00e9my zmiernia.<\/p>\n\n\n\n<h3 class=\"is-style-heading-h4 wp-block-heading\">Neignorujte Va\u0161e probl\u00e9my:<\/h3>\n\n\n\n<p>Niektor\u00e9 druhy svrbenia \u010di podr\u00e1\u017edenia po n\u00e1ro\u010dnom tr\u00e9ningu s\u00fa norm\u00e1lne. Ak v\u0161ak tieto probl\u00e9my pretrv\u00e1vaj\u00fa, ne\u010dakajte, k\u00fdm samy odznej\u00fa. Mo\u017eno m\u00e1te bakteri\u00e1lnu infekciu.<\/p>\n<\/div><\/div>\n","protected":false},"excerpt":{"rendered":"","protected":false},"author":2,"featured_media":0,"parent":53,"menu_order":1,"comment_status":"closed","ping_status":"closed","template":"","meta":{"_acf_changed":false,"footnotes":""},"from-article-database":[],"class_list":["post-63","page","type-page","status-publish","hentry"],"acf":[],"yoast_head":"<!-- This site is optimized with the Yoast SEO plugin v26.6 - https:\/\/yoast.com\/wordpress\/plugins\/seo\/ -->\n<title>M\u00f4\u017ee fyzick\u00e1 n\u00e1maha (cvi\u010denie) sp\u00f4sobi\u0165 boles\u0165 po\u0161vy? - Multi-Gyn<\/title>\n<meta name=\"description\" content=\"Cvi\u010denie vytv\u00e1ra podmienky, ktor\u00e9 m\u00f4\u017eu sp\u00f4sobi\u0165 podr\u00e1\u017edenie po\u0161vy a umo\u017eni\u0165 \u0161kodliv\u00fdm mikr\u00f3bom ich rozmno\u017eenie.\" \/>\n<meta name=\"robots\" content=\"index, follow, max-snippet:-1, max-image-preview:large, max-video-preview:-1\" \/>\n<link rel=\"canonical\" href=\"https:\/\/multi-gyn.com\/sk\/posvove-zdravie\/hlavna\/moze-fyzicka-namaha-cvicenie-sposobit-bolest-posvy\/\" \/>\n<meta property=\"og:locale\" content=\"sk_SK\" \/>\n<meta property=\"og:type\" content=\"article\" \/>\n<meta property=\"og:title\" content=\"M\u00f4\u017ee fyzick\u00e1 n\u00e1maha (cvi\u010denie) sp\u00f4sobi\u0165 boles\u0165 po\u0161vy? - Multi-Gyn\" \/>\n<meta property=\"og:description\" content=\"Cvi\u010denie vytv\u00e1ra podmienky, ktor\u00e9 m\u00f4\u017eu sp\u00f4sobi\u0165 podr\u00e1\u017edenie po\u0161vy a umo\u017eni\u0165 \u0161kodliv\u00fdm mikr\u00f3bom ich rozmno\u017eenie.\" \/>\n<meta property=\"og:url\" content=\"https:\/\/multi-gyn.com\/sk\/posvove-zdravie\/hlavna\/moze-fyzicka-namaha-cvicenie-sposobit-bolest-posvy\/\" \/>\n<meta property=\"og:site_name\" content=\"Multi-Gyn\" \/>\n<meta property=\"article:modified_time\" content=\"2023-09-20T09:49:17+00:00\" \/>\n<meta name=\"twitter:card\" content=\"summary_large_image\" \/>\n<meta name=\"twitter:label1\" content=\"Predpokladan\u00fd \u010das \u010d\u00edtania\" \/>\n\t<meta name=\"twitter:data1\" content=\"3 min\u00faty\" \/>\n<script type=\"application\/ld+json\" class=\"yoast-schema-graph\">{\"@context\":\"https:\/\/schema.org\",\"@graph\":[{\"@type\":\"WebPage\",\"@id\":\"https:\/\/multi-gyn.com\/sk\/posvove-zdravie\/hlavna\/moze-fyzicka-namaha-cvicenie-sposobit-bolest-posvy\/\",\"url\":\"https:\/\/multi-gyn.com\/sk\/posvove-zdravie\/hlavna\/moze-fyzicka-namaha-cvicenie-sposobit-bolest-posvy\/\",\"name\":\"M\u00f4\u017ee fyzick\u00e1 n\u00e1maha (cvi\u010denie) sp\u00f4sobi\u0165 boles\u0165 po\u0161vy? - Multi-Gyn\",\"isPartOf\":{\"@id\":\"https:\/\/multi-gyn.com\/sk\/#website\"},\"datePublished\":\"2023-06-02T07:30:45+00:00\",\"dateModified\":\"2023-09-20T09:49:17+00:00\",\"description\":\"Cvi\u010denie vytv\u00e1ra podmienky, ktor\u00e9 m\u00f4\u017eu sp\u00f4sobi\u0165 podr\u00e1\u017edenie po\u0161vy a umo\u017eni\u0165 \u0161kodliv\u00fdm mikr\u00f3bom ich rozmno\u017eenie.\",\"breadcrumb\":{\"@id\":\"https:\/\/multi-gyn.com\/sk\/posvove-zdravie\/hlavna\/moze-fyzicka-namaha-cvicenie-sposobit-bolest-posvy\/#breadcrumb\"},\"inLanguage\":\"sk-SK\",\"potentialAction\":[{\"@type\":\"ReadAction\",\"target\":[\"https:\/\/multi-gyn.com\/sk\/posvove-zdravie\/hlavna\/moze-fyzicka-namaha-cvicenie-sposobit-bolest-posvy\/\"]}]},{\"@type\":\"BreadcrumbList\",\"@id\":\"https:\/\/multi-gyn.com\/sk\/posvove-zdravie\/hlavna\/moze-fyzicka-namaha-cvicenie-sposobit-bolest-posvy\/#breadcrumb\",\"itemListElement\":[{\"@type\":\"ListItem\",\"position\":1,\"name\":\"Home\",\"item\":\"https:\/\/multi-gyn.com\/sk\/\"},{\"@type\":\"ListItem\",\"position\":2,\"name\":\"Po\u0161vov\u00e9 zdravie\",\"item\":\"https:\/\/multi-gyn.com\/sk\/posvove-zdravie\/\"},{\"@type\":\"ListItem\",\"position\":3,\"name\":\"Hlavn\u00e1\",\"item\":\"https:\/\/multi-gyn.com\/sk\/posvove-zdravie\/hlavna\/\"},{\"@type\":\"ListItem\",\"position\":4,\"name\":\"M\u00f4\u017ee fyzick\u00e1 n\u00e1maha (cvi\u010denie) sp\u00f4sobi\u0165 boles\u0165 po\u0161vy?\"}]},{\"@type\":\"WebSite\",\"@id\":\"https:\/\/multi-gyn.com\/sk\/#website\",\"url\":\"https:\/\/multi-gyn.com\/sk\/\",\"name\":\"Multi-Gyn\",\"description\":\"\",\"publisher\":{\"@id\":\"https:\/\/multi-gyn.com\/sk\/#organization\"},\"potentialAction\":[{\"@type\":\"SearchAction\",\"target\":{\"@type\":\"EntryPoint\",\"urlTemplate\":\"https:\/\/multi-gyn.com\/sk\/?s={search_term_string}\"},\"query-input\":{\"@type\":\"PropertyValueSpecification\",\"valueRequired\":true,\"valueName\":\"search_term_string\"}}],\"inLanguage\":\"sk-SK\"},{\"@type\":\"Organization\",\"@id\":\"https:\/\/multi-gyn.com\/sk\/#organization\",\"name\":\"Multi-Gyn\",\"url\":\"https:\/\/multi-gyn.com\/sk\/\",\"logo\":{\"@type\":\"ImageObject\",\"inLanguage\":\"sk-SK\",\"@id\":\"https:\/\/multi-gyn.com\/sk\/#\/schema\/logo\/image\/\",\"url\":\"https:\/\/multi-gyn.com\/app\/uploads\/sites\/48\/2023\/06\/multi-gyn-logo.png\",\"contentUrl\":\"https:\/\/multi-gyn.com\/app\/uploads\/sites\/48\/2023\/06\/multi-gyn-logo.png\",\"width\":149,\"height\":32,\"caption\":\"Multi-Gyn\"},\"image\":{\"@id\":\"https:\/\/multi-gyn.com\/sk\/#\/schema\/logo\/image\/\"}}]}<\/script>\n<!-- \/ Yoast SEO plugin. -->","yoast_head_json":{"title":"M\u00f4\u017ee fyzick\u00e1 n\u00e1maha (cvi\u010denie) sp\u00f4sobi\u0165 boles\u0165 po\u0161vy? - Multi-Gyn","description":"Cvi\u010denie vytv\u00e1ra podmienky, ktor\u00e9 m\u00f4\u017eu sp\u00f4sobi\u0165 podr\u00e1\u017edenie po\u0161vy a umo\u017eni\u0165 \u0161kodliv\u00fdm mikr\u00f3bom ich rozmno\u017eenie.","robots":{"index":"index","follow":"follow","max-snippet":"max-snippet:-1","max-image-preview":"max-image-preview:large","max-video-preview":"max-video-preview:-1"},"canonical":"https:\/\/multi-gyn.com\/sk\/posvove-zdravie\/hlavna\/moze-fyzicka-namaha-cvicenie-sposobit-bolest-posvy\/","og_locale":"sk_SK","og_type":"article","og_title":"M\u00f4\u017ee fyzick\u00e1 n\u00e1maha (cvi\u010denie) sp\u00f4sobi\u0165 boles\u0165 po\u0161vy? - Multi-Gyn","og_description":"Cvi\u010denie vytv\u00e1ra podmienky, ktor\u00e9 m\u00f4\u017eu sp\u00f4sobi\u0165 podr\u00e1\u017edenie po\u0161vy a umo\u017eni\u0165 \u0161kodliv\u00fdm mikr\u00f3bom ich rozmno\u017eenie.","og_url":"https:\/\/multi-gyn.com\/sk\/posvove-zdravie\/hlavna\/moze-fyzicka-namaha-cvicenie-sposobit-bolest-posvy\/","og_site_name":"Multi-Gyn","article_modified_time":"2023-09-20T09:49:17+00:00","twitter_card":"summary_large_image","twitter_misc":{"Predpokladan\u00fd \u010das \u010d\u00edtania":"3 min\u00faty"},"schema":{"@context":"https:\/\/schema.org","@graph":[{"@type":"WebPage","@id":"https:\/\/multi-gyn.com\/sk\/posvove-zdravie\/hlavna\/moze-fyzicka-namaha-cvicenie-sposobit-bolest-posvy\/","url":"https:\/\/multi-gyn.com\/sk\/posvove-zdravie\/hlavna\/moze-fyzicka-namaha-cvicenie-sposobit-bolest-posvy\/","name":"M\u00f4\u017ee fyzick\u00e1 n\u00e1maha (cvi\u010denie) sp\u00f4sobi\u0165 boles\u0165 po\u0161vy? - Multi-Gyn","isPartOf":{"@id":"https:\/\/multi-gyn.com\/sk\/#website"},"datePublished":"2023-06-02T07:30:45+00:00","dateModified":"2023-09-20T09:49:17+00:00","description":"Cvi\u010denie vytv\u00e1ra podmienky, ktor\u00e9 m\u00f4\u017eu sp\u00f4sobi\u0165 podr\u00e1\u017edenie po\u0161vy a umo\u017eni\u0165 \u0161kodliv\u00fdm mikr\u00f3bom ich rozmno\u017eenie.","breadcrumb":{"@id":"https:\/\/multi-gyn.com\/sk\/posvove-zdravie\/hlavna\/moze-fyzicka-namaha-cvicenie-sposobit-bolest-posvy\/#breadcrumb"},"inLanguage":"sk-SK","potentialAction":[{"@type":"ReadAction","target":["https:\/\/multi-gyn.com\/sk\/posvove-zdravie\/hlavna\/moze-fyzicka-namaha-cvicenie-sposobit-bolest-posvy\/"]}]},{"@type":"BreadcrumbList","@id":"https:\/\/multi-gyn.com\/sk\/posvove-zdravie\/hlavna\/moze-fyzicka-namaha-cvicenie-sposobit-bolest-posvy\/#breadcrumb","itemListElement":[{"@type":"ListItem","position":1,"name":"Home","item":"https:\/\/multi-gyn.com\/sk\/"},{"@type":"ListItem","position":2,"name":"Po\u0161vov\u00e9 zdravie","item":"https:\/\/multi-gyn.com\/sk\/posvove-zdravie\/"},{"@type":"ListItem","position":3,"name":"Hlavn\u00e1","item":"https:\/\/multi-gyn.com\/sk\/posvove-zdravie\/hlavna\/"},{"@type":"ListItem","position":4,"name":"M\u00f4\u017ee fyzick\u00e1 n\u00e1maha (cvi\u010denie) sp\u00f4sobi\u0165 boles\u0165 po\u0161vy?"}]},{"@type":"WebSite","@id":"https:\/\/multi-gyn.com\/sk\/#website","url":"https:\/\/multi-gyn.com\/sk\/","name":"Multi-Gyn","description":"","publisher":{"@id":"https:\/\/multi-gyn.com\/sk\/#organization"},"potentialAction":[{"@type":"SearchAction","target":{"@type":"EntryPoint","urlTemplate":"https:\/\/multi-gyn.com\/sk\/?s={search_term_string}"},"query-input":{"@type":"PropertyValueSpecification","valueRequired":true,"valueName":"search_term_string"}}],"inLanguage":"sk-SK"},{"@type":"Organization","@id":"https:\/\/multi-gyn.com\/sk\/#organization","name":"Multi-Gyn","url":"https:\/\/multi-gyn.com\/sk\/","logo":{"@type":"ImageObject","inLanguage":"sk-SK","@id":"https:\/\/multi-gyn.com\/sk\/#\/schema\/logo\/image\/","url":"https:\/\/multi-gyn.com\/app\/uploads\/sites\/48\/2023\/06\/multi-gyn-logo.png","contentUrl":"https:\/\/multi-gyn.com\/app\/uploads\/sites\/48\/2023\/06\/multi-gyn-logo.png","width":149,"height":32,"caption":"Multi-Gyn"},"image":{"@id":"https:\/\/multi-gyn.com\/sk\/#\/schema\/logo\/image\/"}}]}},"_links":{"self":[{"href":"https:\/\/multi-gyn.com\/sk\/wp-json\/wp\/v2\/pages\/63","targetHints":{"allow":["GET"]}}],"collection":[{"href":"https:\/\/multi-gyn.com\/sk\/wp-json\/wp\/v2\/pages"}],"about":[{"href":"https:\/\/multi-gyn.com\/sk\/wp-json\/wp\/v2\/types\/page"}],"author":[{"embeddable":true,"href":"https:\/\/multi-gyn.com\/sk\/wp-json\/wp\/v2\/users\/2"}],"replies":[{"embeddable":true,"href":"https:\/\/multi-gyn.com\/sk\/wp-json\/wp\/v2\/comments?post=63"}],"version-history":[{"count":3,"href":"https:\/\/multi-gyn.com\/sk\/wp-json\/wp\/v2\/pages\/63\/revisions"}],"predecessor-version":[{"id":518,"href":"https:\/\/multi-gyn.com\/sk\/wp-json\/wp\/v2\/pages\/63\/revisions\/518"}],"up":[{"embeddable":true,"href":"https:\/\/multi-gyn.com\/sk\/wp-json\/wp\/v2\/pages\/53"}],"wp:attachment":[{"href":"https:\/\/multi-gyn.com\/sk\/wp-json\/wp\/v2\/media?parent=63"}],"wp:term":[{"taxonomy":"from-article-database","embeddable":true,"href":"https:\/\/multi-gyn.com\/sk\/wp-json\/wp\/v2\/from-article-database?post=63"}],"curies":[{"name":"wp","href":"https:\/\/api.w.org\/{rel}","templated":true}]}}