{"id":65,"date":"2023-06-02T09:31:00","date_gmt":"2023-06-02T07:31:00","guid":{"rendered":"https:\/\/multi-gyn.com\/sk\/?page_id=65"},"modified":"2023-09-20T11:49:15","modified_gmt":"2023-09-20T09:49:15","slug":"menopauza-a-jej-priznaky","status":"publish","type":"page","link":"https:\/\/multi-gyn.com\/sk\/posvove-zdravie\/hlavna\/menopauza-a-jej-priznaky\/","title":{"rendered":"Menopauza a jej pr\u00edznaky"},"content":{"rendered":"\n<div class=\"wp-block-karopharma-free-text pt-large pb-large bg-center bg-cover bg-no-repeat  is-style-primary\" style=\"background-image:url()\"><div class=\"free-text-wrapper container max-w-medium text-left\">\n<h1 class=\"is-style-heading-large wp-block-heading\">Menopauza a jej pr\u00edznaky<\/h1>\n\n\n\n<p class=\"is-style-paragraph-preamble\">Menopauza je prirodzen\u00fdm obdob\u00edm \u017eivota \u017eeny \u2013 znamen\u00e1 koniec \u017eensk\u00e9ho plodn\u00e9ho obdobia a doch\u00e1dza k nej z d\u00f4vodu prirodzen\u00e9ho procesu starnutia, po ur\u010dit\u00fdch chirurgick\u00fdch z\u00e1krokoch alebo po lie\u010dbe ur\u010dit\u00fdmi pr\u00edpravkami.<\/p>\n<\/div><\/div>\n\n\n\n<div class=\"wp-block-karopharma-free-text pt-large pb-large bg-center bg-cover bg-no-repeat\" style=\"background-image:url()\"><div class=\"free-text-wrapper container max-w-medium text-left\">\n<p>Menopauza je sp\u00f4soben\u00e1 poklesom hlad\u00edn \u017eensk\u00fdch pohlavn\u00fdch horm\u00f3nov, estrog\u00e9nu a progester\u00f3nu, ktor\u00e9 prestan\u00fa by\u0165 produkovan\u00e9 vaje\u010dn\u00edkmi. V\u00e4\u010d\u0161inou je jej prv\u00fdm pr\u00edznakom nepravideln\u00fd men\u0161trua\u010dn\u00fd cyklus \u2013 m\u00f4\u017eete si v\u0161imn\u00fa\u0165 aj zmenu mno\u017estva men\u0161trua\u010dnej krvi, ale \u010dastej\u0161ie doch\u00e1dza k zmene \u010dastosti opakovania men\u0161tru\u00e1cie (\u010dastej\u0161ie sa opakuj\u00faca, alebo naopak, menej \u010dasto), a\u017e k\u00fdm neprestane \u00faplne.<\/p>\n\n\n\n<p>T\u00e1to f\u00e1za sa naz\u00fdva perimenopauza a jej pr\u00edznaky m\u00f4\u017eu pretrv\u00e1va\u0165 aj po tom, \u010do men\u0161trua\u010dn\u00fd cyklus skon\u010d\u00ed. V\u00e4\u010d\u0161ina \u017eien za\u017e\u00edva charakteristick\u00e9 pr\u00edznaky men\u0161tru\u00e1cie aj nieko\u013eko rokov po jej ukon\u010den\u00ed.<\/p>\n\n\n\n<h3 class=\"is-style-heading-h4 wp-block-heading\">Pozrite sa na zoznam pr\u00edznakov, ktor\u00e9 sa m\u00f4\u017eu vyskytova\u0165 po\u010das menopauzy:<\/h3>\n\n\n\n<ul class=\"is-style-default wp-block-list\"><li>Po\u0161vov\u00e1 suchos\u0165, svrbenie, p\u00e1lenie a boles\u0165 \u2013 tieto probl\u00e9my m\u00f4\u017eu v\u00e1\u017ene ovplyvni\u0165 kvalitu \u017eivota, sp\u00f4sobova\u0165 nadmern\u00e9 trenie a boles\u0165 po\u010das cvi\u010denia, ch\u00f4dze alebo pohlavn\u00e9ho styku. Po\u0161vov\u00fd pr\u00edpravok na zvlh\u010denie m\u00f4\u017ee poskytn\u00fa\u0165 dlhotrvaj\u00facu \u00fa\u013eavu a umo\u017eni\u0165 V\u00e1m znova si u\u017e\u00edva\u0165 ob\u013e\u00faben\u00e9 aktivity bez nepr\u00edjemnost\u00ed a bolesti v int\u00edmnej oblasti. Tie\u017e m\u00f4\u017eete pred pohlavn\u00fdm stykom pou\u017ei\u0165 lubrikant, ale pam\u00e4tajte, \u017ee na rozdiel od pr\u00edpravku na zvlh\u010denie, lubrikanty poskytuj\u00fa len kr\u00e1tkodob\u00fa \u00fa\u013eavu.<\/li><li>Zn\u00ed\u017een\u00e9 libido \u2013 \u010dasto sa vyskytuje spolu s po\u0161vovou suchos\u0165ou a tie\u017e m\u00f4\u017ee d\u00f4js\u0165 k jeho zlep\u0161eniu pou\u017e\u00edvan\u00edm lubrikantu alebo po\u0161vov\u00e9ho pr\u00edpravku na zvlh\u010denie<\/li><li>N\u00e1valy tepla \u2013 n\u00e1hle pocity tepla oblievaj\u00face tv\u00e1r, krk a hru\u010f, vytv\u00e1raj\u00face za\u010dervenanie poko\u017eky<\/li><li>No\u010dn\u00e9 potenie \u2013 jedn\u00e1 sa o n\u00e1valy tepla po\u010das noci<\/li><li>Probl\u00e9my so sp\u00e1nkom \u2013 preb\u00fadzanie sa po\u010das noci, nepokojn\u00fd sp\u00e1nok \u010di nespavos\u0165<\/li><li>Bolesti hlavy<\/li><li>Zmeny n\u00e1lad<\/li><li>Podr\u00e1\u017edenos\u0165, \u00fazkos\u0165 a depresie<\/li><li>Probl\u00e9my s koncentr\u00e1ciou a v\u00fdpadky pam\u00e4te<\/li><li>\u00danava<\/li><li>Z\u00e1vrate<\/li><li>B\u00fa\u0161enie srdca<\/li><li>Bolesti k\u013abov a stuhnutos\u0165<\/li><li>Redukcia svalovej hmoty<\/li><li>Zhor\u0161en\u00e9 dr\u017eanie tela a v\u00e4\u010d\u0161ie riziko zlomen\u00edn kost\u00ed v d\u00f4sledku osteopor\u00f3zy<\/li><li>Infekcie mo\u010dov\u00fdch ciest<\/li><li>Vypad\u00e1vanie vlasov a krehk\u00e9 nechty<\/li><li>Zv\u00fd\u0161enie telesnej hmotnosti<\/li><li>Mo\u010dov\u00e1 inkontinencia<\/li><li>Opuchy<\/li><\/ul>\n\n\n\n<p>Porozpr\u00e1vajte sa s gynekol\u00f3gom a n\u00e1jdite s n\u00edm vhodn\u00fd sp\u00f4sob rie\u0161enia Va\u0161ich probl\u00e9mov. Existuje mnoho mo\u017enost\u00ed, ktor\u00e9 V\u00e1m pom\u00f4\u017eu zbavi\u0165 sa pr\u00edznakov menopauzy a umo\u017enia u\u017e\u00edva\u0165 si \u017eivot naplno.<\/p>\n<\/div><\/div>\n","protected":false},"excerpt":{"rendered":"","protected":false},"author":2,"featured_media":0,"parent":53,"menu_order":2,"comment_status":"closed","ping_status":"closed","template":"","meta":{"_acf_changed":false,"footnotes":""},"from-article-database":[],"class_list":["post-65","page","type-page","status-publish","hentry"],"acf":[],"yoast_head":"<!-- This site is optimized with the Yoast SEO plugin v26.6 - https:\/\/yoast.com\/wordpress\/plugins\/seo\/ -->\n<title>Menopauza a jej pr\u00edznaky - Multi-Gyn<\/title>\n<meta name=\"description\" content=\"Menopauza je prirodzen\u00fdm obdob\u00edm \u017eivota \u017eeny \u2013 znamen\u00e1 koniec \u017eensk\u00e9ho plodn\u00e9ho obdobia a doch\u00e1dza k nej z d\u00f4vodu prirodzen\u00e9ho procesu starnutia, po ur\u010dit\u00fdch chirurgick\u00fdch z\u00e1krokoch alebo po lie\u010dbe ur\u010dit\u00fdmi pr\u00edpravkami.\" \/>\n<meta name=\"robots\" content=\"index, follow, max-snippet:-1, max-image-preview:large, max-video-preview:-1\" \/>\n<link rel=\"canonical\" href=\"https:\/\/multi-gyn.com\/sk\/posvove-zdravie\/hlavna\/menopauza-a-jej-priznaky\/\" \/>\n<meta property=\"og:locale\" content=\"sk_SK\" \/>\n<meta property=\"og:type\" content=\"article\" \/>\n<meta property=\"og:title\" content=\"Menopauza a jej pr\u00edznaky - Multi-Gyn\" \/>\n<meta property=\"og:description\" content=\"Menopauza je prirodzen\u00fdm obdob\u00edm \u017eivota \u017eeny \u2013 znamen\u00e1 koniec \u017eensk\u00e9ho plodn\u00e9ho obdobia a doch\u00e1dza k nej z d\u00f4vodu prirodzen\u00e9ho procesu starnutia, po ur\u010dit\u00fdch chirurgick\u00fdch z\u00e1krokoch alebo po lie\u010dbe ur\u010dit\u00fdmi pr\u00edpravkami.\" \/>\n<meta property=\"og:url\" content=\"https:\/\/multi-gyn.com\/sk\/posvove-zdravie\/hlavna\/menopauza-a-jej-priznaky\/\" \/>\n<meta property=\"og:site_name\" content=\"Multi-Gyn\" \/>\n<meta property=\"article:modified_time\" content=\"2023-09-20T09:49:15+00:00\" \/>\n<meta name=\"twitter:card\" content=\"summary_large_image\" \/>\n<meta name=\"twitter:label1\" content=\"Predpokladan\u00fd \u010das \u010d\u00edtania\" \/>\n\t<meta name=\"twitter:data1\" content=\"2 min\u00faty\" \/>\n<script type=\"application\/ld+json\" class=\"yoast-schema-graph\">{\"@context\":\"https:\/\/schema.org\",\"@graph\":[{\"@type\":\"WebPage\",\"@id\":\"https:\/\/multi-gyn.com\/sk\/posvove-zdravie\/hlavna\/menopauza-a-jej-priznaky\/\",\"url\":\"https:\/\/multi-gyn.com\/sk\/posvove-zdravie\/hlavna\/menopauza-a-jej-priznaky\/\",\"name\":\"Menopauza a jej pr\u00edznaky - Multi-Gyn\",\"isPartOf\":{\"@id\":\"https:\/\/multi-gyn.com\/sk\/#website\"},\"datePublished\":\"2023-06-02T07:31:00+00:00\",\"dateModified\":\"2023-09-20T09:49:15+00:00\",\"description\":\"Menopauza je prirodzen\u00fdm obdob\u00edm \u017eivota \u017eeny \u2013 znamen\u00e1 koniec \u017eensk\u00e9ho plodn\u00e9ho obdobia a doch\u00e1dza k nej z d\u00f4vodu prirodzen\u00e9ho procesu starnutia, po ur\u010dit\u00fdch chirurgick\u00fdch z\u00e1krokoch alebo po lie\u010dbe ur\u010dit\u00fdmi pr\u00edpravkami.\",\"breadcrumb\":{\"@id\":\"https:\/\/multi-gyn.com\/sk\/posvove-zdravie\/hlavna\/menopauza-a-jej-priznaky\/#breadcrumb\"},\"inLanguage\":\"sk-SK\",\"potentialAction\":[{\"@type\":\"ReadAction\",\"target\":[\"https:\/\/multi-gyn.com\/sk\/posvove-zdravie\/hlavna\/menopauza-a-jej-priznaky\/\"]}]},{\"@type\":\"BreadcrumbList\",\"@id\":\"https:\/\/multi-gyn.com\/sk\/posvove-zdravie\/hlavna\/menopauza-a-jej-priznaky\/#breadcrumb\",\"itemListElement\":[{\"@type\":\"ListItem\",\"position\":1,\"name\":\"Home\",\"item\":\"https:\/\/multi-gyn.com\/sk\/\"},{\"@type\":\"ListItem\",\"position\":2,\"name\":\"Po\u0161vov\u00e9 zdravie\",\"item\":\"https:\/\/multi-gyn.com\/sk\/posvove-zdravie\/\"},{\"@type\":\"ListItem\",\"position\":3,\"name\":\"Hlavn\u00e1\",\"item\":\"https:\/\/multi-gyn.com\/sk\/posvove-zdravie\/hlavna\/\"},{\"@type\":\"ListItem\",\"position\":4,\"name\":\"Menopauza a jej pr\u00edznaky\"}]},{\"@type\":\"WebSite\",\"@id\":\"https:\/\/multi-gyn.com\/sk\/#website\",\"url\":\"https:\/\/multi-gyn.com\/sk\/\",\"name\":\"Multi-Gyn\",\"description\":\"\",\"publisher\":{\"@id\":\"https:\/\/multi-gyn.com\/sk\/#organization\"},\"potentialAction\":[{\"@type\":\"SearchAction\",\"target\":{\"@type\":\"EntryPoint\",\"urlTemplate\":\"https:\/\/multi-gyn.com\/sk\/?s={search_term_string}\"},\"query-input\":{\"@type\":\"PropertyValueSpecification\",\"valueRequired\":true,\"valueName\":\"search_term_string\"}}],\"inLanguage\":\"sk-SK\"},{\"@type\":\"Organization\",\"@id\":\"https:\/\/multi-gyn.com\/sk\/#organization\",\"name\":\"Multi-Gyn\",\"url\":\"https:\/\/multi-gyn.com\/sk\/\",\"logo\":{\"@type\":\"ImageObject\",\"inLanguage\":\"sk-SK\",\"@id\":\"https:\/\/multi-gyn.com\/sk\/#\/schema\/logo\/image\/\",\"url\":\"https:\/\/multi-gyn.com\/app\/uploads\/sites\/48\/2023\/06\/multi-gyn-logo.png\",\"contentUrl\":\"https:\/\/multi-gyn.com\/app\/uploads\/sites\/48\/2023\/06\/multi-gyn-logo.png\",\"width\":149,\"height\":32,\"caption\":\"Multi-Gyn\"},\"image\":{\"@id\":\"https:\/\/multi-gyn.com\/sk\/#\/schema\/logo\/image\/\"}}]}<\/script>\n<!-- \/ Yoast SEO plugin. -->","yoast_head_json":{"title":"Menopauza a jej pr\u00edznaky - Multi-Gyn","description":"Menopauza je prirodzen\u00fdm obdob\u00edm \u017eivota \u017eeny \u2013 znamen\u00e1 koniec \u017eensk\u00e9ho plodn\u00e9ho obdobia a doch\u00e1dza k nej z d\u00f4vodu prirodzen\u00e9ho procesu starnutia, po ur\u010dit\u00fdch chirurgick\u00fdch z\u00e1krokoch alebo po lie\u010dbe ur\u010dit\u00fdmi pr\u00edpravkami.","robots":{"index":"index","follow":"follow","max-snippet":"max-snippet:-1","max-image-preview":"max-image-preview:large","max-video-preview":"max-video-preview:-1"},"canonical":"https:\/\/multi-gyn.com\/sk\/posvove-zdravie\/hlavna\/menopauza-a-jej-priznaky\/","og_locale":"sk_SK","og_type":"article","og_title":"Menopauza a jej pr\u00edznaky - Multi-Gyn","og_description":"Menopauza je prirodzen\u00fdm obdob\u00edm \u017eivota \u017eeny \u2013 znamen\u00e1 koniec \u017eensk\u00e9ho plodn\u00e9ho obdobia a doch\u00e1dza k nej z d\u00f4vodu prirodzen\u00e9ho procesu starnutia, po ur\u010dit\u00fdch chirurgick\u00fdch z\u00e1krokoch alebo po lie\u010dbe ur\u010dit\u00fdmi pr\u00edpravkami.","og_url":"https:\/\/multi-gyn.com\/sk\/posvove-zdravie\/hlavna\/menopauza-a-jej-priznaky\/","og_site_name":"Multi-Gyn","article_modified_time":"2023-09-20T09:49:15+00:00","twitter_card":"summary_large_image","twitter_misc":{"Predpokladan\u00fd \u010das \u010d\u00edtania":"2 min\u00faty"},"schema":{"@context":"https:\/\/schema.org","@graph":[{"@type":"WebPage","@id":"https:\/\/multi-gyn.com\/sk\/posvove-zdravie\/hlavna\/menopauza-a-jej-priznaky\/","url":"https:\/\/multi-gyn.com\/sk\/posvove-zdravie\/hlavna\/menopauza-a-jej-priznaky\/","name":"Menopauza a jej pr\u00edznaky - Multi-Gyn","isPartOf":{"@id":"https:\/\/multi-gyn.com\/sk\/#website"},"datePublished":"2023-06-02T07:31:00+00:00","dateModified":"2023-09-20T09:49:15+00:00","description":"Menopauza je prirodzen\u00fdm obdob\u00edm \u017eivota \u017eeny \u2013 znamen\u00e1 koniec \u017eensk\u00e9ho plodn\u00e9ho obdobia a doch\u00e1dza k nej z d\u00f4vodu prirodzen\u00e9ho procesu starnutia, po ur\u010dit\u00fdch chirurgick\u00fdch z\u00e1krokoch alebo po lie\u010dbe ur\u010dit\u00fdmi pr\u00edpravkami.","breadcrumb":{"@id":"https:\/\/multi-gyn.com\/sk\/posvove-zdravie\/hlavna\/menopauza-a-jej-priznaky\/#breadcrumb"},"inLanguage":"sk-SK","potentialAction":[{"@type":"ReadAction","target":["https:\/\/multi-gyn.com\/sk\/posvove-zdravie\/hlavna\/menopauza-a-jej-priznaky\/"]}]},{"@type":"BreadcrumbList","@id":"https:\/\/multi-gyn.com\/sk\/posvove-zdravie\/hlavna\/menopauza-a-jej-priznaky\/#breadcrumb","itemListElement":[{"@type":"ListItem","position":1,"name":"Home","item":"https:\/\/multi-gyn.com\/sk\/"},{"@type":"ListItem","position":2,"name":"Po\u0161vov\u00e9 zdravie","item":"https:\/\/multi-gyn.com\/sk\/posvove-zdravie\/"},{"@type":"ListItem","position":3,"name":"Hlavn\u00e1","item":"https:\/\/multi-gyn.com\/sk\/posvove-zdravie\/hlavna\/"},{"@type":"ListItem","position":4,"name":"Menopauza a jej pr\u00edznaky"}]},{"@type":"WebSite","@id":"https:\/\/multi-gyn.com\/sk\/#website","url":"https:\/\/multi-gyn.com\/sk\/","name":"Multi-Gyn","description":"","publisher":{"@id":"https:\/\/multi-gyn.com\/sk\/#organization"},"potentialAction":[{"@type":"SearchAction","target":{"@type":"EntryPoint","urlTemplate":"https:\/\/multi-gyn.com\/sk\/?s={search_term_string}"},"query-input":{"@type":"PropertyValueSpecification","valueRequired":true,"valueName":"search_term_string"}}],"inLanguage":"sk-SK"},{"@type":"Organization","@id":"https:\/\/multi-gyn.com\/sk\/#organization","name":"Multi-Gyn","url":"https:\/\/multi-gyn.com\/sk\/","logo":{"@type":"ImageObject","inLanguage":"sk-SK","@id":"https:\/\/multi-gyn.com\/sk\/#\/schema\/logo\/image\/","url":"https:\/\/multi-gyn.com\/app\/uploads\/sites\/48\/2023\/06\/multi-gyn-logo.png","contentUrl":"https:\/\/multi-gyn.com\/app\/uploads\/sites\/48\/2023\/06\/multi-gyn-logo.png","width":149,"height":32,"caption":"Multi-Gyn"},"image":{"@id":"https:\/\/multi-gyn.com\/sk\/#\/schema\/logo\/image\/"}}]}},"_links":{"self":[{"href":"https:\/\/multi-gyn.com\/sk\/wp-json\/wp\/v2\/pages\/65","targetHints":{"allow":["GET"]}}],"collection":[{"href":"https:\/\/multi-gyn.com\/sk\/wp-json\/wp\/v2\/pages"}],"about":[{"href":"https:\/\/multi-gyn.com\/sk\/wp-json\/wp\/v2\/types\/page"}],"author":[{"embeddable":true,"href":"https:\/\/multi-gyn.com\/sk\/wp-json\/wp\/v2\/users\/2"}],"replies":[{"embeddable":true,"href":"https:\/\/multi-gyn.com\/sk\/wp-json\/wp\/v2\/comments?post=65"}],"version-history":[{"count":4,"href":"https:\/\/multi-gyn.com\/sk\/wp-json\/wp\/v2\/pages\/65\/revisions"}],"predecessor-version":[{"id":520,"href":"https:\/\/multi-gyn.com\/sk\/wp-json\/wp\/v2\/pages\/65\/revisions\/520"}],"up":[{"embeddable":true,"href":"https:\/\/multi-gyn.com\/sk\/wp-json\/wp\/v2\/pages\/53"}],"wp:attachment":[{"href":"https:\/\/multi-gyn.com\/sk\/wp-json\/wp\/v2\/media?parent=65"}],"wp:term":[{"taxonomy":"from-article-database","embeddable":true,"href":"https:\/\/multi-gyn.com\/sk\/wp-json\/wp\/v2\/from-article-database?post=65"}],"curies":[{"name":"wp","href":"https:\/\/api.w.org\/{rel}","templated":true}]}}