{"id":67,"date":"2023-06-02T09:31:16","date_gmt":"2023-06-02T07:31:16","guid":{"rendered":"https:\/\/multi-gyn.com\/sk\/?page_id=67"},"modified":"2023-09-20T11:49:13","modified_gmt":"2023-09-20T09:49:13","slug":"rozdiel-medzi-posvou-a-vulvou","status":"publish","type":"page","link":"https:\/\/multi-gyn.com\/sk\/posvove-zdravie\/hlavna\/rozdiel-medzi-posvou-a-vulvou\/","title":{"rendered":"Rozdiel medzi po\u0161vou a vulvou"},"content":{"rendered":"\n<div class=\"wp-block-karopharma-free-text pt-large pb-large bg-center bg-cover bg-no-repeat  is-style-primary\" style=\"background-image:url()\"><div class=\"free-text-wrapper container max-w-medium text-left\">\n<h1 class=\"is-style-heading-large wp-block-heading\">Rozdiel medzi po\u0161vou a vulvou<\/h1>\n\n\n\n<p class=\"is-style-paragraph-preamble\">Ve\u013ea \u013eud\u00ed nepozn\u00e1 rozdiel medzi po\u0161vou a vulvou. Nie je to prekvapiv\u00e9, ke\u010f\u017ee vulvovagin\u00e1lne zdravie je \u010dasto ozna\u010dovan\u00e9 ako po\u0161vov\u00e9 a vulvovagin\u00e1lna hygiena je \u010dastej\u0161ie naz\u00fdvan\u00e1 po\u0161vovou hygienou. Potreba skr\u00e1tenia slov prev\u00e1\u017eila nad ich presnos\u0165ou. Rozdiel medzi po\u0161vou a vulvou je v prvom rade anatomick\u00fd a histologick\u00fd, \u010do m\u00e1 za n\u00e1sledok rozdielne n\u00e1roky na hygienu a odli\u0161n\u00e9 ochorenia.<\/p>\n<\/div><\/div>\n\n\n\n<div class=\"wp-block-karopharma-free-text pt-large pb-large bg-center bg-cover bg-no-repeat\" style=\"background-image:url()\"><div class=\"free-text-wrapper container max-w-medium text-left\">\n<h2 class=\"is-style-heading-h2 wp-block-heading\">Anat\u00f3mia po\u0161vy a vulvy<\/h2>\n\n\n\n<p>Vulva je vonkaj\u0161ou \u010das\u0165ou \u017eensk\u00e9ho pohlavn\u00e9ho syst\u00e9mu. Pozost\u00e1va z ve\u013ek\u00fdch a mal\u00fdch pyskov ohanbia (labia majora a labia minora), klitorisu, hrbol\u010deka ohanbia, otvoru do po\u0161vy a \u010fal\u0161\u00edch anatomick\u00fdch \u0161trukt\u00far. Ve\u013ek\u00e9 a mal\u00e9 pysky ohanbia pom\u00e1haj\u00fa ochra\u0148ova\u0165 vn\u00fatro po\u0161vy pred vonkaj\u0161\u00edmi ne\u010distotami. Taktie\u017e maj\u00fa schopnos\u0165 poskytova\u0165 zvlh\u010denie po\u0161vy v\u010faka \u017e\u013eaz\u00e1m, ktor\u00e9 obsahuj\u00fa.<\/p>\n\n\n\n<p>Po\u0161va sp\u00e1ja vulvu s kr\u010dkom maternice a maternicou. Je to elastick\u00e1 trubica pokryt\u00e1 sliznicou s vlastnou mikrobi\u00e1lnou fl\u00f3rou a \u0161pecifick\u00fdm kysl\u00fdm pH prostred\u00edm. Zohr\u00e1va hlavn\u00fa \u00falohu v akumul\u00e1cii a preprave spermi\u00ed do maternice a vaj\u00ed\u010dkovodov na oplodnenie vaj\u00ed\u010dka, ako aj pri p\u00f4rode die\u0165a\u0165a. Presn\u00e9 rozmery po\u0161vy ost\u00e1vaj\u00fa predmetom sporu, je v\u0161ak zjavn\u00e9, \u017ee sa u r\u00f4znych \u017eien l\u00ed\u0161ia. Priemerne ve\u013ek\u00e1 po\u0161va je asi 8 cm dlh\u00e1, av\u0161ak po\u010das vzru\u0161enia sa st\u00e1va elastickou a m\u00f4\u017ee by\u0165 roztiahnut\u00e1 do ove\u013ea v\u00e4\u010d\u0161\u00edch rozmerov.<\/p>\n\n\n\n<h2 class=\"is-style-heading-h2 wp-block-heading\">Vulvovagin\u00e1lna hygiena<\/h2>\n\n\n\n<p>Po\u0161va je samo\u010distiacim org\u00e1nom, \u010do znamen\u00e1, \u017ee za norm\u00e1lnych okolnost\u00ed nie je potrebn\u00e9 ju zvn\u00fatra um\u00fdva\u0165. Vulva by zase mala by\u0165 um\u00fdvan\u00e1 pravidelne \u2013 aspo\u0148 raz za de\u0148, aby tak bola po\u0161va chr\u00e1nen\u00e1 pred potenci\u00e1lnym zne\u010disten\u00edm. Nikdy by ste nemali pou\u017e\u00edva\u0165 na um\u00fdvanie Va\u0161ich int\u00edmnych parti\u00ed pr\u00edpravky obsahuj\u00face mydlo \u010di agres\u00edvne \u010distiace l\u00e1tky. Tie m\u00f4\u017eu naru\u0161i\u0165 fyziologick\u00fa rovnov\u00e1hu po\u0161vovej fl\u00f3ry a tie\u017e zmy\u0165 prirodzen\u00e9 ochrann\u00e9 lubrika\u010dn\u00e9 a zvlh\u010duj\u00face zlo\u017eky. Niekedy doch\u00e1dza k naru\u0161eniu po\u0161vovej fl\u00f3ry alebo k v\u00fdskytu infekcie a s t\u00fdm spojenej potrebe dodato\u010dnej starostlivosti. V takomto pr\u00edpade je d\u00f4le\u017eit\u00e9 rozpozna\u0165 pr\u00edznaky a kontaktova\u0165 gynekol\u00f3ga, ktor\u00fd nastav\u00ed vhodn\u00fa lie\u010dbu.<\/p>\n<\/div><\/div>\n","protected":false},"excerpt":{"rendered":"","protected":false},"author":2,"featured_media":0,"parent":53,"menu_order":3,"comment_status":"closed","ping_status":"closed","template":"","meta":{"_acf_changed":false,"footnotes":""},"from-article-database":[],"class_list":["post-67","page","type-page","status-publish","hentry"],"acf":[],"yoast_head":"<!-- This site is optimized with the Yoast SEO plugin v26.6 - https:\/\/yoast.com\/wordpress\/plugins\/seo\/ -->\n<title>Rozdiel medzi po\u0161vou a vulvou - Multi-Gyn<\/title>\n<meta name=\"description\" content=\"Rozdiel medzi po\u0161vou a vulvou je v prvom rade anatomick\u00fd a histologick\u00fd, \u010do m\u00e1 za n\u00e1sledok rozdielne n\u00e1roky na hygienu a odli\u0161n\u00e9 ochorenia.\" \/>\n<meta name=\"robots\" content=\"index, follow, max-snippet:-1, max-image-preview:large, max-video-preview:-1\" \/>\n<link rel=\"canonical\" href=\"https:\/\/multi-gyn.com\/sk\/posvove-zdravie\/hlavna\/rozdiel-medzi-posvou-a-vulvou\/\" \/>\n<meta property=\"og:locale\" content=\"sk_SK\" \/>\n<meta property=\"og:type\" content=\"article\" \/>\n<meta property=\"og:title\" content=\"Rozdiel medzi po\u0161vou a vulvou - Multi-Gyn\" \/>\n<meta property=\"og:description\" content=\"Rozdiel medzi po\u0161vou a vulvou je v prvom rade anatomick\u00fd a histologick\u00fd, \u010do m\u00e1 za n\u00e1sledok rozdielne n\u00e1roky na hygienu a odli\u0161n\u00e9 ochorenia.\" \/>\n<meta property=\"og:url\" content=\"https:\/\/multi-gyn.com\/sk\/posvove-zdravie\/hlavna\/rozdiel-medzi-posvou-a-vulvou\/\" \/>\n<meta property=\"og:site_name\" content=\"Multi-Gyn\" \/>\n<meta property=\"article:modified_time\" content=\"2023-09-20T09:49:13+00:00\" \/>\n<meta name=\"twitter:card\" content=\"summary_large_image\" \/>\n<meta name=\"twitter:label1\" content=\"Predpokladan\u00fd \u010das \u010d\u00edtania\" \/>\n\t<meta name=\"twitter:data1\" content=\"2 min\u00faty\" \/>\n<script type=\"application\/ld+json\" class=\"yoast-schema-graph\">{\"@context\":\"https:\/\/schema.org\",\"@graph\":[{\"@type\":\"WebPage\",\"@id\":\"https:\/\/multi-gyn.com\/sk\/posvove-zdravie\/hlavna\/rozdiel-medzi-posvou-a-vulvou\/\",\"url\":\"https:\/\/multi-gyn.com\/sk\/posvove-zdravie\/hlavna\/rozdiel-medzi-posvou-a-vulvou\/\",\"name\":\"Rozdiel medzi po\u0161vou a vulvou - Multi-Gyn\",\"isPartOf\":{\"@id\":\"https:\/\/multi-gyn.com\/sk\/#website\"},\"datePublished\":\"2023-06-02T07:31:16+00:00\",\"dateModified\":\"2023-09-20T09:49:13+00:00\",\"description\":\"Rozdiel medzi po\u0161vou a vulvou je v prvom rade anatomick\u00fd a histologick\u00fd, \u010do m\u00e1 za n\u00e1sledok rozdielne n\u00e1roky na hygienu a odli\u0161n\u00e9 ochorenia.\",\"breadcrumb\":{\"@id\":\"https:\/\/multi-gyn.com\/sk\/posvove-zdravie\/hlavna\/rozdiel-medzi-posvou-a-vulvou\/#breadcrumb\"},\"inLanguage\":\"sk-SK\",\"potentialAction\":[{\"@type\":\"ReadAction\",\"target\":[\"https:\/\/multi-gyn.com\/sk\/posvove-zdravie\/hlavna\/rozdiel-medzi-posvou-a-vulvou\/\"]}]},{\"@type\":\"BreadcrumbList\",\"@id\":\"https:\/\/multi-gyn.com\/sk\/posvove-zdravie\/hlavna\/rozdiel-medzi-posvou-a-vulvou\/#breadcrumb\",\"itemListElement\":[{\"@type\":\"ListItem\",\"position\":1,\"name\":\"Home\",\"item\":\"https:\/\/multi-gyn.com\/sk\/\"},{\"@type\":\"ListItem\",\"position\":2,\"name\":\"Po\u0161vov\u00e9 zdravie\",\"item\":\"https:\/\/multi-gyn.com\/sk\/posvove-zdravie\/\"},{\"@type\":\"ListItem\",\"position\":3,\"name\":\"Hlavn\u00e1\",\"item\":\"https:\/\/multi-gyn.com\/sk\/posvove-zdravie\/hlavna\/\"},{\"@type\":\"ListItem\",\"position\":4,\"name\":\"Rozdiel medzi po\u0161vou a vulvou\"}]},{\"@type\":\"WebSite\",\"@id\":\"https:\/\/multi-gyn.com\/sk\/#website\",\"url\":\"https:\/\/multi-gyn.com\/sk\/\",\"name\":\"Multi-Gyn\",\"description\":\"\",\"publisher\":{\"@id\":\"https:\/\/multi-gyn.com\/sk\/#organization\"},\"potentialAction\":[{\"@type\":\"SearchAction\",\"target\":{\"@type\":\"EntryPoint\",\"urlTemplate\":\"https:\/\/multi-gyn.com\/sk\/?s={search_term_string}\"},\"query-input\":{\"@type\":\"PropertyValueSpecification\",\"valueRequired\":true,\"valueName\":\"search_term_string\"}}],\"inLanguage\":\"sk-SK\"},{\"@type\":\"Organization\",\"@id\":\"https:\/\/multi-gyn.com\/sk\/#organization\",\"name\":\"Multi-Gyn\",\"url\":\"https:\/\/multi-gyn.com\/sk\/\",\"logo\":{\"@type\":\"ImageObject\",\"inLanguage\":\"sk-SK\",\"@id\":\"https:\/\/multi-gyn.com\/sk\/#\/schema\/logo\/image\/\",\"url\":\"https:\/\/multi-gyn.com\/app\/uploads\/sites\/48\/2023\/06\/multi-gyn-logo.png\",\"contentUrl\":\"https:\/\/multi-gyn.com\/app\/uploads\/sites\/48\/2023\/06\/multi-gyn-logo.png\",\"width\":149,\"height\":32,\"caption\":\"Multi-Gyn\"},\"image\":{\"@id\":\"https:\/\/multi-gyn.com\/sk\/#\/schema\/logo\/image\/\"}}]}<\/script>\n<!-- \/ Yoast SEO plugin. -->","yoast_head_json":{"title":"Rozdiel medzi po\u0161vou a vulvou - Multi-Gyn","description":"Rozdiel medzi po\u0161vou a vulvou je v prvom rade anatomick\u00fd a histologick\u00fd, \u010do m\u00e1 za n\u00e1sledok rozdielne n\u00e1roky na hygienu a odli\u0161n\u00e9 ochorenia.","robots":{"index":"index","follow":"follow","max-snippet":"max-snippet:-1","max-image-preview":"max-image-preview:large","max-video-preview":"max-video-preview:-1"},"canonical":"https:\/\/multi-gyn.com\/sk\/posvove-zdravie\/hlavna\/rozdiel-medzi-posvou-a-vulvou\/","og_locale":"sk_SK","og_type":"article","og_title":"Rozdiel medzi po\u0161vou a vulvou - Multi-Gyn","og_description":"Rozdiel medzi po\u0161vou a vulvou je v prvom rade anatomick\u00fd a histologick\u00fd, \u010do m\u00e1 za n\u00e1sledok rozdielne n\u00e1roky na hygienu a odli\u0161n\u00e9 ochorenia.","og_url":"https:\/\/multi-gyn.com\/sk\/posvove-zdravie\/hlavna\/rozdiel-medzi-posvou-a-vulvou\/","og_site_name":"Multi-Gyn","article_modified_time":"2023-09-20T09:49:13+00:00","twitter_card":"summary_large_image","twitter_misc":{"Predpokladan\u00fd \u010das \u010d\u00edtania":"2 min\u00faty"},"schema":{"@context":"https:\/\/schema.org","@graph":[{"@type":"WebPage","@id":"https:\/\/multi-gyn.com\/sk\/posvove-zdravie\/hlavna\/rozdiel-medzi-posvou-a-vulvou\/","url":"https:\/\/multi-gyn.com\/sk\/posvove-zdravie\/hlavna\/rozdiel-medzi-posvou-a-vulvou\/","name":"Rozdiel medzi po\u0161vou a vulvou - Multi-Gyn","isPartOf":{"@id":"https:\/\/multi-gyn.com\/sk\/#website"},"datePublished":"2023-06-02T07:31:16+00:00","dateModified":"2023-09-20T09:49:13+00:00","description":"Rozdiel medzi po\u0161vou a vulvou je v prvom rade anatomick\u00fd a histologick\u00fd, \u010do m\u00e1 za n\u00e1sledok rozdielne n\u00e1roky na hygienu a odli\u0161n\u00e9 ochorenia.","breadcrumb":{"@id":"https:\/\/multi-gyn.com\/sk\/posvove-zdravie\/hlavna\/rozdiel-medzi-posvou-a-vulvou\/#breadcrumb"},"inLanguage":"sk-SK","potentialAction":[{"@type":"ReadAction","target":["https:\/\/multi-gyn.com\/sk\/posvove-zdravie\/hlavna\/rozdiel-medzi-posvou-a-vulvou\/"]}]},{"@type":"BreadcrumbList","@id":"https:\/\/multi-gyn.com\/sk\/posvove-zdravie\/hlavna\/rozdiel-medzi-posvou-a-vulvou\/#breadcrumb","itemListElement":[{"@type":"ListItem","position":1,"name":"Home","item":"https:\/\/multi-gyn.com\/sk\/"},{"@type":"ListItem","position":2,"name":"Po\u0161vov\u00e9 zdravie","item":"https:\/\/multi-gyn.com\/sk\/posvove-zdravie\/"},{"@type":"ListItem","position":3,"name":"Hlavn\u00e1","item":"https:\/\/multi-gyn.com\/sk\/posvove-zdravie\/hlavna\/"},{"@type":"ListItem","position":4,"name":"Rozdiel medzi po\u0161vou a vulvou"}]},{"@type":"WebSite","@id":"https:\/\/multi-gyn.com\/sk\/#website","url":"https:\/\/multi-gyn.com\/sk\/","name":"Multi-Gyn","description":"","publisher":{"@id":"https:\/\/multi-gyn.com\/sk\/#organization"},"potentialAction":[{"@type":"SearchAction","target":{"@type":"EntryPoint","urlTemplate":"https:\/\/multi-gyn.com\/sk\/?s={search_term_string}"},"query-input":{"@type":"PropertyValueSpecification","valueRequired":true,"valueName":"search_term_string"}}],"inLanguage":"sk-SK"},{"@type":"Organization","@id":"https:\/\/multi-gyn.com\/sk\/#organization","name":"Multi-Gyn","url":"https:\/\/multi-gyn.com\/sk\/","logo":{"@type":"ImageObject","inLanguage":"sk-SK","@id":"https:\/\/multi-gyn.com\/sk\/#\/schema\/logo\/image\/","url":"https:\/\/multi-gyn.com\/app\/uploads\/sites\/48\/2023\/06\/multi-gyn-logo.png","contentUrl":"https:\/\/multi-gyn.com\/app\/uploads\/sites\/48\/2023\/06\/multi-gyn-logo.png","width":149,"height":32,"caption":"Multi-Gyn"},"image":{"@id":"https:\/\/multi-gyn.com\/sk\/#\/schema\/logo\/image\/"}}]}},"_links":{"self":[{"href":"https:\/\/multi-gyn.com\/sk\/wp-json\/wp\/v2\/pages\/67","targetHints":{"allow":["GET"]}}],"collection":[{"href":"https:\/\/multi-gyn.com\/sk\/wp-json\/wp\/v2\/pages"}],"about":[{"href":"https:\/\/multi-gyn.com\/sk\/wp-json\/wp\/v2\/types\/page"}],"author":[{"embeddable":true,"href":"https:\/\/multi-gyn.com\/sk\/wp-json\/wp\/v2\/users\/2"}],"replies":[{"embeddable":true,"href":"https:\/\/multi-gyn.com\/sk\/wp-json\/wp\/v2\/comments?post=67"}],"version-history":[{"count":5,"href":"https:\/\/multi-gyn.com\/sk\/wp-json\/wp\/v2\/pages\/67\/revisions"}],"predecessor-version":[{"id":522,"href":"https:\/\/multi-gyn.com\/sk\/wp-json\/wp\/v2\/pages\/67\/revisions\/522"}],"up":[{"embeddable":true,"href":"https:\/\/multi-gyn.com\/sk\/wp-json\/wp\/v2\/pages\/53"}],"wp:attachment":[{"href":"https:\/\/multi-gyn.com\/sk\/wp-json\/wp\/v2\/media?parent=67"}],"wp:term":[{"taxonomy":"from-article-database","embeddable":true,"href":"https:\/\/multi-gyn.com\/sk\/wp-json\/wp\/v2\/from-article-database?post=67"}],"curies":[{"name":"wp","href":"https:\/\/api.w.org\/{rel}","templated":true}]}}