{"id":71,"date":"2023-06-02T09:31:57","date_gmt":"2023-06-02T07:31:57","guid":{"rendered":"https:\/\/multi-gyn.com\/sk\/?page_id=71"},"modified":"2023-09-20T11:49:09","modified_gmt":"2023-09-20T09:49:09","slug":"navsteva-gynekologa","status":"publish","type":"page","link":"https:\/\/multi-gyn.com\/sk\/posvove-zdravie\/hlavna\/navsteva-gynekologa\/","title":{"rendered":"N\u00e1v\u0161teva gynekol\u00f3ga"},"content":{"rendered":"\n<div class=\"wp-block-karopharma-free-text pt-large pb-large bg-center bg-cover bg-no-repeat  is-style-primary\" style=\"background-image:url()\"><div class=\"free-text-wrapper container max-w-medium text-left\">\n<h1 class=\"is-style-heading-large wp-block-heading\">N\u00e1v\u0161teva gynekol\u00f3ga<\/h1>\n\n\n\n<p class=\"is-style-paragraph-preamble\">V produkt\u00edvnom veku by mali \u017eeny nav\u0161tevova\u0165 svojho gynekol\u00f3ga tak \u010dasto, ako je to potrebn\u00e9 (prevent\u00edvna prehliadka raz za rok). Tehotn\u00e9 \u017eeny by mali absolvova\u0165 po\u010das tehotenstva viac gynekologick\u00fdch prehliadok. Ak s\u00fa pre V\u00e1s gynekologick\u00e9 vy\u0161etrenia nepr\u00edjemn\u00e9, alebo sa chyst\u00e1te na svoju prv\u00fa n\u00e1v\u0161tevu, pozrite sa na zoznam vec\u00ed, ktor\u00e9 m\u00f4\u017eete pri n\u00e1v\u0161teve gynekol\u00f3ga o\u010dak\u00e1va\u0165.<\/p>\n<\/div><\/div>\n\n\n\n<div class=\"wp-block-karopharma-free-text pt-large pb-large bg-center bg-cover bg-no-repeat\" style=\"background-image:url()\"><div class=\"free-text-wrapper container max-w-medium text-left\">\n<h2 class=\"is-style-heading-h2 wp-block-heading\">Zdravotn\u00e1 hist\u00f3ria (anamn\u00e9za)<\/h2>\n\n\n\n<p>Najsk\u00f4r V\u00e1m doktor alebo sestri\u010dka polo\u017eia nieko\u013eko ot\u00e1zok, aby mohli zisti\u0165 Va\u0161u zdravotn\u00fa hist\u00f3riu (anamn\u00e9zu) \u010do najpresnej\u0161ie. Ot\u00e1zky sa v\u00e4\u010d\u0161inou t\u00fdkaj\u00fa V\u00e1\u0161ho celkov\u00e9ho zdravotn\u00e9ho stavu, chronick\u00fdch ochoren\u00ed a genetick\u00fdch predispoz\u00edci\u00ed, ako aj \u017eivotn\u00e9ho \u0161t\u00fdlu \u010di zlozvykov ako je faj\u010denie alebo pitie alkoholu. Pravdepodobne sa sp\u00fdtaj\u00fa na V\u00e1\u0161 men\u0161trua\u010dn\u00fd cyklus, kedy ste dostali svoju prv\u00fa men\u0161tru\u00e1ciu, \u010di je pravideln\u00e1 a \u010di m\u00e1vate pri men\u0161tru\u00e1cii siln\u00e9 k\u0155\u010de. Taktie\u017e aj ot\u00e1zky, \u010di ste niekedy trpeli pohlavne prenosnou chorobou, ak\u00e9 boli Va\u0161e predo\u0161l\u00e9 lie\u010dby a \u010di u\u017e\u00edvate antikoncepciu. Nehanbite sa \u2013 v\u0161etky inform\u00e1cie, ktor\u00e9 zdie\u013eate so svoj\u00edm gynekol\u00f3gom s\u00fa d\u00f4vern\u00e9 a dopom\u00f4\u017eu k vytvoreniu presnej\u0161ieho obrazu o zdrav\u00ed Va\u0161ich reproduk\u010dn\u00fdch org\u00e1nov.<\/p>\n\n\n\n<h2 class=\"is-style-heading-h2 wp-block-heading\">Gynekologick\u00e9 vy\u0161etrenie<\/h2>\n\n\n\n<p>Po\u017eiadaj\u00fa V\u00e1s, aby ste si vyzliekli spodn\u00fa bielize\u0148, sadli si na vy\u0161etrovacie kreslo alebo st\u00f4l a polo\u017eili nohy na dr\u017eiaky tak, aby boli dostato\u010dne roztiahnut\u00e9 a umo\u017enili gynekol\u00f3govi vy\u0161etri\u0165 Va\u0161u int\u00edmnu oblas\u0165. Zhlboka d\u00fdchajte a sna\u017ete sa uvo\u013eni\u0165 \u010do najviac. V takom pr\u00edpade bude vy\u0161etrenie len trochu nepr\u00edjemn\u00e9 a malo by by\u0165 bezbolestn\u00e9.<\/p>\n\n\n\n<p>Vy\u0161etrenie pozost\u00e1va z vonkaj\u0161ej vizu\u00e1lnej prehliadky a vlo\u017eenia vy\u0161etrovac\u00edch gynekologick\u00fdch zrkadiel (kovov\u00fd n\u00e1stroj, ktor\u00fd otvor\u00ed po\u0161vu a dr\u017e\u00ed ju otvoren\u00fa po\u010das prehliadky). Lek\u00e1r vy\u0161etr\u00ed po\u0161vu, maternicu a vaje\u010dn\u00edky a n\u00e1sledne m\u00f4\u017ee odobra\u0165 v\u00fdter z po\u0161vy a kr\u010dka maternice. V\u00fdtery m\u00f4\u017eu poskytova\u0165 detailn\u00fd obraz o po\u0161vovej fl\u00f3re i mo\u017en\u00fdch infekci\u00e1ch.<\/p>\n\n\n\n<h2 class=\"is-style-heading-h2 wp-block-heading\">PAP test &#8211; cytol\u00f3gia<\/h2>\n\n\n\n<p>S\u00fa\u010das\u0165ou vy\u0161etrenia m\u00f4\u017ee by\u0165 aj tzv. PAP test (cytologick\u00e9 vy\u0161etrenie steru z kr\u010dka maternice), ktor\u00fd m\u00f4\u017ee odhali\u0165 potenci\u00e1lne pred-rakovinov\u00e9 a rakovinov\u00e9 zmeny kr\u010dka maternice. Lek\u00e1r odoberie v\u00fdter zo steny kr\u010dka maternice, ktor\u00fd je nesk\u00f4r mikroskopicky sk\u00faman\u00fd na ak\u00e9ko\u013evek abnormality.<\/p>\n\n\n\n<h2 class=\"is-style-heading-h2 wp-block-heading\">STD testovanie<\/h2>\n\n\n\n<p>V\u0161etky sexu\u00e1lne akt\u00edvne \u017eeny by mali by\u0165 pravidelne vy\u0161etrovan\u00e9 na STD (sexually transmitted diseases \u2013 pohlavne prenosn\u00e9 choroby). Niektor\u00e9 z t\u00fdchto testov vych\u00e1dzaj\u00fa z po\u0161vov\u00e9ho v\u00fdteru, na in\u00e9 s\u00fa potrebn\u00e9 krvn\u00e9 testy.<\/p>\n\n\n\n<p>Na konci by V\u00e1m mal gynekol\u00f3g vysvetli\u0165 v\u0161etky v\u00fdsledky testov, predp\u00edsa\u0165 vhodn\u00fa lie\u010dbu a op\u00edsa\u0165 jej priebeh, ako aj ak\u00e9ko\u013evek potrebn\u00e9 zmeny v \u017eivotnom \u0161t\u00fdle (kr\u00e1tkodob\u00e9 \u010di trval\u00e9). Ak m\u00e1te nejak\u00e9 ot\u00e1zky, nev\u00e1hajte sa op\u00fdta\u0165. V\u00e1\u0161 gynekol\u00f3g by mal by\u0165 slu\u0161n\u00fd, trpezliv\u00fd a otvoren\u00fd v\u0161etk\u00fdm dotazom.<\/p>\n\n\n\n<p class=\"is-style-paragraph-preamble has-primary-color has-text-color\"><em>\u201eZhlboka d\u00fdchajte a sna\u017ete sa uvo\u013eni\u0165 \u010do najviac. V takom pr\u00edpade bude vy\u0161etrenie len trochu nepr\u00edjemn\u00e9 a malo by by\u0165 bezbolestn\u00e9.\u201c<\/em><\/p>\n<\/div><\/div>\n","protected":false},"excerpt":{"rendered":"","protected":false},"author":2,"featured_media":0,"parent":53,"menu_order":5,"comment_status":"closed","ping_status":"closed","template":"","meta":{"_acf_changed":false,"footnotes":""},"from-article-database":[],"class_list":["post-71","page","type-page","status-publish","hentry"],"acf":[],"yoast_head":"<!-- This site is optimized with the Yoast SEO plugin v26.6 - https:\/\/yoast.com\/wordpress\/plugins\/seo\/ -->\n<title>N\u00e1v\u0161teva gynekol\u00f3ga - Multi-Gyn<\/title>\n<meta name=\"description\" content=\"Ak s\u00fa pre V\u00e1s gynekologick\u00e9 vy\u0161etrenia nepr\u00edjemn\u00e9, alebo sa chyst\u00e1te na svoju prv\u00fa n\u00e1v\u0161tevu, pozrite sa na zoznam vec\u00ed, ktor\u00e9 m\u00f4\u017eete pri n\u00e1v\u0161teve gynekol\u00f3ga o\u010dak\u00e1va\u0165.\" \/>\n<meta name=\"robots\" content=\"index, follow, max-snippet:-1, max-image-preview:large, max-video-preview:-1\" \/>\n<link rel=\"canonical\" href=\"https:\/\/multi-gyn.com\/sk\/posvove-zdravie\/hlavna\/navsteva-gynekologa\/\" \/>\n<meta property=\"og:locale\" content=\"sk_SK\" \/>\n<meta property=\"og:type\" content=\"article\" \/>\n<meta property=\"og:title\" content=\"N\u00e1v\u0161teva gynekol\u00f3ga - Multi-Gyn\" \/>\n<meta property=\"og:description\" content=\"Ak s\u00fa pre V\u00e1s gynekologick\u00e9 vy\u0161etrenia nepr\u00edjemn\u00e9, alebo sa chyst\u00e1te na svoju prv\u00fa n\u00e1v\u0161tevu, pozrite sa na zoznam vec\u00ed, ktor\u00e9 m\u00f4\u017eete pri n\u00e1v\u0161teve gynekol\u00f3ga o\u010dak\u00e1va\u0165.\" \/>\n<meta property=\"og:url\" content=\"https:\/\/multi-gyn.com\/sk\/posvove-zdravie\/hlavna\/navsteva-gynekologa\/\" \/>\n<meta property=\"og:site_name\" content=\"Multi-Gyn\" \/>\n<meta property=\"article:modified_time\" content=\"2023-09-20T09:49:09+00:00\" \/>\n<meta name=\"twitter:card\" content=\"summary_large_image\" \/>\n<meta name=\"twitter:label1\" content=\"Predpokladan\u00fd \u010das \u010d\u00edtania\" \/>\n\t<meta name=\"twitter:data1\" content=\"3 min\u00faty\" \/>\n<script type=\"application\/ld+json\" class=\"yoast-schema-graph\">{\"@context\":\"https:\/\/schema.org\",\"@graph\":[{\"@type\":\"WebPage\",\"@id\":\"https:\/\/multi-gyn.com\/sk\/posvove-zdravie\/hlavna\/navsteva-gynekologa\/\",\"url\":\"https:\/\/multi-gyn.com\/sk\/posvove-zdravie\/hlavna\/navsteva-gynekologa\/\",\"name\":\"N\u00e1v\u0161teva gynekol\u00f3ga - Multi-Gyn\",\"isPartOf\":{\"@id\":\"https:\/\/multi-gyn.com\/sk\/#website\"},\"datePublished\":\"2023-06-02T07:31:57+00:00\",\"dateModified\":\"2023-09-20T09:49:09+00:00\",\"description\":\"Ak s\u00fa pre V\u00e1s gynekologick\u00e9 vy\u0161etrenia nepr\u00edjemn\u00e9, alebo sa chyst\u00e1te na svoju prv\u00fa n\u00e1v\u0161tevu, pozrite sa na zoznam vec\u00ed, ktor\u00e9 m\u00f4\u017eete pri n\u00e1v\u0161teve gynekol\u00f3ga o\u010dak\u00e1va\u0165.\",\"breadcrumb\":{\"@id\":\"https:\/\/multi-gyn.com\/sk\/posvove-zdravie\/hlavna\/navsteva-gynekologa\/#breadcrumb\"},\"inLanguage\":\"sk-SK\",\"potentialAction\":[{\"@type\":\"ReadAction\",\"target\":[\"https:\/\/multi-gyn.com\/sk\/posvove-zdravie\/hlavna\/navsteva-gynekologa\/\"]}]},{\"@type\":\"BreadcrumbList\",\"@id\":\"https:\/\/multi-gyn.com\/sk\/posvove-zdravie\/hlavna\/navsteva-gynekologa\/#breadcrumb\",\"itemListElement\":[{\"@type\":\"ListItem\",\"position\":1,\"name\":\"Home\",\"item\":\"https:\/\/multi-gyn.com\/sk\/\"},{\"@type\":\"ListItem\",\"position\":2,\"name\":\"Po\u0161vov\u00e9 zdravie\",\"item\":\"https:\/\/multi-gyn.com\/sk\/posvove-zdravie\/\"},{\"@type\":\"ListItem\",\"position\":3,\"name\":\"Hlavn\u00e1\",\"item\":\"https:\/\/multi-gyn.com\/sk\/posvove-zdravie\/hlavna\/\"},{\"@type\":\"ListItem\",\"position\":4,\"name\":\"N\u00e1v\u0161teva gynekol\u00f3ga\"}]},{\"@type\":\"WebSite\",\"@id\":\"https:\/\/multi-gyn.com\/sk\/#website\",\"url\":\"https:\/\/multi-gyn.com\/sk\/\",\"name\":\"Multi-Gyn\",\"description\":\"\",\"publisher\":{\"@id\":\"https:\/\/multi-gyn.com\/sk\/#organization\"},\"potentialAction\":[{\"@type\":\"SearchAction\",\"target\":{\"@type\":\"EntryPoint\",\"urlTemplate\":\"https:\/\/multi-gyn.com\/sk\/?s={search_term_string}\"},\"query-input\":{\"@type\":\"PropertyValueSpecification\",\"valueRequired\":true,\"valueName\":\"search_term_string\"}}],\"inLanguage\":\"sk-SK\"},{\"@type\":\"Organization\",\"@id\":\"https:\/\/multi-gyn.com\/sk\/#organization\",\"name\":\"Multi-Gyn\",\"url\":\"https:\/\/multi-gyn.com\/sk\/\",\"logo\":{\"@type\":\"ImageObject\",\"inLanguage\":\"sk-SK\",\"@id\":\"https:\/\/multi-gyn.com\/sk\/#\/schema\/logo\/image\/\",\"url\":\"https:\/\/multi-gyn.com\/app\/uploads\/sites\/48\/2023\/06\/multi-gyn-logo.png\",\"contentUrl\":\"https:\/\/multi-gyn.com\/app\/uploads\/sites\/48\/2023\/06\/multi-gyn-logo.png\",\"width\":149,\"height\":32,\"caption\":\"Multi-Gyn\"},\"image\":{\"@id\":\"https:\/\/multi-gyn.com\/sk\/#\/schema\/logo\/image\/\"}}]}<\/script>\n<!-- \/ Yoast SEO plugin. -->","yoast_head_json":{"title":"N\u00e1v\u0161teva gynekol\u00f3ga - Multi-Gyn","description":"Ak s\u00fa pre V\u00e1s gynekologick\u00e9 vy\u0161etrenia nepr\u00edjemn\u00e9, alebo sa chyst\u00e1te na svoju prv\u00fa n\u00e1v\u0161tevu, pozrite sa na zoznam vec\u00ed, ktor\u00e9 m\u00f4\u017eete pri n\u00e1v\u0161teve gynekol\u00f3ga o\u010dak\u00e1va\u0165.","robots":{"index":"index","follow":"follow","max-snippet":"max-snippet:-1","max-image-preview":"max-image-preview:large","max-video-preview":"max-video-preview:-1"},"canonical":"https:\/\/multi-gyn.com\/sk\/posvove-zdravie\/hlavna\/navsteva-gynekologa\/","og_locale":"sk_SK","og_type":"article","og_title":"N\u00e1v\u0161teva gynekol\u00f3ga - Multi-Gyn","og_description":"Ak s\u00fa pre V\u00e1s gynekologick\u00e9 vy\u0161etrenia nepr\u00edjemn\u00e9, alebo sa chyst\u00e1te na svoju prv\u00fa n\u00e1v\u0161tevu, pozrite sa na zoznam vec\u00ed, ktor\u00e9 m\u00f4\u017eete pri n\u00e1v\u0161teve gynekol\u00f3ga o\u010dak\u00e1va\u0165.","og_url":"https:\/\/multi-gyn.com\/sk\/posvove-zdravie\/hlavna\/navsteva-gynekologa\/","og_site_name":"Multi-Gyn","article_modified_time":"2023-09-20T09:49:09+00:00","twitter_card":"summary_large_image","twitter_misc":{"Predpokladan\u00fd \u010das \u010d\u00edtania":"3 min\u00faty"},"schema":{"@context":"https:\/\/schema.org","@graph":[{"@type":"WebPage","@id":"https:\/\/multi-gyn.com\/sk\/posvove-zdravie\/hlavna\/navsteva-gynekologa\/","url":"https:\/\/multi-gyn.com\/sk\/posvove-zdravie\/hlavna\/navsteva-gynekologa\/","name":"N\u00e1v\u0161teva gynekol\u00f3ga - Multi-Gyn","isPartOf":{"@id":"https:\/\/multi-gyn.com\/sk\/#website"},"datePublished":"2023-06-02T07:31:57+00:00","dateModified":"2023-09-20T09:49:09+00:00","description":"Ak s\u00fa pre V\u00e1s gynekologick\u00e9 vy\u0161etrenia nepr\u00edjemn\u00e9, alebo sa chyst\u00e1te na svoju prv\u00fa n\u00e1v\u0161tevu, pozrite sa na zoznam vec\u00ed, ktor\u00e9 m\u00f4\u017eete pri n\u00e1v\u0161teve gynekol\u00f3ga o\u010dak\u00e1va\u0165.","breadcrumb":{"@id":"https:\/\/multi-gyn.com\/sk\/posvove-zdravie\/hlavna\/navsteva-gynekologa\/#breadcrumb"},"inLanguage":"sk-SK","potentialAction":[{"@type":"ReadAction","target":["https:\/\/multi-gyn.com\/sk\/posvove-zdravie\/hlavna\/navsteva-gynekologa\/"]}]},{"@type":"BreadcrumbList","@id":"https:\/\/multi-gyn.com\/sk\/posvove-zdravie\/hlavna\/navsteva-gynekologa\/#breadcrumb","itemListElement":[{"@type":"ListItem","position":1,"name":"Home","item":"https:\/\/multi-gyn.com\/sk\/"},{"@type":"ListItem","position":2,"name":"Po\u0161vov\u00e9 zdravie","item":"https:\/\/multi-gyn.com\/sk\/posvove-zdravie\/"},{"@type":"ListItem","position":3,"name":"Hlavn\u00e1","item":"https:\/\/multi-gyn.com\/sk\/posvove-zdravie\/hlavna\/"},{"@type":"ListItem","position":4,"name":"N\u00e1v\u0161teva gynekol\u00f3ga"}]},{"@type":"WebSite","@id":"https:\/\/multi-gyn.com\/sk\/#website","url":"https:\/\/multi-gyn.com\/sk\/","name":"Multi-Gyn","description":"","publisher":{"@id":"https:\/\/multi-gyn.com\/sk\/#organization"},"potentialAction":[{"@type":"SearchAction","target":{"@type":"EntryPoint","urlTemplate":"https:\/\/multi-gyn.com\/sk\/?s={search_term_string}"},"query-input":{"@type":"PropertyValueSpecification","valueRequired":true,"valueName":"search_term_string"}}],"inLanguage":"sk-SK"},{"@type":"Organization","@id":"https:\/\/multi-gyn.com\/sk\/#organization","name":"Multi-Gyn","url":"https:\/\/multi-gyn.com\/sk\/","logo":{"@type":"ImageObject","inLanguage":"sk-SK","@id":"https:\/\/multi-gyn.com\/sk\/#\/schema\/logo\/image\/","url":"https:\/\/multi-gyn.com\/app\/uploads\/sites\/48\/2023\/06\/multi-gyn-logo.png","contentUrl":"https:\/\/multi-gyn.com\/app\/uploads\/sites\/48\/2023\/06\/multi-gyn-logo.png","width":149,"height":32,"caption":"Multi-Gyn"},"image":{"@id":"https:\/\/multi-gyn.com\/sk\/#\/schema\/logo\/image\/"}}]}},"_links":{"self":[{"href":"https:\/\/multi-gyn.com\/sk\/wp-json\/wp\/v2\/pages\/71","targetHints":{"allow":["GET"]}}],"collection":[{"href":"https:\/\/multi-gyn.com\/sk\/wp-json\/wp\/v2\/pages"}],"about":[{"href":"https:\/\/multi-gyn.com\/sk\/wp-json\/wp\/v2\/types\/page"}],"author":[{"embeddable":true,"href":"https:\/\/multi-gyn.com\/sk\/wp-json\/wp\/v2\/users\/2"}],"replies":[{"embeddable":true,"href":"https:\/\/multi-gyn.com\/sk\/wp-json\/wp\/v2\/comments?post=71"}],"version-history":[{"count":4,"href":"https:\/\/multi-gyn.com\/sk\/wp-json\/wp\/v2\/pages\/71\/revisions"}],"predecessor-version":[{"id":526,"href":"https:\/\/multi-gyn.com\/sk\/wp-json\/wp\/v2\/pages\/71\/revisions\/526"}],"up":[{"embeddable":true,"href":"https:\/\/multi-gyn.com\/sk\/wp-json\/wp\/v2\/pages\/53"}],"wp:attachment":[{"href":"https:\/\/multi-gyn.com\/sk\/wp-json\/wp\/v2\/media?parent=71"}],"wp:term":[{"taxonomy":"from-article-database","embeddable":true,"href":"https:\/\/multi-gyn.com\/sk\/wp-json\/wp\/v2\/from-article-database?post=71"}],"curies":[{"name":"wp","href":"https:\/\/api.w.org\/{rel}","templated":true}]}}