{"id":75,"date":"2023-06-02T09:33:12","date_gmt":"2023-06-02T07:33:12","guid":{"rendered":"https:\/\/multi-gyn.com\/sk\/?page_id=75"},"modified":"2024-03-11T13:55:52","modified_gmt":"2024-03-11T12:55:52","slug":"anatomia-posvy","status":"publish","type":"page","link":"https:\/\/multi-gyn.com\/sk\/posvove-zdravie\/hlavna\/anatomia-posvy\/","title":{"rendered":"Anat\u00f3mia po\u0161vy"},"content":{"rendered":"\n<div class=\"wp-block-karopharma-free-text pt-large pb-large bg-center bg-cover bg-no-repeat  is-style-primary\" style=\"background-image:url()\"><div class=\"free-text-wrapper container max-w-medium text-left\">\n<h1 class=\"is-style-heading-large wp-block-heading\">Anat\u00f3mia po\u0161vy<\/h1>\n\n\n\n<p class=\"is-style-paragraph-preamble\">Po\u0161va je elastick\u00fd, svalov\u00fd org\u00e1n, ktor\u00fd sp\u00e1ja maternicu s vonkaj\u0161\u00edmi reproduk\u010dn\u00fdmi org\u00e1nmi. Je d\u00f4le\u017eit\u00e9 vedie\u0165, \u017ee vzh\u013ead na\u0161ej int\u00edmnej oblasti je ve\u013emi individu\u00e1lny \u2013 \u017eensk\u00e9 pohlavn\u00e9 org\u00e1ny (genit\u00e1lie) sa m\u00f4\u017eu u ka\u017edej \u017eeny l\u00ed\u0161i\u0165 tvarom, ve\u013ekos\u0165ou, farbou, \u0161trukt\u00farou a celkov\u00fdm vzh\u013eadom. Nau\u010dte sa viac o anat\u00f3mii po\u0161vy, aby ste lep\u0161ie pochopili, ako t\u00e1to fascinuj\u00faca \u010das\u0165 \u017eensk\u00e9ho tela funguje.<\/p>\n<\/div><\/div>\n\n\n\n<div class=\"wp-block-karopharma-free-text pt-large pb-large bg-center bg-cover bg-no-repeat\" style=\"background-image:url()\"><div class=\"free-text-wrapper container max-w-medium text-left\">\n<h2 class=\"is-style-heading-h2 wp-block-heading\">Vonkaj\u0161ia int\u00edmna oblas\u0165<\/h2>\n\n\n\n<p>Po\u0161va je spojen\u00e1 s vulvou, ktor\u00fa tvoria vonkaj\u0161ie a vn\u00fatorn\u00e9 pysky ohanbia, klitoris a vstupy do po\u0161vy a mo\u010dovej r\u00fary. \u013dudia si niekedy m\u00fdlia vulvu s po\u0161vou \u2013 naj\u013eah\u0161\u00ed sp\u00f4sob, ako ich rozl\u00ed\u0161i\u0165 je, \u017ee vulvu m\u00f4\u017eeme vidie\u0165 pri pozorovan\u00ed svojej int\u00edmnej oblasti pomocou zrkadla. Po\u0161va sa nach\u00e1dza vo vn\u00fatri tela a jedin\u00fd sp\u00f4sob, ako ju mo\u017eno pozorova\u0165 je pomocou spekula (gynekologick\u00e9 zrkadielko), ktor\u00e9 gynekol\u00f3g pou\u017e\u00edva po\u010das gynekologickej prehliadky alebo pri stere z kr\u010dka maternice.<\/p>\n\n\n\n<p>Vstup do po\u0161vy je kryt\u00fd dvomi p\u00e1rmi pyskov ohanbia \u2013 ve\u013ek\u00fdmi a mal\u00fdmi. Jedn\u00e1 sa o vonkaj\u0161ie pysky vulvy, ktor\u00e9 chr\u00e1nia po\u0161vu pred infekciami a poskytuj\u00fa stimul\u00e1ciu po\u010das pohlavn\u00e9ho styku. S\u00fa ve\u013emi citliv\u00e9. Pod pyskami ohanbia sa ukr\u00fdva klitoris. Toto citliv\u00e9 tkanivo o ve\u013ekosti hr\u00e1\u0161ku je pravdepodobne najcitlivej\u0161ou \u010das\u0165ou \u017eensk\u00e9ho tela. Stimul\u00e1cia klitorisu sp\u00f4sobuje vzru\u0161enie a m\u00f4\u017ee vies\u0165 k orgazmu, \u010do rob\u00ed klitoris ve\u013emi d\u00f4le\u017eit\u00fdm org\u00e1nom pre sexu\u00e1lne pote\u0161enie. Po\u010das vzru\u0161enia sa m\u00f4\u017ee v\u00e1\u0161 klitoris zv\u00e4\u010d\u0161i\u0165 kv\u00f4li zv\u00fd\u0161enej cirkul\u00e1cii krvi v genit\u00e1lnej oblasti, \u010do je \u00faplne norm\u00e1lne.<\/p>\n\n\n\n<p>Vstup domo\u010dovej r\u00fary sa nach\u00e1dza priamo pod klitorisom. Mo\u010d vych\u00e1dzaj\u00faci z mech\u00fara ide cez mo\u010dov\u00fa r\u00faru a dost\u00e1va sa von t\u00fdmto Vstup do mo\u010dovej r\u00fary sa nach\u00e1dza priamo pod klitorisom. Mo\u010d vych\u00e1dzaj\u00faci z mo\u010dov\u00e9ho mech\u00fara ide cez mo\u010dov\u00fa r\u00faru a dost\u00e1va sa von t\u00fdmto otvorom. Otvor samotn\u00fd je uzatvoren\u00fd okr\u00fahlym svalom, ktor\u00fd umo\u017e\u0148uje udr\u017ea\u0165 mo\u010d, k\u00fdm sa dostaneme na toaletu. Niekedy sa tento sval m\u00f4\u017ee oslabi\u0165, \u010do vedie k mo\u010dovej inkontinencii.<\/p>\n\n\n\n<p class=\"is-style-paragraph-preamble has-primary-color has-text-color\"><em>\u201eJe d\u00f4le\u017eit\u00e9 vedie\u0165, \u017ee vzh\u013ead na\u0161ej int\u00edmnej oblasti je ve\u013emi individu\u00e1lny \u2013 \u017eensk\u00e9 pohlavn\u00e9 org\u00e1ny (genit\u00e1lie) sa m\u00f4\u017eu u ka\u017edej \u017eeny l\u00ed\u0161i\u0165 tvarom, ve\u013ekos\u0165ou, farbou, \u0161trukt\u00farou a celkov\u00fdm vzh\u013eadom.\u201c<\/em><\/p>\n\n\n\n<h2 class=\"is-style-heading-h2 wp-block-heading\">Po\u0161va<\/h2>\n\n\n\n<p>Vstup do po\u0161vy sa nach\u00e1dza pod mo\u010dovou r\u00farou. Je to miesto, v ktorom men\u0161trua\u010dn\u00e1 krv op\u00fa\u0161\u0165a telo, kde s\u00fa vkladan\u00e9 tamp\u00f3ny, po\u0161vov\u00e9 \u010d\u00edpky a kde sa aplikuj\u00fa lubrikanty. Po\u010das pohlavn\u00e9ho styku je to miesto, v ktorom penis prenik\u00e1 do po\u0161vy. Vn\u00fatro po\u0161vy je pokryt\u00e9 citliv\u00fdm tkanivom, ktor\u00e9 sa l\u00ed\u0161i \u0161trukt\u00farou a vlhkos\u0165ou v z\u00e1vislosti od \u0161pecifick\u00fdch faktorov, ako s\u00fa sexu\u00e1lne vzru\u0161enie, tehotenstvo, choroba, doj\u010denie, men\u0161tru\u00e1cia a menopauza. Toto tkanivo obsahuje ve\u013ea \u017eliaz, ktor\u00e9 vylu\u010duj\u00fa po\u0161vov\u00fa tekutinu \u010di <a href=\"https:\/\/multi-gyn.com\/sk\/posvove-zdravie\/problemy\/je-moj-posvovy-vytok-normalny\/\">po\u0161vov\u00fd v\u00fdtok<\/a>, ktor\u00fd je d\u00f4le\u017eit\u00fd na zvlh\u010dovanie a ochranu pred infekciami. Po\u0161va m\u00e1 v\u00fdborn\u00fa elasticitu a dok\u00e1\u017ee sa roztiahnu\u0165 dostato\u010dne na to, aby sa z nej stal p\u00f4rodn\u00fd kan\u00e1l pre die\u0165a vych\u00e1dzaj\u00face z maternice, tie\u017e zn\u00e1mej ako lono.<\/p>\n\n\n\n<p>Bl\u00edzko po\u0161vov\u00e9ho otvoru sa nach\u00e1dza tenk\u00e1 membr\u00e1na naz\u00fdvan\u00e1 hymen. K pretrhnutiu tejto membr\u00e1ny doch\u00e1dza naj\u010dastej\u0161ie po\u010das prv\u00e9ho pohlavn\u00e9ho styku, \u010do m\u00f4\u017ee sp\u00f4sobi\u0165 jemn\u00e9 krv\u00e1canie. Panensk\u00e1 blana sa v\u0161ak m\u00f4\u017ee pretrhn\u00fa\u0165 aj pri cvi\u010den\u00ed, \u0161porte a vn\u00fatornej prehliadke.<\/p>\n\n\n\n<p>Po\u0161va a ostatn\u00e9 reproduk\u010dn\u00e9 org\u00e1ny s\u00fa na svojom mieste dr\u017ean\u00e9 svalmi panvov\u00e9ho dna. Tieto svaly zabra\u0148uj\u00fa vypadnutiu t\u00fdchto org\u00e1nov a inkontinencii (nedobrovo\u013en\u00fd \u00fanik mo\u010du). Spevnen\u00e9 m\u00f4\u017eu by\u0165 pomocou cvikov panvov\u00e9ho dna, zn\u00e1mych ako <a href=\"https:\/\/multi-gyn.com\/sk\/posvove-zdravie\/starostlivost\/cvicenia-na-panvove-dno-ci-kegelove-cvicenia-pre-zdravu-posvu\/\">Kegelove cviky<\/a>.<\/p>\n\n\n\n<p>Opa\u010dn\u00fd koniec po\u0161vy je spojen\u00fd s kr\u010dkom maternice. Kr\u010dok maternice m\u00e1 ve\u013emi mal\u00fd otvor, ktor\u00fd zamedzuje vstupu v\u0161etk\u00e9mu, \u010do by do maternice vnikn\u00fa\u0165 nemalo. Po\u010das p\u00f4rodu sa kr\u010dok enormne roz\u0165ahuje, \u010do umo\u017e\u0148uje b\u00e1b\u00e4tku prejs\u0165 z maternice cez po\u0161vu a\u017e von.<\/p>\n<\/div><\/div>\n","protected":false},"excerpt":{"rendered":"","protected":false},"author":2,"featured_media":0,"parent":53,"menu_order":7,"comment_status":"closed","ping_status":"closed","template":"","meta":{"_acf_changed":false,"footnotes":""},"from-article-database":[],"class_list":["post-75","page","type-page","status-publish","hentry"],"acf":[],"yoast_head":"<!-- This site is optimized with the Yoast SEO plugin v26.6 - https:\/\/yoast.com\/wordpress\/plugins\/seo\/ -->\n<title>Anat\u00f3mia po\u0161vy - Multi-Gyn<\/title>\n<meta name=\"description\" content=\"Nau\u010dte sa viac o anat\u00f3mii po\u0161vy, aby ste lep\u0161ie pochopili, ako t\u00e1to fascinuj\u00faca \u010das\u0165 \u017eensk\u00e9ho tela funguje.\" \/>\n<meta name=\"robots\" content=\"index, follow, max-snippet:-1, max-image-preview:large, max-video-preview:-1\" \/>\n<link rel=\"canonical\" href=\"https:\/\/multi-gyn.com\/sk\/posvove-zdravie\/hlavna\/anatomia-posvy\/\" \/>\n<meta property=\"og:locale\" content=\"sk_SK\" \/>\n<meta property=\"og:type\" content=\"article\" \/>\n<meta property=\"og:title\" content=\"Anat\u00f3mia po\u0161vy - Multi-Gyn\" \/>\n<meta property=\"og:description\" content=\"Nau\u010dte sa viac o anat\u00f3mii po\u0161vy, aby ste lep\u0161ie pochopili, ako t\u00e1to fascinuj\u00faca \u010das\u0165 \u017eensk\u00e9ho tela funguje.\" \/>\n<meta property=\"og:url\" content=\"https:\/\/multi-gyn.com\/sk\/posvove-zdravie\/hlavna\/anatomia-posvy\/\" \/>\n<meta property=\"og:site_name\" content=\"Multi-Gyn\" \/>\n<meta property=\"article:modified_time\" content=\"2024-03-11T12:55:52+00:00\" \/>\n<meta name=\"twitter:card\" content=\"summary_large_image\" \/>\n<meta name=\"twitter:label1\" content=\"Predpokladan\u00fd \u010das \u010d\u00edtania\" \/>\n\t<meta name=\"twitter:data1\" content=\"3 min\u00faty\" \/>\n<script type=\"application\/ld+json\" class=\"yoast-schema-graph\">{\"@context\":\"https:\/\/schema.org\",\"@graph\":[{\"@type\":\"WebPage\",\"@id\":\"https:\/\/multi-gyn.com\/sk\/posvove-zdravie\/hlavna\/anatomia-posvy\/\",\"url\":\"https:\/\/multi-gyn.com\/sk\/posvove-zdravie\/hlavna\/anatomia-posvy\/\",\"name\":\"Anat\u00f3mia po\u0161vy - Multi-Gyn\",\"isPartOf\":{\"@id\":\"https:\/\/multi-gyn.com\/sk\/#website\"},\"datePublished\":\"2023-06-02T07:33:12+00:00\",\"dateModified\":\"2024-03-11T12:55:52+00:00\",\"description\":\"Nau\u010dte sa viac o anat\u00f3mii po\u0161vy, aby ste lep\u0161ie pochopili, ako t\u00e1to fascinuj\u00faca \u010das\u0165 \u017eensk\u00e9ho tela funguje.\",\"breadcrumb\":{\"@id\":\"https:\/\/multi-gyn.com\/sk\/posvove-zdravie\/hlavna\/anatomia-posvy\/#breadcrumb\"},\"inLanguage\":\"sk-SK\",\"potentialAction\":[{\"@type\":\"ReadAction\",\"target\":[\"https:\/\/multi-gyn.com\/sk\/posvove-zdravie\/hlavna\/anatomia-posvy\/\"]}]},{\"@type\":\"BreadcrumbList\",\"@id\":\"https:\/\/multi-gyn.com\/sk\/posvove-zdravie\/hlavna\/anatomia-posvy\/#breadcrumb\",\"itemListElement\":[{\"@type\":\"ListItem\",\"position\":1,\"name\":\"Home\",\"item\":\"https:\/\/multi-gyn.com\/sk\/\"},{\"@type\":\"ListItem\",\"position\":2,\"name\":\"Po\u0161vov\u00e9 zdravie\",\"item\":\"https:\/\/multi-gyn.com\/sk\/posvove-zdravie\/\"},{\"@type\":\"ListItem\",\"position\":3,\"name\":\"Hlavn\u00e1\",\"item\":\"https:\/\/multi-gyn.com\/sk\/posvove-zdravie\/hlavna\/\"},{\"@type\":\"ListItem\",\"position\":4,\"name\":\"Anat\u00f3mia po\u0161vy\"}]},{\"@type\":\"WebSite\",\"@id\":\"https:\/\/multi-gyn.com\/sk\/#website\",\"url\":\"https:\/\/multi-gyn.com\/sk\/\",\"name\":\"Multi-Gyn\",\"description\":\"\",\"publisher\":{\"@id\":\"https:\/\/multi-gyn.com\/sk\/#organization\"},\"potentialAction\":[{\"@type\":\"SearchAction\",\"target\":{\"@type\":\"EntryPoint\",\"urlTemplate\":\"https:\/\/multi-gyn.com\/sk\/?s={search_term_string}\"},\"query-input\":{\"@type\":\"PropertyValueSpecification\",\"valueRequired\":true,\"valueName\":\"search_term_string\"}}],\"inLanguage\":\"sk-SK\"},{\"@type\":\"Organization\",\"@id\":\"https:\/\/multi-gyn.com\/sk\/#organization\",\"name\":\"Multi-Gyn\",\"url\":\"https:\/\/multi-gyn.com\/sk\/\",\"logo\":{\"@type\":\"ImageObject\",\"inLanguage\":\"sk-SK\",\"@id\":\"https:\/\/multi-gyn.com\/sk\/#\/schema\/logo\/image\/\",\"url\":\"https:\/\/multi-gyn.com\/app\/uploads\/sites\/48\/2023\/06\/multi-gyn-logo.png\",\"contentUrl\":\"https:\/\/multi-gyn.com\/app\/uploads\/sites\/48\/2023\/06\/multi-gyn-logo.png\",\"width\":149,\"height\":32,\"caption\":\"Multi-Gyn\"},\"image\":{\"@id\":\"https:\/\/multi-gyn.com\/sk\/#\/schema\/logo\/image\/\"}}]}<\/script>\n<!-- \/ Yoast SEO plugin. -->","yoast_head_json":{"title":"Anat\u00f3mia po\u0161vy - Multi-Gyn","description":"Nau\u010dte sa viac o anat\u00f3mii po\u0161vy, aby ste lep\u0161ie pochopili, ako t\u00e1to fascinuj\u00faca \u010das\u0165 \u017eensk\u00e9ho tela funguje.","robots":{"index":"index","follow":"follow","max-snippet":"max-snippet:-1","max-image-preview":"max-image-preview:large","max-video-preview":"max-video-preview:-1"},"canonical":"https:\/\/multi-gyn.com\/sk\/posvove-zdravie\/hlavna\/anatomia-posvy\/","og_locale":"sk_SK","og_type":"article","og_title":"Anat\u00f3mia po\u0161vy - Multi-Gyn","og_description":"Nau\u010dte sa viac o anat\u00f3mii po\u0161vy, aby ste lep\u0161ie pochopili, ako t\u00e1to fascinuj\u00faca \u010das\u0165 \u017eensk\u00e9ho tela funguje.","og_url":"https:\/\/multi-gyn.com\/sk\/posvove-zdravie\/hlavna\/anatomia-posvy\/","og_site_name":"Multi-Gyn","article_modified_time":"2024-03-11T12:55:52+00:00","twitter_card":"summary_large_image","twitter_misc":{"Predpokladan\u00fd \u010das \u010d\u00edtania":"3 min\u00faty"},"schema":{"@context":"https:\/\/schema.org","@graph":[{"@type":"WebPage","@id":"https:\/\/multi-gyn.com\/sk\/posvove-zdravie\/hlavna\/anatomia-posvy\/","url":"https:\/\/multi-gyn.com\/sk\/posvove-zdravie\/hlavna\/anatomia-posvy\/","name":"Anat\u00f3mia po\u0161vy - Multi-Gyn","isPartOf":{"@id":"https:\/\/multi-gyn.com\/sk\/#website"},"datePublished":"2023-06-02T07:33:12+00:00","dateModified":"2024-03-11T12:55:52+00:00","description":"Nau\u010dte sa viac o anat\u00f3mii po\u0161vy, aby ste lep\u0161ie pochopili, ako t\u00e1to fascinuj\u00faca \u010das\u0165 \u017eensk\u00e9ho tela funguje.","breadcrumb":{"@id":"https:\/\/multi-gyn.com\/sk\/posvove-zdravie\/hlavna\/anatomia-posvy\/#breadcrumb"},"inLanguage":"sk-SK","potentialAction":[{"@type":"ReadAction","target":["https:\/\/multi-gyn.com\/sk\/posvove-zdravie\/hlavna\/anatomia-posvy\/"]}]},{"@type":"BreadcrumbList","@id":"https:\/\/multi-gyn.com\/sk\/posvove-zdravie\/hlavna\/anatomia-posvy\/#breadcrumb","itemListElement":[{"@type":"ListItem","position":1,"name":"Home","item":"https:\/\/multi-gyn.com\/sk\/"},{"@type":"ListItem","position":2,"name":"Po\u0161vov\u00e9 zdravie","item":"https:\/\/multi-gyn.com\/sk\/posvove-zdravie\/"},{"@type":"ListItem","position":3,"name":"Hlavn\u00e1","item":"https:\/\/multi-gyn.com\/sk\/posvove-zdravie\/hlavna\/"},{"@type":"ListItem","position":4,"name":"Anat\u00f3mia po\u0161vy"}]},{"@type":"WebSite","@id":"https:\/\/multi-gyn.com\/sk\/#website","url":"https:\/\/multi-gyn.com\/sk\/","name":"Multi-Gyn","description":"","publisher":{"@id":"https:\/\/multi-gyn.com\/sk\/#organization"},"potentialAction":[{"@type":"SearchAction","target":{"@type":"EntryPoint","urlTemplate":"https:\/\/multi-gyn.com\/sk\/?s={search_term_string}"},"query-input":{"@type":"PropertyValueSpecification","valueRequired":true,"valueName":"search_term_string"}}],"inLanguage":"sk-SK"},{"@type":"Organization","@id":"https:\/\/multi-gyn.com\/sk\/#organization","name":"Multi-Gyn","url":"https:\/\/multi-gyn.com\/sk\/","logo":{"@type":"ImageObject","inLanguage":"sk-SK","@id":"https:\/\/multi-gyn.com\/sk\/#\/schema\/logo\/image\/","url":"https:\/\/multi-gyn.com\/app\/uploads\/sites\/48\/2023\/06\/multi-gyn-logo.png","contentUrl":"https:\/\/multi-gyn.com\/app\/uploads\/sites\/48\/2023\/06\/multi-gyn-logo.png","width":149,"height":32,"caption":"Multi-Gyn"},"image":{"@id":"https:\/\/multi-gyn.com\/sk\/#\/schema\/logo\/image\/"}}]}},"_links":{"self":[{"href":"https:\/\/multi-gyn.com\/sk\/wp-json\/wp\/v2\/pages\/75","targetHints":{"allow":["GET"]}}],"collection":[{"href":"https:\/\/multi-gyn.com\/sk\/wp-json\/wp\/v2\/pages"}],"about":[{"href":"https:\/\/multi-gyn.com\/sk\/wp-json\/wp\/v2\/types\/page"}],"author":[{"embeddable":true,"href":"https:\/\/multi-gyn.com\/sk\/wp-json\/wp\/v2\/users\/2"}],"replies":[{"embeddable":true,"href":"https:\/\/multi-gyn.com\/sk\/wp-json\/wp\/v2\/comments?post=75"}],"version-history":[{"count":4,"href":"https:\/\/multi-gyn.com\/sk\/wp-json\/wp\/v2\/pages\/75\/revisions"}],"predecessor-version":[{"id":629,"href":"https:\/\/multi-gyn.com\/sk\/wp-json\/wp\/v2\/pages\/75\/revisions\/629"}],"up":[{"embeddable":true,"href":"https:\/\/multi-gyn.com\/sk\/wp-json\/wp\/v2\/pages\/53"}],"wp:attachment":[{"href":"https:\/\/multi-gyn.com\/sk\/wp-json\/wp\/v2\/media?parent=75"}],"wp:term":[{"taxonomy":"from-article-database","embeddable":true,"href":"https:\/\/multi-gyn.com\/sk\/wp-json\/wp\/v2\/from-article-database?post=75"}],"curies":[{"name":"wp","href":"https:\/\/api.w.org\/{rel}","templated":true}]}}