{"id":77,"date":"2023-06-02T10:16:20","date_gmt":"2023-06-02T08:16:20","guid":{"rendered":"https:\/\/multi-gyn.com\/sk\/?page_id=77"},"modified":"2023-09-20T11:49:04","modified_gmt":"2023-09-20T09:49:04","slug":"skodia-tampony-posve","status":"publish","type":"page","link":"https:\/\/multi-gyn.com\/sk\/posvove-zdravie\/infekcie\/skodia-tampony-posve\/","title":{"rendered":"\u0160kodia tamp\u00f3ny po\u0161ve?"},"content":{"rendered":"\n<div class=\"wp-block-karopharma-free-text pt-large pb-large bg-center bg-cover bg-no-repeat  is-style-primary\" style=\"background-image:url()\"><div class=\"free-text-wrapper container max-w-medium text-left\">\n<h1 class=\"is-style-heading-large wp-block-heading\">\u0160kodia tamp\u00f3ny po\u0161ve?<\/h1>\n\n\n\n<p class=\"is-style-paragraph-preamble\">Mnoho \u017eien si po\u010das men\u0161tru\u00e1cie vyber\u00e1 pou\u017e\u00edvanie tamp\u00f3nov a d\u00f4vod je jednoduch\u00fd. Tamp\u00f3ny s\u00fa diskr\u00e9tne a umo\u017e\u0148uj\u00fa bez probl\u00e9mov vies\u0165 ka\u017edodenn\u00fd akt\u00edvny \u017eivot. V poslednej dobe bola na soci\u00e1lnych sie\u0165ach \u010dasto preberan\u00e1 t\u00e9ma oh\u013eadom ot\u00e1zky, \u010di tamp\u00f3ny nie s\u00fa zdraviu \u0161kodliv\u00e9. \u010c\u00edtajte \u010falej a dozviete sa viac.<\/p>\n<\/div><\/div>\n\n\n\n<div class=\"wp-block-karopharma-free-text pt-large pb-large bg-center bg-cover bg-no-repeat\" style=\"background-image:url()\"><div class=\"free-text-wrapper container max-w-medium text-left\">\n<h2 class=\"is-style-heading-h2 wp-block-heading\">S\u00fa tamp\u00f3ny bezpe\u010dn\u00e9?<\/h2>\n\n\n\n<p>V s\u00fa\u010dasnosti neexistuje v\u00fdskum alebo ak\u00e9ko\u013evek d\u00f4kazy o tom, \u017ee by tamp\u00f3ny \u0161kodili zdraviu. Ich pravideln\u00e9 vymie\u0148anie a udr\u017eovanie spr\u00e1vnej int\u00edmnej hygieny V\u00e1m m\u00f4\u017ee pom\u00f4c\u0165 vyhn\u00fa\u0165 sa \u010dast\u00fdm probl\u00e9mom s po\u0161vou.<\/p>\n\n\n\n<p>Tamp\u00f3ny s\u00fa be\u017ene vyr\u00e1ban\u00e9 zo zmesi bavlny a hodv\u00e1bu v kombin\u00e1cii s umelou hmotou a in\u00fdmi syntetick\u00fdmi materi\u00e1lmi a chemik\u00e1liami na zv\u00fd\u0161enie ich absorp\u010dnej schopnosti. Rovnako ako aj u in\u00fdch produktov je prospe\u0161nej\u0161ie, ak budete preferova\u0165 organick\u00e9, nebielen\u00e9 bavlnen\u00e9 tamp\u00f3ny, alebo si vyberiete mo\u017enos\u0165, ktor\u00e1 je \u0161etrnej\u0161ia k \u017eivotn\u00e9mu prostrediu \u2013 napr. men\u0161trua\u010dn\u00e9 kal\u00ed\u0161ky na opakovan\u00e9 pou\u017eitie.<\/p>\n\n\n\n<h2 class=\"is-style-heading-h2 wp-block-heading\">Ako \u010dasto si m\u00e1m vymie\u0148a\u0165 tamp\u00f3n?<\/h2>\n\n\n\n<p>Po\u0161va je ve\u013emi efekt\u00edvna v samo\u010disten\u00ed. Zdrav\u00e1 po\u0161va si udr\u017euje ekosyst\u00e9m mikroorganizmov a tekut\u00edn (norm\u00e1lny zdrav\u00fd v\u00fdtok), ktor\u00e9 reguluj\u00fa jej pH a udr\u017euj\u00fa ho na \u00farovni, ktor\u00e1 zamedzuje premno\u017eeniu \u0161kodliv\u00fdch bakt\u00e9ri\u00ed.<\/p>\n\n\n\n<p>Po\u010das men\u0161tru\u00e1cie Va\u0161e telo produkuje norm\u00e1lne po\u0161vov\u00e9 tekutiny (zdrav\u00fd v\u00fdtok) a zdraviu prospe\u0161n\u00e9 bakt\u00e9rie, ktor\u00e9 po\u0161vu udr\u017euj\u00fa zdrav\u00fa. Tamp\u00f3ny s\u00fa v\u0161ak vyroben\u00e9 tak, aby mali \u010do najv\u00e4\u010d\u0161iu savos\u0165 a zatia\u013e \u010do efekt\u00edvne absorbuj\u00fa men\u0161trua\u010dn\u00fa krv, absorbuj\u00fa z\u00e1rove\u0148 aj v\u0161etky prirodzene sa v po\u0161ve vyskytuj\u00face bakt\u00e9rie a tekutiny. To m\u00f4\u017ee oslabi\u0165 samo\u010distiacu schopnos\u0165 po\u0161vy, ako aj jej schopnos\u0165 regulova\u0165 pH hodnotu, \u010do m\u00f4\u017ee vies\u0165 k podr\u00e1\u017edeniu \u010di dokonca k infekcii.<\/p>\n\n\n\n<p>Tamp\u00f3n je najlep\u0161ie meni\u0165 ka\u017ed\u00e9 3 \u2013 4 hodiny, tie\u017e predt\u00fdm, ako idete spa\u0165 a hne\u010f r\u00e1no, ke\u010f sa prebud\u00edte.<\/p>\n\n\n\n<h2 class=\"is-style-heading-h2 wp-block-heading\">Vyberte si vhodn\u00fa savos\u0165 tamp\u00f3nov pod\u013ea intenzity Va\u0161ej men\u0161tru\u00e1cie<\/h2>\n\n\n\n<p>Je d\u00f4le\u017eit\u00e9 si vybra\u0165 vhodn\u00e9 tamp\u00f3ny pod\u013ea intenzity Va\u0161ej men\u0161tru\u00e1cie. Pou\u017e\u00edvanie tamp\u00f3nov s pr\u00edli\u0161 ve\u013ekou absorp\u010dnou schopnos\u0165ou a ich ponech\u00e1vanie v po\u0161ve pr\u00edli\u0161 dlh\u00fa dobu vytv\u00e1ra ide\u00e1lne prostredie pre bakteri\u00e1lne probl\u00e9my. Ak si v\u0161imnete <a href=\"https:\/\/multi-gyn.com\/sk\/posvove-zdravie\/infekcie\/akej-farby-je-vas-vytok\/\">zmenu farby, \u0161trukt\u00fary alebo z\u00e1pachu<\/a> V\u00e1\u0161ho be\u017en\u00e9ho <a href=\"https:\/\/multi-gyn.com\/sk\/posvove-zdravie\/problemy\/je-moj-posvovy-vytok-normalny\/\">po\u0161vov\u00e9ho v\u00fdtoku<\/a>, mali by ste okam\u017eite presta\u0165 tamp\u00f3ny pou\u017e\u00edva\u0165. Nikdy nepou\u017e\u00edvajte tamp\u00f3ny na absorpciu po\u0161vov\u00e9ho v\u00fdtoku, m\u00f4\u017ee to vies\u0165 k zhor\u0161eniu probl\u00e9mu a z\u00e1rove\u0148 riskujete vznik z\u00e1va\u017enej\u0161ej infekcie.<\/p>\n\n\n\n<p>Po\u010das men\u0161tru\u00e1cie je spr\u00e1vna <a href=\"https:\/\/multi-gyn.com\/sk\/posvove-zdravie\/starostlivost\/posvova-hygiena-co-ano-a-co-nie\/\">int\u00edmna hygiena<\/a> ve\u013emi d\u00f4le\u017eit\u00e1. V priebehu Va\u0161ich dn\u00ed iste ocen\u00edte jemn\u00fa \u010distiacu penu \u010di sprchu. Rozhodne sa vyhnite parfumovan\u00fdm \u010di z\u00e1sadit\u00fdm mydlov\u00fdm pr\u00edpravkom, ktor\u00e9 m\u00f4\u017eu naru\u0161i\u0165 jemne kysl\u00e9 pH Va\u0161ej po\u0161vy. Rovnako ako jemn\u00e9 \u010distenie Va\u0161ej int\u00edmnej oblasti, aj pravideln\u00e9 vymie\u0148anie tamp\u00f3nov a vlo\u017eiek V\u00e1m pom\u00f4\u017ee vyhn\u00fa\u0165 sa \u010dast\u00fdm po\u0161vov\u00fdm zdravotn\u00fdm probl\u00e9mom.<\/p>\n\n\n\n<h2 class=\"is-style-heading-h2 wp-block-heading\">\u010co je to syndr\u00f3m toxick\u00e9ho \u0161oku?<\/h2>\n\n\n\n<p>V 80-tych rokoch bolo roz\u0161\u00edren\u00e9 znepokojenie oh\u013eadom syndr\u00f3mu toxick\u00e9ho \u0161oku \u2013 Toxic Shock Syndrome (TSS) v s\u00favislosti s pou\u017e\u00edvan\u00edm tamp\u00f3nov. Odvtedy v\u0161ak v\u00fdrobcovia tamp\u00f3nov zna\u010dne zlep\u0161ili svoje produkty a zv\u00fd\u0161ilo sa aj povedomie o dobrom po\u0161vovom zdrav\u00ed. TSS sa objavuje u\u017e len ve\u013emi zriedkavo.<\/p>\n\n\n\n<p>TSS sp\u00f4sobuj\u00fa Staphylococcus aureus a Streptococcus pyogenes \u2013 bakt\u00e9rie, ktor\u00e9 sa r\u00fdchlo mno\u017eia a dost\u00e1vaj\u00fa sa do krvn\u00e9ho obehu. V\u00e4\u010d\u0161ina \u013eud\u00ed si vytvorila protil\u00e1tky, ktor\u00e9 ich chr\u00e1nia pred t\u00fdmito tox\u00ednmi, no vo vz\u00e1cnych pr\u00edpadoch sa TSS objavuje.<\/p>\n\n\n\n<h2 class=\"is-style-heading-h2 wp-block-heading\">Sp\u00f4sobuj\u00fa tamp\u00f3ny toxick\u00fd \u0161ok?<\/h2>\n\n\n\n<p>Treba si uvedomi\u0165, \u017ee tamp\u00f3ny TSS nesp\u00f4sobuj\u00fa, ale m\u00f4\u017eu zv\u00fd\u0161i\u0165 riziko jeho v\u00fdskytu. Presn\u00fd vz\u0165ah medzi pou\u017e\u00edvan\u00edm tamp\u00f3nov a TSS nie je jasn\u00fd, no ponechanie pr\u00edli\u0161 sav\u00e9ho tamp\u00f3nu v po\u0161ve pr\u00edli\u0161 dlh\u00fa dobu rozhodne zvy\u0161uje riziko. Rovnako ako s pou\u017e\u00edvan\u00edm tamp\u00f3nov, TSS bolo sp\u00e1jan\u00e9 aj s poraneniami poko\u017eky, oper\u00e1ciami \u010di p\u00f4rodmi, pou\u017e\u00edvan\u00edm materi\u00e1lov na obv\u00e4zovanie r\u00e1n, antikoncep\u010dn\u00fdch membr\u00e1n a po\u0161vov\u00fdch antikoncep\u010dn\u00fdch vkladov, ktor\u00e9 boli nechan\u00e9 v po\u0161ve pr\u00edli\u0161 dlh\u00fa dobu.<\/p>\n\n\n\n<p>Pr\u00edznaky TSS s\u00fa ve\u013emi podobn\u00e9 chr\u00edpke, s\u00fa \u0165a\u017eko rozoznate\u013en\u00e9 a doch\u00e1dza k nim n\u00e1hle. Ak pou\u017e\u00edvate tamp\u00f3ny a z\u00e1rove\u0148 m\u00e1te podozrenie, \u017ee by ste mohli ma\u0165 infekciu, ihne\u010f kontaktujte svojho gynekol\u00f3ga.<\/p>\n<\/div><\/div>\n","protected":false},"excerpt":{"rendered":"","protected":false},"author":2,"featured_media":0,"parent":55,"menu_order":1,"comment_status":"closed","ping_status":"closed","template":"","meta":{"_acf_changed":false,"footnotes":""},"from-article-database":[],"class_list":["post-77","page","type-page","status-publish","hentry"],"acf":[],"yoast_head":"<!-- This site is optimized with the Yoast SEO plugin v26.6 - https:\/\/yoast.com\/wordpress\/plugins\/seo\/ -->\n<title>\u0160kodia tamp\u00f3ny po\u0161ve? - Multi-Gyn<\/title>\n<meta name=\"description\" content=\"Mnoho \u017eien si po\u010das men\u0161tru\u00e1cie vyber\u00e1 pou\u017e\u00edvanie tamp\u00f3nov a d\u00f4vod je jednoduch\u00fd. Tamp\u00f3ny s\u00fa diskr\u00e9tne a umo\u017e\u0148uj\u00fa bez probl\u00e9mov vies\u0165 ka\u017edodenn\u00fd akt\u00edvny \u017eivot.\" \/>\n<meta name=\"robots\" content=\"index, follow, max-snippet:-1, max-image-preview:large, max-video-preview:-1\" \/>\n<link rel=\"canonical\" href=\"https:\/\/multi-gyn.com\/sk\/posvove-zdravie\/infekcie\/skodia-tampony-posve\/\" \/>\n<meta property=\"og:locale\" content=\"sk_SK\" \/>\n<meta property=\"og:type\" content=\"article\" \/>\n<meta property=\"og:title\" content=\"\u0160kodia tamp\u00f3ny po\u0161ve? - Multi-Gyn\" \/>\n<meta property=\"og:description\" content=\"Mnoho \u017eien si po\u010das men\u0161tru\u00e1cie vyber\u00e1 pou\u017e\u00edvanie tamp\u00f3nov a d\u00f4vod je jednoduch\u00fd. Tamp\u00f3ny s\u00fa diskr\u00e9tne a umo\u017e\u0148uj\u00fa bez probl\u00e9mov vies\u0165 ka\u017edodenn\u00fd akt\u00edvny \u017eivot.\" \/>\n<meta property=\"og:url\" content=\"https:\/\/multi-gyn.com\/sk\/posvove-zdravie\/infekcie\/skodia-tampony-posve\/\" \/>\n<meta property=\"og:site_name\" content=\"Multi-Gyn\" \/>\n<meta property=\"article:modified_time\" content=\"2023-09-20T09:49:04+00:00\" \/>\n<meta name=\"twitter:card\" content=\"summary_large_image\" \/>\n<meta name=\"twitter:label1\" content=\"Predpokladan\u00fd \u010das \u010d\u00edtania\" \/>\n\t<meta name=\"twitter:data1\" content=\"4 min\u00faty\" \/>\n<script type=\"application\/ld+json\" class=\"yoast-schema-graph\">{\"@context\":\"https:\/\/schema.org\",\"@graph\":[{\"@type\":\"WebPage\",\"@id\":\"https:\/\/multi-gyn.com\/sk\/posvove-zdravie\/infekcie\/skodia-tampony-posve\/\",\"url\":\"https:\/\/multi-gyn.com\/sk\/posvove-zdravie\/infekcie\/skodia-tampony-posve\/\",\"name\":\"\u0160kodia tamp\u00f3ny po\u0161ve? - Multi-Gyn\",\"isPartOf\":{\"@id\":\"https:\/\/multi-gyn.com\/sk\/#website\"},\"datePublished\":\"2023-06-02T08:16:20+00:00\",\"dateModified\":\"2023-09-20T09:49:04+00:00\",\"description\":\"Mnoho \u017eien si po\u010das men\u0161tru\u00e1cie vyber\u00e1 pou\u017e\u00edvanie tamp\u00f3nov a d\u00f4vod je jednoduch\u00fd. Tamp\u00f3ny s\u00fa diskr\u00e9tne a umo\u017e\u0148uj\u00fa bez probl\u00e9mov vies\u0165 ka\u017edodenn\u00fd akt\u00edvny \u017eivot.\",\"breadcrumb\":{\"@id\":\"https:\/\/multi-gyn.com\/sk\/posvove-zdravie\/infekcie\/skodia-tampony-posve\/#breadcrumb\"},\"inLanguage\":\"sk-SK\",\"potentialAction\":[{\"@type\":\"ReadAction\",\"target\":[\"https:\/\/multi-gyn.com\/sk\/posvove-zdravie\/infekcie\/skodia-tampony-posve\/\"]}]},{\"@type\":\"BreadcrumbList\",\"@id\":\"https:\/\/multi-gyn.com\/sk\/posvove-zdravie\/infekcie\/skodia-tampony-posve\/#breadcrumb\",\"itemListElement\":[{\"@type\":\"ListItem\",\"position\":1,\"name\":\"Home\",\"item\":\"https:\/\/multi-gyn.com\/sk\/\"},{\"@type\":\"ListItem\",\"position\":2,\"name\":\"Po\u0161vov\u00e9 zdravie\",\"item\":\"https:\/\/multi-gyn.com\/sk\/posvove-zdravie\/\"},{\"@type\":\"ListItem\",\"position\":3,\"name\":\"Infekcie\",\"item\":\"https:\/\/multi-gyn.com\/sk\/posvove-zdravie\/infekcie\/\"},{\"@type\":\"ListItem\",\"position\":4,\"name\":\"\u0160kodia tamp\u00f3ny po\u0161ve?\"}]},{\"@type\":\"WebSite\",\"@id\":\"https:\/\/multi-gyn.com\/sk\/#website\",\"url\":\"https:\/\/multi-gyn.com\/sk\/\",\"name\":\"Multi-Gyn\",\"description\":\"\",\"publisher\":{\"@id\":\"https:\/\/multi-gyn.com\/sk\/#organization\"},\"potentialAction\":[{\"@type\":\"SearchAction\",\"target\":{\"@type\":\"EntryPoint\",\"urlTemplate\":\"https:\/\/multi-gyn.com\/sk\/?s={search_term_string}\"},\"query-input\":{\"@type\":\"PropertyValueSpecification\",\"valueRequired\":true,\"valueName\":\"search_term_string\"}}],\"inLanguage\":\"sk-SK\"},{\"@type\":\"Organization\",\"@id\":\"https:\/\/multi-gyn.com\/sk\/#organization\",\"name\":\"Multi-Gyn\",\"url\":\"https:\/\/multi-gyn.com\/sk\/\",\"logo\":{\"@type\":\"ImageObject\",\"inLanguage\":\"sk-SK\",\"@id\":\"https:\/\/multi-gyn.com\/sk\/#\/schema\/logo\/image\/\",\"url\":\"https:\/\/multi-gyn.com\/app\/uploads\/sites\/48\/2023\/06\/multi-gyn-logo.png\",\"contentUrl\":\"https:\/\/multi-gyn.com\/app\/uploads\/sites\/48\/2023\/06\/multi-gyn-logo.png\",\"width\":149,\"height\":32,\"caption\":\"Multi-Gyn\"},\"image\":{\"@id\":\"https:\/\/multi-gyn.com\/sk\/#\/schema\/logo\/image\/\"}}]}<\/script>\n<!-- \/ Yoast SEO plugin. -->","yoast_head_json":{"title":"\u0160kodia tamp\u00f3ny po\u0161ve? - Multi-Gyn","description":"Mnoho \u017eien si po\u010das men\u0161tru\u00e1cie vyber\u00e1 pou\u017e\u00edvanie tamp\u00f3nov a d\u00f4vod je jednoduch\u00fd. Tamp\u00f3ny s\u00fa diskr\u00e9tne a umo\u017e\u0148uj\u00fa bez probl\u00e9mov vies\u0165 ka\u017edodenn\u00fd akt\u00edvny \u017eivot.","robots":{"index":"index","follow":"follow","max-snippet":"max-snippet:-1","max-image-preview":"max-image-preview:large","max-video-preview":"max-video-preview:-1"},"canonical":"https:\/\/multi-gyn.com\/sk\/posvove-zdravie\/infekcie\/skodia-tampony-posve\/","og_locale":"sk_SK","og_type":"article","og_title":"\u0160kodia tamp\u00f3ny po\u0161ve? - Multi-Gyn","og_description":"Mnoho \u017eien si po\u010das men\u0161tru\u00e1cie vyber\u00e1 pou\u017e\u00edvanie tamp\u00f3nov a d\u00f4vod je jednoduch\u00fd. Tamp\u00f3ny s\u00fa diskr\u00e9tne a umo\u017e\u0148uj\u00fa bez probl\u00e9mov vies\u0165 ka\u017edodenn\u00fd akt\u00edvny \u017eivot.","og_url":"https:\/\/multi-gyn.com\/sk\/posvove-zdravie\/infekcie\/skodia-tampony-posve\/","og_site_name":"Multi-Gyn","article_modified_time":"2023-09-20T09:49:04+00:00","twitter_card":"summary_large_image","twitter_misc":{"Predpokladan\u00fd \u010das \u010d\u00edtania":"4 min\u00faty"},"schema":{"@context":"https:\/\/schema.org","@graph":[{"@type":"WebPage","@id":"https:\/\/multi-gyn.com\/sk\/posvove-zdravie\/infekcie\/skodia-tampony-posve\/","url":"https:\/\/multi-gyn.com\/sk\/posvove-zdravie\/infekcie\/skodia-tampony-posve\/","name":"\u0160kodia tamp\u00f3ny po\u0161ve? - Multi-Gyn","isPartOf":{"@id":"https:\/\/multi-gyn.com\/sk\/#website"},"datePublished":"2023-06-02T08:16:20+00:00","dateModified":"2023-09-20T09:49:04+00:00","description":"Mnoho \u017eien si po\u010das men\u0161tru\u00e1cie vyber\u00e1 pou\u017e\u00edvanie tamp\u00f3nov a d\u00f4vod je jednoduch\u00fd. Tamp\u00f3ny s\u00fa diskr\u00e9tne a umo\u017e\u0148uj\u00fa bez probl\u00e9mov vies\u0165 ka\u017edodenn\u00fd akt\u00edvny \u017eivot.","breadcrumb":{"@id":"https:\/\/multi-gyn.com\/sk\/posvove-zdravie\/infekcie\/skodia-tampony-posve\/#breadcrumb"},"inLanguage":"sk-SK","potentialAction":[{"@type":"ReadAction","target":["https:\/\/multi-gyn.com\/sk\/posvove-zdravie\/infekcie\/skodia-tampony-posve\/"]}]},{"@type":"BreadcrumbList","@id":"https:\/\/multi-gyn.com\/sk\/posvove-zdravie\/infekcie\/skodia-tampony-posve\/#breadcrumb","itemListElement":[{"@type":"ListItem","position":1,"name":"Home","item":"https:\/\/multi-gyn.com\/sk\/"},{"@type":"ListItem","position":2,"name":"Po\u0161vov\u00e9 zdravie","item":"https:\/\/multi-gyn.com\/sk\/posvove-zdravie\/"},{"@type":"ListItem","position":3,"name":"Infekcie","item":"https:\/\/multi-gyn.com\/sk\/posvove-zdravie\/infekcie\/"},{"@type":"ListItem","position":4,"name":"\u0160kodia tamp\u00f3ny po\u0161ve?"}]},{"@type":"WebSite","@id":"https:\/\/multi-gyn.com\/sk\/#website","url":"https:\/\/multi-gyn.com\/sk\/","name":"Multi-Gyn","description":"","publisher":{"@id":"https:\/\/multi-gyn.com\/sk\/#organization"},"potentialAction":[{"@type":"SearchAction","target":{"@type":"EntryPoint","urlTemplate":"https:\/\/multi-gyn.com\/sk\/?s={search_term_string}"},"query-input":{"@type":"PropertyValueSpecification","valueRequired":true,"valueName":"search_term_string"}}],"inLanguage":"sk-SK"},{"@type":"Organization","@id":"https:\/\/multi-gyn.com\/sk\/#organization","name":"Multi-Gyn","url":"https:\/\/multi-gyn.com\/sk\/","logo":{"@type":"ImageObject","inLanguage":"sk-SK","@id":"https:\/\/multi-gyn.com\/sk\/#\/schema\/logo\/image\/","url":"https:\/\/multi-gyn.com\/app\/uploads\/sites\/48\/2023\/06\/multi-gyn-logo.png","contentUrl":"https:\/\/multi-gyn.com\/app\/uploads\/sites\/48\/2023\/06\/multi-gyn-logo.png","width":149,"height":32,"caption":"Multi-Gyn"},"image":{"@id":"https:\/\/multi-gyn.com\/sk\/#\/schema\/logo\/image\/"}}]}},"_links":{"self":[{"href":"https:\/\/multi-gyn.com\/sk\/wp-json\/wp\/v2\/pages\/77","targetHints":{"allow":["GET"]}}],"collection":[{"href":"https:\/\/multi-gyn.com\/sk\/wp-json\/wp\/v2\/pages"}],"about":[{"href":"https:\/\/multi-gyn.com\/sk\/wp-json\/wp\/v2\/types\/page"}],"author":[{"embeddable":true,"href":"https:\/\/multi-gyn.com\/sk\/wp-json\/wp\/v2\/users\/2"}],"replies":[{"embeddable":true,"href":"https:\/\/multi-gyn.com\/sk\/wp-json\/wp\/v2\/comments?post=77"}],"version-history":[{"count":4,"href":"https:\/\/multi-gyn.com\/sk\/wp-json\/wp\/v2\/pages\/77\/revisions"}],"predecessor-version":[{"id":532,"href":"https:\/\/multi-gyn.com\/sk\/wp-json\/wp\/v2\/pages\/77\/revisions\/532"}],"up":[{"embeddable":true,"href":"https:\/\/multi-gyn.com\/sk\/wp-json\/wp\/v2\/pages\/55"}],"wp:attachment":[{"href":"https:\/\/multi-gyn.com\/sk\/wp-json\/wp\/v2\/media?parent=77"}],"wp:term":[{"taxonomy":"from-article-database","embeddable":true,"href":"https:\/\/multi-gyn.com\/sk\/wp-json\/wp\/v2\/from-article-database?post=77"}],"curies":[{"name":"wp","href":"https:\/\/api.w.org\/{rel}","templated":true}]}}