{"id":79,"date":"2023-06-02T10:16:41","date_gmt":"2023-06-02T08:16:41","guid":{"rendered":"https:\/\/multi-gyn.com\/sk\/?page_id=79"},"modified":"2023-09-20T11:49:02","modified_gmt":"2023-09-20T09:49:02","slug":"akej-farby-je-vas-vytok","status":"publish","type":"page","link":"https:\/\/multi-gyn.com\/sk\/posvove-zdravie\/infekcie\/akej-farby-je-vas-vytok\/","title":{"rendered":"Akej farby je V\u00e1\u0161 v\u00fdtok?"},"content":{"rendered":"\n<div class=\"wp-block-karopharma-free-text pt-large pb-large bg-center bg-cover bg-no-repeat  is-style-primary\" style=\"background-image:url()\"><div class=\"free-text-wrapper container max-w-medium text-left\">\n<h1 class=\"is-style-heading-large wp-block-heading\">Akej farby je V\u00e1\u0161 v\u00fdtok?<\/h1>\n\n\n\n<p class=\"is-style-paragraph-preamble\">V\u00fdtok je d\u00f4le\u017eit\u00fdm faktorom v celkovom po\u0161vovom zdrav\u00ed. \u017d\u013eazy vo vn\u00fatri po\u0161vy a kr\u010dku maternice produkuj\u00fa tekutinu, ktor\u00e1 hr\u00e1 v \u017eenskom reproduk\u010dnom syst\u00e9me nieko\u013eko \u00faloh: vyplavuje drobn\u00fd odpad, m\u0155tve bunky a mikroorganizmy, pom\u00e1ha v prevencii a v boji s infekciami a z\u00e1rove\u0148 zvlh\u010duje po\u0161vu.<\/p>\n<\/div><\/div>\n\n\n\n<div class=\"wp-block-karopharma-free-text pt-large pb-large bg-center bg-cover bg-no-repeat\" style=\"background-image:url()\"><div class=\"free-text-wrapper container max-w-medium text-left\">\n<p>Mno\u017estvo, konzistencia, z\u00e1pach a farba v\u00fdtoku s\u00fa ve\u013emi individu\u00e1lne a m\u00f4\u017eu sa po\u010das cel\u00e9ho men\u0161trua\u010dn\u00e9ho cyklu meni\u0165, rovnako ako aj po\u010das doj\u010denia, tehotenstva alebo sexu\u00e1lneho vzru\u0161enia. Spozn\u00e1van\u00edm V\u00e1\u0161ho tela sa nau\u010d\u00edte rozozn\u00e1va\u0165 norm\u00e1lne a akceptovate\u013en\u00e9 vlastnosti v\u00fdtoku, ktor\u00e9 nie s\u00fa \u017eiadnym d\u00f4vodom na paniku. M\u00f4\u017eete si napr\u00edklad v\u0161imn\u00fa\u0165 jemn\u00fa zmenu z\u00e1pachu po\u010das tehotenstva alebo zv\u00fd\u0161en\u00e9 mno\u017estvo v\u00fdtoku po\u010das ovul\u00e1cie. Na druhej strane nezvy\u010dajn\u00e1 zmena farby, konzistencie, mno\u017estva \u010di z\u00e1pachu m\u00f4\u017ee indikova\u0165 rozvoj infekcie \u2013 hlavne ak je spojen\u00e1 aj s \u010fal\u0161\u00edmi pr\u00edznakmi, ako svrbenie, p\u00e1lenie \u010di boles\u0165.<\/p>\n\n\n\n<h2 class=\"is-style-heading-h2 wp-block-heading\">Porozumejte svojmu v\u00fdtoku<\/h2>\n\n\n\n<p>Zmeny vzh\u013eadu v\u00fdtoku m\u00f4\u017eu indikova\u0165, \u017ee je \u010das poradi\u0165 sa s gynekol\u00f3gom \u2013 pozrite sa na tabu\u013eku dole a nau\u010dte sa rozozn\u00e1va\u0165 jeho najcharakteristickej\u0161ie zmeny a ich pr\u00ed\u010diny.<\/p>\n\n\n\n<figure class=\"wp-block-table is-style-primary-stripes\"><table><thead><tr><th>Farba v\u00fdtoku<\/th><th>Konzistencia<\/th><th>\u010eal\u0161ie pr\u00edznaky<\/th><th>Mo\u017en\u00e9 pr\u00ed\u010diny<\/th><\/tr><\/thead><tbody><tr><td>\u010c\u00edry, biely alebo belav\u00fd, bledo-\u017elt\u00fd<\/td><td>Riedky alebo hust\u00fd, lepiv\u00fd, pru\u017en\u00fd<\/td><td>\u017diadne \u010fal\u0161ie pr\u00edznaky<\/td><td>Norm\u00e1lny v\u00fdtok<\/td><\/tr><tr><td>Biely<\/td><td>Hust\u00fd a hrudkovit\u00fd (ako tvaroh)<\/td><td>Zduren\u00e1 vulva, boles\u0165 hlavne po\u010das pohlavn\u00e9ho styku, svrbenie, p\u00e1lenie, biele zbytky, ktor\u00e9 nie je mo\u017en\u00e9 zmy\u0165<\/td><td>Kvasinkov\u00e1 infekcia<\/td><\/tr><tr><td>Biely, siv\u00fd alebo \u017elt\u00fd<\/td><td>Hust\u00fd alebo riedky<\/td><td>Rybac\u00ed z\u00e1pach, svrbenie, p\u00e1lenie, zduren\u00e1 vulva, za\u010dervenanie a podr\u00e1\u017edenie<\/td><td>Bakteri\u00e1lna vagin\u00f3za<\/td><\/tr><tr><td>\u017dlt\u00fd alebo vlo\u010dkat\u00fd<\/td><td>M\u00f4\u017ee by\u0165 r\u00f4znej konzistencie<\/td><td>Boles\u0165 v panvovej oblasti, po\u0161vov\u00e9 krv\u00e1canie alebo \u0161pinenie medzi men\u0161tru\u00e1ciami, mo\u010dov\u00e1 inkontinencia<\/td><td>Gonorrhea<\/td><\/tr><tr><td>\u017dlt\u00fd alebo zelenkast\u00fd<\/td><td>Bublinkov\u00fd, penov\u00fd<\/td><td>Siln\u00fd z\u00e1pach, svrbenie, boles\u0165 po\u010das mo\u010denia<\/td><td>Trichomoni\u00e1za<\/td><\/tr><tr><td>Hned\u00fd alebo so stopami krvi<\/td><td>M\u00f4\u017ee by\u0165 r\u00f4znej konzistencie<\/td><td>Boles\u0165 v panvovej oblasti, po\u0161vov\u00e9 krv\u00e1canie alebo \u0161pinenie medzi men\u0161tru\u00e1ciami<\/td><td>Nepravideln\u00e9 men\u0161tru\u00e1cie. Hnedkast\u00fd v\u00fdtok sa m\u00f4\u017ee objavi\u0165 na za\u010diatku men\u0161tru\u00e1cie alebo na jej konci.<\/td><\/tr><tr><td>Ru\u017eov\u00fd<\/td><td>M\u00f4\u017ee by\u0165 r\u00f4znej konzistencie<\/td><td>\u017diadne in\u00e9 pr\u00edznaky<\/td><td>Ak ste ned\u00e1vno rodili, toto je pravdepodobne odch\u00e1dzanie stielky maternice \u2013 be\u017en\u00e1 pop\u00f4rodn\u00e1 z\u00e1le\u017eitos\u0165<\/td><\/tr><\/tbody><\/table><\/figure>\n\n\n\n<p>Ak ste si u seba v\u0161imli nejak\u00e9 hore spom\u00ednan\u00e9 zmeny v\u00fdtoku, ktor\u00e9 s\u00fa netypick\u00e9 a abnorm\u00e1lne, popr\u00edpade in\u00e9 nezvy\u010dajn\u00e9 pr\u00edznaky, kontaktujte \u010d\u00edm sk\u00f4r svojho gynekol\u00f3ga.<\/p>\n<\/div><\/div>\n","protected":false},"excerpt":{"rendered":"","protected":false},"author":2,"featured_media":0,"parent":55,"menu_order":2,"comment_status":"closed","ping_status":"closed","template":"","meta":{"_acf_changed":false,"footnotes":""},"from-article-database":[],"class_list":["post-79","page","type-page","status-publish","hentry"],"acf":[],"yoast_head":"<!-- This site is optimized with the Yoast SEO plugin v26.6 - https:\/\/yoast.com\/wordpress\/plugins\/seo\/ -->\n<title>Akej farby je V\u00e1\u0161 v\u00fdtok? - Multi-Gyn<\/title>\n<meta name=\"description\" content=\"V\u00fdtok je d\u00f4le\u017eit\u00fdm faktorom v celkovom po\u0161vovom zdrav\u00ed.\" \/>\n<meta name=\"robots\" content=\"index, follow, max-snippet:-1, max-image-preview:large, max-video-preview:-1\" \/>\n<link rel=\"canonical\" href=\"https:\/\/multi-gyn.com\/sk\/posvove-zdravie\/infekcie\/akej-farby-je-vas-vytok\/\" \/>\n<meta property=\"og:locale\" content=\"sk_SK\" \/>\n<meta property=\"og:type\" content=\"article\" \/>\n<meta property=\"og:title\" content=\"Akej farby je V\u00e1\u0161 v\u00fdtok? - Multi-Gyn\" \/>\n<meta property=\"og:description\" content=\"V\u00fdtok je d\u00f4le\u017eit\u00fdm faktorom v celkovom po\u0161vovom zdrav\u00ed.\" \/>\n<meta property=\"og:url\" content=\"https:\/\/multi-gyn.com\/sk\/posvove-zdravie\/infekcie\/akej-farby-je-vas-vytok\/\" \/>\n<meta property=\"og:site_name\" content=\"Multi-Gyn\" \/>\n<meta property=\"article:modified_time\" content=\"2023-09-20T09:49:02+00:00\" \/>\n<meta name=\"twitter:card\" content=\"summary_large_image\" \/>\n<meta name=\"twitter:label1\" content=\"Predpokladan\u00fd \u010das \u010d\u00edtania\" \/>\n\t<meta name=\"twitter:data1\" content=\"2 min\u00faty\" \/>\n<script type=\"application\/ld+json\" class=\"yoast-schema-graph\">{\"@context\":\"https:\/\/schema.org\",\"@graph\":[{\"@type\":\"WebPage\",\"@id\":\"https:\/\/multi-gyn.com\/sk\/posvove-zdravie\/infekcie\/akej-farby-je-vas-vytok\/\",\"url\":\"https:\/\/multi-gyn.com\/sk\/posvove-zdravie\/infekcie\/akej-farby-je-vas-vytok\/\",\"name\":\"Akej farby je V\u00e1\u0161 v\u00fdtok? - Multi-Gyn\",\"isPartOf\":{\"@id\":\"https:\/\/multi-gyn.com\/sk\/#website\"},\"datePublished\":\"2023-06-02T08:16:41+00:00\",\"dateModified\":\"2023-09-20T09:49:02+00:00\",\"description\":\"V\u00fdtok je d\u00f4le\u017eit\u00fdm faktorom v celkovom po\u0161vovom zdrav\u00ed.\",\"breadcrumb\":{\"@id\":\"https:\/\/multi-gyn.com\/sk\/posvove-zdravie\/infekcie\/akej-farby-je-vas-vytok\/#breadcrumb\"},\"inLanguage\":\"sk-SK\",\"potentialAction\":[{\"@type\":\"ReadAction\",\"target\":[\"https:\/\/multi-gyn.com\/sk\/posvove-zdravie\/infekcie\/akej-farby-je-vas-vytok\/\"]}]},{\"@type\":\"BreadcrumbList\",\"@id\":\"https:\/\/multi-gyn.com\/sk\/posvove-zdravie\/infekcie\/akej-farby-je-vas-vytok\/#breadcrumb\",\"itemListElement\":[{\"@type\":\"ListItem\",\"position\":1,\"name\":\"Home\",\"item\":\"https:\/\/multi-gyn.com\/sk\/\"},{\"@type\":\"ListItem\",\"position\":2,\"name\":\"Po\u0161vov\u00e9 zdravie\",\"item\":\"https:\/\/multi-gyn.com\/sk\/posvove-zdravie\/\"},{\"@type\":\"ListItem\",\"position\":3,\"name\":\"Infekcie\",\"item\":\"https:\/\/multi-gyn.com\/sk\/posvove-zdravie\/infekcie\/\"},{\"@type\":\"ListItem\",\"position\":4,\"name\":\"Akej farby je V\u00e1\u0161 v\u00fdtok?\"}]},{\"@type\":\"WebSite\",\"@id\":\"https:\/\/multi-gyn.com\/sk\/#website\",\"url\":\"https:\/\/multi-gyn.com\/sk\/\",\"name\":\"Multi-Gyn\",\"description\":\"\",\"publisher\":{\"@id\":\"https:\/\/multi-gyn.com\/sk\/#organization\"},\"potentialAction\":[{\"@type\":\"SearchAction\",\"target\":{\"@type\":\"EntryPoint\",\"urlTemplate\":\"https:\/\/multi-gyn.com\/sk\/?s={search_term_string}\"},\"query-input\":{\"@type\":\"PropertyValueSpecification\",\"valueRequired\":true,\"valueName\":\"search_term_string\"}}],\"inLanguage\":\"sk-SK\"},{\"@type\":\"Organization\",\"@id\":\"https:\/\/multi-gyn.com\/sk\/#organization\",\"name\":\"Multi-Gyn\",\"url\":\"https:\/\/multi-gyn.com\/sk\/\",\"logo\":{\"@type\":\"ImageObject\",\"inLanguage\":\"sk-SK\",\"@id\":\"https:\/\/multi-gyn.com\/sk\/#\/schema\/logo\/image\/\",\"url\":\"https:\/\/multi-gyn.com\/app\/uploads\/sites\/48\/2023\/06\/multi-gyn-logo.png\",\"contentUrl\":\"https:\/\/multi-gyn.com\/app\/uploads\/sites\/48\/2023\/06\/multi-gyn-logo.png\",\"width\":149,\"height\":32,\"caption\":\"Multi-Gyn\"},\"image\":{\"@id\":\"https:\/\/multi-gyn.com\/sk\/#\/schema\/logo\/image\/\"}}]}<\/script>\n<!-- \/ Yoast SEO plugin. -->","yoast_head_json":{"title":"Akej farby je V\u00e1\u0161 v\u00fdtok? - Multi-Gyn","description":"V\u00fdtok je d\u00f4le\u017eit\u00fdm faktorom v celkovom po\u0161vovom zdrav\u00ed.","robots":{"index":"index","follow":"follow","max-snippet":"max-snippet:-1","max-image-preview":"max-image-preview:large","max-video-preview":"max-video-preview:-1"},"canonical":"https:\/\/multi-gyn.com\/sk\/posvove-zdravie\/infekcie\/akej-farby-je-vas-vytok\/","og_locale":"sk_SK","og_type":"article","og_title":"Akej farby je V\u00e1\u0161 v\u00fdtok? - Multi-Gyn","og_description":"V\u00fdtok je d\u00f4le\u017eit\u00fdm faktorom v celkovom po\u0161vovom zdrav\u00ed.","og_url":"https:\/\/multi-gyn.com\/sk\/posvove-zdravie\/infekcie\/akej-farby-je-vas-vytok\/","og_site_name":"Multi-Gyn","article_modified_time":"2023-09-20T09:49:02+00:00","twitter_card":"summary_large_image","twitter_misc":{"Predpokladan\u00fd \u010das \u010d\u00edtania":"2 min\u00faty"},"schema":{"@context":"https:\/\/schema.org","@graph":[{"@type":"WebPage","@id":"https:\/\/multi-gyn.com\/sk\/posvove-zdravie\/infekcie\/akej-farby-je-vas-vytok\/","url":"https:\/\/multi-gyn.com\/sk\/posvove-zdravie\/infekcie\/akej-farby-je-vas-vytok\/","name":"Akej farby je V\u00e1\u0161 v\u00fdtok? - Multi-Gyn","isPartOf":{"@id":"https:\/\/multi-gyn.com\/sk\/#website"},"datePublished":"2023-06-02T08:16:41+00:00","dateModified":"2023-09-20T09:49:02+00:00","description":"V\u00fdtok je d\u00f4le\u017eit\u00fdm faktorom v celkovom po\u0161vovom zdrav\u00ed.","breadcrumb":{"@id":"https:\/\/multi-gyn.com\/sk\/posvove-zdravie\/infekcie\/akej-farby-je-vas-vytok\/#breadcrumb"},"inLanguage":"sk-SK","potentialAction":[{"@type":"ReadAction","target":["https:\/\/multi-gyn.com\/sk\/posvove-zdravie\/infekcie\/akej-farby-je-vas-vytok\/"]}]},{"@type":"BreadcrumbList","@id":"https:\/\/multi-gyn.com\/sk\/posvove-zdravie\/infekcie\/akej-farby-je-vas-vytok\/#breadcrumb","itemListElement":[{"@type":"ListItem","position":1,"name":"Home","item":"https:\/\/multi-gyn.com\/sk\/"},{"@type":"ListItem","position":2,"name":"Po\u0161vov\u00e9 zdravie","item":"https:\/\/multi-gyn.com\/sk\/posvove-zdravie\/"},{"@type":"ListItem","position":3,"name":"Infekcie","item":"https:\/\/multi-gyn.com\/sk\/posvove-zdravie\/infekcie\/"},{"@type":"ListItem","position":4,"name":"Akej farby je V\u00e1\u0161 v\u00fdtok?"}]},{"@type":"WebSite","@id":"https:\/\/multi-gyn.com\/sk\/#website","url":"https:\/\/multi-gyn.com\/sk\/","name":"Multi-Gyn","description":"","publisher":{"@id":"https:\/\/multi-gyn.com\/sk\/#organization"},"potentialAction":[{"@type":"SearchAction","target":{"@type":"EntryPoint","urlTemplate":"https:\/\/multi-gyn.com\/sk\/?s={search_term_string}"},"query-input":{"@type":"PropertyValueSpecification","valueRequired":true,"valueName":"search_term_string"}}],"inLanguage":"sk-SK"},{"@type":"Organization","@id":"https:\/\/multi-gyn.com\/sk\/#organization","name":"Multi-Gyn","url":"https:\/\/multi-gyn.com\/sk\/","logo":{"@type":"ImageObject","inLanguage":"sk-SK","@id":"https:\/\/multi-gyn.com\/sk\/#\/schema\/logo\/image\/","url":"https:\/\/multi-gyn.com\/app\/uploads\/sites\/48\/2023\/06\/multi-gyn-logo.png","contentUrl":"https:\/\/multi-gyn.com\/app\/uploads\/sites\/48\/2023\/06\/multi-gyn-logo.png","width":149,"height":32,"caption":"Multi-Gyn"},"image":{"@id":"https:\/\/multi-gyn.com\/sk\/#\/schema\/logo\/image\/"}}]}},"_links":{"self":[{"href":"https:\/\/multi-gyn.com\/sk\/wp-json\/wp\/v2\/pages\/79","targetHints":{"allow":["GET"]}}],"collection":[{"href":"https:\/\/multi-gyn.com\/sk\/wp-json\/wp\/v2\/pages"}],"about":[{"href":"https:\/\/multi-gyn.com\/sk\/wp-json\/wp\/v2\/types\/page"}],"author":[{"embeddable":true,"href":"https:\/\/multi-gyn.com\/sk\/wp-json\/wp\/v2\/users\/2"}],"replies":[{"embeddable":true,"href":"https:\/\/multi-gyn.com\/sk\/wp-json\/wp\/v2\/comments?post=79"}],"version-history":[{"count":3,"href":"https:\/\/multi-gyn.com\/sk\/wp-json\/wp\/v2\/pages\/79\/revisions"}],"predecessor-version":[{"id":534,"href":"https:\/\/multi-gyn.com\/sk\/wp-json\/wp\/v2\/pages\/79\/revisions\/534"}],"up":[{"embeddable":true,"href":"https:\/\/multi-gyn.com\/sk\/wp-json\/wp\/v2\/pages\/55"}],"wp:attachment":[{"href":"https:\/\/multi-gyn.com\/sk\/wp-json\/wp\/v2\/media?parent=79"}],"wp:term":[{"taxonomy":"from-article-database","embeddable":true,"href":"https:\/\/multi-gyn.com\/sk\/wp-json\/wp\/v2\/from-article-database?post=79"}],"curies":[{"name":"wp","href":"https:\/\/api.w.org\/{rel}","templated":true}]}}