{"id":81,"date":"2023-06-02T10:17:05","date_gmt":"2023-06-02T08:17:05","guid":{"rendered":"https:\/\/multi-gyn.com\/sk\/?page_id=81"},"modified":"2023-09-20T11:49:00","modified_gmt":"2023-09-20T09:49:00","slug":"posvove-infekcie-vaginalna-mykoza-priciny-priznaky-a-liecba","status":"publish","type":"page","link":"https:\/\/multi-gyn.com\/sk\/posvove-zdravie\/infekcie\/posvove-infekcie-vaginalna-mykoza-priciny-priznaky-a-liecba\/","title":{"rendered":"Po\u0161vov\u00e9 infekcie (vagin\u00e1lna myk\u00f3za): pr\u00ed\u010diny, pr\u00edznaky a lie\u010dba"},"content":{"rendered":"\n<div class=\"wp-block-karopharma-free-text pt-large pb-large bg-center bg-cover bg-no-repeat  is-style-primary\" style=\"background-image:url()\"><div class=\"free-text-wrapper container max-w-medium text-left\">\n<h1 class=\"is-style-heading-large wp-block-heading\">Po\u0161vov\u00e9 infekcie (vagin\u00e1lna myk\u00f3za): pr\u00ed\u010diny, pr\u00edznaky a lie\u010dba<\/h1>\n\n\n\n<p class=\"is-style-paragraph-preamble\">Vedeli ste, \u017ee takmer ka\u017ed\u00e1 \u017eena m\u00e1 aspo\u0148 raz za \u017eivot sk\u00fasenos\u0165 s po\u0161vov\u00fdmi probl\u00e9mami? Ak pr\u00e1ve za\u017e\u00edvate pocity svrbenia, tr\u00e1pi V\u00e1s v\u00fdtok \u010di za\u010dervenanie, netr\u00e1pte sa, nie ste sama.<\/p>\n\n\n\n<p class=\"is-style-paragraph-preamble\">Infekcie s\u00fa hlavnou pr\u00ed\u010dinou po\u0161vov\u00fdch probl\u00e9mov. Naj\u010dastej\u0161\u00edmi s\u00fa bakteri\u00e1lna vagin\u00f3za a kvasinkov\u00e1 infekcia, tie\u017e zn\u00e1ma ako kandid\u00f3za. Nie ste si ist\u00e1, ktor\u00e1 infekcia sp\u00f4sobuje Va\u0161e probl\u00e9my, alebo by ste sa radi dozvedeli viac o lie\u010dbe? \u010c\u00edtajte \u010falej.<\/p>\n<\/div><\/div>\n\n\n\n<div class=\"wp-block-karopharma-free-text pt-large pb-large bg-center bg-cover bg-no-repeat\" style=\"background-image:url()\"><div class=\"free-text-wrapper container max-w-medium text-left\">\n<h2 class=\"is-style-heading-h2 wp-block-heading\">Bakteri\u00e1lna vagin\u00f3za<\/h2>\n\n\n\n<p>K vzniku bakteri\u00e1lnej vagin\u00f3zy (BV) doch\u00e1dza, ke\u010f je v po\u0161ve naru\u0161en\u00e1 prirodzen\u00e1 bakteri\u00e1lna rovnov\u00e1ha. Za norm\u00e1lnych podmienok s\u00fa prevl\u00e1daj\u00facimi bakt\u00e9riami v po\u0161ve u\u017eito\u010dn\u00e9 laktobacily. Ak ale d\u00f4jde k rozvoju BV, za\u010dn\u00fa sa na \u00fakor laktobacilov rozmno\u017eova\u0165 ne\u017eiaduce bakt\u00e9rie.<\/p>\n\n\n\n<p><strong>Pr\u00edznaky bakteri\u00e1lnej vagin\u00f3zy m\u00f4\u017eu zah\u0155\u0148a\u0165:<\/strong><\/p>\n\n\n\n<ul class=\"is-style-default wp-block-list\"><li>Skazen\u00fd, rybac\u00ed po\u0161vov\u00fd z\u00e1pach (zintenz\u00edvnen\u00fd po pohlavnom styku<\/li><li>Riedky sivobiely v\u00fdtok<\/li><li>P\u00e1lenie v oblasti po\u0161vy (intenz\u00edvnej\u0161ie po\u010das mo\u010denia)<\/li><li>Svrbenie<\/li><\/ul>\n\n\n\n<p><strong>\u010co sp\u00f4sobuje bakteri\u00e1lnu vagin\u00f3zu?<\/strong><br>Pr\u00ed\u010diny naru\u0161enia po\u0161vovej fl\u00f3ry nie s\u00fa presne zn\u00e1me. Existuj\u00fa v\u0161ak faktory, ktor\u00e9 m\u00f4\u017eu zv\u00fd\u0161i\u0165 riziko vzniku bakteri\u00e1lnej vagin\u00f3zy, napr. sexu\u00e1lna aktivita je jedn\u00fdm z nich.<\/p>\n\n\n\n<p>Ak m\u00e1te nechr\u00e1nen\u00fd pohlavn\u00fd styk, pH po\u0161vy sa do\u010dasne zv\u00fd\u0161i, a to kv\u00f4li z\u00e1saditosti ejakul\u00e1tu. To nie je bezpodmiene\u010dne \u0161kodliv\u00e9 pre Va\u0161u po\u0161vu, no zv\u00fd\u0161enie jej pH m\u00f4\u017ee zv\u00fd\u0161i\u0165 pravdepodobnos\u0165 vzniku bakteri\u00e1lnej vagin\u00f3zy.<\/p>\n\n\n\n<p><strong>Lie\u010dba a prevencia:<br><\/strong>Najbe\u017enej\u0161\u00edm sp\u00f4sobom lie\u010dby bakteri\u00e1lnej vagin\u00f3zy je lie\u010dba antibiotikami. T\u00e1 b\u00fdva s\u00edce efekt\u00edvna, no m\u00e1 aj ne\u017eiad\u00face \u00fa\u010dinky a riziko vzniku rezistencie (odolnosti bakt\u00e9ri\u00ed vo\u010di antibiotik\u00e1m). Taktie\u017e existuj\u00fa aj pr\u00edpravky na tzv. samolie\u010dbu, ktor\u00e9 s\u00fa rovnako vhodn\u00e9 na lie\u010dbu BV. H\u013eadajte pr\u00edpravky, ktor\u00e9 optimalizuj\u00fa po\u0161vov\u00fa fl\u00f3ru. Tie nielen lie\u010dia BV, ale aj pom\u00e1haj\u00fa predch\u00e1dza\u0165 tak\u00fdmto probl\u00e9mom.<\/p>\n\n\n\n<p class=\"is-style-paragraph-preamble has-primary-color has-text-color\"><em>\u201eInfekcie s\u00fa hlavnou pr\u00ed\u010dinou po\u0161vov\u00fdch probl\u00e9mov. Naj\u010dastej\u0161\u00edmi s\u00fa bakteri\u00e1lna vagin\u00f3za a kvasinkov\u00e1 infekcia (tie\u017e zn\u00e1ma ako kandid\u00f3za).\u201c<\/em><\/p>\n\n\n\n<h2 class=\"is-style-heading-h2 wp-block-heading\">Po\u0161vov\u00e1 kvasinkov\u00e1 infekcia<\/h2>\n\n\n\n<p>Kvasinkov\u00e1 infekcia, tie\u017e zn\u00e1ma ako kandid\u00f3za, je \u010fal\u0161ou \u010dastou pr\u00ed\u010dinou vzniku po\u0161vov\u00fdch probl\u00e9mov. Je sp\u00f4soben\u00e1 premno\u017een\u00edm kvasiniek, najm\u00e4 Candida albicans. Nie je \u00faplne jasn\u00e9, ako a pre\u010do kvasinkov\u00e1 infekcia vznik\u00e1, ale nasleduj\u00face faktory m\u00f4\u017eu ma\u0165 vplyv na jej vznik:<\/p>\n\n\n\n<ul class=\"is-style-default wp-block-list\"><li>Lie\u010dba antibiotikami<\/li><li>U\u017e\u00edvanie antikoncep\u010dn\u00fdch tabletiek, alebo hormon\u00e1lna lie\u010dba<\/li><li>Oslaben\u00fd imunitn\u00fd syst\u00e9m<\/li><li>Tehotenstvo<\/li><li>Diabetes (cukrovka)<\/li><\/ul>\n\n\n\n<p><strong>Po\u0161vov\u00e1 kvasinkov\u00e1 infekcia m\u00f4\u017ee sp\u00f4sobova\u0165 probl\u00e9my ako:<\/strong><\/p>\n\n\n\n<ul class=\"is-style-default wp-block-list\"><li>Svrbenie<\/li><li>P\u00e1lenie po\u0161vy (intenz\u00edvnej\u0161ie po\u010das mo\u010denia a pohlavn\u00e9ho styku)<\/li><li>Hust\u00fd biely v\u00fdtok (podobn\u00fd tvarohu)<\/li><li>Podr\u00e1\u017edenie po\u0161vy<\/li><li>Za\u010dervenanie a zdurenie vo vonkaj\u0161ej int\u00edmnej oblasti<\/li><\/ul>\n\n\n\n<p><strong>Lie\u010dba a prevencia:<\/strong><br>Ak chcete lie\u010di\u0165 po\u0161vov\u00fa kvasinkov\u00fa infekciu, existuje nieko\u013eko sp\u00f4sobov. Jedn\u00fdm z najbe\u017enej\u0161\u00edch je anti-kvasinkov\u00e1 lie\u010dba (antimykotik\u00e1). Antimykotik\u00e1 m\u00f4\u017eu by\u0165 u\u017e\u00edvan\u00e9 or\u00e1lne (\u00fastne ako tabletky), alebo vkladan\u00e9 priamo do po\u0161vy. Pre v\u00e4\u010d\u0161inu \u017eien je t\u00e1to lie\u010dba z kr\u00e1tkodob\u00e9ho h\u013eadiska ve\u013emi efekt\u00edvna, no m\u00f4\u017ee sp\u00f4sobova\u0165 ved\u013eaj\u0161ie \u00fa\u010dinky, ako nevo\u013enos\u0165, bolesti hlavy \u010di zvracanie. Navy\u0161e u v\u00e4\u010d\u0161iny \u017eien doch\u00e1dza po nieko\u013ek\u00fdch mesiacoch k n\u00e1vratu infekcie.<\/p>\n\n\n\n<p>Tie\u017e existuj\u00fa aj pr\u00edpravky na tzv. samolie\u010dbu, ktor\u00e9 s\u00fa dostupn\u00e9 bez lek\u00e1rskeho predpisu. Tieto pr\u00edpravky v\u00e1s zbavia pr\u00edznakov infekcie a z\u00e1rove\u0148 nesp\u00f4sobuj\u00fa \u017eiadne ved\u013eaj\u0161ie \u00fa\u010dinky. Ak sa pre tak\u00fdto druh pr\u00edpravkov rozhodnete, vyberte si pr\u00edpravky, ktor\u00e9 maj\u00fa pr\u00edrodn\u00e9 zlo\u017eenie a ochra\u0148uj\u00fa po\u0161vov\u00fa fl\u00f3ru.<\/p>\n<\/div><\/div>\n","protected":false},"excerpt":{"rendered":"","protected":false},"author":2,"featured_media":0,"parent":55,"menu_order":3,"comment_status":"closed","ping_status":"closed","template":"","meta":{"_acf_changed":false,"footnotes":""},"from-article-database":[],"class_list":["post-81","page","type-page","status-publish","hentry"],"acf":[],"yoast_head":"<!-- This site is optimized with the Yoast SEO plugin v26.6 - https:\/\/yoast.com\/wordpress\/plugins\/seo\/ -->\n<title>Po\u0161vov\u00e9 infekcie (vagin\u00e1lna myk\u00f3za): pr\u00ed\u010diny, pr\u00edznaky a lie\u010dba - Multi-Gyn<\/title>\n<meta name=\"description\" content=\"Vedeli ste, \u017ee takmer ka\u017ed\u00e1 \u017eena m\u00e1 aspo\u0148 raz za \u017eivot sk\u00fasenos\u0165 s po\u0161vov\u00fdmi probl\u00e9mami? Ak pr\u00e1ve za\u017e\u00edvate pocity svrbenia, tr\u00e1pi V\u00e1s v\u00fdtok \u010di za\u010dervenanie, netr\u00e1pte sa, nie ste sama.\" \/>\n<meta name=\"robots\" content=\"index, follow, max-snippet:-1, max-image-preview:large, max-video-preview:-1\" \/>\n<link rel=\"canonical\" href=\"https:\/\/multi-gyn.com\/sk\/posvove-zdravie\/infekcie\/posvove-infekcie-vaginalna-mykoza-priciny-priznaky-a-liecba\/\" \/>\n<meta property=\"og:locale\" content=\"sk_SK\" \/>\n<meta property=\"og:type\" content=\"article\" \/>\n<meta property=\"og:title\" content=\"Po\u0161vov\u00e9 infekcie (vagin\u00e1lna myk\u00f3za): pr\u00ed\u010diny, pr\u00edznaky a lie\u010dba - Multi-Gyn\" \/>\n<meta property=\"og:description\" content=\"Vedeli ste, \u017ee takmer ka\u017ed\u00e1 \u017eena m\u00e1 aspo\u0148 raz za \u017eivot sk\u00fasenos\u0165 s po\u0161vov\u00fdmi probl\u00e9mami? Ak pr\u00e1ve za\u017e\u00edvate pocity svrbenia, tr\u00e1pi V\u00e1s v\u00fdtok \u010di za\u010dervenanie, netr\u00e1pte sa, nie ste sama.\" \/>\n<meta property=\"og:url\" content=\"https:\/\/multi-gyn.com\/sk\/posvove-zdravie\/infekcie\/posvove-infekcie-vaginalna-mykoza-priciny-priznaky-a-liecba\/\" \/>\n<meta property=\"og:site_name\" content=\"Multi-Gyn\" \/>\n<meta property=\"article:modified_time\" content=\"2023-09-20T09:49:00+00:00\" \/>\n<meta name=\"twitter:card\" content=\"summary_large_image\" \/>\n<meta name=\"twitter:label1\" content=\"Predpokladan\u00fd \u010das \u010d\u00edtania\" \/>\n\t<meta name=\"twitter:data1\" content=\"3 min\u00faty\" \/>\n<script type=\"application\/ld+json\" class=\"yoast-schema-graph\">{\"@context\":\"https:\/\/schema.org\",\"@graph\":[{\"@type\":\"WebPage\",\"@id\":\"https:\/\/multi-gyn.com\/sk\/posvove-zdravie\/infekcie\/posvove-infekcie-vaginalna-mykoza-priciny-priznaky-a-liecba\/\",\"url\":\"https:\/\/multi-gyn.com\/sk\/posvove-zdravie\/infekcie\/posvove-infekcie-vaginalna-mykoza-priciny-priznaky-a-liecba\/\",\"name\":\"Po\u0161vov\u00e9 infekcie (vagin\u00e1lna myk\u00f3za): pr\u00ed\u010diny, pr\u00edznaky a lie\u010dba - Multi-Gyn\",\"isPartOf\":{\"@id\":\"https:\/\/multi-gyn.com\/sk\/#website\"},\"datePublished\":\"2023-06-02T08:17:05+00:00\",\"dateModified\":\"2023-09-20T09:49:00+00:00\",\"description\":\"Vedeli ste, \u017ee takmer ka\u017ed\u00e1 \u017eena m\u00e1 aspo\u0148 raz za \u017eivot sk\u00fasenos\u0165 s po\u0161vov\u00fdmi probl\u00e9mami? Ak pr\u00e1ve za\u017e\u00edvate pocity svrbenia, tr\u00e1pi V\u00e1s v\u00fdtok \u010di za\u010dervenanie, netr\u00e1pte sa, nie ste sama.\",\"breadcrumb\":{\"@id\":\"https:\/\/multi-gyn.com\/sk\/posvove-zdravie\/infekcie\/posvove-infekcie-vaginalna-mykoza-priciny-priznaky-a-liecba\/#breadcrumb\"},\"inLanguage\":\"sk-SK\",\"potentialAction\":[{\"@type\":\"ReadAction\",\"target\":[\"https:\/\/multi-gyn.com\/sk\/posvove-zdravie\/infekcie\/posvove-infekcie-vaginalna-mykoza-priciny-priznaky-a-liecba\/\"]}]},{\"@type\":\"BreadcrumbList\",\"@id\":\"https:\/\/multi-gyn.com\/sk\/posvove-zdravie\/infekcie\/posvove-infekcie-vaginalna-mykoza-priciny-priznaky-a-liecba\/#breadcrumb\",\"itemListElement\":[{\"@type\":\"ListItem\",\"position\":1,\"name\":\"Home\",\"item\":\"https:\/\/multi-gyn.com\/sk\/\"},{\"@type\":\"ListItem\",\"position\":2,\"name\":\"Po\u0161vov\u00e9 zdravie\",\"item\":\"https:\/\/multi-gyn.com\/sk\/posvove-zdravie\/\"},{\"@type\":\"ListItem\",\"position\":3,\"name\":\"Infekcie\",\"item\":\"https:\/\/multi-gyn.com\/sk\/posvove-zdravie\/infekcie\/\"},{\"@type\":\"ListItem\",\"position\":4,\"name\":\"Po\u0161vov\u00e9 infekcie (vagin\u00e1lna myk\u00f3za): pr\u00ed\u010diny, pr\u00edznaky a lie\u010dba\"}]},{\"@type\":\"WebSite\",\"@id\":\"https:\/\/multi-gyn.com\/sk\/#website\",\"url\":\"https:\/\/multi-gyn.com\/sk\/\",\"name\":\"Multi-Gyn\",\"description\":\"\",\"publisher\":{\"@id\":\"https:\/\/multi-gyn.com\/sk\/#organization\"},\"potentialAction\":[{\"@type\":\"SearchAction\",\"target\":{\"@type\":\"EntryPoint\",\"urlTemplate\":\"https:\/\/multi-gyn.com\/sk\/?s={search_term_string}\"},\"query-input\":{\"@type\":\"PropertyValueSpecification\",\"valueRequired\":true,\"valueName\":\"search_term_string\"}}],\"inLanguage\":\"sk-SK\"},{\"@type\":\"Organization\",\"@id\":\"https:\/\/multi-gyn.com\/sk\/#organization\",\"name\":\"Multi-Gyn\",\"url\":\"https:\/\/multi-gyn.com\/sk\/\",\"logo\":{\"@type\":\"ImageObject\",\"inLanguage\":\"sk-SK\",\"@id\":\"https:\/\/multi-gyn.com\/sk\/#\/schema\/logo\/image\/\",\"url\":\"https:\/\/multi-gyn.com\/app\/uploads\/sites\/48\/2023\/06\/multi-gyn-logo.png\",\"contentUrl\":\"https:\/\/multi-gyn.com\/app\/uploads\/sites\/48\/2023\/06\/multi-gyn-logo.png\",\"width\":149,\"height\":32,\"caption\":\"Multi-Gyn\"},\"image\":{\"@id\":\"https:\/\/multi-gyn.com\/sk\/#\/schema\/logo\/image\/\"}}]}<\/script>\n<!-- \/ Yoast SEO plugin. -->","yoast_head_json":{"title":"Po\u0161vov\u00e9 infekcie (vagin\u00e1lna myk\u00f3za): pr\u00ed\u010diny, pr\u00edznaky a lie\u010dba - Multi-Gyn","description":"Vedeli ste, \u017ee takmer ka\u017ed\u00e1 \u017eena m\u00e1 aspo\u0148 raz za \u017eivot sk\u00fasenos\u0165 s po\u0161vov\u00fdmi probl\u00e9mami? Ak pr\u00e1ve za\u017e\u00edvate pocity svrbenia, tr\u00e1pi V\u00e1s v\u00fdtok \u010di za\u010dervenanie, netr\u00e1pte sa, nie ste sama.","robots":{"index":"index","follow":"follow","max-snippet":"max-snippet:-1","max-image-preview":"max-image-preview:large","max-video-preview":"max-video-preview:-1"},"canonical":"https:\/\/multi-gyn.com\/sk\/posvove-zdravie\/infekcie\/posvove-infekcie-vaginalna-mykoza-priciny-priznaky-a-liecba\/","og_locale":"sk_SK","og_type":"article","og_title":"Po\u0161vov\u00e9 infekcie (vagin\u00e1lna myk\u00f3za): pr\u00ed\u010diny, pr\u00edznaky a lie\u010dba - Multi-Gyn","og_description":"Vedeli ste, \u017ee takmer ka\u017ed\u00e1 \u017eena m\u00e1 aspo\u0148 raz za \u017eivot sk\u00fasenos\u0165 s po\u0161vov\u00fdmi probl\u00e9mami? Ak pr\u00e1ve za\u017e\u00edvate pocity svrbenia, tr\u00e1pi V\u00e1s v\u00fdtok \u010di za\u010dervenanie, netr\u00e1pte sa, nie ste sama.","og_url":"https:\/\/multi-gyn.com\/sk\/posvove-zdravie\/infekcie\/posvove-infekcie-vaginalna-mykoza-priciny-priznaky-a-liecba\/","og_site_name":"Multi-Gyn","article_modified_time":"2023-09-20T09:49:00+00:00","twitter_card":"summary_large_image","twitter_misc":{"Predpokladan\u00fd \u010das \u010d\u00edtania":"3 min\u00faty"},"schema":{"@context":"https:\/\/schema.org","@graph":[{"@type":"WebPage","@id":"https:\/\/multi-gyn.com\/sk\/posvove-zdravie\/infekcie\/posvove-infekcie-vaginalna-mykoza-priciny-priznaky-a-liecba\/","url":"https:\/\/multi-gyn.com\/sk\/posvove-zdravie\/infekcie\/posvove-infekcie-vaginalna-mykoza-priciny-priznaky-a-liecba\/","name":"Po\u0161vov\u00e9 infekcie (vagin\u00e1lna myk\u00f3za): pr\u00ed\u010diny, pr\u00edznaky a lie\u010dba - Multi-Gyn","isPartOf":{"@id":"https:\/\/multi-gyn.com\/sk\/#website"},"datePublished":"2023-06-02T08:17:05+00:00","dateModified":"2023-09-20T09:49:00+00:00","description":"Vedeli ste, \u017ee takmer ka\u017ed\u00e1 \u017eena m\u00e1 aspo\u0148 raz za \u017eivot sk\u00fasenos\u0165 s po\u0161vov\u00fdmi probl\u00e9mami? Ak pr\u00e1ve za\u017e\u00edvate pocity svrbenia, tr\u00e1pi V\u00e1s v\u00fdtok \u010di za\u010dervenanie, netr\u00e1pte sa, nie ste sama.","breadcrumb":{"@id":"https:\/\/multi-gyn.com\/sk\/posvove-zdravie\/infekcie\/posvove-infekcie-vaginalna-mykoza-priciny-priznaky-a-liecba\/#breadcrumb"},"inLanguage":"sk-SK","potentialAction":[{"@type":"ReadAction","target":["https:\/\/multi-gyn.com\/sk\/posvove-zdravie\/infekcie\/posvove-infekcie-vaginalna-mykoza-priciny-priznaky-a-liecba\/"]}]},{"@type":"BreadcrumbList","@id":"https:\/\/multi-gyn.com\/sk\/posvove-zdravie\/infekcie\/posvove-infekcie-vaginalna-mykoza-priciny-priznaky-a-liecba\/#breadcrumb","itemListElement":[{"@type":"ListItem","position":1,"name":"Home","item":"https:\/\/multi-gyn.com\/sk\/"},{"@type":"ListItem","position":2,"name":"Po\u0161vov\u00e9 zdravie","item":"https:\/\/multi-gyn.com\/sk\/posvove-zdravie\/"},{"@type":"ListItem","position":3,"name":"Infekcie","item":"https:\/\/multi-gyn.com\/sk\/posvove-zdravie\/infekcie\/"},{"@type":"ListItem","position":4,"name":"Po\u0161vov\u00e9 infekcie (vagin\u00e1lna myk\u00f3za): pr\u00ed\u010diny, pr\u00edznaky a lie\u010dba"}]},{"@type":"WebSite","@id":"https:\/\/multi-gyn.com\/sk\/#website","url":"https:\/\/multi-gyn.com\/sk\/","name":"Multi-Gyn","description":"","publisher":{"@id":"https:\/\/multi-gyn.com\/sk\/#organization"},"potentialAction":[{"@type":"SearchAction","target":{"@type":"EntryPoint","urlTemplate":"https:\/\/multi-gyn.com\/sk\/?s={search_term_string}"},"query-input":{"@type":"PropertyValueSpecification","valueRequired":true,"valueName":"search_term_string"}}],"inLanguage":"sk-SK"},{"@type":"Organization","@id":"https:\/\/multi-gyn.com\/sk\/#organization","name":"Multi-Gyn","url":"https:\/\/multi-gyn.com\/sk\/","logo":{"@type":"ImageObject","inLanguage":"sk-SK","@id":"https:\/\/multi-gyn.com\/sk\/#\/schema\/logo\/image\/","url":"https:\/\/multi-gyn.com\/app\/uploads\/sites\/48\/2023\/06\/multi-gyn-logo.png","contentUrl":"https:\/\/multi-gyn.com\/app\/uploads\/sites\/48\/2023\/06\/multi-gyn-logo.png","width":149,"height":32,"caption":"Multi-Gyn"},"image":{"@id":"https:\/\/multi-gyn.com\/sk\/#\/schema\/logo\/image\/"}}]}},"_links":{"self":[{"href":"https:\/\/multi-gyn.com\/sk\/wp-json\/wp\/v2\/pages\/81","targetHints":{"allow":["GET"]}}],"collection":[{"href":"https:\/\/multi-gyn.com\/sk\/wp-json\/wp\/v2\/pages"}],"about":[{"href":"https:\/\/multi-gyn.com\/sk\/wp-json\/wp\/v2\/types\/page"}],"author":[{"embeddable":true,"href":"https:\/\/multi-gyn.com\/sk\/wp-json\/wp\/v2\/users\/2"}],"replies":[{"embeddable":true,"href":"https:\/\/multi-gyn.com\/sk\/wp-json\/wp\/v2\/comments?post=81"}],"version-history":[{"count":4,"href":"https:\/\/multi-gyn.com\/sk\/wp-json\/wp\/v2\/pages\/81\/revisions"}],"predecessor-version":[{"id":536,"href":"https:\/\/multi-gyn.com\/sk\/wp-json\/wp\/v2\/pages\/81\/revisions\/536"}],"up":[{"embeddable":true,"href":"https:\/\/multi-gyn.com\/sk\/wp-json\/wp\/v2\/pages\/55"}],"wp:attachment":[{"href":"https:\/\/multi-gyn.com\/sk\/wp-json\/wp\/v2\/media?parent=81"}],"wp:term":[{"taxonomy":"from-article-database","embeddable":true,"href":"https:\/\/multi-gyn.com\/sk\/wp-json\/wp\/v2\/from-article-database?post=81"}],"curies":[{"name":"wp","href":"https:\/\/api.w.org\/{rel}","templated":true}]}}