{"id":83,"date":"2023-06-02T10:17:28","date_gmt":"2023-06-02T08:17:28","guid":{"rendered":"https:\/\/multi-gyn.com\/sk\/?page_id=83"},"modified":"2023-09-20T11:48:58","modified_gmt":"2023-09-20T09:48:58","slug":"intimna-hygiena-a-posvove-infekcie","status":"publish","type":"page","link":"https:\/\/multi-gyn.com\/sk\/posvove-zdravie\/infekcie\/intimna-hygiena-a-posvove-infekcie\/","title":{"rendered":"Int\u00edmna hygiena a po\u0161vov\u00e9 infekcie"},"content":{"rendered":"\n<div class=\"wp-block-karopharma-free-text pt-large pb-large bg-center bg-cover bg-no-repeat  is-style-primary\" style=\"background-image:url()\"><div class=\"free-text-wrapper container max-w-medium text-left\">\n<h1 class=\"is-style-heading-large wp-block-heading\">Int\u00edmna hygiena a po\u0161vov\u00e9 infekcie<\/h1>\n\n\n\n<p class=\"is-style-paragraph-preamble\">V\u00e4\u010d\u0161ina \u017eien vie, ako sa stara\u0165 o svoju int\u00edmnu oblas\u0165. \u201ePo\u0161va m\u00e1 samo\u010distiacu schopnos\u0165\u201c, \u201eneum\u00fdvajte si po\u0161vu mydlom\u201c, \u201enoste bavlnen\u00fa spodn\u00fa bielize\u0148\u201c a \u201ev\u017edy sa utierajte spredu dozadu\u201c. Spr\u00e1vna starostlivos\u0165 o int\u00edmnu oblas\u0165 by mala umo\u017eni\u0165 predch\u00e1dza\u0165 probl\u00e9mom. Je to v\u0161ak naozaj tak?<\/p>\n<\/div><\/div>\n\n\n\n<div class=\"wp-block-karopharma-free-text pt-large pb-large bg-center bg-cover bg-no-repeat\" style=\"background-image:url()\"><div class=\"free-text-wrapper container max-w-medium text-left\">\n<h2 class=\"is-style-heading-h2 wp-block-heading\">Pr\u00ed\u010diny vzniku infekci\u00ed a probl\u00e9mov<\/h2>\n\n\n\n<p>Dvomi naj\u010dastej\u0161ie sa vyskytuj\u00facimi po\u0161vov\u00fdmi infekciami s\u00fa bakteri\u00e1lna vagin\u00f3za a kvasinkov\u00e1 infekcia (tie\u017e zn\u00e1ma ako kandid\u00f3za). Ak m\u00e1vate po\u0161vov\u00e9 probl\u00e9my, pravdepodobne bude ich pr\u00ed\u010dinou pr\u00e1ve jedna zo spom\u00ednan\u00fdch infekci\u00ed.<\/p>\n\n\n\n<p>Bakteri\u00e1lna vagin\u00f3za (BV) je sp\u00f4soben\u00e1 premno\u017een\u00edm \u0161kodliv\u00fdch bakt\u00e9ri\u00ed v po\u0161ve. Jej pr\u00edznakmi s\u00fa siln\u00fd (rybac\u00ed) z\u00e1pach a riedky sivobiely v\u00fdtok. Kvasinkov\u00e1 infekcia je sp\u00f4soben\u00e1 premno\u017een\u00edm kvasinkov\u00fdch buniek v po\u0161ve alebo v jej vonkaj\u0161ej oblasti. Hust\u00fd biely v\u00fdtok (podobn\u00fd tvarohu) a svrbenie s\u00fa jej najbe\u017enej\u0161\u00edmi pr\u00edznakmi.<\/p>\n\n\n\n<p>Obe infekcie s\u00fa pomerne ne\u0161kodn\u00e9, no dok\u00e1\u017eu by\u0165 ve\u013emi nepr\u00edjemn\u00e9. Ich pr\u00edznaky \u010dasom vymizn\u00fa aj samy, ale m\u00f4\u017ee to nejak\u00fa dobu trva\u0165. Na\u0161\u0165astie obe m\u00f4\u017eu by\u0165 lie\u010den\u00e9 pr\u00edpravkami na predpis alebo pr\u00edpravkami na tzv. samolie\u010dbu. Viac inform\u00e1cii o lie\u010dbe po\u0161vov\u00fdch infekci\u00ed n\u00e1jdete tu.<\/p>\n\n\n\n<p class=\"is-style-paragraph-preamble has-primary-color has-text-color\"><em>\u201eDvomi naj\u010dastej\u0161ie sa vyskytuj\u00facimi po\u0161vov\u00fdmi infekciami s\u00fa bakteri\u00e1lna vagin\u00f3za a kvasinkov\u00e1 infekcia (tie\u017e zn\u00e1ma ako kandid\u00f3za). Ak trp\u00edte probl\u00e9mami v po\u0161vovej oblasti, pravdepodobne bude ich pr\u00ed\u010dinou pr\u00e1ve jedna zo spom\u00ednan\u00fdch infekci\u00ed\u201c<\/em><\/p>\n\n\n\n<h2 class=\"is-style-heading-h2 wp-block-heading\">Ako m\u00f4\u017ee pom\u00f4c\u0165 int\u00edmna hygiena<\/h2>\n\n\n\n<p>I ke\u010f nie je \u00faplne jasn\u00e9, \u010do presne sp\u00f4sobuje premno\u017eenie kvasiniek \u010di bakt\u00e9ri\u00ed v oblasti po\u0161vy, existuj\u00fa zn\u00e1me faktory, ktor\u00e9 m\u00f4\u017eu ma\u0165 vplyv na tento proces. Int\u00edmna hygiena je pova\u017eovan\u00e1 za jeden z t\u00fdchto faktorov. Tu je p\u00e1r r\u00e1d na spr\u00e1vnu int\u00edmnu hygienu:<\/p>\n\n\n\n<ul class=\"is-style-default wp-block-list\"><li>Ak si chcete umy\u0165 vonkaj\u0161iu \u010das\u0165 svojej int\u00edmnej oblasti, tepl\u00e1 voda je na to dosta\u010duj\u00faca. Pre pocit svie\u017eosti m\u00f4\u017eete pou\u017ei\u0165 jemn\u00fd int\u00edmny v\u00fdplach, av\u0161ak tak\u00fd, ktor\u00fd m\u00e1 pr\u00edrodn\u00e9 zlo\u017eenie.<\/li><li>V\u017edy si dosucha utrite int\u00edmnu oblas\u0165 po sprchovan\u00ed, k\u00fapeli \u010di pl\u00e1van\u00ed.<\/li><li>Noste bavlnen\u00fa spodn\u00fa bielize\u0148 a vyhnite sa tang\u00e1m.<\/li><li>Pok\u00faste sa ne\u0161kraba\u0165 v pr\u00edpade svrbenia v int\u00edmnej oblasti.<\/li><\/ul>\n\n\n\n<h2 class=\"is-style-heading-h2 wp-block-heading\">Umo\u017e\u0148uje int\u00edmna hygiena predch\u00e1dza\u0165 probl\u00e9mom?<\/h2>\n\n\n\n<p>Niektor\u00fdm \u017een\u00e1m spr\u00e1vna int\u00edmna hygiena pom\u00e1ha predch\u00e1dza\u0165 probl\u00e9mom, u in\u00fdch sa infekcie m\u00f4\u017eu vyvin\u00fa\u0165 aj napriek vhodnej starostlivosti. Nevhodn\u00e1 po\u0161vov\u00e1 hygiena m\u00f4\u017ee zv\u00fd\u0161i\u0165 riziko v\u00fdskytu probl\u00e9mov, av\u0161ak vhodn\u00e1 hygiena V\u00e1m prevenciu pred v\u0161etk\u00fdmi probl\u00e9mami nezaru\u010d\u00ed, ke\u010f\u017ee v\u00e4\u010d\u0161ina po\u0161vov\u00fdch infekci\u00ed je sp\u00f4soben\u00e1 faktormi, ktor\u00e9 nes\u00favisia s hygienou.<\/p>\n<\/div><\/div>\n","protected":false},"excerpt":{"rendered":"","protected":false},"author":2,"featured_media":0,"parent":55,"menu_order":4,"comment_status":"closed","ping_status":"closed","template":"","meta":{"_acf_changed":false,"footnotes":""},"from-article-database":[],"class_list":["post-83","page","type-page","status-publish","hentry"],"acf":[],"yoast_head":"<!-- This site is optimized with the Yoast SEO plugin v26.6 - https:\/\/yoast.com\/wordpress\/plugins\/seo\/ -->\n<title>Int\u00edmna hygiena a po\u0161vov\u00e9 infekcie - Multi-Gyn<\/title>\n<meta name=\"description\" content=\"Spr\u00e1vna starostlivos\u0165 o int\u00edmnu oblas\u0165 by mala umo\u017eni\u0165 predch\u00e1dza\u0165 probl\u00e9mom. Je to v\u0161ak naozaj tak?\" \/>\n<meta name=\"robots\" content=\"index, follow, max-snippet:-1, max-image-preview:large, max-video-preview:-1\" \/>\n<link rel=\"canonical\" href=\"https:\/\/multi-gyn.com\/sk\/posvove-zdravie\/infekcie\/intimna-hygiena-a-posvove-infekcie\/\" \/>\n<meta property=\"og:locale\" content=\"sk_SK\" \/>\n<meta property=\"og:type\" content=\"article\" \/>\n<meta property=\"og:title\" content=\"Int\u00edmna hygiena a po\u0161vov\u00e9 infekcie - Multi-Gyn\" \/>\n<meta property=\"og:description\" content=\"Spr\u00e1vna starostlivos\u0165 o int\u00edmnu oblas\u0165 by mala umo\u017eni\u0165 predch\u00e1dza\u0165 probl\u00e9mom. Je to v\u0161ak naozaj tak?\" \/>\n<meta property=\"og:url\" content=\"https:\/\/multi-gyn.com\/sk\/posvove-zdravie\/infekcie\/intimna-hygiena-a-posvove-infekcie\/\" \/>\n<meta property=\"og:site_name\" content=\"Multi-Gyn\" \/>\n<meta property=\"article:modified_time\" content=\"2023-09-20T09:48:58+00:00\" \/>\n<meta name=\"twitter:card\" content=\"summary_large_image\" \/>\n<meta name=\"twitter:label1\" content=\"Predpokladan\u00fd \u010das \u010d\u00edtania\" \/>\n\t<meta name=\"twitter:data1\" content=\"2 min\u00faty\" \/>\n<script type=\"application\/ld+json\" class=\"yoast-schema-graph\">{\"@context\":\"https:\/\/schema.org\",\"@graph\":[{\"@type\":\"WebPage\",\"@id\":\"https:\/\/multi-gyn.com\/sk\/posvove-zdravie\/infekcie\/intimna-hygiena-a-posvove-infekcie\/\",\"url\":\"https:\/\/multi-gyn.com\/sk\/posvove-zdravie\/infekcie\/intimna-hygiena-a-posvove-infekcie\/\",\"name\":\"Int\u00edmna hygiena a po\u0161vov\u00e9 infekcie - Multi-Gyn\",\"isPartOf\":{\"@id\":\"https:\/\/multi-gyn.com\/sk\/#website\"},\"datePublished\":\"2023-06-02T08:17:28+00:00\",\"dateModified\":\"2023-09-20T09:48:58+00:00\",\"description\":\"Spr\u00e1vna starostlivos\u0165 o int\u00edmnu oblas\u0165 by mala umo\u017eni\u0165 predch\u00e1dza\u0165 probl\u00e9mom. Je to v\u0161ak naozaj tak?\",\"breadcrumb\":{\"@id\":\"https:\/\/multi-gyn.com\/sk\/posvove-zdravie\/infekcie\/intimna-hygiena-a-posvove-infekcie\/#breadcrumb\"},\"inLanguage\":\"sk-SK\",\"potentialAction\":[{\"@type\":\"ReadAction\",\"target\":[\"https:\/\/multi-gyn.com\/sk\/posvove-zdravie\/infekcie\/intimna-hygiena-a-posvove-infekcie\/\"]}]},{\"@type\":\"BreadcrumbList\",\"@id\":\"https:\/\/multi-gyn.com\/sk\/posvove-zdravie\/infekcie\/intimna-hygiena-a-posvove-infekcie\/#breadcrumb\",\"itemListElement\":[{\"@type\":\"ListItem\",\"position\":1,\"name\":\"Home\",\"item\":\"https:\/\/multi-gyn.com\/sk\/\"},{\"@type\":\"ListItem\",\"position\":2,\"name\":\"Po\u0161vov\u00e9 zdravie\",\"item\":\"https:\/\/multi-gyn.com\/sk\/posvove-zdravie\/\"},{\"@type\":\"ListItem\",\"position\":3,\"name\":\"Infekcie\",\"item\":\"https:\/\/multi-gyn.com\/sk\/posvove-zdravie\/infekcie\/\"},{\"@type\":\"ListItem\",\"position\":4,\"name\":\"Int\u00edmna hygiena a po\u0161vov\u00e9 infekcie\"}]},{\"@type\":\"WebSite\",\"@id\":\"https:\/\/multi-gyn.com\/sk\/#website\",\"url\":\"https:\/\/multi-gyn.com\/sk\/\",\"name\":\"Multi-Gyn\",\"description\":\"\",\"publisher\":{\"@id\":\"https:\/\/multi-gyn.com\/sk\/#organization\"},\"potentialAction\":[{\"@type\":\"SearchAction\",\"target\":{\"@type\":\"EntryPoint\",\"urlTemplate\":\"https:\/\/multi-gyn.com\/sk\/?s={search_term_string}\"},\"query-input\":{\"@type\":\"PropertyValueSpecification\",\"valueRequired\":true,\"valueName\":\"search_term_string\"}}],\"inLanguage\":\"sk-SK\"},{\"@type\":\"Organization\",\"@id\":\"https:\/\/multi-gyn.com\/sk\/#organization\",\"name\":\"Multi-Gyn\",\"url\":\"https:\/\/multi-gyn.com\/sk\/\",\"logo\":{\"@type\":\"ImageObject\",\"inLanguage\":\"sk-SK\",\"@id\":\"https:\/\/multi-gyn.com\/sk\/#\/schema\/logo\/image\/\",\"url\":\"https:\/\/multi-gyn.com\/app\/uploads\/sites\/48\/2023\/06\/multi-gyn-logo.png\",\"contentUrl\":\"https:\/\/multi-gyn.com\/app\/uploads\/sites\/48\/2023\/06\/multi-gyn-logo.png\",\"width\":149,\"height\":32,\"caption\":\"Multi-Gyn\"},\"image\":{\"@id\":\"https:\/\/multi-gyn.com\/sk\/#\/schema\/logo\/image\/\"}}]}<\/script>\n<!-- \/ Yoast SEO plugin. -->","yoast_head_json":{"title":"Int\u00edmna hygiena a po\u0161vov\u00e9 infekcie - Multi-Gyn","description":"Spr\u00e1vna starostlivos\u0165 o int\u00edmnu oblas\u0165 by mala umo\u017eni\u0165 predch\u00e1dza\u0165 probl\u00e9mom. Je to v\u0161ak naozaj tak?","robots":{"index":"index","follow":"follow","max-snippet":"max-snippet:-1","max-image-preview":"max-image-preview:large","max-video-preview":"max-video-preview:-1"},"canonical":"https:\/\/multi-gyn.com\/sk\/posvove-zdravie\/infekcie\/intimna-hygiena-a-posvove-infekcie\/","og_locale":"sk_SK","og_type":"article","og_title":"Int\u00edmna hygiena a po\u0161vov\u00e9 infekcie - Multi-Gyn","og_description":"Spr\u00e1vna starostlivos\u0165 o int\u00edmnu oblas\u0165 by mala umo\u017eni\u0165 predch\u00e1dza\u0165 probl\u00e9mom. Je to v\u0161ak naozaj tak?","og_url":"https:\/\/multi-gyn.com\/sk\/posvove-zdravie\/infekcie\/intimna-hygiena-a-posvove-infekcie\/","og_site_name":"Multi-Gyn","article_modified_time":"2023-09-20T09:48:58+00:00","twitter_card":"summary_large_image","twitter_misc":{"Predpokladan\u00fd \u010das \u010d\u00edtania":"2 min\u00faty"},"schema":{"@context":"https:\/\/schema.org","@graph":[{"@type":"WebPage","@id":"https:\/\/multi-gyn.com\/sk\/posvove-zdravie\/infekcie\/intimna-hygiena-a-posvove-infekcie\/","url":"https:\/\/multi-gyn.com\/sk\/posvove-zdravie\/infekcie\/intimna-hygiena-a-posvove-infekcie\/","name":"Int\u00edmna hygiena a po\u0161vov\u00e9 infekcie - Multi-Gyn","isPartOf":{"@id":"https:\/\/multi-gyn.com\/sk\/#website"},"datePublished":"2023-06-02T08:17:28+00:00","dateModified":"2023-09-20T09:48:58+00:00","description":"Spr\u00e1vna starostlivos\u0165 o int\u00edmnu oblas\u0165 by mala umo\u017eni\u0165 predch\u00e1dza\u0165 probl\u00e9mom. Je to v\u0161ak naozaj tak?","breadcrumb":{"@id":"https:\/\/multi-gyn.com\/sk\/posvove-zdravie\/infekcie\/intimna-hygiena-a-posvove-infekcie\/#breadcrumb"},"inLanguage":"sk-SK","potentialAction":[{"@type":"ReadAction","target":["https:\/\/multi-gyn.com\/sk\/posvove-zdravie\/infekcie\/intimna-hygiena-a-posvove-infekcie\/"]}]},{"@type":"BreadcrumbList","@id":"https:\/\/multi-gyn.com\/sk\/posvove-zdravie\/infekcie\/intimna-hygiena-a-posvove-infekcie\/#breadcrumb","itemListElement":[{"@type":"ListItem","position":1,"name":"Home","item":"https:\/\/multi-gyn.com\/sk\/"},{"@type":"ListItem","position":2,"name":"Po\u0161vov\u00e9 zdravie","item":"https:\/\/multi-gyn.com\/sk\/posvove-zdravie\/"},{"@type":"ListItem","position":3,"name":"Infekcie","item":"https:\/\/multi-gyn.com\/sk\/posvove-zdravie\/infekcie\/"},{"@type":"ListItem","position":4,"name":"Int\u00edmna hygiena a po\u0161vov\u00e9 infekcie"}]},{"@type":"WebSite","@id":"https:\/\/multi-gyn.com\/sk\/#website","url":"https:\/\/multi-gyn.com\/sk\/","name":"Multi-Gyn","description":"","publisher":{"@id":"https:\/\/multi-gyn.com\/sk\/#organization"},"potentialAction":[{"@type":"SearchAction","target":{"@type":"EntryPoint","urlTemplate":"https:\/\/multi-gyn.com\/sk\/?s={search_term_string}"},"query-input":{"@type":"PropertyValueSpecification","valueRequired":true,"valueName":"search_term_string"}}],"inLanguage":"sk-SK"},{"@type":"Organization","@id":"https:\/\/multi-gyn.com\/sk\/#organization","name":"Multi-Gyn","url":"https:\/\/multi-gyn.com\/sk\/","logo":{"@type":"ImageObject","inLanguage":"sk-SK","@id":"https:\/\/multi-gyn.com\/sk\/#\/schema\/logo\/image\/","url":"https:\/\/multi-gyn.com\/app\/uploads\/sites\/48\/2023\/06\/multi-gyn-logo.png","contentUrl":"https:\/\/multi-gyn.com\/app\/uploads\/sites\/48\/2023\/06\/multi-gyn-logo.png","width":149,"height":32,"caption":"Multi-Gyn"},"image":{"@id":"https:\/\/multi-gyn.com\/sk\/#\/schema\/logo\/image\/"}}]}},"_links":{"self":[{"href":"https:\/\/multi-gyn.com\/sk\/wp-json\/wp\/v2\/pages\/83","targetHints":{"allow":["GET"]}}],"collection":[{"href":"https:\/\/multi-gyn.com\/sk\/wp-json\/wp\/v2\/pages"}],"about":[{"href":"https:\/\/multi-gyn.com\/sk\/wp-json\/wp\/v2\/types\/page"}],"author":[{"embeddable":true,"href":"https:\/\/multi-gyn.com\/sk\/wp-json\/wp\/v2\/users\/2"}],"replies":[{"embeddable":true,"href":"https:\/\/multi-gyn.com\/sk\/wp-json\/wp\/v2\/comments?post=83"}],"version-history":[{"count":4,"href":"https:\/\/multi-gyn.com\/sk\/wp-json\/wp\/v2\/pages\/83\/revisions"}],"predecessor-version":[{"id":538,"href":"https:\/\/multi-gyn.com\/sk\/wp-json\/wp\/v2\/pages\/83\/revisions\/538"}],"up":[{"embeddable":true,"href":"https:\/\/multi-gyn.com\/sk\/wp-json\/wp\/v2\/pages\/55"}],"wp:attachment":[{"href":"https:\/\/multi-gyn.com\/sk\/wp-json\/wp\/v2\/media?parent=83"}],"wp:term":[{"taxonomy":"from-article-database","embeddable":true,"href":"https:\/\/multi-gyn.com\/sk\/wp-json\/wp\/v2\/from-article-database?post=83"}],"curies":[{"name":"wp","href":"https:\/\/api.w.org\/{rel}","templated":true}]}}