{"id":84,"date":"2023-06-02T10:17:57","date_gmt":"2023-06-02T08:17:57","guid":{"rendered":"https:\/\/multi-gyn.com\/sk\/?page_id=84"},"modified":"2023-09-20T11:48:56","modified_gmt":"2023-09-20T09:48:56","slug":"rozdiel-medzi-bakterialnou-vaginozou-a-kvasinkovou-infekciou","status":"publish","type":"page","link":"https:\/\/multi-gyn.com\/sk\/posvove-zdravie\/infekcie\/rozdiel-medzi-bakterialnou-vaginozou-a-kvasinkovou-infekciou\/","title":{"rendered":"Rozdiel medzi bakteri\u00e1lnou vagin\u00f3zou a kvasinkovou infekciou"},"content":{"rendered":"\n<div class=\"wp-block-karopharma-free-text pt-large pb-large bg-center bg-cover bg-no-repeat  is-style-primary\" style=\"background-image:url()\"><div class=\"free-text-wrapper container max-w-medium text-left\">\n<h1 class=\"is-style-heading-large wp-block-heading\">Rozdiel medzi bakteri\u00e1lnou vagin\u00f3zou a kvasinkovou infekciou<\/h1>\n\n\n\n<p class=\"is-style-paragraph-preamble\">Bakteri\u00e1lna vagin\u00f3za a kvasinkov\u00e1 infekcia s\u00fa dve naj\u010dastej\u0161ie sa vyskytuj\u00face po\u0161vov\u00e9 ochorenia. Dlh\u00fa dobu boli probl\u00e9my s kvasinkami zn\u00e1mej\u0161ie a \u013eah\u0161ie lie\u010dite\u013en\u00e9 ako bakteri\u00e1lna vagin\u00f3za, \u010do \u010dasto viedlo k myln\u00fdm predpokladom, \u017ee ka\u017ed\u00fd nezvy\u010dajn\u00fd v\u00fdtok, svrbenie a boles\u0165 v int\u00edmnej oblasti s\u00fa sp\u00f4soben\u00e9 kandidou.<\/p>\n<\/div><\/div>\n\n\n\n<div class=\"wp-block-karopharma-free-text pt-large pb-large bg-center bg-cover bg-no-repeat\" style=\"background-image:url()\"><div class=\"free-text-wrapper container max-w-medium text-left\">\n<p>V s\u00fa\u010dasnosti je zn\u00e1me, \u017ee bakteri\u00e1lna vagin\u00f3za je rovnako be\u017en\u00e1 ako kvasinkov\u00e1 infekcia, prejavuje sa asi u 1\/3 \u017eien a b\u00fdva lie\u010den\u00e1 \u00faplne in\u00fdm sp\u00f4sobom ako po\u0161vov\u00e1 kvasinkov\u00e1 infekcia. Aby bolo mo\u017en\u00e9 ur\u010di\u0165 vhodn\u00fa lie\u010dbu, mus\u00ed \u017eena vedie\u0165, s ktor\u00fdm z t\u00fdchto dvoch naj\u010dastej\u0161ie sa vyskytuj\u00facich po\u0161vov\u00fdch ochoren\u00ed m\u00e1 do\u010dinenie.<\/p>\n\n\n\n<h2 class=\"is-style-heading-h2 wp-block-heading\">BV vs. Po\u0161vov\u00e1 myk\u00f3za<\/h2>\n\n\n\n<figure class=\"wp-block-image size-full\"><img loading=\"lazy\" decoding=\"async\" width=\"651\" height=\"678\" src=\"https:\/\/multi-gyn.com\/app\/uploads\/sites\/48\/2023\/06\/Infographic-Bacterial-Vaginosis-versus-Yeast.png\" alt=\"Infographic-Bacterial-Vaginosis-versus-Yeast\" class=\"wp-image-388\" srcset=\"https:\/\/multi-gyn.com\/app\/uploads\/sites\/48\/2023\/06\/Infographic-Bacterial-Vaginosis-versus-Yeast.png 651w, https:\/\/multi-gyn.com\/app\/uploads\/sites\/48\/2023\/06\/Infographic-Bacterial-Vaginosis-versus-Yeast-307x320.png 307w, https:\/\/multi-gyn.com\/app\/uploads\/sites\/48\/2023\/06\/Infographic-Bacterial-Vaginosis-versus-Yeast-600x625.png 600w\" sizes=\"auto, (max-width: 651px) 100vw, 651px\" \/><\/figure>\n\n\n\n<h2 class=\"is-style-heading-h2 wp-block-heading\">R\u00f4zne pr\u00edznaky<\/h2>\n\n\n\n<p>Obidve, bakteri\u00e1lna vagin\u00f3za (BV) aj kvasinkov\u00e1 infekcia, s\u00fa charakteristick\u00e9 abnorm\u00e1lnym (chorobn\u00fdm) v\u00fdtokom, av\u0161ak jeho vzh\u013ead b\u00fdva odli\u0161n\u00fd. Zatia\u013e \u010do pri BV je v\u00fdtok riedky, vodnat\u00fd, biely alebo siv\u00fd so \u0161pecifick\u00fdm rybac\u00edm z\u00e1pachom, kvasinkov\u00e1 infekcia je zn\u00e1ma hust\u00fdm bielym v\u00fdtokom podobn\u00fdm tvarohu so slab\u00fdm kvasnicov\u00fdm z\u00e1pachom.<\/p>\n\n\n\n<p>\u017deny, ktor\u00e9 m\u00e1vaj\u00fa kvasinkov\u00fa infekciu, v\u00e4\u010d\u0161inou trpia ve\u013emi intenz\u00edvnym svrben\u00edm a podr\u00e1\u017eden\u00edm a menej \u010dasto boles\u0165ou po\u010das pohlavn\u00e9ho styku \u010di mo\u010denia. Poko\u017eka vulvy je ru\u017eov\u00e1 alebo \u010derven\u00e1, niekedy s bielymi \u0161kvrnami, ktor\u00e9 sa nedaj\u00fa odstr\u00e1ni\u0165. Zatia\u013e \u010do podr\u00e1\u017edenie a boles\u0165 s\u00fa be\u017ene spojen\u00e9 aj s bakteri\u00e1lnou vagin\u00f3zou, svrbenie b\u00fdva zriedkav\u00e9. pH po\u0161vov\u00e9ho prostredia sa pri t\u00fdchto infekci\u00e1ch tie\u017e l\u00ed\u0161i. Norm\u00e1lne pH po\u0161vy je kysl\u00e9. Pri BV sa st\u00e1va z\u00e1saditej\u0161\u00edm, k\u00fdm pri kvasinkovej infekcii k zmene kyslosti prostredia nedoch\u00e1dza. Tento rozdiel je z\u00e1kladom pre najbe\u017enej\u0161ie vo\u013eno predajn\u00e9 testy na po\u0161vov\u00e9 infekcie.<\/p>\n\n\n\n<h2 class=\"is-style-heading-h2 wp-block-heading\">Samo-diagnostika<\/h2>\n\n\n\n<p>Ani jeden z t\u00fdchto dvoch probl\u00e9mov nie je pova\u017eovan\u00fd za z\u00e1va\u017en\u00fa infekciu, ale sk\u00f4r za nerovnov\u00e1hu v bakteri\u00e1lnej fl\u00f3re. Rozdiely medzi bakteri\u00e1lnou vagin\u00f3zou a kvasinkovou infekciou nie s\u00fa v\u017edy tak jednozna\u010dn\u00e9. Niekedy je mo\u017en\u00e9 si ich dokonca pom\u00fdli\u0165 s pr\u00edznakmi in\u00fdch z\u00e1va\u017enej\u0161\u00edch probl\u00e9mov, preto je v\u017edy dobr\u00e9 poradi\u0165 sa so svoj\u00edm gynekol\u00f3gom.<\/p>\n\n\n\n<p class=\"is-style-paragraph-preamble has-primary-color has-text-color\"><em>\u201eObidve, bakteri\u00e1lna vagin\u00f3za (BV) aj kvasinkov\u00e1 infekcia, s\u00fa charakteristick\u00e9 abnorm\u00e1lnym (patologick\u00fdm) v\u00fdtokom, av\u0161ak jeho vzh\u013ead b\u00fdva odli\u0161n\u00fd.\u201c<\/em><\/p>\n\n\n\n<h2 class=\"is-style-heading-h2 wp-block-heading\">Rozdielne lie\u010dby<\/h2>\n\n\n\n<p>Bakteri\u00e1lna vagin\u00f3za m\u00f4\u017ee by\u0165 lie\u010den\u00e1 antibiotikami, napr\u00edklad metronidazolom, alebo pr\u00edrodn\u00fdmi pr\u00edpravkami a prebiotikami, ktor\u00e9 obnovuj\u00fa rovnov\u00e1hu po\u0161vovej fl\u00f3ry. Ke\u010f je BV lie\u010den\u00e1 antibiotikami, m\u00e1 to v\u00e4\u010d\u0161\u00ed nepriazniv\u00fd vplyv na prospe\u0161n\u00fa po\u0161vov\u00fa fl\u00f3ru a tie\u017e toto lie\u010denie nevhodne ovplyv\u0148uje dobr\u00e9 bakt\u00e9rie (laktobacily). Navy\u0161e antibiotik\u00e1 m\u00f4\u017eu ma\u0165 viacer\u00e9 ne\u017eiad\u00face ved\u013eaj\u0161ie \u00fa\u010dinky. V\u00fdsledkom lie\u010dby BV antibiotikami b\u00fdva \u010dast\u00e1 n\u00e1vratnos\u0165 probl\u00e9mov.<\/p>\n\n\n\n<p>Pr\u00edrodn\u00e9 pr\u00edpravky s\u00fa viac zameran\u00e9 na obnovu dobrej po\u0161vovej fl\u00f3ry namiesto jej \u010fal\u0161ieho po\u0161kodzovania zab\u00edjan\u00edm patog\u00e9nnych (\u0161kodliv\u00fdch) bakt\u00e9ri\u00ed, ako aj t\u00fdch prospe\u0161n\u00fdch bakt\u00e9ri\u00ed. Podobne aj kandida m\u00f4\u017ee by\u0165 lie\u010den\u00e1 antimykotikami alebo pr\u00edrodn\u00fdmi pr\u00edpravkami, ktor\u00e9 obnovuj\u00fa rovnov\u00e1hu a podporuj\u00fa u\u017eito\u010dn\u00e9 laktobacily v po\u0161vovej fl\u00f3re. Ak sa rozhodnete pou\u017e\u00edva\u0165 vo\u013eno predajn\u00e9 pr\u00edpravky na samolie\u010dbu, v pr\u00edpade pretrv\u00e1vania probl\u00e9mov je odpor\u00fa\u010dan\u00e9 nav\u0161t\u00edvi\u0165 gynekol\u00f3ga.<\/p>\n<\/div><\/div>\n","protected":false},"excerpt":{"rendered":"","protected":false},"author":2,"featured_media":0,"parent":55,"menu_order":5,"comment_status":"closed","ping_status":"closed","template":"","meta":{"_acf_changed":false,"footnotes":""},"from-article-database":[],"class_list":["post-84","page","type-page","status-publish","hentry"],"acf":[],"yoast_head":"<!-- This site is optimized with the Yoast SEO plugin v26.6 - https:\/\/yoast.com\/wordpress\/plugins\/seo\/ -->\n<title>Rozdiel medzi bakteri\u00e1lnou vagin\u00f3zou a kvasinkovou infekciou - Multi-Gyn<\/title>\n<meta name=\"description\" content=\"Bakteri\u00e1lna vagin\u00f3za a kvasinkov\u00e1 infekcia s\u00fa dve naj\u010dastej\u0161ie sa vyskytuj\u00face po\u0161vov\u00e9 ochorenia.\" \/>\n<meta name=\"robots\" content=\"index, follow, max-snippet:-1, max-image-preview:large, max-video-preview:-1\" \/>\n<link rel=\"canonical\" href=\"https:\/\/multi-gyn.com\/sk\/posvove-zdravie\/infekcie\/rozdiel-medzi-bakterialnou-vaginozou-a-kvasinkovou-infekciou\/\" \/>\n<meta property=\"og:locale\" content=\"sk_SK\" \/>\n<meta property=\"og:type\" content=\"article\" \/>\n<meta property=\"og:title\" content=\"Rozdiel medzi bakteri\u00e1lnou vagin\u00f3zou a kvasinkovou infekciou - Multi-Gyn\" \/>\n<meta property=\"og:description\" content=\"Bakteri\u00e1lna vagin\u00f3za a kvasinkov\u00e1 infekcia s\u00fa dve naj\u010dastej\u0161ie sa vyskytuj\u00face po\u0161vov\u00e9 ochorenia.\" \/>\n<meta property=\"og:url\" content=\"https:\/\/multi-gyn.com\/sk\/posvove-zdravie\/infekcie\/rozdiel-medzi-bakterialnou-vaginozou-a-kvasinkovou-infekciou\/\" \/>\n<meta property=\"og:site_name\" content=\"Multi-Gyn\" \/>\n<meta property=\"article:modified_time\" content=\"2023-09-20T09:48:56+00:00\" \/>\n<meta property=\"og:image\" content=\"https:\/\/multi-gyn.com\/app\/uploads\/sites\/48\/2023\/06\/Infographic-Bacterial-Vaginosis-versus-Yeast.png\" \/>\n<meta name=\"twitter:card\" content=\"summary_large_image\" \/>\n<meta name=\"twitter:label1\" content=\"Predpokladan\u00fd \u010das \u010d\u00edtania\" \/>\n\t<meta name=\"twitter:data1\" content=\"3 min\u00faty\" \/>\n<script type=\"application\/ld+json\" class=\"yoast-schema-graph\">{\"@context\":\"https:\/\/schema.org\",\"@graph\":[{\"@type\":\"WebPage\",\"@id\":\"https:\/\/multi-gyn.com\/sk\/posvove-zdravie\/infekcie\/rozdiel-medzi-bakterialnou-vaginozou-a-kvasinkovou-infekciou\/\",\"url\":\"https:\/\/multi-gyn.com\/sk\/posvove-zdravie\/infekcie\/rozdiel-medzi-bakterialnou-vaginozou-a-kvasinkovou-infekciou\/\",\"name\":\"Rozdiel medzi bakteri\u00e1lnou vagin\u00f3zou a kvasinkovou infekciou - Multi-Gyn\",\"isPartOf\":{\"@id\":\"https:\/\/multi-gyn.com\/sk\/#website\"},\"primaryImageOfPage\":{\"@id\":\"https:\/\/multi-gyn.com\/sk\/posvove-zdravie\/infekcie\/rozdiel-medzi-bakterialnou-vaginozou-a-kvasinkovou-infekciou\/#primaryimage\"},\"image\":{\"@id\":\"https:\/\/multi-gyn.com\/sk\/posvove-zdravie\/infekcie\/rozdiel-medzi-bakterialnou-vaginozou-a-kvasinkovou-infekciou\/#primaryimage\"},\"thumbnailUrl\":\"https:\/\/multi-gyn.com\/app\/uploads\/sites\/48\/2023\/06\/Infographic-Bacterial-Vaginosis-versus-Yeast.png\",\"datePublished\":\"2023-06-02T08:17:57+00:00\",\"dateModified\":\"2023-09-20T09:48:56+00:00\",\"description\":\"Bakteri\u00e1lna vagin\u00f3za a kvasinkov\u00e1 infekcia s\u00fa dve naj\u010dastej\u0161ie sa vyskytuj\u00face po\u0161vov\u00e9 ochorenia.\",\"breadcrumb\":{\"@id\":\"https:\/\/multi-gyn.com\/sk\/posvove-zdravie\/infekcie\/rozdiel-medzi-bakterialnou-vaginozou-a-kvasinkovou-infekciou\/#breadcrumb\"},\"inLanguage\":\"sk-SK\",\"potentialAction\":[{\"@type\":\"ReadAction\",\"target\":[\"https:\/\/multi-gyn.com\/sk\/posvove-zdravie\/infekcie\/rozdiel-medzi-bakterialnou-vaginozou-a-kvasinkovou-infekciou\/\"]}]},{\"@type\":\"ImageObject\",\"inLanguage\":\"sk-SK\",\"@id\":\"https:\/\/multi-gyn.com\/sk\/posvove-zdravie\/infekcie\/rozdiel-medzi-bakterialnou-vaginozou-a-kvasinkovou-infekciou\/#primaryimage\",\"url\":\"https:\/\/multi-gyn.com\/app\/uploads\/sites\/48\/2023\/06\/Infographic-Bacterial-Vaginosis-versus-Yeast.png\",\"contentUrl\":\"https:\/\/multi-gyn.com\/app\/uploads\/sites\/48\/2023\/06\/Infographic-Bacterial-Vaginosis-versus-Yeast.png\"},{\"@type\":\"BreadcrumbList\",\"@id\":\"https:\/\/multi-gyn.com\/sk\/posvove-zdravie\/infekcie\/rozdiel-medzi-bakterialnou-vaginozou-a-kvasinkovou-infekciou\/#breadcrumb\",\"itemListElement\":[{\"@type\":\"ListItem\",\"position\":1,\"name\":\"Home\",\"item\":\"https:\/\/multi-gyn.com\/sk\/\"},{\"@type\":\"ListItem\",\"position\":2,\"name\":\"Po\u0161vov\u00e9 zdravie\",\"item\":\"https:\/\/multi-gyn.com\/sk\/posvove-zdravie\/\"},{\"@type\":\"ListItem\",\"position\":3,\"name\":\"Infekcie\",\"item\":\"https:\/\/multi-gyn.com\/sk\/posvove-zdravie\/infekcie\/\"},{\"@type\":\"ListItem\",\"position\":4,\"name\":\"Rozdiel medzi bakteri\u00e1lnou vagin\u00f3zou a kvasinkovou infekciou\"}]},{\"@type\":\"WebSite\",\"@id\":\"https:\/\/multi-gyn.com\/sk\/#website\",\"url\":\"https:\/\/multi-gyn.com\/sk\/\",\"name\":\"Multi-Gyn\",\"description\":\"\",\"publisher\":{\"@id\":\"https:\/\/multi-gyn.com\/sk\/#organization\"},\"potentialAction\":[{\"@type\":\"SearchAction\",\"target\":{\"@type\":\"EntryPoint\",\"urlTemplate\":\"https:\/\/multi-gyn.com\/sk\/?s={search_term_string}\"},\"query-input\":{\"@type\":\"PropertyValueSpecification\",\"valueRequired\":true,\"valueName\":\"search_term_string\"}}],\"inLanguage\":\"sk-SK\"},{\"@type\":\"Organization\",\"@id\":\"https:\/\/multi-gyn.com\/sk\/#organization\",\"name\":\"Multi-Gyn\",\"url\":\"https:\/\/multi-gyn.com\/sk\/\",\"logo\":{\"@type\":\"ImageObject\",\"inLanguage\":\"sk-SK\",\"@id\":\"https:\/\/multi-gyn.com\/sk\/#\/schema\/logo\/image\/\",\"url\":\"https:\/\/multi-gyn.com\/app\/uploads\/sites\/48\/2023\/06\/multi-gyn-logo.png\",\"contentUrl\":\"https:\/\/multi-gyn.com\/app\/uploads\/sites\/48\/2023\/06\/multi-gyn-logo.png\",\"width\":149,\"height\":32,\"caption\":\"Multi-Gyn\"},\"image\":{\"@id\":\"https:\/\/multi-gyn.com\/sk\/#\/schema\/logo\/image\/\"}}]}<\/script>\n<!-- \/ Yoast SEO plugin. -->","yoast_head_json":{"title":"Rozdiel medzi bakteri\u00e1lnou vagin\u00f3zou a kvasinkovou infekciou - Multi-Gyn","description":"Bakteri\u00e1lna vagin\u00f3za a kvasinkov\u00e1 infekcia s\u00fa dve naj\u010dastej\u0161ie sa vyskytuj\u00face po\u0161vov\u00e9 ochorenia.","robots":{"index":"index","follow":"follow","max-snippet":"max-snippet:-1","max-image-preview":"max-image-preview:large","max-video-preview":"max-video-preview:-1"},"canonical":"https:\/\/multi-gyn.com\/sk\/posvove-zdravie\/infekcie\/rozdiel-medzi-bakterialnou-vaginozou-a-kvasinkovou-infekciou\/","og_locale":"sk_SK","og_type":"article","og_title":"Rozdiel medzi bakteri\u00e1lnou vagin\u00f3zou a kvasinkovou infekciou - Multi-Gyn","og_description":"Bakteri\u00e1lna vagin\u00f3za a kvasinkov\u00e1 infekcia s\u00fa dve naj\u010dastej\u0161ie sa vyskytuj\u00face po\u0161vov\u00e9 ochorenia.","og_url":"https:\/\/multi-gyn.com\/sk\/posvove-zdravie\/infekcie\/rozdiel-medzi-bakterialnou-vaginozou-a-kvasinkovou-infekciou\/","og_site_name":"Multi-Gyn","article_modified_time":"2023-09-20T09:48:56+00:00","og_image":[{"url":"https:\/\/multi-gyn.com\/app\/uploads\/sites\/48\/2023\/06\/Infographic-Bacterial-Vaginosis-versus-Yeast.png","type":"","width":"","height":""}],"twitter_card":"summary_large_image","twitter_misc":{"Predpokladan\u00fd \u010das \u010d\u00edtania":"3 min\u00faty"},"schema":{"@context":"https:\/\/schema.org","@graph":[{"@type":"WebPage","@id":"https:\/\/multi-gyn.com\/sk\/posvove-zdravie\/infekcie\/rozdiel-medzi-bakterialnou-vaginozou-a-kvasinkovou-infekciou\/","url":"https:\/\/multi-gyn.com\/sk\/posvove-zdravie\/infekcie\/rozdiel-medzi-bakterialnou-vaginozou-a-kvasinkovou-infekciou\/","name":"Rozdiel medzi bakteri\u00e1lnou vagin\u00f3zou a kvasinkovou infekciou - Multi-Gyn","isPartOf":{"@id":"https:\/\/multi-gyn.com\/sk\/#website"},"primaryImageOfPage":{"@id":"https:\/\/multi-gyn.com\/sk\/posvove-zdravie\/infekcie\/rozdiel-medzi-bakterialnou-vaginozou-a-kvasinkovou-infekciou\/#primaryimage"},"image":{"@id":"https:\/\/multi-gyn.com\/sk\/posvove-zdravie\/infekcie\/rozdiel-medzi-bakterialnou-vaginozou-a-kvasinkovou-infekciou\/#primaryimage"},"thumbnailUrl":"https:\/\/multi-gyn.com\/app\/uploads\/sites\/48\/2023\/06\/Infographic-Bacterial-Vaginosis-versus-Yeast.png","datePublished":"2023-06-02T08:17:57+00:00","dateModified":"2023-09-20T09:48:56+00:00","description":"Bakteri\u00e1lna vagin\u00f3za a kvasinkov\u00e1 infekcia s\u00fa dve naj\u010dastej\u0161ie sa vyskytuj\u00face po\u0161vov\u00e9 ochorenia.","breadcrumb":{"@id":"https:\/\/multi-gyn.com\/sk\/posvove-zdravie\/infekcie\/rozdiel-medzi-bakterialnou-vaginozou-a-kvasinkovou-infekciou\/#breadcrumb"},"inLanguage":"sk-SK","potentialAction":[{"@type":"ReadAction","target":["https:\/\/multi-gyn.com\/sk\/posvove-zdravie\/infekcie\/rozdiel-medzi-bakterialnou-vaginozou-a-kvasinkovou-infekciou\/"]}]},{"@type":"ImageObject","inLanguage":"sk-SK","@id":"https:\/\/multi-gyn.com\/sk\/posvove-zdravie\/infekcie\/rozdiel-medzi-bakterialnou-vaginozou-a-kvasinkovou-infekciou\/#primaryimage","url":"https:\/\/multi-gyn.com\/app\/uploads\/sites\/48\/2023\/06\/Infographic-Bacterial-Vaginosis-versus-Yeast.png","contentUrl":"https:\/\/multi-gyn.com\/app\/uploads\/sites\/48\/2023\/06\/Infographic-Bacterial-Vaginosis-versus-Yeast.png"},{"@type":"BreadcrumbList","@id":"https:\/\/multi-gyn.com\/sk\/posvove-zdravie\/infekcie\/rozdiel-medzi-bakterialnou-vaginozou-a-kvasinkovou-infekciou\/#breadcrumb","itemListElement":[{"@type":"ListItem","position":1,"name":"Home","item":"https:\/\/multi-gyn.com\/sk\/"},{"@type":"ListItem","position":2,"name":"Po\u0161vov\u00e9 zdravie","item":"https:\/\/multi-gyn.com\/sk\/posvove-zdravie\/"},{"@type":"ListItem","position":3,"name":"Infekcie","item":"https:\/\/multi-gyn.com\/sk\/posvove-zdravie\/infekcie\/"},{"@type":"ListItem","position":4,"name":"Rozdiel medzi bakteri\u00e1lnou vagin\u00f3zou a kvasinkovou infekciou"}]},{"@type":"WebSite","@id":"https:\/\/multi-gyn.com\/sk\/#website","url":"https:\/\/multi-gyn.com\/sk\/","name":"Multi-Gyn","description":"","publisher":{"@id":"https:\/\/multi-gyn.com\/sk\/#organization"},"potentialAction":[{"@type":"SearchAction","target":{"@type":"EntryPoint","urlTemplate":"https:\/\/multi-gyn.com\/sk\/?s={search_term_string}"},"query-input":{"@type":"PropertyValueSpecification","valueRequired":true,"valueName":"search_term_string"}}],"inLanguage":"sk-SK"},{"@type":"Organization","@id":"https:\/\/multi-gyn.com\/sk\/#organization","name":"Multi-Gyn","url":"https:\/\/multi-gyn.com\/sk\/","logo":{"@type":"ImageObject","inLanguage":"sk-SK","@id":"https:\/\/multi-gyn.com\/sk\/#\/schema\/logo\/image\/","url":"https:\/\/multi-gyn.com\/app\/uploads\/sites\/48\/2023\/06\/multi-gyn-logo.png","contentUrl":"https:\/\/multi-gyn.com\/app\/uploads\/sites\/48\/2023\/06\/multi-gyn-logo.png","width":149,"height":32,"caption":"Multi-Gyn"},"image":{"@id":"https:\/\/multi-gyn.com\/sk\/#\/schema\/logo\/image\/"}}]}},"_links":{"self":[{"href":"https:\/\/multi-gyn.com\/sk\/wp-json\/wp\/v2\/pages\/84","targetHints":{"allow":["GET"]}}],"collection":[{"href":"https:\/\/multi-gyn.com\/sk\/wp-json\/wp\/v2\/pages"}],"about":[{"href":"https:\/\/multi-gyn.com\/sk\/wp-json\/wp\/v2\/types\/page"}],"author":[{"embeddable":true,"href":"https:\/\/multi-gyn.com\/sk\/wp-json\/wp\/v2\/users\/2"}],"replies":[{"embeddable":true,"href":"https:\/\/multi-gyn.com\/sk\/wp-json\/wp\/v2\/comments?post=84"}],"version-history":[{"count":4,"href":"https:\/\/multi-gyn.com\/sk\/wp-json\/wp\/v2\/pages\/84\/revisions"}],"predecessor-version":[{"id":540,"href":"https:\/\/multi-gyn.com\/sk\/wp-json\/wp\/v2\/pages\/84\/revisions\/540"}],"up":[{"embeddable":true,"href":"https:\/\/multi-gyn.com\/sk\/wp-json\/wp\/v2\/pages\/55"}],"wp:attachment":[{"href":"https:\/\/multi-gyn.com\/sk\/wp-json\/wp\/v2\/media?parent=84"}],"wp:term":[{"taxonomy":"from-article-database","embeddable":true,"href":"https:\/\/multi-gyn.com\/sk\/wp-json\/wp\/v2\/from-article-database?post=84"}],"curies":[{"name":"wp","href":"https:\/\/api.w.org\/{rel}","templated":true}]}}