{"id":85,"date":"2023-06-02T10:18:16","date_gmt":"2023-06-02T08:18:16","guid":{"rendered":"https:\/\/multi-gyn.com\/sk\/?page_id=85"},"modified":"2023-09-20T11:48:54","modified_gmt":"2023-09-20T09:48:54","slug":"priciny-posvovych-infekcii","status":"publish","type":"page","link":"https:\/\/multi-gyn.com\/sk\/posvove-zdravie\/infekcie\/priciny-posvovych-infekcii\/","title":{"rendered":"Pr\u00ed\u010diny po\u0161vov\u00fdch infekci\u00ed"},"content":{"rendered":"\n<div class=\"wp-block-karopharma-free-text pt-large pb-large bg-center bg-cover bg-no-repeat  is-style-primary\" style=\"background-image:url()\"><div class=\"free-text-wrapper container max-w-medium text-left\">\n<h1 class=\"is-style-heading-large wp-block-heading\">Pr\u00ed\u010diny po\u0161vov\u00fdch infekci\u00ed<\/h1>\n\n\n\n<p class=\"is-style-paragraph-preamble\">Ak ste u\u017e niekedy mali sk\u00fasenos\u0165 s int\u00edmnymi probl\u00e9mami, ako s\u00fa abnorm\u00e1lny v\u00fdtok, svrbenie, p\u00e1lenie, boles\u0165 \u010di z\u00e1pach, je mo\u017en\u00e9, \u017ee ste mali do\u010dinenie s po\u0161vovou infekciou alebo vaginit\u00eddou (z\u00e1palom po\u0161vy). Najbe\u017enej\u0161ie sa vyskytuj\u00facimi infekciami s\u00fa bakteri\u00e1lna vagin\u00f3za a kvasinkov\u00e1 infekcia. Obidve tieto infekcie s\u00fa sp\u00f4soben\u00e9 nerovnov\u00e1hou v po\u0161vovej fl\u00f3re.<\/p>\n<\/div><\/div>\n\n\n\n<div class=\"wp-block-karopharma-free-text pt-large pb-large bg-center bg-cover bg-no-repeat\" style=\"background-image:url()\"><div class=\"free-text-wrapper container max-w-medium text-left\">\n<p>Bakteri\u00e1lnu vagin\u00f3zu spozn\u00e1te pod\u013ea p\u00e1lenia a bolesti v int\u00edmnej oblasti a riedkeho siv\u00e9ho alebo bieleho v\u00fdtoku s charakteristick\u00fdm rybac\u00edm z\u00e1pachom. Kvasinkov\u00e1 infekcia je charakteristick\u00e1 svrben\u00edm a podr\u00e1\u017eden\u00edm v po\u0161vovej oblasti a hust\u00fdm bielym v\u00fdtokom, naj\u010dastej\u0161ie prirovn\u00e1van\u00fdm k tvarohu.<\/p>\n\n\n\n<h2 class=\"is-style-heading-h2 wp-block-heading\">\u010co sp\u00f4sobuje po\u0161vov\u00fa infekciu?<\/h2>\n\n\n\n<p>Nerovnov\u00e1ha po\u0161vovej fl\u00f3ry je najbe\u017enej\u0161ou pr\u00ed\u010dinou vzniku po\u0161vov\u00fdch infekci\u00ed. Akon\u00e1hle d\u00f4jde k zn\u00ed\u017eeniu po\u010dtu dobr\u00fdch bakt\u00e9ri\u00ed v po\u0161ve, zl\u00e9 bakt\u00e9rie a kvasinky sa za\u010dn\u00fa ve\u013emi r\u00fdchlo mno\u017ei\u0165 a sp\u00f4sobuj\u00fa nepr\u00edjemnosti a infekciu.<\/p>\n\n\n\n<p>K nerovnov\u00e1he m\u00f4\u017ee d\u00f4js\u0165 po\u010das a po u\u017e\u00edvan\u00ed antibiot\u00edk, kv\u00f4li hormon\u00e1lnym zmen\u00e1m, po pou\u017eit\u00ed hygienick\u00fdch pr\u00edpravkov ako je mydlo a pena do k\u00fape\u013ea, po pou\u017eit\u00ed telov\u00fdch mliek, ale aj int\u00edmnych pr\u00edpravkov vr\u00e1tane po\u0161vov\u00fdch sprejov a prezervat\u00edvov.<\/p>\n\n\n\n<p class=\"is-style-paragraph-preamble has-primary-color has-text-color\"><em>\u201eNerovnov\u00e1ha v po\u0161vovej fl\u00f3re je jednou z najbe\u017enej\u0161\u00edch pr\u00ed\u010din vzniku po\u0161vov\u00fdch infekci\u00ed.\u201c<\/em><\/p>\n\n\n\n<p>Po\u0161vov\u00e9 probl\u00e9my m\u00f4\u017eu vznikn\u00fa\u0165 aj vplyvom dr\u00e1\u017ediv\u00fdch l\u00e1tok a alerg\u00e9nov, ktor\u00e9 sa nach\u00e1dzaj\u00fa v prac\u00edch prostriedkoch alebo aviv\u00e1\u017each, a niekedy aj kv\u00f4li chemik\u00e1li\u00e1m pou\u017e\u00edvan\u00fdm na farbenie oble\u010denia. Syntetick\u00e1 spodn\u00e1 bielize\u0148 m\u00f4\u017ee tie\u017e sp\u00f4sobi\u0165 podr\u00e1\u017edenie a podpori\u0165 rast kvasiniek, rovnako ako aj parfumovan\u00e9 a farben\u00e9 hygienick\u00e9 vlo\u017eky. V\u00fdsledkom m\u00f4\u017ee by\u0165 premno\u017eenie bakt\u00e9ri\u00ed ved\u00facim k vzniku BV alebo kvasinkovej infekcie. Probl\u00e9my v\u0161ak m\u00f4\u017eu by\u0165 sp\u00f4soben\u00e9 aj pohlavne prenosn\u00fdmi infekciami.<\/p>\n\n\n\n<h2 class=\"is-style-heading-h2 wp-block-heading\">Vplyv horm\u00f3nov<\/h2>\n\n\n\n<p>\u010eal\u0161\u00edm d\u00f4le\u017eit\u00fdm faktorom, ktor\u00fd m\u00f4\u017ee ovplyvni\u0165 Va\u0161e po\u0161vov\u00e9 zdravie je moment\u00e1lny hormon\u00e1lny stav. Zmeny v hladin\u00e1ch horm\u00f3nov maj\u00fa vplyv na v\u00fdvoj po\u0161vov\u00fdch infekci\u00ed. Rovnako m\u00f4\u017eu sp\u00f4sobova\u0165 aj \u010fal\u0161ie probl\u00e9my.<\/p>\n\n\n\n<p>Hladina estrog\u00e9nu sa m\u00f4\u017ee zn\u00ed\u017ei\u0165 tesne pred men\u0161tru\u00e1ciou, po\u010das tehotenstva, doj\u010denia alebo menopauzy. Toto m\u00e1 za n\u00e1sledok zn\u00ed\u017eenie schopnosti prirodzenej lubrik\u00e1cie sliznice po\u0161vy, \u010do po\u0161vu vysu\u0161uje a rob\u00ed ju n\u00e1chylnej\u0161ou na po\u0161kodenie po\u010das zas\u00favania pohlavn\u00e9ho \u00fadu. To m\u00e1 za n\u00e1sledok bolestivos\u0165 pri pohlavnom styku, vznik z\u00e1palu a podr\u00e1\u017edenia.<\/p>\n\n\n\n<p>Ak pr\u00e1ve trp\u00edte probl\u00e9mami, ako v\u00fdtok, z\u00e1pach, boles\u0165, svrbenie, p\u00e1lenie \u010di bolestivos\u0165, konzultujte V\u00e1\u0161 stav s gynekol\u00f3gom, aby ste dostali vhodn\u00fa lie\u010dbu a predi\u0161li \u010fal\u0161\u00edm komplik\u00e1ci\u00e1m.<\/p>\n<\/div><\/div>\n","protected":false},"excerpt":{"rendered":"","protected":false},"author":2,"featured_media":0,"parent":55,"menu_order":6,"comment_status":"closed","ping_status":"closed","template":"","meta":{"_acf_changed":false,"footnotes":""},"from-article-database":[],"class_list":["post-85","page","type-page","status-publish","hentry"],"acf":[],"yoast_head":"<!-- This site is optimized with the Yoast SEO plugin v26.6 - https:\/\/yoast.com\/wordpress\/plugins\/seo\/ -->\n<title>Pr\u00ed\u010diny po\u0161vov\u00fdch infekci\u00ed - Multi-Gyn<\/title>\n<meta name=\"description\" content=\"Najbe\u017enej\u0161ie sa vyskytuj\u00facimi infekciami s\u00fa bakteri\u00e1lna vagin\u00f3za a kvasinkov\u00e1 infekcia. Obidve tieto infekcie s\u00fa sp\u00f4soben\u00e9 nerovnov\u00e1hou v po\u0161vovej fl\u00f3re.\" \/>\n<meta name=\"robots\" content=\"index, follow, max-snippet:-1, max-image-preview:large, max-video-preview:-1\" \/>\n<link rel=\"canonical\" href=\"https:\/\/multi-gyn.com\/sk\/posvove-zdravie\/infekcie\/priciny-posvovych-infekcii\/\" \/>\n<meta property=\"og:locale\" content=\"sk_SK\" \/>\n<meta property=\"og:type\" content=\"article\" \/>\n<meta property=\"og:title\" content=\"Pr\u00ed\u010diny po\u0161vov\u00fdch infekci\u00ed - Multi-Gyn\" \/>\n<meta property=\"og:description\" content=\"Najbe\u017enej\u0161ie sa vyskytuj\u00facimi infekciami s\u00fa bakteri\u00e1lna vagin\u00f3za a kvasinkov\u00e1 infekcia. Obidve tieto infekcie s\u00fa sp\u00f4soben\u00e9 nerovnov\u00e1hou v po\u0161vovej fl\u00f3re.\" \/>\n<meta property=\"og:url\" content=\"https:\/\/multi-gyn.com\/sk\/posvove-zdravie\/infekcie\/priciny-posvovych-infekcii\/\" \/>\n<meta property=\"og:site_name\" content=\"Multi-Gyn\" \/>\n<meta property=\"article:modified_time\" content=\"2023-09-20T09:48:54+00:00\" \/>\n<meta name=\"twitter:card\" content=\"summary_large_image\" \/>\n<meta name=\"twitter:label1\" content=\"Predpokladan\u00fd \u010das \u010d\u00edtania\" \/>\n\t<meta name=\"twitter:data1\" content=\"2 min\u00faty\" \/>\n<script type=\"application\/ld+json\" class=\"yoast-schema-graph\">{\"@context\":\"https:\/\/schema.org\",\"@graph\":[{\"@type\":\"WebPage\",\"@id\":\"https:\/\/multi-gyn.com\/sk\/posvove-zdravie\/infekcie\/priciny-posvovych-infekcii\/\",\"url\":\"https:\/\/multi-gyn.com\/sk\/posvove-zdravie\/infekcie\/priciny-posvovych-infekcii\/\",\"name\":\"Pr\u00ed\u010diny po\u0161vov\u00fdch infekci\u00ed - Multi-Gyn\",\"isPartOf\":{\"@id\":\"https:\/\/multi-gyn.com\/sk\/#website\"},\"datePublished\":\"2023-06-02T08:18:16+00:00\",\"dateModified\":\"2023-09-20T09:48:54+00:00\",\"description\":\"Najbe\u017enej\u0161ie sa vyskytuj\u00facimi infekciami s\u00fa bakteri\u00e1lna vagin\u00f3za a kvasinkov\u00e1 infekcia. Obidve tieto infekcie s\u00fa sp\u00f4soben\u00e9 nerovnov\u00e1hou v po\u0161vovej fl\u00f3re.\",\"breadcrumb\":{\"@id\":\"https:\/\/multi-gyn.com\/sk\/posvove-zdravie\/infekcie\/priciny-posvovych-infekcii\/#breadcrumb\"},\"inLanguage\":\"sk-SK\",\"potentialAction\":[{\"@type\":\"ReadAction\",\"target\":[\"https:\/\/multi-gyn.com\/sk\/posvove-zdravie\/infekcie\/priciny-posvovych-infekcii\/\"]}]},{\"@type\":\"BreadcrumbList\",\"@id\":\"https:\/\/multi-gyn.com\/sk\/posvove-zdravie\/infekcie\/priciny-posvovych-infekcii\/#breadcrumb\",\"itemListElement\":[{\"@type\":\"ListItem\",\"position\":1,\"name\":\"Home\",\"item\":\"https:\/\/multi-gyn.com\/sk\/\"},{\"@type\":\"ListItem\",\"position\":2,\"name\":\"Po\u0161vov\u00e9 zdravie\",\"item\":\"https:\/\/multi-gyn.com\/sk\/posvove-zdravie\/\"},{\"@type\":\"ListItem\",\"position\":3,\"name\":\"Infekcie\",\"item\":\"https:\/\/multi-gyn.com\/sk\/posvove-zdravie\/infekcie\/\"},{\"@type\":\"ListItem\",\"position\":4,\"name\":\"Pr\u00ed\u010diny po\u0161vov\u00fdch infekci\u00ed\"}]},{\"@type\":\"WebSite\",\"@id\":\"https:\/\/multi-gyn.com\/sk\/#website\",\"url\":\"https:\/\/multi-gyn.com\/sk\/\",\"name\":\"Multi-Gyn\",\"description\":\"\",\"publisher\":{\"@id\":\"https:\/\/multi-gyn.com\/sk\/#organization\"},\"potentialAction\":[{\"@type\":\"SearchAction\",\"target\":{\"@type\":\"EntryPoint\",\"urlTemplate\":\"https:\/\/multi-gyn.com\/sk\/?s={search_term_string}\"},\"query-input\":{\"@type\":\"PropertyValueSpecification\",\"valueRequired\":true,\"valueName\":\"search_term_string\"}}],\"inLanguage\":\"sk-SK\"},{\"@type\":\"Organization\",\"@id\":\"https:\/\/multi-gyn.com\/sk\/#organization\",\"name\":\"Multi-Gyn\",\"url\":\"https:\/\/multi-gyn.com\/sk\/\",\"logo\":{\"@type\":\"ImageObject\",\"inLanguage\":\"sk-SK\",\"@id\":\"https:\/\/multi-gyn.com\/sk\/#\/schema\/logo\/image\/\",\"url\":\"https:\/\/multi-gyn.com\/app\/uploads\/sites\/48\/2023\/06\/multi-gyn-logo.png\",\"contentUrl\":\"https:\/\/multi-gyn.com\/app\/uploads\/sites\/48\/2023\/06\/multi-gyn-logo.png\",\"width\":149,\"height\":32,\"caption\":\"Multi-Gyn\"},\"image\":{\"@id\":\"https:\/\/multi-gyn.com\/sk\/#\/schema\/logo\/image\/\"}}]}<\/script>\n<!-- \/ Yoast SEO plugin. -->","yoast_head_json":{"title":"Pr\u00ed\u010diny po\u0161vov\u00fdch infekci\u00ed - Multi-Gyn","description":"Najbe\u017enej\u0161ie sa vyskytuj\u00facimi infekciami s\u00fa bakteri\u00e1lna vagin\u00f3za a kvasinkov\u00e1 infekcia. Obidve tieto infekcie s\u00fa sp\u00f4soben\u00e9 nerovnov\u00e1hou v po\u0161vovej fl\u00f3re.","robots":{"index":"index","follow":"follow","max-snippet":"max-snippet:-1","max-image-preview":"max-image-preview:large","max-video-preview":"max-video-preview:-1"},"canonical":"https:\/\/multi-gyn.com\/sk\/posvove-zdravie\/infekcie\/priciny-posvovych-infekcii\/","og_locale":"sk_SK","og_type":"article","og_title":"Pr\u00ed\u010diny po\u0161vov\u00fdch infekci\u00ed - Multi-Gyn","og_description":"Najbe\u017enej\u0161ie sa vyskytuj\u00facimi infekciami s\u00fa bakteri\u00e1lna vagin\u00f3za a kvasinkov\u00e1 infekcia. Obidve tieto infekcie s\u00fa sp\u00f4soben\u00e9 nerovnov\u00e1hou v po\u0161vovej fl\u00f3re.","og_url":"https:\/\/multi-gyn.com\/sk\/posvove-zdravie\/infekcie\/priciny-posvovych-infekcii\/","og_site_name":"Multi-Gyn","article_modified_time":"2023-09-20T09:48:54+00:00","twitter_card":"summary_large_image","twitter_misc":{"Predpokladan\u00fd \u010das \u010d\u00edtania":"2 min\u00faty"},"schema":{"@context":"https:\/\/schema.org","@graph":[{"@type":"WebPage","@id":"https:\/\/multi-gyn.com\/sk\/posvove-zdravie\/infekcie\/priciny-posvovych-infekcii\/","url":"https:\/\/multi-gyn.com\/sk\/posvove-zdravie\/infekcie\/priciny-posvovych-infekcii\/","name":"Pr\u00ed\u010diny po\u0161vov\u00fdch infekci\u00ed - Multi-Gyn","isPartOf":{"@id":"https:\/\/multi-gyn.com\/sk\/#website"},"datePublished":"2023-06-02T08:18:16+00:00","dateModified":"2023-09-20T09:48:54+00:00","description":"Najbe\u017enej\u0161ie sa vyskytuj\u00facimi infekciami s\u00fa bakteri\u00e1lna vagin\u00f3za a kvasinkov\u00e1 infekcia. Obidve tieto infekcie s\u00fa sp\u00f4soben\u00e9 nerovnov\u00e1hou v po\u0161vovej fl\u00f3re.","breadcrumb":{"@id":"https:\/\/multi-gyn.com\/sk\/posvove-zdravie\/infekcie\/priciny-posvovych-infekcii\/#breadcrumb"},"inLanguage":"sk-SK","potentialAction":[{"@type":"ReadAction","target":["https:\/\/multi-gyn.com\/sk\/posvove-zdravie\/infekcie\/priciny-posvovych-infekcii\/"]}]},{"@type":"BreadcrumbList","@id":"https:\/\/multi-gyn.com\/sk\/posvove-zdravie\/infekcie\/priciny-posvovych-infekcii\/#breadcrumb","itemListElement":[{"@type":"ListItem","position":1,"name":"Home","item":"https:\/\/multi-gyn.com\/sk\/"},{"@type":"ListItem","position":2,"name":"Po\u0161vov\u00e9 zdravie","item":"https:\/\/multi-gyn.com\/sk\/posvove-zdravie\/"},{"@type":"ListItem","position":3,"name":"Infekcie","item":"https:\/\/multi-gyn.com\/sk\/posvove-zdravie\/infekcie\/"},{"@type":"ListItem","position":4,"name":"Pr\u00ed\u010diny po\u0161vov\u00fdch infekci\u00ed"}]},{"@type":"WebSite","@id":"https:\/\/multi-gyn.com\/sk\/#website","url":"https:\/\/multi-gyn.com\/sk\/","name":"Multi-Gyn","description":"","publisher":{"@id":"https:\/\/multi-gyn.com\/sk\/#organization"},"potentialAction":[{"@type":"SearchAction","target":{"@type":"EntryPoint","urlTemplate":"https:\/\/multi-gyn.com\/sk\/?s={search_term_string}"},"query-input":{"@type":"PropertyValueSpecification","valueRequired":true,"valueName":"search_term_string"}}],"inLanguage":"sk-SK"},{"@type":"Organization","@id":"https:\/\/multi-gyn.com\/sk\/#organization","name":"Multi-Gyn","url":"https:\/\/multi-gyn.com\/sk\/","logo":{"@type":"ImageObject","inLanguage":"sk-SK","@id":"https:\/\/multi-gyn.com\/sk\/#\/schema\/logo\/image\/","url":"https:\/\/multi-gyn.com\/app\/uploads\/sites\/48\/2023\/06\/multi-gyn-logo.png","contentUrl":"https:\/\/multi-gyn.com\/app\/uploads\/sites\/48\/2023\/06\/multi-gyn-logo.png","width":149,"height":32,"caption":"Multi-Gyn"},"image":{"@id":"https:\/\/multi-gyn.com\/sk\/#\/schema\/logo\/image\/"}}]}},"_links":{"self":[{"href":"https:\/\/multi-gyn.com\/sk\/wp-json\/wp\/v2\/pages\/85","targetHints":{"allow":["GET"]}}],"collection":[{"href":"https:\/\/multi-gyn.com\/sk\/wp-json\/wp\/v2\/pages"}],"about":[{"href":"https:\/\/multi-gyn.com\/sk\/wp-json\/wp\/v2\/types\/page"}],"author":[{"embeddable":true,"href":"https:\/\/multi-gyn.com\/sk\/wp-json\/wp\/v2\/users\/2"}],"replies":[{"embeddable":true,"href":"https:\/\/multi-gyn.com\/sk\/wp-json\/wp\/v2\/comments?post=85"}],"version-history":[{"count":4,"href":"https:\/\/multi-gyn.com\/sk\/wp-json\/wp\/v2\/pages\/85\/revisions"}],"predecessor-version":[{"id":542,"href":"https:\/\/multi-gyn.com\/sk\/wp-json\/wp\/v2\/pages\/85\/revisions\/542"}],"up":[{"embeddable":true,"href":"https:\/\/multi-gyn.com\/sk\/wp-json\/wp\/v2\/pages\/55"}],"wp:attachment":[{"href":"https:\/\/multi-gyn.com\/sk\/wp-json\/wp\/v2\/media?parent=85"}],"wp:term":[{"taxonomy":"from-article-database","embeddable":true,"href":"https:\/\/multi-gyn.com\/sk\/wp-json\/wp\/v2\/from-article-database?post=85"}],"curies":[{"name":"wp","href":"https:\/\/api.w.org\/{rel}","templated":true}]}}