{"id":89,"date":"2023-06-02T10:18:47","date_gmt":"2023-06-02T08:18:47","guid":{"rendered":"https:\/\/multi-gyn.com\/sk\/?page_id=89"},"modified":"2023-09-20T11:48:52","modified_gmt":"2023-09-20T09:48:52","slug":"bakterialna-vaginoza-a-tehotenstvo","status":"publish","type":"page","link":"https:\/\/multi-gyn.com\/sk\/posvove-zdravie\/infekcie\/bakterialna-vaginoza-a-tehotenstvo\/","title":{"rendered":"Bakteri\u00e1lna vagin\u00f3za a tehotenstvo"},"content":{"rendered":"\n<div class=\"wp-block-karopharma-free-text pt-large pb-large bg-center bg-cover bg-no-repeat  is-style-primary\" style=\"background-image:url()\"><div class=\"free-text-wrapper container max-w-medium text-left\">\n<h1 class=\"is-style-heading-large wp-block-heading\">Bakteri\u00e1lna vagin\u00f3za a tehotenstvo<\/h1>\n\n\n\n<p class=\"is-style-paragraph-preamble\">Tehotenstvo je obdob\u00edm zmien a o\u010dak\u00e1van\u00ed. Na\u0161e telesn\u00e9 funkcie sa s\u00fastre\u010fuj\u00fa na starostlivos\u0165 o nov\u00fd \u017eivot v na\u0161om vn\u00fatri a pripravuj\u00fa n\u00e1s na p\u00f4rod, doj\u010denie a starostlivos\u0165 o die\u0165a. Hoci to m\u00f4\u017ee by\u0165 radostn\u00e9, no ani z\u010faleka nie bezstarostn\u00e9 obdobie.<\/p>\n<\/div><\/div>\n\n\n\n<div class=\"wp-block-karopharma-free-text pt-large pb-large bg-center bg-cover bg-no-repeat\" style=\"background-image:url()\"><div class=\"free-text-wrapper container max-w-medium text-left\">\n<p>R\u00fdchle zmeny, zah\u0155\u0148aj\u00face zmeny hlad\u00edn horm\u00f3nov, m\u00f4\u017eu vies\u0165 k r\u00f4znym probl\u00e9mom a bolestiam. Okrem dopadu na n\u00e1s, r\u00f4zne choroby a infekcie m\u00f4\u017eu ma\u0165 vplyv aj na na\u0161e tehotenstvo, v\u00fdvoj die\u0165a\u0165a a p\u00f4rod. Napr\u00edklad bakteri\u00e1lna vagin\u00f3za je v tehotenstve spojen\u00e1 s v\u00e1\u017enej\u0161\u00edmi n\u00e1sledkami, a preto by mala by\u0165 lie\u010den\u00e1 \u010do najsk\u00f4r po jej objaven\u00ed.<\/p>\n\n\n\n<h2 class=\"is-style-heading-h2 wp-block-heading\">\u010co je bakteri\u00e1lna vagin\u00f3za?<\/h2>\n\n\n\n<p>Bakteri\u00e1lna vagin\u00f3za je jedn\u00fdm z najbe\u017enej\u0161\u00edch po\u0161vov\u00fdch probl\u00e9mov. Je sp\u00f4soben\u00e1 naru\u0161en\u00edm mikrobi\u00e1lnej fl\u00f3ry v po\u0161ve a m\u00f4\u017ee ma\u0165 jemn\u00e9 a\u017e siln\u00e9 pr\u00edznaky, medzi ktor\u00e9 patria biely alebo siv\u00fd vodnat\u00fd v\u00fdtok, nepr\u00edjemn\u00fd rybac\u00ed z\u00e1pach, podr\u00e1\u017edenie a boles\u0165 v po\u0161vovej oblasti. Aj ke\u010f s\u00fa tieto pr\u00edznaky nepr\u00edjemn\u00e9, nie s\u00fa \u017eivotu nebezpe\u010dn\u00e9 a vo v\u00e4\u010d\u0161ine pr\u00edpadov s\u00fa \u013eahko lie\u010dite\u013en\u00e9 antibiotikami alebo pr\u00edrodn\u00fdmi pr\u00edpravkami, ktor\u00e9 obnovuj\u00fa rovnov\u00e1hu po\u0161vovej fl\u00f3ry. Po\u010das tehotenstva v\u0161ak m\u00f4\u017ee ma\u0165 BV z\u00e1va\u017enej\u0161ie n\u00e1sledky, vr\u00e1tane rizika pred\u010dasn\u00e9ho p\u00f4rodu. Z tohto d\u00f4vodu by mali tehotn\u00e9 \u017eeny pri podozren\u00ed na BV okam\u017eite nav\u0161t\u00edvi\u0165 svojho gynekol\u00f3ga.<\/p>\n\n\n\n<p class=\"is-style-paragraph-preamble has-primary-color has-text-color\"><em>\u201eBakteri\u00e1lna vagin\u00f3za je v tehotenstve spojen\u00e1 so z\u00e1va\u017enej\u0161\u00edmi n\u00e1sledkami, a preto by mala by\u0165 lie\u010den\u00e1 okam\u017eite po jej objaven\u00ed.\u201c<\/em><\/p>\n\n\n\n<h2 class=\"is-style-heading-h2 wp-block-heading\">Ako lie\u010di\u0165 bakteri\u00e1lnu vagin\u00f3zu po\u010das tehotenstva?<\/h2>\n\n\n\n<p>U\u017e\u00edvanie liekov po\u010das tehotenstva je ve\u013emi obmedzen\u00e9 a malo by by\u0165 v\u017edy konzultovan\u00e9 s gynekol\u00f3gom. Bakteri\u00e1lna vagin\u00f3za m\u00f4\u017ee by\u0165 lie\u010den\u00e1 antibiotikami, ako je metronidazol, ktor\u00e9mu je v\u0161ak lep\u0161ie sa po\u010das tehotenstva vyhn\u00fa\u0165. Alternat\u00edvou s\u00fa pr\u00edrodn\u00e9 pr\u00edpravky, ktor\u00e9 obnovuj\u00fa pH po\u0161vy a umo\u017e\u0148uj\u00fa dobr\u00fdm bakt\u00e9ri\u00e1m prinavr\u00e1ti\u0165 rovnov\u00e1hu po\u0161vovej fl\u00f3ry. Niektor\u00e9 z t\u00fdchto pr\u00edpravkov m\u00f4\u017eu by\u0165 pou\u017e\u00edvan\u00e9 aj po\u010das tehotenstva, ale ke\u010f\u017ee ka\u017ed\u00e1 \u017eena a ka\u017ed\u00e9 tehotenstvo s\u00fa in\u00e9, terapia by mala by\u0165 v\u017edy konzultovan\u00e1 s gynekol\u00f3gom.<\/p>\n<\/div><\/div>\n","protected":false},"excerpt":{"rendered":"","protected":false},"author":2,"featured_media":0,"parent":55,"menu_order":7,"comment_status":"closed","ping_status":"closed","template":"","meta":{"_acf_changed":false,"footnotes":""},"from-article-database":[],"class_list":["post-89","page","type-page","status-publish","hentry"],"acf":[],"yoast_head":"<!-- This site is optimized with the Yoast SEO plugin v26.6 - https:\/\/yoast.com\/wordpress\/plugins\/seo\/ -->\n<title>Bakteri\u00e1lna vagin\u00f3za a tehotenstvo - Multi-Gyn<\/title>\n<meta name=\"description\" content=\"Tehotenstvo je obdob\u00edm zmien a o\u010dak\u00e1van\u00ed. Na\u0161e telesn\u00e9 funkcie sa s\u00fastre\u010fuj\u00fa na starostlivos\u0165 o nov\u00fd \u017eivot v na\u0161om vn\u00fatri a pripravuj\u00fa n\u00e1s na p\u00f4rod, doj\u010denie a starostlivos\u0165 o die\u0165a.\" \/>\n<meta name=\"robots\" content=\"index, follow, max-snippet:-1, max-image-preview:large, max-video-preview:-1\" \/>\n<link rel=\"canonical\" href=\"https:\/\/multi-gyn.com\/sk\/posvove-zdravie\/infekcie\/bakterialna-vaginoza-a-tehotenstvo\/\" \/>\n<meta property=\"og:locale\" content=\"sk_SK\" \/>\n<meta property=\"og:type\" content=\"article\" \/>\n<meta property=\"og:title\" content=\"Bakteri\u00e1lna vagin\u00f3za a tehotenstvo - Multi-Gyn\" \/>\n<meta property=\"og:description\" content=\"Tehotenstvo je obdob\u00edm zmien a o\u010dak\u00e1van\u00ed. Na\u0161e telesn\u00e9 funkcie sa s\u00fastre\u010fuj\u00fa na starostlivos\u0165 o nov\u00fd \u017eivot v na\u0161om vn\u00fatri a pripravuj\u00fa n\u00e1s na p\u00f4rod, doj\u010denie a starostlivos\u0165 o die\u0165a.\" \/>\n<meta property=\"og:url\" content=\"https:\/\/multi-gyn.com\/sk\/posvove-zdravie\/infekcie\/bakterialna-vaginoza-a-tehotenstvo\/\" \/>\n<meta property=\"og:site_name\" content=\"Multi-Gyn\" \/>\n<meta property=\"article:modified_time\" content=\"2023-09-20T09:48:52+00:00\" \/>\n<meta name=\"twitter:card\" content=\"summary_large_image\" \/>\n<meta name=\"twitter:label1\" content=\"Predpokladan\u00fd \u010das \u010d\u00edtania\" \/>\n\t<meta name=\"twitter:data1\" content=\"2 min\u00faty\" \/>\n<script type=\"application\/ld+json\" class=\"yoast-schema-graph\">{\"@context\":\"https:\/\/schema.org\",\"@graph\":[{\"@type\":\"WebPage\",\"@id\":\"https:\/\/multi-gyn.com\/sk\/posvove-zdravie\/infekcie\/bakterialna-vaginoza-a-tehotenstvo\/\",\"url\":\"https:\/\/multi-gyn.com\/sk\/posvove-zdravie\/infekcie\/bakterialna-vaginoza-a-tehotenstvo\/\",\"name\":\"Bakteri\u00e1lna vagin\u00f3za a tehotenstvo - Multi-Gyn\",\"isPartOf\":{\"@id\":\"https:\/\/multi-gyn.com\/sk\/#website\"},\"datePublished\":\"2023-06-02T08:18:47+00:00\",\"dateModified\":\"2023-09-20T09:48:52+00:00\",\"description\":\"Tehotenstvo je obdob\u00edm zmien a o\u010dak\u00e1van\u00ed. Na\u0161e telesn\u00e9 funkcie sa s\u00fastre\u010fuj\u00fa na starostlivos\u0165 o nov\u00fd \u017eivot v na\u0161om vn\u00fatri a pripravuj\u00fa n\u00e1s na p\u00f4rod, doj\u010denie a starostlivos\u0165 o die\u0165a.\",\"breadcrumb\":{\"@id\":\"https:\/\/multi-gyn.com\/sk\/posvove-zdravie\/infekcie\/bakterialna-vaginoza-a-tehotenstvo\/#breadcrumb\"},\"inLanguage\":\"sk-SK\",\"potentialAction\":[{\"@type\":\"ReadAction\",\"target\":[\"https:\/\/multi-gyn.com\/sk\/posvove-zdravie\/infekcie\/bakterialna-vaginoza-a-tehotenstvo\/\"]}]},{\"@type\":\"BreadcrumbList\",\"@id\":\"https:\/\/multi-gyn.com\/sk\/posvove-zdravie\/infekcie\/bakterialna-vaginoza-a-tehotenstvo\/#breadcrumb\",\"itemListElement\":[{\"@type\":\"ListItem\",\"position\":1,\"name\":\"Home\",\"item\":\"https:\/\/multi-gyn.com\/sk\/\"},{\"@type\":\"ListItem\",\"position\":2,\"name\":\"Po\u0161vov\u00e9 zdravie\",\"item\":\"https:\/\/multi-gyn.com\/sk\/posvove-zdravie\/\"},{\"@type\":\"ListItem\",\"position\":3,\"name\":\"Infekcie\",\"item\":\"https:\/\/multi-gyn.com\/sk\/posvove-zdravie\/infekcie\/\"},{\"@type\":\"ListItem\",\"position\":4,\"name\":\"Bakteri\u00e1lna vagin\u00f3za a tehotenstvo\"}]},{\"@type\":\"WebSite\",\"@id\":\"https:\/\/multi-gyn.com\/sk\/#website\",\"url\":\"https:\/\/multi-gyn.com\/sk\/\",\"name\":\"Multi-Gyn\",\"description\":\"\",\"publisher\":{\"@id\":\"https:\/\/multi-gyn.com\/sk\/#organization\"},\"potentialAction\":[{\"@type\":\"SearchAction\",\"target\":{\"@type\":\"EntryPoint\",\"urlTemplate\":\"https:\/\/multi-gyn.com\/sk\/?s={search_term_string}\"},\"query-input\":{\"@type\":\"PropertyValueSpecification\",\"valueRequired\":true,\"valueName\":\"search_term_string\"}}],\"inLanguage\":\"sk-SK\"},{\"@type\":\"Organization\",\"@id\":\"https:\/\/multi-gyn.com\/sk\/#organization\",\"name\":\"Multi-Gyn\",\"url\":\"https:\/\/multi-gyn.com\/sk\/\",\"logo\":{\"@type\":\"ImageObject\",\"inLanguage\":\"sk-SK\",\"@id\":\"https:\/\/multi-gyn.com\/sk\/#\/schema\/logo\/image\/\",\"url\":\"https:\/\/multi-gyn.com\/app\/uploads\/sites\/48\/2023\/06\/multi-gyn-logo.png\",\"contentUrl\":\"https:\/\/multi-gyn.com\/app\/uploads\/sites\/48\/2023\/06\/multi-gyn-logo.png\",\"width\":149,\"height\":32,\"caption\":\"Multi-Gyn\"},\"image\":{\"@id\":\"https:\/\/multi-gyn.com\/sk\/#\/schema\/logo\/image\/\"}}]}<\/script>\n<!-- \/ Yoast SEO plugin. -->","yoast_head_json":{"title":"Bakteri\u00e1lna vagin\u00f3za a tehotenstvo - Multi-Gyn","description":"Tehotenstvo je obdob\u00edm zmien a o\u010dak\u00e1van\u00ed. Na\u0161e telesn\u00e9 funkcie sa s\u00fastre\u010fuj\u00fa na starostlivos\u0165 o nov\u00fd \u017eivot v na\u0161om vn\u00fatri a pripravuj\u00fa n\u00e1s na p\u00f4rod, doj\u010denie a starostlivos\u0165 o die\u0165a.","robots":{"index":"index","follow":"follow","max-snippet":"max-snippet:-1","max-image-preview":"max-image-preview:large","max-video-preview":"max-video-preview:-1"},"canonical":"https:\/\/multi-gyn.com\/sk\/posvove-zdravie\/infekcie\/bakterialna-vaginoza-a-tehotenstvo\/","og_locale":"sk_SK","og_type":"article","og_title":"Bakteri\u00e1lna vagin\u00f3za a tehotenstvo - Multi-Gyn","og_description":"Tehotenstvo je obdob\u00edm zmien a o\u010dak\u00e1van\u00ed. Na\u0161e telesn\u00e9 funkcie sa s\u00fastre\u010fuj\u00fa na starostlivos\u0165 o nov\u00fd \u017eivot v na\u0161om vn\u00fatri a pripravuj\u00fa n\u00e1s na p\u00f4rod, doj\u010denie a starostlivos\u0165 o die\u0165a.","og_url":"https:\/\/multi-gyn.com\/sk\/posvove-zdravie\/infekcie\/bakterialna-vaginoza-a-tehotenstvo\/","og_site_name":"Multi-Gyn","article_modified_time":"2023-09-20T09:48:52+00:00","twitter_card":"summary_large_image","twitter_misc":{"Predpokladan\u00fd \u010das \u010d\u00edtania":"2 min\u00faty"},"schema":{"@context":"https:\/\/schema.org","@graph":[{"@type":"WebPage","@id":"https:\/\/multi-gyn.com\/sk\/posvove-zdravie\/infekcie\/bakterialna-vaginoza-a-tehotenstvo\/","url":"https:\/\/multi-gyn.com\/sk\/posvove-zdravie\/infekcie\/bakterialna-vaginoza-a-tehotenstvo\/","name":"Bakteri\u00e1lna vagin\u00f3za a tehotenstvo - Multi-Gyn","isPartOf":{"@id":"https:\/\/multi-gyn.com\/sk\/#website"},"datePublished":"2023-06-02T08:18:47+00:00","dateModified":"2023-09-20T09:48:52+00:00","description":"Tehotenstvo je obdob\u00edm zmien a o\u010dak\u00e1van\u00ed. Na\u0161e telesn\u00e9 funkcie sa s\u00fastre\u010fuj\u00fa na starostlivos\u0165 o nov\u00fd \u017eivot v na\u0161om vn\u00fatri a pripravuj\u00fa n\u00e1s na p\u00f4rod, doj\u010denie a starostlivos\u0165 o die\u0165a.","breadcrumb":{"@id":"https:\/\/multi-gyn.com\/sk\/posvove-zdravie\/infekcie\/bakterialna-vaginoza-a-tehotenstvo\/#breadcrumb"},"inLanguage":"sk-SK","potentialAction":[{"@type":"ReadAction","target":["https:\/\/multi-gyn.com\/sk\/posvove-zdravie\/infekcie\/bakterialna-vaginoza-a-tehotenstvo\/"]}]},{"@type":"BreadcrumbList","@id":"https:\/\/multi-gyn.com\/sk\/posvove-zdravie\/infekcie\/bakterialna-vaginoza-a-tehotenstvo\/#breadcrumb","itemListElement":[{"@type":"ListItem","position":1,"name":"Home","item":"https:\/\/multi-gyn.com\/sk\/"},{"@type":"ListItem","position":2,"name":"Po\u0161vov\u00e9 zdravie","item":"https:\/\/multi-gyn.com\/sk\/posvove-zdravie\/"},{"@type":"ListItem","position":3,"name":"Infekcie","item":"https:\/\/multi-gyn.com\/sk\/posvove-zdravie\/infekcie\/"},{"@type":"ListItem","position":4,"name":"Bakteri\u00e1lna vagin\u00f3za a tehotenstvo"}]},{"@type":"WebSite","@id":"https:\/\/multi-gyn.com\/sk\/#website","url":"https:\/\/multi-gyn.com\/sk\/","name":"Multi-Gyn","description":"","publisher":{"@id":"https:\/\/multi-gyn.com\/sk\/#organization"},"potentialAction":[{"@type":"SearchAction","target":{"@type":"EntryPoint","urlTemplate":"https:\/\/multi-gyn.com\/sk\/?s={search_term_string}"},"query-input":{"@type":"PropertyValueSpecification","valueRequired":true,"valueName":"search_term_string"}}],"inLanguage":"sk-SK"},{"@type":"Organization","@id":"https:\/\/multi-gyn.com\/sk\/#organization","name":"Multi-Gyn","url":"https:\/\/multi-gyn.com\/sk\/","logo":{"@type":"ImageObject","inLanguage":"sk-SK","@id":"https:\/\/multi-gyn.com\/sk\/#\/schema\/logo\/image\/","url":"https:\/\/multi-gyn.com\/app\/uploads\/sites\/48\/2023\/06\/multi-gyn-logo.png","contentUrl":"https:\/\/multi-gyn.com\/app\/uploads\/sites\/48\/2023\/06\/multi-gyn-logo.png","width":149,"height":32,"caption":"Multi-Gyn"},"image":{"@id":"https:\/\/multi-gyn.com\/sk\/#\/schema\/logo\/image\/"}}]}},"_links":{"self":[{"href":"https:\/\/multi-gyn.com\/sk\/wp-json\/wp\/v2\/pages\/89","targetHints":{"allow":["GET"]}}],"collection":[{"href":"https:\/\/multi-gyn.com\/sk\/wp-json\/wp\/v2\/pages"}],"about":[{"href":"https:\/\/multi-gyn.com\/sk\/wp-json\/wp\/v2\/types\/page"}],"author":[{"embeddable":true,"href":"https:\/\/multi-gyn.com\/sk\/wp-json\/wp\/v2\/users\/2"}],"replies":[{"embeddable":true,"href":"https:\/\/multi-gyn.com\/sk\/wp-json\/wp\/v2\/comments?post=89"}],"version-history":[{"count":4,"href":"https:\/\/multi-gyn.com\/sk\/wp-json\/wp\/v2\/pages\/89\/revisions"}],"predecessor-version":[{"id":544,"href":"https:\/\/multi-gyn.com\/sk\/wp-json\/wp\/v2\/pages\/89\/revisions\/544"}],"up":[{"embeddable":true,"href":"https:\/\/multi-gyn.com\/sk\/wp-json\/wp\/v2\/pages\/55"}],"wp:attachment":[{"href":"https:\/\/multi-gyn.com\/sk\/wp-json\/wp\/v2\/media?parent=89"}],"wp:term":[{"taxonomy":"from-article-database","embeddable":true,"href":"https:\/\/multi-gyn.com\/sk\/wp-json\/wp\/v2\/from-article-database?post=89"}],"curies":[{"name":"wp","href":"https:\/\/api.w.org\/{rel}","templated":true}]}}