{"id":90,"date":"2023-06-02T10:19:15","date_gmt":"2023-06-02T08:19:15","guid":{"rendered":"https:\/\/multi-gyn.com\/sk\/?page_id=90"},"modified":"2023-09-20T11:48:50","modified_gmt":"2023-09-20T09:48:50","slug":"vaginalna-mykoza-pocas-tehotenstva","status":"publish","type":"page","link":"https:\/\/multi-gyn.com\/sk\/posvove-zdravie\/infekcie\/vaginalna-mykoza-pocas-tehotenstva\/","title":{"rendered":"Vagin\u00e1lna myk\u00f3za po\u010das tehotenstva"},"content":{"rendered":"\n<div class=\"wp-block-karopharma-free-text pt-large pb-large bg-center bg-cover bg-no-repeat  is-style-primary\" style=\"background-image:url()\"><div class=\"free-text-wrapper container max-w-medium text-left\">\n<h1 class=\"is-style-heading-large wp-block-heading\">Vagin\u00e1lna myk\u00f3za po\u010das tehotenstva<\/h1>\n\n\n\n<p class=\"is-style-paragraph-preamble\">\u017deny zvykn\u00fa ma\u0165 ove\u013ea viac po\u0161vov\u00fdch probl\u00e9mov pr\u00e1ve po\u010das tehotenstva. Zmeny, ktor\u00fdmi na\u0161e telo prech\u00e1dza po\u010das v\u00fdvoja a rastu plodu, ako aj po\u010das doj\u010denia, s\u00fa v preva\u017enej miere ovl\u00e1dan\u00e9 hormon\u00e1lnymi hladinami a maj\u00fa vplyv na ka\u017ed\u00fa str\u00e1nku n\u00e1\u0161ho \u017eivota.<\/p>\n<\/div><\/div>\n\n\n\n<div class=\"wp-block-karopharma-free-text pt-large pb-large bg-center bg-cover bg-no-repeat\" style=\"background-image:url()\"><div class=\"free-text-wrapper container max-w-medium text-left\">\n<p>Nevo\u013enos\u0165, pr\u00edrastok na hmotnosti a zab\u00fadanie s\u00fa \u010dasto diskutovan\u00fdmi t\u00e9mami medzi bud\u00facimi mami\u010dkami, ale len nieko\u013eko z nich spomenie, \u017ee \u010dast\u00fdm probl\u00e9mom po\u010das tehotenstva m\u00f4\u017ee by\u0165 aj po\u0161vov\u00e1 kvasinkov\u00e1 infekcia. Napriek tomu, \u017ee dok\u00e1\u017ee by\u0165 nepr\u00edjemn\u00e1, st\u00e1le sa opakuj\u00faca a otravn\u00e1, nepredstavuje \u017eiadne riziko pre mami\u010dku ani b\u00e1b\u00e4tko. Ak v\u0161ak m\u00e1te kvasinkov\u00fa infekciu v obdob\u00ed p\u00f4rodu, je mo\u017en\u00e9, \u017ee sa b\u00e1b\u00e4tku vyvinie \u00fastna infekcia.<\/p>\n\n\n\n<p>Ak po\u010das tehotenstva za\u017e\u00edvate probl\u00e9my, ako v\u00fddatn\u00fd v\u00fdtok, svrbenie a podr\u00e1\u017edenie, je potrebn\u00e9 kontaktova\u0165 gynekol\u00f3ga, ktor\u00fd V\u00e1s vy\u0161etr\u00ed a predp\u00ed\u0161e vhodn\u00fa lie\u010dbu. Po\u010das tehotenstva m\u00f4\u017eete bezpe\u010dne pou\u017e\u00edva\u0165 predp\u00edsan\u00e9 a vo\u013eno predajn\u00e9 antimykotick\u00e9 lieky.<\/p>\n\n\n\n<h2 class=\"is-style-heading-h2 wp-block-heading\">Ak\u00e9 s\u00fa pr\u00edznaky po\u0161vovej kvasinkovej infekcie?<\/h2>\n\n\n\n<p>Pr\u00edznaky kvasinkovej infekcie (vagin\u00e1lnej myk\u00f3zy) s\u00fa:<\/p>\n\n\n\n<ul class=\"is-style-default wp-block-list\"><li>biely hust\u00fd v\u00fdtok podobn\u00fd tvarohu<\/li><li>svrbenie a podr\u00e1\u017edenie v po\u0161vovej oblasti<\/li><li>za\u010dervenanie a p\u00e1lenie po\u010das mo\u010denia<\/li><\/ul>\n\n\n\n<p>Niektor\u00e9 z t\u00fdchto pr\u00edznakov sa m\u00f4\u017eu objavi\u0165 aj pri in\u00fdch ochoreniach ako je bakteri\u00e1lna vagin\u00f3za \u010di STD (pohlavne prenosn\u00e9 ochorenia). Ke\u010f\u017ee tieto ochorenia m\u00f4\u017eu ma\u0165 z\u00e1va\u017en\u00e9 n\u00e1sledky pre mami\u010dku aj b\u00e1b\u00e4tko, je d\u00f4le\u017eit\u00e9 kontaktova\u0165 gynekol\u00f3ga a prediskutova\u0165 s n\u00edm Va\u0161e pr\u00edznaky.<\/p>\n\n\n\n<h2 class=\"is-style-heading-h2 wp-block-heading\">Opakuj\u00face sa kvasinkov\u00e9 infekcie (vagin\u00e1lna myk\u00f3za) po\u010das tehotenstva<\/h2>\n\n\n\n<p>Niekedy sa aj napriek predp\u00edsanej lie\u010dbe kv\u00f4li zmen\u00e1m hlad\u00edn horm\u00f3nov m\u00f4\u017eu u tehotn\u00fdch \u017eien probl\u00e9my s kvasinkami st\u00e1le opakova\u0165. Candida albicans, mikroorganizmus zodpovedn\u00fd za v\u00e4\u010d\u0161inu probl\u00e9mov s kvasinkami, sa toti\u017e m\u00f4\u017ee sta\u0165 odoln\u00fd vo\u010di antimykotickej lie\u010dbe.<\/p>\n\n\n\n<p>Prebiotick\u00e1 lie\u010dba dok\u00e1\u017ee poskytn\u00fa\u0165 nejak\u00fa podporu po\u0161vovej fl\u00f3re, ale vo v\u00e4\u010d\u0161ine pr\u00edpadov sama infekciu nevylie\u010di. Ak sa v\u0161ak dostanete do situ\u00e1cie, kedy je poslednou mo\u017enos\u0165ou zbavenie sa pr\u00edznakov a vydr\u017eanie, k\u00fdm sa tehotenstvo skon\u010d\u00ed a horm\u00f3ny sa vr\u00e1tia sp\u00e4\u0165 \u201edo norm\u00e1lu\u201c, m\u00f4\u017eu V\u00e1m v tom pom\u00f4c\u0165 vo\u013eno predajn\u00e9 spreje a g\u00e9ly, ktor\u00e9 schladia poko\u017eku a zastavia svrbenie a pocity p\u00e1lenia. Ka\u017ed\u00e9 tehotenstvo je odli\u0161n\u00e9 a sk\u00f4r ako sa rozhodnete pou\u017e\u00edva\u0165 ak\u00fdko\u013evek pr\u00edpravok na int\u00edmnu oblas\u0165, v\u0161etko by malo by\u0165 konzultovan\u00e9 s gynekol\u00f3gom.<\/p>\n\n\n\n<p class=\"is-style-paragraph-preamble has-primary-color has-text-color\"><em>\u201eAk po\u010das tehotenstva za\u017e\u00edvate probl\u00e9my, ako v\u00fddatn\u00fd v\u00fdtok, svrbenie a podr\u00e1\u017edenie, je potrebn\u00e9 kontaktova\u0165 gynekol\u00f3ga, ktor\u00fd V\u00e1s vy\u0161etr\u00ed a predp\u00ed\u0161e vhodn\u00fa lie\u010dbu.\u201c<\/em><\/p>\n<\/div><\/div>\n","protected":false},"excerpt":{"rendered":"","protected":false},"author":2,"featured_media":0,"parent":55,"menu_order":8,"comment_status":"closed","ping_status":"closed","template":"","meta":{"_acf_changed":false,"footnotes":""},"from-article-database":[],"class_list":["post-90","page","type-page","status-publish","hentry"],"acf":[],"yoast_head":"<!-- This site is optimized with the Yoast SEO plugin v26.6 - https:\/\/yoast.com\/wordpress\/plugins\/seo\/ -->\n<title>Vagin\u00e1lna myk\u00f3za po\u010das tehotenstva - Multi-Gyn<\/title>\n<meta name=\"description\" content=\"\u017deny zvykn\u00fa ma\u0165 ove\u013ea viac po\u0161vov\u00fdch probl\u00e9mov pr\u00e1ve po\u010das tehotenstva. Zmeny, ktor\u00fdmi na\u0161e telo prech\u00e1dza po\u010das v\u00fdvoja a rastu plodu, ako aj po\u010das doj\u010denia, s\u00fa v preva\u017enej miere ovl\u00e1dan\u00e9 hormon\u00e1lnymi hladinami a maj\u00fa vplyv na ka\u017ed\u00fa str\u00e1nku n\u00e1\u0161ho \u017eivota.\" \/>\n<meta name=\"robots\" content=\"index, follow, max-snippet:-1, max-image-preview:large, max-video-preview:-1\" \/>\n<link rel=\"canonical\" href=\"https:\/\/multi-gyn.com\/sk\/posvove-zdravie\/infekcie\/vaginalna-mykoza-pocas-tehotenstva\/\" \/>\n<meta property=\"og:locale\" content=\"sk_SK\" \/>\n<meta property=\"og:type\" content=\"article\" \/>\n<meta property=\"og:title\" content=\"Vagin\u00e1lna myk\u00f3za po\u010das tehotenstva - Multi-Gyn\" \/>\n<meta property=\"og:description\" content=\"\u017deny zvykn\u00fa ma\u0165 ove\u013ea viac po\u0161vov\u00fdch probl\u00e9mov pr\u00e1ve po\u010das tehotenstva. Zmeny, ktor\u00fdmi na\u0161e telo prech\u00e1dza po\u010das v\u00fdvoja a rastu plodu, ako aj po\u010das doj\u010denia, s\u00fa v preva\u017enej miere ovl\u00e1dan\u00e9 hormon\u00e1lnymi hladinami a maj\u00fa vplyv na ka\u017ed\u00fa str\u00e1nku n\u00e1\u0161ho \u017eivota.\" \/>\n<meta property=\"og:url\" content=\"https:\/\/multi-gyn.com\/sk\/posvove-zdravie\/infekcie\/vaginalna-mykoza-pocas-tehotenstva\/\" \/>\n<meta property=\"og:site_name\" content=\"Multi-Gyn\" \/>\n<meta property=\"article:modified_time\" content=\"2023-09-20T09:48:50+00:00\" \/>\n<meta name=\"twitter:card\" content=\"summary_large_image\" \/>\n<meta name=\"twitter:label1\" content=\"Predpokladan\u00fd \u010das \u010d\u00edtania\" \/>\n\t<meta name=\"twitter:data1\" content=\"2 min\u00faty\" \/>\n<script type=\"application\/ld+json\" class=\"yoast-schema-graph\">{\"@context\":\"https:\/\/schema.org\",\"@graph\":[{\"@type\":\"WebPage\",\"@id\":\"https:\/\/multi-gyn.com\/sk\/posvove-zdravie\/infekcie\/vaginalna-mykoza-pocas-tehotenstva\/\",\"url\":\"https:\/\/multi-gyn.com\/sk\/posvove-zdravie\/infekcie\/vaginalna-mykoza-pocas-tehotenstva\/\",\"name\":\"Vagin\u00e1lna myk\u00f3za po\u010das tehotenstva - Multi-Gyn\",\"isPartOf\":{\"@id\":\"https:\/\/multi-gyn.com\/sk\/#website\"},\"datePublished\":\"2023-06-02T08:19:15+00:00\",\"dateModified\":\"2023-09-20T09:48:50+00:00\",\"description\":\"\u017deny zvykn\u00fa ma\u0165 ove\u013ea viac po\u0161vov\u00fdch probl\u00e9mov pr\u00e1ve po\u010das tehotenstva. Zmeny, ktor\u00fdmi na\u0161e telo prech\u00e1dza po\u010das v\u00fdvoja a rastu plodu, ako aj po\u010das doj\u010denia, s\u00fa v preva\u017enej miere ovl\u00e1dan\u00e9 hormon\u00e1lnymi hladinami a maj\u00fa vplyv na ka\u017ed\u00fa str\u00e1nku n\u00e1\u0161ho \u017eivota.\",\"breadcrumb\":{\"@id\":\"https:\/\/multi-gyn.com\/sk\/posvove-zdravie\/infekcie\/vaginalna-mykoza-pocas-tehotenstva\/#breadcrumb\"},\"inLanguage\":\"sk-SK\",\"potentialAction\":[{\"@type\":\"ReadAction\",\"target\":[\"https:\/\/multi-gyn.com\/sk\/posvove-zdravie\/infekcie\/vaginalna-mykoza-pocas-tehotenstva\/\"]}]},{\"@type\":\"BreadcrumbList\",\"@id\":\"https:\/\/multi-gyn.com\/sk\/posvove-zdravie\/infekcie\/vaginalna-mykoza-pocas-tehotenstva\/#breadcrumb\",\"itemListElement\":[{\"@type\":\"ListItem\",\"position\":1,\"name\":\"Home\",\"item\":\"https:\/\/multi-gyn.com\/sk\/\"},{\"@type\":\"ListItem\",\"position\":2,\"name\":\"Po\u0161vov\u00e9 zdravie\",\"item\":\"https:\/\/multi-gyn.com\/sk\/posvove-zdravie\/\"},{\"@type\":\"ListItem\",\"position\":3,\"name\":\"Infekcie\",\"item\":\"https:\/\/multi-gyn.com\/sk\/posvove-zdravie\/infekcie\/\"},{\"@type\":\"ListItem\",\"position\":4,\"name\":\"Vagin\u00e1lna myk\u00f3za po\u010das tehotenstva\"}]},{\"@type\":\"WebSite\",\"@id\":\"https:\/\/multi-gyn.com\/sk\/#website\",\"url\":\"https:\/\/multi-gyn.com\/sk\/\",\"name\":\"Multi-Gyn\",\"description\":\"\",\"publisher\":{\"@id\":\"https:\/\/multi-gyn.com\/sk\/#organization\"},\"potentialAction\":[{\"@type\":\"SearchAction\",\"target\":{\"@type\":\"EntryPoint\",\"urlTemplate\":\"https:\/\/multi-gyn.com\/sk\/?s={search_term_string}\"},\"query-input\":{\"@type\":\"PropertyValueSpecification\",\"valueRequired\":true,\"valueName\":\"search_term_string\"}}],\"inLanguage\":\"sk-SK\"},{\"@type\":\"Organization\",\"@id\":\"https:\/\/multi-gyn.com\/sk\/#organization\",\"name\":\"Multi-Gyn\",\"url\":\"https:\/\/multi-gyn.com\/sk\/\",\"logo\":{\"@type\":\"ImageObject\",\"inLanguage\":\"sk-SK\",\"@id\":\"https:\/\/multi-gyn.com\/sk\/#\/schema\/logo\/image\/\",\"url\":\"https:\/\/multi-gyn.com\/app\/uploads\/sites\/48\/2023\/06\/multi-gyn-logo.png\",\"contentUrl\":\"https:\/\/multi-gyn.com\/app\/uploads\/sites\/48\/2023\/06\/multi-gyn-logo.png\",\"width\":149,\"height\":32,\"caption\":\"Multi-Gyn\"},\"image\":{\"@id\":\"https:\/\/multi-gyn.com\/sk\/#\/schema\/logo\/image\/\"}}]}<\/script>\n<!-- \/ Yoast SEO plugin. -->","yoast_head_json":{"title":"Vagin\u00e1lna myk\u00f3za po\u010das tehotenstva - Multi-Gyn","description":"\u017deny zvykn\u00fa ma\u0165 ove\u013ea viac po\u0161vov\u00fdch probl\u00e9mov pr\u00e1ve po\u010das tehotenstva. Zmeny, ktor\u00fdmi na\u0161e telo prech\u00e1dza po\u010das v\u00fdvoja a rastu plodu, ako aj po\u010das doj\u010denia, s\u00fa v preva\u017enej miere ovl\u00e1dan\u00e9 hormon\u00e1lnymi hladinami a maj\u00fa vplyv na ka\u017ed\u00fa str\u00e1nku n\u00e1\u0161ho \u017eivota.","robots":{"index":"index","follow":"follow","max-snippet":"max-snippet:-1","max-image-preview":"max-image-preview:large","max-video-preview":"max-video-preview:-1"},"canonical":"https:\/\/multi-gyn.com\/sk\/posvove-zdravie\/infekcie\/vaginalna-mykoza-pocas-tehotenstva\/","og_locale":"sk_SK","og_type":"article","og_title":"Vagin\u00e1lna myk\u00f3za po\u010das tehotenstva - Multi-Gyn","og_description":"\u017deny zvykn\u00fa ma\u0165 ove\u013ea viac po\u0161vov\u00fdch probl\u00e9mov pr\u00e1ve po\u010das tehotenstva. Zmeny, ktor\u00fdmi na\u0161e telo prech\u00e1dza po\u010das v\u00fdvoja a rastu plodu, ako aj po\u010das doj\u010denia, s\u00fa v preva\u017enej miere ovl\u00e1dan\u00e9 hormon\u00e1lnymi hladinami a maj\u00fa vplyv na ka\u017ed\u00fa str\u00e1nku n\u00e1\u0161ho \u017eivota.","og_url":"https:\/\/multi-gyn.com\/sk\/posvove-zdravie\/infekcie\/vaginalna-mykoza-pocas-tehotenstva\/","og_site_name":"Multi-Gyn","article_modified_time":"2023-09-20T09:48:50+00:00","twitter_card":"summary_large_image","twitter_misc":{"Predpokladan\u00fd \u010das \u010d\u00edtania":"2 min\u00faty"},"schema":{"@context":"https:\/\/schema.org","@graph":[{"@type":"WebPage","@id":"https:\/\/multi-gyn.com\/sk\/posvove-zdravie\/infekcie\/vaginalna-mykoza-pocas-tehotenstva\/","url":"https:\/\/multi-gyn.com\/sk\/posvove-zdravie\/infekcie\/vaginalna-mykoza-pocas-tehotenstva\/","name":"Vagin\u00e1lna myk\u00f3za po\u010das tehotenstva - Multi-Gyn","isPartOf":{"@id":"https:\/\/multi-gyn.com\/sk\/#website"},"datePublished":"2023-06-02T08:19:15+00:00","dateModified":"2023-09-20T09:48:50+00:00","description":"\u017deny zvykn\u00fa ma\u0165 ove\u013ea viac po\u0161vov\u00fdch probl\u00e9mov pr\u00e1ve po\u010das tehotenstva. Zmeny, ktor\u00fdmi na\u0161e telo prech\u00e1dza po\u010das v\u00fdvoja a rastu plodu, ako aj po\u010das doj\u010denia, s\u00fa v preva\u017enej miere ovl\u00e1dan\u00e9 hormon\u00e1lnymi hladinami a maj\u00fa vplyv na ka\u017ed\u00fa str\u00e1nku n\u00e1\u0161ho \u017eivota.","breadcrumb":{"@id":"https:\/\/multi-gyn.com\/sk\/posvove-zdravie\/infekcie\/vaginalna-mykoza-pocas-tehotenstva\/#breadcrumb"},"inLanguage":"sk-SK","potentialAction":[{"@type":"ReadAction","target":["https:\/\/multi-gyn.com\/sk\/posvove-zdravie\/infekcie\/vaginalna-mykoza-pocas-tehotenstva\/"]}]},{"@type":"BreadcrumbList","@id":"https:\/\/multi-gyn.com\/sk\/posvove-zdravie\/infekcie\/vaginalna-mykoza-pocas-tehotenstva\/#breadcrumb","itemListElement":[{"@type":"ListItem","position":1,"name":"Home","item":"https:\/\/multi-gyn.com\/sk\/"},{"@type":"ListItem","position":2,"name":"Po\u0161vov\u00e9 zdravie","item":"https:\/\/multi-gyn.com\/sk\/posvove-zdravie\/"},{"@type":"ListItem","position":3,"name":"Infekcie","item":"https:\/\/multi-gyn.com\/sk\/posvove-zdravie\/infekcie\/"},{"@type":"ListItem","position":4,"name":"Vagin\u00e1lna myk\u00f3za po\u010das tehotenstva"}]},{"@type":"WebSite","@id":"https:\/\/multi-gyn.com\/sk\/#website","url":"https:\/\/multi-gyn.com\/sk\/","name":"Multi-Gyn","description":"","publisher":{"@id":"https:\/\/multi-gyn.com\/sk\/#organization"},"potentialAction":[{"@type":"SearchAction","target":{"@type":"EntryPoint","urlTemplate":"https:\/\/multi-gyn.com\/sk\/?s={search_term_string}"},"query-input":{"@type":"PropertyValueSpecification","valueRequired":true,"valueName":"search_term_string"}}],"inLanguage":"sk-SK"},{"@type":"Organization","@id":"https:\/\/multi-gyn.com\/sk\/#organization","name":"Multi-Gyn","url":"https:\/\/multi-gyn.com\/sk\/","logo":{"@type":"ImageObject","inLanguage":"sk-SK","@id":"https:\/\/multi-gyn.com\/sk\/#\/schema\/logo\/image\/","url":"https:\/\/multi-gyn.com\/app\/uploads\/sites\/48\/2023\/06\/multi-gyn-logo.png","contentUrl":"https:\/\/multi-gyn.com\/app\/uploads\/sites\/48\/2023\/06\/multi-gyn-logo.png","width":149,"height":32,"caption":"Multi-Gyn"},"image":{"@id":"https:\/\/multi-gyn.com\/sk\/#\/schema\/logo\/image\/"}}]}},"_links":{"self":[{"href":"https:\/\/multi-gyn.com\/sk\/wp-json\/wp\/v2\/pages\/90","targetHints":{"allow":["GET"]}}],"collection":[{"href":"https:\/\/multi-gyn.com\/sk\/wp-json\/wp\/v2\/pages"}],"about":[{"href":"https:\/\/multi-gyn.com\/sk\/wp-json\/wp\/v2\/types\/page"}],"author":[{"embeddable":true,"href":"https:\/\/multi-gyn.com\/sk\/wp-json\/wp\/v2\/users\/2"}],"replies":[{"embeddable":true,"href":"https:\/\/multi-gyn.com\/sk\/wp-json\/wp\/v2\/comments?post=90"}],"version-history":[{"count":4,"href":"https:\/\/multi-gyn.com\/sk\/wp-json\/wp\/v2\/pages\/90\/revisions"}],"predecessor-version":[{"id":546,"href":"https:\/\/multi-gyn.com\/sk\/wp-json\/wp\/v2\/pages\/90\/revisions\/546"}],"up":[{"embeddable":true,"href":"https:\/\/multi-gyn.com\/sk\/wp-json\/wp\/v2\/pages\/55"}],"wp:attachment":[{"href":"https:\/\/multi-gyn.com\/sk\/wp-json\/wp\/v2\/media?parent=90"}],"wp:term":[{"taxonomy":"from-article-database","embeddable":true,"href":"https:\/\/multi-gyn.com\/sk\/wp-json\/wp\/v2\/from-article-database?post=90"}],"curies":[{"name":"wp","href":"https:\/\/api.w.org\/{rel}","templated":true}]}}