{"id":91,"date":"2023-06-02T10:19:29","date_gmt":"2023-06-02T08:19:29","guid":{"rendered":"https:\/\/multi-gyn.com\/sk\/?page_id=91"},"modified":"2023-09-20T11:48:48","modified_gmt":"2023-09-20T09:48:48","slug":"posvovy-vytok-ako-znak-kvasinkovej-infekcie","status":"publish","type":"page","link":"https:\/\/multi-gyn.com\/sk\/posvove-zdravie\/infekcie\/posvovy-vytok-ako-znak-kvasinkovej-infekcie\/","title":{"rendered":"Po\u0161vov\u00fd v\u00fdtok ako znak kvasinkovej infekcie"},"content":{"rendered":"\n<div class=\"wp-block-karopharma-free-text pt-large pb-large bg-center bg-cover bg-no-repeat  is-style-primary\" style=\"background-image:url()\"><div class=\"free-text-wrapper container max-w-medium text-left\">\n<h1 class=\"is-style-heading-large wp-block-heading\">Po\u0161vov\u00fd v\u00fdtok ako znak kvasinkovej infekcie<\/h1>\n\n\n\n<p class=\"is-style-paragraph-preamble\">Po\u0161vov\u00fd v\u00fdtok je tekutina vylu\u010dovan\u00e1 \u017e\u013eazami, ktor\u00e9 sa nach\u00e1dzaj\u00fa v po\u0161ve a vo vulve. V\u00fdtok ochra\u0148uje po\u0161vu pred infekciami, \u010dist\u00ed ju a zvlh\u010duje pri pohlavnom styku. Niekedy, ke\u010f v int\u00edmnej oblasti nie je nie\u010do v poriadku, neobvykl\u00fd v\u00fdtok je jedn\u00fdm z prv\u00fdch pr\u00edznakov mo\u017en\u00e9ho probl\u00e9mu. To je pr\u00edpad bakteri\u00e1lnej vagin\u00f3zy, kvasinkovej infekcie a in\u00fdch mo\u010dovo-pohlavn\u00fdch probl\u00e9mov.<\/p>\n<\/div><\/div>\n\n\n\n<div class=\"wp-block-karopharma-free-text pt-large pb-large bg-center bg-cover bg-no-repeat\" style=\"background-image:url()\"><div class=\"free-text-wrapper container max-w-medium text-left\">\n<p>Okrem po\u0161vov\u00e9ho v\u00fdtoku s\u00fa \u010fal\u0161\u00edmi pr\u00edznakmi kvasinkovej infekcie svrbenie, za\u010dervenanie, podr\u00e1\u017edenie, zdurenie a boles\u0165 po\u010das mo\u010denia \u010di pohlavn\u00e9ho styku. Kvasinkov\u00e9 infekcie s\u00fa naj\u010dastej\u0161ie sp\u00f4soben\u00e9 Candidou albicans. Jedn\u00e1 sa o typ kvasiniek, ktor\u00e9 be\u017ene \u017eij\u00fa v r\u00f4znych \u010dastiach n\u00e1\u0161ho tela \u2013 v po\u0161ve, tr\u00e1viacom trakte a \u00fastach. Za norm\u00e1lnych podmienok \u017eij\u00fa kvasinky v rovnov\u00e1he s ostatn\u00fdmi mikr\u00f3bmi a m\u00f4\u017eu by\u0165 s\u00fa\u010das\u0165ou zdravej po\u0161vovej fl\u00f3ry. Ak v\u0161ak v tele d\u00f4jde k vzniku nerovnov\u00e1hy, kvasinky sa m\u00f4\u017eu za\u010da\u0165 nekontrolovate\u013ene mno\u017ei\u0165 a sp\u00f4sobova\u0165 infekciu a probl\u00e9my s \u0148ou spojen\u00e9.<\/p>\n\n\n\n<p>Preva\u017en\u00e1 v\u00e4\u010d\u0161ina \u017eien m\u00e1 aspo\u0148 raz za \u017eivot sk\u00fasenos\u0165 s kvasinkovou infekciou. Mnoh\u00e9 \u017eeny trpia st\u00e1le sa opakuj\u00facimi infekciami, hlavne pred alebo tesne po men\u0161tru\u00e1cii, po\u010das tehotenstva \u010di u\u017e\u00edvania antikoncepcie. \u010eal\u0161ie faktory, ktor\u00e9 m\u00f4\u017eu sp\u00f4sobova\u0165 nerovnov\u00e1hu v po\u0161vovej fl\u00f3re a prispievaj\u00fa tak k nadmern\u00e9mu mno\u017eeniu kvasiniek, s\u00fa antibiotik\u00e1, obezita, diabetes, nosenie tesnej syntetickej spodnej bielizne, u\u017e\u00edvanie steroidov a in\u00e9.<\/p>\n\n\n\n<h2 class=\"is-style-heading-h2 wp-block-heading\">Zmeny vo v\u00fdtoku, ktor\u00e9 m\u00f4\u017eu indikova\u0165 kvasinkov\u00fa infekciu<\/h2>\n\n\n\n<p>Norm\u00e1lny po\u0161vov\u00fd v\u00fdtok je u ka\u017edej \u017eeny trochu odli\u0161n\u00fd, av\u0161ak v\u00e4\u010d\u0161inou b\u00fdva \u010d\u00edry, belav\u00fd alebo \u017eltkast\u00fd. M\u00f4\u017ee by\u0165 riedky a\u017e hust\u00fd, vl\u00e1knit\u00fd a\u017e elastick\u00fd, v z\u00e1vislosti od f\u00e1zy men\u0161trua\u010dn\u00e9ho cyklu, \u00farovne stresu, stravovac\u00edch n\u00e1vykov, tehotenstva, doj\u010denia alebo ur\u010ditej lie\u010dby. Mno\u017estvo v\u00fdtoku sa tie\u017e zvykne meni\u0165 a m\u00f4\u017eete si v\u0161imn\u00fa\u0165 jeho zv\u00fd\u0161en\u00e9 vylu\u010dovanie v obdob\u00ed ovul\u00e1cie, alebo ke\u010f ste vzru\u0161en\u00e1. Ak si v\u0161imnete v\u00fdtok, ktor\u00fd je hust\u00fd biely a vyzeraj\u00faci ako tvaroh, m\u00f4\u017ee to by\u0165 pr\u00edznak kvasinkovej infekcie. Mno\u017estvo v\u00fdtoku sa m\u00f4\u017ee zv\u00fd\u0161i\u0165 aj po\u010das kvasinkovej infekcie, ale v\u00e4\u010d\u0161inou je bez z\u00e1pachu. Ak za\u017e\u00edvate tieto probl\u00e9my, poproste svojho gynekol\u00f3ga o radu, obzvl\u00e1\u0161\u0165 ak ste tehotn\u00e1.<\/p>\n\n\n\n<h2 class=\"is-style-heading-h2 wp-block-heading\">\u010casto chybn\u00e1 diagnostika (rozl\u00ed\u0161enie probl\u00e9mov)<\/h2>\n\n\n\n<p>Dva najbe\u017enej\u0161ie po\u0161vov\u00e9 probl\u00e9my, bakteri\u00e1lna vagin\u00f3za a kvasinkov\u00e1 infekcia, \u010diasto\u010dne vykazuj\u00fa podobn\u00e9 pr\u00edznaky, a preto s\u00fa \u010dasto chybne diagnostikovan\u00e9, \u010do sp\u00f4sobuje probl\u00e9my pri lie\u010dbe a niekedy aj in\u00e9 probl\u00e9my. I ke\u010f existuj\u00fa pr\u00edpady, kedy sa bakteri\u00e1lna a kvasinkov\u00e1 infekcia vyvinuli z\u00e1rove\u0148, vo v\u00e4\u010d\u0161ine pr\u00edpadov existuj\u00fa rozdiely, ktor\u00e9 V\u00e1m m\u00f4\u017eu pom\u00f4c\u0165 tieto dva probl\u00e9my rozl\u00ed\u0161i\u0165. V\u00fdtok, ktor\u00fd je charakteristick\u00fd pre BV je zvy\u010dajne biely, siv\u00fd alebo \u017elt\u00fd, obvykle ve\u013emi riedky, spojen\u00fd so siln\u00fdm rybac\u00edm z\u00e1pachom. Na druhej strane, ak je v\u00fdtok bez siln\u00e9ho z\u00e1pachu a jeho konzistencia V\u00e1m pripom\u00edna tvaroh, najpravdepodobnej\u0161ie sa jedn\u00e1 o kvasinkov\u00fa infekciu.<\/p>\n\n\n\n<p class=\"is-style-paragraph-preamble has-primary-color has-text-color\"><em>\u201eAk si v\u0161imnete v\u00fdtok, ktor\u00fd je hust\u00fd biely a vyzeraj\u00faci ako tvaroh, m\u00f4\u017ee to by\u0165 pr\u00edznak kvasinkovej infekcie.\u201c<\/em><\/p>\n<\/div><\/div>\n","protected":false},"excerpt":{"rendered":"","protected":false},"author":2,"featured_media":0,"parent":55,"menu_order":9,"comment_status":"closed","ping_status":"closed","template":"","meta":{"_acf_changed":false,"footnotes":""},"from-article-database":[],"class_list":["post-91","page","type-page","status-publish","hentry"],"acf":[],"yoast_head":"<!-- This site is optimized with the Yoast SEO plugin v26.6 - https:\/\/yoast.com\/wordpress\/plugins\/seo\/ -->\n<title>Po\u0161vov\u00fd v\u00fdtok ako znak kvasinkovej infekcie - Multi-Gyn<\/title>\n<meta name=\"description\" content=\"Po\u0161vov\u00fd v\u00fdtok je tekutina vylu\u010dovan\u00e1 \u017e\u013eazami, ktor\u00e9 sa nach\u00e1dzaj\u00fa v po\u0161ve a vo vulve.\" \/>\n<meta name=\"robots\" content=\"index, follow, max-snippet:-1, max-image-preview:large, max-video-preview:-1\" \/>\n<link rel=\"canonical\" href=\"https:\/\/multi-gyn.com\/sk\/posvove-zdravie\/infekcie\/posvovy-vytok-ako-znak-kvasinkovej-infekcie\/\" \/>\n<meta property=\"og:locale\" content=\"sk_SK\" \/>\n<meta property=\"og:type\" content=\"article\" \/>\n<meta property=\"og:title\" content=\"Po\u0161vov\u00fd v\u00fdtok ako znak kvasinkovej infekcie - Multi-Gyn\" \/>\n<meta property=\"og:description\" content=\"Po\u0161vov\u00fd v\u00fdtok je tekutina vylu\u010dovan\u00e1 \u017e\u013eazami, ktor\u00e9 sa nach\u00e1dzaj\u00fa v po\u0161ve a vo vulve.\" \/>\n<meta property=\"og:url\" content=\"https:\/\/multi-gyn.com\/sk\/posvove-zdravie\/infekcie\/posvovy-vytok-ako-znak-kvasinkovej-infekcie\/\" \/>\n<meta property=\"og:site_name\" content=\"Multi-Gyn\" \/>\n<meta property=\"article:modified_time\" content=\"2023-09-20T09:48:48+00:00\" \/>\n<meta name=\"twitter:card\" content=\"summary_large_image\" \/>\n<meta name=\"twitter:label1\" content=\"Predpokladan\u00fd \u010das \u010d\u00edtania\" \/>\n\t<meta name=\"twitter:data1\" content=\"3 min\u00faty\" \/>\n<script type=\"application\/ld+json\" class=\"yoast-schema-graph\">{\"@context\":\"https:\/\/schema.org\",\"@graph\":[{\"@type\":\"WebPage\",\"@id\":\"https:\/\/multi-gyn.com\/sk\/posvove-zdravie\/infekcie\/posvovy-vytok-ako-znak-kvasinkovej-infekcie\/\",\"url\":\"https:\/\/multi-gyn.com\/sk\/posvove-zdravie\/infekcie\/posvovy-vytok-ako-znak-kvasinkovej-infekcie\/\",\"name\":\"Po\u0161vov\u00fd v\u00fdtok ako znak kvasinkovej infekcie - Multi-Gyn\",\"isPartOf\":{\"@id\":\"https:\/\/multi-gyn.com\/sk\/#website\"},\"datePublished\":\"2023-06-02T08:19:29+00:00\",\"dateModified\":\"2023-09-20T09:48:48+00:00\",\"description\":\"Po\u0161vov\u00fd v\u00fdtok je tekutina vylu\u010dovan\u00e1 \u017e\u013eazami, ktor\u00e9 sa nach\u00e1dzaj\u00fa v po\u0161ve a vo vulve.\",\"breadcrumb\":{\"@id\":\"https:\/\/multi-gyn.com\/sk\/posvove-zdravie\/infekcie\/posvovy-vytok-ako-znak-kvasinkovej-infekcie\/#breadcrumb\"},\"inLanguage\":\"sk-SK\",\"potentialAction\":[{\"@type\":\"ReadAction\",\"target\":[\"https:\/\/multi-gyn.com\/sk\/posvove-zdravie\/infekcie\/posvovy-vytok-ako-znak-kvasinkovej-infekcie\/\"]}]},{\"@type\":\"BreadcrumbList\",\"@id\":\"https:\/\/multi-gyn.com\/sk\/posvove-zdravie\/infekcie\/posvovy-vytok-ako-znak-kvasinkovej-infekcie\/#breadcrumb\",\"itemListElement\":[{\"@type\":\"ListItem\",\"position\":1,\"name\":\"Home\",\"item\":\"https:\/\/multi-gyn.com\/sk\/\"},{\"@type\":\"ListItem\",\"position\":2,\"name\":\"Po\u0161vov\u00e9 zdravie\",\"item\":\"https:\/\/multi-gyn.com\/sk\/posvove-zdravie\/\"},{\"@type\":\"ListItem\",\"position\":3,\"name\":\"Infekcie\",\"item\":\"https:\/\/multi-gyn.com\/sk\/posvove-zdravie\/infekcie\/\"},{\"@type\":\"ListItem\",\"position\":4,\"name\":\"Po\u0161vov\u00fd v\u00fdtok ako znak kvasinkovej infekcie\"}]},{\"@type\":\"WebSite\",\"@id\":\"https:\/\/multi-gyn.com\/sk\/#website\",\"url\":\"https:\/\/multi-gyn.com\/sk\/\",\"name\":\"Multi-Gyn\",\"description\":\"\",\"publisher\":{\"@id\":\"https:\/\/multi-gyn.com\/sk\/#organization\"},\"potentialAction\":[{\"@type\":\"SearchAction\",\"target\":{\"@type\":\"EntryPoint\",\"urlTemplate\":\"https:\/\/multi-gyn.com\/sk\/?s={search_term_string}\"},\"query-input\":{\"@type\":\"PropertyValueSpecification\",\"valueRequired\":true,\"valueName\":\"search_term_string\"}}],\"inLanguage\":\"sk-SK\"},{\"@type\":\"Organization\",\"@id\":\"https:\/\/multi-gyn.com\/sk\/#organization\",\"name\":\"Multi-Gyn\",\"url\":\"https:\/\/multi-gyn.com\/sk\/\",\"logo\":{\"@type\":\"ImageObject\",\"inLanguage\":\"sk-SK\",\"@id\":\"https:\/\/multi-gyn.com\/sk\/#\/schema\/logo\/image\/\",\"url\":\"https:\/\/multi-gyn.com\/app\/uploads\/sites\/48\/2023\/06\/multi-gyn-logo.png\",\"contentUrl\":\"https:\/\/multi-gyn.com\/app\/uploads\/sites\/48\/2023\/06\/multi-gyn-logo.png\",\"width\":149,\"height\":32,\"caption\":\"Multi-Gyn\"},\"image\":{\"@id\":\"https:\/\/multi-gyn.com\/sk\/#\/schema\/logo\/image\/\"}}]}<\/script>\n<!-- \/ Yoast SEO plugin. -->","yoast_head_json":{"title":"Po\u0161vov\u00fd v\u00fdtok ako znak kvasinkovej infekcie - Multi-Gyn","description":"Po\u0161vov\u00fd v\u00fdtok je tekutina vylu\u010dovan\u00e1 \u017e\u013eazami, ktor\u00e9 sa nach\u00e1dzaj\u00fa v po\u0161ve a vo vulve.","robots":{"index":"index","follow":"follow","max-snippet":"max-snippet:-1","max-image-preview":"max-image-preview:large","max-video-preview":"max-video-preview:-1"},"canonical":"https:\/\/multi-gyn.com\/sk\/posvove-zdravie\/infekcie\/posvovy-vytok-ako-znak-kvasinkovej-infekcie\/","og_locale":"sk_SK","og_type":"article","og_title":"Po\u0161vov\u00fd v\u00fdtok ako znak kvasinkovej infekcie - Multi-Gyn","og_description":"Po\u0161vov\u00fd v\u00fdtok je tekutina vylu\u010dovan\u00e1 \u017e\u013eazami, ktor\u00e9 sa nach\u00e1dzaj\u00fa v po\u0161ve a vo vulve.","og_url":"https:\/\/multi-gyn.com\/sk\/posvove-zdravie\/infekcie\/posvovy-vytok-ako-znak-kvasinkovej-infekcie\/","og_site_name":"Multi-Gyn","article_modified_time":"2023-09-20T09:48:48+00:00","twitter_card":"summary_large_image","twitter_misc":{"Predpokladan\u00fd \u010das \u010d\u00edtania":"3 min\u00faty"},"schema":{"@context":"https:\/\/schema.org","@graph":[{"@type":"WebPage","@id":"https:\/\/multi-gyn.com\/sk\/posvove-zdravie\/infekcie\/posvovy-vytok-ako-znak-kvasinkovej-infekcie\/","url":"https:\/\/multi-gyn.com\/sk\/posvove-zdravie\/infekcie\/posvovy-vytok-ako-znak-kvasinkovej-infekcie\/","name":"Po\u0161vov\u00fd v\u00fdtok ako znak kvasinkovej infekcie - Multi-Gyn","isPartOf":{"@id":"https:\/\/multi-gyn.com\/sk\/#website"},"datePublished":"2023-06-02T08:19:29+00:00","dateModified":"2023-09-20T09:48:48+00:00","description":"Po\u0161vov\u00fd v\u00fdtok je tekutina vylu\u010dovan\u00e1 \u017e\u013eazami, ktor\u00e9 sa nach\u00e1dzaj\u00fa v po\u0161ve a vo vulve.","breadcrumb":{"@id":"https:\/\/multi-gyn.com\/sk\/posvove-zdravie\/infekcie\/posvovy-vytok-ako-znak-kvasinkovej-infekcie\/#breadcrumb"},"inLanguage":"sk-SK","potentialAction":[{"@type":"ReadAction","target":["https:\/\/multi-gyn.com\/sk\/posvove-zdravie\/infekcie\/posvovy-vytok-ako-znak-kvasinkovej-infekcie\/"]}]},{"@type":"BreadcrumbList","@id":"https:\/\/multi-gyn.com\/sk\/posvove-zdravie\/infekcie\/posvovy-vytok-ako-znak-kvasinkovej-infekcie\/#breadcrumb","itemListElement":[{"@type":"ListItem","position":1,"name":"Home","item":"https:\/\/multi-gyn.com\/sk\/"},{"@type":"ListItem","position":2,"name":"Po\u0161vov\u00e9 zdravie","item":"https:\/\/multi-gyn.com\/sk\/posvove-zdravie\/"},{"@type":"ListItem","position":3,"name":"Infekcie","item":"https:\/\/multi-gyn.com\/sk\/posvove-zdravie\/infekcie\/"},{"@type":"ListItem","position":4,"name":"Po\u0161vov\u00fd v\u00fdtok ako znak kvasinkovej infekcie"}]},{"@type":"WebSite","@id":"https:\/\/multi-gyn.com\/sk\/#website","url":"https:\/\/multi-gyn.com\/sk\/","name":"Multi-Gyn","description":"","publisher":{"@id":"https:\/\/multi-gyn.com\/sk\/#organization"},"potentialAction":[{"@type":"SearchAction","target":{"@type":"EntryPoint","urlTemplate":"https:\/\/multi-gyn.com\/sk\/?s={search_term_string}"},"query-input":{"@type":"PropertyValueSpecification","valueRequired":true,"valueName":"search_term_string"}}],"inLanguage":"sk-SK"},{"@type":"Organization","@id":"https:\/\/multi-gyn.com\/sk\/#organization","name":"Multi-Gyn","url":"https:\/\/multi-gyn.com\/sk\/","logo":{"@type":"ImageObject","inLanguage":"sk-SK","@id":"https:\/\/multi-gyn.com\/sk\/#\/schema\/logo\/image\/","url":"https:\/\/multi-gyn.com\/app\/uploads\/sites\/48\/2023\/06\/multi-gyn-logo.png","contentUrl":"https:\/\/multi-gyn.com\/app\/uploads\/sites\/48\/2023\/06\/multi-gyn-logo.png","width":149,"height":32,"caption":"Multi-Gyn"},"image":{"@id":"https:\/\/multi-gyn.com\/sk\/#\/schema\/logo\/image\/"}}]}},"_links":{"self":[{"href":"https:\/\/multi-gyn.com\/sk\/wp-json\/wp\/v2\/pages\/91","targetHints":{"allow":["GET"]}}],"collection":[{"href":"https:\/\/multi-gyn.com\/sk\/wp-json\/wp\/v2\/pages"}],"about":[{"href":"https:\/\/multi-gyn.com\/sk\/wp-json\/wp\/v2\/types\/page"}],"author":[{"embeddable":true,"href":"https:\/\/multi-gyn.com\/sk\/wp-json\/wp\/v2\/users\/2"}],"replies":[{"embeddable":true,"href":"https:\/\/multi-gyn.com\/sk\/wp-json\/wp\/v2\/comments?post=91"}],"version-history":[{"count":4,"href":"https:\/\/multi-gyn.com\/sk\/wp-json\/wp\/v2\/pages\/91\/revisions"}],"predecessor-version":[{"id":548,"href":"https:\/\/multi-gyn.com\/sk\/wp-json\/wp\/v2\/pages\/91\/revisions\/548"}],"up":[{"embeddable":true,"href":"https:\/\/multi-gyn.com\/sk\/wp-json\/wp\/v2\/pages\/55"}],"wp:attachment":[{"href":"https:\/\/multi-gyn.com\/sk\/wp-json\/wp\/v2\/media?parent=91"}],"wp:term":[{"taxonomy":"from-article-database","embeddable":true,"href":"https:\/\/multi-gyn.com\/sk\/wp-json\/wp\/v2\/from-article-database?post=91"}],"curies":[{"name":"wp","href":"https:\/\/api.w.org\/{rel}","templated":true}]}}