{"id":95,"date":"2023-06-02T10:25:26","date_gmt":"2023-06-02T08:25:26","guid":{"rendered":"https:\/\/multi-gyn.com\/sk\/?page_id=95"},"modified":"2023-09-20T11:48:42","modified_gmt":"2023-09-20T09:48:42","slug":"posvove-infekcie-a-antibiotika","status":"publish","type":"page","link":"https:\/\/multi-gyn.com\/sk\/posvove-zdravie\/infekcie\/posvove-infekcie-a-antibiotika\/","title":{"rendered":"Po\u0161vov\u00e9 infekcie a antibiotik\u00e1"},"content":{"rendered":"\n<div class=\"wp-block-karopharma-free-text pt-large pb-large bg-center bg-cover bg-no-repeat  is-style-primary\" style=\"background-image:url()\"><div class=\"free-text-wrapper container max-w-medium text-left\">\n<h1 class=\"is-style-heading-large wp-block-heading\">Po\u0161vov\u00e9 infekcie a antibiotik\u00e1<\/h1>\n\n\n\n<p class=\"is-style-paragraph-preamble\">Po\u0161vov\u00e9 infekcie s\u00fa sp\u00f4soben\u00e9 r\u00f4znymi faktormi. Jednou z \u010dast\u00fdch pr\u00ed\u010din t\u00fdchto infekci\u00ed je branie antibiot\u00edk. Nau\u010dte sa viac o tom, ako antibiotik\u00e1 m\u00f4\u017eu naru\u0161i\u0165 rovnov\u00e1hu po\u0161vovej fl\u00f3ry a ako predch\u00e1dza\u0165 po\u0161vov\u00fdm probl\u00e9mom, ktor\u00e9 m\u00f4\u017eu vznikn\u00fa\u0165 po lie\u010dbe antibiotikami.<\/p>\n<\/div><\/div>\n\n\n\n<div class=\"wp-block-karopharma-free-text pt-large pb-large bg-center bg-cover bg-no-repeat\" style=\"background-image:url()\"><div class=\"free-text-wrapper container max-w-medium text-left\">\n<h2 class=\"is-style-heading-h2 wp-block-heading\">Ako antibiotik\u00e1 \u00fa\u010dinkuj\u00fa<\/h2>\n\n\n\n<p>Antibiotik\u00e1 s\u00fa skupinou lie\u010div, ktor\u00e9 lie\u010dia infekciu a pom\u00e1haj\u00fa telu zbavi\u0165 sa choroby t\u00fdm sp\u00f4sobom, \u017ee zab\u00edjaj\u00fa bakt\u00e9rie alebo zamedzuj\u00fa ich rast. Tento typ lie\u010div je ve\u013emi roz\u0161\u00edren\u00fd a pou\u017e\u00edvan\u00fd na v\u0161etko, od bolesti hrdla a\u017e po infekcie org\u00e1nov. I ke\u010f s\u00fa antibiotik\u00e1 ve\u013emi efekt\u00edvnymi a pomerne bezpe\u010dn\u00fdmi liekmi, nie s\u00fa selekt\u00edvne \u2013 neni\u010dia len bakt\u00e9rie, ktor\u00e9 \u00fato\u010dia na na\u0161e telo, ale z\u00e1rove\u0148 redukuj\u00fa aj po\u010det dobr\u00fdch bakt\u00e9ri\u00ed, ktor\u00e9 be\u017ene \u017eij\u00fa na na\u0161om tele a tie\u017e v na\u0161om tele. Zab\u00edjanie t\u00fdchto prospe\u0161n\u00fdch bakt\u00e9ri\u00ed je teda ved\u013eaj\u0161\u00edm a nechcen\u00fdm \u00fa\u010dinkom antibiotickej lie\u010dby.<\/p>\n\n\n\n<h2 class=\"is-style-heading-h2 wp-block-heading\">Po\u0161vov\u00e9 infekcie po lie\u010dbe antibiotikami<\/h2>\n\n\n\n<p>Zn\u00ed\u017eenie po\u010dtu dobr\u00fdch bakt\u00e9ri\u00ed vytv\u00e1ra priestor pre rast zl\u00fdch bakt\u00e9rii a kvasiniek. Preto je be\u017en\u00e9, \u017ee v\u00e4\u010d\u0161ina \u017eien trp\u00ed bakteri\u00e1lnou vagin\u00f3zou \u010di kvasinkovou infekciou bezprostredne, alebo kr\u00e1tko po lie\u010dbe antibiotikami. \u017deny sa \u010dasto sna\u017eia antibiotikami lie\u010di\u0165 u\u017e existuj\u00face po\u0161vov\u00e9 infekcie, av\u0161ak po tom, \u010do je po\u010diato\u010dn\u00e1 infekcia vylie\u010den\u00e1, za\u010dn\u00fa sa z d\u00f4vodu naru\u0161enia po\u0161vovej fl\u00f3ry touto lie\u010dbou vyn\u00e1ra\u0165 druhotn\u00e9 d\u00f4sledky, z ktor\u00fdch vypl\u00fdva zv\u00fd\u0161en\u00e9 riziko n\u00e1vratu bakteri\u00e1lnej vagin\u00f3zy alebo kvasinkovej infekcie, ktor\u00e9 vy\u017eaduj\u00fa \u010fal\u0161iu lie\u010dbu.<\/p>\n\n\n\n<p>Ak chcete sami seba chr\u00e1ni\u0165 pred po\u0161vov\u00fdmi infekciami, pou\u017e\u00edvajte pr\u00edpravky obsahuj\u00face prebiotik\u00e1. Prebiotik\u00e1 podporuj\u00fa rast dobr\u00fdch bakt\u00e9ri\u00ed, ktor\u00e9 napom\u00e1haj\u00fa regener\u00e1cii po\u0161vovej fl\u00f3ry. Tak\u00fdmto sp\u00f4sobom pom\u00e1haj\u00fa prebiotik\u00e1 predch\u00e1dza\u0165 po\u0161vov\u00fdm infekci\u00e1m, ktor\u00e9 s\u00fa sp\u00f4soben\u00e9 antibiotikami alebo in\u00fdmi faktormi. M\u00f4\u017eu ur\u00fdchli\u0165 regener\u00e1ciu aj v takom pr\u00edpade, ke\u010f sa pr\u00edznaky infekcie u\u017e objavili.<\/p>\n\n\n\n<p class=\"is-style-paragraph-preamble has-primary-color has-text-color\"><em>\u201eZn\u00ed\u017eenie po\u010dtu dobr\u00fdch bakt\u00e9ri\u00ed vytv\u00e1ra priestor pre rast zl\u00fdch bakt\u00e9rii a kvasiniek. Preto je be\u017en\u00e9, \u017ee v\u00e4\u010d\u0161ina \u017eien trp\u00ed bakteri\u00e1lnou vagin\u00f3zou \u010di kvasinkovou infekciou bezprostredne, alebo kr\u00e1tko po lie\u010dbe antibiotikami.\u201c<\/em><\/p>\n<\/div><\/div>\n","protected":false},"excerpt":{"rendered":"","protected":false},"author":2,"featured_media":0,"parent":55,"menu_order":10,"comment_status":"closed","ping_status":"closed","template":"","meta":{"_acf_changed":false,"footnotes":""},"from-article-database":[],"class_list":["post-95","page","type-page","status-publish","hentry"],"acf":[],"yoast_head":"<!-- This site is optimized with the Yoast SEO plugin v26.6 - https:\/\/yoast.com\/wordpress\/plugins\/seo\/ -->\n<title>Po\u0161vov\u00e9 infekcie a antibiotik\u00e1 - Multi-Gyn<\/title>\n<meta name=\"description\" content=\"Nau\u010dte sa viac o tom, ako antibiotik\u00e1 m\u00f4\u017eu naru\u0161i\u0165 rovnov\u00e1hu po\u0161vovej fl\u00f3ry a ako predch\u00e1dza\u0165 po\u0161vov\u00fdm probl\u00e9mom, ktor\u00e9 m\u00f4\u017eu vznikn\u00fa\u0165 po lie\u010dbe antibiotikami.\" \/>\n<meta name=\"robots\" content=\"index, follow, max-snippet:-1, max-image-preview:large, max-video-preview:-1\" \/>\n<link rel=\"canonical\" href=\"https:\/\/multi-gyn.com\/sk\/posvove-zdravie\/infekcie\/posvove-infekcie-a-antibiotika\/\" \/>\n<meta property=\"og:locale\" content=\"sk_SK\" \/>\n<meta property=\"og:type\" content=\"article\" \/>\n<meta property=\"og:title\" content=\"Po\u0161vov\u00e9 infekcie a antibiotik\u00e1 - Multi-Gyn\" \/>\n<meta property=\"og:description\" content=\"Nau\u010dte sa viac o tom, ako antibiotik\u00e1 m\u00f4\u017eu naru\u0161i\u0165 rovnov\u00e1hu po\u0161vovej fl\u00f3ry a ako predch\u00e1dza\u0165 po\u0161vov\u00fdm probl\u00e9mom, ktor\u00e9 m\u00f4\u017eu vznikn\u00fa\u0165 po lie\u010dbe antibiotikami.\" \/>\n<meta property=\"og:url\" content=\"https:\/\/multi-gyn.com\/sk\/posvove-zdravie\/infekcie\/posvove-infekcie-a-antibiotika\/\" \/>\n<meta property=\"og:site_name\" content=\"Multi-Gyn\" \/>\n<meta property=\"article:modified_time\" content=\"2023-09-20T09:48:42+00:00\" \/>\n<meta name=\"twitter:card\" content=\"summary_large_image\" \/>\n<meta name=\"twitter:label1\" content=\"Predpokladan\u00fd \u010das \u010d\u00edtania\" \/>\n\t<meta name=\"twitter:data1\" content=\"2 min\u00faty\" \/>\n<script type=\"application\/ld+json\" class=\"yoast-schema-graph\">{\"@context\":\"https:\/\/schema.org\",\"@graph\":[{\"@type\":\"WebPage\",\"@id\":\"https:\/\/multi-gyn.com\/sk\/posvove-zdravie\/infekcie\/posvove-infekcie-a-antibiotika\/\",\"url\":\"https:\/\/multi-gyn.com\/sk\/posvove-zdravie\/infekcie\/posvove-infekcie-a-antibiotika\/\",\"name\":\"Po\u0161vov\u00e9 infekcie a antibiotik\u00e1 - Multi-Gyn\",\"isPartOf\":{\"@id\":\"https:\/\/multi-gyn.com\/sk\/#website\"},\"datePublished\":\"2023-06-02T08:25:26+00:00\",\"dateModified\":\"2023-09-20T09:48:42+00:00\",\"description\":\"Nau\u010dte sa viac o tom, ako antibiotik\u00e1 m\u00f4\u017eu naru\u0161i\u0165 rovnov\u00e1hu po\u0161vovej fl\u00f3ry a ako predch\u00e1dza\u0165 po\u0161vov\u00fdm probl\u00e9mom, ktor\u00e9 m\u00f4\u017eu vznikn\u00fa\u0165 po lie\u010dbe antibiotikami.\",\"breadcrumb\":{\"@id\":\"https:\/\/multi-gyn.com\/sk\/posvove-zdravie\/infekcie\/posvove-infekcie-a-antibiotika\/#breadcrumb\"},\"inLanguage\":\"sk-SK\",\"potentialAction\":[{\"@type\":\"ReadAction\",\"target\":[\"https:\/\/multi-gyn.com\/sk\/posvove-zdravie\/infekcie\/posvove-infekcie-a-antibiotika\/\"]}]},{\"@type\":\"BreadcrumbList\",\"@id\":\"https:\/\/multi-gyn.com\/sk\/posvove-zdravie\/infekcie\/posvove-infekcie-a-antibiotika\/#breadcrumb\",\"itemListElement\":[{\"@type\":\"ListItem\",\"position\":1,\"name\":\"Home\",\"item\":\"https:\/\/multi-gyn.com\/sk\/\"},{\"@type\":\"ListItem\",\"position\":2,\"name\":\"Po\u0161vov\u00e9 zdravie\",\"item\":\"https:\/\/multi-gyn.com\/sk\/posvove-zdravie\/\"},{\"@type\":\"ListItem\",\"position\":3,\"name\":\"Infekcie\",\"item\":\"https:\/\/multi-gyn.com\/sk\/posvove-zdravie\/infekcie\/\"},{\"@type\":\"ListItem\",\"position\":4,\"name\":\"Po\u0161vov\u00e9 infekcie a antibiotik\u00e1\"}]},{\"@type\":\"WebSite\",\"@id\":\"https:\/\/multi-gyn.com\/sk\/#website\",\"url\":\"https:\/\/multi-gyn.com\/sk\/\",\"name\":\"Multi-Gyn\",\"description\":\"\",\"publisher\":{\"@id\":\"https:\/\/multi-gyn.com\/sk\/#organization\"},\"potentialAction\":[{\"@type\":\"SearchAction\",\"target\":{\"@type\":\"EntryPoint\",\"urlTemplate\":\"https:\/\/multi-gyn.com\/sk\/?s={search_term_string}\"},\"query-input\":{\"@type\":\"PropertyValueSpecification\",\"valueRequired\":true,\"valueName\":\"search_term_string\"}}],\"inLanguage\":\"sk-SK\"},{\"@type\":\"Organization\",\"@id\":\"https:\/\/multi-gyn.com\/sk\/#organization\",\"name\":\"Multi-Gyn\",\"url\":\"https:\/\/multi-gyn.com\/sk\/\",\"logo\":{\"@type\":\"ImageObject\",\"inLanguage\":\"sk-SK\",\"@id\":\"https:\/\/multi-gyn.com\/sk\/#\/schema\/logo\/image\/\",\"url\":\"https:\/\/multi-gyn.com\/app\/uploads\/sites\/48\/2023\/06\/multi-gyn-logo.png\",\"contentUrl\":\"https:\/\/multi-gyn.com\/app\/uploads\/sites\/48\/2023\/06\/multi-gyn-logo.png\",\"width\":149,\"height\":32,\"caption\":\"Multi-Gyn\"},\"image\":{\"@id\":\"https:\/\/multi-gyn.com\/sk\/#\/schema\/logo\/image\/\"}}]}<\/script>\n<!-- \/ Yoast SEO plugin. -->","yoast_head_json":{"title":"Po\u0161vov\u00e9 infekcie a antibiotik\u00e1 - Multi-Gyn","description":"Nau\u010dte sa viac o tom, ako antibiotik\u00e1 m\u00f4\u017eu naru\u0161i\u0165 rovnov\u00e1hu po\u0161vovej fl\u00f3ry a ako predch\u00e1dza\u0165 po\u0161vov\u00fdm probl\u00e9mom, ktor\u00e9 m\u00f4\u017eu vznikn\u00fa\u0165 po lie\u010dbe antibiotikami.","robots":{"index":"index","follow":"follow","max-snippet":"max-snippet:-1","max-image-preview":"max-image-preview:large","max-video-preview":"max-video-preview:-1"},"canonical":"https:\/\/multi-gyn.com\/sk\/posvove-zdravie\/infekcie\/posvove-infekcie-a-antibiotika\/","og_locale":"sk_SK","og_type":"article","og_title":"Po\u0161vov\u00e9 infekcie a antibiotik\u00e1 - Multi-Gyn","og_description":"Nau\u010dte sa viac o tom, ako antibiotik\u00e1 m\u00f4\u017eu naru\u0161i\u0165 rovnov\u00e1hu po\u0161vovej fl\u00f3ry a ako predch\u00e1dza\u0165 po\u0161vov\u00fdm probl\u00e9mom, ktor\u00e9 m\u00f4\u017eu vznikn\u00fa\u0165 po lie\u010dbe antibiotikami.","og_url":"https:\/\/multi-gyn.com\/sk\/posvove-zdravie\/infekcie\/posvove-infekcie-a-antibiotika\/","og_site_name":"Multi-Gyn","article_modified_time":"2023-09-20T09:48:42+00:00","twitter_card":"summary_large_image","twitter_misc":{"Predpokladan\u00fd \u010das \u010d\u00edtania":"2 min\u00faty"},"schema":{"@context":"https:\/\/schema.org","@graph":[{"@type":"WebPage","@id":"https:\/\/multi-gyn.com\/sk\/posvove-zdravie\/infekcie\/posvove-infekcie-a-antibiotika\/","url":"https:\/\/multi-gyn.com\/sk\/posvove-zdravie\/infekcie\/posvove-infekcie-a-antibiotika\/","name":"Po\u0161vov\u00e9 infekcie a antibiotik\u00e1 - Multi-Gyn","isPartOf":{"@id":"https:\/\/multi-gyn.com\/sk\/#website"},"datePublished":"2023-06-02T08:25:26+00:00","dateModified":"2023-09-20T09:48:42+00:00","description":"Nau\u010dte sa viac o tom, ako antibiotik\u00e1 m\u00f4\u017eu naru\u0161i\u0165 rovnov\u00e1hu po\u0161vovej fl\u00f3ry a ako predch\u00e1dza\u0165 po\u0161vov\u00fdm probl\u00e9mom, ktor\u00e9 m\u00f4\u017eu vznikn\u00fa\u0165 po lie\u010dbe antibiotikami.","breadcrumb":{"@id":"https:\/\/multi-gyn.com\/sk\/posvove-zdravie\/infekcie\/posvove-infekcie-a-antibiotika\/#breadcrumb"},"inLanguage":"sk-SK","potentialAction":[{"@type":"ReadAction","target":["https:\/\/multi-gyn.com\/sk\/posvove-zdravie\/infekcie\/posvove-infekcie-a-antibiotika\/"]}]},{"@type":"BreadcrumbList","@id":"https:\/\/multi-gyn.com\/sk\/posvove-zdravie\/infekcie\/posvove-infekcie-a-antibiotika\/#breadcrumb","itemListElement":[{"@type":"ListItem","position":1,"name":"Home","item":"https:\/\/multi-gyn.com\/sk\/"},{"@type":"ListItem","position":2,"name":"Po\u0161vov\u00e9 zdravie","item":"https:\/\/multi-gyn.com\/sk\/posvove-zdravie\/"},{"@type":"ListItem","position":3,"name":"Infekcie","item":"https:\/\/multi-gyn.com\/sk\/posvove-zdravie\/infekcie\/"},{"@type":"ListItem","position":4,"name":"Po\u0161vov\u00e9 infekcie a antibiotik\u00e1"}]},{"@type":"WebSite","@id":"https:\/\/multi-gyn.com\/sk\/#website","url":"https:\/\/multi-gyn.com\/sk\/","name":"Multi-Gyn","description":"","publisher":{"@id":"https:\/\/multi-gyn.com\/sk\/#organization"},"potentialAction":[{"@type":"SearchAction","target":{"@type":"EntryPoint","urlTemplate":"https:\/\/multi-gyn.com\/sk\/?s={search_term_string}"},"query-input":{"@type":"PropertyValueSpecification","valueRequired":true,"valueName":"search_term_string"}}],"inLanguage":"sk-SK"},{"@type":"Organization","@id":"https:\/\/multi-gyn.com\/sk\/#organization","name":"Multi-Gyn","url":"https:\/\/multi-gyn.com\/sk\/","logo":{"@type":"ImageObject","inLanguage":"sk-SK","@id":"https:\/\/multi-gyn.com\/sk\/#\/schema\/logo\/image\/","url":"https:\/\/multi-gyn.com\/app\/uploads\/sites\/48\/2023\/06\/multi-gyn-logo.png","contentUrl":"https:\/\/multi-gyn.com\/app\/uploads\/sites\/48\/2023\/06\/multi-gyn-logo.png","width":149,"height":32,"caption":"Multi-Gyn"},"image":{"@id":"https:\/\/multi-gyn.com\/sk\/#\/schema\/logo\/image\/"}}]}},"_links":{"self":[{"href":"https:\/\/multi-gyn.com\/sk\/wp-json\/wp\/v2\/pages\/95","targetHints":{"allow":["GET"]}}],"collection":[{"href":"https:\/\/multi-gyn.com\/sk\/wp-json\/wp\/v2\/pages"}],"about":[{"href":"https:\/\/multi-gyn.com\/sk\/wp-json\/wp\/v2\/types\/page"}],"author":[{"embeddable":true,"href":"https:\/\/multi-gyn.com\/sk\/wp-json\/wp\/v2\/users\/2"}],"replies":[{"embeddable":true,"href":"https:\/\/multi-gyn.com\/sk\/wp-json\/wp\/v2\/comments?post=95"}],"version-history":[{"count":3,"href":"https:\/\/multi-gyn.com\/sk\/wp-json\/wp\/v2\/pages\/95\/revisions"}],"predecessor-version":[{"id":549,"href":"https:\/\/multi-gyn.com\/sk\/wp-json\/wp\/v2\/pages\/95\/revisions\/549"}],"up":[{"embeddable":true,"href":"https:\/\/multi-gyn.com\/sk\/wp-json\/wp\/v2\/pages\/55"}],"wp:attachment":[{"href":"https:\/\/multi-gyn.com\/sk\/wp-json\/wp\/v2\/media?parent=95"}],"wp:term":[{"taxonomy":"from-article-database","embeddable":true,"href":"https:\/\/multi-gyn.com\/sk\/wp-json\/wp\/v2\/from-article-database?post=95"}],"curies":[{"name":"wp","href":"https:\/\/api.w.org\/{rel}","templated":true}]}}