{"id":96,"date":"2023-06-02T10:25:23","date_gmt":"2023-06-02T08:25:23","guid":{"rendered":"https:\/\/multi-gyn.com\/sk\/?page_id=96"},"modified":"2023-09-20T11:48:44","modified_gmt":"2023-09-20T09:48:44","slug":"ako-liecit-kandidozu","status":"publish","type":"page","link":"https:\/\/multi-gyn.com\/sk\/posvove-zdravie\/infekcie\/ako-liecit-kandidozu\/","title":{"rendered":"Ako lie\u010di\u0165 kandid\u00f3zu"},"content":{"rendered":"\n<div class=\"wp-block-karopharma-free-text pt-large pb-large bg-center bg-cover bg-no-repeat  is-style-primary\" style=\"background-image:url()\"><div class=\"free-text-wrapper container max-w-medium text-left\">\n<h1 class=\"is-style-heading-large wp-block-heading\">Ako lie\u010di\u0165 kandid\u00f3zu<\/h1>\n\n\n\n<p class=\"is-style-paragraph-preamble\">Jedn\u00fdm z najbe\u017enej\u0161\u00edch po\u0161vov\u00fdch probl\u00e9mov s\u00fa po\u0161vov\u00e9 kvasinky, tie\u017e zn\u00e1me ako kvasinkov\u00e1 infekcia \u010di po\u0161vov\u00e1 kandid\u00f3za. Pr\u00edznaky kandid\u00f3zy zah\u0155\u0148aj\u00fa hust\u00fd biely v\u00fdtok, ktor\u00fd je be\u017ene prirovn\u00e1van\u00fd k tvarohu, siln\u00e9 za\u010dervenanie a svrbenie v oblasti po\u0161vy a vulvy. \u0160krabanie v\u0161ak m\u00f4\u017ee sp\u00f4sobi\u0165 \u010fal\u0161ie podr\u00e1\u017edenie a boles\u0165 a vies\u0165 k pocitom p\u00e1lenia po\u010das mo\u010denia alebo pohlavn\u00e9ho styku. Ak m\u00e1te probl\u00e9my s niektor\u00fdm zo spom\u00ednan\u00fdch pr\u00edznakov, na potvrdenie diagn\u00f3zy je d\u00f4le\u017eit\u00e9 kontaktova\u0165 gynekol\u00f3ga, ktor\u00fd V\u00e1m porad\u00ed, ako infekciu lie\u010di\u0165.<\/p>\n<\/div><\/div>\n\n\n\n<div class=\"wp-block-karopharma-free-text pt-large pb-large bg-center bg-cover bg-no-repeat\" style=\"background-image:url()\"><div class=\"free-text-wrapper container max-w-medium text-left\">\n<h2 class=\"is-style-heading-h2 wp-block-heading\">M\u00f4\u017eem si po\u0161vov\u00fa kandid\u00f3zu vylie\u010di\u0165 sama?<\/h2>\n\n\n\n<p>Lieky a pr\u00edpravky na lie\u010dbu po\u0161vovej kandid\u00f3zy s\u00fa \u010dasto vo\u013eno predajn\u00e9. Medzi ne patria antimykotick\u00e9 kr\u00e9my a tabletkov\u00e1 antimykotick\u00e1 lie\u010dba, probiotik\u00e1, prebiotik\u00e1 a in\u00e9 pr\u00edpravky. Pri spr\u00e1vnej samo-diagn\u00f3ze by ste mali by\u0165 schopn\u00e1 vylie\u010di\u0165 si kvasinkov\u00fa infekciu bez n\u00e1v\u0161tevy gynekol\u00f3ga. Av\u0161ak typick\u00e9 pr\u00edznaky po\u0161vovej kvasinkovej infekcie m\u00f4\u017eu by\u0165 sp\u00f4soben\u00e9 nie\u010d\u00edm in\u00fdm (po\u0161vov\u00e1 suchos\u0165, bakteri\u00e1lna infekcia), alebo skr\u00fdva\u0165 v pozad\u00ed STD (pohlavne prenosn\u00e9 ochorenie) s ove\u013ea v\u00e1\u017enej\u0161\u00edmi n\u00e1sledkami. Preto je ve\u013emi d\u00f4le\u017eit\u00e9 pred za\u010diatkom akejko\u013evek terapie konzultova\u0165 Va\u0161e probl\u00e9my s gynekol\u00f3gom a ochr\u00e1ni\u0165 tak seba a svojho partnera pred \u010fal\u0161\u00edmi probl\u00e9mami. Kvasinkov\u00e1 infekcia nie je be\u017ene medzi partnermi prenosn\u00e1, ale STD \u00e1no.<\/p>\n\n\n\n<h2 class=\"is-style-heading-h2 wp-block-heading\">\u010co m\u00f4\u017eem robi\u0165, aby som sa zbavila pr\u00edznakov kandid\u00f3zy?<\/h2>\n\n\n\n<p>Pre zdrav\u00fa \u017eenu nie je po\u0161vov\u00e1 kandid\u00f3za \u017eivot ohrozuj\u00facim ochoren\u00edm, ale nepretr\u017eit\u00e9 svrbenie a podr\u00e1\u017edenie m\u00f4\u017ee v\u00e1\u017ene naru\u0161i\u0165 kvalitu V\u00e1\u0161ho sexu\u00e1lneho \u017eivota, znepr\u00edjemni\u0165 chodenie na toaletu, sedenie dlh\u0161\u00ed \u010das na jednom mieste alebo nosenie obtiahnut\u00fdch vec\u00ed. Hne\u010f ako gynekol\u00f3g stanov\u00ed Va\u0161u diagn\u00f3zu a za\u010dnete s lie\u010dbou po\u0161vovej kandid\u00f3zy, m\u00f4\u017eete sa pok\u00fasi\u0165 zmierni\u0165 jej nepr\u00edjemn\u00e9 pr\u00edznaky. Chladiace pr\u00edrodn\u00e9 g\u00e9ly a spreje poskytn\u00fa okam\u017eit\u00fa \u00fa\u013eavu od svrbenia a podr\u00e1\u017edenia, zatia\u013e \u010do pou\u017e\u00edvanie po\u0161vov\u00fdch prebiot\u00edk podpor\u00ed samotn\u00fa lek\u00e1rom predp\u00edsan\u00fa lie\u010dbu. D\u00f4le\u017eit\u00e9 je aj dodr\u017eiavanie pravidelnej po\u0161vovej hygieny um\u00fdvan\u00edm sa vla\u017enou vodou alebo jemn\u00fdm int\u00edmnym v\u00fdplachom bez mydla, vyh\u00fdbanie sa parfumovan\u00fdm hygienick\u00fdm vlo\u017ek\u00e1m a toaletn\u00e9mu papieru a kedyko\u013evek je to mo\u017en\u00e9, tak spanie bez nohavi\u010diek.<\/p>\n\n\n\n<p class=\"is-style-paragraph-preamble has-primary-color has-text-color\"><em>\u201eLieky a pr\u00edpravky na lie\u010dbu po\u0161vovej kandid\u00f3zy s\u00fa \u010dasto vo\u013eno predajn\u00e9. Medzi ne patria antimykotick\u00e9 kr\u00e9my a tabletkov\u00e1 antimykotick\u00e1 lie\u010dba, probiotik\u00e1, prebiotik\u00e1 a in\u00e9 pr\u00edpravky.\u201c<\/em><\/p>\n<\/div><\/div>\n","protected":false},"excerpt":{"rendered":"","protected":false},"author":2,"featured_media":0,"parent":55,"menu_order":11,"comment_status":"closed","ping_status":"closed","template":"","meta":{"_acf_changed":false,"footnotes":""},"from-article-database":[],"class_list":["post-96","page","type-page","status-publish","hentry"],"acf":[],"yoast_head":"<!-- This site is optimized with the Yoast SEO plugin v26.6 - https:\/\/yoast.com\/wordpress\/plugins\/seo\/ -->\n<title>Ako lie\u010di\u0165 kandid\u00f3zu - Multi-Gyn<\/title>\n<meta name=\"description\" content=\"Jedn\u00fdm z najbe\u017enej\u0161\u00edch po\u0161vov\u00fdch probl\u00e9mov s\u00fa po\u0161vov\u00e9 kvasinky, tie\u017e zn\u00e1me ako kvasinkov\u00e1 infekcia \u010di po\u0161vov\u00e1 kandid\u00f3za.\" \/>\n<meta name=\"robots\" content=\"index, follow, max-snippet:-1, max-image-preview:large, max-video-preview:-1\" \/>\n<link rel=\"canonical\" href=\"https:\/\/multi-gyn.com\/sk\/posvove-zdravie\/infekcie\/ako-liecit-kandidozu\/\" \/>\n<meta property=\"og:locale\" content=\"sk_SK\" \/>\n<meta property=\"og:type\" content=\"article\" \/>\n<meta property=\"og:title\" content=\"Ako lie\u010di\u0165 kandid\u00f3zu - Multi-Gyn\" \/>\n<meta property=\"og:description\" content=\"Jedn\u00fdm z najbe\u017enej\u0161\u00edch po\u0161vov\u00fdch probl\u00e9mov s\u00fa po\u0161vov\u00e9 kvasinky, tie\u017e zn\u00e1me ako kvasinkov\u00e1 infekcia \u010di po\u0161vov\u00e1 kandid\u00f3za.\" \/>\n<meta property=\"og:url\" content=\"https:\/\/multi-gyn.com\/sk\/posvove-zdravie\/infekcie\/ako-liecit-kandidozu\/\" \/>\n<meta property=\"og:site_name\" content=\"Multi-Gyn\" \/>\n<meta property=\"article:modified_time\" content=\"2023-09-20T09:48:44+00:00\" \/>\n<meta name=\"twitter:card\" content=\"summary_large_image\" \/>\n<meta name=\"twitter:label1\" content=\"Predpokladan\u00fd \u010das \u010d\u00edtania\" \/>\n\t<meta name=\"twitter:data1\" content=\"2 min\u00faty\" \/>\n<script type=\"application\/ld+json\" class=\"yoast-schema-graph\">{\"@context\":\"https:\/\/schema.org\",\"@graph\":[{\"@type\":\"WebPage\",\"@id\":\"https:\/\/multi-gyn.com\/sk\/posvove-zdravie\/infekcie\/ako-liecit-kandidozu\/\",\"url\":\"https:\/\/multi-gyn.com\/sk\/posvove-zdravie\/infekcie\/ako-liecit-kandidozu\/\",\"name\":\"Ako lie\u010di\u0165 kandid\u00f3zu - Multi-Gyn\",\"isPartOf\":{\"@id\":\"https:\/\/multi-gyn.com\/sk\/#website\"},\"datePublished\":\"2023-06-02T08:25:23+00:00\",\"dateModified\":\"2023-09-20T09:48:44+00:00\",\"description\":\"Jedn\u00fdm z najbe\u017enej\u0161\u00edch po\u0161vov\u00fdch probl\u00e9mov s\u00fa po\u0161vov\u00e9 kvasinky, tie\u017e zn\u00e1me ako kvasinkov\u00e1 infekcia \u010di po\u0161vov\u00e1 kandid\u00f3za.\",\"breadcrumb\":{\"@id\":\"https:\/\/multi-gyn.com\/sk\/posvove-zdravie\/infekcie\/ako-liecit-kandidozu\/#breadcrumb\"},\"inLanguage\":\"sk-SK\",\"potentialAction\":[{\"@type\":\"ReadAction\",\"target\":[\"https:\/\/multi-gyn.com\/sk\/posvove-zdravie\/infekcie\/ako-liecit-kandidozu\/\"]}]},{\"@type\":\"BreadcrumbList\",\"@id\":\"https:\/\/multi-gyn.com\/sk\/posvove-zdravie\/infekcie\/ako-liecit-kandidozu\/#breadcrumb\",\"itemListElement\":[{\"@type\":\"ListItem\",\"position\":1,\"name\":\"Home\",\"item\":\"https:\/\/multi-gyn.com\/sk\/\"},{\"@type\":\"ListItem\",\"position\":2,\"name\":\"Po\u0161vov\u00e9 zdravie\",\"item\":\"https:\/\/multi-gyn.com\/sk\/posvove-zdravie\/\"},{\"@type\":\"ListItem\",\"position\":3,\"name\":\"Infekcie\",\"item\":\"https:\/\/multi-gyn.com\/sk\/posvove-zdravie\/infekcie\/\"},{\"@type\":\"ListItem\",\"position\":4,\"name\":\"Ako lie\u010di\u0165 kandid\u00f3zu\"}]},{\"@type\":\"WebSite\",\"@id\":\"https:\/\/multi-gyn.com\/sk\/#website\",\"url\":\"https:\/\/multi-gyn.com\/sk\/\",\"name\":\"Multi-Gyn\",\"description\":\"\",\"publisher\":{\"@id\":\"https:\/\/multi-gyn.com\/sk\/#organization\"},\"potentialAction\":[{\"@type\":\"SearchAction\",\"target\":{\"@type\":\"EntryPoint\",\"urlTemplate\":\"https:\/\/multi-gyn.com\/sk\/?s={search_term_string}\"},\"query-input\":{\"@type\":\"PropertyValueSpecification\",\"valueRequired\":true,\"valueName\":\"search_term_string\"}}],\"inLanguage\":\"sk-SK\"},{\"@type\":\"Organization\",\"@id\":\"https:\/\/multi-gyn.com\/sk\/#organization\",\"name\":\"Multi-Gyn\",\"url\":\"https:\/\/multi-gyn.com\/sk\/\",\"logo\":{\"@type\":\"ImageObject\",\"inLanguage\":\"sk-SK\",\"@id\":\"https:\/\/multi-gyn.com\/sk\/#\/schema\/logo\/image\/\",\"url\":\"https:\/\/multi-gyn.com\/app\/uploads\/sites\/48\/2023\/06\/multi-gyn-logo.png\",\"contentUrl\":\"https:\/\/multi-gyn.com\/app\/uploads\/sites\/48\/2023\/06\/multi-gyn-logo.png\",\"width\":149,\"height\":32,\"caption\":\"Multi-Gyn\"},\"image\":{\"@id\":\"https:\/\/multi-gyn.com\/sk\/#\/schema\/logo\/image\/\"}}]}<\/script>\n<!-- \/ Yoast SEO plugin. -->","yoast_head_json":{"title":"Ako lie\u010di\u0165 kandid\u00f3zu - Multi-Gyn","description":"Jedn\u00fdm z najbe\u017enej\u0161\u00edch po\u0161vov\u00fdch probl\u00e9mov s\u00fa po\u0161vov\u00e9 kvasinky, tie\u017e zn\u00e1me ako kvasinkov\u00e1 infekcia \u010di po\u0161vov\u00e1 kandid\u00f3za.","robots":{"index":"index","follow":"follow","max-snippet":"max-snippet:-1","max-image-preview":"max-image-preview:large","max-video-preview":"max-video-preview:-1"},"canonical":"https:\/\/multi-gyn.com\/sk\/posvove-zdravie\/infekcie\/ako-liecit-kandidozu\/","og_locale":"sk_SK","og_type":"article","og_title":"Ako lie\u010di\u0165 kandid\u00f3zu - Multi-Gyn","og_description":"Jedn\u00fdm z najbe\u017enej\u0161\u00edch po\u0161vov\u00fdch probl\u00e9mov s\u00fa po\u0161vov\u00e9 kvasinky, tie\u017e zn\u00e1me ako kvasinkov\u00e1 infekcia \u010di po\u0161vov\u00e1 kandid\u00f3za.","og_url":"https:\/\/multi-gyn.com\/sk\/posvove-zdravie\/infekcie\/ako-liecit-kandidozu\/","og_site_name":"Multi-Gyn","article_modified_time":"2023-09-20T09:48:44+00:00","twitter_card":"summary_large_image","twitter_misc":{"Predpokladan\u00fd \u010das \u010d\u00edtania":"2 min\u00faty"},"schema":{"@context":"https:\/\/schema.org","@graph":[{"@type":"WebPage","@id":"https:\/\/multi-gyn.com\/sk\/posvove-zdravie\/infekcie\/ako-liecit-kandidozu\/","url":"https:\/\/multi-gyn.com\/sk\/posvove-zdravie\/infekcie\/ako-liecit-kandidozu\/","name":"Ako lie\u010di\u0165 kandid\u00f3zu - Multi-Gyn","isPartOf":{"@id":"https:\/\/multi-gyn.com\/sk\/#website"},"datePublished":"2023-06-02T08:25:23+00:00","dateModified":"2023-09-20T09:48:44+00:00","description":"Jedn\u00fdm z najbe\u017enej\u0161\u00edch po\u0161vov\u00fdch probl\u00e9mov s\u00fa po\u0161vov\u00e9 kvasinky, tie\u017e zn\u00e1me ako kvasinkov\u00e1 infekcia \u010di po\u0161vov\u00e1 kandid\u00f3za.","breadcrumb":{"@id":"https:\/\/multi-gyn.com\/sk\/posvove-zdravie\/infekcie\/ako-liecit-kandidozu\/#breadcrumb"},"inLanguage":"sk-SK","potentialAction":[{"@type":"ReadAction","target":["https:\/\/multi-gyn.com\/sk\/posvove-zdravie\/infekcie\/ako-liecit-kandidozu\/"]}]},{"@type":"BreadcrumbList","@id":"https:\/\/multi-gyn.com\/sk\/posvove-zdravie\/infekcie\/ako-liecit-kandidozu\/#breadcrumb","itemListElement":[{"@type":"ListItem","position":1,"name":"Home","item":"https:\/\/multi-gyn.com\/sk\/"},{"@type":"ListItem","position":2,"name":"Po\u0161vov\u00e9 zdravie","item":"https:\/\/multi-gyn.com\/sk\/posvove-zdravie\/"},{"@type":"ListItem","position":3,"name":"Infekcie","item":"https:\/\/multi-gyn.com\/sk\/posvove-zdravie\/infekcie\/"},{"@type":"ListItem","position":4,"name":"Ako lie\u010di\u0165 kandid\u00f3zu"}]},{"@type":"WebSite","@id":"https:\/\/multi-gyn.com\/sk\/#website","url":"https:\/\/multi-gyn.com\/sk\/","name":"Multi-Gyn","description":"","publisher":{"@id":"https:\/\/multi-gyn.com\/sk\/#organization"},"potentialAction":[{"@type":"SearchAction","target":{"@type":"EntryPoint","urlTemplate":"https:\/\/multi-gyn.com\/sk\/?s={search_term_string}"},"query-input":{"@type":"PropertyValueSpecification","valueRequired":true,"valueName":"search_term_string"}}],"inLanguage":"sk-SK"},{"@type":"Organization","@id":"https:\/\/multi-gyn.com\/sk\/#organization","name":"Multi-Gyn","url":"https:\/\/multi-gyn.com\/sk\/","logo":{"@type":"ImageObject","inLanguage":"sk-SK","@id":"https:\/\/multi-gyn.com\/sk\/#\/schema\/logo\/image\/","url":"https:\/\/multi-gyn.com\/app\/uploads\/sites\/48\/2023\/06\/multi-gyn-logo.png","contentUrl":"https:\/\/multi-gyn.com\/app\/uploads\/sites\/48\/2023\/06\/multi-gyn-logo.png","width":149,"height":32,"caption":"Multi-Gyn"},"image":{"@id":"https:\/\/multi-gyn.com\/sk\/#\/schema\/logo\/image\/"}}]}},"_links":{"self":[{"href":"https:\/\/multi-gyn.com\/sk\/wp-json\/wp\/v2\/pages\/96","targetHints":{"allow":["GET"]}}],"collection":[{"href":"https:\/\/multi-gyn.com\/sk\/wp-json\/wp\/v2\/pages"}],"about":[{"href":"https:\/\/multi-gyn.com\/sk\/wp-json\/wp\/v2\/types\/page"}],"author":[{"embeddable":true,"href":"https:\/\/multi-gyn.com\/sk\/wp-json\/wp\/v2\/users\/2"}],"replies":[{"embeddable":true,"href":"https:\/\/multi-gyn.com\/sk\/wp-json\/wp\/v2\/comments?post=96"}],"version-history":[{"count":3,"href":"https:\/\/multi-gyn.com\/sk\/wp-json\/wp\/v2\/pages\/96\/revisions"}],"predecessor-version":[{"id":550,"href":"https:\/\/multi-gyn.com\/sk\/wp-json\/wp\/v2\/pages\/96\/revisions\/550"}],"up":[{"embeddable":true,"href":"https:\/\/multi-gyn.com\/sk\/wp-json\/wp\/v2\/pages\/55"}],"wp:attachment":[{"href":"https:\/\/multi-gyn.com\/sk\/wp-json\/wp\/v2\/media?parent=96"}],"wp:term":[{"taxonomy":"from-article-database","embeddable":true,"href":"https:\/\/multi-gyn.com\/sk\/wp-json\/wp\/v2\/from-article-database?post=96"}],"curies":[{"name":"wp","href":"https:\/\/api.w.org\/{rel}","templated":true}]}}