{"id":97,"date":"2023-06-02T10:25:19","date_gmt":"2023-06-02T08:25:19","guid":{"rendered":"https:\/\/multi-gyn.com\/sk\/?page_id=97"},"modified":"2023-09-20T11:48:46","modified_gmt":"2023-09-20T09:48:46","slug":"posvova-kvasinkova-infekcia-vaginalna-mykoza","status":"publish","type":"page","link":"https:\/\/multi-gyn.com\/sk\/posvove-zdravie\/infekcie\/posvova-kvasinkova-infekcia-vaginalna-mykoza\/","title":{"rendered":"Po\u0161vov\u00e1 kvasinkov\u00e1 infekcia (vagin\u00e1lna myk\u00f3za)"},"content":{"rendered":"\n<div class=\"wp-block-karopharma-free-text pt-large pb-large bg-center bg-cover bg-no-repeat  is-style-primary\" style=\"background-image:url()\"><div class=\"free-text-wrapper container max-w-medium text-left\">\n<h1 class=\"is-style-heading-large wp-block-heading\">Po\u0161vov\u00e1 kvasinkov\u00e1 infekcia (vagin\u00e1lna myk\u00f3za)<\/h1>\n\n\n\n<p class=\"is-style-paragraph-preamble\">Mnoh\u00e9 po\u0161vov\u00e9 probl\u00e9my by mohli by\u0165 zhrnut\u00e9 pod jedno pomenovanie \u2013 kvasinky, tie\u017e zn\u00e1me ako po\u0161vov\u00e1 kvasinkov\u00e1 infekcia \u010di kandid\u00f3za. Po\u0161vov\u00e1 kvasinkov\u00e1 infekcia je sp\u00f4soben\u00e1 Candidou albicans, mikroorganizmom, ktor\u00fd sa be\u017ene nach\u00e1dza na poko\u017eke a na slizniciach. Ke\u010f d\u00f4jde k naru\u0161eniu po\u0161vovej fl\u00f3ry (u\u017e\u00edvan\u00edm antibiot\u00edk, intenz\u00edvnymi v\u00fdplachmi po\u0161vy, vagin\u00e1lnou suchos\u0165ou at\u010f.) alebo kv\u00f4li in\u00fdm vplyvom (napr. hormon\u00e1lna nerovnov\u00e1ha), kandida sa m\u00f4\u017ee rozr\u00e1s\u0165 a za\u010da\u0165 sp\u00f4sobova\u0165 probl\u00e9my, ako s\u00fa svrbenie, podr\u00e1\u017edenie, boles\u0165 a v\u00fdtok.<\/p>\n<\/div><\/div>\n\n\n\n<div class=\"wp-block-karopharma-free-text pt-large pb-large bg-center bg-cover bg-no-repeat\" style=\"background-image:url()\"><div class=\"free-text-wrapper container max-w-medium text-left\">\n<h2 class=\"is-style-heading-h2 wp-block-heading\">Pr\u00edznaky po\u0161vovej kvasinkovej infekcie (vagin\u00e1lnej myk\u00f3zy)<\/h2>\n\n\n\n<p>Hlavn\u00fdmi pr\u00edznakmi po\u0161vovej kvasinkovej infekcie s\u00fa:<\/p>\n\n\n\n<ul class=\"is-style-default wp-block-list\"><li>po\u0161vov\u00e9 svrbenie a podr\u00e1\u017edenie<\/li><li>nezvy\u010dajn\u00fd v\u00fdtok, ktor\u00fd je biely a hust\u00fd, podobn\u00fd tvarohu<\/li><li>za\u010dervenanie a bolestivos\u0165<\/li><li>po\u0161vov\u00e1 boles\u0165, hlavne po\u010das a po pohlavnom styku<\/li><\/ul>\n\n\n\n<p>Je d\u00f4le\u017eit\u00e9 vedie\u0165 rozozna\u0165 kvasinkov\u00fa infekciu od bakteri\u00e1lnej vagin\u00f3zy. Hoci tieto dve infekcie m\u00f4\u017eu ma\u0165 podobn\u00e9 pr\u00edznaky, lie\u010dba je odli\u0161n\u00e1.<\/p>\n\n\n\n<h2 class=\"is-style-heading-h2 wp-block-heading\">Ako lie\u010di\u0165 po\u0161vov\u00fa kvasinkov\u00fa infekciu<\/h2>\n\n\n\n<p>V preva\u017enej v\u00e4\u010d\u0161ine pr\u00edpadov nie s\u00fa kvasinky pova\u017eovan\u00e9 za infekciu ako tak\u00fa, ale za nerovnov\u00e1hu v po\u0161vovej fl\u00f3re, tak\u017ee lie\u010dba \u010dasto nie je aplikovan\u00e1 na mu\u017esk\u00e9ho partnera. Kandid\u00f3za m\u00f4\u017ee by\u0165 \u013eahko lie\u010den\u00e1 antimykotikami, av\u0161ak t\u00e1to lie\u010dba nezabr\u00e1ni opakovan\u00e9mu n\u00e1vratu infekcie. Pr\u00edrodn\u00e9 pr\u00edpravky s\u00fa na rozdiel od antibiotickej lie\u010dby pova\u017eovan\u00e9 za dlhodobej\u0161ie rie\u0161enie, preto\u017ee optimalizuj\u00fa po\u0161vov\u00fa fl\u00f3ru, pom\u00e1haj\u00fa bojova\u0165 proti kvasink\u00e1m a m\u00f4\u017eu by\u0165 pou\u017e\u00edvan\u00e9 ako prevencia. Infekcia m\u00f4\u017ee niekedy sp\u00f4sobova\u0165 bolestivos\u0165 a znepr\u00edjem\u0148ova\u0165 tak pohlavn\u00fd styk. \u010ealej s\u00fa zn\u00e1me pr\u00edpravky, ktor\u00e9 zabezpe\u010duj\u00fa \u00fa\u013eavu od svrbenia a podr\u00e1\u017edenia v int\u00edmnej oblasti (spreje, kr\u00e9my a g\u00e9ly), ale samy o sebe nelie\u010dia ich pr\u00ed\u010dinu. Tak\u00e9to pr\u00edpravky m\u00f4\u017eu by\u0165 pou\u017e\u00edvan\u00e9 ako doplnok k z\u00e1kladnej lie\u010dbe. Ak sa pr\u00edznaky ani po ur\u010ditom \u010dase nezmiernia, pora\u010fte sa so svoj\u00edm gynekol\u00f3gom.<\/p>\n\n\n\n<h2 class=\"is-style-heading-h2 wp-block-heading\">Ako predch\u00e1dza\u0165 po\u0161vovej kvasinkovej infekcii<\/h2>\n\n\n\n<p>Po\u0161vov\u00e9 kvasinky s\u00fa \u010dasto sa opakuj\u00facou infekciou. Niektor\u00e9 \u017eeny m\u00e1vaj\u00fa t\u00fato infekciu \u010dastej\u0161ie ne\u017e ostatn\u00e9, \u010do m\u00f4\u017ee by\u0165 sp\u00f4soben\u00e9 ich hladinami horm\u00f3nov. Horm\u00f3ny s\u00fa tie\u017e zodpovedn\u00e9 za kvasinkov\u00e9 infekcie vyskytuj\u00face sa \u010dastej\u0161ie v ur\u010ditom \u010dase men\u0161trua\u010dn\u00e9ho cyklu, ako aj po\u010das tehotenstva \u010di doj\u010denia. Aby ste sa vyhli opakovan\u00fdm probl\u00e9mom, \u017eeny, ktor\u00e9 maj\u00fa v\u00e4\u010d\u0161ie sklony k po\u0161vov\u00fdm kvasinkov\u00fdm infekci\u00e1m by mali pravidelne pou\u017e\u00edva\u0165 g\u00e9ly na int\u00edmnu oblas\u0165, ktor\u00e9 podporuj\u00fa prirodzen\u00fa po\u0161vov\u00fa fl\u00f3ru a predch\u00e1dzaj\u00fa roz\u0161\u00edreniu sa kvasiniek.<\/p>\n\n\n\n<p class=\"is-style-paragraph-preamble has-primary-color has-text-color\"><em>\u201eKandid\u00f3za m\u00f4\u017ee by\u0165 \u013eahko lie\u010den\u00e1 antimykotikami, av\u0161ak t\u00e1to lie\u010dba nezabr\u00e1ni opakovan\u00e9mu n\u00e1vratu infekcie.\u201c<\/em><\/p>\n<\/div><\/div>\n","protected":false},"excerpt":{"rendered":"","protected":false},"author":2,"featured_media":0,"parent":55,"menu_order":12,"comment_status":"closed","ping_status":"closed","template":"","meta":{"_acf_changed":false,"footnotes":""},"from-article-database":[],"class_list":["post-97","page","type-page","status-publish","hentry"],"acf":[],"yoast_head":"<!-- This site is optimized with the Yoast SEO plugin v26.6 - https:\/\/yoast.com\/wordpress\/plugins\/seo\/ -->\n<title>Po\u0161vov\u00e1 kvasinkov\u00e1 infekcia (vagin\u00e1lna myk\u00f3za) - Multi-Gyn<\/title>\n<meta name=\"description\" content=\"Po\u0161vov\u00e1 kvasinkov\u00e1 infekcia je sp\u00f4soben\u00e1 Candidou albicans, mikroorganizmom, ktor\u00fd sa be\u017ene nach\u00e1dza na poko\u017eke a na slizniciach.\" \/>\n<meta name=\"robots\" content=\"index, follow, max-snippet:-1, max-image-preview:large, max-video-preview:-1\" \/>\n<link rel=\"canonical\" href=\"https:\/\/multi-gyn.com\/sk\/posvove-zdravie\/infekcie\/posvova-kvasinkova-infekcia-vaginalna-mykoza\/\" \/>\n<meta property=\"og:locale\" content=\"sk_SK\" \/>\n<meta property=\"og:type\" content=\"article\" \/>\n<meta property=\"og:title\" content=\"Po\u0161vov\u00e1 kvasinkov\u00e1 infekcia (vagin\u00e1lna myk\u00f3za) - Multi-Gyn\" \/>\n<meta property=\"og:description\" content=\"Po\u0161vov\u00e1 kvasinkov\u00e1 infekcia je sp\u00f4soben\u00e1 Candidou albicans, mikroorganizmom, ktor\u00fd sa be\u017ene nach\u00e1dza na poko\u017eke a na slizniciach.\" \/>\n<meta property=\"og:url\" content=\"https:\/\/multi-gyn.com\/sk\/posvove-zdravie\/infekcie\/posvova-kvasinkova-infekcia-vaginalna-mykoza\/\" \/>\n<meta property=\"og:site_name\" content=\"Multi-Gyn\" \/>\n<meta property=\"article:modified_time\" content=\"2023-09-20T09:48:46+00:00\" \/>\n<meta name=\"twitter:card\" content=\"summary_large_image\" \/>\n<meta name=\"twitter:label1\" content=\"Predpokladan\u00fd \u010das \u010d\u00edtania\" \/>\n\t<meta name=\"twitter:data1\" content=\"2 min\u00faty\" \/>\n<script type=\"application\/ld+json\" class=\"yoast-schema-graph\">{\"@context\":\"https:\/\/schema.org\",\"@graph\":[{\"@type\":\"WebPage\",\"@id\":\"https:\/\/multi-gyn.com\/sk\/posvove-zdravie\/infekcie\/posvova-kvasinkova-infekcia-vaginalna-mykoza\/\",\"url\":\"https:\/\/multi-gyn.com\/sk\/posvove-zdravie\/infekcie\/posvova-kvasinkova-infekcia-vaginalna-mykoza\/\",\"name\":\"Po\u0161vov\u00e1 kvasinkov\u00e1 infekcia (vagin\u00e1lna myk\u00f3za) - Multi-Gyn\",\"isPartOf\":{\"@id\":\"https:\/\/multi-gyn.com\/sk\/#website\"},\"datePublished\":\"2023-06-02T08:25:19+00:00\",\"dateModified\":\"2023-09-20T09:48:46+00:00\",\"description\":\"Po\u0161vov\u00e1 kvasinkov\u00e1 infekcia je sp\u00f4soben\u00e1 Candidou albicans, mikroorganizmom, ktor\u00fd sa be\u017ene nach\u00e1dza na poko\u017eke a na slizniciach.\",\"breadcrumb\":{\"@id\":\"https:\/\/multi-gyn.com\/sk\/posvove-zdravie\/infekcie\/posvova-kvasinkova-infekcia-vaginalna-mykoza\/#breadcrumb\"},\"inLanguage\":\"sk-SK\",\"potentialAction\":[{\"@type\":\"ReadAction\",\"target\":[\"https:\/\/multi-gyn.com\/sk\/posvove-zdravie\/infekcie\/posvova-kvasinkova-infekcia-vaginalna-mykoza\/\"]}]},{\"@type\":\"BreadcrumbList\",\"@id\":\"https:\/\/multi-gyn.com\/sk\/posvove-zdravie\/infekcie\/posvova-kvasinkova-infekcia-vaginalna-mykoza\/#breadcrumb\",\"itemListElement\":[{\"@type\":\"ListItem\",\"position\":1,\"name\":\"Home\",\"item\":\"https:\/\/multi-gyn.com\/sk\/\"},{\"@type\":\"ListItem\",\"position\":2,\"name\":\"Po\u0161vov\u00e9 zdravie\",\"item\":\"https:\/\/multi-gyn.com\/sk\/posvove-zdravie\/\"},{\"@type\":\"ListItem\",\"position\":3,\"name\":\"Infekcie\",\"item\":\"https:\/\/multi-gyn.com\/sk\/posvove-zdravie\/infekcie\/\"},{\"@type\":\"ListItem\",\"position\":4,\"name\":\"Po\u0161vov\u00e1 kvasinkov\u00e1 infekcia (vagin\u00e1lna myk\u00f3za)\"}]},{\"@type\":\"WebSite\",\"@id\":\"https:\/\/multi-gyn.com\/sk\/#website\",\"url\":\"https:\/\/multi-gyn.com\/sk\/\",\"name\":\"Multi-Gyn\",\"description\":\"\",\"publisher\":{\"@id\":\"https:\/\/multi-gyn.com\/sk\/#organization\"},\"potentialAction\":[{\"@type\":\"SearchAction\",\"target\":{\"@type\":\"EntryPoint\",\"urlTemplate\":\"https:\/\/multi-gyn.com\/sk\/?s={search_term_string}\"},\"query-input\":{\"@type\":\"PropertyValueSpecification\",\"valueRequired\":true,\"valueName\":\"search_term_string\"}}],\"inLanguage\":\"sk-SK\"},{\"@type\":\"Organization\",\"@id\":\"https:\/\/multi-gyn.com\/sk\/#organization\",\"name\":\"Multi-Gyn\",\"url\":\"https:\/\/multi-gyn.com\/sk\/\",\"logo\":{\"@type\":\"ImageObject\",\"inLanguage\":\"sk-SK\",\"@id\":\"https:\/\/multi-gyn.com\/sk\/#\/schema\/logo\/image\/\",\"url\":\"https:\/\/multi-gyn.com\/app\/uploads\/sites\/48\/2023\/06\/multi-gyn-logo.png\",\"contentUrl\":\"https:\/\/multi-gyn.com\/app\/uploads\/sites\/48\/2023\/06\/multi-gyn-logo.png\",\"width\":149,\"height\":32,\"caption\":\"Multi-Gyn\"},\"image\":{\"@id\":\"https:\/\/multi-gyn.com\/sk\/#\/schema\/logo\/image\/\"}}]}<\/script>\n<!-- \/ Yoast SEO plugin. -->","yoast_head_json":{"title":"Po\u0161vov\u00e1 kvasinkov\u00e1 infekcia (vagin\u00e1lna myk\u00f3za) - Multi-Gyn","description":"Po\u0161vov\u00e1 kvasinkov\u00e1 infekcia je sp\u00f4soben\u00e1 Candidou albicans, mikroorganizmom, ktor\u00fd sa be\u017ene nach\u00e1dza na poko\u017eke a na slizniciach.","robots":{"index":"index","follow":"follow","max-snippet":"max-snippet:-1","max-image-preview":"max-image-preview:large","max-video-preview":"max-video-preview:-1"},"canonical":"https:\/\/multi-gyn.com\/sk\/posvove-zdravie\/infekcie\/posvova-kvasinkova-infekcia-vaginalna-mykoza\/","og_locale":"sk_SK","og_type":"article","og_title":"Po\u0161vov\u00e1 kvasinkov\u00e1 infekcia (vagin\u00e1lna myk\u00f3za) - Multi-Gyn","og_description":"Po\u0161vov\u00e1 kvasinkov\u00e1 infekcia je sp\u00f4soben\u00e1 Candidou albicans, mikroorganizmom, ktor\u00fd sa be\u017ene nach\u00e1dza na poko\u017eke a na slizniciach.","og_url":"https:\/\/multi-gyn.com\/sk\/posvove-zdravie\/infekcie\/posvova-kvasinkova-infekcia-vaginalna-mykoza\/","og_site_name":"Multi-Gyn","article_modified_time":"2023-09-20T09:48:46+00:00","twitter_card":"summary_large_image","twitter_misc":{"Predpokladan\u00fd \u010das \u010d\u00edtania":"2 min\u00faty"},"schema":{"@context":"https:\/\/schema.org","@graph":[{"@type":"WebPage","@id":"https:\/\/multi-gyn.com\/sk\/posvove-zdravie\/infekcie\/posvova-kvasinkova-infekcia-vaginalna-mykoza\/","url":"https:\/\/multi-gyn.com\/sk\/posvove-zdravie\/infekcie\/posvova-kvasinkova-infekcia-vaginalna-mykoza\/","name":"Po\u0161vov\u00e1 kvasinkov\u00e1 infekcia (vagin\u00e1lna myk\u00f3za) - Multi-Gyn","isPartOf":{"@id":"https:\/\/multi-gyn.com\/sk\/#website"},"datePublished":"2023-06-02T08:25:19+00:00","dateModified":"2023-09-20T09:48:46+00:00","description":"Po\u0161vov\u00e1 kvasinkov\u00e1 infekcia je sp\u00f4soben\u00e1 Candidou albicans, mikroorganizmom, ktor\u00fd sa be\u017ene nach\u00e1dza na poko\u017eke a na slizniciach.","breadcrumb":{"@id":"https:\/\/multi-gyn.com\/sk\/posvove-zdravie\/infekcie\/posvova-kvasinkova-infekcia-vaginalna-mykoza\/#breadcrumb"},"inLanguage":"sk-SK","potentialAction":[{"@type":"ReadAction","target":["https:\/\/multi-gyn.com\/sk\/posvove-zdravie\/infekcie\/posvova-kvasinkova-infekcia-vaginalna-mykoza\/"]}]},{"@type":"BreadcrumbList","@id":"https:\/\/multi-gyn.com\/sk\/posvove-zdravie\/infekcie\/posvova-kvasinkova-infekcia-vaginalna-mykoza\/#breadcrumb","itemListElement":[{"@type":"ListItem","position":1,"name":"Home","item":"https:\/\/multi-gyn.com\/sk\/"},{"@type":"ListItem","position":2,"name":"Po\u0161vov\u00e9 zdravie","item":"https:\/\/multi-gyn.com\/sk\/posvove-zdravie\/"},{"@type":"ListItem","position":3,"name":"Infekcie","item":"https:\/\/multi-gyn.com\/sk\/posvove-zdravie\/infekcie\/"},{"@type":"ListItem","position":4,"name":"Po\u0161vov\u00e1 kvasinkov\u00e1 infekcia (vagin\u00e1lna myk\u00f3za)"}]},{"@type":"WebSite","@id":"https:\/\/multi-gyn.com\/sk\/#website","url":"https:\/\/multi-gyn.com\/sk\/","name":"Multi-Gyn","description":"","publisher":{"@id":"https:\/\/multi-gyn.com\/sk\/#organization"},"potentialAction":[{"@type":"SearchAction","target":{"@type":"EntryPoint","urlTemplate":"https:\/\/multi-gyn.com\/sk\/?s={search_term_string}"},"query-input":{"@type":"PropertyValueSpecification","valueRequired":true,"valueName":"search_term_string"}}],"inLanguage":"sk-SK"},{"@type":"Organization","@id":"https:\/\/multi-gyn.com\/sk\/#organization","name":"Multi-Gyn","url":"https:\/\/multi-gyn.com\/sk\/","logo":{"@type":"ImageObject","inLanguage":"sk-SK","@id":"https:\/\/multi-gyn.com\/sk\/#\/schema\/logo\/image\/","url":"https:\/\/multi-gyn.com\/app\/uploads\/sites\/48\/2023\/06\/multi-gyn-logo.png","contentUrl":"https:\/\/multi-gyn.com\/app\/uploads\/sites\/48\/2023\/06\/multi-gyn-logo.png","width":149,"height":32,"caption":"Multi-Gyn"},"image":{"@id":"https:\/\/multi-gyn.com\/sk\/#\/schema\/logo\/image\/"}}]}},"_links":{"self":[{"href":"https:\/\/multi-gyn.com\/sk\/wp-json\/wp\/v2\/pages\/97","targetHints":{"allow":["GET"]}}],"collection":[{"href":"https:\/\/multi-gyn.com\/sk\/wp-json\/wp\/v2\/pages"}],"about":[{"href":"https:\/\/multi-gyn.com\/sk\/wp-json\/wp\/v2\/types\/page"}],"author":[{"embeddable":true,"href":"https:\/\/multi-gyn.com\/sk\/wp-json\/wp\/v2\/users\/2"}],"replies":[{"embeddable":true,"href":"https:\/\/multi-gyn.com\/sk\/wp-json\/wp\/v2\/comments?post=97"}],"version-history":[{"count":4,"href":"https:\/\/multi-gyn.com\/sk\/wp-json\/wp\/v2\/pages\/97\/revisions"}],"predecessor-version":[{"id":552,"href":"https:\/\/multi-gyn.com\/sk\/wp-json\/wp\/v2\/pages\/97\/revisions\/552"}],"up":[{"embeddable":true,"href":"https:\/\/multi-gyn.com\/sk\/wp-json\/wp\/v2\/pages\/55"}],"wp:attachment":[{"href":"https:\/\/multi-gyn.com\/sk\/wp-json\/wp\/v2\/media?parent=97"}],"wp:term":[{"taxonomy":"from-article-database","embeddable":true,"href":"https:\/\/multi-gyn.com\/sk\/wp-json\/wp\/v2\/from-article-database?post=97"}],"curies":[{"name":"wp","href":"https:\/\/api.w.org\/{rel}","templated":true}]}}