{"id":278,"date":"2023-06-05T10:44:48","date_gmt":"2023-06-05T08:44:48","guid":{"rendered":"https:\/\/multi-gyn.com\/sk\/?post_type=product&#038;p=278"},"modified":"2023-09-20T11:47:41","modified_gmt":"2023-09-20T09:47:41","slug":"multi-gyn-actigel","status":"publish","type":"product","link":"https:\/\/multi-gyn.com\/sk\/produkt\/multi-gyn-actigel\/","title":{"rendered":"Multi-Gyn ActiGel"},"content":{"rendered":"\n<div class=\"wp-block-karopharma-accordions is-style-secondary\"><div class=\"container\">\n<details class=\"wp-block-karopharma-accordion\"><summary><h2 class=\"accordion-title\">Ako \u010dasto mus\u00edm pou\u017e\u00edva\u0165 Multi-Gyn ActiGel?<\/h2><\/summary><div class=\"accordion-content\">\n<p>Na lie\u010dbu po\u0161vov\u00fdch probl\u00e9mov odpor\u00fa\u010dame pou\u017e\u00edva\u0165 Multi-Gyn ActiGel 2kr\u00e1t denne po dobu p\u00e4\u0165 dn\u00ed.<\/p>\n<\/div><\/details>\n\n\n\n<details class=\"wp-block-karopharma-accordion\"><summary><h2 class=\"accordion-title\">Kedy poc\u00edtim \u00fa\u010dinky?<\/h2><\/summary><div class=\"accordion-content\">\n<p>\u00da\u010dinky sa dostavia prakticky okam\u017eite, hlavne \u010do sa t\u00fdka pr\u00edznakov, ako podr\u00e1\u017edenie \u010di svrbenie. To sa v\u0161ak u ka\u017ed\u00e9ho m\u00f4\u017ee l\u00ed\u0161i\u0165.<\/p>\n<\/div><\/details>\n\n\n\n<details class=\"wp-block-karopharma-accordion\"><summary><h2 class=\"accordion-title\">M\u00e1 Multi-Gyn ActiGel nejak\u00e9 ved\u013eaj\u0161ie \u00fa\u010dinky?<\/h2><\/summary><div class=\"accordion-content\">\n<p>Nie, neexistuj\u00fa \u017eiadne zn\u00e1me ved\u013eaj\u0161ie \u00fa\u010dinky.<\/p>\n<\/div><\/details>\n\n\n\n<details class=\"wp-block-karopharma-accordion\"><summary><h2 class=\"accordion-title\">Moje probl\u00e9my s\u00fa pre\u010d, je potrebn\u00e9, aby som e\u0161te pou\u017e\u00edvala Multi-Gyn ActiGel?<\/h2><\/summary><div class=\"accordion-content\">\n<p>Nie, nie je potrebn\u00e9, aby ste nepretr\u017eite pou\u017e\u00edvali Multi-Gyn ActiGel. Ak chcete, m\u00f4\u017eete pokra\u010dova\u0165 v pou\u017e\u00edvan\u00ed Multi-Gyn ActiGelu nieko\u013ekokr\u00e1t do t\u00fd\u017ed\u0148a.<\/p>\n<\/div><\/details>\n\n\n\n<details class=\"wp-block-karopharma-accordion\"><summary><h2 class=\"accordion-title\">M\u00e1 pou\u017e\u00edvanie Multi-Gyn ActiGelu vplyv na lie\u010dbu antibiotikami?<\/h2><\/summary><div class=\"accordion-content\">\n<p>Nie, Multi-Gyn ActiGel neovplyv\u0148uje negat\u00edvne antibiotick\u00fa lie\u010dbu. V skuto\u010dnosti odpor\u00fa\u010dame pou\u017e\u00edvanie Multi-Gyn ActiGelu spolu s antibiotickou lie\u010dbou, alebo po akejko\u013evek lie\u010dbe antibiotikami.<\/p>\n<\/div><\/details>\n\n\n\n<details class=\"wp-block-karopharma-accordion\"><summary><h2 class=\"accordion-title\">Mus\u00edm pou\u017ei\u0165 cel\u00fa tubu?<\/h2><\/summary><div class=\"accordion-content\">\n<p>Pou\u017e\u00edvanie Multi-Gyn ActiGelu V\u00e1m poskytne okam\u017eit\u00fa \u00fa\u013eavu od probl\u00e9mov. U\u017e prv\u00e1 d\u00e1vka b\u00fdva \u00fa\u010dinn\u00e1. Jednotliv\u00e1 d\u00e1vka je 2 ml, \u010do je mno\u017estvo, ktor\u00e9 sa zmest\u00ed na koniec prsta.<\/p>\n<\/div><\/details>\n<\/div><\/div>\n","protected":false},"excerpt":{"rendered":"<p>Prv\u00e1 pomoc pri \u017eensk\u00fdch int\u00edmnych probl\u00e9moch \u2013 svrbenie, p\u00e1lenie, v\u00fdtok, za\u010d\u00ednaj\u00faci z\u00e1pal.<\/p>\n","protected":false},"featured_media":280,"comment_status":"closed","ping_status":"closed","template":"","meta":{"_acf_changed":false,"footnotes":""},"product_brand":[],"product_cat":[18],"product_tag":[],"class_list":{"0":"post-278","1":"product","2":"type-product","3":"status-publish","4":"has-post-thumbnail","6":"product_cat-liecba-a-prevencia","8":"first","9":"instock","10":"shipping-taxable","11":"product-type-simple"},"acf":[],"yoast_head":"<!-- This site is optimized with the Yoast SEO plugin v26.6 - https:\/\/yoast.com\/wordpress\/plugins\/seo\/ -->\n<title>Multi-Gyn ActiGel - Multi-Gyn<\/title>\n<meta name=\"description\" content=\"Probl\u00e9my v int\u00edmnej oblasti? Multi-Gyn ActiGel je Bio-akt\u00edvny g\u00e9l (s akt\u00edvnou zlo\u017ekou 2QR) poskytuj\u00faci \u00fa\u010dinn\u00e9 rie\u0161enie \u017eensk\u00fdch probl\u00e9mov v int\u00edmnej oblasti:\" \/>\n<meta name=\"robots\" content=\"index, follow, max-snippet:-1, max-image-preview:large, max-video-preview:-1\" \/>\n<link rel=\"canonical\" href=\"https:\/\/multi-gyn.com\/sk\/produkt\/multi-gyn-actigel\/\" \/>\n<meta property=\"og:locale\" content=\"sk_SK\" \/>\n<meta property=\"og:type\" content=\"article\" \/>\n<meta property=\"og:title\" content=\"Multi-Gyn ActiGel - Multi-Gyn\" \/>\n<meta property=\"og:description\" content=\"Probl\u00e9my v int\u00edmnej oblasti? Multi-Gyn ActiGel je Bio-akt\u00edvny g\u00e9l (s akt\u00edvnou zlo\u017ekou 2QR) poskytuj\u00faci \u00fa\u010dinn\u00e9 rie\u0161enie \u017eensk\u00fdch probl\u00e9mov v int\u00edmnej oblasti:\" \/>\n<meta property=\"og:url\" content=\"https:\/\/multi-gyn.com\/sk\/produkt\/multi-gyn-actigel\/\" \/>\n<meta property=\"og:site_name\" content=\"Multi-Gyn\" \/>\n<meta property=\"article:modified_time\" content=\"2023-09-20T09:47:41+00:00\" \/>\n<meta property=\"og:image\" content=\"https:\/\/multi-gyn.com\/app\/uploads\/sites\/48\/2023\/06\/Multi-Gyn-ActiGel.png\" \/>\n\t<meta property=\"og:image:width\" content=\"1024\" \/>\n\t<meta property=\"og:image:height\" content=\"1024\" \/>\n\t<meta property=\"og:image:type\" content=\"image\/png\" \/>\n<meta name=\"twitter:card\" content=\"summary_large_image\" \/>\n<meta name=\"twitter:label1\" content=\"Predpokladan\u00fd \u010das \u010d\u00edtania\" \/>\n\t<meta name=\"twitter:data1\" content=\"1 min\u00fata\" \/>\n<script type=\"application\/ld+json\" class=\"yoast-schema-graph\">{\"@context\":\"https:\/\/schema.org\",\"@graph\":[{\"@type\":\"WebPage\",\"@id\":\"https:\/\/multi-gyn.com\/sk\/produkt\/multi-gyn-actigel\/\",\"url\":\"https:\/\/multi-gyn.com\/sk\/produkt\/multi-gyn-actigel\/\",\"name\":\"Multi-Gyn ActiGel - Multi-Gyn\",\"isPartOf\":{\"@id\":\"https:\/\/multi-gyn.com\/sk\/#website\"},\"primaryImageOfPage\":{\"@id\":\"https:\/\/multi-gyn.com\/sk\/produkt\/multi-gyn-actigel\/#primaryimage\"},\"image\":{\"@id\":\"https:\/\/multi-gyn.com\/sk\/produkt\/multi-gyn-actigel\/#primaryimage\"},\"thumbnailUrl\":\"https:\/\/multi-gyn.com\/app\/uploads\/sites\/48\/2023\/06\/Multi-Gyn-ActiGel.png\",\"datePublished\":\"2023-06-05T08:44:48+00:00\",\"dateModified\":\"2023-09-20T09:47:41+00:00\",\"description\":\"Probl\u00e9my v int\u00edmnej oblasti? Multi-Gyn ActiGel je Bio-akt\u00edvny g\u00e9l (s akt\u00edvnou zlo\u017ekou 2QR) poskytuj\u00faci \u00fa\u010dinn\u00e9 rie\u0161enie \u017eensk\u00fdch probl\u00e9mov v int\u00edmnej oblasti:\",\"breadcrumb\":{\"@id\":\"https:\/\/multi-gyn.com\/sk\/produkt\/multi-gyn-actigel\/#breadcrumb\"},\"inLanguage\":\"sk-SK\",\"potentialAction\":[{\"@type\":\"ReadAction\",\"target\":[\"https:\/\/multi-gyn.com\/sk\/produkt\/multi-gyn-actigel\/\"]}]},{\"@type\":\"ImageObject\",\"inLanguage\":\"sk-SK\",\"@id\":\"https:\/\/multi-gyn.com\/sk\/produkt\/multi-gyn-actigel\/#primaryimage\",\"url\":\"https:\/\/multi-gyn.com\/app\/uploads\/sites\/48\/2023\/06\/Multi-Gyn-ActiGel.png\",\"contentUrl\":\"https:\/\/multi-gyn.com\/app\/uploads\/sites\/48\/2023\/06\/Multi-Gyn-ActiGel.png\",\"width\":1024,\"height\":1024,\"caption\":\"Multi-Gyn ActiGel\"},{\"@type\":\"BreadcrumbList\",\"@id\":\"https:\/\/multi-gyn.com\/sk\/produkt\/multi-gyn-actigel\/#breadcrumb\",\"itemListElement\":[{\"@type\":\"ListItem\",\"position\":1,\"name\":\"Home\",\"item\":\"https:\/\/multi-gyn.com\/sk\/\"},{\"@type\":\"ListItem\",\"position\":2,\"name\":\"Produkty\",\"item\":\"https:\/\/multi-gyn.com\/sk\/produkty\/\"},{\"@type\":\"ListItem\",\"position\":3,\"name\":\"Multi-Gyn ActiGel\"}]},{\"@type\":\"WebSite\",\"@id\":\"https:\/\/multi-gyn.com\/sk\/#website\",\"url\":\"https:\/\/multi-gyn.com\/sk\/\",\"name\":\"Multi-Gyn\",\"description\":\"\",\"publisher\":{\"@id\":\"https:\/\/multi-gyn.com\/sk\/#organization\"},\"potentialAction\":[{\"@type\":\"SearchAction\",\"target\":{\"@type\":\"EntryPoint\",\"urlTemplate\":\"https:\/\/multi-gyn.com\/sk\/?s={search_term_string}\"},\"query-input\":{\"@type\":\"PropertyValueSpecification\",\"valueRequired\":true,\"valueName\":\"search_term_string\"}}],\"inLanguage\":\"sk-SK\"},{\"@type\":\"Organization\",\"@id\":\"https:\/\/multi-gyn.com\/sk\/#organization\",\"name\":\"Multi-Gyn\",\"url\":\"https:\/\/multi-gyn.com\/sk\/\",\"logo\":{\"@type\":\"ImageObject\",\"inLanguage\":\"sk-SK\",\"@id\":\"https:\/\/multi-gyn.com\/sk\/#\/schema\/logo\/image\/\",\"url\":\"https:\/\/multi-gyn.com\/app\/uploads\/sites\/48\/2023\/06\/multi-gyn-logo.png\",\"contentUrl\":\"https:\/\/multi-gyn.com\/app\/uploads\/sites\/48\/2023\/06\/multi-gyn-logo.png\",\"width\":149,\"height\":32,\"caption\":\"Multi-Gyn\"},\"image\":{\"@id\":\"https:\/\/multi-gyn.com\/sk\/#\/schema\/logo\/image\/\"}}]}<\/script>\n<!-- \/ Yoast SEO plugin. -->","yoast_head_json":{"title":"Multi-Gyn ActiGel - Multi-Gyn","description":"Probl\u00e9my v int\u00edmnej oblasti? Multi-Gyn ActiGel je Bio-akt\u00edvny g\u00e9l (s akt\u00edvnou zlo\u017ekou 2QR) poskytuj\u00faci \u00fa\u010dinn\u00e9 rie\u0161enie \u017eensk\u00fdch probl\u00e9mov v int\u00edmnej oblasti:","robots":{"index":"index","follow":"follow","max-snippet":"max-snippet:-1","max-image-preview":"max-image-preview:large","max-video-preview":"max-video-preview:-1"},"canonical":"https:\/\/multi-gyn.com\/sk\/produkt\/multi-gyn-actigel\/","og_locale":"sk_SK","og_type":"article","og_title":"Multi-Gyn ActiGel - Multi-Gyn","og_description":"Probl\u00e9my v int\u00edmnej oblasti? Multi-Gyn ActiGel je Bio-akt\u00edvny g\u00e9l (s akt\u00edvnou zlo\u017ekou 2QR) poskytuj\u00faci \u00fa\u010dinn\u00e9 rie\u0161enie \u017eensk\u00fdch probl\u00e9mov v int\u00edmnej oblasti:","og_url":"https:\/\/multi-gyn.com\/sk\/produkt\/multi-gyn-actigel\/","og_site_name":"Multi-Gyn","article_modified_time":"2023-09-20T09:47:41+00:00","og_image":[{"width":1024,"height":1024,"url":"https:\/\/multi-gyn.com\/app\/uploads\/sites\/48\/2023\/06\/Multi-Gyn-ActiGel.png","type":"image\/png"}],"twitter_card":"summary_large_image","twitter_misc":{"Predpokladan\u00fd \u010das \u010d\u00edtania":"1 min\u00fata"},"schema":{"@context":"https:\/\/schema.org","@graph":[{"@type":"WebPage","@id":"https:\/\/multi-gyn.com\/sk\/produkt\/multi-gyn-actigel\/","url":"https:\/\/multi-gyn.com\/sk\/produkt\/multi-gyn-actigel\/","name":"Multi-Gyn ActiGel - Multi-Gyn","isPartOf":{"@id":"https:\/\/multi-gyn.com\/sk\/#website"},"primaryImageOfPage":{"@id":"https:\/\/multi-gyn.com\/sk\/produkt\/multi-gyn-actigel\/#primaryimage"},"image":{"@id":"https:\/\/multi-gyn.com\/sk\/produkt\/multi-gyn-actigel\/#primaryimage"},"thumbnailUrl":"https:\/\/multi-gyn.com\/app\/uploads\/sites\/48\/2023\/06\/Multi-Gyn-ActiGel.png","datePublished":"2023-06-05T08:44:48+00:00","dateModified":"2023-09-20T09:47:41+00:00","description":"Probl\u00e9my v int\u00edmnej oblasti? Multi-Gyn ActiGel je Bio-akt\u00edvny g\u00e9l (s akt\u00edvnou zlo\u017ekou 2QR) poskytuj\u00faci \u00fa\u010dinn\u00e9 rie\u0161enie \u017eensk\u00fdch probl\u00e9mov v int\u00edmnej oblasti:","breadcrumb":{"@id":"https:\/\/multi-gyn.com\/sk\/produkt\/multi-gyn-actigel\/#breadcrumb"},"inLanguage":"sk-SK","potentialAction":[{"@type":"ReadAction","target":["https:\/\/multi-gyn.com\/sk\/produkt\/multi-gyn-actigel\/"]}]},{"@type":"ImageObject","inLanguage":"sk-SK","@id":"https:\/\/multi-gyn.com\/sk\/produkt\/multi-gyn-actigel\/#primaryimage","url":"https:\/\/multi-gyn.com\/app\/uploads\/sites\/48\/2023\/06\/Multi-Gyn-ActiGel.png","contentUrl":"https:\/\/multi-gyn.com\/app\/uploads\/sites\/48\/2023\/06\/Multi-Gyn-ActiGel.png","width":1024,"height":1024,"caption":"Multi-Gyn ActiGel"},{"@type":"BreadcrumbList","@id":"https:\/\/multi-gyn.com\/sk\/produkt\/multi-gyn-actigel\/#breadcrumb","itemListElement":[{"@type":"ListItem","position":1,"name":"Home","item":"https:\/\/multi-gyn.com\/sk\/"},{"@type":"ListItem","position":2,"name":"Produkty","item":"https:\/\/multi-gyn.com\/sk\/produkty\/"},{"@type":"ListItem","position":3,"name":"Multi-Gyn ActiGel"}]},{"@type":"WebSite","@id":"https:\/\/multi-gyn.com\/sk\/#website","url":"https:\/\/multi-gyn.com\/sk\/","name":"Multi-Gyn","description":"","publisher":{"@id":"https:\/\/multi-gyn.com\/sk\/#organization"},"potentialAction":[{"@type":"SearchAction","target":{"@type":"EntryPoint","urlTemplate":"https:\/\/multi-gyn.com\/sk\/?s={search_term_string}"},"query-input":{"@type":"PropertyValueSpecification","valueRequired":true,"valueName":"search_term_string"}}],"inLanguage":"sk-SK"},{"@type":"Organization","@id":"https:\/\/multi-gyn.com\/sk\/#organization","name":"Multi-Gyn","url":"https:\/\/multi-gyn.com\/sk\/","logo":{"@type":"ImageObject","inLanguage":"sk-SK","@id":"https:\/\/multi-gyn.com\/sk\/#\/schema\/logo\/image\/","url":"https:\/\/multi-gyn.com\/app\/uploads\/sites\/48\/2023\/06\/multi-gyn-logo.png","contentUrl":"https:\/\/multi-gyn.com\/app\/uploads\/sites\/48\/2023\/06\/multi-gyn-logo.png","width":149,"height":32,"caption":"Multi-Gyn"},"image":{"@id":"https:\/\/multi-gyn.com\/sk\/#\/schema\/logo\/image\/"}}]}},"_links":{"self":[{"href":"https:\/\/multi-gyn.com\/sk\/wp-json\/wp\/v2\/product\/278","targetHints":{"allow":["GET"]}}],"collection":[{"href":"https:\/\/multi-gyn.com\/sk\/wp-json\/wp\/v2\/product"}],"about":[{"href":"https:\/\/multi-gyn.com\/sk\/wp-json\/wp\/v2\/types\/product"}],"replies":[{"embeddable":true,"href":"https:\/\/multi-gyn.com\/sk\/wp-json\/wp\/v2\/comments?post=278"}],"version-history":[{"count":7,"href":"https:\/\/multi-gyn.com\/sk\/wp-json\/wp\/v2\/product\/278\/revisions"}],"predecessor-version":[{"id":335,"href":"https:\/\/multi-gyn.com\/sk\/wp-json\/wp\/v2\/product\/278\/revisions\/335"}],"wp:featuredmedia":[{"embeddable":true,"href":"https:\/\/multi-gyn.com\/sk\/wp-json\/wp\/v2\/media\/280"}],"wp:attachment":[{"href":"https:\/\/multi-gyn.com\/sk\/wp-json\/wp\/v2\/media?parent=278"}],"wp:term":[{"taxonomy":"product_brand","embeddable":true,"href":"https:\/\/multi-gyn.com\/sk\/wp-json\/wp\/v2\/product_brand?post=278"},{"taxonomy":"product_cat","embeddable":true,"href":"https:\/\/multi-gyn.com\/sk\/wp-json\/wp\/v2\/product_cat?post=278"},{"taxonomy":"product_tag","embeddable":true,"href":"https:\/\/multi-gyn.com\/sk\/wp-json\/wp\/v2\/product_tag?post=278"}],"curies":[{"name":"wp","href":"https:\/\/api.w.org\/{rel}","templated":true}]}}