{"id":284,"date":"2023-06-05T10:51:45","date_gmt":"2023-06-05T08:51:45","guid":{"rendered":"https:\/\/multi-gyn.com\/sk\/?post_type=product&#038;p=284"},"modified":"2023-09-20T11:47:39","modified_gmt":"2023-09-20T09:47:39","slug":"multi-gyn-floraplus","status":"publish","type":"product","link":"https:\/\/multi-gyn.com\/sk\/produkt\/multi-gyn-floraplus\/","title":{"rendered":"Multi-Gyn FloraPlus"},"content":{"rendered":"\n<div class=\"wp-block-karopharma-accordions is-style-secondary\"><div class=\"container\">\n<details class=\"wp-block-karopharma-accordion\"><summary><h2 class=\"accordion-title\">Kedy poc\u00edtim \u00fa\u010dinky?<\/h2><\/summary><div class=\"accordion-content\">\n<p>U ka\u017edej \u017eeny sa to l\u00ed\u0161i, ale \u00fa\u013eavu od pr\u00edznakov m\u00f4\u017eete poc\u00edti\u0165 prakticky okam\u017eite.<\/p>\n<\/div><\/details>\n\n\n\n<details class=\"wp-block-karopharma-accordion\"><summary><h2 class=\"accordion-title\">Je nutn\u00e9 pou\u017e\u00edva\u0165 ju 5 po sebe id\u00facich dn\u00ed?<\/h2><\/summary><div class=\"accordion-content\">\n<p>\u00c1no, pre najlep\u0161\u00ed \u00fa\u010dinok odpor\u00fa\u010dame pou\u017ei\u0165 v\u0161etk\u00fdch 5 t\u00fab.<\/p>\n<\/div><\/details>\n\n\n\n<details class=\"wp-block-karopharma-accordion\"><summary><h2 class=\"accordion-title\">M\u00e1 Multi-Gyn FloraPlus nejak\u00e9 ved\u013eaj\u0161ie \u00fa\u010dinky?<\/h2><\/summary><div class=\"accordion-content\">\n<p>Nie, neexistuj\u00fa \u017eiadne zn\u00e1me ved\u013eaj\u0161ie \u00fa\u010dinky.<\/p>\n<\/div><\/details>\n\n\n\n<details class=\"wp-block-karopharma-accordion\"><summary><h2 class=\"accordion-title\">Pre\u010do je Multi-Gyn FloraPlus in\u00e1 ako ostatn\u00e9 pr\u00edpravky na lie\u010denie po\u0161vov\u00fdch kvasinkov\u00fdch probl\u00e9mov?<\/h2><\/summary><div class=\"accordion-content\">\n<p>Multi-Gyn FloraPlus m\u00e1 okam\u017eit\u00fd \u00fa\u010dinok na pr\u00edznaky a je pr\u00edrodn\u00fdm pr\u00edpravkom, ktor\u00fd neovplyv\u0148uje negat\u00edvne po\u0161vov\u00fa fl\u00f3ru. Multi-Gyn FloraPlus podporuje rast dobr\u00fdch bakt\u00e9ri\u00ed a obmedzuje mno\u017eenie a rast kvasiniek.<\/p>\n<\/div><\/details>\n\n\n\n<details class=\"wp-block-karopharma-accordion\"><summary><h2 class=\"accordion-title\">M\u00f4\u017eem pou\u017e\u00edva\u0165 Multi-Gyn FloruPlus ako prevenciu proti n\u00e1vratu kvasinkovej infekcie?<\/h2><\/summary><div class=\"accordion-content\">\n<p>\u00c1no. V skuto\u010dnosti bola na tento \u00fa\u010del vyvinut\u00e1. Pok\u00fdm antimykotik\u00e1 maj\u00fa \u010dasto ako ved\u013eaj\u0161\u00ed \u00fa\u010dinok opakovan\u00fd n\u00e1vrat kvasinkovej infekcie, zatia\u013e \u010do Multi-Gyn FloraPlus podporuje dobr\u00e9 bakt\u00e9rie a znemo\u017e\u0148uje kvasink\u00e1m ich mno\u017eenie<\/p>\n<\/div><\/details>\n<\/div><\/div>\n","protected":false},"excerpt":{"rendered":"<p>Lie\u010dba a prevencia ples\u0148ov\u00fdch infekci\u00ed po\u0161vy.<\/p>\n","protected":false},"featured_media":287,"comment_status":"closed","ping_status":"closed","template":"","meta":{"_acf_changed":false,"footnotes":""},"product_brand":[],"product_cat":[18],"product_tag":[],"class_list":{"0":"post-284","1":"product","2":"type-product","3":"status-publish","4":"has-post-thumbnail","6":"product_cat-liecba-a-prevencia","8":"first","9":"instock","10":"shipping-taxable","11":"product-type-simple"},"acf":[],"yoast_head":"<!-- This site is optimized with the Yoast SEO plugin v26.6 - https:\/\/yoast.com\/wordpress\/plugins\/seo\/ -->\n<title>Multi-Gyn FloraPlus - Multi-Gyn<\/title>\n<meta name=\"description\" content=\"Pr\u00edpravok je vhodn\u00fd na podporu pri lie\u010dbe a prevenciu po\u0161vov\u00fdch ples\u0148ov\u00fdch probl\u00e9mov. Prebioticky podporuje a stimuluje Laktobacily.\" \/>\n<meta name=\"robots\" content=\"index, follow, max-snippet:-1, max-image-preview:large, max-video-preview:-1\" \/>\n<link rel=\"canonical\" href=\"https:\/\/multi-gyn.com\/sk\/produkt\/multi-gyn-floraplus\/\" \/>\n<meta property=\"og:locale\" content=\"sk_SK\" \/>\n<meta property=\"og:type\" content=\"article\" \/>\n<meta property=\"og:title\" content=\"Multi-Gyn FloraPlus - Multi-Gyn\" \/>\n<meta property=\"og:description\" content=\"Pr\u00edpravok je vhodn\u00fd na podporu pri lie\u010dbe a prevenciu po\u0161vov\u00fdch ples\u0148ov\u00fdch probl\u00e9mov. Prebioticky podporuje a stimuluje Laktobacily.\" \/>\n<meta property=\"og:url\" content=\"https:\/\/multi-gyn.com\/sk\/produkt\/multi-gyn-floraplus\/\" \/>\n<meta property=\"og:site_name\" content=\"Multi-Gyn\" \/>\n<meta property=\"article:modified_time\" content=\"2023-09-20T09:47:39+00:00\" \/>\n<meta property=\"og:image\" content=\"https:\/\/multi-gyn.com\/app\/uploads\/sites\/48\/2023\/06\/MultiGyn-FloraPlus.png\" \/>\n\t<meta property=\"og:image:width\" content=\"1024\" \/>\n\t<meta property=\"og:image:height\" content=\"1024\" \/>\n\t<meta property=\"og:image:type\" content=\"image\/png\" \/>\n<meta name=\"twitter:card\" content=\"summary_large_image\" \/>\n<meta name=\"twitter:label1\" content=\"Predpokladan\u00fd \u010das \u010d\u00edtania\" \/>\n\t<meta name=\"twitter:data1\" content=\"1 min\u00fata\" \/>\n<script type=\"application\/ld+json\" class=\"yoast-schema-graph\">{\"@context\":\"https:\/\/schema.org\",\"@graph\":[{\"@type\":\"WebPage\",\"@id\":\"https:\/\/multi-gyn.com\/sk\/produkt\/multi-gyn-floraplus\/\",\"url\":\"https:\/\/multi-gyn.com\/sk\/produkt\/multi-gyn-floraplus\/\",\"name\":\"Multi-Gyn FloraPlus - Multi-Gyn\",\"isPartOf\":{\"@id\":\"https:\/\/multi-gyn.com\/sk\/#website\"},\"primaryImageOfPage\":{\"@id\":\"https:\/\/multi-gyn.com\/sk\/produkt\/multi-gyn-floraplus\/#primaryimage\"},\"image\":{\"@id\":\"https:\/\/multi-gyn.com\/sk\/produkt\/multi-gyn-floraplus\/#primaryimage\"},\"thumbnailUrl\":\"https:\/\/multi-gyn.com\/app\/uploads\/sites\/48\/2023\/06\/MultiGyn-FloraPlus.png\",\"datePublished\":\"2023-06-05T08:51:45+00:00\",\"dateModified\":\"2023-09-20T09:47:39+00:00\",\"description\":\"Pr\u00edpravok je vhodn\u00fd na podporu pri lie\u010dbe a prevenciu po\u0161vov\u00fdch ples\u0148ov\u00fdch probl\u00e9mov. Prebioticky podporuje a stimuluje Laktobacily.\",\"breadcrumb\":{\"@id\":\"https:\/\/multi-gyn.com\/sk\/produkt\/multi-gyn-floraplus\/#breadcrumb\"},\"inLanguage\":\"sk-SK\",\"potentialAction\":[{\"@type\":\"ReadAction\",\"target\":[\"https:\/\/multi-gyn.com\/sk\/produkt\/multi-gyn-floraplus\/\"]}]},{\"@type\":\"ImageObject\",\"inLanguage\":\"sk-SK\",\"@id\":\"https:\/\/multi-gyn.com\/sk\/produkt\/multi-gyn-floraplus\/#primaryimage\",\"url\":\"https:\/\/multi-gyn.com\/app\/uploads\/sites\/48\/2023\/06\/MultiGyn-FloraPlus.png\",\"contentUrl\":\"https:\/\/multi-gyn.com\/app\/uploads\/sites\/48\/2023\/06\/MultiGyn-FloraPlus.png\",\"width\":1024,\"height\":1024,\"caption\":\"Multi-Gyn FloraPlus\"},{\"@type\":\"BreadcrumbList\",\"@id\":\"https:\/\/multi-gyn.com\/sk\/produkt\/multi-gyn-floraplus\/#breadcrumb\",\"itemListElement\":[{\"@type\":\"ListItem\",\"position\":1,\"name\":\"Home\",\"item\":\"https:\/\/multi-gyn.com\/sk\/\"},{\"@type\":\"ListItem\",\"position\":2,\"name\":\"Produkty\",\"item\":\"https:\/\/multi-gyn.com\/sk\/produkty\/\"},{\"@type\":\"ListItem\",\"position\":3,\"name\":\"Multi-Gyn FloraPlus\"}]},{\"@type\":\"WebSite\",\"@id\":\"https:\/\/multi-gyn.com\/sk\/#website\",\"url\":\"https:\/\/multi-gyn.com\/sk\/\",\"name\":\"Multi-Gyn\",\"description\":\"\",\"publisher\":{\"@id\":\"https:\/\/multi-gyn.com\/sk\/#organization\"},\"potentialAction\":[{\"@type\":\"SearchAction\",\"target\":{\"@type\":\"EntryPoint\",\"urlTemplate\":\"https:\/\/multi-gyn.com\/sk\/?s={search_term_string}\"},\"query-input\":{\"@type\":\"PropertyValueSpecification\",\"valueRequired\":true,\"valueName\":\"search_term_string\"}}],\"inLanguage\":\"sk-SK\"},{\"@type\":\"Organization\",\"@id\":\"https:\/\/multi-gyn.com\/sk\/#organization\",\"name\":\"Multi-Gyn\",\"url\":\"https:\/\/multi-gyn.com\/sk\/\",\"logo\":{\"@type\":\"ImageObject\",\"inLanguage\":\"sk-SK\",\"@id\":\"https:\/\/multi-gyn.com\/sk\/#\/schema\/logo\/image\/\",\"url\":\"https:\/\/multi-gyn.com\/app\/uploads\/sites\/48\/2023\/06\/multi-gyn-logo.png\",\"contentUrl\":\"https:\/\/multi-gyn.com\/app\/uploads\/sites\/48\/2023\/06\/multi-gyn-logo.png\",\"width\":149,\"height\":32,\"caption\":\"Multi-Gyn\"},\"image\":{\"@id\":\"https:\/\/multi-gyn.com\/sk\/#\/schema\/logo\/image\/\"}}]}<\/script>\n<!-- \/ Yoast SEO plugin. -->","yoast_head_json":{"title":"Multi-Gyn FloraPlus - Multi-Gyn","description":"Pr\u00edpravok je vhodn\u00fd na podporu pri lie\u010dbe a prevenciu po\u0161vov\u00fdch ples\u0148ov\u00fdch probl\u00e9mov. Prebioticky podporuje a stimuluje Laktobacily.","robots":{"index":"index","follow":"follow","max-snippet":"max-snippet:-1","max-image-preview":"max-image-preview:large","max-video-preview":"max-video-preview:-1"},"canonical":"https:\/\/multi-gyn.com\/sk\/produkt\/multi-gyn-floraplus\/","og_locale":"sk_SK","og_type":"article","og_title":"Multi-Gyn FloraPlus - Multi-Gyn","og_description":"Pr\u00edpravok je vhodn\u00fd na podporu pri lie\u010dbe a prevenciu po\u0161vov\u00fdch ples\u0148ov\u00fdch probl\u00e9mov. Prebioticky podporuje a stimuluje Laktobacily.","og_url":"https:\/\/multi-gyn.com\/sk\/produkt\/multi-gyn-floraplus\/","og_site_name":"Multi-Gyn","article_modified_time":"2023-09-20T09:47:39+00:00","og_image":[{"width":1024,"height":1024,"url":"https:\/\/multi-gyn.com\/app\/uploads\/sites\/48\/2023\/06\/MultiGyn-FloraPlus.png","type":"image\/png"}],"twitter_card":"summary_large_image","twitter_misc":{"Predpokladan\u00fd \u010das \u010d\u00edtania":"1 min\u00fata"},"schema":{"@context":"https:\/\/schema.org","@graph":[{"@type":"WebPage","@id":"https:\/\/multi-gyn.com\/sk\/produkt\/multi-gyn-floraplus\/","url":"https:\/\/multi-gyn.com\/sk\/produkt\/multi-gyn-floraplus\/","name":"Multi-Gyn FloraPlus - Multi-Gyn","isPartOf":{"@id":"https:\/\/multi-gyn.com\/sk\/#website"},"primaryImageOfPage":{"@id":"https:\/\/multi-gyn.com\/sk\/produkt\/multi-gyn-floraplus\/#primaryimage"},"image":{"@id":"https:\/\/multi-gyn.com\/sk\/produkt\/multi-gyn-floraplus\/#primaryimage"},"thumbnailUrl":"https:\/\/multi-gyn.com\/app\/uploads\/sites\/48\/2023\/06\/MultiGyn-FloraPlus.png","datePublished":"2023-06-05T08:51:45+00:00","dateModified":"2023-09-20T09:47:39+00:00","description":"Pr\u00edpravok je vhodn\u00fd na podporu pri lie\u010dbe a prevenciu po\u0161vov\u00fdch ples\u0148ov\u00fdch probl\u00e9mov. Prebioticky podporuje a stimuluje Laktobacily.","breadcrumb":{"@id":"https:\/\/multi-gyn.com\/sk\/produkt\/multi-gyn-floraplus\/#breadcrumb"},"inLanguage":"sk-SK","potentialAction":[{"@type":"ReadAction","target":["https:\/\/multi-gyn.com\/sk\/produkt\/multi-gyn-floraplus\/"]}]},{"@type":"ImageObject","inLanguage":"sk-SK","@id":"https:\/\/multi-gyn.com\/sk\/produkt\/multi-gyn-floraplus\/#primaryimage","url":"https:\/\/multi-gyn.com\/app\/uploads\/sites\/48\/2023\/06\/MultiGyn-FloraPlus.png","contentUrl":"https:\/\/multi-gyn.com\/app\/uploads\/sites\/48\/2023\/06\/MultiGyn-FloraPlus.png","width":1024,"height":1024,"caption":"Multi-Gyn FloraPlus"},{"@type":"BreadcrumbList","@id":"https:\/\/multi-gyn.com\/sk\/produkt\/multi-gyn-floraplus\/#breadcrumb","itemListElement":[{"@type":"ListItem","position":1,"name":"Home","item":"https:\/\/multi-gyn.com\/sk\/"},{"@type":"ListItem","position":2,"name":"Produkty","item":"https:\/\/multi-gyn.com\/sk\/produkty\/"},{"@type":"ListItem","position":3,"name":"Multi-Gyn FloraPlus"}]},{"@type":"WebSite","@id":"https:\/\/multi-gyn.com\/sk\/#website","url":"https:\/\/multi-gyn.com\/sk\/","name":"Multi-Gyn","description":"","publisher":{"@id":"https:\/\/multi-gyn.com\/sk\/#organization"},"potentialAction":[{"@type":"SearchAction","target":{"@type":"EntryPoint","urlTemplate":"https:\/\/multi-gyn.com\/sk\/?s={search_term_string}"},"query-input":{"@type":"PropertyValueSpecification","valueRequired":true,"valueName":"search_term_string"}}],"inLanguage":"sk-SK"},{"@type":"Organization","@id":"https:\/\/multi-gyn.com\/sk\/#organization","name":"Multi-Gyn","url":"https:\/\/multi-gyn.com\/sk\/","logo":{"@type":"ImageObject","inLanguage":"sk-SK","@id":"https:\/\/multi-gyn.com\/sk\/#\/schema\/logo\/image\/","url":"https:\/\/multi-gyn.com\/app\/uploads\/sites\/48\/2023\/06\/multi-gyn-logo.png","contentUrl":"https:\/\/multi-gyn.com\/app\/uploads\/sites\/48\/2023\/06\/multi-gyn-logo.png","width":149,"height":32,"caption":"Multi-Gyn"},"image":{"@id":"https:\/\/multi-gyn.com\/sk\/#\/schema\/logo\/image\/"}}]}},"_links":{"self":[{"href":"https:\/\/multi-gyn.com\/sk\/wp-json\/wp\/v2\/product\/284","targetHints":{"allow":["GET"]}}],"collection":[{"href":"https:\/\/multi-gyn.com\/sk\/wp-json\/wp\/v2\/product"}],"about":[{"href":"https:\/\/multi-gyn.com\/sk\/wp-json\/wp\/v2\/types\/product"}],"replies":[{"embeddable":true,"href":"https:\/\/multi-gyn.com\/sk\/wp-json\/wp\/v2\/comments?post=284"}],"version-history":[{"count":7,"href":"https:\/\/multi-gyn.com\/sk\/wp-json\/wp\/v2\/product\/284\/revisions"}],"predecessor-version":[{"id":343,"href":"https:\/\/multi-gyn.com\/sk\/wp-json\/wp\/v2\/product\/284\/revisions\/343"}],"wp:featuredmedia":[{"embeddable":true,"href":"https:\/\/multi-gyn.com\/sk\/wp-json\/wp\/v2\/media\/287"}],"wp:attachment":[{"href":"https:\/\/multi-gyn.com\/sk\/wp-json\/wp\/v2\/media?parent=284"}],"wp:term":[{"taxonomy":"product_brand","embeddable":true,"href":"https:\/\/multi-gyn.com\/sk\/wp-json\/wp\/v2\/product_brand?post=284"},{"taxonomy":"product_cat","embeddable":true,"href":"https:\/\/multi-gyn.com\/sk\/wp-json\/wp\/v2\/product_cat?post=284"},{"taxonomy":"product_tag","embeddable":true,"href":"https:\/\/multi-gyn.com\/sk\/wp-json\/wp\/v2\/product_tag?post=284"}],"curies":[{"name":"wp","href":"https:\/\/api.w.org\/{rel}","templated":true}]}}