{"id":295,"date":"2023-06-05T11:10:50","date_gmt":"2023-06-05T09:10:50","guid":{"rendered":"https:\/\/multi-gyn.com\/sk\/?post_type=product&#038;p=295"},"modified":"2025-04-28T12:04:18","modified_gmt":"2025-04-28T10:04:18","slug":"multi-gyn-femiwash","status":"publish","type":"product","link":"https:\/\/multi-gyn.com\/sk\/produkt\/multi-gyn-femiwash\/","title":{"rendered":"Multi-Gyn FemiWash"},"content":{"rendered":"\n<div class=\"wp-block-karopharma-accordions is-style-secondary\"><div class=\"container\">\n<details class=\"wp-block-karopharma-accordion\"><summary><h2 class=\"accordion-title\">M\u00f4\u017eem pou\u017e\u00edva\u0165 Multi-Gyn FemiWash denne?<\/h2><\/summary><div class=\"accordion-content\">\n<p>\u00c1no, Multi-Gyn FemiWash m\u00f4\u017eete pou\u017e\u00edva\u0165 denne. Ke\u010f\u017ee Multi-Gyn FemiWash je koncentrovanou penou, zaka\u017ed\u00fdm V\u00e1m sta\u010d\u00ed len jedna d\u00e1vka.<\/p>\n<\/div><\/details>\n\n\n\n<details class=\"wp-block-karopharma-accordion\"><summary><h2 class=\"accordion-title\">Nie je dosta\u010duj\u00face ke\u010f si budem svoju int\u00edmnu oblas\u0165 um\u00fdva\u0165 len vodou?<\/h2><\/summary><div class=\"accordion-content\">\n<p>\u00c1no, um\u00fdvanie vodou by malo by\u0165 dosta\u010duj\u00face. Pre pocit svie\u017eosti sa v\u0161ak \u017eeny rady um\u00fdvaj\u00fa s emulziou. T\u00e1to emulzia, tak ako Multi-Gyn FemiWash, by mala by\u0165 bez ak\u00fdchko\u013evek dr\u00e1\u017ediv\u00fdch l\u00e1tok, inak m\u00f4\u017ee d\u00f4js\u0165 k po\u0161kodeniu prirodzenej fl\u00f3ry.<\/p>\n<\/div><\/details>\n\n\n\n<details class=\"wp-block-karopharma-accordion\"><summary><h2 class=\"accordion-title\">Ak\u00e9 mno\u017estvo Multi-Gyn FemiWashu m\u00e1m pou\u017ei\u0165?<\/h2><\/summary><div class=\"accordion-content\">\n<p>Multi-Gyn FemiWash je koncentrovanou penou, tak\u017ee sta\u010d\u00ed pou\u017ei\u0165 mno\u017estvo z jedn\u00e9ho stla\u010denia pumpi\u010dky.<\/p>\n<\/div><\/details>\n\n\n\n<details class=\"wp-block-karopharma-accordion\"><summary><h2 class=\"accordion-title\">M\u00f4\u017eem pou\u017e\u00edva\u0165 Multi-Gyn FemiWash len v sprche?<\/h2><\/summary><div class=\"accordion-content\">\n<p>Nie, Multi-Gyn FemiWash m\u00f4\u017eete pou\u017e\u00edva\u0165 aj vo vani, \u010di v um\u00fdvadle.<\/p>\n<\/div><\/details>\n<\/div><\/div>\n","protected":false},"excerpt":{"rendered":"<p>Um\u00fdvanie a holenie int\u00edmnej oblasti.<\/p>\n","protected":false},"featured_media":296,"comment_status":"closed","ping_status":"closed","template":"","meta":{"_acf_changed":false,"footnotes":""},"product_brand":[],"product_cat":[19],"product_tag":[],"class_list":{"0":"post-295","1":"product","2":"type-product","3":"status-publish","4":"has-post-thumbnail","6":"product_cat-starostlivost-o-posvu","8":"first","9":"instock","10":"shipping-taxable","11":"product-type-simple"},"acf":[],"yoast_head":"<!-- This site is optimized with the Yoast SEO plugin v26.6 - https:\/\/yoast.com\/wordpress\/plugins\/seo\/ -->\n<title>Multi-Gyn FemiWash - Multi-Gyn<\/title>\n<meta name=\"description\" content=\"Pr\u00edpravok rady Multi-Gyn na ka\u017edodenn\u00fa int\u00edmnu hygienu vonkaj\u0161\u00edch int\u00edmnych parti\u00ed.\" \/>\n<meta name=\"robots\" content=\"index, follow, max-snippet:-1, max-image-preview:large, max-video-preview:-1\" \/>\n<link rel=\"canonical\" href=\"https:\/\/multi-gyn.com\/sk\/produkt\/multi-gyn-femiwash\/\" \/>\n<meta property=\"og:locale\" content=\"sk_SK\" \/>\n<meta property=\"og:type\" content=\"article\" \/>\n<meta property=\"og:title\" content=\"Multi-Gyn FemiWash - Multi-Gyn\" \/>\n<meta property=\"og:description\" content=\"Pr\u00edpravok rady Multi-Gyn na ka\u017edodenn\u00fa int\u00edmnu hygienu vonkaj\u0161\u00edch int\u00edmnych parti\u00ed.\" \/>\n<meta property=\"og:url\" content=\"https:\/\/multi-gyn.com\/sk\/produkt\/multi-gyn-femiwash\/\" \/>\n<meta property=\"og:site_name\" content=\"Multi-Gyn\" \/>\n<meta property=\"article:modified_time\" content=\"2025-04-28T10:04:18+00:00\" \/>\n<meta property=\"og:image\" content=\"https:\/\/multi-gyn.com\/app\/uploads\/sites\/48\/2023\/06\/MultiGyn-FemiWash.png\" \/>\n\t<meta property=\"og:image:width\" content=\"1024\" \/>\n\t<meta property=\"og:image:height\" content=\"1024\" \/>\n\t<meta property=\"og:image:type\" content=\"image\/png\" \/>\n<meta name=\"twitter:card\" content=\"summary_large_image\" \/>\n<meta name=\"twitter:label1\" content=\"Predpokladan\u00fd \u010das \u010d\u00edtania\" \/>\n\t<meta name=\"twitter:data1\" content=\"1 min\u00fata\" \/>\n<script type=\"application\/ld+json\" class=\"yoast-schema-graph\">{\"@context\":\"https:\/\/schema.org\",\"@graph\":[{\"@type\":\"WebPage\",\"@id\":\"https:\/\/multi-gyn.com\/sk\/produkt\/multi-gyn-femiwash\/\",\"url\":\"https:\/\/multi-gyn.com\/sk\/produkt\/multi-gyn-femiwash\/\",\"name\":\"Multi-Gyn FemiWash - Multi-Gyn\",\"isPartOf\":{\"@id\":\"https:\/\/multi-gyn.com\/sk\/#website\"},\"primaryImageOfPage\":{\"@id\":\"https:\/\/multi-gyn.com\/sk\/produkt\/multi-gyn-femiwash\/#primaryimage\"},\"image\":{\"@id\":\"https:\/\/multi-gyn.com\/sk\/produkt\/multi-gyn-femiwash\/#primaryimage\"},\"thumbnailUrl\":\"https:\/\/multi-gyn.com\/app\/uploads\/sites\/48\/2023\/06\/MultiGyn-FemiWash.png\",\"datePublished\":\"2023-06-05T09:10:50+00:00\",\"dateModified\":\"2025-04-28T10:04:18+00:00\",\"description\":\"Pr\u00edpravok rady Multi-Gyn na ka\u017edodenn\u00fa int\u00edmnu hygienu vonkaj\u0161\u00edch int\u00edmnych parti\u00ed.\",\"breadcrumb\":{\"@id\":\"https:\/\/multi-gyn.com\/sk\/produkt\/multi-gyn-femiwash\/#breadcrumb\"},\"inLanguage\":\"sk-SK\",\"potentialAction\":[{\"@type\":\"ReadAction\",\"target\":[\"https:\/\/multi-gyn.com\/sk\/produkt\/multi-gyn-femiwash\/\"]}]},{\"@type\":\"ImageObject\",\"inLanguage\":\"sk-SK\",\"@id\":\"https:\/\/multi-gyn.com\/sk\/produkt\/multi-gyn-femiwash\/#primaryimage\",\"url\":\"https:\/\/multi-gyn.com\/app\/uploads\/sites\/48\/2023\/06\/MultiGyn-FemiWash.png\",\"contentUrl\":\"https:\/\/multi-gyn.com\/app\/uploads\/sites\/48\/2023\/06\/MultiGyn-FemiWash.png\",\"width\":1024,\"height\":1024,\"caption\":\"Multi-Gyn FemiWash\"},{\"@type\":\"BreadcrumbList\",\"@id\":\"https:\/\/multi-gyn.com\/sk\/produkt\/multi-gyn-femiwash\/#breadcrumb\",\"itemListElement\":[{\"@type\":\"ListItem\",\"position\":1,\"name\":\"Home\",\"item\":\"https:\/\/multi-gyn.com\/sk\/\"},{\"@type\":\"ListItem\",\"position\":2,\"name\":\"Produkty\",\"item\":\"https:\/\/multi-gyn.com\/sk\/produkty\/\"},{\"@type\":\"ListItem\",\"position\":3,\"name\":\"Multi-Gyn FemiWash\"}]},{\"@type\":\"WebSite\",\"@id\":\"https:\/\/multi-gyn.com\/sk\/#website\",\"url\":\"https:\/\/multi-gyn.com\/sk\/\",\"name\":\"Multi-Gyn\",\"description\":\"\",\"publisher\":{\"@id\":\"https:\/\/multi-gyn.com\/sk\/#organization\"},\"potentialAction\":[{\"@type\":\"SearchAction\",\"target\":{\"@type\":\"EntryPoint\",\"urlTemplate\":\"https:\/\/multi-gyn.com\/sk\/?s={search_term_string}\"},\"query-input\":{\"@type\":\"PropertyValueSpecification\",\"valueRequired\":true,\"valueName\":\"search_term_string\"}}],\"inLanguage\":\"sk-SK\"},{\"@type\":\"Organization\",\"@id\":\"https:\/\/multi-gyn.com\/sk\/#organization\",\"name\":\"Multi-Gyn\",\"url\":\"https:\/\/multi-gyn.com\/sk\/\",\"logo\":{\"@type\":\"ImageObject\",\"inLanguage\":\"sk-SK\",\"@id\":\"https:\/\/multi-gyn.com\/sk\/#\/schema\/logo\/image\/\",\"url\":\"https:\/\/multi-gyn.com\/app\/uploads\/sites\/48\/2023\/06\/multi-gyn-logo.png\",\"contentUrl\":\"https:\/\/multi-gyn.com\/app\/uploads\/sites\/48\/2023\/06\/multi-gyn-logo.png\",\"width\":149,\"height\":32,\"caption\":\"Multi-Gyn\"},\"image\":{\"@id\":\"https:\/\/multi-gyn.com\/sk\/#\/schema\/logo\/image\/\"}}]}<\/script>\n<!-- \/ Yoast SEO plugin. -->","yoast_head_json":{"title":"Multi-Gyn FemiWash - Multi-Gyn","description":"Pr\u00edpravok rady Multi-Gyn na ka\u017edodenn\u00fa int\u00edmnu hygienu vonkaj\u0161\u00edch int\u00edmnych parti\u00ed.","robots":{"index":"index","follow":"follow","max-snippet":"max-snippet:-1","max-image-preview":"max-image-preview:large","max-video-preview":"max-video-preview:-1"},"canonical":"https:\/\/multi-gyn.com\/sk\/produkt\/multi-gyn-femiwash\/","og_locale":"sk_SK","og_type":"article","og_title":"Multi-Gyn FemiWash - Multi-Gyn","og_description":"Pr\u00edpravok rady Multi-Gyn na ka\u017edodenn\u00fa int\u00edmnu hygienu vonkaj\u0161\u00edch int\u00edmnych parti\u00ed.","og_url":"https:\/\/multi-gyn.com\/sk\/produkt\/multi-gyn-femiwash\/","og_site_name":"Multi-Gyn","article_modified_time":"2025-04-28T10:04:18+00:00","og_image":[{"width":1024,"height":1024,"url":"https:\/\/multi-gyn.com\/app\/uploads\/sites\/48\/2023\/06\/MultiGyn-FemiWash.png","type":"image\/png"}],"twitter_card":"summary_large_image","twitter_misc":{"Predpokladan\u00fd \u010das \u010d\u00edtania":"1 min\u00fata"},"schema":{"@context":"https:\/\/schema.org","@graph":[{"@type":"WebPage","@id":"https:\/\/multi-gyn.com\/sk\/produkt\/multi-gyn-femiwash\/","url":"https:\/\/multi-gyn.com\/sk\/produkt\/multi-gyn-femiwash\/","name":"Multi-Gyn FemiWash - Multi-Gyn","isPartOf":{"@id":"https:\/\/multi-gyn.com\/sk\/#website"},"primaryImageOfPage":{"@id":"https:\/\/multi-gyn.com\/sk\/produkt\/multi-gyn-femiwash\/#primaryimage"},"image":{"@id":"https:\/\/multi-gyn.com\/sk\/produkt\/multi-gyn-femiwash\/#primaryimage"},"thumbnailUrl":"https:\/\/multi-gyn.com\/app\/uploads\/sites\/48\/2023\/06\/MultiGyn-FemiWash.png","datePublished":"2023-06-05T09:10:50+00:00","dateModified":"2025-04-28T10:04:18+00:00","description":"Pr\u00edpravok rady Multi-Gyn na ka\u017edodenn\u00fa int\u00edmnu hygienu vonkaj\u0161\u00edch int\u00edmnych parti\u00ed.","breadcrumb":{"@id":"https:\/\/multi-gyn.com\/sk\/produkt\/multi-gyn-femiwash\/#breadcrumb"},"inLanguage":"sk-SK","potentialAction":[{"@type":"ReadAction","target":["https:\/\/multi-gyn.com\/sk\/produkt\/multi-gyn-femiwash\/"]}]},{"@type":"ImageObject","inLanguage":"sk-SK","@id":"https:\/\/multi-gyn.com\/sk\/produkt\/multi-gyn-femiwash\/#primaryimage","url":"https:\/\/multi-gyn.com\/app\/uploads\/sites\/48\/2023\/06\/MultiGyn-FemiWash.png","contentUrl":"https:\/\/multi-gyn.com\/app\/uploads\/sites\/48\/2023\/06\/MultiGyn-FemiWash.png","width":1024,"height":1024,"caption":"Multi-Gyn FemiWash"},{"@type":"BreadcrumbList","@id":"https:\/\/multi-gyn.com\/sk\/produkt\/multi-gyn-femiwash\/#breadcrumb","itemListElement":[{"@type":"ListItem","position":1,"name":"Home","item":"https:\/\/multi-gyn.com\/sk\/"},{"@type":"ListItem","position":2,"name":"Produkty","item":"https:\/\/multi-gyn.com\/sk\/produkty\/"},{"@type":"ListItem","position":3,"name":"Multi-Gyn FemiWash"}]},{"@type":"WebSite","@id":"https:\/\/multi-gyn.com\/sk\/#website","url":"https:\/\/multi-gyn.com\/sk\/","name":"Multi-Gyn","description":"","publisher":{"@id":"https:\/\/multi-gyn.com\/sk\/#organization"},"potentialAction":[{"@type":"SearchAction","target":{"@type":"EntryPoint","urlTemplate":"https:\/\/multi-gyn.com\/sk\/?s={search_term_string}"},"query-input":{"@type":"PropertyValueSpecification","valueRequired":true,"valueName":"search_term_string"}}],"inLanguage":"sk-SK"},{"@type":"Organization","@id":"https:\/\/multi-gyn.com\/sk\/#organization","name":"Multi-Gyn","url":"https:\/\/multi-gyn.com\/sk\/","logo":{"@type":"ImageObject","inLanguage":"sk-SK","@id":"https:\/\/multi-gyn.com\/sk\/#\/schema\/logo\/image\/","url":"https:\/\/multi-gyn.com\/app\/uploads\/sites\/48\/2023\/06\/multi-gyn-logo.png","contentUrl":"https:\/\/multi-gyn.com\/app\/uploads\/sites\/48\/2023\/06\/multi-gyn-logo.png","width":149,"height":32,"caption":"Multi-Gyn"},"image":{"@id":"https:\/\/multi-gyn.com\/sk\/#\/schema\/logo\/image\/"}}]}},"_links":{"self":[{"href":"https:\/\/multi-gyn.com\/sk\/wp-json\/wp\/v2\/product\/295","targetHints":{"allow":["GET"]}}],"collection":[{"href":"https:\/\/multi-gyn.com\/sk\/wp-json\/wp\/v2\/product"}],"about":[{"href":"https:\/\/multi-gyn.com\/sk\/wp-json\/wp\/v2\/types\/product"}],"replies":[{"embeddable":true,"href":"https:\/\/multi-gyn.com\/sk\/wp-json\/wp\/v2\/comments?post=295"}],"version-history":[{"count":7,"href":"https:\/\/multi-gyn.com\/sk\/wp-json\/wp\/v2\/product\/295\/revisions"}],"predecessor-version":[{"id":633,"href":"https:\/\/multi-gyn.com\/sk\/wp-json\/wp\/v2\/product\/295\/revisions\/633"}],"wp:featuredmedia":[{"embeddable":true,"href":"https:\/\/multi-gyn.com\/sk\/wp-json\/wp\/v2\/media\/296"}],"wp:attachment":[{"href":"https:\/\/multi-gyn.com\/sk\/wp-json\/wp\/v2\/media?parent=295"}],"wp:term":[{"taxonomy":"product_brand","embeddable":true,"href":"https:\/\/multi-gyn.com\/sk\/wp-json\/wp\/v2\/product_brand?post=295"},{"taxonomy":"product_cat","embeddable":true,"href":"https:\/\/multi-gyn.com\/sk\/wp-json\/wp\/v2\/product_cat?post=295"},{"taxonomy":"product_tag","embeddable":true,"href":"https:\/\/multi-gyn.com\/sk\/wp-json\/wp\/v2\/product_tag?post=295"}],"curies":[{"name":"wp","href":"https:\/\/api.w.org\/{rel}","templated":true}]}}