{"id":300,"date":"2023-06-05T11:13:27","date_gmt":"2023-06-05T09:13:27","guid":{"rendered":"https:\/\/multi-gyn.com\/sk\/?post_type=product&#038;p=300"},"modified":"2023-09-20T11:47:35","modified_gmt":"2023-09-20T09:47:35","slug":"multi-gyn-liquigel","status":"publish","type":"product","link":"https:\/\/multi-gyn.com\/sk\/produkt\/multi-gyn-liquigel\/","title":{"rendered":"Multi-Gyn LiquiGel"},"content":{"rendered":"\n<div class=\"wp-block-karopharma-accordions is-style-secondary\"><div class=\"container\">\n<details class=\"wp-block-karopharma-accordion\"><summary><h2 class=\"accordion-title\">Ako \u010dasto m\u00e1m pou\u017e\u00edva\u0165 Multi-Gyn LiquiGel?<\/h2><\/summary><div class=\"accordion-content\">\n<p>Naneste Multi-Gyn LiquiGel aspo\u0148 raz za de\u0148, alebo kedyko\u013evek, ke\u010f je potrebn\u00e1 \u00fa\u013eava od probl\u00e9mov.<\/p>\n<\/div><\/details>\n\n\n\n<details class=\"wp-block-karopharma-accordion\"><summary><h2 class=\"accordion-title\">Nie som v menopouze, m\u00f4\u017eem aj napriek tomu pou\u017e\u00edva\u0165 Multi-Gyn LiquiGel?<\/h2><\/summary><div class=\"accordion-content\">\n<p>\u00c1no, Multi-Gyn LiquiGel je vhodn\u00fd pre v\u0161etky \u017eeny, ktor\u00e9 maj\u00fa probl\u00e9my so suchos\u0165ou po\u0161vy. T\u00e1 m\u00f4\u017ee vznika\u0165 z r\u00f4znych d\u00f4vodov ako s\u00fa hormon\u00e1lne zmeny, u\u017e\u00edvanie liekov, chronick\u00e9 choroby, men\u0161tru\u00e1cia, po p\u00f4rode, po pou\u017eit\u00ed tamp\u00f3nov at\u010f.<\/p>\n<\/div><\/details>\n\n\n\n<details class=\"wp-block-karopharma-accordion\"><summary><h2 class=\"accordion-title\">M\u00f4\u017eem pou\u017e\u00edva\u0165 Multi-Gyn LiquiGel ako lubrikant?<\/h2><\/summary><div class=\"accordion-content\">\n<p>\u00c1no, m\u00f4\u017eete, ale Multi-Gyn LiquiGel je ur\u010den\u00fd hlavne na rie\u0161enie probl\u00e9mov u t\u00fdch \u017eien, ktor\u00e9 trpia po\u0161vovou suchos\u0165ou z d\u00f4vodu hormon\u00e1lnych zmien, alebo pravideln\u00e9ho u\u017e\u00edvania liekov. Neexistuje v\u0161ak \u017eiadny d\u00f4vod, pre\u010do nepou\u017e\u00edva\u0165 Multi-Gyn LiquiGel ako lubrikant, ke\u010f\u017ee nem\u00e1 negat\u00edvny \u00fa\u010dinok na prezervat\u00edvy.<\/p>\n<\/div><\/details>\n<\/div><\/div>\n","protected":false},"excerpt":{"rendered":"<p>Zvlh\u010denie a regener\u00e1cia sliznice po\u0161vy s uk\u013eud\u0148uj\u00facim \u00fa\u010dinkom.<\/p>\n","protected":false},"featured_media":301,"comment_status":"closed","ping_status":"closed","template":"","meta":{"_acf_changed":false,"footnotes":""},"product_brand":[],"product_cat":[18],"product_tag":[],"class_list":{"0":"post-300","1":"product","2":"type-product","3":"status-publish","4":"has-post-thumbnail","6":"product_cat-liecba-a-prevencia","8":"first","9":"instock","10":"shipping-taxable","11":"product-type-simple"},"acf":[],"yoast_head":"<!-- This site is optimized with the Yoast SEO plugin v26.6 - https:\/\/yoast.com\/wordpress\/plugins\/seo\/ -->\n<title>Multi-Gyn LiquiGel - Multi-Gyn<\/title>\n<meta name=\"description\" content=\"Zvlh\u010denie a regener\u00e1cia sliznice po\u0161vy. poskytuje okam\u017eit\u00fa \u00fa\u013eavu pri probl\u00e9moch so suchos\u0165ou po\u0161vy a stimuluje jej prirodzen\u00fa vlhkos\u0165\" \/>\n<meta name=\"robots\" content=\"index, follow, max-snippet:-1, max-image-preview:large, max-video-preview:-1\" \/>\n<link rel=\"canonical\" href=\"https:\/\/multi-gyn.com\/sk\/produkt\/multi-gyn-liquigel\/\" \/>\n<meta property=\"og:locale\" content=\"sk_SK\" \/>\n<meta property=\"og:type\" content=\"article\" \/>\n<meta property=\"og:title\" content=\"Multi-Gyn LiquiGel - Multi-Gyn\" \/>\n<meta property=\"og:description\" content=\"Zvlh\u010denie a regener\u00e1cia sliznice po\u0161vy. poskytuje okam\u017eit\u00fa \u00fa\u013eavu pri probl\u00e9moch so suchos\u0165ou po\u0161vy a stimuluje jej prirodzen\u00fa vlhkos\u0165\" \/>\n<meta property=\"og:url\" content=\"https:\/\/multi-gyn.com\/sk\/produkt\/multi-gyn-liquigel\/\" \/>\n<meta property=\"og:site_name\" content=\"Multi-Gyn\" \/>\n<meta property=\"article:modified_time\" content=\"2023-09-20T09:47:35+00:00\" \/>\n<meta property=\"og:image\" content=\"https:\/\/multi-gyn.com\/app\/uploads\/sites\/48\/2023\/06\/Multi-Gyn-LiquiGel.png\" \/>\n\t<meta property=\"og:image:width\" content=\"1024\" \/>\n\t<meta property=\"og:image:height\" content=\"1024\" \/>\n\t<meta property=\"og:image:type\" content=\"image\/png\" \/>\n<meta name=\"twitter:card\" content=\"summary_large_image\" \/>\n<meta name=\"twitter:label1\" content=\"Predpokladan\u00fd \u010das \u010d\u00edtania\" \/>\n\t<meta name=\"twitter:data1\" content=\"1 min\u00fata\" \/>\n<script type=\"application\/ld+json\" class=\"yoast-schema-graph\">{\"@context\":\"https:\/\/schema.org\",\"@graph\":[{\"@type\":\"WebPage\",\"@id\":\"https:\/\/multi-gyn.com\/sk\/produkt\/multi-gyn-liquigel\/\",\"url\":\"https:\/\/multi-gyn.com\/sk\/produkt\/multi-gyn-liquigel\/\",\"name\":\"Multi-Gyn LiquiGel - Multi-Gyn\",\"isPartOf\":{\"@id\":\"https:\/\/multi-gyn.com\/sk\/#website\"},\"primaryImageOfPage\":{\"@id\":\"https:\/\/multi-gyn.com\/sk\/produkt\/multi-gyn-liquigel\/#primaryimage\"},\"image\":{\"@id\":\"https:\/\/multi-gyn.com\/sk\/produkt\/multi-gyn-liquigel\/#primaryimage\"},\"thumbnailUrl\":\"https:\/\/multi-gyn.com\/app\/uploads\/sites\/48\/2023\/06\/Multi-Gyn-LiquiGel.png\",\"datePublished\":\"2023-06-05T09:13:27+00:00\",\"dateModified\":\"2023-09-20T09:47:35+00:00\",\"description\":\"Zvlh\u010denie a regener\u00e1cia sliznice po\u0161vy. poskytuje okam\u017eit\u00fa \u00fa\u013eavu pri probl\u00e9moch so suchos\u0165ou po\u0161vy a stimuluje jej prirodzen\u00fa vlhkos\u0165\",\"breadcrumb\":{\"@id\":\"https:\/\/multi-gyn.com\/sk\/produkt\/multi-gyn-liquigel\/#breadcrumb\"},\"inLanguage\":\"sk-SK\",\"potentialAction\":[{\"@type\":\"ReadAction\",\"target\":[\"https:\/\/multi-gyn.com\/sk\/produkt\/multi-gyn-liquigel\/\"]}]},{\"@type\":\"ImageObject\",\"inLanguage\":\"sk-SK\",\"@id\":\"https:\/\/multi-gyn.com\/sk\/produkt\/multi-gyn-liquigel\/#primaryimage\",\"url\":\"https:\/\/multi-gyn.com\/app\/uploads\/sites\/48\/2023\/06\/Multi-Gyn-LiquiGel.png\",\"contentUrl\":\"https:\/\/multi-gyn.com\/app\/uploads\/sites\/48\/2023\/06\/Multi-Gyn-LiquiGel.png\",\"width\":1024,\"height\":1024,\"caption\":\"Multi-Gyn LiquiGel\"},{\"@type\":\"BreadcrumbList\",\"@id\":\"https:\/\/multi-gyn.com\/sk\/produkt\/multi-gyn-liquigel\/#breadcrumb\",\"itemListElement\":[{\"@type\":\"ListItem\",\"position\":1,\"name\":\"Home\",\"item\":\"https:\/\/multi-gyn.com\/sk\/\"},{\"@type\":\"ListItem\",\"position\":2,\"name\":\"Produkty\",\"item\":\"https:\/\/multi-gyn.com\/sk\/produkty\/\"},{\"@type\":\"ListItem\",\"position\":3,\"name\":\"Multi-Gyn LiquiGel\"}]},{\"@type\":\"WebSite\",\"@id\":\"https:\/\/multi-gyn.com\/sk\/#website\",\"url\":\"https:\/\/multi-gyn.com\/sk\/\",\"name\":\"Multi-Gyn\",\"description\":\"\",\"publisher\":{\"@id\":\"https:\/\/multi-gyn.com\/sk\/#organization\"},\"potentialAction\":[{\"@type\":\"SearchAction\",\"target\":{\"@type\":\"EntryPoint\",\"urlTemplate\":\"https:\/\/multi-gyn.com\/sk\/?s={search_term_string}\"},\"query-input\":{\"@type\":\"PropertyValueSpecification\",\"valueRequired\":true,\"valueName\":\"search_term_string\"}}],\"inLanguage\":\"sk-SK\"},{\"@type\":\"Organization\",\"@id\":\"https:\/\/multi-gyn.com\/sk\/#organization\",\"name\":\"Multi-Gyn\",\"url\":\"https:\/\/multi-gyn.com\/sk\/\",\"logo\":{\"@type\":\"ImageObject\",\"inLanguage\":\"sk-SK\",\"@id\":\"https:\/\/multi-gyn.com\/sk\/#\/schema\/logo\/image\/\",\"url\":\"https:\/\/multi-gyn.com\/app\/uploads\/sites\/48\/2023\/06\/multi-gyn-logo.png\",\"contentUrl\":\"https:\/\/multi-gyn.com\/app\/uploads\/sites\/48\/2023\/06\/multi-gyn-logo.png\",\"width\":149,\"height\":32,\"caption\":\"Multi-Gyn\"},\"image\":{\"@id\":\"https:\/\/multi-gyn.com\/sk\/#\/schema\/logo\/image\/\"}}]}<\/script>\n<!-- \/ Yoast SEO plugin. -->","yoast_head_json":{"title":"Multi-Gyn LiquiGel - Multi-Gyn","description":"Zvlh\u010denie a regener\u00e1cia sliznice po\u0161vy. poskytuje okam\u017eit\u00fa \u00fa\u013eavu pri probl\u00e9moch so suchos\u0165ou po\u0161vy a stimuluje jej prirodzen\u00fa vlhkos\u0165","robots":{"index":"index","follow":"follow","max-snippet":"max-snippet:-1","max-image-preview":"max-image-preview:large","max-video-preview":"max-video-preview:-1"},"canonical":"https:\/\/multi-gyn.com\/sk\/produkt\/multi-gyn-liquigel\/","og_locale":"sk_SK","og_type":"article","og_title":"Multi-Gyn LiquiGel - Multi-Gyn","og_description":"Zvlh\u010denie a regener\u00e1cia sliznice po\u0161vy. poskytuje okam\u017eit\u00fa \u00fa\u013eavu pri probl\u00e9moch so suchos\u0165ou po\u0161vy a stimuluje jej prirodzen\u00fa vlhkos\u0165","og_url":"https:\/\/multi-gyn.com\/sk\/produkt\/multi-gyn-liquigel\/","og_site_name":"Multi-Gyn","article_modified_time":"2023-09-20T09:47:35+00:00","og_image":[{"width":1024,"height":1024,"url":"https:\/\/multi-gyn.com\/app\/uploads\/sites\/48\/2023\/06\/Multi-Gyn-LiquiGel.png","type":"image\/png"}],"twitter_card":"summary_large_image","twitter_misc":{"Predpokladan\u00fd \u010das \u010d\u00edtania":"1 min\u00fata"},"schema":{"@context":"https:\/\/schema.org","@graph":[{"@type":"WebPage","@id":"https:\/\/multi-gyn.com\/sk\/produkt\/multi-gyn-liquigel\/","url":"https:\/\/multi-gyn.com\/sk\/produkt\/multi-gyn-liquigel\/","name":"Multi-Gyn LiquiGel - Multi-Gyn","isPartOf":{"@id":"https:\/\/multi-gyn.com\/sk\/#website"},"primaryImageOfPage":{"@id":"https:\/\/multi-gyn.com\/sk\/produkt\/multi-gyn-liquigel\/#primaryimage"},"image":{"@id":"https:\/\/multi-gyn.com\/sk\/produkt\/multi-gyn-liquigel\/#primaryimage"},"thumbnailUrl":"https:\/\/multi-gyn.com\/app\/uploads\/sites\/48\/2023\/06\/Multi-Gyn-LiquiGel.png","datePublished":"2023-06-05T09:13:27+00:00","dateModified":"2023-09-20T09:47:35+00:00","description":"Zvlh\u010denie a regener\u00e1cia sliznice po\u0161vy. poskytuje okam\u017eit\u00fa \u00fa\u013eavu pri probl\u00e9moch so suchos\u0165ou po\u0161vy a stimuluje jej prirodzen\u00fa vlhkos\u0165","breadcrumb":{"@id":"https:\/\/multi-gyn.com\/sk\/produkt\/multi-gyn-liquigel\/#breadcrumb"},"inLanguage":"sk-SK","potentialAction":[{"@type":"ReadAction","target":["https:\/\/multi-gyn.com\/sk\/produkt\/multi-gyn-liquigel\/"]}]},{"@type":"ImageObject","inLanguage":"sk-SK","@id":"https:\/\/multi-gyn.com\/sk\/produkt\/multi-gyn-liquigel\/#primaryimage","url":"https:\/\/multi-gyn.com\/app\/uploads\/sites\/48\/2023\/06\/Multi-Gyn-LiquiGel.png","contentUrl":"https:\/\/multi-gyn.com\/app\/uploads\/sites\/48\/2023\/06\/Multi-Gyn-LiquiGel.png","width":1024,"height":1024,"caption":"Multi-Gyn LiquiGel"},{"@type":"BreadcrumbList","@id":"https:\/\/multi-gyn.com\/sk\/produkt\/multi-gyn-liquigel\/#breadcrumb","itemListElement":[{"@type":"ListItem","position":1,"name":"Home","item":"https:\/\/multi-gyn.com\/sk\/"},{"@type":"ListItem","position":2,"name":"Produkty","item":"https:\/\/multi-gyn.com\/sk\/produkty\/"},{"@type":"ListItem","position":3,"name":"Multi-Gyn LiquiGel"}]},{"@type":"WebSite","@id":"https:\/\/multi-gyn.com\/sk\/#website","url":"https:\/\/multi-gyn.com\/sk\/","name":"Multi-Gyn","description":"","publisher":{"@id":"https:\/\/multi-gyn.com\/sk\/#organization"},"potentialAction":[{"@type":"SearchAction","target":{"@type":"EntryPoint","urlTemplate":"https:\/\/multi-gyn.com\/sk\/?s={search_term_string}"},"query-input":{"@type":"PropertyValueSpecification","valueRequired":true,"valueName":"search_term_string"}}],"inLanguage":"sk-SK"},{"@type":"Organization","@id":"https:\/\/multi-gyn.com\/sk\/#organization","name":"Multi-Gyn","url":"https:\/\/multi-gyn.com\/sk\/","logo":{"@type":"ImageObject","inLanguage":"sk-SK","@id":"https:\/\/multi-gyn.com\/sk\/#\/schema\/logo\/image\/","url":"https:\/\/multi-gyn.com\/app\/uploads\/sites\/48\/2023\/06\/multi-gyn-logo.png","contentUrl":"https:\/\/multi-gyn.com\/app\/uploads\/sites\/48\/2023\/06\/multi-gyn-logo.png","width":149,"height":32,"caption":"Multi-Gyn"},"image":{"@id":"https:\/\/multi-gyn.com\/sk\/#\/schema\/logo\/image\/"}}]}},"_links":{"self":[{"href":"https:\/\/multi-gyn.com\/sk\/wp-json\/wp\/v2\/product\/300","targetHints":{"allow":["GET"]}}],"collection":[{"href":"https:\/\/multi-gyn.com\/sk\/wp-json\/wp\/v2\/product"}],"about":[{"href":"https:\/\/multi-gyn.com\/sk\/wp-json\/wp\/v2\/types\/product"}],"replies":[{"embeddable":true,"href":"https:\/\/multi-gyn.com\/sk\/wp-json\/wp\/v2\/comments?post=300"}],"version-history":[{"count":6,"href":"https:\/\/multi-gyn.com\/sk\/wp-json\/wp\/v2\/product\/300\/revisions"}],"predecessor-version":[{"id":346,"href":"https:\/\/multi-gyn.com\/sk\/wp-json\/wp\/v2\/product\/300\/revisions\/346"}],"wp:featuredmedia":[{"embeddable":true,"href":"https:\/\/multi-gyn.com\/sk\/wp-json\/wp\/v2\/media\/301"}],"wp:attachment":[{"href":"https:\/\/multi-gyn.com\/sk\/wp-json\/wp\/v2\/media?parent=300"}],"wp:term":[{"taxonomy":"product_brand","embeddable":true,"href":"https:\/\/multi-gyn.com\/sk\/wp-json\/wp\/v2\/product_brand?post=300"},{"taxonomy":"product_cat","embeddable":true,"href":"https:\/\/multi-gyn.com\/sk\/wp-json\/wp\/v2\/product_cat?post=300"},{"taxonomy":"product_tag","embeddable":true,"href":"https:\/\/multi-gyn.com\/sk\/wp-json\/wp\/v2\/product_tag?post=300"}],"curies":[{"name":"wp","href":"https:\/\/api.w.org\/{rel}","templated":true}]}}