{"id":308,"date":"2023-06-05T11:17:54","date_gmt":"2023-06-05T09:17:54","guid":{"rendered":"https:\/\/multi-gyn.com\/sk\/?post_type=product&#038;p=308"},"modified":"2023-09-20T11:47:31","modified_gmt":"2023-09-20T09:47:31","slug":"multi-gyn-combi-pack","status":"publish","type":"product","link":"https:\/\/multi-gyn.com\/sk\/produkt\/multi-gyn-combi-pack\/","title":{"rendered":"Multi-Gyn Combi Pack"},"content":{"rendered":"\n<div class=\"wp-block-karopharma-accordions is-style-secondary\"><div class=\"container\">\n<details class=\"wp-block-karopharma-accordion\"><summary><h2 class=\"accordion-title\">Ako \u010dasto m\u00f4\u017eem pou\u017e\u00edva\u0165 Multi-Gyn Vaginal Douche?<\/h2><\/summary><div class=\"accordion-content\">\n<p>Multi-Gyn Vaginal Douche odpor\u00fa\u010dame pou\u017e\u00edva\u0165 po men\u0161tru\u00e1cii, alebo po pohlavnom styku. Nie je potrebn\u00e9 pou\u017e\u00edva\u0165 po\u0161vov\u00fa sprchu \u010dastej\u0161ie.<\/p>\n<\/div><\/details>\n\n\n\n<details class=\"wp-block-karopharma-accordion\"><summary><h2 class=\"accordion-title\">M\u00f4\u017eem pou\u017ei\u0165 Multi-Gyn Tablety bez po\u0161vovej sprchy?<\/h2><\/summary><div class=\"accordion-content\">\n<p>Nie, s\u00fa ur\u010den\u00e9 iba na pou\u017eitie v kombin\u00e1cii s po\u0161vovou sprchou.<\/p>\n<\/div><\/details>\n\n\n\n<details class=\"wp-block-karopharma-accordion\"><summary><h2 class=\"accordion-title\">Mus\u00edm pou\u017ei\u0165 v\u0161etku tekutinu?<\/h2><\/summary><div class=\"accordion-content\">\n<p>Nie, jedno jemn\u00e9 stla\u010denie je dosta\u010duj\u00face.<\/p>\n<\/div><\/details>\n\n\n\n<details class=\"wp-block-karopharma-accordion\"><summary><h2 class=\"accordion-title\">M\u00f4\u017eem pou\u017ei\u0165 tekutinu z po\u0161vovej sprchy opakovane?<\/h2><\/summary><div class=\"accordion-content\">\n<p>Nie, ur\u010dite nie. Tekutina m\u00f4\u017ee by\u0165 pou\u017eit\u00e1 len raz.<\/p>\n<\/div><\/details>\n\n\n\n<details class=\"wp-block-karopharma-accordion\"><summary><h2 class=\"accordion-title\">Je zlo\u017eit\u00e9 spr\u00e1vne zavies\u0165 Multi-Gyn Vaginal Douche?<\/h2><\/summary><div class=\"accordion-content\">\n<p>Nie, pou\u017e\u00edvanie po\u0161vovej sprchy nie je v\u00f4bec \u0165a\u017ek\u00e9. Potrebujete by\u0165 len uvo\u013enen\u00e1 a pohodlne sedie\u0165, alebo le\u017ea\u0165. Pre viacej inform\u00e1ci\u00ed o pou\u017e\u00edvan\u00ed Multi-Gyn Vaginal Douche si pros\u00edm pre\u010d\u00edtajte prilo\u017een\u00fd pr\u00edbalov\u00fd let\u00e1k.<\/p>\n<\/div><\/details>\n\n\n\n<details class=\"wp-block-karopharma-accordion\"><summary><h2 class=\"accordion-title\">M\u00f4\u017eem pou\u017e\u00edva\u0165 Multi-Gyn Vaginal Douche aj s \u010distou vodou?<\/h2><\/summary><div class=\"accordion-content\">\n<p>\u00c1no, Multi-Gyn Vaginal Douche m\u00f4\u017eete pou\u017e\u00edva\u0165 aj s \u010distou vla\u017enou vodou.<\/p>\n<\/div><\/details>\n<\/div><\/div>\n","protected":false},"excerpt":{"rendered":"<p>Po\u0161vov\u00e1 sprcha a \u0161umiv\u00e9 tablety na pr\u00edpravu vyplachovacieho roztoku (v\u00fdplach po\u0161vy).<\/p>\n","protected":false},"featured_media":309,"comment_status":"closed","ping_status":"closed","template":"","meta":{"_acf_changed":false,"footnotes":""},"product_brand":[],"product_cat":[19],"product_tag":[],"class_list":{"0":"post-308","1":"product","2":"type-product","3":"status-publish","4":"has-post-thumbnail","6":"product_cat-starostlivost-o-posvu","8":"first","9":"instock","10":"shipping-taxable","11":"product-type-simple"},"acf":[],"yoast_head":"<!-- This site is optimized with the Yoast SEO plugin v26.6 - https:\/\/yoast.com\/wordpress\/plugins\/seo\/ -->\n<title>Multi-Gyn Combi Pack - Multi-Gyn<\/title>\n<meta name=\"description\" content=\"Po\u0161vov\u00e1 sprcha (pom\u00f4cka na int\u00edmnu hygienu) a tuba s desiatimi rozpustn\u00fdmi tabletami na v\u00fdplach po\u0161vy\" \/>\n<meta name=\"robots\" content=\"index, follow, max-snippet:-1, max-image-preview:large, max-video-preview:-1\" \/>\n<link rel=\"canonical\" href=\"https:\/\/multi-gyn.com\/sk\/produkt\/multi-gyn-combi-pack\/\" \/>\n<meta property=\"og:locale\" content=\"sk_SK\" \/>\n<meta property=\"og:type\" content=\"article\" \/>\n<meta property=\"og:title\" content=\"Multi-Gyn Combi Pack - Multi-Gyn\" \/>\n<meta property=\"og:description\" content=\"Po\u0161vov\u00e1 sprcha (pom\u00f4cka na int\u00edmnu hygienu) a tuba s desiatimi rozpustn\u00fdmi tabletami na v\u00fdplach po\u0161vy\" \/>\n<meta property=\"og:url\" content=\"https:\/\/multi-gyn.com\/sk\/produkt\/multi-gyn-combi-pack\/\" \/>\n<meta property=\"og:site_name\" content=\"Multi-Gyn\" \/>\n<meta property=\"article:modified_time\" content=\"2023-09-20T09:47:31+00:00\" \/>\n<meta property=\"og:image\" content=\"https:\/\/multi-gyn.com\/app\/uploads\/sites\/48\/2023\/06\/Multi-Gyn-VaginalDouche.png\" \/>\n\t<meta property=\"og:image:width\" content=\"800\" \/>\n\t<meta property=\"og:image:height\" content=\"800\" \/>\n\t<meta property=\"og:image:type\" content=\"image\/png\" \/>\n<meta name=\"twitter:card\" content=\"summary_large_image\" \/>\n<meta name=\"twitter:label1\" content=\"Predpokladan\u00fd \u010das \u010d\u00edtania\" \/>\n\t<meta name=\"twitter:data1\" content=\"1 min\u00fata\" \/>\n<script type=\"application\/ld+json\" class=\"yoast-schema-graph\">{\"@context\":\"https:\/\/schema.org\",\"@graph\":[{\"@type\":\"WebPage\",\"@id\":\"https:\/\/multi-gyn.com\/sk\/produkt\/multi-gyn-combi-pack\/\",\"url\":\"https:\/\/multi-gyn.com\/sk\/produkt\/multi-gyn-combi-pack\/\",\"name\":\"Multi-Gyn Combi Pack - Multi-Gyn\",\"isPartOf\":{\"@id\":\"https:\/\/multi-gyn.com\/sk\/#website\"},\"primaryImageOfPage\":{\"@id\":\"https:\/\/multi-gyn.com\/sk\/produkt\/multi-gyn-combi-pack\/#primaryimage\"},\"image\":{\"@id\":\"https:\/\/multi-gyn.com\/sk\/produkt\/multi-gyn-combi-pack\/#primaryimage\"},\"thumbnailUrl\":\"https:\/\/multi-gyn.com\/app\/uploads\/sites\/48\/2023\/06\/Multi-Gyn-VaginalDouche.png\",\"datePublished\":\"2023-06-05T09:17:54+00:00\",\"dateModified\":\"2023-09-20T09:47:31+00:00\",\"description\":\"Po\u0161vov\u00e1 sprcha (pom\u00f4cka na int\u00edmnu hygienu) a tuba s desiatimi rozpustn\u00fdmi tabletami na v\u00fdplach po\u0161vy\",\"breadcrumb\":{\"@id\":\"https:\/\/multi-gyn.com\/sk\/produkt\/multi-gyn-combi-pack\/#breadcrumb\"},\"inLanguage\":\"sk-SK\",\"potentialAction\":[{\"@type\":\"ReadAction\",\"target\":[\"https:\/\/multi-gyn.com\/sk\/produkt\/multi-gyn-combi-pack\/\"]}]},{\"@type\":\"ImageObject\",\"inLanguage\":\"sk-SK\",\"@id\":\"https:\/\/multi-gyn.com\/sk\/produkt\/multi-gyn-combi-pack\/#primaryimage\",\"url\":\"https:\/\/multi-gyn.com\/app\/uploads\/sites\/48\/2023\/06\/Multi-Gyn-VaginalDouche.png\",\"contentUrl\":\"https:\/\/multi-gyn.com\/app\/uploads\/sites\/48\/2023\/06\/Multi-Gyn-VaginalDouche.png\",\"width\":800,\"height\":800,\"caption\":\"Multi-Gyn Combi Pack\"},{\"@type\":\"BreadcrumbList\",\"@id\":\"https:\/\/multi-gyn.com\/sk\/produkt\/multi-gyn-combi-pack\/#breadcrumb\",\"itemListElement\":[{\"@type\":\"ListItem\",\"position\":1,\"name\":\"Home\",\"item\":\"https:\/\/multi-gyn.com\/sk\/\"},{\"@type\":\"ListItem\",\"position\":2,\"name\":\"Produkty\",\"item\":\"https:\/\/multi-gyn.com\/sk\/produkty\/\"},{\"@type\":\"ListItem\",\"position\":3,\"name\":\"Multi-Gyn Combi Pack\"}]},{\"@type\":\"WebSite\",\"@id\":\"https:\/\/multi-gyn.com\/sk\/#website\",\"url\":\"https:\/\/multi-gyn.com\/sk\/\",\"name\":\"Multi-Gyn\",\"description\":\"\",\"publisher\":{\"@id\":\"https:\/\/multi-gyn.com\/sk\/#organization\"},\"potentialAction\":[{\"@type\":\"SearchAction\",\"target\":{\"@type\":\"EntryPoint\",\"urlTemplate\":\"https:\/\/multi-gyn.com\/sk\/?s={search_term_string}\"},\"query-input\":{\"@type\":\"PropertyValueSpecification\",\"valueRequired\":true,\"valueName\":\"search_term_string\"}}],\"inLanguage\":\"sk-SK\"},{\"@type\":\"Organization\",\"@id\":\"https:\/\/multi-gyn.com\/sk\/#organization\",\"name\":\"Multi-Gyn\",\"url\":\"https:\/\/multi-gyn.com\/sk\/\",\"logo\":{\"@type\":\"ImageObject\",\"inLanguage\":\"sk-SK\",\"@id\":\"https:\/\/multi-gyn.com\/sk\/#\/schema\/logo\/image\/\",\"url\":\"https:\/\/multi-gyn.com\/app\/uploads\/sites\/48\/2023\/06\/multi-gyn-logo.png\",\"contentUrl\":\"https:\/\/multi-gyn.com\/app\/uploads\/sites\/48\/2023\/06\/multi-gyn-logo.png\",\"width\":149,\"height\":32,\"caption\":\"Multi-Gyn\"},\"image\":{\"@id\":\"https:\/\/multi-gyn.com\/sk\/#\/schema\/logo\/image\/\"}}]}<\/script>\n<!-- \/ Yoast SEO plugin. -->","yoast_head_json":{"title":"Multi-Gyn Combi Pack - Multi-Gyn","description":"Po\u0161vov\u00e1 sprcha (pom\u00f4cka na int\u00edmnu hygienu) a tuba s desiatimi rozpustn\u00fdmi tabletami na v\u00fdplach po\u0161vy","robots":{"index":"index","follow":"follow","max-snippet":"max-snippet:-1","max-image-preview":"max-image-preview:large","max-video-preview":"max-video-preview:-1"},"canonical":"https:\/\/multi-gyn.com\/sk\/produkt\/multi-gyn-combi-pack\/","og_locale":"sk_SK","og_type":"article","og_title":"Multi-Gyn Combi Pack - Multi-Gyn","og_description":"Po\u0161vov\u00e1 sprcha (pom\u00f4cka na int\u00edmnu hygienu) a tuba s desiatimi rozpustn\u00fdmi tabletami na v\u00fdplach po\u0161vy","og_url":"https:\/\/multi-gyn.com\/sk\/produkt\/multi-gyn-combi-pack\/","og_site_name":"Multi-Gyn","article_modified_time":"2023-09-20T09:47:31+00:00","og_image":[{"width":800,"height":800,"url":"https:\/\/multi-gyn.com\/app\/uploads\/sites\/48\/2023\/06\/Multi-Gyn-VaginalDouche.png","type":"image\/png"}],"twitter_card":"summary_large_image","twitter_misc":{"Predpokladan\u00fd \u010das \u010d\u00edtania":"1 min\u00fata"},"schema":{"@context":"https:\/\/schema.org","@graph":[{"@type":"WebPage","@id":"https:\/\/multi-gyn.com\/sk\/produkt\/multi-gyn-combi-pack\/","url":"https:\/\/multi-gyn.com\/sk\/produkt\/multi-gyn-combi-pack\/","name":"Multi-Gyn Combi Pack - Multi-Gyn","isPartOf":{"@id":"https:\/\/multi-gyn.com\/sk\/#website"},"primaryImageOfPage":{"@id":"https:\/\/multi-gyn.com\/sk\/produkt\/multi-gyn-combi-pack\/#primaryimage"},"image":{"@id":"https:\/\/multi-gyn.com\/sk\/produkt\/multi-gyn-combi-pack\/#primaryimage"},"thumbnailUrl":"https:\/\/multi-gyn.com\/app\/uploads\/sites\/48\/2023\/06\/Multi-Gyn-VaginalDouche.png","datePublished":"2023-06-05T09:17:54+00:00","dateModified":"2023-09-20T09:47:31+00:00","description":"Po\u0161vov\u00e1 sprcha (pom\u00f4cka na int\u00edmnu hygienu) a tuba s desiatimi rozpustn\u00fdmi tabletami na v\u00fdplach po\u0161vy","breadcrumb":{"@id":"https:\/\/multi-gyn.com\/sk\/produkt\/multi-gyn-combi-pack\/#breadcrumb"},"inLanguage":"sk-SK","potentialAction":[{"@type":"ReadAction","target":["https:\/\/multi-gyn.com\/sk\/produkt\/multi-gyn-combi-pack\/"]}]},{"@type":"ImageObject","inLanguage":"sk-SK","@id":"https:\/\/multi-gyn.com\/sk\/produkt\/multi-gyn-combi-pack\/#primaryimage","url":"https:\/\/multi-gyn.com\/app\/uploads\/sites\/48\/2023\/06\/Multi-Gyn-VaginalDouche.png","contentUrl":"https:\/\/multi-gyn.com\/app\/uploads\/sites\/48\/2023\/06\/Multi-Gyn-VaginalDouche.png","width":800,"height":800,"caption":"Multi-Gyn Combi Pack"},{"@type":"BreadcrumbList","@id":"https:\/\/multi-gyn.com\/sk\/produkt\/multi-gyn-combi-pack\/#breadcrumb","itemListElement":[{"@type":"ListItem","position":1,"name":"Home","item":"https:\/\/multi-gyn.com\/sk\/"},{"@type":"ListItem","position":2,"name":"Produkty","item":"https:\/\/multi-gyn.com\/sk\/produkty\/"},{"@type":"ListItem","position":3,"name":"Multi-Gyn Combi Pack"}]},{"@type":"WebSite","@id":"https:\/\/multi-gyn.com\/sk\/#website","url":"https:\/\/multi-gyn.com\/sk\/","name":"Multi-Gyn","description":"","publisher":{"@id":"https:\/\/multi-gyn.com\/sk\/#organization"},"potentialAction":[{"@type":"SearchAction","target":{"@type":"EntryPoint","urlTemplate":"https:\/\/multi-gyn.com\/sk\/?s={search_term_string}"},"query-input":{"@type":"PropertyValueSpecification","valueRequired":true,"valueName":"search_term_string"}}],"inLanguage":"sk-SK"},{"@type":"Organization","@id":"https:\/\/multi-gyn.com\/sk\/#organization","name":"Multi-Gyn","url":"https:\/\/multi-gyn.com\/sk\/","logo":{"@type":"ImageObject","inLanguage":"sk-SK","@id":"https:\/\/multi-gyn.com\/sk\/#\/schema\/logo\/image\/","url":"https:\/\/multi-gyn.com\/app\/uploads\/sites\/48\/2023\/06\/multi-gyn-logo.png","contentUrl":"https:\/\/multi-gyn.com\/app\/uploads\/sites\/48\/2023\/06\/multi-gyn-logo.png","width":149,"height":32,"caption":"Multi-Gyn"},"image":{"@id":"https:\/\/multi-gyn.com\/sk\/#\/schema\/logo\/image\/"}}]}},"_links":{"self":[{"href":"https:\/\/multi-gyn.com\/sk\/wp-json\/wp\/v2\/product\/308","targetHints":{"allow":["GET"]}}],"collection":[{"href":"https:\/\/multi-gyn.com\/sk\/wp-json\/wp\/v2\/product"}],"about":[{"href":"https:\/\/multi-gyn.com\/sk\/wp-json\/wp\/v2\/types\/product"}],"replies":[{"embeddable":true,"href":"https:\/\/multi-gyn.com\/sk\/wp-json\/wp\/v2\/comments?post=308"}],"version-history":[{"count":5,"href":"https:\/\/multi-gyn.com\/sk\/wp-json\/wp\/v2\/product\/308\/revisions"}],"predecessor-version":[{"id":337,"href":"https:\/\/multi-gyn.com\/sk\/wp-json\/wp\/v2\/product\/308\/revisions\/337"}],"wp:featuredmedia":[{"embeddable":true,"href":"https:\/\/multi-gyn.com\/sk\/wp-json\/wp\/v2\/media\/309"}],"wp:attachment":[{"href":"https:\/\/multi-gyn.com\/sk\/wp-json\/wp\/v2\/media?parent=308"}],"wp:term":[{"taxonomy":"product_brand","embeddable":true,"href":"https:\/\/multi-gyn.com\/sk\/wp-json\/wp\/v2\/product_brand?post=308"},{"taxonomy":"product_cat","embeddable":true,"href":"https:\/\/multi-gyn.com\/sk\/wp-json\/wp\/v2\/product_cat?post=308"},{"taxonomy":"product_tag","embeddable":true,"href":"https:\/\/multi-gyn.com\/sk\/wp-json\/wp\/v2\/product_tag?post=308"}],"curies":[{"name":"wp","href":"https:\/\/api.w.org\/{rel}","templated":true}]}}