{"id":100,"date":"2023-05-11T04:37:08","date_gmt":"2023-05-11T07:37:08","guid":{"rendered":"https:\/\/multi-gyn.com\/uy\/?page_id=100"},"modified":"2023-05-11T10:57:12","modified_gmt":"2023-05-11T13:57:12","slug":"son-buenos-los-banos-de-vapor-para-tu-vagina","status":"publish","type":"page","link":"https:\/\/multi-gyn.com\/uy\/salud-vaginal\/cuidado\/son-buenos-los-banos-de-vapor-para-tu-vagina\/","title":{"rendered":"Son buenos los ba\u00f1os de vapor para tu vagina?"},"content":{"rendered":"\n<div class=\"wp-block-karopharma-free-text pt-large pb-large bg-center bg-cover bg-no-repeat  is-style-primary\" style=\"background-image:url()\"><div class=\"free-text-wrapper container max-w-medium text-left\">\n<h1 class=\"is-style-heading-h1 wp-block-heading\">Son buenos los ba\u00f1os de vapor para tu vagina?<\/h1>\n\n\n\n<p class=\"is-style-paragraph-preamble\"><strong>El ba\u00f1o de vapor vaginal<\/strong>, o del yoni, es una antigua pr\u00e1ctica en el que la mujer se pone de cuclillas o se sienta sobre <strong>vapor de agua<\/strong> que contiene hierbas como artemisa, romero, ajenjo y albahaca. El ba\u00f1o de vapor es un ritual limpiador y vigorizante que se supone que ayuda al equilibrio de las hormonas femeninas. Entre los profesionales de la salud existen opiniones muy diversas sobre el valor de limpiar manualmente tu vagina mediante la ducha vaginal o utilizar otras t\u00e9cnicas, como el ba\u00f1o de vapor vaginal. Esto se debe a que la vagina es muy eficaz limpi\u00e1ndose ella misma y cualquier pauta de limpieza agresiva, en cualquier m\u00e9todo, puede hacer m\u00e1s mal que bien. En la p\u00e1gina web de Gwyneth Paltrow, \u00e1mpliamente le\u00edda por mujeres, aparec\u00edan comentarios entusiastas acerca de los beneficios del ba\u00f1o de vapor vaginal, sin embargo nosotros no estamos convencidos. Te contamos el porqu\u00e9:<\/p>\n<\/div><\/div>\n\n\n\n<div class=\"wp-block-karopharma-free-text pt-large pb-large bg-center bg-cover bg-no-repeat  is-style-transparent\" style=\"background-image:url()\"><div class=\"free-text-wrapper container max-w-medium text-left\">\n<h2 class=\"is-style-heading-h2 wp-block-heading\">\u00bfVale la pena el ba\u00f1o de vapor vaginal?<\/h2>\n\n\n\n<p>Creemos que no.<\/p>\n\n\n\n<p>El vapor est\u00e1 muy, muy caliente, normalmente por encima del punto de ebullici\u00f3n. El riesgo de quemarte la vulva y el tejido vaginal es muy alto. Esto ser\u00eda extremadamente doloroso e inc\u00f3modo, y podr\u00eda conducir a otros problemas como infecci\u00f3n en el lugar de la quemadura. As\u00ed como el da\u00f1o potencial a la vulva, el resto del perineo, incluyendo <a href=\"https:\/\/multi-gyn.com\/uy\/salud-vaginal\/general\/anatomia-de-la-vagina\/\">el ano y la uretra<\/a>, podr\u00edan sufrir da\u00f1os por una mala direcci\u00f3n del vapor. Esto ser\u00eda doloroso y podr\u00eda dar lugar a m\u00e1s complicaciones.<\/p>\n\n\n\n<p>Limpiar tu vagina con vapor puede producir sequedad y alterar el equilibrio natural de las bacterias que viven en la vagina. <a href=\"https:\/\/multi-gyn.com\/uy\/salud-vaginal\/molestias\/resequedad-vaginal-causas-y-tratamiento\/\">La sequedad vaginal<\/a> es inc\u00f3moda y el desequilibrio de la flora vaginal puede provocar problemas bacterianos, tales como inflamaci\u00f3n, picor e irritaci\u00f3n, vaginosis bacteriana y candidiasis vaginal.<\/p>\n\n\n\n<p>La afirmaci\u00f3n de equilibrar las hormonas no es v\u00e1lida. Las hormonas no se producen en la vagina o \u00fatero, y el vapor no llega a los ovarios para afectar a las hormonas que ah\u00ed se producen.<\/p>\n\n\n\n<p>La eficacia del vapor como \u201climpiador del \u00fatero\u201d es tambi\u00e9n muy cuestionable. No es probable que el vapor que entre en la vagina llegue al \u00fatero, y cualquier flora uterina all\u00ed presente deber\u00eda respetarse y no ser limpiada.<\/p>\n\n\n\n<h2 class=\"is-style-heading-h2 wp-block-heading\">\u00bfEs la ducha vaginal una mejor opci\u00f3n?<\/h2>\n\n\n\n<p>Las mujeres que utilizan un mango de ducha para limpiar su vulva pueden estar realizando una ducha vaginal, sean o no conscientes. La ducha no es necesaria, ya que la vagina se limpia a s\u00ed misma de manera eficaz. Sin embargo, hay situaciones y momentos espec\u00edficos en los que para algunas mujeres puede ser de ayuda utilizar una ducha vaginal especialmente dise\u00f1ada para ello.<\/p>\n\n\n\n<p>No recomendamos utilizar la ducha vaginal cada d\u00eda. Es probable que quieras utilizar una ducha suave y natural despu\u00e9s del periodo o tras las relaciones sexuales. No hay necesidad de utilizar la ducha vaginal con m\u00e1s frecuencia que eso.<\/p>\n\n\n\n<p>Elige cuidadosamente un fluido de ducha suave y natural, y un dise\u00f1o de ducha ergon\u00f3mico y f\u00e1cil de usar, como es Multi-Gyn Ducha Vaginal. Ten siempre cuidado cuando insertes alg\u00fan objeto en tu vagina y aseg\u00farate de estar tranquila y c\u00f3moda antes de intentarlo.<\/p>\n<\/div><\/div>\n","protected":false},"excerpt":{"rendered":"","protected":false},"author":2,"featured_media":0,"parent":25,"menu_order":2,"comment_status":"closed","ping_status":"closed","template":"","meta":{"_acf_changed":false,"footnotes":""},"from-article-database":[],"class_list":["post-100","page","type-page","status-publish","hentry"],"acf":[],"yoast_head":"<!-- This site is optimized with the Yoast SEO plugin v26.6 - https:\/\/yoast.com\/wordpress\/plugins\/seo\/ -->\n<title>Son buenos los ba\u00f1os de vapor para tu vagina? - Multi-Gyn<\/title>\n<meta name=\"description\" content=\"El ba\u00f1o de vapor vaginal, o del yoni, es una antigua pr\u00e1ctica en el que la mujer se pone de cuclillas o se sienta sobre vapor de agua que contiene hierbas como artemisa, romero, ajenjo y albahaca.\" \/>\n<meta name=\"robots\" content=\"index, follow, max-snippet:-1, max-image-preview:large, max-video-preview:-1\" \/>\n<link rel=\"canonical\" href=\"https:\/\/multi-gyn.com\/uy\/salud-vaginal\/cuidado\/son-buenos-los-banos-de-vapor-para-tu-vagina\/\" \/>\n<meta property=\"og:locale\" content=\"es_ES\" \/>\n<meta property=\"og:type\" content=\"article\" \/>\n<meta property=\"og:title\" content=\"Son buenos los ba\u00f1os de vapor para tu vagina? - Multi-Gyn\" \/>\n<meta property=\"og:description\" content=\"El ba\u00f1o de vapor vaginal, o del yoni, es una antigua pr\u00e1ctica en el que la mujer se pone de cuclillas o se sienta sobre vapor de agua que contiene hierbas como artemisa, romero, ajenjo y albahaca.\" \/>\n<meta property=\"og:url\" content=\"https:\/\/multi-gyn.com\/uy\/salud-vaginal\/cuidado\/son-buenos-los-banos-de-vapor-para-tu-vagina\/\" \/>\n<meta property=\"og:site_name\" content=\"Multi-Gyn\" \/>\n<meta property=\"article:modified_time\" content=\"2023-05-11T13:57:12+00:00\" \/>\n<meta name=\"twitter:card\" content=\"summary_large_image\" \/>\n<meta name=\"twitter:label1\" content=\"Est. reading time\" \/>\n\t<meta name=\"twitter:data1\" content=\"3 minutos\" \/>\n<script type=\"application\/ld+json\" class=\"yoast-schema-graph\">{\"@context\":\"https:\/\/schema.org\",\"@graph\":[{\"@type\":\"WebPage\",\"@id\":\"https:\/\/multi-gyn.com\/uy\/salud-vaginal\/cuidado\/son-buenos-los-banos-de-vapor-para-tu-vagina\/\",\"url\":\"https:\/\/multi-gyn.com\/uy\/salud-vaginal\/cuidado\/son-buenos-los-banos-de-vapor-para-tu-vagina\/\",\"name\":\"Son buenos los ba\u00f1os de vapor para tu vagina? - Multi-Gyn\",\"isPartOf\":{\"@id\":\"https:\/\/multi-gyn.com\/uy\/#website\"},\"datePublished\":\"2023-05-11T07:37:08+00:00\",\"dateModified\":\"2023-05-11T13:57:12+00:00\",\"description\":\"El ba\u00f1o de vapor vaginal, o del yoni, es una antigua pr\u00e1ctica en el que la mujer se pone de cuclillas o se sienta sobre vapor de agua que contiene hierbas como artemisa, romero, ajenjo y albahaca.\",\"breadcrumb\":{\"@id\":\"https:\/\/multi-gyn.com\/uy\/salud-vaginal\/cuidado\/son-buenos-los-banos-de-vapor-para-tu-vagina\/#breadcrumb\"},\"inLanguage\":\"es-UY\",\"potentialAction\":[{\"@type\":\"ReadAction\",\"target\":[\"https:\/\/multi-gyn.com\/uy\/salud-vaginal\/cuidado\/son-buenos-los-banos-de-vapor-para-tu-vagina\/\"]}]},{\"@type\":\"BreadcrumbList\",\"@id\":\"https:\/\/multi-gyn.com\/uy\/salud-vaginal\/cuidado\/son-buenos-los-banos-de-vapor-para-tu-vagina\/#breadcrumb\",\"itemListElement\":[{\"@type\":\"ListItem\",\"position\":1,\"name\":\"Home\",\"item\":\"https:\/\/multi-gyn.com\/uy\/\"},{\"@type\":\"ListItem\",\"position\":2,\"name\":\"Salud vaginal\",\"item\":\"https:\/\/multi-gyn.com\/uy\/salud-vaginal\/\"},{\"@type\":\"ListItem\",\"position\":3,\"name\":\"Cuidado\",\"item\":\"https:\/\/multi-gyn.com\/uy\/salud-vaginal\/cuidado\/\"},{\"@type\":\"ListItem\",\"position\":4,\"name\":\"Son buenos los ba\u00f1os de vapor para tu vagina?\"}]},{\"@type\":\"WebSite\",\"@id\":\"https:\/\/multi-gyn.com\/uy\/#website\",\"url\":\"https:\/\/multi-gyn.com\/uy\/\",\"name\":\"Multi-Gyn\",\"description\":\"\",\"publisher\":{\"@id\":\"https:\/\/multi-gyn.com\/uy\/#organization\"},\"potentialAction\":[{\"@type\":\"SearchAction\",\"target\":{\"@type\":\"EntryPoint\",\"urlTemplate\":\"https:\/\/multi-gyn.com\/uy\/?s={search_term_string}\"},\"query-input\":{\"@type\":\"PropertyValueSpecification\",\"valueRequired\":true,\"valueName\":\"search_term_string\"}}],\"inLanguage\":\"es-UY\"},{\"@type\":\"Organization\",\"@id\":\"https:\/\/multi-gyn.com\/uy\/#organization\",\"name\":\"Multi-Gyn\",\"url\":\"https:\/\/multi-gyn.com\/uy\/\",\"logo\":{\"@type\":\"ImageObject\",\"inLanguage\":\"es-UY\",\"@id\":\"https:\/\/multi-gyn.com\/uy\/#\/schema\/logo\/image\/\",\"url\":\"https:\/\/multi-gyn.com\/app\/uploads\/sites\/47\/2023\/05\/multi-gyn-logo.png\",\"contentUrl\":\"https:\/\/multi-gyn.com\/app\/uploads\/sites\/47\/2023\/05\/multi-gyn-logo.png\",\"width\":149,\"height\":32,\"caption\":\"Multi-Gyn\"},\"image\":{\"@id\":\"https:\/\/multi-gyn.com\/uy\/#\/schema\/logo\/image\/\"}}]}<\/script>\n<!-- \/ Yoast SEO plugin. -->","yoast_head_json":{"title":"Son buenos los ba\u00f1os de vapor para tu vagina? - Multi-Gyn","description":"El ba\u00f1o de vapor vaginal, o del yoni, es una antigua pr\u00e1ctica en el que la mujer se pone de cuclillas o se sienta sobre vapor de agua que contiene hierbas como artemisa, romero, ajenjo y albahaca.","robots":{"index":"index","follow":"follow","max-snippet":"max-snippet:-1","max-image-preview":"max-image-preview:large","max-video-preview":"max-video-preview:-1"},"canonical":"https:\/\/multi-gyn.com\/uy\/salud-vaginal\/cuidado\/son-buenos-los-banos-de-vapor-para-tu-vagina\/","og_locale":"es_ES","og_type":"article","og_title":"Son buenos los ba\u00f1os de vapor para tu vagina? - Multi-Gyn","og_description":"El ba\u00f1o de vapor vaginal, o del yoni, es una antigua pr\u00e1ctica en el que la mujer se pone de cuclillas o se sienta sobre vapor de agua que contiene hierbas como artemisa, romero, ajenjo y albahaca.","og_url":"https:\/\/multi-gyn.com\/uy\/salud-vaginal\/cuidado\/son-buenos-los-banos-de-vapor-para-tu-vagina\/","og_site_name":"Multi-Gyn","article_modified_time":"2023-05-11T13:57:12+00:00","twitter_card":"summary_large_image","twitter_misc":{"Est. reading time":"3 minutos"},"schema":{"@context":"https:\/\/schema.org","@graph":[{"@type":"WebPage","@id":"https:\/\/multi-gyn.com\/uy\/salud-vaginal\/cuidado\/son-buenos-los-banos-de-vapor-para-tu-vagina\/","url":"https:\/\/multi-gyn.com\/uy\/salud-vaginal\/cuidado\/son-buenos-los-banos-de-vapor-para-tu-vagina\/","name":"Son buenos los ba\u00f1os de vapor para tu vagina? - Multi-Gyn","isPartOf":{"@id":"https:\/\/multi-gyn.com\/uy\/#website"},"datePublished":"2023-05-11T07:37:08+00:00","dateModified":"2023-05-11T13:57:12+00:00","description":"El ba\u00f1o de vapor vaginal, o del yoni, es una antigua pr\u00e1ctica en el que la mujer se pone de cuclillas o se sienta sobre vapor de agua que contiene hierbas como artemisa, romero, ajenjo y albahaca.","breadcrumb":{"@id":"https:\/\/multi-gyn.com\/uy\/salud-vaginal\/cuidado\/son-buenos-los-banos-de-vapor-para-tu-vagina\/#breadcrumb"},"inLanguage":"es-UY","potentialAction":[{"@type":"ReadAction","target":["https:\/\/multi-gyn.com\/uy\/salud-vaginal\/cuidado\/son-buenos-los-banos-de-vapor-para-tu-vagina\/"]}]},{"@type":"BreadcrumbList","@id":"https:\/\/multi-gyn.com\/uy\/salud-vaginal\/cuidado\/son-buenos-los-banos-de-vapor-para-tu-vagina\/#breadcrumb","itemListElement":[{"@type":"ListItem","position":1,"name":"Home","item":"https:\/\/multi-gyn.com\/uy\/"},{"@type":"ListItem","position":2,"name":"Salud vaginal","item":"https:\/\/multi-gyn.com\/uy\/salud-vaginal\/"},{"@type":"ListItem","position":3,"name":"Cuidado","item":"https:\/\/multi-gyn.com\/uy\/salud-vaginal\/cuidado\/"},{"@type":"ListItem","position":4,"name":"Son buenos los ba\u00f1os de vapor para tu vagina?"}]},{"@type":"WebSite","@id":"https:\/\/multi-gyn.com\/uy\/#website","url":"https:\/\/multi-gyn.com\/uy\/","name":"Multi-Gyn","description":"","publisher":{"@id":"https:\/\/multi-gyn.com\/uy\/#organization"},"potentialAction":[{"@type":"SearchAction","target":{"@type":"EntryPoint","urlTemplate":"https:\/\/multi-gyn.com\/uy\/?s={search_term_string}"},"query-input":{"@type":"PropertyValueSpecification","valueRequired":true,"valueName":"search_term_string"}}],"inLanguage":"es-UY"},{"@type":"Organization","@id":"https:\/\/multi-gyn.com\/uy\/#organization","name":"Multi-Gyn","url":"https:\/\/multi-gyn.com\/uy\/","logo":{"@type":"ImageObject","inLanguage":"es-UY","@id":"https:\/\/multi-gyn.com\/uy\/#\/schema\/logo\/image\/","url":"https:\/\/multi-gyn.com\/app\/uploads\/sites\/47\/2023\/05\/multi-gyn-logo.png","contentUrl":"https:\/\/multi-gyn.com\/app\/uploads\/sites\/47\/2023\/05\/multi-gyn-logo.png","width":149,"height":32,"caption":"Multi-Gyn"},"image":{"@id":"https:\/\/multi-gyn.com\/uy\/#\/schema\/logo\/image\/"}}]}},"_links":{"self":[{"href":"https:\/\/multi-gyn.com\/uy\/wp-json\/wp\/v2\/pages\/100","targetHints":{"allow":["GET"]}}],"collection":[{"href":"https:\/\/multi-gyn.com\/uy\/wp-json\/wp\/v2\/pages"}],"about":[{"href":"https:\/\/multi-gyn.com\/uy\/wp-json\/wp\/v2\/types\/page"}],"author":[{"embeddable":true,"href":"https:\/\/multi-gyn.com\/uy\/wp-json\/wp\/v2\/users\/2"}],"replies":[{"embeddable":true,"href":"https:\/\/multi-gyn.com\/uy\/wp-json\/wp\/v2\/comments?post=100"}],"version-history":[{"count":2,"href":"https:\/\/multi-gyn.com\/uy\/wp-json\/wp\/v2\/pages\/100\/revisions"}],"predecessor-version":[{"id":345,"href":"https:\/\/multi-gyn.com\/uy\/wp-json\/wp\/v2\/pages\/100\/revisions\/345"}],"up":[{"embeddable":true,"href":"https:\/\/multi-gyn.com\/uy\/wp-json\/wp\/v2\/pages\/25"}],"wp:attachment":[{"href":"https:\/\/multi-gyn.com\/uy\/wp-json\/wp\/v2\/media?parent=100"}],"wp:term":[{"taxonomy":"from-article-database","embeddable":true,"href":"https:\/\/multi-gyn.com\/uy\/wp-json\/wp\/v2\/from-article-database?post=100"}],"curies":[{"name":"wp","href":"https:\/\/api.w.org\/{rel}","templated":true}]}}