{"id":102,"date":"2023-05-11T04:37:31","date_gmt":"2023-05-11T07:37:31","guid":{"rendered":"https:\/\/multi-gyn.com\/uy\/?page_id=102"},"modified":"2023-05-11T11:00:21","modified_gmt":"2023-05-11T14:00:21","slug":"higiene-intima-menos-es-mas","status":"publish","type":"page","link":"https:\/\/multi-gyn.com\/uy\/salud-vaginal\/cuidado\/higiene-intima-menos-es-mas\/","title":{"rendered":"Higiene \u00edntima \u2013 menos es m\u00e1s"},"content":{"rendered":"\n<div class=\"wp-block-karopharma-free-text pt-large pb-large bg-center bg-cover bg-no-repeat  is-style-primary\" style=\"background-image:url()\"><div class=\"free-text-wrapper container max-w-medium text-left\">\n<h1 class=\"is-style-heading-h1 wp-block-heading\">Higiene \u00edntima \u2013 menos es m\u00e1s<\/h1>\n\n\n\n<p class=\"is-style-paragraph-preamble\">Usted puede haber escuchado que una mala higiene \u00edntima puede causar m\u00e1s da\u00f1o que nada de higiene. Puede sonar exagerado, pero es totalmente cierto. Los malos h\u00e1bitos de higiene pueden ser perjudiciales para su salud vaginal, por eso aseg\u00farese de entender y seguir algunos de los principios b\u00e1sicos que determinan una higiene \u00edntima adecuada.<\/p>\n<\/div><\/div>\n\n\n\n<div class=\"wp-block-karopharma-free-text pt-large pb-large bg-center bg-cover bg-no-repeat  is-style-transparent\" style=\"background-image:url()\"><div class=\"free-text-wrapper container max-w-medium text-left\">\n<p>No es un hecho poco com\u00fan que las mujeres hagan da\u00f1o a su salud \u00edntima simplemente al pensar que la higiene \u00edntima adecuada se basa en la regla \u201centre m\u00e1s, mejor\u201d. Vea el por qu\u00e9 menos es m\u00e1s cuando se trata de cuidar sus partes \u00edntimas.<\/p>\n\n\n\n<h2 class=\"is-style-heading-h2 wp-block-heading\">Mecanismos protectores de nuestro cuerpo<\/h2>\n\n\n\n<p>El cuerpo humano est\u00e1 dise\u00f1ado para estar en equilibrio. Todo nuestro cuerpo est\u00e1 conectado, creando un mecanismo muy complejo basado en principios precisos y delicados de mantener el equilibrio para trabajar eficientemente y mantenerse sano. Este es el por qu\u00e9 la vagina alberga millones de bacterias, que viven pac\u00edficamente en perfecto equilibrio, sin causar problema.<\/p>\n\n\n\n<p>Es as\u00ed, hasta que se compromete la tasa de bacterias beneficiosas y perjudiciales. Una vez que las bacterias beneficiosas se reducen en cantidad, las bacterias perjudiciales se hacen cargo y empiezan a crecer abundantemente. El sobrecrecimiento de las bacterias perjudiciales se traduce en infecciones como la vaginosis bacteriana que se manifiesta con s\u00edntomas inc\u00f3modos, por ejemplo la secreci\u00f3n, el olor a pescado, ardor, comez\u00f3n e irritaci\u00f3n. Para detener la infecci\u00f3n, necesitar\u00edamos reversar el proceso \u2013 reducir el n\u00famero de bacterias perjudiciales y estimular el crecimiento de las beneficiosas.<\/p>\n\n\n\n<p class=\"is-style-paragraph-preamble has-primary-color has-text-color\"><em>\u00abEs importante tener presente que la piel que cubre la zona \u00edntima es delgada y muy delicada. Cualquier tipo de tratamiento \u00e1spero, como lavado excesivo, frotamiento, fricci\u00f3n o detergentes fuertes pueden causar irritaci\u00f3n e infecci\u00f3n. \u00ab<\/em><\/p>\n\n\n\n<p>Cuando se trata de la funci\u00f3n protectora de la piel, es importante entender la estructura de la piel y c\u00f3mo esta puede ser da\u00f1ada. La superficie de nuestra piel est\u00e1 cubierta con una barrera protectora. Esta barrera es el principal controlador que protege el interior de nuestro cuerpo de la irritaci\u00f3n y la infecci\u00f3n.<\/p>\n\n\n\n<p>La barrera protectora puede da\u00f1arse f\u00e1cilmente al usar detergentes fuertes y jab\u00f3n com\u00fan. Estos productos rompen la capa superficial, dejando la piel desprotegida y abierta. Es por eso que usar un producto de lavado inadecuado, o lavarse con mucha frecuencia, puede da\u00f1ar la capa protectora y exponerle a riesgos de infecci\u00f3n.<\/p>\n\n\n\n<h2 class=\"is-style-heading-h2 wp-block-heading\">Mecanismos protectores de nuestro cuerpo<\/h2>\n\n\n\n<p>Es importante tener presente que la piel que cubre la zona \u00edntima es delgada y muy delicada. Cualquier tipo de tratamiento \u00e1spero, como lavado excesivo, frotamiento, fricci\u00f3n o detergentes fuertes pueden causar irritaci\u00f3n e infecci\u00f3n. L\u00e1vese una vez al d\u00eda usando agua o un enjuague \u00edntimo suave que no contenga perfume u otras sustancias potencialmente irritantes.<\/p>\n\n\n\n<p>Seque la zona \u00edntima completamente usando una toallas suave limpia \u2013 p\u00e1sela suavemente, no la frote. Si siente que necesita limpiarse con m\u00e1s frecuencia (especialmente durante el sangrado menstrual, despu\u00e9s de hacer ejercicio o cuando suda en exceso), puede usar toallitas \u00edntimas sin aroma o simplemente lavarse usando solo agua.<\/p>\n<\/div><\/div>\n","protected":false},"excerpt":{"rendered":"","protected":false},"author":2,"featured_media":0,"parent":25,"menu_order":3,"comment_status":"closed","ping_status":"closed","template":"","meta":{"_acf_changed":false,"footnotes":""},"from-article-database":[],"class_list":["post-102","page","type-page","status-publish","hentry"],"acf":[],"yoast_head":"<!-- This site is optimized with the Yoast SEO plugin v26.6 - https:\/\/yoast.com\/wordpress\/plugins\/seo\/ -->\n<title>Higiene \u00edntima \u2013 menos es m\u00e1s - Multi-Gyn<\/title>\n<meta name=\"description\" content=\"Usted puede haber escuchado que una mala higiene \u00edntima puede causar m\u00e1s da\u00f1o que nada de higiene. Puede sonar exagerado, pero es totalmente cierto.\" \/>\n<meta name=\"robots\" content=\"index, follow, max-snippet:-1, max-image-preview:large, max-video-preview:-1\" \/>\n<link rel=\"canonical\" href=\"https:\/\/multi-gyn.com\/uy\/salud-vaginal\/cuidado\/higiene-intima-menos-es-mas\/\" \/>\n<meta property=\"og:locale\" content=\"es_ES\" \/>\n<meta property=\"og:type\" content=\"article\" \/>\n<meta property=\"og:title\" content=\"Higiene \u00edntima \u2013 menos es m\u00e1s - Multi-Gyn\" \/>\n<meta property=\"og:description\" content=\"Usted puede haber escuchado que una mala higiene \u00edntima puede causar m\u00e1s da\u00f1o que nada de higiene. Puede sonar exagerado, pero es totalmente cierto.\" \/>\n<meta property=\"og:url\" content=\"https:\/\/multi-gyn.com\/uy\/salud-vaginal\/cuidado\/higiene-intima-menos-es-mas\/\" \/>\n<meta property=\"og:site_name\" content=\"Multi-Gyn\" \/>\n<meta property=\"article:modified_time\" content=\"2023-05-11T14:00:21+00:00\" \/>\n<meta name=\"twitter:card\" content=\"summary_large_image\" \/>\n<meta name=\"twitter:label1\" content=\"Est. reading time\" \/>\n\t<meta name=\"twitter:data1\" content=\"3 minutos\" \/>\n<script type=\"application\/ld+json\" class=\"yoast-schema-graph\">{\"@context\":\"https:\/\/schema.org\",\"@graph\":[{\"@type\":\"WebPage\",\"@id\":\"https:\/\/multi-gyn.com\/uy\/salud-vaginal\/cuidado\/higiene-intima-menos-es-mas\/\",\"url\":\"https:\/\/multi-gyn.com\/uy\/salud-vaginal\/cuidado\/higiene-intima-menos-es-mas\/\",\"name\":\"Higiene \u00edntima \u2013 menos es m\u00e1s - Multi-Gyn\",\"isPartOf\":{\"@id\":\"https:\/\/multi-gyn.com\/uy\/#website\"},\"datePublished\":\"2023-05-11T07:37:31+00:00\",\"dateModified\":\"2023-05-11T14:00:21+00:00\",\"description\":\"Usted puede haber escuchado que una mala higiene \u00edntima puede causar m\u00e1s da\u00f1o que nada de higiene. Puede sonar exagerado, pero es totalmente cierto.\",\"breadcrumb\":{\"@id\":\"https:\/\/multi-gyn.com\/uy\/salud-vaginal\/cuidado\/higiene-intima-menos-es-mas\/#breadcrumb\"},\"inLanguage\":\"es-UY\",\"potentialAction\":[{\"@type\":\"ReadAction\",\"target\":[\"https:\/\/multi-gyn.com\/uy\/salud-vaginal\/cuidado\/higiene-intima-menos-es-mas\/\"]}]},{\"@type\":\"BreadcrumbList\",\"@id\":\"https:\/\/multi-gyn.com\/uy\/salud-vaginal\/cuidado\/higiene-intima-menos-es-mas\/#breadcrumb\",\"itemListElement\":[{\"@type\":\"ListItem\",\"position\":1,\"name\":\"Home\",\"item\":\"https:\/\/multi-gyn.com\/uy\/\"},{\"@type\":\"ListItem\",\"position\":2,\"name\":\"Salud vaginal\",\"item\":\"https:\/\/multi-gyn.com\/uy\/salud-vaginal\/\"},{\"@type\":\"ListItem\",\"position\":3,\"name\":\"Cuidado\",\"item\":\"https:\/\/multi-gyn.com\/uy\/salud-vaginal\/cuidado\/\"},{\"@type\":\"ListItem\",\"position\":4,\"name\":\"Higiene \u00edntima \u2013 menos es m\u00e1s\"}]},{\"@type\":\"WebSite\",\"@id\":\"https:\/\/multi-gyn.com\/uy\/#website\",\"url\":\"https:\/\/multi-gyn.com\/uy\/\",\"name\":\"Multi-Gyn\",\"description\":\"\",\"publisher\":{\"@id\":\"https:\/\/multi-gyn.com\/uy\/#organization\"},\"potentialAction\":[{\"@type\":\"SearchAction\",\"target\":{\"@type\":\"EntryPoint\",\"urlTemplate\":\"https:\/\/multi-gyn.com\/uy\/?s={search_term_string}\"},\"query-input\":{\"@type\":\"PropertyValueSpecification\",\"valueRequired\":true,\"valueName\":\"search_term_string\"}}],\"inLanguage\":\"es-UY\"},{\"@type\":\"Organization\",\"@id\":\"https:\/\/multi-gyn.com\/uy\/#organization\",\"name\":\"Multi-Gyn\",\"url\":\"https:\/\/multi-gyn.com\/uy\/\",\"logo\":{\"@type\":\"ImageObject\",\"inLanguage\":\"es-UY\",\"@id\":\"https:\/\/multi-gyn.com\/uy\/#\/schema\/logo\/image\/\",\"url\":\"https:\/\/multi-gyn.com\/app\/uploads\/sites\/47\/2023\/05\/multi-gyn-logo.png\",\"contentUrl\":\"https:\/\/multi-gyn.com\/app\/uploads\/sites\/47\/2023\/05\/multi-gyn-logo.png\",\"width\":149,\"height\":32,\"caption\":\"Multi-Gyn\"},\"image\":{\"@id\":\"https:\/\/multi-gyn.com\/uy\/#\/schema\/logo\/image\/\"}}]}<\/script>\n<!-- \/ Yoast SEO plugin. -->","yoast_head_json":{"title":"Higiene \u00edntima \u2013 menos es m\u00e1s - Multi-Gyn","description":"Usted puede haber escuchado que una mala higiene \u00edntima puede causar m\u00e1s da\u00f1o que nada de higiene. Puede sonar exagerado, pero es totalmente cierto.","robots":{"index":"index","follow":"follow","max-snippet":"max-snippet:-1","max-image-preview":"max-image-preview:large","max-video-preview":"max-video-preview:-1"},"canonical":"https:\/\/multi-gyn.com\/uy\/salud-vaginal\/cuidado\/higiene-intima-menos-es-mas\/","og_locale":"es_ES","og_type":"article","og_title":"Higiene \u00edntima \u2013 menos es m\u00e1s - Multi-Gyn","og_description":"Usted puede haber escuchado que una mala higiene \u00edntima puede causar m\u00e1s da\u00f1o que nada de higiene. Puede sonar exagerado, pero es totalmente cierto.","og_url":"https:\/\/multi-gyn.com\/uy\/salud-vaginal\/cuidado\/higiene-intima-menos-es-mas\/","og_site_name":"Multi-Gyn","article_modified_time":"2023-05-11T14:00:21+00:00","twitter_card":"summary_large_image","twitter_misc":{"Est. reading time":"3 minutos"},"schema":{"@context":"https:\/\/schema.org","@graph":[{"@type":"WebPage","@id":"https:\/\/multi-gyn.com\/uy\/salud-vaginal\/cuidado\/higiene-intima-menos-es-mas\/","url":"https:\/\/multi-gyn.com\/uy\/salud-vaginal\/cuidado\/higiene-intima-menos-es-mas\/","name":"Higiene \u00edntima \u2013 menos es m\u00e1s - Multi-Gyn","isPartOf":{"@id":"https:\/\/multi-gyn.com\/uy\/#website"},"datePublished":"2023-05-11T07:37:31+00:00","dateModified":"2023-05-11T14:00:21+00:00","description":"Usted puede haber escuchado que una mala higiene \u00edntima puede causar m\u00e1s da\u00f1o que nada de higiene. Puede sonar exagerado, pero es totalmente cierto.","breadcrumb":{"@id":"https:\/\/multi-gyn.com\/uy\/salud-vaginal\/cuidado\/higiene-intima-menos-es-mas\/#breadcrumb"},"inLanguage":"es-UY","potentialAction":[{"@type":"ReadAction","target":["https:\/\/multi-gyn.com\/uy\/salud-vaginal\/cuidado\/higiene-intima-menos-es-mas\/"]}]},{"@type":"BreadcrumbList","@id":"https:\/\/multi-gyn.com\/uy\/salud-vaginal\/cuidado\/higiene-intima-menos-es-mas\/#breadcrumb","itemListElement":[{"@type":"ListItem","position":1,"name":"Home","item":"https:\/\/multi-gyn.com\/uy\/"},{"@type":"ListItem","position":2,"name":"Salud vaginal","item":"https:\/\/multi-gyn.com\/uy\/salud-vaginal\/"},{"@type":"ListItem","position":3,"name":"Cuidado","item":"https:\/\/multi-gyn.com\/uy\/salud-vaginal\/cuidado\/"},{"@type":"ListItem","position":4,"name":"Higiene \u00edntima \u2013 menos es m\u00e1s"}]},{"@type":"WebSite","@id":"https:\/\/multi-gyn.com\/uy\/#website","url":"https:\/\/multi-gyn.com\/uy\/","name":"Multi-Gyn","description":"","publisher":{"@id":"https:\/\/multi-gyn.com\/uy\/#organization"},"potentialAction":[{"@type":"SearchAction","target":{"@type":"EntryPoint","urlTemplate":"https:\/\/multi-gyn.com\/uy\/?s={search_term_string}"},"query-input":{"@type":"PropertyValueSpecification","valueRequired":true,"valueName":"search_term_string"}}],"inLanguage":"es-UY"},{"@type":"Organization","@id":"https:\/\/multi-gyn.com\/uy\/#organization","name":"Multi-Gyn","url":"https:\/\/multi-gyn.com\/uy\/","logo":{"@type":"ImageObject","inLanguage":"es-UY","@id":"https:\/\/multi-gyn.com\/uy\/#\/schema\/logo\/image\/","url":"https:\/\/multi-gyn.com\/app\/uploads\/sites\/47\/2023\/05\/multi-gyn-logo.png","contentUrl":"https:\/\/multi-gyn.com\/app\/uploads\/sites\/47\/2023\/05\/multi-gyn-logo.png","width":149,"height":32,"caption":"Multi-Gyn"},"image":{"@id":"https:\/\/multi-gyn.com\/uy\/#\/schema\/logo\/image\/"}}]}},"_links":{"self":[{"href":"https:\/\/multi-gyn.com\/uy\/wp-json\/wp\/v2\/pages\/102","targetHints":{"allow":["GET"]}}],"collection":[{"href":"https:\/\/multi-gyn.com\/uy\/wp-json\/wp\/v2\/pages"}],"about":[{"href":"https:\/\/multi-gyn.com\/uy\/wp-json\/wp\/v2\/types\/page"}],"author":[{"embeddable":true,"href":"https:\/\/multi-gyn.com\/uy\/wp-json\/wp\/v2\/users\/2"}],"replies":[{"embeddable":true,"href":"https:\/\/multi-gyn.com\/uy\/wp-json\/wp\/v2\/comments?post=102"}],"version-history":[{"count":2,"href":"https:\/\/multi-gyn.com\/uy\/wp-json\/wp\/v2\/pages\/102\/revisions"}],"predecessor-version":[{"id":346,"href":"https:\/\/multi-gyn.com\/uy\/wp-json\/wp\/v2\/pages\/102\/revisions\/346"}],"up":[{"embeddable":true,"href":"https:\/\/multi-gyn.com\/uy\/wp-json\/wp\/v2\/pages\/25"}],"wp:attachment":[{"href":"https:\/\/multi-gyn.com\/uy\/wp-json\/wp\/v2\/media?parent=102"}],"wp:term":[{"taxonomy":"from-article-database","embeddable":true,"href":"https:\/\/multi-gyn.com\/uy\/wp-json\/wp\/v2\/from-article-database?post=102"}],"curies":[{"name":"wp","href":"https:\/\/api.w.org\/{rel}","templated":true}]}}