{"id":104,"date":"2023-05-11T04:37:58","date_gmt":"2023-05-11T07:37:58","guid":{"rendered":"https:\/\/multi-gyn.com\/uy\/?page_id=104"},"modified":"2023-05-12T02:48:55","modified_gmt":"2023-05-12T05:48:55","slug":"como-cuidar-su-vagina-durante-el-verano","status":"publish","type":"page","link":"https:\/\/multi-gyn.com\/uy\/salud-vaginal\/cuidado\/como-cuidar-su-vagina-durante-el-verano\/","title":{"rendered":"C\u00f3mo cuidar su vagina durante el verano"},"content":{"rendered":"\n<div class=\"wp-block-karopharma-free-text pt-large pb-large bg-center bg-cover bg-no-repeat  is-style-primary\" style=\"background-image:url()\"><div class=\"free-text-wrapper container max-w-medium text-left\">\n<h1 class=\"is-style-heading-h1 wp-block-heading\">C\u00f3mo cuidar su vagina durante el verano<\/h1>\n\n\n\n<p class=\"is-style-paragraph-preamble\">El verano significa que su vagina es m\u00e1s vulnerable de lo normal \u2013 calor, sudor, viajes, nadar, son solo unas de las cosas que pueden causar molestias vaginales. Aqu\u00ed encontrar\u00e1 unos consejos de c\u00f3mo cuidar su vagina durante los meses del verano.<\/p>\n<\/div><\/div>\n\n\n\n<div class=\"wp-block-karopharma-free-text pt-large pb-large bg-center bg-cover bg-no-repeat  is-style-transparent\" style=\"background-image:url()\"><div class=\"free-text-wrapper container max-w-medium text-left\">\n<ul class=\"is-style-default wp-block-list\"><li>Si pasa la mayor\u00eda del tiempo trabajando sentada en un escritorio, si hace un trayecto largo de su casa a la oficina o est\u00e1 planeando viajar, tenga en cuenta que sentarse durante horas no solamente le causar\u00e1 dolor en la espalda y hombros, sino que tambi\u00e9n aumenta el riesgo de candidiasis vaginal. Cuando nos sentamos en una posici\u00f3n, nuestra zona \u00edntima se calienta, el flujo de aire se reduce y aumenta la humedad. Las \u00e1reas h\u00famedas y calientes sin suficiente flujo de aire son perfectas para que los microbios crezcan y causen una infecci\u00f3n.<\/li><li>Usar jeans entubados y shorts ce\u00f1idos durante los meses de calor solo aumenta el ya da\u00f1ino efecto de la ropa ce\u00f1ida. La fricci\u00f3n, el calor y la humedad pueden causar irritaci\u00f3n y aumentar el riesgo de candidiasis, y este efecto es destacado por el sudor que est\u00e1 en contacto cercano con la piel. Si no puede dejar a un lado su ropa favorita, trate de no usarla todos los d\u00edas. Escoja ropa y ropa interior hecha de materiales naturales para que su piel pueda respirar.<\/li><li>Durante el verano nos afeitamos y depilamos m\u00e1s seguido que durante los meses del invierno, y algunas veces nos esforzamos demasiado por tener una piel tersa. Esto puede conllevar a irritaci\u00f3n y comez\u00f3n. Para prevenirlo, af\u00e9itese d\u00eda de por medio para permitirle a la piel recuperarse. Hidrate la piel antes del tratamiento y aplique un producto refrescante natural despu\u00e9s.<\/li><li>El verano es el tiempo del a\u00f1o donde muchas mujeres se sienten aventureras cuando se trata del sexo. Aseg\u00farese de usar protecci\u00f3n para prevenir una infecci\u00f3n o una ETS. A su vez, no olvide la lubricaci\u00f3n. La humedad vaginal es necesaria para una relaci\u00f3n sexual sin dolor y c\u00f3moda, entonces si tiene problemas con la humectaci\u00f3n natural use un producto que le ayude con esto. Los lubricantes le permiten disfrutar el sexo sin dolor, pero si est\u00e1 buscando una soluci\u00f3n duradera, especialmente si experimenta fricci\u00f3n cuando hace ejercicio o incluso caminando, pruebe un humectante vaginal que pueda ser aplicado diariamente y que tenga un efecto duradero.<\/li><li>\u00bfSe va de vacaciones y est\u00e1 tratando de ahorrar espacio en su maleta? Puede decidir dejar algunos productos cosm\u00e9ticos que ocupan mucho espacio. Sin embargo dejar su enjuague \u00edntimo y pensar en remplazarlo con jab\u00f3n normal o un ba\u00f1o de espumas puede meterla en problemas. Los detergentes fuertes pueden f\u00e1cilmente da\u00f1arlas capas superficiales de la sensible piel \u00edntima, alterar el valor pH y causar irritaci\u00f3n. Simplemente use agua o lleve un producto natural suave que contenga detergentes suaves y est\u00e9 en el valor pH adecuado para su zona \u00edntima.<\/li><li>Cuando viaje cargue un paquete de toallitas \u00edntimas suaves preferiblemente biodegradables \u2013 esto le permitir\u00e1 mantener la higiene y una sensaci\u00f3n de frescura donde se encuentre, aun si no hay ba\u00f1os disponibles.<\/li><\/ul>\n\n\n\n<p class=\"is-style-paragraph-preamble has-primary-color has-text-color\"><em>\u00abEl verano significa que su vagina es m\u00e1s vulnerable de lo normal \u2013 calor, sudor, viajes, nadar, son solo unas de las cosas que pueden causar molestias vaginales.\u00bb<\/em><\/p>\n<\/div><\/div>\n","protected":false},"excerpt":{"rendered":"","protected":false},"author":2,"featured_media":0,"parent":25,"menu_order":4,"comment_status":"closed","ping_status":"closed","template":"","meta":{"_acf_changed":false,"footnotes":""},"from-article-database":[],"class_list":["post-104","page","type-page","status-publish","hentry"],"acf":[],"yoast_head":"<!-- This site is optimized with the Yoast SEO plugin v26.6 - https:\/\/yoast.com\/wordpress\/plugins\/seo\/ -->\n<title>C\u00f3mo cuidar su vagina durante el verano - Multi-Gyn<\/title>\n<meta name=\"description\" content=\"El verano significa que su vagina es m\u00e1s vulnerable de lo normal \u2013 calor, sudor, viajes, nadar, son solo unas de las cosas que pueden causar molestias vaginales. Aqu\u00ed encontrar\u00e1 unos consejos de c\u00f3mo cuidar su vagina durante los meses del verano.\" \/>\n<meta name=\"robots\" content=\"index, follow, max-snippet:-1, max-image-preview:large, max-video-preview:-1\" \/>\n<link rel=\"canonical\" href=\"https:\/\/multi-gyn.com\/uy\/salud-vaginal\/cuidado\/como-cuidar-su-vagina-durante-el-verano\/\" \/>\n<meta property=\"og:locale\" content=\"es_ES\" \/>\n<meta property=\"og:type\" content=\"article\" \/>\n<meta property=\"og:title\" content=\"C\u00f3mo cuidar su vagina durante el verano - Multi-Gyn\" \/>\n<meta property=\"og:description\" content=\"El verano significa que su vagina es m\u00e1s vulnerable de lo normal \u2013 calor, sudor, viajes, nadar, son solo unas de las cosas que pueden causar molestias vaginales. Aqu\u00ed encontrar\u00e1 unos consejos de c\u00f3mo cuidar su vagina durante los meses del verano.\" \/>\n<meta property=\"og:url\" content=\"https:\/\/multi-gyn.com\/uy\/salud-vaginal\/cuidado\/como-cuidar-su-vagina-durante-el-verano\/\" \/>\n<meta property=\"og:site_name\" content=\"Multi-Gyn\" \/>\n<meta property=\"article:modified_time\" content=\"2023-05-12T05:48:55+00:00\" \/>\n<meta name=\"twitter:card\" content=\"summary_large_image\" \/>\n<meta name=\"twitter:label1\" content=\"Est. reading time\" \/>\n\t<meta name=\"twitter:data1\" content=\"3 minutos\" \/>\n<script type=\"application\/ld+json\" class=\"yoast-schema-graph\">{\"@context\":\"https:\/\/schema.org\",\"@graph\":[{\"@type\":\"WebPage\",\"@id\":\"https:\/\/multi-gyn.com\/uy\/salud-vaginal\/cuidado\/como-cuidar-su-vagina-durante-el-verano\/\",\"url\":\"https:\/\/multi-gyn.com\/uy\/salud-vaginal\/cuidado\/como-cuidar-su-vagina-durante-el-verano\/\",\"name\":\"C\u00f3mo cuidar su vagina durante el verano - Multi-Gyn\",\"isPartOf\":{\"@id\":\"https:\/\/multi-gyn.com\/uy\/#website\"},\"datePublished\":\"2023-05-11T07:37:58+00:00\",\"dateModified\":\"2023-05-12T05:48:55+00:00\",\"description\":\"El verano significa que su vagina es m\u00e1s vulnerable de lo normal \u2013 calor, sudor, viajes, nadar, son solo unas de las cosas que pueden causar molestias vaginales. Aqu\u00ed encontrar\u00e1 unos consejos de c\u00f3mo cuidar su vagina durante los meses del verano.\",\"breadcrumb\":{\"@id\":\"https:\/\/multi-gyn.com\/uy\/salud-vaginal\/cuidado\/como-cuidar-su-vagina-durante-el-verano\/#breadcrumb\"},\"inLanguage\":\"es-UY\",\"potentialAction\":[{\"@type\":\"ReadAction\",\"target\":[\"https:\/\/multi-gyn.com\/uy\/salud-vaginal\/cuidado\/como-cuidar-su-vagina-durante-el-verano\/\"]}]},{\"@type\":\"BreadcrumbList\",\"@id\":\"https:\/\/multi-gyn.com\/uy\/salud-vaginal\/cuidado\/como-cuidar-su-vagina-durante-el-verano\/#breadcrumb\",\"itemListElement\":[{\"@type\":\"ListItem\",\"position\":1,\"name\":\"Home\",\"item\":\"https:\/\/multi-gyn.com\/uy\/\"},{\"@type\":\"ListItem\",\"position\":2,\"name\":\"Salud vaginal\",\"item\":\"https:\/\/multi-gyn.com\/uy\/salud-vaginal\/\"},{\"@type\":\"ListItem\",\"position\":3,\"name\":\"Cuidado\",\"item\":\"https:\/\/multi-gyn.com\/uy\/salud-vaginal\/cuidado\/\"},{\"@type\":\"ListItem\",\"position\":4,\"name\":\"C\u00f3mo cuidar su vagina durante el verano\"}]},{\"@type\":\"WebSite\",\"@id\":\"https:\/\/multi-gyn.com\/uy\/#website\",\"url\":\"https:\/\/multi-gyn.com\/uy\/\",\"name\":\"Multi-Gyn\",\"description\":\"\",\"publisher\":{\"@id\":\"https:\/\/multi-gyn.com\/uy\/#organization\"},\"potentialAction\":[{\"@type\":\"SearchAction\",\"target\":{\"@type\":\"EntryPoint\",\"urlTemplate\":\"https:\/\/multi-gyn.com\/uy\/?s={search_term_string}\"},\"query-input\":{\"@type\":\"PropertyValueSpecification\",\"valueRequired\":true,\"valueName\":\"search_term_string\"}}],\"inLanguage\":\"es-UY\"},{\"@type\":\"Organization\",\"@id\":\"https:\/\/multi-gyn.com\/uy\/#organization\",\"name\":\"Multi-Gyn\",\"url\":\"https:\/\/multi-gyn.com\/uy\/\",\"logo\":{\"@type\":\"ImageObject\",\"inLanguage\":\"es-UY\",\"@id\":\"https:\/\/multi-gyn.com\/uy\/#\/schema\/logo\/image\/\",\"url\":\"https:\/\/multi-gyn.com\/app\/uploads\/sites\/47\/2023\/05\/multi-gyn-logo.png\",\"contentUrl\":\"https:\/\/multi-gyn.com\/app\/uploads\/sites\/47\/2023\/05\/multi-gyn-logo.png\",\"width\":149,\"height\":32,\"caption\":\"Multi-Gyn\"},\"image\":{\"@id\":\"https:\/\/multi-gyn.com\/uy\/#\/schema\/logo\/image\/\"}}]}<\/script>\n<!-- \/ Yoast SEO plugin. -->","yoast_head_json":{"title":"C\u00f3mo cuidar su vagina durante el verano - Multi-Gyn","description":"El verano significa que su vagina es m\u00e1s vulnerable de lo normal \u2013 calor, sudor, viajes, nadar, son solo unas de las cosas que pueden causar molestias vaginales. Aqu\u00ed encontrar\u00e1 unos consejos de c\u00f3mo cuidar su vagina durante los meses del verano.","robots":{"index":"index","follow":"follow","max-snippet":"max-snippet:-1","max-image-preview":"max-image-preview:large","max-video-preview":"max-video-preview:-1"},"canonical":"https:\/\/multi-gyn.com\/uy\/salud-vaginal\/cuidado\/como-cuidar-su-vagina-durante-el-verano\/","og_locale":"es_ES","og_type":"article","og_title":"C\u00f3mo cuidar su vagina durante el verano - Multi-Gyn","og_description":"El verano significa que su vagina es m\u00e1s vulnerable de lo normal \u2013 calor, sudor, viajes, nadar, son solo unas de las cosas que pueden causar molestias vaginales. Aqu\u00ed encontrar\u00e1 unos consejos de c\u00f3mo cuidar su vagina durante los meses del verano.","og_url":"https:\/\/multi-gyn.com\/uy\/salud-vaginal\/cuidado\/como-cuidar-su-vagina-durante-el-verano\/","og_site_name":"Multi-Gyn","article_modified_time":"2023-05-12T05:48:55+00:00","twitter_card":"summary_large_image","twitter_misc":{"Est. reading time":"3 minutos"},"schema":{"@context":"https:\/\/schema.org","@graph":[{"@type":"WebPage","@id":"https:\/\/multi-gyn.com\/uy\/salud-vaginal\/cuidado\/como-cuidar-su-vagina-durante-el-verano\/","url":"https:\/\/multi-gyn.com\/uy\/salud-vaginal\/cuidado\/como-cuidar-su-vagina-durante-el-verano\/","name":"C\u00f3mo cuidar su vagina durante el verano - Multi-Gyn","isPartOf":{"@id":"https:\/\/multi-gyn.com\/uy\/#website"},"datePublished":"2023-05-11T07:37:58+00:00","dateModified":"2023-05-12T05:48:55+00:00","description":"El verano significa que su vagina es m\u00e1s vulnerable de lo normal \u2013 calor, sudor, viajes, nadar, son solo unas de las cosas que pueden causar molestias vaginales. Aqu\u00ed encontrar\u00e1 unos consejos de c\u00f3mo cuidar su vagina durante los meses del verano.","breadcrumb":{"@id":"https:\/\/multi-gyn.com\/uy\/salud-vaginal\/cuidado\/como-cuidar-su-vagina-durante-el-verano\/#breadcrumb"},"inLanguage":"es-UY","potentialAction":[{"@type":"ReadAction","target":["https:\/\/multi-gyn.com\/uy\/salud-vaginal\/cuidado\/como-cuidar-su-vagina-durante-el-verano\/"]}]},{"@type":"BreadcrumbList","@id":"https:\/\/multi-gyn.com\/uy\/salud-vaginal\/cuidado\/como-cuidar-su-vagina-durante-el-verano\/#breadcrumb","itemListElement":[{"@type":"ListItem","position":1,"name":"Home","item":"https:\/\/multi-gyn.com\/uy\/"},{"@type":"ListItem","position":2,"name":"Salud vaginal","item":"https:\/\/multi-gyn.com\/uy\/salud-vaginal\/"},{"@type":"ListItem","position":3,"name":"Cuidado","item":"https:\/\/multi-gyn.com\/uy\/salud-vaginal\/cuidado\/"},{"@type":"ListItem","position":4,"name":"C\u00f3mo cuidar su vagina durante el verano"}]},{"@type":"WebSite","@id":"https:\/\/multi-gyn.com\/uy\/#website","url":"https:\/\/multi-gyn.com\/uy\/","name":"Multi-Gyn","description":"","publisher":{"@id":"https:\/\/multi-gyn.com\/uy\/#organization"},"potentialAction":[{"@type":"SearchAction","target":{"@type":"EntryPoint","urlTemplate":"https:\/\/multi-gyn.com\/uy\/?s={search_term_string}"},"query-input":{"@type":"PropertyValueSpecification","valueRequired":true,"valueName":"search_term_string"}}],"inLanguage":"es-UY"},{"@type":"Organization","@id":"https:\/\/multi-gyn.com\/uy\/#organization","name":"Multi-Gyn","url":"https:\/\/multi-gyn.com\/uy\/","logo":{"@type":"ImageObject","inLanguage":"es-UY","@id":"https:\/\/multi-gyn.com\/uy\/#\/schema\/logo\/image\/","url":"https:\/\/multi-gyn.com\/app\/uploads\/sites\/47\/2023\/05\/multi-gyn-logo.png","contentUrl":"https:\/\/multi-gyn.com\/app\/uploads\/sites\/47\/2023\/05\/multi-gyn-logo.png","width":149,"height":32,"caption":"Multi-Gyn"},"image":{"@id":"https:\/\/multi-gyn.com\/uy\/#\/schema\/logo\/image\/"}}]}},"_links":{"self":[{"href":"https:\/\/multi-gyn.com\/uy\/wp-json\/wp\/v2\/pages\/104","targetHints":{"allow":["GET"]}}],"collection":[{"href":"https:\/\/multi-gyn.com\/uy\/wp-json\/wp\/v2\/pages"}],"about":[{"href":"https:\/\/multi-gyn.com\/uy\/wp-json\/wp\/v2\/types\/page"}],"author":[{"embeddable":true,"href":"https:\/\/multi-gyn.com\/uy\/wp-json\/wp\/v2\/users\/2"}],"replies":[{"embeddable":true,"href":"https:\/\/multi-gyn.com\/uy\/wp-json\/wp\/v2\/comments?post=104"}],"version-history":[{"count":2,"href":"https:\/\/multi-gyn.com\/uy\/wp-json\/wp\/v2\/pages\/104\/revisions"}],"predecessor-version":[{"id":351,"href":"https:\/\/multi-gyn.com\/uy\/wp-json\/wp\/v2\/pages\/104\/revisions\/351"}],"up":[{"embeddable":true,"href":"https:\/\/multi-gyn.com\/uy\/wp-json\/wp\/v2\/pages\/25"}],"wp:attachment":[{"href":"https:\/\/multi-gyn.com\/uy\/wp-json\/wp\/v2\/media?parent=104"}],"wp:term":[{"taxonomy":"from-article-database","embeddable":true,"href":"https:\/\/multi-gyn.com\/uy\/wp-json\/wp\/v2\/from-article-database?post=104"}],"curies":[{"name":"wp","href":"https:\/\/api.w.org\/{rel}","templated":true}]}}