{"id":108,"date":"2023-05-11T04:38:29","date_gmt":"2023-05-11T07:38:29","guid":{"rendered":"https:\/\/multi-gyn.com\/uy\/?page_id=108"},"modified":"2023-05-12T03:14:10","modified_gmt":"2023-05-12T06:14:10","slug":"usted-sabe-que-determina-una-higiene-intima-apropiada","status":"publish","type":"page","link":"https:\/\/multi-gyn.com\/uy\/salud-vaginal\/cuidado\/usted-sabe-que-determina-una-higiene-intima-apropiada\/","title":{"rendered":"\u00bfUsted sabe qu\u00e9 determina una higiene \u00edntima apropiada?"},"content":{"rendered":"\n<div class=\"wp-block-karopharma-free-text pt-large pb-large bg-center bg-cover bg-no-repeat  is-style-primary\" style=\"background-image:url()\"><div class=\"free-text-wrapper container max-w-medium text-left\">\n<h1 class=\"is-style-heading-h1 wp-block-heading\">\u00bfUsted sabe qu\u00e9 determina una higiene \u00edntima apropiada?<\/h1>\n\n\n\n<p class=\"is-style-paragraph-preamble\">Frecuentemente se dice que la mala higiene es de hecho peor que no tener nada de higiene. Esto no es una exageraci\u00f3n \u2013 los malos h\u00e1bitos de higiene pueden ser una causa de un desequilibrio e infecci\u00f3n en su zona \u00edntima. Dele un vistazo a las respuestas a las preguntas m\u00e1s frecuentes con respecto a qu\u00e9 determina una higiene \u00edntima apropiada.<\/p>\n<\/div><\/div>\n\n\n\n<div class=\"wp-block-karopharma-free-text pt-large pb-large bg-center bg-cover bg-no-repeat  is-style-transparent\" style=\"background-image:url()\"><div class=\"free-text-wrapper container max-w-medium text-left\">\n<h2 class=\"is-style-heading-h3 wp-block-heading\">\u00bfCon qu\u00e9 frecuencia debo lavar mi zona \u00edntima?<\/h2>\n\n\n\n<p>Lavar sus partes \u00edntimas con agua tibia o con un enjuague \u00edntimo una vez al d\u00eda es la medida perfecta para una buena salud \u00edntima. Sin embargo, durante los meses c\u00e1lidos, mientras tenga el per\u00edodo o despu\u00e9s del ejercicio, puede sentir que necesita lavarse m\u00e1s seguido. Est\u00e1 bien, siempre y cuando use solamente agua si necesita ba\u00f1arse varias veces al d\u00eda- Recuerde secar su zona \u00edntima completamente usando una toalla suave limpia y mediante palmaditas suaves.<\/p>\n\n\n\n<h2 class=\"is-style-heading-h3 wp-block-heading\">\u00bfQu\u00e9 tipo de jab\u00f3n deber\u00eda usar para mis partes \u00edntimas?<\/h2>\n\n\n\n<p>Nunca use jab\u00f3n com\u00fan. Es demasiado agresivo para la suave piel de la zona \u00edntima. El jab\u00f3n puede da\u00f1ar la barrera protectora de la superficie de la piel, dejando la puerta abierta a una potencial infecci\u00f3n. Escoja un producto natural que no contenga jab\u00f3n o detergentes fuertes, perfume, colorantes o preservantes, o simplemente use agua tibia.<\/p>\n\n\n\n<h2 class=\"is-style-heading-h3 wp-block-heading\">\u00bfPuedo usar toallitas \u00edntimas para mantener la higiene?<\/h2>\n\n\n\n<p>Los pa\u00f1itos h\u00famedos son la soluci\u00f3n perfecta cuando se va de un lugar a otro \u2013 ya sea de viaje, durante el verano o cuando se transpira excesivamente, las toallitas pueden darle el descanso que necesita. Aseg\u00farese de que las toallitas que escoja est\u00e1n especialmente dise\u00f1adas para la zona \u00edntima, y que no contengan qu\u00edmicos fuertes, fragancias o colores.<\/p>\n\n\n\n<p class=\"is-style-paragraph-preamble has-primary-color has-text-color\"><em>\u00abNunca use jab\u00f3n com\u00fan. Es demasiado agresivo para la suave piel de la zona \u00edntima.\u00bb<\/em><\/p>\n\n\n\n<h2 class=\"is-style-heading-h3 wp-block-heading\">\u00bfLa ropa interior de algod\u00f3n es realmente importante?<\/h2>\n\n\n\n<p>Las telas sint\u00e9ticas no le permiten respirar a la piel. Esto aumenta la transpiraci\u00f3n y el calor en la zona \u00edntima, y como probablemente sabe, las \u00e1reas h\u00famedas y oscuras que no tienen suficiente flujo de aire son entornos ideales para que se desarrollen los microbios. Usar ropa ce\u00f1ida como jeans entubados, leggings y pantalonetas ce\u00f1idas causa fricci\u00f3n y puede da\u00f1ar el tejido cut\u00e1neo. Esto abre la puerta para que los microbios pasen la barrera de la piel y causen una infecci\u00f3n. Es por eso que es importante limitar el uso de este tipo de ropa y dejar la ropa interior de encaje para ocasiones especiales, usando ropa interior de algod\u00f3n a diario. Otra cosa que puede hacer para mantener una buena salud vaginal es dormir sin ropa interior. Esto permite que la zona \u00edntima \u201cse ventile\u201d y se recupere durante la noche.<\/p>\n\n\n\n<h2 class=\"is-style-heading-h3 wp-block-heading\">\u00bfPor qu\u00e9 los expertos recomiendan no usar papel higi\u00e9nico de color y con aroma?<\/h2>\n\n\n\n<p>Las fragancias y colorantes usados para dar color y aroma al papel higi\u00e9nico (y otros productos, como lociones, aerosoles vaginales y ba\u00f1os de espuma), son irritantes comunes que pueden causar s\u00edntomas inc\u00f3modos como irritaci\u00f3n y secreci\u00f3n. Es por eso que debe evitar todos los productos que contengan estos qu\u00edmicos. Hablando de higiene, cuando use el ba\u00f1o, nunca se limpie de atr\u00e1s hacia adelante \u2013 hacer esto puede f\u00e1cilmente transferir las bacterias del ano a la vagina, causando infecci\u00f3n.<\/p>\n\n\n\n<h2 class=\"is-style-heading-h3 wp-block-heading\">\u00bfPuedo poner perfume en mi zona \u00edntima?<\/h2>\n\n\n\n<p>Cada vagina tiene un olor \u00fanico y ese no es una raz\u00f3n para preocuparse. Por supuesto, si nota un olor fuerte, esto puede ser dar mucha pena. Aplicar perfume o aerosoles vaginales puede causar irritaci\u00f3n y s\u00edntomas como secreci\u00f3n, comez\u00f3n, ardor e incluso mal olor.<\/p>\n\n\n\n<h2 class=\"is-style-heading-h3 wp-block-heading\">\u00bfCon qu\u00e9 frecuencia debo cambiar los protectores diarios?<\/h2>\n\n\n\n<p>Cada 3 a 4 horas. Lo mismo con las toallas higi\u00e9nicas y los tampones donde el riesgo de irritaci\u00f3n es incluso mayor, ya que la sangre menstrual est\u00e1 en directo contacto con la piel.<\/p>\n<\/div><\/div>\n","protected":false},"excerpt":{"rendered":"","protected":false},"author":2,"featured_media":0,"parent":25,"menu_order":6,"comment_status":"closed","ping_status":"closed","template":"","meta":{"_acf_changed":false,"footnotes":""},"from-article-database":[],"class_list":["post-108","page","type-page","status-publish","hentry"],"acf":[],"yoast_head":"<!-- This site is optimized with the Yoast SEO plugin v26.6 - https:\/\/yoast.com\/wordpress\/plugins\/seo\/ -->\n<title>\u00bfUsted sabe qu\u00e9 determina una higiene \u00edntima apropiada? - Multi-Gyn<\/title>\n<meta name=\"description\" content=\"Frecuentemente se dice que la mala higiene es de hecho peor que no tener nada de higiene. Esto no es una exageraci\u00f3n \u2013 los malos h\u00e1bitos de higiene pueden ser una causa de un desequilibrio e infecci\u00f3n en su zona \u00edntima.\" \/>\n<meta name=\"robots\" content=\"index, follow, max-snippet:-1, max-image-preview:large, max-video-preview:-1\" \/>\n<link rel=\"canonical\" href=\"https:\/\/multi-gyn.com\/uy\/salud-vaginal\/cuidado\/usted-sabe-que-determina-una-higiene-intima-apropiada\/\" \/>\n<meta property=\"og:locale\" content=\"es_ES\" \/>\n<meta property=\"og:type\" content=\"article\" \/>\n<meta property=\"og:title\" content=\"\u00bfUsted sabe qu\u00e9 determina una higiene \u00edntima apropiada? - Multi-Gyn\" \/>\n<meta property=\"og:description\" content=\"Frecuentemente se dice que la mala higiene es de hecho peor que no tener nada de higiene. Esto no es una exageraci\u00f3n \u2013 los malos h\u00e1bitos de higiene pueden ser una causa de un desequilibrio e infecci\u00f3n en su zona \u00edntima.\" \/>\n<meta property=\"og:url\" content=\"https:\/\/multi-gyn.com\/uy\/salud-vaginal\/cuidado\/usted-sabe-que-determina-una-higiene-intima-apropiada\/\" \/>\n<meta property=\"og:site_name\" content=\"Multi-Gyn\" \/>\n<meta property=\"article:modified_time\" content=\"2023-05-12T06:14:10+00:00\" \/>\n<meta name=\"twitter:card\" content=\"summary_large_image\" \/>\n<meta name=\"twitter:label1\" content=\"Est. reading time\" \/>\n\t<meta name=\"twitter:data1\" content=\"3 minutos\" \/>\n<script type=\"application\/ld+json\" class=\"yoast-schema-graph\">{\"@context\":\"https:\/\/schema.org\",\"@graph\":[{\"@type\":\"WebPage\",\"@id\":\"https:\/\/multi-gyn.com\/uy\/salud-vaginal\/cuidado\/usted-sabe-que-determina-una-higiene-intima-apropiada\/\",\"url\":\"https:\/\/multi-gyn.com\/uy\/salud-vaginal\/cuidado\/usted-sabe-que-determina-una-higiene-intima-apropiada\/\",\"name\":\"\u00bfUsted sabe qu\u00e9 determina una higiene \u00edntima apropiada? - Multi-Gyn\",\"isPartOf\":{\"@id\":\"https:\/\/multi-gyn.com\/uy\/#website\"},\"datePublished\":\"2023-05-11T07:38:29+00:00\",\"dateModified\":\"2023-05-12T06:14:10+00:00\",\"description\":\"Frecuentemente se dice que la mala higiene es de hecho peor que no tener nada de higiene. Esto no es una exageraci\u00f3n \u2013 los malos h\u00e1bitos de higiene pueden ser una causa de un desequilibrio e infecci\u00f3n en su zona \u00edntima.\",\"breadcrumb\":{\"@id\":\"https:\/\/multi-gyn.com\/uy\/salud-vaginal\/cuidado\/usted-sabe-que-determina-una-higiene-intima-apropiada\/#breadcrumb\"},\"inLanguage\":\"es-UY\",\"potentialAction\":[{\"@type\":\"ReadAction\",\"target\":[\"https:\/\/multi-gyn.com\/uy\/salud-vaginal\/cuidado\/usted-sabe-que-determina-una-higiene-intima-apropiada\/\"]}]},{\"@type\":\"BreadcrumbList\",\"@id\":\"https:\/\/multi-gyn.com\/uy\/salud-vaginal\/cuidado\/usted-sabe-que-determina-una-higiene-intima-apropiada\/#breadcrumb\",\"itemListElement\":[{\"@type\":\"ListItem\",\"position\":1,\"name\":\"Home\",\"item\":\"https:\/\/multi-gyn.com\/uy\/\"},{\"@type\":\"ListItem\",\"position\":2,\"name\":\"Salud vaginal\",\"item\":\"https:\/\/multi-gyn.com\/uy\/salud-vaginal\/\"},{\"@type\":\"ListItem\",\"position\":3,\"name\":\"Cuidado\",\"item\":\"https:\/\/multi-gyn.com\/uy\/salud-vaginal\/cuidado\/\"},{\"@type\":\"ListItem\",\"position\":4,\"name\":\"\u00bfUsted sabe qu\u00e9 determina una higiene \u00edntima apropiada?\"}]},{\"@type\":\"WebSite\",\"@id\":\"https:\/\/multi-gyn.com\/uy\/#website\",\"url\":\"https:\/\/multi-gyn.com\/uy\/\",\"name\":\"Multi-Gyn\",\"description\":\"\",\"publisher\":{\"@id\":\"https:\/\/multi-gyn.com\/uy\/#organization\"},\"potentialAction\":[{\"@type\":\"SearchAction\",\"target\":{\"@type\":\"EntryPoint\",\"urlTemplate\":\"https:\/\/multi-gyn.com\/uy\/?s={search_term_string}\"},\"query-input\":{\"@type\":\"PropertyValueSpecification\",\"valueRequired\":true,\"valueName\":\"search_term_string\"}}],\"inLanguage\":\"es-UY\"},{\"@type\":\"Organization\",\"@id\":\"https:\/\/multi-gyn.com\/uy\/#organization\",\"name\":\"Multi-Gyn\",\"url\":\"https:\/\/multi-gyn.com\/uy\/\",\"logo\":{\"@type\":\"ImageObject\",\"inLanguage\":\"es-UY\",\"@id\":\"https:\/\/multi-gyn.com\/uy\/#\/schema\/logo\/image\/\",\"url\":\"https:\/\/multi-gyn.com\/app\/uploads\/sites\/47\/2023\/05\/multi-gyn-logo.png\",\"contentUrl\":\"https:\/\/multi-gyn.com\/app\/uploads\/sites\/47\/2023\/05\/multi-gyn-logo.png\",\"width\":149,\"height\":32,\"caption\":\"Multi-Gyn\"},\"image\":{\"@id\":\"https:\/\/multi-gyn.com\/uy\/#\/schema\/logo\/image\/\"}}]}<\/script>\n<!-- \/ Yoast SEO plugin. -->","yoast_head_json":{"title":"\u00bfUsted sabe qu\u00e9 determina una higiene \u00edntima apropiada? - Multi-Gyn","description":"Frecuentemente se dice que la mala higiene es de hecho peor que no tener nada de higiene. Esto no es una exageraci\u00f3n \u2013 los malos h\u00e1bitos de higiene pueden ser una causa de un desequilibrio e infecci\u00f3n en su zona \u00edntima.","robots":{"index":"index","follow":"follow","max-snippet":"max-snippet:-1","max-image-preview":"max-image-preview:large","max-video-preview":"max-video-preview:-1"},"canonical":"https:\/\/multi-gyn.com\/uy\/salud-vaginal\/cuidado\/usted-sabe-que-determina-una-higiene-intima-apropiada\/","og_locale":"es_ES","og_type":"article","og_title":"\u00bfUsted sabe qu\u00e9 determina una higiene \u00edntima apropiada? - Multi-Gyn","og_description":"Frecuentemente se dice que la mala higiene es de hecho peor que no tener nada de higiene. Esto no es una exageraci\u00f3n \u2013 los malos h\u00e1bitos de higiene pueden ser una causa de un desequilibrio e infecci\u00f3n en su zona \u00edntima.","og_url":"https:\/\/multi-gyn.com\/uy\/salud-vaginal\/cuidado\/usted-sabe-que-determina-una-higiene-intima-apropiada\/","og_site_name":"Multi-Gyn","article_modified_time":"2023-05-12T06:14:10+00:00","twitter_card":"summary_large_image","twitter_misc":{"Est. reading time":"3 minutos"},"schema":{"@context":"https:\/\/schema.org","@graph":[{"@type":"WebPage","@id":"https:\/\/multi-gyn.com\/uy\/salud-vaginal\/cuidado\/usted-sabe-que-determina-una-higiene-intima-apropiada\/","url":"https:\/\/multi-gyn.com\/uy\/salud-vaginal\/cuidado\/usted-sabe-que-determina-una-higiene-intima-apropiada\/","name":"\u00bfUsted sabe qu\u00e9 determina una higiene \u00edntima apropiada? - Multi-Gyn","isPartOf":{"@id":"https:\/\/multi-gyn.com\/uy\/#website"},"datePublished":"2023-05-11T07:38:29+00:00","dateModified":"2023-05-12T06:14:10+00:00","description":"Frecuentemente se dice que la mala higiene es de hecho peor que no tener nada de higiene. Esto no es una exageraci\u00f3n \u2013 los malos h\u00e1bitos de higiene pueden ser una causa de un desequilibrio e infecci\u00f3n en su zona \u00edntima.","breadcrumb":{"@id":"https:\/\/multi-gyn.com\/uy\/salud-vaginal\/cuidado\/usted-sabe-que-determina-una-higiene-intima-apropiada\/#breadcrumb"},"inLanguage":"es-UY","potentialAction":[{"@type":"ReadAction","target":["https:\/\/multi-gyn.com\/uy\/salud-vaginal\/cuidado\/usted-sabe-que-determina-una-higiene-intima-apropiada\/"]}]},{"@type":"BreadcrumbList","@id":"https:\/\/multi-gyn.com\/uy\/salud-vaginal\/cuidado\/usted-sabe-que-determina-una-higiene-intima-apropiada\/#breadcrumb","itemListElement":[{"@type":"ListItem","position":1,"name":"Home","item":"https:\/\/multi-gyn.com\/uy\/"},{"@type":"ListItem","position":2,"name":"Salud vaginal","item":"https:\/\/multi-gyn.com\/uy\/salud-vaginal\/"},{"@type":"ListItem","position":3,"name":"Cuidado","item":"https:\/\/multi-gyn.com\/uy\/salud-vaginal\/cuidado\/"},{"@type":"ListItem","position":4,"name":"\u00bfUsted sabe qu\u00e9 determina una higiene \u00edntima apropiada?"}]},{"@type":"WebSite","@id":"https:\/\/multi-gyn.com\/uy\/#website","url":"https:\/\/multi-gyn.com\/uy\/","name":"Multi-Gyn","description":"","publisher":{"@id":"https:\/\/multi-gyn.com\/uy\/#organization"},"potentialAction":[{"@type":"SearchAction","target":{"@type":"EntryPoint","urlTemplate":"https:\/\/multi-gyn.com\/uy\/?s={search_term_string}"},"query-input":{"@type":"PropertyValueSpecification","valueRequired":true,"valueName":"search_term_string"}}],"inLanguage":"es-UY"},{"@type":"Organization","@id":"https:\/\/multi-gyn.com\/uy\/#organization","name":"Multi-Gyn","url":"https:\/\/multi-gyn.com\/uy\/","logo":{"@type":"ImageObject","inLanguage":"es-UY","@id":"https:\/\/multi-gyn.com\/uy\/#\/schema\/logo\/image\/","url":"https:\/\/multi-gyn.com\/app\/uploads\/sites\/47\/2023\/05\/multi-gyn-logo.png","contentUrl":"https:\/\/multi-gyn.com\/app\/uploads\/sites\/47\/2023\/05\/multi-gyn-logo.png","width":149,"height":32,"caption":"Multi-Gyn"},"image":{"@id":"https:\/\/multi-gyn.com\/uy\/#\/schema\/logo\/image\/"}}]}},"_links":{"self":[{"href":"https:\/\/multi-gyn.com\/uy\/wp-json\/wp\/v2\/pages\/108","targetHints":{"allow":["GET"]}}],"collection":[{"href":"https:\/\/multi-gyn.com\/uy\/wp-json\/wp\/v2\/pages"}],"about":[{"href":"https:\/\/multi-gyn.com\/uy\/wp-json\/wp\/v2\/types\/page"}],"author":[{"embeddable":true,"href":"https:\/\/multi-gyn.com\/uy\/wp-json\/wp\/v2\/users\/2"}],"replies":[{"embeddable":true,"href":"https:\/\/multi-gyn.com\/uy\/wp-json\/wp\/v2\/comments?post=108"}],"version-history":[{"count":2,"href":"https:\/\/multi-gyn.com\/uy\/wp-json\/wp\/v2\/pages\/108\/revisions"}],"predecessor-version":[{"id":355,"href":"https:\/\/multi-gyn.com\/uy\/wp-json\/wp\/v2\/pages\/108\/revisions\/355"}],"up":[{"embeddable":true,"href":"https:\/\/multi-gyn.com\/uy\/wp-json\/wp\/v2\/pages\/25"}],"wp:attachment":[{"href":"https:\/\/multi-gyn.com\/uy\/wp-json\/wp\/v2\/media?parent=108"}],"wp:term":[{"taxonomy":"from-article-database","embeddable":true,"href":"https:\/\/multi-gyn.com\/uy\/wp-json\/wp\/v2\/from-article-database?post=108"}],"curies":[{"name":"wp","href":"https:\/\/api.w.org\/{rel}","templated":true}]}}