{"id":110,"date":"2023-05-11T04:38:46","date_gmt":"2023-05-11T07:38:46","guid":{"rendered":"https:\/\/multi-gyn.com\/uy\/?page_id=110"},"modified":"2023-05-12T03:18:38","modified_gmt":"2023-05-12T06:18:38","slug":"que-hacer-y-que-no-de-la-higiene-vaginal","status":"publish","type":"page","link":"https:\/\/multi-gyn.com\/uy\/salud-vaginal\/cuidado\/que-hacer-y-que-no-de-la-higiene-vaginal\/","title":{"rendered":"Qu\u00e9 hacer y qu\u00e9 no de la higiene vaginal"},"content":{"rendered":"\n<div class=\"wp-block-karopharma-free-text pt-large pb-large bg-center bg-cover bg-no-repeat  is-style-primary\" style=\"background-image:url()\"><div class=\"free-text-wrapper container max-w-medium text-left\">\n<h1 class=\"is-style-heading-h1 wp-block-heading\">Qu\u00e9 hacer y qu\u00e9 no de la higiene vaginal<\/h1>\n\n\n\n<p class=\"is-style-paragraph-preamble\">Una higiene vaginal adecuada puede hacer una gran diferencia en nuestra salud reproductiva. Puede reducir el riesgo de adquirir infecciones, puede acelerar la recuperaci\u00f3n y prevenir s\u00edntomas inc\u00f3modos como la irritaci\u00f3n y la secreci\u00f3n. Mire algunos de los \u201cqu\u00e9 hacer y qu\u00e9 no\u201d m\u00e1s importantes de la higiene vaginal.<\/p>\n<\/div><\/div>\n\n\n\n<div class=\"wp-block-karopharma-free-text pt-large pb-large bg-center bg-cover bg-no-repeat  is-style-transparent\" style=\"background-image:url()\"><div class=\"free-text-wrapper container max-w-medium text-left\">\n<h3 class=\"is-style-heading-h4 wp-block-heading\">HAGA: Lave su zona \u00edntima una vez al d\u00eda.<\/h3>\n\n\n\n<p>Esto quiere decir que simplemente debe usar agua tibia o un enjuague \u00edntimo suave una vez al d\u00eda.<\/p>\n\n\n\n<h3 class=\"is-style-heading-h4 wp-block-heading\">NO HAGA: Usar jab\u00f3n.<\/h3>\n\n\n\n<p>El jab\u00f3n es un altamente alcalino y muy agresivo con la delicada y sensible piel de la zona \u00edntima. Siempre elija un enjuague \u00edntimo natural que no contenga jab\u00f3n, fragancias o tinte.<\/p>\n\n\n\n<h3 class=\"is-style-heading-h4 wp-block-heading\">HAGA: Use toallitas \u00edntimas si no hay una ducha cerca.<\/h3>\n\n\n\n<p>Especialmente en el per\u00edodo, durante meses calientes o cuando viaje.<\/p>\n\n\n\n<h3 class=\"is-style-heading-h4 wp-block-heading\">NO HAGA: Usar ropa interior sint\u00e9tica, ce\u00f1ida.<\/h3>\n\n\n\n<p>Las telas sint\u00e9ticas no le permiten respirar a la piel, lo que se traduce en aumento de temperatura y humedad en la zona \u00edntima. Las prendas ce\u00f1idas producen fricci\u00f3n, que puede hacer micro rasgones en la piel. Combine esto con el aumento de temperatura y humedad y tendr\u00e1 una receta perfecta para una posible infecci\u00f3n vaginal. Elija materiales naturales y evite usar ropa ce\u00f1ida por periodos prolongados de tiempo.<\/p>\n\n\n\n<h3 class=\"is-style-heading-h4 wp-block-heading\">HAGA: L\u00edmpiese de adelante hacia atr\u00e1s.<\/h3>\n\n\n\n<p>Es muy f\u00e1cil transferir bacterias del ano a la vagina cuando se limpia de atr\u00e1s hacia adelante, por lo tanto aseg\u00farese de nunca romper esta importante regla. Use papel higi\u00e9nico sin fragancias ni colorantes para evitar la irritaci\u00f3n.<\/p>\n\n\n\n<h3 class=\"is-style-heading-h4 wp-block-heading\">NO HAGA: Usar fragancias o desodorantes para hacer que sus partes \u00edntimas huelan mejor.<\/h3>\n\n\n\n<p>Cada vagina tiene un olor \u00fanico, y a menos que haya un problema, no deber\u00eda oler mal- Un olor fuerte puede ser una se\u00f1al de infecci\u00f3n.<\/p>\n\n\n\n<h3 class=\"is-style-heading-h4 wp-block-heading\">HAGA: Use un producto calmante despu\u00e9s de quitar el pelo p\u00fabico.<\/h3>\n\n\n\n<p>Ya sea que elija afeitarse, depilarse, usar una crema depilatoria o algo m\u00e1s, siempre aseg\u00farese de hidratar la piel antes del procedimiento, y aplique un producto calmante natural al \u00e1rea para prevenir irritaci\u00f3n de la piel.<\/p>\n\n\n\n<h3 class=\"is-style-heading-h4 wp-block-heading\">NO HAGA: Pasar todo un d\u00eda usando el mismo protector diario.<\/h3>\n\n\n\n<p>Los protectores no est\u00e1n hechos para ser usados por periodos prolongados de tiempo. As\u00ed como la ropa interior sint\u00e9tica, los protectores no le permiten respirar a la piel y pueden irritar la piel y aumentar el riesgo de infecci\u00f3n. Es igual para las toallas higi\u00e9nicas y los tampones, especialmente debido a la sangre menstrual que se queda en contacto cercano con la piel. Siempre cambie sus protectores, toallas higi\u00e9nicas y tampones cada 3 a 4 horas, justo antes de dormir y tan pronto se levante.<\/p>\n\n\n\n<h3 class=\"is-style-heading-h4 wp-block-heading\">HAGA: Limpie suavemente en vez de frotar.<\/h3>\n\n\n\n<p>Despu\u00e9s de ba\u00f1arse use una toalla suave limpia y limpie su zona \u00edntima suavemente para secarla completamente.<\/p>\n\n\n\n<h3 class=\"is-style-heading-h4 wp-block-heading\">NO HAGA: Usar productos que contengan irritantes o al\u00e9rgenos.<\/h3>\n\n\n\n<p>Esto aplica para lociones, aerosoles, ba\u00f1os de espuma, etc. Los ingredientes que deben hacerle evitar los productos que los contengan incluyen detergentes, fragancias, tintes, qu\u00edmicos fuertes y preservantes.<\/p>\n<\/div><\/div>\n","protected":false},"excerpt":{"rendered":"","protected":false},"author":2,"featured_media":0,"parent":25,"menu_order":7,"comment_status":"closed","ping_status":"closed","template":"","meta":{"_acf_changed":false,"footnotes":""},"from-article-database":[],"class_list":["post-110","page","type-page","status-publish","hentry"],"acf":[],"yoast_head":"<!-- This site is optimized with the Yoast SEO plugin v26.6 - https:\/\/yoast.com\/wordpress\/plugins\/seo\/ -->\n<title>Qu\u00e9 hacer y qu\u00e9 no de la higiene vaginal - Multi-Gyn<\/title>\n<meta name=\"description\" content=\"Mire algunos de los \u201cqu\u00e9 hacer y qu\u00e9 no\u201d m\u00e1s importantes de la higiene vaginal.\" \/>\n<meta name=\"robots\" content=\"index, follow, max-snippet:-1, max-image-preview:large, max-video-preview:-1\" \/>\n<link rel=\"canonical\" href=\"https:\/\/multi-gyn.com\/uy\/salud-vaginal\/cuidado\/que-hacer-y-que-no-de-la-higiene-vaginal\/\" \/>\n<meta property=\"og:locale\" content=\"es_ES\" \/>\n<meta property=\"og:type\" content=\"article\" \/>\n<meta property=\"og:title\" content=\"Qu\u00e9 hacer y qu\u00e9 no de la higiene vaginal - Multi-Gyn\" \/>\n<meta property=\"og:description\" content=\"Mire algunos de los \u201cqu\u00e9 hacer y qu\u00e9 no\u201d m\u00e1s importantes de la higiene vaginal.\" \/>\n<meta property=\"og:url\" content=\"https:\/\/multi-gyn.com\/uy\/salud-vaginal\/cuidado\/que-hacer-y-que-no-de-la-higiene-vaginal\/\" \/>\n<meta property=\"og:site_name\" content=\"Multi-Gyn\" \/>\n<meta property=\"article:modified_time\" content=\"2023-05-12T06:18:38+00:00\" \/>\n<meta name=\"twitter:card\" content=\"summary_large_image\" \/>\n<meta name=\"twitter:label1\" content=\"Est. reading time\" \/>\n\t<meta name=\"twitter:data1\" content=\"3 minutos\" \/>\n<script type=\"application\/ld+json\" class=\"yoast-schema-graph\">{\"@context\":\"https:\/\/schema.org\",\"@graph\":[{\"@type\":\"WebPage\",\"@id\":\"https:\/\/multi-gyn.com\/uy\/salud-vaginal\/cuidado\/que-hacer-y-que-no-de-la-higiene-vaginal\/\",\"url\":\"https:\/\/multi-gyn.com\/uy\/salud-vaginal\/cuidado\/que-hacer-y-que-no-de-la-higiene-vaginal\/\",\"name\":\"Qu\u00e9 hacer y qu\u00e9 no de la higiene vaginal - Multi-Gyn\",\"isPartOf\":{\"@id\":\"https:\/\/multi-gyn.com\/uy\/#website\"},\"datePublished\":\"2023-05-11T07:38:46+00:00\",\"dateModified\":\"2023-05-12T06:18:38+00:00\",\"description\":\"Mire algunos de los \u201cqu\u00e9 hacer y qu\u00e9 no\u201d m\u00e1s importantes de la higiene vaginal.\",\"breadcrumb\":{\"@id\":\"https:\/\/multi-gyn.com\/uy\/salud-vaginal\/cuidado\/que-hacer-y-que-no-de-la-higiene-vaginal\/#breadcrumb\"},\"inLanguage\":\"es-UY\",\"potentialAction\":[{\"@type\":\"ReadAction\",\"target\":[\"https:\/\/multi-gyn.com\/uy\/salud-vaginal\/cuidado\/que-hacer-y-que-no-de-la-higiene-vaginal\/\"]}]},{\"@type\":\"BreadcrumbList\",\"@id\":\"https:\/\/multi-gyn.com\/uy\/salud-vaginal\/cuidado\/que-hacer-y-que-no-de-la-higiene-vaginal\/#breadcrumb\",\"itemListElement\":[{\"@type\":\"ListItem\",\"position\":1,\"name\":\"Home\",\"item\":\"https:\/\/multi-gyn.com\/uy\/\"},{\"@type\":\"ListItem\",\"position\":2,\"name\":\"Salud vaginal\",\"item\":\"https:\/\/multi-gyn.com\/uy\/salud-vaginal\/\"},{\"@type\":\"ListItem\",\"position\":3,\"name\":\"Cuidado\",\"item\":\"https:\/\/multi-gyn.com\/uy\/salud-vaginal\/cuidado\/\"},{\"@type\":\"ListItem\",\"position\":4,\"name\":\"Qu\u00e9 hacer y qu\u00e9 no de la higiene vaginal\"}]},{\"@type\":\"WebSite\",\"@id\":\"https:\/\/multi-gyn.com\/uy\/#website\",\"url\":\"https:\/\/multi-gyn.com\/uy\/\",\"name\":\"Multi-Gyn\",\"description\":\"\",\"publisher\":{\"@id\":\"https:\/\/multi-gyn.com\/uy\/#organization\"},\"potentialAction\":[{\"@type\":\"SearchAction\",\"target\":{\"@type\":\"EntryPoint\",\"urlTemplate\":\"https:\/\/multi-gyn.com\/uy\/?s={search_term_string}\"},\"query-input\":{\"@type\":\"PropertyValueSpecification\",\"valueRequired\":true,\"valueName\":\"search_term_string\"}}],\"inLanguage\":\"es-UY\"},{\"@type\":\"Organization\",\"@id\":\"https:\/\/multi-gyn.com\/uy\/#organization\",\"name\":\"Multi-Gyn\",\"url\":\"https:\/\/multi-gyn.com\/uy\/\",\"logo\":{\"@type\":\"ImageObject\",\"inLanguage\":\"es-UY\",\"@id\":\"https:\/\/multi-gyn.com\/uy\/#\/schema\/logo\/image\/\",\"url\":\"https:\/\/multi-gyn.com\/app\/uploads\/sites\/47\/2023\/05\/multi-gyn-logo.png\",\"contentUrl\":\"https:\/\/multi-gyn.com\/app\/uploads\/sites\/47\/2023\/05\/multi-gyn-logo.png\",\"width\":149,\"height\":32,\"caption\":\"Multi-Gyn\"},\"image\":{\"@id\":\"https:\/\/multi-gyn.com\/uy\/#\/schema\/logo\/image\/\"}}]}<\/script>\n<!-- \/ Yoast SEO plugin. -->","yoast_head_json":{"title":"Qu\u00e9 hacer y qu\u00e9 no de la higiene vaginal - Multi-Gyn","description":"Mire algunos de los \u201cqu\u00e9 hacer y qu\u00e9 no\u201d m\u00e1s importantes de la higiene vaginal.","robots":{"index":"index","follow":"follow","max-snippet":"max-snippet:-1","max-image-preview":"max-image-preview:large","max-video-preview":"max-video-preview:-1"},"canonical":"https:\/\/multi-gyn.com\/uy\/salud-vaginal\/cuidado\/que-hacer-y-que-no-de-la-higiene-vaginal\/","og_locale":"es_ES","og_type":"article","og_title":"Qu\u00e9 hacer y qu\u00e9 no de la higiene vaginal - Multi-Gyn","og_description":"Mire algunos de los \u201cqu\u00e9 hacer y qu\u00e9 no\u201d m\u00e1s importantes de la higiene vaginal.","og_url":"https:\/\/multi-gyn.com\/uy\/salud-vaginal\/cuidado\/que-hacer-y-que-no-de-la-higiene-vaginal\/","og_site_name":"Multi-Gyn","article_modified_time":"2023-05-12T06:18:38+00:00","twitter_card":"summary_large_image","twitter_misc":{"Est. reading time":"3 minutos"},"schema":{"@context":"https:\/\/schema.org","@graph":[{"@type":"WebPage","@id":"https:\/\/multi-gyn.com\/uy\/salud-vaginal\/cuidado\/que-hacer-y-que-no-de-la-higiene-vaginal\/","url":"https:\/\/multi-gyn.com\/uy\/salud-vaginal\/cuidado\/que-hacer-y-que-no-de-la-higiene-vaginal\/","name":"Qu\u00e9 hacer y qu\u00e9 no de la higiene vaginal - Multi-Gyn","isPartOf":{"@id":"https:\/\/multi-gyn.com\/uy\/#website"},"datePublished":"2023-05-11T07:38:46+00:00","dateModified":"2023-05-12T06:18:38+00:00","description":"Mire algunos de los \u201cqu\u00e9 hacer y qu\u00e9 no\u201d m\u00e1s importantes de la higiene vaginal.","breadcrumb":{"@id":"https:\/\/multi-gyn.com\/uy\/salud-vaginal\/cuidado\/que-hacer-y-que-no-de-la-higiene-vaginal\/#breadcrumb"},"inLanguage":"es-UY","potentialAction":[{"@type":"ReadAction","target":["https:\/\/multi-gyn.com\/uy\/salud-vaginal\/cuidado\/que-hacer-y-que-no-de-la-higiene-vaginal\/"]}]},{"@type":"BreadcrumbList","@id":"https:\/\/multi-gyn.com\/uy\/salud-vaginal\/cuidado\/que-hacer-y-que-no-de-la-higiene-vaginal\/#breadcrumb","itemListElement":[{"@type":"ListItem","position":1,"name":"Home","item":"https:\/\/multi-gyn.com\/uy\/"},{"@type":"ListItem","position":2,"name":"Salud vaginal","item":"https:\/\/multi-gyn.com\/uy\/salud-vaginal\/"},{"@type":"ListItem","position":3,"name":"Cuidado","item":"https:\/\/multi-gyn.com\/uy\/salud-vaginal\/cuidado\/"},{"@type":"ListItem","position":4,"name":"Qu\u00e9 hacer y qu\u00e9 no de la higiene vaginal"}]},{"@type":"WebSite","@id":"https:\/\/multi-gyn.com\/uy\/#website","url":"https:\/\/multi-gyn.com\/uy\/","name":"Multi-Gyn","description":"","publisher":{"@id":"https:\/\/multi-gyn.com\/uy\/#organization"},"potentialAction":[{"@type":"SearchAction","target":{"@type":"EntryPoint","urlTemplate":"https:\/\/multi-gyn.com\/uy\/?s={search_term_string}"},"query-input":{"@type":"PropertyValueSpecification","valueRequired":true,"valueName":"search_term_string"}}],"inLanguage":"es-UY"},{"@type":"Organization","@id":"https:\/\/multi-gyn.com\/uy\/#organization","name":"Multi-Gyn","url":"https:\/\/multi-gyn.com\/uy\/","logo":{"@type":"ImageObject","inLanguage":"es-UY","@id":"https:\/\/multi-gyn.com\/uy\/#\/schema\/logo\/image\/","url":"https:\/\/multi-gyn.com\/app\/uploads\/sites\/47\/2023\/05\/multi-gyn-logo.png","contentUrl":"https:\/\/multi-gyn.com\/app\/uploads\/sites\/47\/2023\/05\/multi-gyn-logo.png","width":149,"height":32,"caption":"Multi-Gyn"},"image":{"@id":"https:\/\/multi-gyn.com\/uy\/#\/schema\/logo\/image\/"}}]}},"_links":{"self":[{"href":"https:\/\/multi-gyn.com\/uy\/wp-json\/wp\/v2\/pages\/110","targetHints":{"allow":["GET"]}}],"collection":[{"href":"https:\/\/multi-gyn.com\/uy\/wp-json\/wp\/v2\/pages"}],"about":[{"href":"https:\/\/multi-gyn.com\/uy\/wp-json\/wp\/v2\/types\/page"}],"author":[{"embeddable":true,"href":"https:\/\/multi-gyn.com\/uy\/wp-json\/wp\/v2\/users\/2"}],"replies":[{"embeddable":true,"href":"https:\/\/multi-gyn.com\/uy\/wp-json\/wp\/v2\/comments?post=110"}],"version-history":[{"count":4,"href":"https:\/\/multi-gyn.com\/uy\/wp-json\/wp\/v2\/pages\/110\/revisions"}],"predecessor-version":[{"id":357,"href":"https:\/\/multi-gyn.com\/uy\/wp-json\/wp\/v2\/pages\/110\/revisions\/357"}],"up":[{"embeddable":true,"href":"https:\/\/multi-gyn.com\/uy\/wp-json\/wp\/v2\/pages\/25"}],"wp:attachment":[{"href":"https:\/\/multi-gyn.com\/uy\/wp-json\/wp\/v2\/media?parent=110"}],"wp:term":[{"taxonomy":"from-article-database","embeddable":true,"href":"https:\/\/multi-gyn.com\/uy\/wp-json\/wp\/v2\/from-article-database?post=110"}],"curies":[{"name":"wp","href":"https:\/\/api.w.org\/{rel}","templated":true}]}}