{"id":127,"date":"2023-05-11T04:50:25","date_gmt":"2023-05-11T07:50:25","guid":{"rendered":"https:\/\/multi-gyn.com\/uy\/?page_id=127"},"modified":"2023-05-12T03:31:15","modified_gmt":"2023-05-12T06:31:15","slug":"puede-mi-dieta-afectar-mi-salud-vaginal","status":"publish","type":"page","link":"https:\/\/multi-gyn.com\/uy\/salud-vaginal\/general\/puede-mi-dieta-afectar-mi-salud-vaginal\/","title":{"rendered":"\u00bfPuede mi dieta afectar mi salud vaginal?"},"content":{"rendered":"\n<div class=\"wp-block-karopharma-free-text pt-large pb-large bg-center bg-cover bg-no-repeat  is-style-primary\" style=\"background-image:url()\"><div class=\"free-text-wrapper container max-w-medium text-left\">\n<h1 class=\"is-style-heading-h1 wp-block-heading\">\u00bfPuede mi dieta afectar mi salud vaginal?<\/h1>\n\n\n\n<p class=\"is-style-paragraph-preamble\">Una dieta equilibrada es importante para todos los aspectos de tu salud. Tu cuerpo necesita ciertos nutrientes para funcionar bien. La salud vaginal puede verse afectada por una dieta pobre y hacerte m\u00e1s propensa a sufrir problemas comunes relacionados con un sistema inmunitario d\u00e9bil. Lo que comes y bebes puede tambi\u00e9n afectar al <a href=\"https:\/\/multi-gyn.com\/uy\/salud-vaginal\/general\/ph-vaginal-su-vagina-es-acida-o-alcalina\/\">pH de tu vagina<\/a> y contribuir a los niveles de hidrataci\u00f3n o sequedad. Si eres diab\u00e9tica o padeces otro problema de salud que pueda verse afectado por lo que comes o bebes, como obesidad o alergias a ciertos grupos de alimentos, es importante comprobar con tu m\u00e9dico los alimentos a incluir o excluir de tu dieta.<\/p>\n<\/div><\/div>\n\n\n\n<div class=\"wp-block-karopharma-free-text pt-large pb-large bg-center bg-cover bg-no-repeat  is-style-transparent\" style=\"background-image:url()\"><div class=\"free-text-wrapper container max-w-medium text-left\">\n<h2 class=\"is-style-heading-h2 wp-block-heading\">\u00bfQu\u00e9 alimentos son buenos para mi salud vaginal?<\/h2>\n\n\n\n<p>Tu salud general, incluyendo el correcto funcionamiento de tu vagina, funciona mejor con una dieta variada y equilibrada. Como regla b\u00e1sica, tiene sentido seguir las gu\u00edas generales que recomiendan una dieta rica en fibra, prote\u00ednas y nutrientes esenciales como vitaminas, minerales y \u00e1cidos grasos. Deber\u00edas evitar o limitar severamente alimentos procesados, grasas y az\u00facares en tu dieta diaria. Los expertos en nutrici\u00f3n con frecuencia recomiendan que comas un \u201carco iris\u201d de alimentos, que significa incluir muchos alimentos de distintos colores en tu dieta, desde pimientos rojos a ar\u00e1ndanos por ejemplo. Esto es porque el color natural de los alimentos indica altos niveles de ciertos nutrientes beneficiosos y comer un amplio espectro de colores te proporciona una buena variedad de estas vitaminas y minerales esenciales, haciendo que tu dieta sea atractiva a la vez que equilibrada. Las verduras, incluyendo legumbres como lentejas o jud\u00edas, cereales como quinoa y avena, frutos secos y semillas son buenas fuentes de fibra, prote\u00ednas y nutrientes esenciales.<\/p>\n\n\n\n<h2 class=\"is-style-heading-h2 wp-block-heading\">Una nota sobre el azucar<\/h2>\n\n\n\n<p>Comer frutas completas te proporciona una amplia variedad de vitaminas y minerales y es la mejor manera de incluir algo de az\u00facar en tu dieta. Las frutas procesadas o en conserva y beber zumo de frutas puede generar un pico en tus niveles de az\u00facar en sangre, porque el az\u00facar se absorbe r\u00e1pidamente en tu torrente sangu\u00edneo. Cuando comes la fruta completa, incluyendo la piel (cuando es posible), la fibra y los nutrientes ayudan a hacer m\u00e1s lenta la liberaci\u00f3n de az\u00facar a la sangre, lo que significa que tus niveles de az\u00facar en sangre se mantendr\u00e1n m\u00e1s constantes. Es menos probable que crezcan bruzcamente y luego caigan. Algunos m\u00e9dicos creen que el az\u00facar puede empeorar los problemas por hongos. Si tienes tendencia a padecer candidiasis, ser\u00eda mejor limitar el consumo de az\u00facar en tu dieta.<\/p>\n\n\n\n<h2 class=\"is-style-heading-h2 wp-block-heading\">Cinco alimentos para estimular tu salud vaginal<\/h2>\n\n\n\n<p><strong>El yogur<\/strong> contiene bacterias beneficiosas, como lactobacilos, que pueden contribuir al mantenimiento del pH sano y ligeramente \u00e1cido de tu vagina.<\/p>\n\n\n\n<p><strong>Soja<\/strong>. Adem\u00e1s de ser una buena fuente de prote\u00ednas y otros nutrientes para las mujeres vegetarianas y veganas, los alimentos con soja como el tofu, edamame y tempe contienen fitoestr\u00f3genos que ayudan a mantener tu vagina lubricada y funcionando correctamente. Evita productos de soja que intentan imitar productos c\u00e1rnicos, por ejemplo hamburguesas de soja. \u00c9stos tienden a estar procesados y llenos de sal y otros aditivos poco saludables.<\/p>\n\n\n\n<p><strong>Las paltas<\/strong> contienen muchas vitaminas y minerales \u00fatiles como vitamina E, que promueve <a href=\"https:\/\/multi-gyn.com\/uy\/salud-vaginal\/infecciones\/todo-lo-que-debe-saber-sobre-la-vaginosis-bacteriana\/\">las funciones hidratantes naturales de la vagina<\/a>.<\/p>\n\n\n\n<p><strong>Las almendras y otros frutos secos y semillas<\/strong> que contienen altos niveles de zinc son \u00fatiles para incluir en tu dieta. El zinc es un mineral importante en la producci\u00f3n de hormonas y contribuye a mantener un sistema inmunitario fuerte.<\/p>\n\n\n\n<h3 class=\"is-style-heading-h3 wp-block-heading\">Alimentos a evitar<\/h3>\n\n\n\n<p>Demasiada cantidad de cualquier tipo de alimento, incluso fruta, no es una buena idea. Busca la moderaci\u00f3n, variedad y equilibrio en lo que comes. Deber\u00edas evitar alimentos procesados con alto contenido en sal, grasa y az\u00facar; un consumo de alcohol excesivo y demasiada cafe\u00edna. La regla general es que los alimentos que son buenos para tu salud general son tambi\u00e9n buenos para tu vagina.<\/p>\n\n\n\n<p><strong>Bebe mucha agua<\/strong>. Muchas mujeres no beben lo suficiente. Una hidrataci\u00f3n adecuada es importante para una funci\u00f3n vaginal saludable. El alcohol deshidrata y se convierte en az\u00facar en tu cuerpo, por lo que vigila su ingesta. Sustituye tu segundo capuchino o copa de vino por un vaso de agua o una infusi\u00f3n sin cafe\u00edna. Te sentir\u00e1s mejor.<\/p>\n<\/div><\/div>\n","protected":false},"excerpt":{"rendered":"","protected":false},"author":2,"featured_media":0,"parent":27,"menu_order":1,"comment_status":"closed","ping_status":"closed","template":"","meta":{"_acf_changed":false,"footnotes":""},"from-article-database":[],"class_list":["post-127","page","type-page","status-publish","hentry"],"acf":[],"yoast_head":"<!-- This site is optimized with the Yoast SEO plugin v26.6 - https:\/\/yoast.com\/wordpress\/plugins\/seo\/ -->\n<title>\u00bfPuede mi dieta afectar mi salud vaginal? - Multi-Gyn<\/title>\n<meta name=\"description\" content=\"La salud vaginal puede verse afectada por una dieta pobre y hacerte m\u00e1s propensa a sufrir problemas comunes relacionados con un sistema inmunitario d\u00e9bil.\" \/>\n<meta name=\"robots\" content=\"index, follow, max-snippet:-1, max-image-preview:large, max-video-preview:-1\" \/>\n<link rel=\"canonical\" href=\"https:\/\/multi-gyn.com\/uy\/salud-vaginal\/general\/puede-mi-dieta-afectar-mi-salud-vaginal\/\" \/>\n<meta property=\"og:locale\" content=\"es_ES\" \/>\n<meta property=\"og:type\" content=\"article\" \/>\n<meta property=\"og:title\" content=\"\u00bfPuede mi dieta afectar mi salud vaginal? - Multi-Gyn\" \/>\n<meta property=\"og:description\" content=\"La salud vaginal puede verse afectada por una dieta pobre y hacerte m\u00e1s propensa a sufrir problemas comunes relacionados con un sistema inmunitario d\u00e9bil.\" \/>\n<meta property=\"og:url\" content=\"https:\/\/multi-gyn.com\/uy\/salud-vaginal\/general\/puede-mi-dieta-afectar-mi-salud-vaginal\/\" \/>\n<meta property=\"og:site_name\" content=\"Multi-Gyn\" \/>\n<meta property=\"article:modified_time\" content=\"2023-05-12T06:31:15+00:00\" \/>\n<meta name=\"twitter:card\" content=\"summary_large_image\" \/>\n<meta name=\"twitter:label1\" content=\"Est. reading time\" \/>\n\t<meta name=\"twitter:data1\" content=\"4 minutos\" \/>\n<script type=\"application\/ld+json\" class=\"yoast-schema-graph\">{\"@context\":\"https:\/\/schema.org\",\"@graph\":[{\"@type\":\"WebPage\",\"@id\":\"https:\/\/multi-gyn.com\/uy\/salud-vaginal\/general\/puede-mi-dieta-afectar-mi-salud-vaginal\/\",\"url\":\"https:\/\/multi-gyn.com\/uy\/salud-vaginal\/general\/puede-mi-dieta-afectar-mi-salud-vaginal\/\",\"name\":\"\u00bfPuede mi dieta afectar mi salud vaginal? - Multi-Gyn\",\"isPartOf\":{\"@id\":\"https:\/\/multi-gyn.com\/uy\/#website\"},\"datePublished\":\"2023-05-11T07:50:25+00:00\",\"dateModified\":\"2023-05-12T06:31:15+00:00\",\"description\":\"La salud vaginal puede verse afectada por una dieta pobre y hacerte m\u00e1s propensa a sufrir problemas comunes relacionados con un sistema inmunitario d\u00e9bil.\",\"breadcrumb\":{\"@id\":\"https:\/\/multi-gyn.com\/uy\/salud-vaginal\/general\/puede-mi-dieta-afectar-mi-salud-vaginal\/#breadcrumb\"},\"inLanguage\":\"es-UY\",\"potentialAction\":[{\"@type\":\"ReadAction\",\"target\":[\"https:\/\/multi-gyn.com\/uy\/salud-vaginal\/general\/puede-mi-dieta-afectar-mi-salud-vaginal\/\"]}]},{\"@type\":\"BreadcrumbList\",\"@id\":\"https:\/\/multi-gyn.com\/uy\/salud-vaginal\/general\/puede-mi-dieta-afectar-mi-salud-vaginal\/#breadcrumb\",\"itemListElement\":[{\"@type\":\"ListItem\",\"position\":1,\"name\":\"Home\",\"item\":\"https:\/\/multi-gyn.com\/uy\/\"},{\"@type\":\"ListItem\",\"position\":2,\"name\":\"Salud vaginal\",\"item\":\"https:\/\/multi-gyn.com\/uy\/salud-vaginal\/\"},{\"@type\":\"ListItem\",\"position\":3,\"name\":\"General\",\"item\":\"https:\/\/multi-gyn.com\/uy\/salud-vaginal\/general\/\"},{\"@type\":\"ListItem\",\"position\":4,\"name\":\"\u00bfPuede mi dieta afectar mi salud vaginal?\"}]},{\"@type\":\"WebSite\",\"@id\":\"https:\/\/multi-gyn.com\/uy\/#website\",\"url\":\"https:\/\/multi-gyn.com\/uy\/\",\"name\":\"Multi-Gyn\",\"description\":\"\",\"publisher\":{\"@id\":\"https:\/\/multi-gyn.com\/uy\/#organization\"},\"potentialAction\":[{\"@type\":\"SearchAction\",\"target\":{\"@type\":\"EntryPoint\",\"urlTemplate\":\"https:\/\/multi-gyn.com\/uy\/?s={search_term_string}\"},\"query-input\":{\"@type\":\"PropertyValueSpecification\",\"valueRequired\":true,\"valueName\":\"search_term_string\"}}],\"inLanguage\":\"es-UY\"},{\"@type\":\"Organization\",\"@id\":\"https:\/\/multi-gyn.com\/uy\/#organization\",\"name\":\"Multi-Gyn\",\"url\":\"https:\/\/multi-gyn.com\/uy\/\",\"logo\":{\"@type\":\"ImageObject\",\"inLanguage\":\"es-UY\",\"@id\":\"https:\/\/multi-gyn.com\/uy\/#\/schema\/logo\/image\/\",\"url\":\"https:\/\/multi-gyn.com\/app\/uploads\/sites\/47\/2023\/05\/multi-gyn-logo.png\",\"contentUrl\":\"https:\/\/multi-gyn.com\/app\/uploads\/sites\/47\/2023\/05\/multi-gyn-logo.png\",\"width\":149,\"height\":32,\"caption\":\"Multi-Gyn\"},\"image\":{\"@id\":\"https:\/\/multi-gyn.com\/uy\/#\/schema\/logo\/image\/\"}}]}<\/script>\n<!-- \/ Yoast SEO plugin. -->","yoast_head_json":{"title":"\u00bfPuede mi dieta afectar mi salud vaginal? - Multi-Gyn","description":"La salud vaginal puede verse afectada por una dieta pobre y hacerte m\u00e1s propensa a sufrir problemas comunes relacionados con un sistema inmunitario d\u00e9bil.","robots":{"index":"index","follow":"follow","max-snippet":"max-snippet:-1","max-image-preview":"max-image-preview:large","max-video-preview":"max-video-preview:-1"},"canonical":"https:\/\/multi-gyn.com\/uy\/salud-vaginal\/general\/puede-mi-dieta-afectar-mi-salud-vaginal\/","og_locale":"es_ES","og_type":"article","og_title":"\u00bfPuede mi dieta afectar mi salud vaginal? - Multi-Gyn","og_description":"La salud vaginal puede verse afectada por una dieta pobre y hacerte m\u00e1s propensa a sufrir problemas comunes relacionados con un sistema inmunitario d\u00e9bil.","og_url":"https:\/\/multi-gyn.com\/uy\/salud-vaginal\/general\/puede-mi-dieta-afectar-mi-salud-vaginal\/","og_site_name":"Multi-Gyn","article_modified_time":"2023-05-12T06:31:15+00:00","twitter_card":"summary_large_image","twitter_misc":{"Est. reading time":"4 minutos"},"schema":{"@context":"https:\/\/schema.org","@graph":[{"@type":"WebPage","@id":"https:\/\/multi-gyn.com\/uy\/salud-vaginal\/general\/puede-mi-dieta-afectar-mi-salud-vaginal\/","url":"https:\/\/multi-gyn.com\/uy\/salud-vaginal\/general\/puede-mi-dieta-afectar-mi-salud-vaginal\/","name":"\u00bfPuede mi dieta afectar mi salud vaginal? - Multi-Gyn","isPartOf":{"@id":"https:\/\/multi-gyn.com\/uy\/#website"},"datePublished":"2023-05-11T07:50:25+00:00","dateModified":"2023-05-12T06:31:15+00:00","description":"La salud vaginal puede verse afectada por una dieta pobre y hacerte m\u00e1s propensa a sufrir problemas comunes relacionados con un sistema inmunitario d\u00e9bil.","breadcrumb":{"@id":"https:\/\/multi-gyn.com\/uy\/salud-vaginal\/general\/puede-mi-dieta-afectar-mi-salud-vaginal\/#breadcrumb"},"inLanguage":"es-UY","potentialAction":[{"@type":"ReadAction","target":["https:\/\/multi-gyn.com\/uy\/salud-vaginal\/general\/puede-mi-dieta-afectar-mi-salud-vaginal\/"]}]},{"@type":"BreadcrumbList","@id":"https:\/\/multi-gyn.com\/uy\/salud-vaginal\/general\/puede-mi-dieta-afectar-mi-salud-vaginal\/#breadcrumb","itemListElement":[{"@type":"ListItem","position":1,"name":"Home","item":"https:\/\/multi-gyn.com\/uy\/"},{"@type":"ListItem","position":2,"name":"Salud vaginal","item":"https:\/\/multi-gyn.com\/uy\/salud-vaginal\/"},{"@type":"ListItem","position":3,"name":"General","item":"https:\/\/multi-gyn.com\/uy\/salud-vaginal\/general\/"},{"@type":"ListItem","position":4,"name":"\u00bfPuede mi dieta afectar mi salud vaginal?"}]},{"@type":"WebSite","@id":"https:\/\/multi-gyn.com\/uy\/#website","url":"https:\/\/multi-gyn.com\/uy\/","name":"Multi-Gyn","description":"","publisher":{"@id":"https:\/\/multi-gyn.com\/uy\/#organization"},"potentialAction":[{"@type":"SearchAction","target":{"@type":"EntryPoint","urlTemplate":"https:\/\/multi-gyn.com\/uy\/?s={search_term_string}"},"query-input":{"@type":"PropertyValueSpecification","valueRequired":true,"valueName":"search_term_string"}}],"inLanguage":"es-UY"},{"@type":"Organization","@id":"https:\/\/multi-gyn.com\/uy\/#organization","name":"Multi-Gyn","url":"https:\/\/multi-gyn.com\/uy\/","logo":{"@type":"ImageObject","inLanguage":"es-UY","@id":"https:\/\/multi-gyn.com\/uy\/#\/schema\/logo\/image\/","url":"https:\/\/multi-gyn.com\/app\/uploads\/sites\/47\/2023\/05\/multi-gyn-logo.png","contentUrl":"https:\/\/multi-gyn.com\/app\/uploads\/sites\/47\/2023\/05\/multi-gyn-logo.png","width":149,"height":32,"caption":"Multi-Gyn"},"image":{"@id":"https:\/\/multi-gyn.com\/uy\/#\/schema\/logo\/image\/"}}]}},"_links":{"self":[{"href":"https:\/\/multi-gyn.com\/uy\/wp-json\/wp\/v2\/pages\/127","targetHints":{"allow":["GET"]}}],"collection":[{"href":"https:\/\/multi-gyn.com\/uy\/wp-json\/wp\/v2\/pages"}],"about":[{"href":"https:\/\/multi-gyn.com\/uy\/wp-json\/wp\/v2\/types\/page"}],"author":[{"embeddable":true,"href":"https:\/\/multi-gyn.com\/uy\/wp-json\/wp\/v2\/users\/2"}],"replies":[{"embeddable":true,"href":"https:\/\/multi-gyn.com\/uy\/wp-json\/wp\/v2\/comments?post=127"}],"version-history":[{"count":2,"href":"https:\/\/multi-gyn.com\/uy\/wp-json\/wp\/v2\/pages\/127\/revisions"}],"predecessor-version":[{"id":359,"href":"https:\/\/multi-gyn.com\/uy\/wp-json\/wp\/v2\/pages\/127\/revisions\/359"}],"up":[{"embeddable":true,"href":"https:\/\/multi-gyn.com\/uy\/wp-json\/wp\/v2\/pages\/27"}],"wp:attachment":[{"href":"https:\/\/multi-gyn.com\/uy\/wp-json\/wp\/v2\/media?parent=127"}],"wp:term":[{"taxonomy":"from-article-database","embeddable":true,"href":"https:\/\/multi-gyn.com\/uy\/wp-json\/wp\/v2\/from-article-database?post=127"}],"curies":[{"name":"wp","href":"https:\/\/api.w.org\/{rel}","templated":true}]}}