{"id":129,"date":"2023-05-11T04:50:42","date_gmt":"2023-05-11T07:50:42","guid":{"rendered":"https:\/\/multi-gyn.com\/uy\/?page_id=129"},"modified":"2023-05-12T03:53:36","modified_gmt":"2023-05-12T06:53:36","slug":"de-que-color-es-su-secrecion","status":"publish","type":"page","link":"https:\/\/multi-gyn.com\/uy\/salud-vaginal\/general\/de-que-color-es-su-secrecion\/","title":{"rendered":"\u00bfDe qu\u00e9 color es su secreci\u00f3n?"},"content":{"rendered":"\n<div class=\"wp-block-karopharma-free-text pt-large pb-large bg-center bg-cover bg-no-repeat  is-style-primary\" style=\"background-image:url()\"><div class=\"free-text-wrapper container max-w-medium text-left\">\n<h1 class=\"is-style-heading-h1 wp-block-heading\">\u00bfDe qu\u00e9 color es su secreci\u00f3n?<\/h1>\n\n\n\n<p class=\"is-style-paragraph-preamble\">La secreci\u00f3n es un factor importante en su salud vaginal general. Las gl\u00e1ndulas dentro de su vagina y cuello uterino producen un fluido que juega varios roles en el sistema reproductivo femenino: elimina residuos, c\u00e9lulas muertas y microorganismos; ayuda a prevenir y combatir infecciones; y lubrica la vagina.<\/p>\n<\/div><\/div>\n\n\n\n<div class=\"wp-block-karopharma-free-text pt-large pb-large bg-center bg-cover bg-no-repeat  is-style-transparent\" style=\"background-image:url()\"><div class=\"free-text-wrapper container max-w-medium text-left\">\n<p>La cantidad, consistencia, y color de la secreci\u00f3n son muy individuales y pueden variar durante el ciclo menstrual, lactancia, embarazo o cuando se est\u00e1 sexualmente excitada. Al conocer su cuerpo bien, podr\u00e1 reconocer cu\u00e1les son caracter\u00edsticas normales y aceptables de la secreci\u00f3n que no son una raz\u00f3n para alarmarse. Por ejemplo, puede notar un leve cambio en el olor si est\u00e1 embarazada o una mayor cantidad de secreci\u00f3n cuando est\u00e1 ovulando. Por otro lado, un cambio inusual de color, consistencia, cantidad u olor puede indicar que la infecci\u00f3n se est\u00e1 desarrollando \u2013 especialmente si otros s\u00edntomas, como la comez\u00f3n, ardor o dolor tambi\u00e9n est\u00e1n presentes.<\/p>\n\n\n\n<h2 class=\"is-style-heading-h2 wp-block-heading\">Entendiendo su secreci\u00f3n<\/h2>\n\n\n\n<p>Los cambios en la apariencia de su secreci\u00f3n pueden indicar que es hora de buscar la opini\u00f3n de un ginec\u00f3logo \u2013 observe la siguiente tabla para que pueda aprender a reconocer los cambios m\u00e1s caracter\u00edsticos y sus causas.<\/p>\n\n\n\n<figure class=\"wp-block-table is-style-primary-stripes\"><table><thead><tr><th>Color de la secreci\u00f3n<\/th><th>Consistencia<\/th><th>S\u00edntomas asociados<\/th><th>Posibles causas<\/th><\/tr><\/thead><tbody><tr><td>Transparente, blanco o blancuzco, amarillo p\u00e1lido<\/td><td>Ligero o denso, viscoso, el\u00e1stico<\/td><td>No hay otros s\u00edntomas<\/td><td>Secreci\u00f3n normal<\/td><\/tr><tr><td>Blanca<\/td><td>Densa y cremosa (como el reques\u00f3n)<\/td><td>Vulva inflamada, dolor \u2013 especialmente durante las relaciones sexuales, comez\u00f3n, ardor, residuos blancos que no pueden ser limpiados<\/td><td>Candidiasis<\/td><\/tr><tr><td>Blanca, gris o amarilla<\/td><td>Densa o ligera<\/td><td>Olor como a pescado, comez\u00f3n, ardor, vulva inflamada, rojez e irritaci\u00f3n<\/td><td>Vaginosis bacteriana<\/td><\/tr><tr><td>Amarilla o turbia<\/td><td>Puede ser de consistencia diferente<\/td><td>Dolor en la regi\u00f3n p\u00e9lvica, sangrado vaginal o manchado entre per\u00edodos, incontinencia urinaria<\/td><td>Gonorrea<\/td><\/tr><tr><td>Amarillo o verdoso<\/td><td>burbujeante, espumoso<\/td><td>Olor fuerte, comez\u00f3n, dolor al orinar<\/td><td>Tricomoniasis<\/td><\/tr><tr><td>Marr\u00f3n o con rastros de sangre<\/td><td>Puede ser de consistencia diferente<\/td><td>Dolor en la regi\u00f3n p\u00e9lvica, sangrado vaginal o manchado entre per\u00edodos<\/td><td>Per\u00edodos irregulares. Secreci\u00f3n amarronada que tambi\u00e9n puede aparecer al comienzo del sangrado menstrual o en la \u00faltima etapa.<\/td><\/tr><tr><td>Rosado<\/td><td>Puede ser de consistencia diferente<\/td><td>No hay otros s\u00edntomas<\/td><td>Si se tuvo un beb\u00e9 recientemente, es probable que sea el revestimiento uterino desprendi\u00e9ndose \u2013 normal despu\u00e9s del parto<\/td><\/tr><\/tbody><\/table><\/figure>\n\n\n\n<p>Si nota cualquiera de los s\u00edntomas mencionados u otros s\u00edntomas inusuales, consulte a su ginec\u00f3logo tan pronto como le sea posible.<\/p>\n\n\n\n<p class=\"is-style-paragraph-preamble has-primary-color has-text-color\"><em>\u00abLa cantidad, consistencia, y color de la secreci\u00f3n son muy individuales y pueden variar durante el ciclo menstrual, lactancia, embarazo o cuando se est\u00e1 sexualmente excitada \u00ab<\/em><\/p>\n\n\n\n<h2 class=\"is-style-heading-h2 wp-block-heading\">\u00bfEs la ducha vaginal una mejor opci\u00f3n?<\/h2>\n\n\n\n<p>Las mujeres que utilizan un mango de ducha para limpiar su vulva pueden estar realizando una ducha vaginal, sean o no conscientes. La ducha no es necesaria, ya que la vagina se limpia a s\u00ed misma de manera eficaz. Sin embargo, hay situaciones y momentos espec\u00edficos en los que para algunas mujeres puede ser de ayuda utilizar una ducha vaginal especialmente dise\u00f1ada para ello.<\/p>\n\n\n\n<p>No recomendamos utilizar la ducha vaginal cada d\u00eda. Es probable que quieras utilizar una ducha suave y natural despu\u00e9s del periodo o tras las relaciones sexuales. No hay necesidad de utilizar la ducha vaginal con m\u00e1s frecuencia que eso.<\/p>\n\n\n\n<p>Elige cuidadosamente un fluido de ducha suave y natural, y un dise\u00f1o de ducha ergon\u00f3mico y f\u00e1cil de usar, como es Multi-Gyn Ducha Vaginal. Ten siempre cuidado cuando insertes alg\u00fan objeto en tu vagina y aseg\u00farate de estar tranquila y c\u00f3moda antes de intentarlo.<\/p>\n<\/div><\/div>\n","protected":false},"excerpt":{"rendered":"","protected":false},"author":2,"featured_media":0,"parent":27,"menu_order":2,"comment_status":"closed","ping_status":"closed","template":"","meta":{"_acf_changed":false,"footnotes":""},"from-article-database":[],"class_list":["post-129","page","type-page","status-publish","hentry"],"acf":[],"yoast_head":"<!-- This site is optimized with the Yoast SEO plugin v26.6 - https:\/\/yoast.com\/wordpress\/plugins\/seo\/ -->\n<title>\u00bfDe qu\u00e9 color es su secreci\u00f3n? - Multi-Gyn<\/title>\n<meta name=\"description\" content=\"La secreci\u00f3n es un factor importante en su salud vaginal general. Las gl\u00e1ndulas dentro de su vagina y cuello uterino producen un fluido que juega varios roles en el sistema reproductivo femenino\" \/>\n<meta name=\"robots\" content=\"index, follow, max-snippet:-1, max-image-preview:large, max-video-preview:-1\" \/>\n<link rel=\"canonical\" href=\"https:\/\/multi-gyn.com\/uy\/salud-vaginal\/general\/de-que-color-es-su-secrecion\/\" \/>\n<meta property=\"og:locale\" content=\"es_ES\" \/>\n<meta property=\"og:type\" content=\"article\" \/>\n<meta property=\"og:title\" content=\"\u00bfDe qu\u00e9 color es su secreci\u00f3n? - Multi-Gyn\" \/>\n<meta property=\"og:description\" content=\"La secreci\u00f3n es un factor importante en su salud vaginal general. Las gl\u00e1ndulas dentro de su vagina y cuello uterino producen un fluido que juega varios roles en el sistema reproductivo femenino\" \/>\n<meta property=\"og:url\" content=\"https:\/\/multi-gyn.com\/uy\/salud-vaginal\/general\/de-que-color-es-su-secrecion\/\" \/>\n<meta property=\"og:site_name\" content=\"Multi-Gyn\" \/>\n<meta property=\"article:modified_time\" content=\"2023-05-12T06:53:36+00:00\" \/>\n<meta name=\"twitter:card\" content=\"summary_large_image\" \/>\n<meta name=\"twitter:label1\" content=\"Est. reading time\" \/>\n\t<meta name=\"twitter:data1\" content=\"3 minutos\" \/>\n<script type=\"application\/ld+json\" class=\"yoast-schema-graph\">{\"@context\":\"https:\/\/schema.org\",\"@graph\":[{\"@type\":\"WebPage\",\"@id\":\"https:\/\/multi-gyn.com\/uy\/salud-vaginal\/general\/de-que-color-es-su-secrecion\/\",\"url\":\"https:\/\/multi-gyn.com\/uy\/salud-vaginal\/general\/de-que-color-es-su-secrecion\/\",\"name\":\"\u00bfDe qu\u00e9 color es su secreci\u00f3n? - Multi-Gyn\",\"isPartOf\":{\"@id\":\"https:\/\/multi-gyn.com\/uy\/#website\"},\"datePublished\":\"2023-05-11T07:50:42+00:00\",\"dateModified\":\"2023-05-12T06:53:36+00:00\",\"description\":\"La secreci\u00f3n es un factor importante en su salud vaginal general. Las gl\u00e1ndulas dentro de su vagina y cuello uterino producen un fluido que juega varios roles en el sistema reproductivo femenino\",\"breadcrumb\":{\"@id\":\"https:\/\/multi-gyn.com\/uy\/salud-vaginal\/general\/de-que-color-es-su-secrecion\/#breadcrumb\"},\"inLanguage\":\"es-UY\",\"potentialAction\":[{\"@type\":\"ReadAction\",\"target\":[\"https:\/\/multi-gyn.com\/uy\/salud-vaginal\/general\/de-que-color-es-su-secrecion\/\"]}]},{\"@type\":\"BreadcrumbList\",\"@id\":\"https:\/\/multi-gyn.com\/uy\/salud-vaginal\/general\/de-que-color-es-su-secrecion\/#breadcrumb\",\"itemListElement\":[{\"@type\":\"ListItem\",\"position\":1,\"name\":\"Home\",\"item\":\"https:\/\/multi-gyn.com\/uy\/\"},{\"@type\":\"ListItem\",\"position\":2,\"name\":\"Salud vaginal\",\"item\":\"https:\/\/multi-gyn.com\/uy\/salud-vaginal\/\"},{\"@type\":\"ListItem\",\"position\":3,\"name\":\"General\",\"item\":\"https:\/\/multi-gyn.com\/uy\/salud-vaginal\/general\/\"},{\"@type\":\"ListItem\",\"position\":4,\"name\":\"\u00bfDe qu\u00e9 color es su secreci\u00f3n?\"}]},{\"@type\":\"WebSite\",\"@id\":\"https:\/\/multi-gyn.com\/uy\/#website\",\"url\":\"https:\/\/multi-gyn.com\/uy\/\",\"name\":\"Multi-Gyn\",\"description\":\"\",\"publisher\":{\"@id\":\"https:\/\/multi-gyn.com\/uy\/#organization\"},\"potentialAction\":[{\"@type\":\"SearchAction\",\"target\":{\"@type\":\"EntryPoint\",\"urlTemplate\":\"https:\/\/multi-gyn.com\/uy\/?s={search_term_string}\"},\"query-input\":{\"@type\":\"PropertyValueSpecification\",\"valueRequired\":true,\"valueName\":\"search_term_string\"}}],\"inLanguage\":\"es-UY\"},{\"@type\":\"Organization\",\"@id\":\"https:\/\/multi-gyn.com\/uy\/#organization\",\"name\":\"Multi-Gyn\",\"url\":\"https:\/\/multi-gyn.com\/uy\/\",\"logo\":{\"@type\":\"ImageObject\",\"inLanguage\":\"es-UY\",\"@id\":\"https:\/\/multi-gyn.com\/uy\/#\/schema\/logo\/image\/\",\"url\":\"https:\/\/multi-gyn.com\/app\/uploads\/sites\/47\/2023\/05\/multi-gyn-logo.png\",\"contentUrl\":\"https:\/\/multi-gyn.com\/app\/uploads\/sites\/47\/2023\/05\/multi-gyn-logo.png\",\"width\":149,\"height\":32,\"caption\":\"Multi-Gyn\"},\"image\":{\"@id\":\"https:\/\/multi-gyn.com\/uy\/#\/schema\/logo\/image\/\"}}]}<\/script>\n<!-- \/ Yoast SEO plugin. -->","yoast_head_json":{"title":"\u00bfDe qu\u00e9 color es su secreci\u00f3n? - Multi-Gyn","description":"La secreci\u00f3n es un factor importante en su salud vaginal general. Las gl\u00e1ndulas dentro de su vagina y cuello uterino producen un fluido que juega varios roles en el sistema reproductivo femenino","robots":{"index":"index","follow":"follow","max-snippet":"max-snippet:-1","max-image-preview":"max-image-preview:large","max-video-preview":"max-video-preview:-1"},"canonical":"https:\/\/multi-gyn.com\/uy\/salud-vaginal\/general\/de-que-color-es-su-secrecion\/","og_locale":"es_ES","og_type":"article","og_title":"\u00bfDe qu\u00e9 color es su secreci\u00f3n? - Multi-Gyn","og_description":"La secreci\u00f3n es un factor importante en su salud vaginal general. Las gl\u00e1ndulas dentro de su vagina y cuello uterino producen un fluido que juega varios roles en el sistema reproductivo femenino","og_url":"https:\/\/multi-gyn.com\/uy\/salud-vaginal\/general\/de-que-color-es-su-secrecion\/","og_site_name":"Multi-Gyn","article_modified_time":"2023-05-12T06:53:36+00:00","twitter_card":"summary_large_image","twitter_misc":{"Est. reading time":"3 minutos"},"schema":{"@context":"https:\/\/schema.org","@graph":[{"@type":"WebPage","@id":"https:\/\/multi-gyn.com\/uy\/salud-vaginal\/general\/de-que-color-es-su-secrecion\/","url":"https:\/\/multi-gyn.com\/uy\/salud-vaginal\/general\/de-que-color-es-su-secrecion\/","name":"\u00bfDe qu\u00e9 color es su secreci\u00f3n? - Multi-Gyn","isPartOf":{"@id":"https:\/\/multi-gyn.com\/uy\/#website"},"datePublished":"2023-05-11T07:50:42+00:00","dateModified":"2023-05-12T06:53:36+00:00","description":"La secreci\u00f3n es un factor importante en su salud vaginal general. Las gl\u00e1ndulas dentro de su vagina y cuello uterino producen un fluido que juega varios roles en el sistema reproductivo femenino","breadcrumb":{"@id":"https:\/\/multi-gyn.com\/uy\/salud-vaginal\/general\/de-que-color-es-su-secrecion\/#breadcrumb"},"inLanguage":"es-UY","potentialAction":[{"@type":"ReadAction","target":["https:\/\/multi-gyn.com\/uy\/salud-vaginal\/general\/de-que-color-es-su-secrecion\/"]}]},{"@type":"BreadcrumbList","@id":"https:\/\/multi-gyn.com\/uy\/salud-vaginal\/general\/de-que-color-es-su-secrecion\/#breadcrumb","itemListElement":[{"@type":"ListItem","position":1,"name":"Home","item":"https:\/\/multi-gyn.com\/uy\/"},{"@type":"ListItem","position":2,"name":"Salud vaginal","item":"https:\/\/multi-gyn.com\/uy\/salud-vaginal\/"},{"@type":"ListItem","position":3,"name":"General","item":"https:\/\/multi-gyn.com\/uy\/salud-vaginal\/general\/"},{"@type":"ListItem","position":4,"name":"\u00bfDe qu\u00e9 color es su secreci\u00f3n?"}]},{"@type":"WebSite","@id":"https:\/\/multi-gyn.com\/uy\/#website","url":"https:\/\/multi-gyn.com\/uy\/","name":"Multi-Gyn","description":"","publisher":{"@id":"https:\/\/multi-gyn.com\/uy\/#organization"},"potentialAction":[{"@type":"SearchAction","target":{"@type":"EntryPoint","urlTemplate":"https:\/\/multi-gyn.com\/uy\/?s={search_term_string}"},"query-input":{"@type":"PropertyValueSpecification","valueRequired":true,"valueName":"search_term_string"}}],"inLanguage":"es-UY"},{"@type":"Organization","@id":"https:\/\/multi-gyn.com\/uy\/#organization","name":"Multi-Gyn","url":"https:\/\/multi-gyn.com\/uy\/","logo":{"@type":"ImageObject","inLanguage":"es-UY","@id":"https:\/\/multi-gyn.com\/uy\/#\/schema\/logo\/image\/","url":"https:\/\/multi-gyn.com\/app\/uploads\/sites\/47\/2023\/05\/multi-gyn-logo.png","contentUrl":"https:\/\/multi-gyn.com\/app\/uploads\/sites\/47\/2023\/05\/multi-gyn-logo.png","width":149,"height":32,"caption":"Multi-Gyn"},"image":{"@id":"https:\/\/multi-gyn.com\/uy\/#\/schema\/logo\/image\/"}}]}},"_links":{"self":[{"href":"https:\/\/multi-gyn.com\/uy\/wp-json\/wp\/v2\/pages\/129","targetHints":{"allow":["GET"]}}],"collection":[{"href":"https:\/\/multi-gyn.com\/uy\/wp-json\/wp\/v2\/pages"}],"about":[{"href":"https:\/\/multi-gyn.com\/uy\/wp-json\/wp\/v2\/types\/page"}],"author":[{"embeddable":true,"href":"https:\/\/multi-gyn.com\/uy\/wp-json\/wp\/v2\/users\/2"}],"replies":[{"embeddable":true,"href":"https:\/\/multi-gyn.com\/uy\/wp-json\/wp\/v2\/comments?post=129"}],"version-history":[{"count":3,"href":"https:\/\/multi-gyn.com\/uy\/wp-json\/wp\/v2\/pages\/129\/revisions"}],"predecessor-version":[{"id":361,"href":"https:\/\/multi-gyn.com\/uy\/wp-json\/wp\/v2\/pages\/129\/revisions\/361"}],"up":[{"embeddable":true,"href":"https:\/\/multi-gyn.com\/uy\/wp-json\/wp\/v2\/pages\/27"}],"wp:attachment":[{"href":"https:\/\/multi-gyn.com\/uy\/wp-json\/wp\/v2\/media?parent=129"}],"wp:term":[{"taxonomy":"from-article-database","embeddable":true,"href":"https:\/\/multi-gyn.com\/uy\/wp-json\/wp\/v2\/from-article-database?post=129"}],"curies":[{"name":"wp","href":"https:\/\/api.w.org\/{rel}","templated":true}]}}