{"id":131,"date":"2023-05-11T04:50:57","date_gmt":"2023-05-11T07:50:57","guid":{"rendered":"https:\/\/multi-gyn.com\/uy\/?page_id=131"},"modified":"2023-05-12T03:57:05","modified_gmt":"2023-05-12T06:57:05","slug":"la-flora-vaginal","status":"publish","type":"page","link":"https:\/\/multi-gyn.com\/uy\/salud-vaginal\/general\/la-flora-vaginal\/","title":{"rendered":"La flora vaginal"},"content":{"rendered":"\n<div class=\"wp-block-karopharma-free-text pt-large pb-large bg-center bg-cover bg-no-repeat  is-style-primary\" style=\"background-image:url()\"><div class=\"free-text-wrapper container max-w-medium text-left\">\n<h1 class=\"is-style-heading-h1 wp-block-heading\">La flora vaginal<\/h1>\n\n\n\n<p class=\"is-style-paragraph-preamble\">Parece dif\u00edcil de creer, pero nuevas t\u00e9cnicas de mapeo gen\u00e9tico revelan que de 100 trillones de c\u00e9lulas presentes en el cuerpo humano, solamente 1\/10 de ellas son en realidad humanas. El otro 90% pertenecen a microorganismos-bacterias, virus y otros microbios. Con raz\u00f3n es tan importante para nuestra salud integral que el delicado equilibrio de microbios que viven en nuestros cuerpos se mantenga-y lo mismo pasa con nuestras vaginas.<\/p>\n<\/div><\/div>\n\n\n\n<div class=\"wp-block-karopharma-free-text pt-large pb-large bg-center bg-cover bg-no-repeat  is-style-transparent\" style=\"background-image:url()\"><div class=\"free-text-wrapper container max-w-medium text-left\">\n<p>Casi todas las mujeres sufrir\u00e1n de vaginosis bacteriana, una candidiasis o una infecci\u00f3n urinaria por lo menos una vez en la vida. La causa principal de la alta ocurrencia de problemas vaginales es un desequilibrio en la flora vaginal. En otras palabras, el equilibrio se altera ya sea por bacterias benignas que se reducen en n\u00famero o debido al sobrecrecimiento de bacterias \u201cperjudiciales\u201d o c\u00e9lulas de hongos. La reducci\u00f3n de bacterias beneficiosas y el sobrecrecimiento de microbios perjudiciales generalmente est\u00e1n correlacionados. Cuando esto pasa, el cuerpo puede ya sea tratar de combatir la infecci\u00f3n y regresar por s\u00ed mismo a un estado de equilibrio sano, o necesitar ayuda externa en forma de medicamentos, productos que contengan prebi\u00f3ticos o un cambio en el estilo de vida.<\/p>\n\n\n\n<h2 class=\"is-style-heading-h2 wp-block-heading\">\u00bfQu\u00e9 se considera una flora vaginal sana?<\/h2>\n\n\n\n<p>Una vagina sana est\u00e1 fuertemente poblada con bacterias lactobacilos \u201cbeneficiosas\u201d. Estas bacterias son consideradas un tipo de guardianes para la vagina-ellas pueden impedir el crecimiento de bacterias\/hongos potencialmente perjudiciales produciendo \u00e1cido l\u00e1ctico y per\u00f3xido de hidrogeno, y prevenir que las bacterias perjudiciales se adhieran a la pared vaginal. El \u00e1cido l\u00e1ctico ayuda a mantener el ambiente \u00e1cido de la vagina, mientras que el per\u00f3xido de hidrogeno ayuda a matar las bacterias perjudiciales.<\/p>\n\n\n\n<p>Hay muchos factores que pueden alterar el delicado equilibrio que existe dentro de la vagina-algunos de ellos incluyen da\u00f1o a los tejidos causado por dar a luz; problemas de salud, estr\u00e9s, ciertos medicamentos, ropa ajustada o ropa interior sint\u00e9tica; higiene inapropiada; irritantes presentes en lociones, jabones l\u00edquidos y otros productos cosm\u00e9ticos; fricci\u00f3n causada por la penetraci\u00f3n si la mujer no est\u00e1 suficientemente excitada durante las relaciones sexuales; cambios hormonales, etc.<\/p>\n\n\n\n<h2 class=\"is-style-heading-h2 wp-block-heading\">Equilibrio alterado<\/h2>\n\n\n\n<p>Si la flora vaginal est\u00e1 comprometida, el papel protector de los lactobacilos (las bacterias beneficiosas) se reduce. Debido al reducido n\u00famero de lactobacilos, se produce menos \u00e1cido l\u00e1ctico y el bajo pH vaginal protector se afecta. Como resultado, las bacterias perjudiciales aprovechan la oportunidad para sobrecrecer, dando lugar a infecciones bacterianas.<\/p>\n\n\n\n<p>Durante el embarazo, la cantidad y diversidad de los lactobacilos vaginales generalmente se reduce, poniendo a las mujeres embarazadas en un riesgo m\u00e1s alto de infecci\u00f3n. Los s\u00edntomas asociados con el desequilibrio en la flora vaginal incluyen secreci\u00f3n, mal olor, comez\u00f3n, enrojecimiento, irritaci\u00f3n, inflamaci\u00f3n, dolor durante la micci\u00f3n o el acto sexual, ardor, sensibilidad y escozor.<\/p>\n\n\n\n<p>Una flora vaginal balanceada ayuda a prevenir infecciones bacterianas y candidiasis y es crucial para la buena salud vaginal. Para reducir el riesgo de un desequilibrio en la flora vaginal, implemente buenos h\u00e1bitos de higiene y siga las recomendaciones generales de c\u00f3mo cuidar su zona \u00edntima. Tambi\u00e9n podr\u00eda usar un producto que contenga ingredientes que favorezcan el crecimiento de las bacterias beneficiosas para prevenir posibles infecciones y promuevan la recuperaci\u00f3n si los s\u00edntomas ya han evolucionado.<\/p>\n\n\n\n<p class=\"is-style-paragraph-preamble has-primary-color has-text-color\"><em>\u00abSi la flora vaginal est\u00e1 comprometida, el papel protector de los lactobacilos (las bacterias beneficiosas) se reduce. Debido al reducido n\u00famero de lactobacilos, se produce menos \u00e1cido l\u00e1ctico y el bajo pH vaginal protector se afecta\u00bb<\/em><\/p>\n<\/div><\/div>\n\n\n\n<p><\/p>\n","protected":false},"excerpt":{"rendered":"","protected":false},"author":2,"featured_media":0,"parent":27,"menu_order":3,"comment_status":"closed","ping_status":"closed","template":"","meta":{"_acf_changed":false,"footnotes":""},"from-article-database":[],"class_list":["post-131","page","type-page","status-publish","hentry"],"acf":[],"yoast_head":"<!-- This site is optimized with the Yoast SEO plugin v26.6 - https:\/\/yoast.com\/wordpress\/plugins\/seo\/ -->\n<title>La flora vaginal - Multi-Gyn<\/title>\n<meta name=\"description\" content=\"Parece dif\u00edcil de creer, pero nuevas t\u00e9cnicas de mapeo gen\u00e9tico revelan que de 100 trillones de c\u00e9lulas presentes en el cuerpo humano, solamente 1\/10 de ellas son en realidad humanas. El otro 90% pertenecen a microorganismos-bacterias, virus y otros microbios.\" \/>\n<meta name=\"robots\" content=\"index, follow, max-snippet:-1, max-image-preview:large, max-video-preview:-1\" \/>\n<link rel=\"canonical\" href=\"https:\/\/multi-gyn.com\/uy\/salud-vaginal\/general\/la-flora-vaginal\/\" \/>\n<meta property=\"og:locale\" content=\"es_ES\" \/>\n<meta property=\"og:type\" content=\"article\" \/>\n<meta property=\"og:title\" content=\"La flora vaginal - Multi-Gyn\" \/>\n<meta property=\"og:description\" content=\"Parece dif\u00edcil de creer, pero nuevas t\u00e9cnicas de mapeo gen\u00e9tico revelan que de 100 trillones de c\u00e9lulas presentes en el cuerpo humano, solamente 1\/10 de ellas son en realidad humanas. El otro 90% pertenecen a microorganismos-bacterias, virus y otros microbios.\" \/>\n<meta property=\"og:url\" content=\"https:\/\/multi-gyn.com\/uy\/salud-vaginal\/general\/la-flora-vaginal\/\" \/>\n<meta property=\"og:site_name\" content=\"Multi-Gyn\" \/>\n<meta property=\"article:modified_time\" content=\"2023-05-12T06:57:05+00:00\" \/>\n<meta name=\"twitter:card\" content=\"summary_large_image\" \/>\n<meta name=\"twitter:label1\" content=\"Est. reading time\" \/>\n\t<meta name=\"twitter:data1\" content=\"3 minutos\" \/>\n<script type=\"application\/ld+json\" class=\"yoast-schema-graph\">{\"@context\":\"https:\/\/schema.org\",\"@graph\":[{\"@type\":\"WebPage\",\"@id\":\"https:\/\/multi-gyn.com\/uy\/salud-vaginal\/general\/la-flora-vaginal\/\",\"url\":\"https:\/\/multi-gyn.com\/uy\/salud-vaginal\/general\/la-flora-vaginal\/\",\"name\":\"La flora vaginal - Multi-Gyn\",\"isPartOf\":{\"@id\":\"https:\/\/multi-gyn.com\/uy\/#website\"},\"datePublished\":\"2023-05-11T07:50:57+00:00\",\"dateModified\":\"2023-05-12T06:57:05+00:00\",\"description\":\"Parece dif\u00edcil de creer, pero nuevas t\u00e9cnicas de mapeo gen\u00e9tico revelan que de 100 trillones de c\u00e9lulas presentes en el cuerpo humano, solamente 1\/10 de ellas son en realidad humanas. El otro 90% pertenecen a microorganismos-bacterias, virus y otros microbios.\",\"breadcrumb\":{\"@id\":\"https:\/\/multi-gyn.com\/uy\/salud-vaginal\/general\/la-flora-vaginal\/#breadcrumb\"},\"inLanguage\":\"es-UY\",\"potentialAction\":[{\"@type\":\"ReadAction\",\"target\":[\"https:\/\/multi-gyn.com\/uy\/salud-vaginal\/general\/la-flora-vaginal\/\"]}]},{\"@type\":\"BreadcrumbList\",\"@id\":\"https:\/\/multi-gyn.com\/uy\/salud-vaginal\/general\/la-flora-vaginal\/#breadcrumb\",\"itemListElement\":[{\"@type\":\"ListItem\",\"position\":1,\"name\":\"Home\",\"item\":\"https:\/\/multi-gyn.com\/uy\/\"},{\"@type\":\"ListItem\",\"position\":2,\"name\":\"Salud vaginal\",\"item\":\"https:\/\/multi-gyn.com\/uy\/salud-vaginal\/\"},{\"@type\":\"ListItem\",\"position\":3,\"name\":\"General\",\"item\":\"https:\/\/multi-gyn.com\/uy\/salud-vaginal\/general\/\"},{\"@type\":\"ListItem\",\"position\":4,\"name\":\"La flora vaginal\"}]},{\"@type\":\"WebSite\",\"@id\":\"https:\/\/multi-gyn.com\/uy\/#website\",\"url\":\"https:\/\/multi-gyn.com\/uy\/\",\"name\":\"Multi-Gyn\",\"description\":\"\",\"publisher\":{\"@id\":\"https:\/\/multi-gyn.com\/uy\/#organization\"},\"potentialAction\":[{\"@type\":\"SearchAction\",\"target\":{\"@type\":\"EntryPoint\",\"urlTemplate\":\"https:\/\/multi-gyn.com\/uy\/?s={search_term_string}\"},\"query-input\":{\"@type\":\"PropertyValueSpecification\",\"valueRequired\":true,\"valueName\":\"search_term_string\"}}],\"inLanguage\":\"es-UY\"},{\"@type\":\"Organization\",\"@id\":\"https:\/\/multi-gyn.com\/uy\/#organization\",\"name\":\"Multi-Gyn\",\"url\":\"https:\/\/multi-gyn.com\/uy\/\",\"logo\":{\"@type\":\"ImageObject\",\"inLanguage\":\"es-UY\",\"@id\":\"https:\/\/multi-gyn.com\/uy\/#\/schema\/logo\/image\/\",\"url\":\"https:\/\/multi-gyn.com\/app\/uploads\/sites\/47\/2023\/05\/multi-gyn-logo.png\",\"contentUrl\":\"https:\/\/multi-gyn.com\/app\/uploads\/sites\/47\/2023\/05\/multi-gyn-logo.png\",\"width\":149,\"height\":32,\"caption\":\"Multi-Gyn\"},\"image\":{\"@id\":\"https:\/\/multi-gyn.com\/uy\/#\/schema\/logo\/image\/\"}}]}<\/script>\n<!-- \/ Yoast SEO plugin. -->","yoast_head_json":{"title":"La flora vaginal - Multi-Gyn","description":"Parece dif\u00edcil de creer, pero nuevas t\u00e9cnicas de mapeo gen\u00e9tico revelan que de 100 trillones de c\u00e9lulas presentes en el cuerpo humano, solamente 1\/10 de ellas son en realidad humanas. El otro 90% pertenecen a microorganismos-bacterias, virus y otros microbios.","robots":{"index":"index","follow":"follow","max-snippet":"max-snippet:-1","max-image-preview":"max-image-preview:large","max-video-preview":"max-video-preview:-1"},"canonical":"https:\/\/multi-gyn.com\/uy\/salud-vaginal\/general\/la-flora-vaginal\/","og_locale":"es_ES","og_type":"article","og_title":"La flora vaginal - Multi-Gyn","og_description":"Parece dif\u00edcil de creer, pero nuevas t\u00e9cnicas de mapeo gen\u00e9tico revelan que de 100 trillones de c\u00e9lulas presentes en el cuerpo humano, solamente 1\/10 de ellas son en realidad humanas. El otro 90% pertenecen a microorganismos-bacterias, virus y otros microbios.","og_url":"https:\/\/multi-gyn.com\/uy\/salud-vaginal\/general\/la-flora-vaginal\/","og_site_name":"Multi-Gyn","article_modified_time":"2023-05-12T06:57:05+00:00","twitter_card":"summary_large_image","twitter_misc":{"Est. reading time":"3 minutos"},"schema":{"@context":"https:\/\/schema.org","@graph":[{"@type":"WebPage","@id":"https:\/\/multi-gyn.com\/uy\/salud-vaginal\/general\/la-flora-vaginal\/","url":"https:\/\/multi-gyn.com\/uy\/salud-vaginal\/general\/la-flora-vaginal\/","name":"La flora vaginal - Multi-Gyn","isPartOf":{"@id":"https:\/\/multi-gyn.com\/uy\/#website"},"datePublished":"2023-05-11T07:50:57+00:00","dateModified":"2023-05-12T06:57:05+00:00","description":"Parece dif\u00edcil de creer, pero nuevas t\u00e9cnicas de mapeo gen\u00e9tico revelan que de 100 trillones de c\u00e9lulas presentes en el cuerpo humano, solamente 1\/10 de ellas son en realidad humanas. El otro 90% pertenecen a microorganismos-bacterias, virus y otros microbios.","breadcrumb":{"@id":"https:\/\/multi-gyn.com\/uy\/salud-vaginal\/general\/la-flora-vaginal\/#breadcrumb"},"inLanguage":"es-UY","potentialAction":[{"@type":"ReadAction","target":["https:\/\/multi-gyn.com\/uy\/salud-vaginal\/general\/la-flora-vaginal\/"]}]},{"@type":"BreadcrumbList","@id":"https:\/\/multi-gyn.com\/uy\/salud-vaginal\/general\/la-flora-vaginal\/#breadcrumb","itemListElement":[{"@type":"ListItem","position":1,"name":"Home","item":"https:\/\/multi-gyn.com\/uy\/"},{"@type":"ListItem","position":2,"name":"Salud vaginal","item":"https:\/\/multi-gyn.com\/uy\/salud-vaginal\/"},{"@type":"ListItem","position":3,"name":"General","item":"https:\/\/multi-gyn.com\/uy\/salud-vaginal\/general\/"},{"@type":"ListItem","position":4,"name":"La flora vaginal"}]},{"@type":"WebSite","@id":"https:\/\/multi-gyn.com\/uy\/#website","url":"https:\/\/multi-gyn.com\/uy\/","name":"Multi-Gyn","description":"","publisher":{"@id":"https:\/\/multi-gyn.com\/uy\/#organization"},"potentialAction":[{"@type":"SearchAction","target":{"@type":"EntryPoint","urlTemplate":"https:\/\/multi-gyn.com\/uy\/?s={search_term_string}"},"query-input":{"@type":"PropertyValueSpecification","valueRequired":true,"valueName":"search_term_string"}}],"inLanguage":"es-UY"},{"@type":"Organization","@id":"https:\/\/multi-gyn.com\/uy\/#organization","name":"Multi-Gyn","url":"https:\/\/multi-gyn.com\/uy\/","logo":{"@type":"ImageObject","inLanguage":"es-UY","@id":"https:\/\/multi-gyn.com\/uy\/#\/schema\/logo\/image\/","url":"https:\/\/multi-gyn.com\/app\/uploads\/sites\/47\/2023\/05\/multi-gyn-logo.png","contentUrl":"https:\/\/multi-gyn.com\/app\/uploads\/sites\/47\/2023\/05\/multi-gyn-logo.png","width":149,"height":32,"caption":"Multi-Gyn"},"image":{"@id":"https:\/\/multi-gyn.com\/uy\/#\/schema\/logo\/image\/"}}]}},"_links":{"self":[{"href":"https:\/\/multi-gyn.com\/uy\/wp-json\/wp\/v2\/pages\/131","targetHints":{"allow":["GET"]}}],"collection":[{"href":"https:\/\/multi-gyn.com\/uy\/wp-json\/wp\/v2\/pages"}],"about":[{"href":"https:\/\/multi-gyn.com\/uy\/wp-json\/wp\/v2\/types\/page"}],"author":[{"embeddable":true,"href":"https:\/\/multi-gyn.com\/uy\/wp-json\/wp\/v2\/users\/2"}],"replies":[{"embeddable":true,"href":"https:\/\/multi-gyn.com\/uy\/wp-json\/wp\/v2\/comments?post=131"}],"version-history":[{"count":2,"href":"https:\/\/multi-gyn.com\/uy\/wp-json\/wp\/v2\/pages\/131\/revisions"}],"predecessor-version":[{"id":363,"href":"https:\/\/multi-gyn.com\/uy\/wp-json\/wp\/v2\/pages\/131\/revisions\/363"}],"up":[{"embeddable":true,"href":"https:\/\/multi-gyn.com\/uy\/wp-json\/wp\/v2\/pages\/27"}],"wp:attachment":[{"href":"https:\/\/multi-gyn.com\/uy\/wp-json\/wp\/v2\/media?parent=131"}],"wp:term":[{"taxonomy":"from-article-database","embeddable":true,"href":"https:\/\/multi-gyn.com\/uy\/wp-json\/wp\/v2\/from-article-database?post=131"}],"curies":[{"name":"wp","href":"https:\/\/api.w.org\/{rel}","templated":true}]}}