{"id":133,"date":"2023-05-11T04:51:16","date_gmt":"2023-05-11T07:51:16","guid":{"rendered":"https:\/\/multi-gyn.com\/uy\/?page_id=133"},"modified":"2023-05-12T04:00:05","modified_gmt":"2023-05-12T07:00:05","slug":"ir-al-ginecologo","status":"publish","type":"page","link":"https:\/\/multi-gyn.com\/uy\/salud-vaginal\/general\/ir-al-ginecologo\/","title":{"rendered":"Ir al ginec\u00f3logo"},"content":{"rendered":"\n<div class=\"wp-block-karopharma-free-text pt-large pb-large bg-center bg-cover bg-no-repeat  is-style-primary\" style=\"background-image:url()\"><div class=\"free-text-wrapper container max-w-medium text-left\">\n<h1 class=\"is-style-heading-h1 wp-block-heading\">Ir al ginec\u00f3logo<\/h1>\n\n\n\n<p class=\"is-style-paragraph-preamble\">Las visitas al ginec\u00f3logo son parte de la vida de una mujer. Durante el periodo reproductivo las mujeres deber\u00edan ver a su doctor tan frecuente como sea necesario. Las mujeres embarazadas, por otro lado, deber\u00edan tener chequeos m\u00e9dicos regulares. Si no se siente c\u00f3moda con un examen ginecol\u00f3gico o se est\u00e1 preparando para su primera visita al ginec\u00f3logo, observe la lista de cosas que puede esperar cuando vea al ginec\u00f3logo.<\/p>\n<\/div><\/div>\n\n\n\n<div class=\"wp-block-karopharma-free-text pt-large pb-large bg-center bg-cover bg-no-repeat  is-style-transparent\" style=\"background-image:url()\"><div class=\"free-text-wrapper container max-w-medium text-left\">\n<h2 class=\"is-style-heading-h2 wp-block-heading\">Historia cl\u00ednica<\/h2>\n\n\n\n<p>Primero que todo, el doctor o una enfermera le har\u00e1 una serie de preguntas para determinar su historia cl\u00ednica tan preciso como sea posible. Esto incluye preguntas sobre su salud general, cualquier condici\u00f3n cr\u00f3nica o gen\u00e9tica, as\u00ed como estilo de vida y h\u00e1bitos como fumar o tomar. Probablemente le preguntar\u00e1n sobre su ciclo menstrual, qu\u00e9 tan regulares son sus ciclos y si tiene c\u00f3licos fuertes durante el sangrado. Las preguntas tambi\u00e9n ser\u00e1n sobre si alguna vez ha tenido una ETS, tratamientos previos y si usa anticonceptivos. No sea t\u00edmida \u2013 toda la informaci\u00f3n que comparte con su doctor es confidencial y ayudar\u00e1 a crear una imagen de su salud reproductiva. Si tiene preguntas, este es el momento apropiado para hacerlas.<\/p>\n\n\n\n<h2 class=\"is-style-heading-h2 wp-block-heading\">Examen ginecol\u00f3gico<\/h2>\n\n\n\n<p>Se le pedir\u00e1 quitarse la ropa interior, sentarse en la camilla de examinaci\u00f3n y poner las piernas en los cabestrillos para ser separadas, permiti\u00e9ndole al doctor hacer el examen de su zona \u00edntima. Respire profundo y p\u00f3ngase tan c\u00f3moda como pueda \u2013 lo m\u00e1s importante es relajarse. De esa forma el examen solo ser\u00e1 un poco inc\u00f3modo y no deber\u00eda ser doloroso.<\/p>\n\n\n\n<p>El examen en s\u00ed consta de una inspecci\u00f3n visual y la inserci\u00f3n de un esp\u00e9culo) una herramienta met\u00e1lica que abre la vagina y la mantiene abierta durante el examen). El doctor inspeccionar\u00e1 la vagina manualmente, \u00fatero y ovarios, tras lo cual puede que tome una muestra vaginal y\/o cervical. La muestra puede proveer una visi\u00f3n detallada de la flora vaginal y posibles infecciones.<\/p>\n\n\n\n<h2 class=\"is-style-heading-h2 wp-block-heading\">Prueba de Papanicolau<\/h2>\n\n\n\n<p>El chequeo tambi\u00e9n puede incluir una prueba de Papanicolau (conocida como Pap o frotis cervical), que puede detectar cambios potencialmente pre-cancerosos y cancerosos en el cuello uterino. El doctorinsertar\u00e1 un hisopo en su cuello uterino, que luego es analizado en un microscopio para buscar anomal\u00edas.<\/p>\n\n\n\n<h2 class=\"is-style-heading-h2 wp-block-heading\">Pruebas de ETS<\/h2>\n\n\n\n<p>Todas las mujeres sexualmente activas deber\u00edan practicarse una prueba de ETS \u2013 algunas de estas pruebas se hacen por medio de una muestra vaginal, mientras que para otras se requiere un examen de sangre.<\/p>\n\n\n\n<p>Al final el doctor le explicar\u00e1 los resultados de sus ex\u00e1menes, prescribir\u00e1 una terapia apropiada, y explicar\u00e1 el curso de la terapia y los cambios en el estilo de vida que probablemente deba (temporalmente o permanentemente) hacer. Si tiene preguntas o preocupaciones, no dude en preguntar. Su profesional m\u00e9dico deber\u00eda ser amable, paciente y estar abierto a preguntas.<\/p>\n\n\n\n<p class=\"is-style-paragraph-preamble has-primary-color has-text-color\"><em>\u00abRespire profundo y p\u00f3ngase tan c\u00f3moda como pueda \u2013 lo m\u00e1s importante es relajarse. De esa forma el examen solo ser\u00e1 un poco inc\u00f3modo y no deber\u00eda ser doloroso.\u00bb<\/em><\/p>\n<\/div><\/div>\n","protected":false},"excerpt":{"rendered":"","protected":false},"author":2,"featured_media":0,"parent":27,"menu_order":4,"comment_status":"closed","ping_status":"closed","template":"","meta":{"_acf_changed":false,"footnotes":""},"from-article-database":[],"class_list":["post-133","page","type-page","status-publish","hentry"],"acf":[],"yoast_head":"<!-- This site is optimized with the Yoast SEO plugin v26.6 - https:\/\/yoast.com\/wordpress\/plugins\/seo\/ -->\n<title>Ir al ginec\u00f3logo - Multi-Gyn<\/title>\n<meta name=\"description\" content=\"Si no se siente c\u00f3moda con un examen ginecol\u00f3gico o se est\u00e1 preparando para su primera visita al ginec\u00f3logo, observe la lista de cosas que puede esperar cuando vea al ginec\u00f3logo.\" \/>\n<meta name=\"robots\" content=\"index, follow, max-snippet:-1, max-image-preview:large, max-video-preview:-1\" \/>\n<link rel=\"canonical\" href=\"https:\/\/multi-gyn.com\/uy\/salud-vaginal\/general\/ir-al-ginecologo\/\" \/>\n<meta property=\"og:locale\" content=\"es_ES\" \/>\n<meta property=\"og:type\" content=\"article\" \/>\n<meta property=\"og:title\" content=\"Ir al ginec\u00f3logo - Multi-Gyn\" \/>\n<meta property=\"og:description\" content=\"Si no se siente c\u00f3moda con un examen ginecol\u00f3gico o se est\u00e1 preparando para su primera visita al ginec\u00f3logo, observe la lista de cosas que puede esperar cuando vea al ginec\u00f3logo.\" \/>\n<meta property=\"og:url\" content=\"https:\/\/multi-gyn.com\/uy\/salud-vaginal\/general\/ir-al-ginecologo\/\" \/>\n<meta property=\"og:site_name\" content=\"Multi-Gyn\" \/>\n<meta property=\"article:modified_time\" content=\"2023-05-12T07:00:05+00:00\" \/>\n<meta name=\"twitter:card\" content=\"summary_large_image\" \/>\n<meta name=\"twitter:label1\" content=\"Est. reading time\" \/>\n\t<meta name=\"twitter:data1\" content=\"3 minutos\" \/>\n<script type=\"application\/ld+json\" class=\"yoast-schema-graph\">{\"@context\":\"https:\/\/schema.org\",\"@graph\":[{\"@type\":\"WebPage\",\"@id\":\"https:\/\/multi-gyn.com\/uy\/salud-vaginal\/general\/ir-al-ginecologo\/\",\"url\":\"https:\/\/multi-gyn.com\/uy\/salud-vaginal\/general\/ir-al-ginecologo\/\",\"name\":\"Ir al ginec\u00f3logo - Multi-Gyn\",\"isPartOf\":{\"@id\":\"https:\/\/multi-gyn.com\/uy\/#website\"},\"datePublished\":\"2023-05-11T07:51:16+00:00\",\"dateModified\":\"2023-05-12T07:00:05+00:00\",\"description\":\"Si no se siente c\u00f3moda con un examen ginecol\u00f3gico o se est\u00e1 preparando para su primera visita al ginec\u00f3logo, observe la lista de cosas que puede esperar cuando vea al ginec\u00f3logo.\",\"breadcrumb\":{\"@id\":\"https:\/\/multi-gyn.com\/uy\/salud-vaginal\/general\/ir-al-ginecologo\/#breadcrumb\"},\"inLanguage\":\"es-UY\",\"potentialAction\":[{\"@type\":\"ReadAction\",\"target\":[\"https:\/\/multi-gyn.com\/uy\/salud-vaginal\/general\/ir-al-ginecologo\/\"]}]},{\"@type\":\"BreadcrumbList\",\"@id\":\"https:\/\/multi-gyn.com\/uy\/salud-vaginal\/general\/ir-al-ginecologo\/#breadcrumb\",\"itemListElement\":[{\"@type\":\"ListItem\",\"position\":1,\"name\":\"Home\",\"item\":\"https:\/\/multi-gyn.com\/uy\/\"},{\"@type\":\"ListItem\",\"position\":2,\"name\":\"Salud vaginal\",\"item\":\"https:\/\/multi-gyn.com\/uy\/salud-vaginal\/\"},{\"@type\":\"ListItem\",\"position\":3,\"name\":\"General\",\"item\":\"https:\/\/multi-gyn.com\/uy\/salud-vaginal\/general\/\"},{\"@type\":\"ListItem\",\"position\":4,\"name\":\"Ir al ginec\u00f3logo\"}]},{\"@type\":\"WebSite\",\"@id\":\"https:\/\/multi-gyn.com\/uy\/#website\",\"url\":\"https:\/\/multi-gyn.com\/uy\/\",\"name\":\"Multi-Gyn\",\"description\":\"\",\"publisher\":{\"@id\":\"https:\/\/multi-gyn.com\/uy\/#organization\"},\"potentialAction\":[{\"@type\":\"SearchAction\",\"target\":{\"@type\":\"EntryPoint\",\"urlTemplate\":\"https:\/\/multi-gyn.com\/uy\/?s={search_term_string}\"},\"query-input\":{\"@type\":\"PropertyValueSpecification\",\"valueRequired\":true,\"valueName\":\"search_term_string\"}}],\"inLanguage\":\"es-UY\"},{\"@type\":\"Organization\",\"@id\":\"https:\/\/multi-gyn.com\/uy\/#organization\",\"name\":\"Multi-Gyn\",\"url\":\"https:\/\/multi-gyn.com\/uy\/\",\"logo\":{\"@type\":\"ImageObject\",\"inLanguage\":\"es-UY\",\"@id\":\"https:\/\/multi-gyn.com\/uy\/#\/schema\/logo\/image\/\",\"url\":\"https:\/\/multi-gyn.com\/app\/uploads\/sites\/47\/2023\/05\/multi-gyn-logo.png\",\"contentUrl\":\"https:\/\/multi-gyn.com\/app\/uploads\/sites\/47\/2023\/05\/multi-gyn-logo.png\",\"width\":149,\"height\":32,\"caption\":\"Multi-Gyn\"},\"image\":{\"@id\":\"https:\/\/multi-gyn.com\/uy\/#\/schema\/logo\/image\/\"}}]}<\/script>\n<!-- \/ Yoast SEO plugin. -->","yoast_head_json":{"title":"Ir al ginec\u00f3logo - Multi-Gyn","description":"Si no se siente c\u00f3moda con un examen ginecol\u00f3gico o se est\u00e1 preparando para su primera visita al ginec\u00f3logo, observe la lista de cosas que puede esperar cuando vea al ginec\u00f3logo.","robots":{"index":"index","follow":"follow","max-snippet":"max-snippet:-1","max-image-preview":"max-image-preview:large","max-video-preview":"max-video-preview:-1"},"canonical":"https:\/\/multi-gyn.com\/uy\/salud-vaginal\/general\/ir-al-ginecologo\/","og_locale":"es_ES","og_type":"article","og_title":"Ir al ginec\u00f3logo - Multi-Gyn","og_description":"Si no se siente c\u00f3moda con un examen ginecol\u00f3gico o se est\u00e1 preparando para su primera visita al ginec\u00f3logo, observe la lista de cosas que puede esperar cuando vea al ginec\u00f3logo.","og_url":"https:\/\/multi-gyn.com\/uy\/salud-vaginal\/general\/ir-al-ginecologo\/","og_site_name":"Multi-Gyn","article_modified_time":"2023-05-12T07:00:05+00:00","twitter_card":"summary_large_image","twitter_misc":{"Est. reading time":"3 minutos"},"schema":{"@context":"https:\/\/schema.org","@graph":[{"@type":"WebPage","@id":"https:\/\/multi-gyn.com\/uy\/salud-vaginal\/general\/ir-al-ginecologo\/","url":"https:\/\/multi-gyn.com\/uy\/salud-vaginal\/general\/ir-al-ginecologo\/","name":"Ir al ginec\u00f3logo - Multi-Gyn","isPartOf":{"@id":"https:\/\/multi-gyn.com\/uy\/#website"},"datePublished":"2023-05-11T07:51:16+00:00","dateModified":"2023-05-12T07:00:05+00:00","description":"Si no se siente c\u00f3moda con un examen ginecol\u00f3gico o se est\u00e1 preparando para su primera visita al ginec\u00f3logo, observe la lista de cosas que puede esperar cuando vea al ginec\u00f3logo.","breadcrumb":{"@id":"https:\/\/multi-gyn.com\/uy\/salud-vaginal\/general\/ir-al-ginecologo\/#breadcrumb"},"inLanguage":"es-UY","potentialAction":[{"@type":"ReadAction","target":["https:\/\/multi-gyn.com\/uy\/salud-vaginal\/general\/ir-al-ginecologo\/"]}]},{"@type":"BreadcrumbList","@id":"https:\/\/multi-gyn.com\/uy\/salud-vaginal\/general\/ir-al-ginecologo\/#breadcrumb","itemListElement":[{"@type":"ListItem","position":1,"name":"Home","item":"https:\/\/multi-gyn.com\/uy\/"},{"@type":"ListItem","position":2,"name":"Salud vaginal","item":"https:\/\/multi-gyn.com\/uy\/salud-vaginal\/"},{"@type":"ListItem","position":3,"name":"General","item":"https:\/\/multi-gyn.com\/uy\/salud-vaginal\/general\/"},{"@type":"ListItem","position":4,"name":"Ir al ginec\u00f3logo"}]},{"@type":"WebSite","@id":"https:\/\/multi-gyn.com\/uy\/#website","url":"https:\/\/multi-gyn.com\/uy\/","name":"Multi-Gyn","description":"","publisher":{"@id":"https:\/\/multi-gyn.com\/uy\/#organization"},"potentialAction":[{"@type":"SearchAction","target":{"@type":"EntryPoint","urlTemplate":"https:\/\/multi-gyn.com\/uy\/?s={search_term_string}"},"query-input":{"@type":"PropertyValueSpecification","valueRequired":true,"valueName":"search_term_string"}}],"inLanguage":"es-UY"},{"@type":"Organization","@id":"https:\/\/multi-gyn.com\/uy\/#organization","name":"Multi-Gyn","url":"https:\/\/multi-gyn.com\/uy\/","logo":{"@type":"ImageObject","inLanguage":"es-UY","@id":"https:\/\/multi-gyn.com\/uy\/#\/schema\/logo\/image\/","url":"https:\/\/multi-gyn.com\/app\/uploads\/sites\/47\/2023\/05\/multi-gyn-logo.png","contentUrl":"https:\/\/multi-gyn.com\/app\/uploads\/sites\/47\/2023\/05\/multi-gyn-logo.png","width":149,"height":32,"caption":"Multi-Gyn"},"image":{"@id":"https:\/\/multi-gyn.com\/uy\/#\/schema\/logo\/image\/"}}]}},"_links":{"self":[{"href":"https:\/\/multi-gyn.com\/uy\/wp-json\/wp\/v2\/pages\/133","targetHints":{"allow":["GET"]}}],"collection":[{"href":"https:\/\/multi-gyn.com\/uy\/wp-json\/wp\/v2\/pages"}],"about":[{"href":"https:\/\/multi-gyn.com\/uy\/wp-json\/wp\/v2\/types\/page"}],"author":[{"embeddable":true,"href":"https:\/\/multi-gyn.com\/uy\/wp-json\/wp\/v2\/users\/2"}],"replies":[{"embeddable":true,"href":"https:\/\/multi-gyn.com\/uy\/wp-json\/wp\/v2\/comments?post=133"}],"version-history":[{"count":3,"href":"https:\/\/multi-gyn.com\/uy\/wp-json\/wp\/v2\/pages\/133\/revisions"}],"predecessor-version":[{"id":365,"href":"https:\/\/multi-gyn.com\/uy\/wp-json\/wp\/v2\/pages\/133\/revisions\/365"}],"up":[{"embeddable":true,"href":"https:\/\/multi-gyn.com\/uy\/wp-json\/wp\/v2\/pages\/27"}],"wp:attachment":[{"href":"https:\/\/multi-gyn.com\/uy\/wp-json\/wp\/v2\/media?parent=133"}],"wp:term":[{"taxonomy":"from-article-database","embeddable":true,"href":"https:\/\/multi-gyn.com\/uy\/wp-json\/wp\/v2\/from-article-database?post=133"}],"curies":[{"name":"wp","href":"https:\/\/api.w.org\/{rel}","templated":true}]}}