{"id":135,"date":"2023-05-11T04:51:30","date_gmt":"2023-05-11T07:51:30","guid":{"rendered":"https:\/\/multi-gyn.com\/uy\/?page_id=135"},"modified":"2023-05-12T04:01:50","modified_gmt":"2023-05-12T07:01:50","slug":"la-menopausia-y-sus-sintomas","status":"publish","type":"page","link":"https:\/\/multi-gyn.com\/uy\/salud-vaginal\/general\/la-menopausia-y-sus-sintomas\/","title":{"rendered":"La menopausia y sus s\u00edntomas"},"content":{"rendered":"\n<div class=\"wp-block-karopharma-free-text pt-large pb-large bg-center bg-cover bg-no-repeat  is-style-primary\" style=\"background-image:url()\"><div class=\"free-text-wrapper container max-w-medium text-left\">\n<h1 class=\"is-style-heading-h1 wp-block-heading\">La menopausia y sus s\u00edntomas<\/h1>\n\n\n\n<p class=\"is-style-paragraph-preamble\">La menopausia es una etapa natural de la vida de las mujeres \u2013 marca el final del per\u00edodo f\u00e9rtil de la mujer y puede ocurrir debido al proceso natural de envejecimiento, despu\u00e9s de ciertas cirug\u00edas o un tratamiento m\u00e9dico.<\/p>\n<\/div><\/div>\n\n\n\n<div class=\"wp-block-karopharma-free-text pt-large pb-large bg-center bg-cover bg-no-repeat  is-style-transparent\" style=\"background-image:url()\"><div class=\"free-text-wrapper container max-w-medium text-left\">\n<p>Es causado por una reducci\u00f3n de las hormonas sexuales llamadas estr\u00f3genos y progesterona que ya no producen los ovarios. El primer s\u00edntoma de la menopausia es una irregularidad en los per\u00edodos \u2013 puede notar un cambio en la cantidad de sangre menstrual, pero m\u00e1s frecuente que eso, la frecuencia de sus per\u00edodos cambiar\u00e1. Los per\u00edodos se volver\u00e1n m\u00e1s frecuentes o espor\u00e1dicos, hasta que se detienen completamente.<\/p>\n\n\n\n<p>Esta etapa de la menopausia se llama perimenopausia y los s\u00edntomas pueden durar incluso hasta despu\u00e9s de que los per\u00edodos se detienen \u2013 la mayor\u00eda de mujeres experimentan los s\u00edntomas caracter\u00edsticos de la menopausia por a\u00f1os despu\u00e9s del \u00faltimo per\u00edodo.<\/p>\n\n\n\n<h2 class=\"is-style-heading-h2 wp-block-heading\">D\u00e9 un vistazo a la lista de s\u00edntomas que pueden ocurrir durante la menopausia:<\/h2>\n\n\n\n<ul class=\"is-style-default wp-block-list\"><li>Resequedad vaginal, comez\u00f3n, ardor y dolor \u2013 esta condici\u00f3n puede afectar seriamente la calidad de vida causando fricci\u00f3n y dolor al hacer ejercicio, caminar o tener sexo. Un humectante vaginal puede brindarle alivio a largo plazo y permitirle disfrutar sus actividades favoritas sin una sensaci\u00f3n inc\u00f3moda y dolorosa all\u00ed abajo. Tambi\u00e9n puede aplicar un lubricante antes de tener relaciones sexuales, pero tenga en mente que a diferencia del humectante, un lubricante s\u00f3lo le dar\u00e1 un alivio a corto plazo.<\/li><li>Reducci\u00f3n de la libido \u2013 frecuentemente ocurre debido a la resequedad vaginal y tambi\u00e9n puede ser mejorada usando un humectante vaginal o un lubricante<\/li><li>Sofocos \u2013 una sensaci\u00f3n repentina de calor que se extiende a la cara, cuello y pecho, generando enrojecimiento de la piel<\/li><li>Sudoraci\u00f3n nocturna \u2013 en esencia, estos son sofocos que ocurren durante la noche<\/li><li>Dificultades para dormir \u2013 despertarse varias veces durante la noche, tener un sue\u00f1o inquieto o insomnio<\/li><li>Dolores de cabeza<\/li><li>Cambios de humor<\/li><li>Irritabilidad, ansiedad y depresi\u00f3n<\/li><li>Dificultad para concentrarse y lagunas de memoria<\/li><li>Fatiga<\/li><li>Mareo<\/li><li>Palpitaci\u00f3n card\u00edaca<\/li><li>Dolor y rigidez de articular<\/li><li>Reducci\u00f3n de la masa muscular<\/li><li>P\u00e9rdida de Buena postura y un mayor riesgo de fracturarse un hueso debido a la osteoporosis<\/li><li>Infecciones urinarias<\/li><li>P\u00e9rdida de cabello y u\u00f1as fr\u00e1giles<\/li><li>Aumento de peso<\/li><li>Incontinencia urinaria<\/li><li>Distensi\u00f3n abdominal<\/li><\/ul>\n\n\n\n<p>Hable con su doctor sobre encontrar la forma adecuada de manejar los s\u00edntomas \u2013 hay muchas opciones que pueden ayudarle a aliviar los s\u00edntomas y disfrutar su vida al m\u00e1ximo.<\/p>\n<\/div><\/div>\n","protected":false},"excerpt":{"rendered":"","protected":false},"author":2,"featured_media":0,"parent":27,"menu_order":5,"comment_status":"closed","ping_status":"closed","template":"","meta":{"_acf_changed":false,"footnotes":""},"from-article-database":[],"class_list":["post-135","page","type-page","status-publish","hentry"],"acf":[],"yoast_head":"<!-- This site is optimized with the Yoast SEO plugin v26.6 - https:\/\/yoast.com\/wordpress\/plugins\/seo\/ -->\n<title>La menopausia y sus s\u00edntomas - Multi-Gyn<\/title>\n<meta name=\"description\" content=\"La menopausia es una etapa natural de la vida de las mujeres \u2013 marca el final del per\u00edodo f\u00e9rtil de la mujer y puede ocurrir debido al proceso natural de envejecimiento, despu\u00e9s de ciertas cirug\u00edas o un tratamiento m\u00e9dico.\" \/>\n<meta name=\"robots\" content=\"index, follow, max-snippet:-1, max-image-preview:large, max-video-preview:-1\" \/>\n<link rel=\"canonical\" href=\"https:\/\/multi-gyn.com\/uy\/salud-vaginal\/general\/la-menopausia-y-sus-sintomas\/\" \/>\n<meta property=\"og:locale\" content=\"es_ES\" \/>\n<meta property=\"og:type\" content=\"article\" \/>\n<meta property=\"og:title\" content=\"La menopausia y sus s\u00edntomas - Multi-Gyn\" \/>\n<meta property=\"og:description\" content=\"La menopausia es una etapa natural de la vida de las mujeres \u2013 marca el final del per\u00edodo f\u00e9rtil de la mujer y puede ocurrir debido al proceso natural de envejecimiento, despu\u00e9s de ciertas cirug\u00edas o un tratamiento m\u00e9dico.\" \/>\n<meta property=\"og:url\" content=\"https:\/\/multi-gyn.com\/uy\/salud-vaginal\/general\/la-menopausia-y-sus-sintomas\/\" \/>\n<meta property=\"og:site_name\" content=\"Multi-Gyn\" \/>\n<meta property=\"article:modified_time\" content=\"2023-05-12T07:01:50+00:00\" \/>\n<meta name=\"twitter:card\" content=\"summary_large_image\" \/>\n<meta name=\"twitter:label1\" content=\"Est. reading time\" \/>\n\t<meta name=\"twitter:data1\" content=\"2 minutos\" \/>\n<script type=\"application\/ld+json\" class=\"yoast-schema-graph\">{\"@context\":\"https:\/\/schema.org\",\"@graph\":[{\"@type\":\"WebPage\",\"@id\":\"https:\/\/multi-gyn.com\/uy\/salud-vaginal\/general\/la-menopausia-y-sus-sintomas\/\",\"url\":\"https:\/\/multi-gyn.com\/uy\/salud-vaginal\/general\/la-menopausia-y-sus-sintomas\/\",\"name\":\"La menopausia y sus s\u00edntomas - Multi-Gyn\",\"isPartOf\":{\"@id\":\"https:\/\/multi-gyn.com\/uy\/#website\"},\"datePublished\":\"2023-05-11T07:51:30+00:00\",\"dateModified\":\"2023-05-12T07:01:50+00:00\",\"description\":\"La menopausia es una etapa natural de la vida de las mujeres \u2013 marca el final del per\u00edodo f\u00e9rtil de la mujer y puede ocurrir debido al proceso natural de envejecimiento, despu\u00e9s de ciertas cirug\u00edas o un tratamiento m\u00e9dico.\",\"breadcrumb\":{\"@id\":\"https:\/\/multi-gyn.com\/uy\/salud-vaginal\/general\/la-menopausia-y-sus-sintomas\/#breadcrumb\"},\"inLanguage\":\"es-UY\",\"potentialAction\":[{\"@type\":\"ReadAction\",\"target\":[\"https:\/\/multi-gyn.com\/uy\/salud-vaginal\/general\/la-menopausia-y-sus-sintomas\/\"]}]},{\"@type\":\"BreadcrumbList\",\"@id\":\"https:\/\/multi-gyn.com\/uy\/salud-vaginal\/general\/la-menopausia-y-sus-sintomas\/#breadcrumb\",\"itemListElement\":[{\"@type\":\"ListItem\",\"position\":1,\"name\":\"Home\",\"item\":\"https:\/\/multi-gyn.com\/uy\/\"},{\"@type\":\"ListItem\",\"position\":2,\"name\":\"Salud vaginal\",\"item\":\"https:\/\/multi-gyn.com\/uy\/salud-vaginal\/\"},{\"@type\":\"ListItem\",\"position\":3,\"name\":\"General\",\"item\":\"https:\/\/multi-gyn.com\/uy\/salud-vaginal\/general\/\"},{\"@type\":\"ListItem\",\"position\":4,\"name\":\"La menopausia y sus s\u00edntomas\"}]},{\"@type\":\"WebSite\",\"@id\":\"https:\/\/multi-gyn.com\/uy\/#website\",\"url\":\"https:\/\/multi-gyn.com\/uy\/\",\"name\":\"Multi-Gyn\",\"description\":\"\",\"publisher\":{\"@id\":\"https:\/\/multi-gyn.com\/uy\/#organization\"},\"potentialAction\":[{\"@type\":\"SearchAction\",\"target\":{\"@type\":\"EntryPoint\",\"urlTemplate\":\"https:\/\/multi-gyn.com\/uy\/?s={search_term_string}\"},\"query-input\":{\"@type\":\"PropertyValueSpecification\",\"valueRequired\":true,\"valueName\":\"search_term_string\"}}],\"inLanguage\":\"es-UY\"},{\"@type\":\"Organization\",\"@id\":\"https:\/\/multi-gyn.com\/uy\/#organization\",\"name\":\"Multi-Gyn\",\"url\":\"https:\/\/multi-gyn.com\/uy\/\",\"logo\":{\"@type\":\"ImageObject\",\"inLanguage\":\"es-UY\",\"@id\":\"https:\/\/multi-gyn.com\/uy\/#\/schema\/logo\/image\/\",\"url\":\"https:\/\/multi-gyn.com\/app\/uploads\/sites\/47\/2023\/05\/multi-gyn-logo.png\",\"contentUrl\":\"https:\/\/multi-gyn.com\/app\/uploads\/sites\/47\/2023\/05\/multi-gyn-logo.png\",\"width\":149,\"height\":32,\"caption\":\"Multi-Gyn\"},\"image\":{\"@id\":\"https:\/\/multi-gyn.com\/uy\/#\/schema\/logo\/image\/\"}}]}<\/script>\n<!-- \/ Yoast SEO plugin. -->","yoast_head_json":{"title":"La menopausia y sus s\u00edntomas - Multi-Gyn","description":"La menopausia es una etapa natural de la vida de las mujeres \u2013 marca el final del per\u00edodo f\u00e9rtil de la mujer y puede ocurrir debido al proceso natural de envejecimiento, despu\u00e9s de ciertas cirug\u00edas o un tratamiento m\u00e9dico.","robots":{"index":"index","follow":"follow","max-snippet":"max-snippet:-1","max-image-preview":"max-image-preview:large","max-video-preview":"max-video-preview:-1"},"canonical":"https:\/\/multi-gyn.com\/uy\/salud-vaginal\/general\/la-menopausia-y-sus-sintomas\/","og_locale":"es_ES","og_type":"article","og_title":"La menopausia y sus s\u00edntomas - Multi-Gyn","og_description":"La menopausia es una etapa natural de la vida de las mujeres \u2013 marca el final del per\u00edodo f\u00e9rtil de la mujer y puede ocurrir debido al proceso natural de envejecimiento, despu\u00e9s de ciertas cirug\u00edas o un tratamiento m\u00e9dico.","og_url":"https:\/\/multi-gyn.com\/uy\/salud-vaginal\/general\/la-menopausia-y-sus-sintomas\/","og_site_name":"Multi-Gyn","article_modified_time":"2023-05-12T07:01:50+00:00","twitter_card":"summary_large_image","twitter_misc":{"Est. reading time":"2 minutos"},"schema":{"@context":"https:\/\/schema.org","@graph":[{"@type":"WebPage","@id":"https:\/\/multi-gyn.com\/uy\/salud-vaginal\/general\/la-menopausia-y-sus-sintomas\/","url":"https:\/\/multi-gyn.com\/uy\/salud-vaginal\/general\/la-menopausia-y-sus-sintomas\/","name":"La menopausia y sus s\u00edntomas - Multi-Gyn","isPartOf":{"@id":"https:\/\/multi-gyn.com\/uy\/#website"},"datePublished":"2023-05-11T07:51:30+00:00","dateModified":"2023-05-12T07:01:50+00:00","description":"La menopausia es una etapa natural de la vida de las mujeres \u2013 marca el final del per\u00edodo f\u00e9rtil de la mujer y puede ocurrir debido al proceso natural de envejecimiento, despu\u00e9s de ciertas cirug\u00edas o un tratamiento m\u00e9dico.","breadcrumb":{"@id":"https:\/\/multi-gyn.com\/uy\/salud-vaginal\/general\/la-menopausia-y-sus-sintomas\/#breadcrumb"},"inLanguage":"es-UY","potentialAction":[{"@type":"ReadAction","target":["https:\/\/multi-gyn.com\/uy\/salud-vaginal\/general\/la-menopausia-y-sus-sintomas\/"]}]},{"@type":"BreadcrumbList","@id":"https:\/\/multi-gyn.com\/uy\/salud-vaginal\/general\/la-menopausia-y-sus-sintomas\/#breadcrumb","itemListElement":[{"@type":"ListItem","position":1,"name":"Home","item":"https:\/\/multi-gyn.com\/uy\/"},{"@type":"ListItem","position":2,"name":"Salud vaginal","item":"https:\/\/multi-gyn.com\/uy\/salud-vaginal\/"},{"@type":"ListItem","position":3,"name":"General","item":"https:\/\/multi-gyn.com\/uy\/salud-vaginal\/general\/"},{"@type":"ListItem","position":4,"name":"La menopausia y sus s\u00edntomas"}]},{"@type":"WebSite","@id":"https:\/\/multi-gyn.com\/uy\/#website","url":"https:\/\/multi-gyn.com\/uy\/","name":"Multi-Gyn","description":"","publisher":{"@id":"https:\/\/multi-gyn.com\/uy\/#organization"},"potentialAction":[{"@type":"SearchAction","target":{"@type":"EntryPoint","urlTemplate":"https:\/\/multi-gyn.com\/uy\/?s={search_term_string}"},"query-input":{"@type":"PropertyValueSpecification","valueRequired":true,"valueName":"search_term_string"}}],"inLanguage":"es-UY"},{"@type":"Organization","@id":"https:\/\/multi-gyn.com\/uy\/#organization","name":"Multi-Gyn","url":"https:\/\/multi-gyn.com\/uy\/","logo":{"@type":"ImageObject","inLanguage":"es-UY","@id":"https:\/\/multi-gyn.com\/uy\/#\/schema\/logo\/image\/","url":"https:\/\/multi-gyn.com\/app\/uploads\/sites\/47\/2023\/05\/multi-gyn-logo.png","contentUrl":"https:\/\/multi-gyn.com\/app\/uploads\/sites\/47\/2023\/05\/multi-gyn-logo.png","width":149,"height":32,"caption":"Multi-Gyn"},"image":{"@id":"https:\/\/multi-gyn.com\/uy\/#\/schema\/logo\/image\/"}}]}},"_links":{"self":[{"href":"https:\/\/multi-gyn.com\/uy\/wp-json\/wp\/v2\/pages\/135","targetHints":{"allow":["GET"]}}],"collection":[{"href":"https:\/\/multi-gyn.com\/uy\/wp-json\/wp\/v2\/pages"}],"about":[{"href":"https:\/\/multi-gyn.com\/uy\/wp-json\/wp\/v2\/types\/page"}],"author":[{"embeddable":true,"href":"https:\/\/multi-gyn.com\/uy\/wp-json\/wp\/v2\/users\/2"}],"replies":[{"embeddable":true,"href":"https:\/\/multi-gyn.com\/uy\/wp-json\/wp\/v2\/comments?post=135"}],"version-history":[{"count":3,"href":"https:\/\/multi-gyn.com\/uy\/wp-json\/wp\/v2\/pages\/135\/revisions"}],"predecessor-version":[{"id":367,"href":"https:\/\/multi-gyn.com\/uy\/wp-json\/wp\/v2\/pages\/135\/revisions\/367"}],"up":[{"embeddable":true,"href":"https:\/\/multi-gyn.com\/uy\/wp-json\/wp\/v2\/pages\/27"}],"wp:attachment":[{"href":"https:\/\/multi-gyn.com\/uy\/wp-json\/wp\/v2\/media?parent=135"}],"wp:term":[{"taxonomy":"from-article-database","embeddable":true,"href":"https:\/\/multi-gyn.com\/uy\/wp-json\/wp\/v2\/from-article-database?post=135"}],"curies":[{"name":"wp","href":"https:\/\/api.w.org\/{rel}","templated":true}]}}