{"id":137,"date":"2023-05-11T04:51:45","date_gmt":"2023-05-11T07:51:45","guid":{"rendered":"https:\/\/multi-gyn.com\/uy\/?page_id=137"},"modified":"2023-05-12T04:04:21","modified_gmt":"2023-05-12T07:04:21","slug":"la-diferencia-entre-la-vagina-y-la-vulva","status":"publish","type":"page","link":"https:\/\/multi-gyn.com\/uy\/salud-vaginal\/general\/la-diferencia-entre-la-vagina-y-la-vulva\/","title":{"rendered":"La diferencia entre la vagina y la vulva"},"content":{"rendered":"\n<div class=\"wp-block-karopharma-free-text pt-large pb-large bg-center bg-cover bg-no-repeat  is-style-primary\" style=\"background-image:url()\"><div class=\"free-text-wrapper container max-w-medium text-left\">\n<h1 class=\"is-style-heading-h1 wp-block-heading\">La diferencia entre la vagina y la vulva<\/h1>\n\n\n\n<p class=\"is-style-paragraph-preamble\">Si se les pidiera mencionar los principales \u00f3rganos del sistema reproductivo femenino, la mayor\u00eda de personas nombrar\u00eda la vagina, el \u00fatero y los ovarios r\u00e1pidamente. Sin embargo, aun si est\u00e1n imaginando el esquema en sus cabezas, es probable que este esquema sea incorrecto.<\/p>\n<\/div><\/div>\n\n\n\n<div class=\"wp-block-karopharma-free-text pt-large pb-large bg-center bg-cover bg-no-repeat  is-style-transparent\" style=\"background-image:url()\"><div class=\"free-text-wrapper container max-w-medium text-left\">\n<p>La raz\u00f3n yace en el concepto err\u00f3neo de que la vagina es el \u00f3rgano reproductor que est\u00e1 visible en la superficie, el que puede ser visto entre las piernas de la mujer. Muchas personas no saben la diferencia entre vagina y vulva. Esto no es una sorpresa, ya que usualmente nos referimos a la \u201csalud vulvovaginal\u201d como \u201csalud vaginal\u201d, y la \u201chigiene vulvovaginal\u201d es llamada con m\u00e1s frecuencia \u201chigiene vaginal\u201d. La conveniencia de palabras m\u00e1s cortas ha sobrepasado la necesidad de exactitud. La diferencia entre vagina y vulva es principalmente anat\u00f3mica e histol\u00f3gica, lo que se traduce en diferentes necesidades de higiene y diferentes patolog\u00edas.<\/p>\n\n\n\n<h2 class=\"is-style-heading-h2 wp-block-heading\">Anatom\u00eda de la vagina y la vulva<\/h2>\n\n\n\n<p>La vulva es la parte externa de nuestro aparato genital. Consta de los labios mayores y menores, el cl\u00edtoris, el monte de Venus, el orificio de la vagina y otras estructuras anat\u00f3micas. Las \u201cpuertas dobles\u201d \u2013 labios mayores y menores \u2013 ayudan a proteger el interior de la vagina de contaminantes externos. Tambi\u00e9n ofrece humedad gracias a las gl\u00e1ndulas localizadas en los labios.<\/p>\n\n\n\n<p class=\"is-style-paragraph-preamble has-primary-color has-text-color\"><em>\u00abLa raz\u00f3n yace en el concepto err\u00f3neo de que la vagina es el \u00f3rgano reproductor que est\u00e1 visible en la superficie, el que puede ser visto entre las piernas de la mujer.\u00bb<\/em><\/p>\n\n\n\n<p>La vagina es el conducto que conecta la vulva al cuello uterino y al \u00fatero. Es una trompa el\u00e1stica cubierta con tejido mucoso con su propia flora microbiana y un pH \u00e1cido especifico, y desempe\u00f1a el papel principal en el almacenamiento y transporte del esperma al \u00fatero y las trompas de Falopio para la fertilizaci\u00f3n de los \u00f3vulos, y para el nacimiento del beb\u00e9. Las medidas exactas de la vagina siguen siendo objeto de controversia, pero definitivamente var\u00edan entre individuos. El tama\u00f1o medio de la vagina es aproximadamente de 8 cms de longitud, pero durante la excitaci\u00f3n se vuelve muy el\u00e1stica y puede llegar a un tama\u00f1o mucho m\u00e1s grande.<\/p>\n\n\n\n<h2 class=\"is-style-heading-h2 wp-block-heading\">Higiene vulvovaginal<\/h2>\n\n\n\n<p>La vagina es un \u00f3rgano que se auto limpia, lo que quiere decir que en circunstancias normales no hay necesidad de lavarla adentro. La vulva, por otro lado, deber\u00eda ser lavada regularmente, por lo menos una vez al d\u00eda, para ayudar a proteger a la vagina de contaminaci\u00f3n potencial.<\/p>\n\n\n\n<p>Nunca deber\u00eda usar productos que contengan jab\u00f3n o qu\u00edmicos agresivos para lavar sus partes \u00edntimas, ya que pueden da\u00f1ar el equilibrio fisiol\u00f3gico de la flora vaginal y arrasar con su lubricante protector natural y sus componentes humectantes. Algunas veces, el equilibrio de la flora vaginal se altera, o hay una infecci\u00f3n y se necesita cuidado adicional. En este caso, es importante reconocer los s\u00edntomas y contactar al doctor, para aplicar el tratamiento correcto.<\/p>\n<\/div><\/div>\n","protected":false},"excerpt":{"rendered":"","protected":false},"author":2,"featured_media":0,"parent":27,"menu_order":6,"comment_status":"closed","ping_status":"closed","template":"","meta":{"_acf_changed":false,"footnotes":""},"from-article-database":[],"class_list":["post-137","page","type-page","status-publish","hentry"],"acf":[],"yoast_head":"<!-- This site is optimized with the Yoast SEO plugin v26.6 - https:\/\/yoast.com\/wordpress\/plugins\/seo\/ -->\n<title>La diferencia entre la vagina y la vulva - Multi-Gyn<\/title>\n<meta name=\"description\" content=\"Si se les pidiera mencionar los principales \u00f3rganos del sistema reproductivo femenino, la mayor\u00eda de personas nombrar\u00eda la vagina, el \u00fatero y los ovarios r\u00e1pidamente.\" \/>\n<meta name=\"robots\" content=\"index, follow, max-snippet:-1, max-image-preview:large, max-video-preview:-1\" \/>\n<link rel=\"canonical\" href=\"https:\/\/multi-gyn.com\/uy\/salud-vaginal\/general\/la-diferencia-entre-la-vagina-y-la-vulva\/\" \/>\n<meta property=\"og:locale\" content=\"es_ES\" \/>\n<meta property=\"og:type\" content=\"article\" \/>\n<meta property=\"og:title\" content=\"La diferencia entre la vagina y la vulva - Multi-Gyn\" \/>\n<meta property=\"og:description\" content=\"Si se les pidiera mencionar los principales \u00f3rganos del sistema reproductivo femenino, la mayor\u00eda de personas nombrar\u00eda la vagina, el \u00fatero y los ovarios r\u00e1pidamente.\" \/>\n<meta property=\"og:url\" content=\"https:\/\/multi-gyn.com\/uy\/salud-vaginal\/general\/la-diferencia-entre-la-vagina-y-la-vulva\/\" \/>\n<meta property=\"og:site_name\" content=\"Multi-Gyn\" \/>\n<meta property=\"article:modified_time\" content=\"2023-05-12T07:04:21+00:00\" \/>\n<meta name=\"twitter:card\" content=\"summary_large_image\" \/>\n<meta name=\"twitter:label1\" content=\"Est. reading time\" \/>\n\t<meta name=\"twitter:data1\" content=\"3 minutos\" \/>\n<script type=\"application\/ld+json\" class=\"yoast-schema-graph\">{\"@context\":\"https:\/\/schema.org\",\"@graph\":[{\"@type\":\"WebPage\",\"@id\":\"https:\/\/multi-gyn.com\/uy\/salud-vaginal\/general\/la-diferencia-entre-la-vagina-y-la-vulva\/\",\"url\":\"https:\/\/multi-gyn.com\/uy\/salud-vaginal\/general\/la-diferencia-entre-la-vagina-y-la-vulva\/\",\"name\":\"La diferencia entre la vagina y la vulva - Multi-Gyn\",\"isPartOf\":{\"@id\":\"https:\/\/multi-gyn.com\/uy\/#website\"},\"datePublished\":\"2023-05-11T07:51:45+00:00\",\"dateModified\":\"2023-05-12T07:04:21+00:00\",\"description\":\"Si se les pidiera mencionar los principales \u00f3rganos del sistema reproductivo femenino, la mayor\u00eda de personas nombrar\u00eda la vagina, el \u00fatero y los ovarios r\u00e1pidamente.\",\"breadcrumb\":{\"@id\":\"https:\/\/multi-gyn.com\/uy\/salud-vaginal\/general\/la-diferencia-entre-la-vagina-y-la-vulva\/#breadcrumb\"},\"inLanguage\":\"es-UY\",\"potentialAction\":[{\"@type\":\"ReadAction\",\"target\":[\"https:\/\/multi-gyn.com\/uy\/salud-vaginal\/general\/la-diferencia-entre-la-vagina-y-la-vulva\/\"]}]},{\"@type\":\"BreadcrumbList\",\"@id\":\"https:\/\/multi-gyn.com\/uy\/salud-vaginal\/general\/la-diferencia-entre-la-vagina-y-la-vulva\/#breadcrumb\",\"itemListElement\":[{\"@type\":\"ListItem\",\"position\":1,\"name\":\"Home\",\"item\":\"https:\/\/multi-gyn.com\/uy\/\"},{\"@type\":\"ListItem\",\"position\":2,\"name\":\"Salud vaginal\",\"item\":\"https:\/\/multi-gyn.com\/uy\/salud-vaginal\/\"},{\"@type\":\"ListItem\",\"position\":3,\"name\":\"General\",\"item\":\"https:\/\/multi-gyn.com\/uy\/salud-vaginal\/general\/\"},{\"@type\":\"ListItem\",\"position\":4,\"name\":\"La diferencia entre la vagina y la vulva\"}]},{\"@type\":\"WebSite\",\"@id\":\"https:\/\/multi-gyn.com\/uy\/#website\",\"url\":\"https:\/\/multi-gyn.com\/uy\/\",\"name\":\"Multi-Gyn\",\"description\":\"\",\"publisher\":{\"@id\":\"https:\/\/multi-gyn.com\/uy\/#organization\"},\"potentialAction\":[{\"@type\":\"SearchAction\",\"target\":{\"@type\":\"EntryPoint\",\"urlTemplate\":\"https:\/\/multi-gyn.com\/uy\/?s={search_term_string}\"},\"query-input\":{\"@type\":\"PropertyValueSpecification\",\"valueRequired\":true,\"valueName\":\"search_term_string\"}}],\"inLanguage\":\"es-UY\"},{\"@type\":\"Organization\",\"@id\":\"https:\/\/multi-gyn.com\/uy\/#organization\",\"name\":\"Multi-Gyn\",\"url\":\"https:\/\/multi-gyn.com\/uy\/\",\"logo\":{\"@type\":\"ImageObject\",\"inLanguage\":\"es-UY\",\"@id\":\"https:\/\/multi-gyn.com\/uy\/#\/schema\/logo\/image\/\",\"url\":\"https:\/\/multi-gyn.com\/app\/uploads\/sites\/47\/2023\/05\/multi-gyn-logo.png\",\"contentUrl\":\"https:\/\/multi-gyn.com\/app\/uploads\/sites\/47\/2023\/05\/multi-gyn-logo.png\",\"width\":149,\"height\":32,\"caption\":\"Multi-Gyn\"},\"image\":{\"@id\":\"https:\/\/multi-gyn.com\/uy\/#\/schema\/logo\/image\/\"}}]}<\/script>\n<!-- \/ Yoast SEO plugin. -->","yoast_head_json":{"title":"La diferencia entre la vagina y la vulva - Multi-Gyn","description":"Si se les pidiera mencionar los principales \u00f3rganos del sistema reproductivo femenino, la mayor\u00eda de personas nombrar\u00eda la vagina, el \u00fatero y los ovarios r\u00e1pidamente.","robots":{"index":"index","follow":"follow","max-snippet":"max-snippet:-1","max-image-preview":"max-image-preview:large","max-video-preview":"max-video-preview:-1"},"canonical":"https:\/\/multi-gyn.com\/uy\/salud-vaginal\/general\/la-diferencia-entre-la-vagina-y-la-vulva\/","og_locale":"es_ES","og_type":"article","og_title":"La diferencia entre la vagina y la vulva - Multi-Gyn","og_description":"Si se les pidiera mencionar los principales \u00f3rganos del sistema reproductivo femenino, la mayor\u00eda de personas nombrar\u00eda la vagina, el \u00fatero y los ovarios r\u00e1pidamente.","og_url":"https:\/\/multi-gyn.com\/uy\/salud-vaginal\/general\/la-diferencia-entre-la-vagina-y-la-vulva\/","og_site_name":"Multi-Gyn","article_modified_time":"2023-05-12T07:04:21+00:00","twitter_card":"summary_large_image","twitter_misc":{"Est. reading time":"3 minutos"},"schema":{"@context":"https:\/\/schema.org","@graph":[{"@type":"WebPage","@id":"https:\/\/multi-gyn.com\/uy\/salud-vaginal\/general\/la-diferencia-entre-la-vagina-y-la-vulva\/","url":"https:\/\/multi-gyn.com\/uy\/salud-vaginal\/general\/la-diferencia-entre-la-vagina-y-la-vulva\/","name":"La diferencia entre la vagina y la vulva - Multi-Gyn","isPartOf":{"@id":"https:\/\/multi-gyn.com\/uy\/#website"},"datePublished":"2023-05-11T07:51:45+00:00","dateModified":"2023-05-12T07:04:21+00:00","description":"Si se les pidiera mencionar los principales \u00f3rganos del sistema reproductivo femenino, la mayor\u00eda de personas nombrar\u00eda la vagina, el \u00fatero y los ovarios r\u00e1pidamente.","breadcrumb":{"@id":"https:\/\/multi-gyn.com\/uy\/salud-vaginal\/general\/la-diferencia-entre-la-vagina-y-la-vulva\/#breadcrumb"},"inLanguage":"es-UY","potentialAction":[{"@type":"ReadAction","target":["https:\/\/multi-gyn.com\/uy\/salud-vaginal\/general\/la-diferencia-entre-la-vagina-y-la-vulva\/"]}]},{"@type":"BreadcrumbList","@id":"https:\/\/multi-gyn.com\/uy\/salud-vaginal\/general\/la-diferencia-entre-la-vagina-y-la-vulva\/#breadcrumb","itemListElement":[{"@type":"ListItem","position":1,"name":"Home","item":"https:\/\/multi-gyn.com\/uy\/"},{"@type":"ListItem","position":2,"name":"Salud vaginal","item":"https:\/\/multi-gyn.com\/uy\/salud-vaginal\/"},{"@type":"ListItem","position":3,"name":"General","item":"https:\/\/multi-gyn.com\/uy\/salud-vaginal\/general\/"},{"@type":"ListItem","position":4,"name":"La diferencia entre la vagina y la vulva"}]},{"@type":"WebSite","@id":"https:\/\/multi-gyn.com\/uy\/#website","url":"https:\/\/multi-gyn.com\/uy\/","name":"Multi-Gyn","description":"","publisher":{"@id":"https:\/\/multi-gyn.com\/uy\/#organization"},"potentialAction":[{"@type":"SearchAction","target":{"@type":"EntryPoint","urlTemplate":"https:\/\/multi-gyn.com\/uy\/?s={search_term_string}"},"query-input":{"@type":"PropertyValueSpecification","valueRequired":true,"valueName":"search_term_string"}}],"inLanguage":"es-UY"},{"@type":"Organization","@id":"https:\/\/multi-gyn.com\/uy\/#organization","name":"Multi-Gyn","url":"https:\/\/multi-gyn.com\/uy\/","logo":{"@type":"ImageObject","inLanguage":"es-UY","@id":"https:\/\/multi-gyn.com\/uy\/#\/schema\/logo\/image\/","url":"https:\/\/multi-gyn.com\/app\/uploads\/sites\/47\/2023\/05\/multi-gyn-logo.png","contentUrl":"https:\/\/multi-gyn.com\/app\/uploads\/sites\/47\/2023\/05\/multi-gyn-logo.png","width":149,"height":32,"caption":"Multi-Gyn"},"image":{"@id":"https:\/\/multi-gyn.com\/uy\/#\/schema\/logo\/image\/"}}]}},"_links":{"self":[{"href":"https:\/\/multi-gyn.com\/uy\/wp-json\/wp\/v2\/pages\/137","targetHints":{"allow":["GET"]}}],"collection":[{"href":"https:\/\/multi-gyn.com\/uy\/wp-json\/wp\/v2\/pages"}],"about":[{"href":"https:\/\/multi-gyn.com\/uy\/wp-json\/wp\/v2\/types\/page"}],"author":[{"embeddable":true,"href":"https:\/\/multi-gyn.com\/uy\/wp-json\/wp\/v2\/users\/2"}],"replies":[{"embeddable":true,"href":"https:\/\/multi-gyn.com\/uy\/wp-json\/wp\/v2\/comments?post=137"}],"version-history":[{"count":3,"href":"https:\/\/multi-gyn.com\/uy\/wp-json\/wp\/v2\/pages\/137\/revisions"}],"predecessor-version":[{"id":369,"href":"https:\/\/multi-gyn.com\/uy\/wp-json\/wp\/v2\/pages\/137\/revisions\/369"}],"up":[{"embeddable":true,"href":"https:\/\/multi-gyn.com\/uy\/wp-json\/wp\/v2\/pages\/27"}],"wp:attachment":[{"href":"https:\/\/multi-gyn.com\/uy\/wp-json\/wp\/v2\/media?parent=137"}],"wp:term":[{"taxonomy":"from-article-database","embeddable":true,"href":"https:\/\/multi-gyn.com\/uy\/wp-json\/wp\/v2\/from-article-database?post=137"}],"curies":[{"name":"wp","href":"https:\/\/api.w.org\/{rel}","templated":true}]}}