{"id":139,"date":"2023-05-11T04:52:01","date_gmt":"2023-05-11T07:52:01","guid":{"rendered":"https:\/\/multi-gyn.com\/uy\/?page_id=139"},"modified":"2023-05-12T04:40:42","modified_gmt":"2023-05-12T07:40:42","slug":"ph-vaginal-su-vagina-es-acida-o-alcalina","status":"publish","type":"page","link":"https:\/\/multi-gyn.com\/uy\/salud-vaginal\/general\/ph-vaginal-su-vagina-es-acida-o-alcalina\/","title":{"rendered":"pH vaginal \u2013 \u00bfsu vagina es \u00e1cida o alcalina?"},"content":{"rendered":"\n<div class=\"wp-block-karopharma-free-text pt-large pb-large bg-center bg-cover bg-no-repeat  is-style-primary\" style=\"background-image:url()\"><div class=\"free-text-wrapper container max-w-medium text-left\">\n<h1 class=\"is-style-heading-h1 wp-block-heading\">pH vaginal \u2013 \u00bfsu vagina es \u00e1cida o alcalina?<\/h1>\n\n\n\n<p class=\"is-style-paragraph-preamble\">Probablemente haya escuchado que el valor del pH vaginal es una parte importante de la salud \u00edntima. Pero, \u00bfQu\u00e9 es exactamente pH y por qu\u00e9 es tan importante para nuestra salud reproductiva? Siga leyendo para saber qu\u00e9 es un valor del pH vaginal normal y si su vagina deber\u00eda ser \u00e1cida o alcalina.<\/p>\n<\/div><\/div>\n\n\n\n<div class=\"wp-block-karopharma-free-text pt-large pb-large bg-center bg-cover bg-no-repeat  is-style-transparent\" style=\"background-image:url()\"><div class=\"free-text-wrapper container max-w-medium text-left\">\n<h2 class=\"is-style-heading-h2 wp-block-heading\">\u00bfQu\u00e9 es el valor pH?<\/h2>\n\n\n\n<p>El pH es una escala que indica la acidez y alcalinidad. El rango va de 0 a 14, donde 0 es el m\u00e1s \u00e1cido y 14 el m\u00e1s alcalino. El pH del agua es 7, lo que generalmente se denomina pH neutral. Un valor de pH vaginal sano est\u00e1 entre 3.8 y 4.5, bien entre el rango de acidez. La causa de esto son las bacterias beneficiosas que viven en la vagina que producen \u00e1cido l\u00e1ctico que reduce el valor del pH.<\/p>\n\n\n\n<h2 class=\"is-style-heading-h2 wp-block-heading\">La importancia del pH vaginal<\/h2>\n\n\n\n<p>El entorno \u00e1cido de la vagina es una barrera natural para la infecci\u00f3n e irritaci\u00f3n, ya que contiene el crecimiento de bacterias perjudiciales que prefieren un entorno menos \u00e1cido. Esto quiere decir que siempre y cuando nuestro recuento de bacterias beneficiosas es alto y el pH vaginal es \u00e1cido, las bacterias perjudiciales tienen una remota posibilidad de crecer demasiado, haciendo que la probabilidad de infecci\u00f3n sea baja.<\/p>\n\n\n\n<p>Tan pronto el valor del pH vaginal aumenta por encima del valor de 4.5 las bacterias perjudiciales aprovechan la oportunidad para desarrollarse y crecer, causando eventualmente una infecci\u00f3n. Esto puede ocasionar s\u00edntomas como secreci\u00f3n, mal olor, comez\u00f3n y otras molestias vaginales. Los cambios en el valor del pH generalmente est\u00e1n conectados con la vaginosis bacteriana.<\/p>\n\n\n\n<h2 class=\"is-style-heading-h2 wp-block-heading\">\u00bfQu\u00e9 ocasiona cambios en el pH?<\/h2>\n\n\n\n<p>El valor del pH puede cambiar debido a numerosos factores \u2013 aqu\u00ed hay algunas cosas que puede hacer para proteger su salud vaginal y mantener el valor del pH en el rango de acidez:<\/p>\n\n\n\n<ul class=\"is-style-default wp-block-list\"><li><strong>Antibi\u00f3ticos<\/strong>. Este medicamento no s\u00f3lo mata las bacterias perjudiciales, sino que tambi\u00e9n las beneficiosas, que son responsables de mantener la vagina \u00e1cida y saludable. Al usar antibi\u00f3ticos o despu\u00e9s, use un producto que estimule las bacterias beneficiosas.<\/li><li><strong>Relaciones sexuales<\/strong>. El valor del pH alcalino del semen puede alterar el entorno \u00e1cido de la vagina y estimular la bacteria que causa la VB. Usted puede darse cuenta de esto por un olor fuerte despu\u00e9s de tener sexo sin protecci\u00f3n. Si esto le pasa, considere usar cond\u00f3n para prevenir molestias.<\/li><li><strong>Lactancia o menopausia<\/strong>. La reducci\u00f3n de los niveles de estr\u00f3genos (ej. debido a la lactancia o la menopausia) puede reducir el n\u00famero de lactobacilos, y eventualmente causar un aumento en el pH vaginal (por consiguiente, reducci\u00f3n en la acidez). Si est\u00e1 lactando o tiene la menopausia, pruebe con un producto prebi\u00f3tico que pueda estimular el crecimiento de las bacterias beneficiosas y mantenga el valor pH en el rango saludable.<\/li><\/ul>\n\n\n\n<p class=\"is-style-paragraph-preamble has-primary-color has-text-color\"><em>\u00abTan pronto el valor del pH vaginal aumenta por encima del valor de 4.5 las bacterias perjudiciales aprovechan la oportunidad para desarrollarse y crecer, causando eventualmente una infecci\u00f3n.\u00bb<\/em><\/p>\n<\/div><\/div>\n","protected":false},"excerpt":{"rendered":"","protected":false},"author":2,"featured_media":0,"parent":27,"menu_order":7,"comment_status":"closed","ping_status":"closed","template":"","meta":{"_acf_changed":false,"footnotes":""},"from-article-database":[],"class_list":["post-139","page","type-page","status-publish","hentry"],"acf":[],"yoast_head":"<!-- This site is optimized with the Yoast SEO plugin v26.6 - https:\/\/yoast.com\/wordpress\/plugins\/seo\/ -->\n<title>pH vaginal \u2013 \u00bfsu vagina es \u00e1cida o alcalina? - Multi-Gyn<\/title>\n<meta name=\"description\" content=\"Probablemente haya escuchado que el valor del pH vaginal es una parte importante de la salud \u00edntima. Pero, \u00bfQu\u00e9 es exactamente pH y por qu\u00e9 es tan importante para nuestra salud reproductiva?\" \/>\n<meta name=\"robots\" content=\"index, follow, max-snippet:-1, max-image-preview:large, max-video-preview:-1\" \/>\n<link rel=\"canonical\" href=\"https:\/\/multi-gyn.com\/uy\/salud-vaginal\/general\/ph-vaginal-su-vagina-es-acida-o-alcalina\/\" \/>\n<meta property=\"og:locale\" content=\"es_ES\" \/>\n<meta property=\"og:type\" content=\"article\" \/>\n<meta property=\"og:title\" content=\"pH vaginal \u2013 \u00bfsu vagina es \u00e1cida o alcalina? - Multi-Gyn\" \/>\n<meta property=\"og:description\" content=\"Probablemente haya escuchado que el valor del pH vaginal es una parte importante de la salud \u00edntima. Pero, \u00bfQu\u00e9 es exactamente pH y por qu\u00e9 es tan importante para nuestra salud reproductiva?\" \/>\n<meta property=\"og:url\" content=\"https:\/\/multi-gyn.com\/uy\/salud-vaginal\/general\/ph-vaginal-su-vagina-es-acida-o-alcalina\/\" \/>\n<meta property=\"og:site_name\" content=\"Multi-Gyn\" \/>\n<meta property=\"article:modified_time\" content=\"2023-05-12T07:40:42+00:00\" \/>\n<meta name=\"twitter:card\" content=\"summary_large_image\" \/>\n<meta name=\"twitter:label1\" content=\"Est. reading time\" \/>\n\t<meta name=\"twitter:data1\" content=\"3 minutos\" \/>\n<script type=\"application\/ld+json\" class=\"yoast-schema-graph\">{\"@context\":\"https:\/\/schema.org\",\"@graph\":[{\"@type\":\"WebPage\",\"@id\":\"https:\/\/multi-gyn.com\/uy\/salud-vaginal\/general\/ph-vaginal-su-vagina-es-acida-o-alcalina\/\",\"url\":\"https:\/\/multi-gyn.com\/uy\/salud-vaginal\/general\/ph-vaginal-su-vagina-es-acida-o-alcalina\/\",\"name\":\"pH vaginal \u2013 \u00bfsu vagina es \u00e1cida o alcalina? - Multi-Gyn\",\"isPartOf\":{\"@id\":\"https:\/\/multi-gyn.com\/uy\/#website\"},\"datePublished\":\"2023-05-11T07:52:01+00:00\",\"dateModified\":\"2023-05-12T07:40:42+00:00\",\"description\":\"Probablemente haya escuchado que el valor del pH vaginal es una parte importante de la salud \u00edntima. Pero, \u00bfQu\u00e9 es exactamente pH y por qu\u00e9 es tan importante para nuestra salud reproductiva?\",\"breadcrumb\":{\"@id\":\"https:\/\/multi-gyn.com\/uy\/salud-vaginal\/general\/ph-vaginal-su-vagina-es-acida-o-alcalina\/#breadcrumb\"},\"inLanguage\":\"es-UY\",\"potentialAction\":[{\"@type\":\"ReadAction\",\"target\":[\"https:\/\/multi-gyn.com\/uy\/salud-vaginal\/general\/ph-vaginal-su-vagina-es-acida-o-alcalina\/\"]}]},{\"@type\":\"BreadcrumbList\",\"@id\":\"https:\/\/multi-gyn.com\/uy\/salud-vaginal\/general\/ph-vaginal-su-vagina-es-acida-o-alcalina\/#breadcrumb\",\"itemListElement\":[{\"@type\":\"ListItem\",\"position\":1,\"name\":\"Home\",\"item\":\"https:\/\/multi-gyn.com\/uy\/\"},{\"@type\":\"ListItem\",\"position\":2,\"name\":\"Salud vaginal\",\"item\":\"https:\/\/multi-gyn.com\/uy\/salud-vaginal\/\"},{\"@type\":\"ListItem\",\"position\":3,\"name\":\"General\",\"item\":\"https:\/\/multi-gyn.com\/uy\/salud-vaginal\/general\/\"},{\"@type\":\"ListItem\",\"position\":4,\"name\":\"pH vaginal \u2013 \u00bfsu vagina es \u00e1cida o alcalina?\"}]},{\"@type\":\"WebSite\",\"@id\":\"https:\/\/multi-gyn.com\/uy\/#website\",\"url\":\"https:\/\/multi-gyn.com\/uy\/\",\"name\":\"Multi-Gyn\",\"description\":\"\",\"publisher\":{\"@id\":\"https:\/\/multi-gyn.com\/uy\/#organization\"},\"potentialAction\":[{\"@type\":\"SearchAction\",\"target\":{\"@type\":\"EntryPoint\",\"urlTemplate\":\"https:\/\/multi-gyn.com\/uy\/?s={search_term_string}\"},\"query-input\":{\"@type\":\"PropertyValueSpecification\",\"valueRequired\":true,\"valueName\":\"search_term_string\"}}],\"inLanguage\":\"es-UY\"},{\"@type\":\"Organization\",\"@id\":\"https:\/\/multi-gyn.com\/uy\/#organization\",\"name\":\"Multi-Gyn\",\"url\":\"https:\/\/multi-gyn.com\/uy\/\",\"logo\":{\"@type\":\"ImageObject\",\"inLanguage\":\"es-UY\",\"@id\":\"https:\/\/multi-gyn.com\/uy\/#\/schema\/logo\/image\/\",\"url\":\"https:\/\/multi-gyn.com\/app\/uploads\/sites\/47\/2023\/05\/multi-gyn-logo.png\",\"contentUrl\":\"https:\/\/multi-gyn.com\/app\/uploads\/sites\/47\/2023\/05\/multi-gyn-logo.png\",\"width\":149,\"height\":32,\"caption\":\"Multi-Gyn\"},\"image\":{\"@id\":\"https:\/\/multi-gyn.com\/uy\/#\/schema\/logo\/image\/\"}}]}<\/script>\n<!-- \/ Yoast SEO plugin. -->","yoast_head_json":{"title":"pH vaginal \u2013 \u00bfsu vagina es \u00e1cida o alcalina? - Multi-Gyn","description":"Probablemente haya escuchado que el valor del pH vaginal es una parte importante de la salud \u00edntima. Pero, \u00bfQu\u00e9 es exactamente pH y por qu\u00e9 es tan importante para nuestra salud reproductiva?","robots":{"index":"index","follow":"follow","max-snippet":"max-snippet:-1","max-image-preview":"max-image-preview:large","max-video-preview":"max-video-preview:-1"},"canonical":"https:\/\/multi-gyn.com\/uy\/salud-vaginal\/general\/ph-vaginal-su-vagina-es-acida-o-alcalina\/","og_locale":"es_ES","og_type":"article","og_title":"pH vaginal \u2013 \u00bfsu vagina es \u00e1cida o alcalina? - Multi-Gyn","og_description":"Probablemente haya escuchado que el valor del pH vaginal es una parte importante de la salud \u00edntima. Pero, \u00bfQu\u00e9 es exactamente pH y por qu\u00e9 es tan importante para nuestra salud reproductiva?","og_url":"https:\/\/multi-gyn.com\/uy\/salud-vaginal\/general\/ph-vaginal-su-vagina-es-acida-o-alcalina\/","og_site_name":"Multi-Gyn","article_modified_time":"2023-05-12T07:40:42+00:00","twitter_card":"summary_large_image","twitter_misc":{"Est. reading time":"3 minutos"},"schema":{"@context":"https:\/\/schema.org","@graph":[{"@type":"WebPage","@id":"https:\/\/multi-gyn.com\/uy\/salud-vaginal\/general\/ph-vaginal-su-vagina-es-acida-o-alcalina\/","url":"https:\/\/multi-gyn.com\/uy\/salud-vaginal\/general\/ph-vaginal-su-vagina-es-acida-o-alcalina\/","name":"pH vaginal \u2013 \u00bfsu vagina es \u00e1cida o alcalina? - Multi-Gyn","isPartOf":{"@id":"https:\/\/multi-gyn.com\/uy\/#website"},"datePublished":"2023-05-11T07:52:01+00:00","dateModified":"2023-05-12T07:40:42+00:00","description":"Probablemente haya escuchado que el valor del pH vaginal es una parte importante de la salud \u00edntima. Pero, \u00bfQu\u00e9 es exactamente pH y por qu\u00e9 es tan importante para nuestra salud reproductiva?","breadcrumb":{"@id":"https:\/\/multi-gyn.com\/uy\/salud-vaginal\/general\/ph-vaginal-su-vagina-es-acida-o-alcalina\/#breadcrumb"},"inLanguage":"es-UY","potentialAction":[{"@type":"ReadAction","target":["https:\/\/multi-gyn.com\/uy\/salud-vaginal\/general\/ph-vaginal-su-vagina-es-acida-o-alcalina\/"]}]},{"@type":"BreadcrumbList","@id":"https:\/\/multi-gyn.com\/uy\/salud-vaginal\/general\/ph-vaginal-su-vagina-es-acida-o-alcalina\/#breadcrumb","itemListElement":[{"@type":"ListItem","position":1,"name":"Home","item":"https:\/\/multi-gyn.com\/uy\/"},{"@type":"ListItem","position":2,"name":"Salud vaginal","item":"https:\/\/multi-gyn.com\/uy\/salud-vaginal\/"},{"@type":"ListItem","position":3,"name":"General","item":"https:\/\/multi-gyn.com\/uy\/salud-vaginal\/general\/"},{"@type":"ListItem","position":4,"name":"pH vaginal \u2013 \u00bfsu vagina es \u00e1cida o alcalina?"}]},{"@type":"WebSite","@id":"https:\/\/multi-gyn.com\/uy\/#website","url":"https:\/\/multi-gyn.com\/uy\/","name":"Multi-Gyn","description":"","publisher":{"@id":"https:\/\/multi-gyn.com\/uy\/#organization"},"potentialAction":[{"@type":"SearchAction","target":{"@type":"EntryPoint","urlTemplate":"https:\/\/multi-gyn.com\/uy\/?s={search_term_string}"},"query-input":{"@type":"PropertyValueSpecification","valueRequired":true,"valueName":"search_term_string"}}],"inLanguage":"es-UY"},{"@type":"Organization","@id":"https:\/\/multi-gyn.com\/uy\/#organization","name":"Multi-Gyn","url":"https:\/\/multi-gyn.com\/uy\/","logo":{"@type":"ImageObject","inLanguage":"es-UY","@id":"https:\/\/multi-gyn.com\/uy\/#\/schema\/logo\/image\/","url":"https:\/\/multi-gyn.com\/app\/uploads\/sites\/47\/2023\/05\/multi-gyn-logo.png","contentUrl":"https:\/\/multi-gyn.com\/app\/uploads\/sites\/47\/2023\/05\/multi-gyn-logo.png","width":149,"height":32,"caption":"Multi-Gyn"},"image":{"@id":"https:\/\/multi-gyn.com\/uy\/#\/schema\/logo\/image\/"}}]}},"_links":{"self":[{"href":"https:\/\/multi-gyn.com\/uy\/wp-json\/wp\/v2\/pages\/139","targetHints":{"allow":["GET"]}}],"collection":[{"href":"https:\/\/multi-gyn.com\/uy\/wp-json\/wp\/v2\/pages"}],"about":[{"href":"https:\/\/multi-gyn.com\/uy\/wp-json\/wp\/v2\/types\/page"}],"author":[{"embeddable":true,"href":"https:\/\/multi-gyn.com\/uy\/wp-json\/wp\/v2\/users\/2"}],"replies":[{"embeddable":true,"href":"https:\/\/multi-gyn.com\/uy\/wp-json\/wp\/v2\/comments?post=139"}],"version-history":[{"count":3,"href":"https:\/\/multi-gyn.com\/uy\/wp-json\/wp\/v2\/pages\/139\/revisions"}],"predecessor-version":[{"id":371,"href":"https:\/\/multi-gyn.com\/uy\/wp-json\/wp\/v2\/pages\/139\/revisions\/371"}],"up":[{"embeddable":true,"href":"https:\/\/multi-gyn.com\/uy\/wp-json\/wp\/v2\/pages\/27"}],"wp:attachment":[{"href":"https:\/\/multi-gyn.com\/uy\/wp-json\/wp\/v2\/media?parent=139"}],"wp:term":[{"taxonomy":"from-article-database","embeddable":true,"href":"https:\/\/multi-gyn.com\/uy\/wp-json\/wp\/v2\/from-article-database?post=139"}],"curies":[{"name":"wp","href":"https:\/\/api.w.org\/{rel}","templated":true}]}}