{"id":141,"date":"2023-05-11T04:52:18","date_gmt":"2023-05-11T07:52:18","guid":{"rendered":"https:\/\/multi-gyn.com\/uy\/?page_id=141"},"modified":"2023-05-12T04:43:34","modified_gmt":"2023-05-12T07:43:34","slug":"anatomia-de-la-vagina","status":"publish","type":"page","link":"https:\/\/multi-gyn.com\/uy\/salud-vaginal\/general\/anatomia-de-la-vagina\/","title":{"rendered":"Anatom\u00eda de la vagina"},"content":{"rendered":"\n<div class=\"wp-block-karopharma-free-text pt-large pb-large bg-center bg-cover bg-no-repeat  is-style-primary\" style=\"background-image:url()\"><div class=\"free-text-wrapper container max-w-medium text-left\">\n<h1 class=\"is-style-heading-h1 wp-block-heading\">Anatom\u00eda de la vagina<\/h1>\n\n\n\n<p class=\"is-style-paragraph-preamble\">La vagina es un \u00f3rgano el\u00e1stico y muscular que conecta el \u00fatero con los \u00f3rganos reproductores externos. Es importante recordar que el aspecto de nuestra zona \u00edntima depende de cada mujer \u2013 los genitales femeninos pueden ser diferentes en forma, tama\u00f1o, color, textura y apariencia general. Conoce m\u00e1s sobre la anatom\u00eda de la vagina para poder entender mejor como funciona esta fascinante parte del cuerpo femenino.<\/p>\n<\/div><\/div>\n\n\n\n<div class=\"wp-block-karopharma-free-text pt-large pb-large bg-center bg-cover bg-no-repeat  is-style-transparent\" style=\"background-image:url()\"><div class=\"free-text-wrapper container max-w-medium text-left\">\n<h2 class=\"is-style-heading-h2 wp-block-heading\">Zona \u00edntima externa<\/h2>\n\n\n\n<p>La vagina est\u00e1 conectada a la vulva, que incluye los labios externos, labios internos, cl\u00edtoris y los orificios externos de uretra y vagina. Algunas veces la gente confunde la vulva con la vagina \u2013 la manera m\u00e1s f\u00e1cil de acordarse es que la vulva es lo que se ve cuando observas tu zona \u00edntima con un espejo. La vagina se encuentra dentro del cuerpo y la \u00fanica manera de examinarla por completo es con un esp\u00e9culo, que es lo que hace un ginec\u00f3logo durante un examen o PAP..<\/p>\n\n\n\n<p>La apertura de la vagina se esconde entre los labios mayor y menor. Estos son los labios externos de la vulva, protegen la vagina de infecciones y proporcionan estimulaci\u00f3n durante la relaci\u00f3n sexual. Son muy sensibles. El cl\u00edtoris se encuentra escondido por los labios. Es un tejido blando del tama\u00f1o de un guisante y probablemente sea la parte m\u00e1s sensible del cuerpo de la mujer. La estimulaci\u00f3n del cl\u00edtoris provoca excitaci\u00f3n y puede dar lugar al orgasmo, haciendo del cl\u00edtoris un \u00f3rgano muy importante para el placer sexual. Cuando est\u00e1 excitado, tu cl\u00edtoris (y tus labios) puede agrandarse por el aumento de circulaci\u00f3n sangu\u00ednea a la regi\u00f3n genital. Esto es normal.<\/p>\n\n\n\n<p>El orificio de la uretra est\u00e1 justo debajo del cl\u00edtoris. La orina que viene de la vejiga viaja a trav\u00e9s de la uretra y sale por este orificio. Este orificio se cierra por un m\u00fasculo circular que nos permite aguantar la orina hasta que vamos al lavabo. A veces este m\u00fasculo se puede debilitar, causando incontinencia urinaria.<\/p>\n\n\n\n<p class=\"is-style-paragraph-preamble has-primary-color has-text-color\"><em>\u00abIt is important to remember that the appearance of our intimate area is very individual \u2013 genitals can differ in shape, size, color, texture and in overall appearance from one person to another.\u00bb<\/em><\/p>\n\n\n\n<h2 class=\"is-style-heading-h2 wp-block-heading\">La vagina<\/h2>\n\n\n\n<p>La apertura vaginal est\u00e1 debajo de la uretra. Es desde donde la sangre menstrual sale del cuerpo y donde se insertan los tampones, supositorios vaginales e hidratantes vaginales. Durante la relaci\u00f3n sexual, es donde el pene penetra en la vagina. El interior de la vagina est\u00e1 cubierto por un tejido blando que var\u00eda en textura y humedad dependiendo de factores espec\u00edficos como la excitaci\u00f3n sexual, embarazo, enfermedad, lactancia, menstruaci\u00f3n y menopausia. Este tejido blando contiene muchas gl\u00e1ndulas que secretan flujo vaginal, necesario para la lubricaci\u00f3n y protecci\u00f3n de infecciones. La vagina tiene una elasticidad asombrosa y se estira lo suficiente para convertirse en el canal de parto por el que sale el beb\u00e9 del \u00fatero, tambi\u00e9n conocido como matriz.<\/p>\n\n\n\n<p>Junto a la apertura vaginal hay una fina membrana llamada himen. Esta membrana puede romperse durante la primera relaci\u00f3n sexual, a veces causando un ligero sangrado. Tambi\u00e9n se puede romper por ejercicio, deporte o examen interno.<\/p>\n\n\n\n<p>La vagina y otros \u00f3rganos reproductores se mantienen en su sitio gracias a los m\u00fasculos del suelo p\u00e9lvico. Estos m\u00fasculos previenen el prolapso y la incontinencia y pueden reforzarse mediante ejercicios de suelo p\u00e9lvico tambi\u00e9n conocidos como ejercicios de Kegel.<\/p>\n\n\n\n<p>El otro final de la vagina se une al c\u00e9rvix o cuello del \u00fatero. El c\u00e9rvix tiene una apertura muy peque\u00f1a que evita que aquello que no deber\u00eda entre al \u00fatero. El c\u00e9rvix se expande extremadamente durante el parto para permitir que el beb\u00e9 pase del \u00fatero a la vagina y al exterior.<\/p>\n<\/div><\/div>\n","protected":false},"excerpt":{"rendered":"","protected":false},"author":2,"featured_media":0,"parent":27,"menu_order":8,"comment_status":"closed","ping_status":"closed","template":"","meta":{"_acf_changed":false,"footnotes":""},"from-article-database":[],"class_list":["post-141","page","type-page","status-publish","hentry"],"acf":[],"yoast_head":"<!-- This site is optimized with the Yoast SEO plugin v26.6 - https:\/\/yoast.com\/wordpress\/plugins\/seo\/ -->\n<title>Anatom\u00eda de la vagina - Multi-Gyn<\/title>\n<meta name=\"description\" content=\"Conoce m\u00e1s sobre la anatom\u00eda de la vagina para poder entender mejor como funciona esta fascinante parte del cuerpo femenino.\" \/>\n<meta name=\"robots\" content=\"index, follow, max-snippet:-1, max-image-preview:large, max-video-preview:-1\" \/>\n<link rel=\"canonical\" href=\"https:\/\/multi-gyn.com\/uy\/salud-vaginal\/general\/anatomia-de-la-vagina\/\" \/>\n<meta property=\"og:locale\" content=\"es_ES\" \/>\n<meta property=\"og:type\" content=\"article\" \/>\n<meta property=\"og:title\" content=\"Anatom\u00eda de la vagina - Multi-Gyn\" \/>\n<meta property=\"og:description\" content=\"Conoce m\u00e1s sobre la anatom\u00eda de la vagina para poder entender mejor como funciona esta fascinante parte del cuerpo femenino.\" \/>\n<meta property=\"og:url\" content=\"https:\/\/multi-gyn.com\/uy\/salud-vaginal\/general\/anatomia-de-la-vagina\/\" \/>\n<meta property=\"og:site_name\" content=\"Multi-Gyn\" \/>\n<meta property=\"article:modified_time\" content=\"2023-05-12T07:43:34+00:00\" \/>\n<meta name=\"twitter:card\" content=\"summary_large_image\" \/>\n<meta name=\"twitter:label1\" content=\"Est. reading time\" \/>\n\t<meta name=\"twitter:data1\" content=\"3 minutos\" \/>\n<script type=\"application\/ld+json\" class=\"yoast-schema-graph\">{\"@context\":\"https:\/\/schema.org\",\"@graph\":[{\"@type\":\"WebPage\",\"@id\":\"https:\/\/multi-gyn.com\/uy\/salud-vaginal\/general\/anatomia-de-la-vagina\/\",\"url\":\"https:\/\/multi-gyn.com\/uy\/salud-vaginal\/general\/anatomia-de-la-vagina\/\",\"name\":\"Anatom\u00eda de la vagina - Multi-Gyn\",\"isPartOf\":{\"@id\":\"https:\/\/multi-gyn.com\/uy\/#website\"},\"datePublished\":\"2023-05-11T07:52:18+00:00\",\"dateModified\":\"2023-05-12T07:43:34+00:00\",\"description\":\"Conoce m\u00e1s sobre la anatom\u00eda de la vagina para poder entender mejor como funciona esta fascinante parte del cuerpo femenino.\",\"breadcrumb\":{\"@id\":\"https:\/\/multi-gyn.com\/uy\/salud-vaginal\/general\/anatomia-de-la-vagina\/#breadcrumb\"},\"inLanguage\":\"es-UY\",\"potentialAction\":[{\"@type\":\"ReadAction\",\"target\":[\"https:\/\/multi-gyn.com\/uy\/salud-vaginal\/general\/anatomia-de-la-vagina\/\"]}]},{\"@type\":\"BreadcrumbList\",\"@id\":\"https:\/\/multi-gyn.com\/uy\/salud-vaginal\/general\/anatomia-de-la-vagina\/#breadcrumb\",\"itemListElement\":[{\"@type\":\"ListItem\",\"position\":1,\"name\":\"Home\",\"item\":\"https:\/\/multi-gyn.com\/uy\/\"},{\"@type\":\"ListItem\",\"position\":2,\"name\":\"Salud vaginal\",\"item\":\"https:\/\/multi-gyn.com\/uy\/salud-vaginal\/\"},{\"@type\":\"ListItem\",\"position\":3,\"name\":\"General\",\"item\":\"https:\/\/multi-gyn.com\/uy\/salud-vaginal\/general\/\"},{\"@type\":\"ListItem\",\"position\":4,\"name\":\"Anatom\u00eda de la vagina\"}]},{\"@type\":\"WebSite\",\"@id\":\"https:\/\/multi-gyn.com\/uy\/#website\",\"url\":\"https:\/\/multi-gyn.com\/uy\/\",\"name\":\"Multi-Gyn\",\"description\":\"\",\"publisher\":{\"@id\":\"https:\/\/multi-gyn.com\/uy\/#organization\"},\"potentialAction\":[{\"@type\":\"SearchAction\",\"target\":{\"@type\":\"EntryPoint\",\"urlTemplate\":\"https:\/\/multi-gyn.com\/uy\/?s={search_term_string}\"},\"query-input\":{\"@type\":\"PropertyValueSpecification\",\"valueRequired\":true,\"valueName\":\"search_term_string\"}}],\"inLanguage\":\"es-UY\"},{\"@type\":\"Organization\",\"@id\":\"https:\/\/multi-gyn.com\/uy\/#organization\",\"name\":\"Multi-Gyn\",\"url\":\"https:\/\/multi-gyn.com\/uy\/\",\"logo\":{\"@type\":\"ImageObject\",\"inLanguage\":\"es-UY\",\"@id\":\"https:\/\/multi-gyn.com\/uy\/#\/schema\/logo\/image\/\",\"url\":\"https:\/\/multi-gyn.com\/app\/uploads\/sites\/47\/2023\/05\/multi-gyn-logo.png\",\"contentUrl\":\"https:\/\/multi-gyn.com\/app\/uploads\/sites\/47\/2023\/05\/multi-gyn-logo.png\",\"width\":149,\"height\":32,\"caption\":\"Multi-Gyn\"},\"image\":{\"@id\":\"https:\/\/multi-gyn.com\/uy\/#\/schema\/logo\/image\/\"}}]}<\/script>\n<!-- \/ Yoast SEO plugin. -->","yoast_head_json":{"title":"Anatom\u00eda de la vagina - Multi-Gyn","description":"Conoce m\u00e1s sobre la anatom\u00eda de la vagina para poder entender mejor como funciona esta fascinante parte del cuerpo femenino.","robots":{"index":"index","follow":"follow","max-snippet":"max-snippet:-1","max-image-preview":"max-image-preview:large","max-video-preview":"max-video-preview:-1"},"canonical":"https:\/\/multi-gyn.com\/uy\/salud-vaginal\/general\/anatomia-de-la-vagina\/","og_locale":"es_ES","og_type":"article","og_title":"Anatom\u00eda de la vagina - Multi-Gyn","og_description":"Conoce m\u00e1s sobre la anatom\u00eda de la vagina para poder entender mejor como funciona esta fascinante parte del cuerpo femenino.","og_url":"https:\/\/multi-gyn.com\/uy\/salud-vaginal\/general\/anatomia-de-la-vagina\/","og_site_name":"Multi-Gyn","article_modified_time":"2023-05-12T07:43:34+00:00","twitter_card":"summary_large_image","twitter_misc":{"Est. reading time":"3 minutos"},"schema":{"@context":"https:\/\/schema.org","@graph":[{"@type":"WebPage","@id":"https:\/\/multi-gyn.com\/uy\/salud-vaginal\/general\/anatomia-de-la-vagina\/","url":"https:\/\/multi-gyn.com\/uy\/salud-vaginal\/general\/anatomia-de-la-vagina\/","name":"Anatom\u00eda de la vagina - Multi-Gyn","isPartOf":{"@id":"https:\/\/multi-gyn.com\/uy\/#website"},"datePublished":"2023-05-11T07:52:18+00:00","dateModified":"2023-05-12T07:43:34+00:00","description":"Conoce m\u00e1s sobre la anatom\u00eda de la vagina para poder entender mejor como funciona esta fascinante parte del cuerpo femenino.","breadcrumb":{"@id":"https:\/\/multi-gyn.com\/uy\/salud-vaginal\/general\/anatomia-de-la-vagina\/#breadcrumb"},"inLanguage":"es-UY","potentialAction":[{"@type":"ReadAction","target":["https:\/\/multi-gyn.com\/uy\/salud-vaginal\/general\/anatomia-de-la-vagina\/"]}]},{"@type":"BreadcrumbList","@id":"https:\/\/multi-gyn.com\/uy\/salud-vaginal\/general\/anatomia-de-la-vagina\/#breadcrumb","itemListElement":[{"@type":"ListItem","position":1,"name":"Home","item":"https:\/\/multi-gyn.com\/uy\/"},{"@type":"ListItem","position":2,"name":"Salud vaginal","item":"https:\/\/multi-gyn.com\/uy\/salud-vaginal\/"},{"@type":"ListItem","position":3,"name":"General","item":"https:\/\/multi-gyn.com\/uy\/salud-vaginal\/general\/"},{"@type":"ListItem","position":4,"name":"Anatom\u00eda de la vagina"}]},{"@type":"WebSite","@id":"https:\/\/multi-gyn.com\/uy\/#website","url":"https:\/\/multi-gyn.com\/uy\/","name":"Multi-Gyn","description":"","publisher":{"@id":"https:\/\/multi-gyn.com\/uy\/#organization"},"potentialAction":[{"@type":"SearchAction","target":{"@type":"EntryPoint","urlTemplate":"https:\/\/multi-gyn.com\/uy\/?s={search_term_string}"},"query-input":{"@type":"PropertyValueSpecification","valueRequired":true,"valueName":"search_term_string"}}],"inLanguage":"es-UY"},{"@type":"Organization","@id":"https:\/\/multi-gyn.com\/uy\/#organization","name":"Multi-Gyn","url":"https:\/\/multi-gyn.com\/uy\/","logo":{"@type":"ImageObject","inLanguage":"es-UY","@id":"https:\/\/multi-gyn.com\/uy\/#\/schema\/logo\/image\/","url":"https:\/\/multi-gyn.com\/app\/uploads\/sites\/47\/2023\/05\/multi-gyn-logo.png","contentUrl":"https:\/\/multi-gyn.com\/app\/uploads\/sites\/47\/2023\/05\/multi-gyn-logo.png","width":149,"height":32,"caption":"Multi-Gyn"},"image":{"@id":"https:\/\/multi-gyn.com\/uy\/#\/schema\/logo\/image\/"}}]}},"_links":{"self":[{"href":"https:\/\/multi-gyn.com\/uy\/wp-json\/wp\/v2\/pages\/141","targetHints":{"allow":["GET"]}}],"collection":[{"href":"https:\/\/multi-gyn.com\/uy\/wp-json\/wp\/v2\/pages"}],"about":[{"href":"https:\/\/multi-gyn.com\/uy\/wp-json\/wp\/v2\/types\/page"}],"author":[{"embeddable":true,"href":"https:\/\/multi-gyn.com\/uy\/wp-json\/wp\/v2\/users\/2"}],"replies":[{"embeddable":true,"href":"https:\/\/multi-gyn.com\/uy\/wp-json\/wp\/v2\/comments?post=141"}],"version-history":[{"count":3,"href":"https:\/\/multi-gyn.com\/uy\/wp-json\/wp\/v2\/pages\/141\/revisions"}],"predecessor-version":[{"id":373,"href":"https:\/\/multi-gyn.com\/uy\/wp-json\/wp\/v2\/pages\/141\/revisions\/373"}],"up":[{"embeddable":true,"href":"https:\/\/multi-gyn.com\/uy\/wp-json\/wp\/v2\/pages\/27"}],"wp:attachment":[{"href":"https:\/\/multi-gyn.com\/uy\/wp-json\/wp\/v2\/media?parent=141"}],"wp:term":[{"taxonomy":"from-article-database","embeddable":true,"href":"https:\/\/multi-gyn.com\/uy\/wp-json\/wp\/v2\/from-article-database?post=141"}],"curies":[{"name":"wp","href":"https:\/\/api.w.org\/{rel}","templated":true}]}}