{"id":160,"date":"2023-05-11T05:43:22","date_gmt":"2023-05-11T08:43:22","guid":{"rendered":"https:\/\/multi-gyn.com\/uy\/?page_id=160"},"modified":"2024-08-21T07:45:34","modified_gmt":"2024-08-21T10:45:34","slug":"los-tampones-son-malos-para-mi-vagina","status":"publish","type":"page","link":"https:\/\/multi-gyn.com\/uy\/salud-vaginal\/infecciones\/los-tampones-son-malos-para-mi-vagina\/","title":{"rendered":"\u00bfLos tampones son malos para mi vagina?"},"content":{"rendered":"\n<div class=\"wp-block-karopharma-free-text pt-large pb-large bg-center bg-cover bg-no-repeat  is-style-primary\" style=\"background-image:url()\"><div class=\"free-text-wrapper container max-w-medium text-left\">\n<h1 class=\"is-style-heading-h1 wp-block-heading\">\u00bfLos tampones son malos para mi vagina?<\/h1>\n\n\n\n<p class=\"is-style-paragraph-preamble\">Muchas mujeres deciden utilizar tampones durante su menstruaci\u00f3n. Es f\u00e1cil ver por qu\u00e9. Son discretos y te dan la libertad de continuar con tu activa vida diaria. Recientemente se ha hablado mucho en medios sociales sobre si los tampones perjudican o no tu salud. Contin\u00faa leyendo para saber m\u00e1s.<\/p>\n<\/div><\/div>\n\n\n\n<div class=\"wp-block-karopharma-free-text pt-large pb-large bg-center bg-cover bg-no-repeat  is-style-transparent\" style=\"background-image:url()\"><div class=\"free-text-wrapper container max-w-medium text-left\">\n<h2 class=\"is-style-heading-h2 wp-block-heading\">\u00bfSon seguros los tampones?<\/h2>\n\n\n\n<p>Actualmente no hay ninguna investigaci\u00f3n o evidencia que sugiera que los tampones son malos para la salud cuando se utilizan correctamente. Cambiarse el tamp\u00f3n con frecuencia y una buena higiene vaginal te pueden ayudar a evitar problemas vaginales comunes.<\/p>\n\n\n\n<p>Los tampones suelen estar hechos de una combinaci\u00f3n de algod\u00f3n y ray\u00f3n junto con pl\u00e1sticos y otros materiales sint\u00e9ticos y qu\u00edmicos para aumentar la absorbencia. As\u00ed como para otros productos, puedes preferir usar tampones org\u00e1nicos de algod\u00f3n sin blanquear o elegir una opci\u00f3n que respeta m\u00e1s el medio ambiente, como es la copa menstrual reutilizable.<\/p>\n\n\n\n<h2 class=\"is-style-heading-h2 wp-block-heading\">\u00bfCon qu\u00e9 frecuencia deber\u00eda cambiarme el tamp\u00f3n?<\/h2>\n\n\n\n<p>La vagina es muy eficaz limpi\u00e1ndose a s\u00ed misma. Una vagina sana mantiene un ecosistema de microorganismos y fluidos que regula el <a href=\"https:\/\/multi-gyn.com\/uy\/salud-vaginal\/general\/ph-vaginal-su-vagina-es-acida-o-alcalina\/\">pH<\/a> y lo mantiene a un nivel que evita el crecimiento de bacterias nocivas.<\/p>\n\n\n\n<p>Durante la menstruaci\u00f3n tu cuerpo contin\u00faa produciendo los fluidos vaginales normales y las bacterias beneficiosas que ayudan a mantenerlo sano. Los tampones est\u00e1n dise\u00f1ados para ser muy absorbentes y mientras absorben la sangre menstrual eficazmente, tambi\u00e9n absorben todas las bacterias y fluidos naturales. Esto puede frenar la capacidad de tu vagina de autolimpiarse y regular el pH, dando lugar a irritaci\u00f3n y una posible infecci\u00f3n.<\/p>\n\n\n\n<p>Aseg\u00farate de cambiar tu tamp\u00f3n cada 3-4 horas, antes de acostarte y tan pronto como te levantes por la ma\u00f1ana.<\/p>\n\n\n\n<h2 class=\"is-style-heading-h2 wp-block-heading\">Escoge la absorci\u00f3n adecuada del tamp\u00f3n para tu flujo menstrual<\/h2>\n\n\n\n<p>Es importante escoger el tamp\u00f3n que necesita tu flujo. Utilizar un tamp\u00f3n que es demasiado absorbente y dejarlo durante demasiado tiempo crea un medio de cultivo para los problemas bacterianos. Si notas <a href=\"https:\/\/multi-gyn.com\/uy\/salud-vaginal\/general\/de-que-color-es-su-secrecion\/\">cambios en el color, textura u olor<\/a> de tu flujo vaginal normal deber\u00edas dejar de utilizar tampones inmediatamente. No utilices nunca tampones para <a href=\"https:\/\/multi-gyn.com\/uy\/salud-vaginal\/molestias\/es-mi-secrecion-vaginal-normal\/\">la secreci\u00f3n vaginal<\/a> ya que esto puede empeorar f\u00e1cilmente el problema y ponerte en riesgo de una infecci\u00f3n grave.<\/p>\n\n\n\n<p>Cuando tienes el periodo es muy importante tener una <a href=\"https:\/\/multi-gyn.com\/uy\/salud-vaginal\/cuidado\/usted-sabe-que-determina-una-higiene-intima-apropiada\/\">buena higiene vaginal<\/a>. Deber\u00edas buscar un jab\u00f3n vaginal suave o ducha que te ayude durante la menstruaci\u00f3n. Aseg\u00farate de evitar perfumes o productos con jabones alcalinos que puede afectar al pH ligeramente \u00e1cido de tu vagina. Adem\u00e1s de lavar cuidadosamente tu zona \u00edntima, cambiar el tamp\u00f3n o la compresa con frecuencia te ayudar\u00e1 a evitar problemas comunes en el tejido vaginal.<\/p>\n<\/div><\/div>\n","protected":false},"excerpt":{"rendered":"","protected":false},"author":2,"featured_media":0,"parent":29,"menu_order":1,"comment_status":"closed","ping_status":"closed","template":"","meta":{"_acf_changed":false,"footnotes":""},"from-article-database":[],"class_list":["post-160","page","type-page","status-publish","hentry"],"acf":[],"yoast_head":"<!-- This site is optimized with the Yoast SEO plugin v26.6 - https:\/\/yoast.com\/wordpress\/plugins\/seo\/ -->\n<title>\u00bfLos tampones son malos para mi vagina? - Multi-Gyn<\/title>\n<meta name=\"description\" content=\"Muchas mujeres deciden utilizar tampones durante su menstruaci\u00f3n. Es f\u00e1cil ver por qu\u00e9. Son discretos y te dan la libertad de continuar con tu activa vida diaria.\" \/>\n<meta name=\"robots\" content=\"index, follow, max-snippet:-1, max-image-preview:large, max-video-preview:-1\" \/>\n<link rel=\"canonical\" href=\"https:\/\/multi-gyn.com\/uy\/salud-vaginal\/infecciones\/los-tampones-son-malos-para-mi-vagina\/\" \/>\n<meta property=\"og:locale\" content=\"es_ES\" \/>\n<meta property=\"og:type\" content=\"article\" \/>\n<meta property=\"og:title\" content=\"\u00bfLos tampones son malos para mi vagina? - Multi-Gyn\" \/>\n<meta property=\"og:description\" content=\"Muchas mujeres deciden utilizar tampones durante su menstruaci\u00f3n. Es f\u00e1cil ver por qu\u00e9. Son discretos y te dan la libertad de continuar con tu activa vida diaria.\" \/>\n<meta property=\"og:url\" content=\"https:\/\/multi-gyn.com\/uy\/salud-vaginal\/infecciones\/los-tampones-son-malos-para-mi-vagina\/\" \/>\n<meta property=\"og:site_name\" content=\"Multi-Gyn\" \/>\n<meta property=\"article:modified_time\" content=\"2024-08-21T10:45:34+00:00\" \/>\n<meta name=\"twitter:card\" content=\"summary_large_image\" \/>\n<meta name=\"twitter:label1\" content=\"Est. reading time\" \/>\n\t<meta name=\"twitter:data1\" content=\"2 minutos\" \/>\n<script type=\"application\/ld+json\" class=\"yoast-schema-graph\">{\"@context\":\"https:\/\/schema.org\",\"@graph\":[{\"@type\":\"WebPage\",\"@id\":\"https:\/\/multi-gyn.com\/uy\/salud-vaginal\/infecciones\/los-tampones-son-malos-para-mi-vagina\/\",\"url\":\"https:\/\/multi-gyn.com\/uy\/salud-vaginal\/infecciones\/los-tampones-son-malos-para-mi-vagina\/\",\"name\":\"\u00bfLos tampones son malos para mi vagina? - Multi-Gyn\",\"isPartOf\":{\"@id\":\"https:\/\/multi-gyn.com\/uy\/#website\"},\"datePublished\":\"2023-05-11T08:43:22+00:00\",\"dateModified\":\"2024-08-21T10:45:34+00:00\",\"description\":\"Muchas mujeres deciden utilizar tampones durante su menstruaci\u00f3n. Es f\u00e1cil ver por qu\u00e9. Son discretos y te dan la libertad de continuar con tu activa vida diaria.\",\"breadcrumb\":{\"@id\":\"https:\/\/multi-gyn.com\/uy\/salud-vaginal\/infecciones\/los-tampones-son-malos-para-mi-vagina\/#breadcrumb\"},\"inLanguage\":\"es-UY\",\"potentialAction\":[{\"@type\":\"ReadAction\",\"target\":[\"https:\/\/multi-gyn.com\/uy\/salud-vaginal\/infecciones\/los-tampones-son-malos-para-mi-vagina\/\"]}]},{\"@type\":\"BreadcrumbList\",\"@id\":\"https:\/\/multi-gyn.com\/uy\/salud-vaginal\/infecciones\/los-tampones-son-malos-para-mi-vagina\/#breadcrumb\",\"itemListElement\":[{\"@type\":\"ListItem\",\"position\":1,\"name\":\"Home\",\"item\":\"https:\/\/multi-gyn.com\/uy\/\"},{\"@type\":\"ListItem\",\"position\":2,\"name\":\"Salud vaginal\",\"item\":\"https:\/\/multi-gyn.com\/uy\/salud-vaginal\/\"},{\"@type\":\"ListItem\",\"position\":3,\"name\":\"Infecciones\",\"item\":\"https:\/\/multi-gyn.com\/uy\/salud-vaginal\/infecciones\/\"},{\"@type\":\"ListItem\",\"position\":4,\"name\":\"\u00bfLos tampones son malos para mi vagina?\"}]},{\"@type\":\"WebSite\",\"@id\":\"https:\/\/multi-gyn.com\/uy\/#website\",\"url\":\"https:\/\/multi-gyn.com\/uy\/\",\"name\":\"Multi-Gyn\",\"description\":\"\",\"publisher\":{\"@id\":\"https:\/\/multi-gyn.com\/uy\/#organization\"},\"potentialAction\":[{\"@type\":\"SearchAction\",\"target\":{\"@type\":\"EntryPoint\",\"urlTemplate\":\"https:\/\/multi-gyn.com\/uy\/?s={search_term_string}\"},\"query-input\":{\"@type\":\"PropertyValueSpecification\",\"valueRequired\":true,\"valueName\":\"search_term_string\"}}],\"inLanguage\":\"es-UY\"},{\"@type\":\"Organization\",\"@id\":\"https:\/\/multi-gyn.com\/uy\/#organization\",\"name\":\"Multi-Gyn\",\"url\":\"https:\/\/multi-gyn.com\/uy\/\",\"logo\":{\"@type\":\"ImageObject\",\"inLanguage\":\"es-UY\",\"@id\":\"https:\/\/multi-gyn.com\/uy\/#\/schema\/logo\/image\/\",\"url\":\"https:\/\/multi-gyn.com\/app\/uploads\/sites\/47\/2023\/05\/multi-gyn-logo.png\",\"contentUrl\":\"https:\/\/multi-gyn.com\/app\/uploads\/sites\/47\/2023\/05\/multi-gyn-logo.png\",\"width\":149,\"height\":32,\"caption\":\"Multi-Gyn\"},\"image\":{\"@id\":\"https:\/\/multi-gyn.com\/uy\/#\/schema\/logo\/image\/\"}}]}<\/script>\n<!-- \/ Yoast SEO plugin. -->","yoast_head_json":{"title":"\u00bfLos tampones son malos para mi vagina? - Multi-Gyn","description":"Muchas mujeres deciden utilizar tampones durante su menstruaci\u00f3n. Es f\u00e1cil ver por qu\u00e9. Son discretos y te dan la libertad de continuar con tu activa vida diaria.","robots":{"index":"index","follow":"follow","max-snippet":"max-snippet:-1","max-image-preview":"max-image-preview:large","max-video-preview":"max-video-preview:-1"},"canonical":"https:\/\/multi-gyn.com\/uy\/salud-vaginal\/infecciones\/los-tampones-son-malos-para-mi-vagina\/","og_locale":"es_ES","og_type":"article","og_title":"\u00bfLos tampones son malos para mi vagina? - Multi-Gyn","og_description":"Muchas mujeres deciden utilizar tampones durante su menstruaci\u00f3n. Es f\u00e1cil ver por qu\u00e9. Son discretos y te dan la libertad de continuar con tu activa vida diaria.","og_url":"https:\/\/multi-gyn.com\/uy\/salud-vaginal\/infecciones\/los-tampones-son-malos-para-mi-vagina\/","og_site_name":"Multi-Gyn","article_modified_time":"2024-08-21T10:45:34+00:00","twitter_card":"summary_large_image","twitter_misc":{"Est. reading time":"2 minutos"},"schema":{"@context":"https:\/\/schema.org","@graph":[{"@type":"WebPage","@id":"https:\/\/multi-gyn.com\/uy\/salud-vaginal\/infecciones\/los-tampones-son-malos-para-mi-vagina\/","url":"https:\/\/multi-gyn.com\/uy\/salud-vaginal\/infecciones\/los-tampones-son-malos-para-mi-vagina\/","name":"\u00bfLos tampones son malos para mi vagina? - Multi-Gyn","isPartOf":{"@id":"https:\/\/multi-gyn.com\/uy\/#website"},"datePublished":"2023-05-11T08:43:22+00:00","dateModified":"2024-08-21T10:45:34+00:00","description":"Muchas mujeres deciden utilizar tampones durante su menstruaci\u00f3n. Es f\u00e1cil ver por qu\u00e9. Son discretos y te dan la libertad de continuar con tu activa vida diaria.","breadcrumb":{"@id":"https:\/\/multi-gyn.com\/uy\/salud-vaginal\/infecciones\/los-tampones-son-malos-para-mi-vagina\/#breadcrumb"},"inLanguage":"es-UY","potentialAction":[{"@type":"ReadAction","target":["https:\/\/multi-gyn.com\/uy\/salud-vaginal\/infecciones\/los-tampones-son-malos-para-mi-vagina\/"]}]},{"@type":"BreadcrumbList","@id":"https:\/\/multi-gyn.com\/uy\/salud-vaginal\/infecciones\/los-tampones-son-malos-para-mi-vagina\/#breadcrumb","itemListElement":[{"@type":"ListItem","position":1,"name":"Home","item":"https:\/\/multi-gyn.com\/uy\/"},{"@type":"ListItem","position":2,"name":"Salud vaginal","item":"https:\/\/multi-gyn.com\/uy\/salud-vaginal\/"},{"@type":"ListItem","position":3,"name":"Infecciones","item":"https:\/\/multi-gyn.com\/uy\/salud-vaginal\/infecciones\/"},{"@type":"ListItem","position":4,"name":"\u00bfLos tampones son malos para mi vagina?"}]},{"@type":"WebSite","@id":"https:\/\/multi-gyn.com\/uy\/#website","url":"https:\/\/multi-gyn.com\/uy\/","name":"Multi-Gyn","description":"","publisher":{"@id":"https:\/\/multi-gyn.com\/uy\/#organization"},"potentialAction":[{"@type":"SearchAction","target":{"@type":"EntryPoint","urlTemplate":"https:\/\/multi-gyn.com\/uy\/?s={search_term_string}"},"query-input":{"@type":"PropertyValueSpecification","valueRequired":true,"valueName":"search_term_string"}}],"inLanguage":"es-UY"},{"@type":"Organization","@id":"https:\/\/multi-gyn.com\/uy\/#organization","name":"Multi-Gyn","url":"https:\/\/multi-gyn.com\/uy\/","logo":{"@type":"ImageObject","inLanguage":"es-UY","@id":"https:\/\/multi-gyn.com\/uy\/#\/schema\/logo\/image\/","url":"https:\/\/multi-gyn.com\/app\/uploads\/sites\/47\/2023\/05\/multi-gyn-logo.png","contentUrl":"https:\/\/multi-gyn.com\/app\/uploads\/sites\/47\/2023\/05\/multi-gyn-logo.png","width":149,"height":32,"caption":"Multi-Gyn"},"image":{"@id":"https:\/\/multi-gyn.com\/uy\/#\/schema\/logo\/image\/"}}]}},"_links":{"self":[{"href":"https:\/\/multi-gyn.com\/uy\/wp-json\/wp\/v2\/pages\/160","targetHints":{"allow":["GET"]}}],"collection":[{"href":"https:\/\/multi-gyn.com\/uy\/wp-json\/wp\/v2\/pages"}],"about":[{"href":"https:\/\/multi-gyn.com\/uy\/wp-json\/wp\/v2\/types\/page"}],"author":[{"embeddable":true,"href":"https:\/\/multi-gyn.com\/uy\/wp-json\/wp\/v2\/users\/2"}],"replies":[{"embeddable":true,"href":"https:\/\/multi-gyn.com\/uy\/wp-json\/wp\/v2\/comments?post=160"}],"version-history":[{"count":2,"href":"https:\/\/multi-gyn.com\/uy\/wp-json\/wp\/v2\/pages\/160\/revisions"}],"predecessor-version":[{"id":375,"href":"https:\/\/multi-gyn.com\/uy\/wp-json\/wp\/v2\/pages\/160\/revisions\/375"}],"up":[{"embeddable":true,"href":"https:\/\/multi-gyn.com\/uy\/wp-json\/wp\/v2\/pages\/29"}],"wp:attachment":[{"href":"https:\/\/multi-gyn.com\/uy\/wp-json\/wp\/v2\/media?parent=160"}],"wp:term":[{"taxonomy":"from-article-database","embeddable":true,"href":"https:\/\/multi-gyn.com\/uy\/wp-json\/wp\/v2\/from-article-database?post=160"}],"curies":[{"name":"wp","href":"https:\/\/api.w.org\/{rel}","templated":true}]}}