{"id":162,"date":"2023-05-11T05:43:36","date_gmt":"2023-05-11T08:43:36","guid":{"rendered":"https:\/\/multi-gyn.com\/uy\/?page_id=162"},"modified":"2024-08-21T07:46:01","modified_gmt":"2024-08-21T10:46:01","slug":"como-tratar-la-vaginosis-bacteriana","status":"publish","type":"page","link":"https:\/\/multi-gyn.com\/uy\/salud-vaginal\/infecciones\/como-tratar-la-vaginosis-bacteriana\/","title":{"rendered":"C\u00f3mo tratar la vaginosis bacteriana"},"content":{"rendered":"\n<div class=\"wp-block-karopharma-free-text pt-large pb-large bg-center bg-cover bg-no-repeat  is-style-primary\" style=\"background-image:url()\"><div class=\"free-text-wrapper container max-w-medium text-left\">\n<h1 class=\"is-style-heading-h1 wp-block-heading\">C\u00f3mo tratar la vaginosis bacteriana<\/h1>\n\n\n\n<p class=\"is-style-paragraph-preamble\">La vaginosis bacteriana o VB es una de las causas de secreci\u00f3n vaginal y olor que hace que las mujeres busquen ayuda m\u00e9dica. Esta condici\u00f3n ocurre debido a un desequilibrio en la flora vaginal, que se traduce en un sobrecrecimiento de las bacterias \u201cperjudiciales\u201d. Adem\u00e1s de s\u00edntomas inc\u00f3modos, si la VB no se trata puede aumentar el riesgo de adquirir una ETS como VIH o herpes. Tambi\u00e9n aumenta el riesgo de aborto o parto prematuro si ocurre durante el embarazo, y las mujeres con VB tienden m\u00e1s a tener infecciones despu\u00e9s de un procedimiento p\u00e9lvico como una ces\u00e1rea o una extirpaci\u00f3n del \u00fatero. Esas solamente unas de las razones del por qu\u00e9 es tan importante tratar la vaginosis bacteriana con medicamentos apropiados antes de que ocurran complicaciones.<\/p>\n<\/div><\/div>\n\n\n\n<div class=\"wp-block-karopharma-free-text pt-large pb-large bg-center bg-cover bg-no-repeat  is-style-transparent\" style=\"background-image:url()\"><div class=\"free-text-wrapper container max-w-medium text-left\">\n<h2 class=\"is-style-heading-h2 wp-block-heading\">\u00bfC\u00f3mo se diagnostica la BV?<\/h2>\n\n\n\n<p>No es necesario decir que si nota cambios en la secreci\u00f3n, olor a pescado, comez\u00f3n, ardor u otras molestias vaginales, deber\u00eda ir al doctor si los problemas persisten. No sea t\u00edmida \u2013 entre m\u00e1s informaci\u00f3n le d\u00e9 al doctor, m\u00e1s f\u00e1cil ser\u00e1 para \u00e9l\/ella diagnosticar el problema correctamente.<\/p>\n\n\n\n<p>Puede que el doctor tambi\u00e9n haga un examen p\u00e9lvico, donde se podr\u00e1n inspeccionar visualmente la vagina y el cuello uterino. El doctor tambi\u00e9n puede tomar una muestra (con un hisopo) de su pared vaginal para buscar se\u00f1ales microsc\u00f3picas de infecciones particulares. Este procedimiento no es doloroso, aunque puede ser un poco inc\u00f3modo, entonces aseg\u00farese de respirar y relajarse tanto como pueda.<\/p>\n\n\n\n<p>Otro examen que puede que el doctor haga se llama prueba de olor \u2013 una gota de hidr\u00f3xido de potasio es mezclado con una muestra de la secreci\u00f3n. En caso de que haya infecci\u00f3n bacteriana, se libera un olor a pescado, que confirma el diagn\u00f3stico. Otra se\u00f1al que puede confirmar el diagn\u00f3stico es el valor del pH vaginal mayor a 4.5.<\/p>\n\n\n\n<h2 class=\"is-style-heading-h2 wp-block-heading\">Tratamiento de la vaginosis bacteriana<\/h2>\n\n\n\n<p>Alrededor del 30% de las infecciones se resuelven por s\u00ed solas, gracias a nuestros mecanismos de defensa. Sin embargo, si los s\u00edntomas que hemos mencionado no desaparecen dentro algunos d\u00edas es necesario tener una terapia apropiada, especialmente durante el embarazo. Aunque hay remedios sin antibi\u00f3tico, es muy probable que el doctor le prescriba antibi\u00f3ticos para tratar la VB.<\/p>\n\n\n\n<p>Los reg\u00edmenes de antibi\u00f3tico m\u00e1s comunes incluyen:<\/p>\n\n\n\n<ul class=\"is-style-default wp-block-list\"><li>Metronidazol* p\u00edldoras o gel vaginal<\/li><li>Clindamycin** p\u00edldoras, crema vaginal o supositorios vaginales<\/li><li>Tinidazol* p\u00edldoras<\/li><\/ul>\n\n\n\n<p>* Evite consumir alcohol durante el tratamiento antibi\u00f3tico y hasta 24 horas despu\u00e9s de la \u00faltima p\u00edldora para prevenir na\u00faseas o dolor abdominal.<\/p>\n\n\n\n<p>** La crema Clindamycin y los supositorios vaginales pueden debilitar los condones de l\u00e1tex y los diafragmas hasta por 5 d\u00edas despu\u00e9s de usarlos.<\/p>\n\n\n\n<p>Adem\u00e1s de los efectos secundarios mencionados, los antibi\u00f3ticos pueden alterar la flora vaginal ben\u00e9fica, lo que puede resultar en una candidiasis o en una vaginosis bacteriana recurrente. Corrija su flora vaginal beneficiosa (lactobacilo) durante o despu\u00e9s de terminar el tratamiento antibi\u00f3tico usando un prebi\u00f3tico que estimule el crecimiento de bacterias beneficiosas y mantenga su vagina saludable y equilibrada.<\/p>\n\n\n\n<p>La alternativa a los antibi\u00f3ticos es usar productos naturales, que restauran el pH de la vagina, tienen muy pocos o ning\u00fan efecto secundario, y dejan que las bacterias beneficiosas reintegren el equilibrio de la flora en el entorno vaginal.<\/p>\n\n\n\n<p class=\"is-style-paragraph-preamble has-primary-color has-text-color\"><em>\u00abLos antibi\u00f3ticos son el tratamiento m\u00e1s com\u00fan pero pueden alterar la flora vaginal ben\u00e9fica, causando problemas recurrentes\u00bb<\/em><\/p>\n<\/div><\/div>\n","protected":false},"excerpt":{"rendered":"","protected":false},"author":2,"featured_media":0,"parent":29,"menu_order":2,"comment_status":"closed","ping_status":"closed","template":"","meta":{"_acf_changed":false,"footnotes":""},"from-article-database":[],"class_list":["post-162","page","type-page","status-publish","hentry"],"acf":[],"yoast_head":"<!-- This site is optimized with the Yoast SEO plugin v26.6 - https:\/\/yoast.com\/wordpress\/plugins\/seo\/ -->\n<title>C\u00f3mo tratar la vaginosis bacteriana - Multi-Gyn<\/title>\n<meta name=\"description\" content=\"La vaginosis bacteriana o VB es una de las causas de secreci\u00f3n vaginal y olor que hace que las mujeres busquen ayuda m\u00e9dica.\" \/>\n<meta name=\"robots\" content=\"index, follow, max-snippet:-1, max-image-preview:large, max-video-preview:-1\" \/>\n<link rel=\"canonical\" href=\"https:\/\/multi-gyn.com\/uy\/salud-vaginal\/infecciones\/como-tratar-la-vaginosis-bacteriana\/\" \/>\n<meta property=\"og:locale\" content=\"es_ES\" \/>\n<meta property=\"og:type\" content=\"article\" \/>\n<meta property=\"og:title\" content=\"C\u00f3mo tratar la vaginosis bacteriana - Multi-Gyn\" \/>\n<meta property=\"og:description\" content=\"La vaginosis bacteriana o VB es una de las causas de secreci\u00f3n vaginal y olor que hace que las mujeres busquen ayuda m\u00e9dica.\" \/>\n<meta property=\"og:url\" content=\"https:\/\/multi-gyn.com\/uy\/salud-vaginal\/infecciones\/como-tratar-la-vaginosis-bacteriana\/\" \/>\n<meta property=\"og:site_name\" content=\"Multi-Gyn\" \/>\n<meta property=\"article:modified_time\" content=\"2024-08-21T10:46:01+00:00\" \/>\n<meta name=\"twitter:card\" content=\"summary_large_image\" \/>\n<meta name=\"twitter:label1\" content=\"Est. reading time\" \/>\n\t<meta name=\"twitter:data1\" content=\"3 minutos\" \/>\n<script type=\"application\/ld+json\" class=\"yoast-schema-graph\">{\"@context\":\"https:\/\/schema.org\",\"@graph\":[{\"@type\":\"WebPage\",\"@id\":\"https:\/\/multi-gyn.com\/uy\/salud-vaginal\/infecciones\/como-tratar-la-vaginosis-bacteriana\/\",\"url\":\"https:\/\/multi-gyn.com\/uy\/salud-vaginal\/infecciones\/como-tratar-la-vaginosis-bacteriana\/\",\"name\":\"C\u00f3mo tratar la vaginosis bacteriana - Multi-Gyn\",\"isPartOf\":{\"@id\":\"https:\/\/multi-gyn.com\/uy\/#website\"},\"datePublished\":\"2023-05-11T08:43:36+00:00\",\"dateModified\":\"2024-08-21T10:46:01+00:00\",\"description\":\"La vaginosis bacteriana o VB es una de las causas de secreci\u00f3n vaginal y olor que hace que las mujeres busquen ayuda m\u00e9dica.\",\"breadcrumb\":{\"@id\":\"https:\/\/multi-gyn.com\/uy\/salud-vaginal\/infecciones\/como-tratar-la-vaginosis-bacteriana\/#breadcrumb\"},\"inLanguage\":\"es-UY\",\"potentialAction\":[{\"@type\":\"ReadAction\",\"target\":[\"https:\/\/multi-gyn.com\/uy\/salud-vaginal\/infecciones\/como-tratar-la-vaginosis-bacteriana\/\"]}]},{\"@type\":\"BreadcrumbList\",\"@id\":\"https:\/\/multi-gyn.com\/uy\/salud-vaginal\/infecciones\/como-tratar-la-vaginosis-bacteriana\/#breadcrumb\",\"itemListElement\":[{\"@type\":\"ListItem\",\"position\":1,\"name\":\"Home\",\"item\":\"https:\/\/multi-gyn.com\/uy\/\"},{\"@type\":\"ListItem\",\"position\":2,\"name\":\"Salud vaginal\",\"item\":\"https:\/\/multi-gyn.com\/uy\/salud-vaginal\/\"},{\"@type\":\"ListItem\",\"position\":3,\"name\":\"Infecciones\",\"item\":\"https:\/\/multi-gyn.com\/uy\/salud-vaginal\/infecciones\/\"},{\"@type\":\"ListItem\",\"position\":4,\"name\":\"C\u00f3mo tratar la vaginosis bacteriana\"}]},{\"@type\":\"WebSite\",\"@id\":\"https:\/\/multi-gyn.com\/uy\/#website\",\"url\":\"https:\/\/multi-gyn.com\/uy\/\",\"name\":\"Multi-Gyn\",\"description\":\"\",\"publisher\":{\"@id\":\"https:\/\/multi-gyn.com\/uy\/#organization\"},\"potentialAction\":[{\"@type\":\"SearchAction\",\"target\":{\"@type\":\"EntryPoint\",\"urlTemplate\":\"https:\/\/multi-gyn.com\/uy\/?s={search_term_string}\"},\"query-input\":{\"@type\":\"PropertyValueSpecification\",\"valueRequired\":true,\"valueName\":\"search_term_string\"}}],\"inLanguage\":\"es-UY\"},{\"@type\":\"Organization\",\"@id\":\"https:\/\/multi-gyn.com\/uy\/#organization\",\"name\":\"Multi-Gyn\",\"url\":\"https:\/\/multi-gyn.com\/uy\/\",\"logo\":{\"@type\":\"ImageObject\",\"inLanguage\":\"es-UY\",\"@id\":\"https:\/\/multi-gyn.com\/uy\/#\/schema\/logo\/image\/\",\"url\":\"https:\/\/multi-gyn.com\/app\/uploads\/sites\/47\/2023\/05\/multi-gyn-logo.png\",\"contentUrl\":\"https:\/\/multi-gyn.com\/app\/uploads\/sites\/47\/2023\/05\/multi-gyn-logo.png\",\"width\":149,\"height\":32,\"caption\":\"Multi-Gyn\"},\"image\":{\"@id\":\"https:\/\/multi-gyn.com\/uy\/#\/schema\/logo\/image\/\"}}]}<\/script>\n<!-- \/ Yoast SEO plugin. -->","yoast_head_json":{"title":"C\u00f3mo tratar la vaginosis bacteriana - Multi-Gyn","description":"La vaginosis bacteriana o VB es una de las causas de secreci\u00f3n vaginal y olor que hace que las mujeres busquen ayuda m\u00e9dica.","robots":{"index":"index","follow":"follow","max-snippet":"max-snippet:-1","max-image-preview":"max-image-preview:large","max-video-preview":"max-video-preview:-1"},"canonical":"https:\/\/multi-gyn.com\/uy\/salud-vaginal\/infecciones\/como-tratar-la-vaginosis-bacteriana\/","og_locale":"es_ES","og_type":"article","og_title":"C\u00f3mo tratar la vaginosis bacteriana - Multi-Gyn","og_description":"La vaginosis bacteriana o VB es una de las causas de secreci\u00f3n vaginal y olor que hace que las mujeres busquen ayuda m\u00e9dica.","og_url":"https:\/\/multi-gyn.com\/uy\/salud-vaginal\/infecciones\/como-tratar-la-vaginosis-bacteriana\/","og_site_name":"Multi-Gyn","article_modified_time":"2024-08-21T10:46:01+00:00","twitter_card":"summary_large_image","twitter_misc":{"Est. reading time":"3 minutos"},"schema":{"@context":"https:\/\/schema.org","@graph":[{"@type":"WebPage","@id":"https:\/\/multi-gyn.com\/uy\/salud-vaginal\/infecciones\/como-tratar-la-vaginosis-bacteriana\/","url":"https:\/\/multi-gyn.com\/uy\/salud-vaginal\/infecciones\/como-tratar-la-vaginosis-bacteriana\/","name":"C\u00f3mo tratar la vaginosis bacteriana - Multi-Gyn","isPartOf":{"@id":"https:\/\/multi-gyn.com\/uy\/#website"},"datePublished":"2023-05-11T08:43:36+00:00","dateModified":"2024-08-21T10:46:01+00:00","description":"La vaginosis bacteriana o VB es una de las causas de secreci\u00f3n vaginal y olor que hace que las mujeres busquen ayuda m\u00e9dica.","breadcrumb":{"@id":"https:\/\/multi-gyn.com\/uy\/salud-vaginal\/infecciones\/como-tratar-la-vaginosis-bacteriana\/#breadcrumb"},"inLanguage":"es-UY","potentialAction":[{"@type":"ReadAction","target":["https:\/\/multi-gyn.com\/uy\/salud-vaginal\/infecciones\/como-tratar-la-vaginosis-bacteriana\/"]}]},{"@type":"BreadcrumbList","@id":"https:\/\/multi-gyn.com\/uy\/salud-vaginal\/infecciones\/como-tratar-la-vaginosis-bacteriana\/#breadcrumb","itemListElement":[{"@type":"ListItem","position":1,"name":"Home","item":"https:\/\/multi-gyn.com\/uy\/"},{"@type":"ListItem","position":2,"name":"Salud vaginal","item":"https:\/\/multi-gyn.com\/uy\/salud-vaginal\/"},{"@type":"ListItem","position":3,"name":"Infecciones","item":"https:\/\/multi-gyn.com\/uy\/salud-vaginal\/infecciones\/"},{"@type":"ListItem","position":4,"name":"C\u00f3mo tratar la vaginosis bacteriana"}]},{"@type":"WebSite","@id":"https:\/\/multi-gyn.com\/uy\/#website","url":"https:\/\/multi-gyn.com\/uy\/","name":"Multi-Gyn","description":"","publisher":{"@id":"https:\/\/multi-gyn.com\/uy\/#organization"},"potentialAction":[{"@type":"SearchAction","target":{"@type":"EntryPoint","urlTemplate":"https:\/\/multi-gyn.com\/uy\/?s={search_term_string}"},"query-input":{"@type":"PropertyValueSpecification","valueRequired":true,"valueName":"search_term_string"}}],"inLanguage":"es-UY"},{"@type":"Organization","@id":"https:\/\/multi-gyn.com\/uy\/#organization","name":"Multi-Gyn","url":"https:\/\/multi-gyn.com\/uy\/","logo":{"@type":"ImageObject","inLanguage":"es-UY","@id":"https:\/\/multi-gyn.com\/uy\/#\/schema\/logo\/image\/","url":"https:\/\/multi-gyn.com\/app\/uploads\/sites\/47\/2023\/05\/multi-gyn-logo.png","contentUrl":"https:\/\/multi-gyn.com\/app\/uploads\/sites\/47\/2023\/05\/multi-gyn-logo.png","width":149,"height":32,"caption":"Multi-Gyn"},"image":{"@id":"https:\/\/multi-gyn.com\/uy\/#\/schema\/logo\/image\/"}}]}},"_links":{"self":[{"href":"https:\/\/multi-gyn.com\/uy\/wp-json\/wp\/v2\/pages\/162","targetHints":{"allow":["GET"]}}],"collection":[{"href":"https:\/\/multi-gyn.com\/uy\/wp-json\/wp\/v2\/pages"}],"about":[{"href":"https:\/\/multi-gyn.com\/uy\/wp-json\/wp\/v2\/types\/page"}],"author":[{"embeddable":true,"href":"https:\/\/multi-gyn.com\/uy\/wp-json\/wp\/v2\/users\/2"}],"replies":[{"embeddable":true,"href":"https:\/\/multi-gyn.com\/uy\/wp-json\/wp\/v2\/comments?post=162"}],"version-history":[{"count":2,"href":"https:\/\/multi-gyn.com\/uy\/wp-json\/wp\/v2\/pages\/162\/revisions"}],"predecessor-version":[{"id":377,"href":"https:\/\/multi-gyn.com\/uy\/wp-json\/wp\/v2\/pages\/162\/revisions\/377"}],"up":[{"embeddable":true,"href":"https:\/\/multi-gyn.com\/uy\/wp-json\/wp\/v2\/pages\/29"}],"wp:attachment":[{"href":"https:\/\/multi-gyn.com\/uy\/wp-json\/wp\/v2\/media?parent=162"}],"wp:term":[{"taxonomy":"from-article-database","embeddable":true,"href":"https:\/\/multi-gyn.com\/uy\/wp-json\/wp\/v2\/from-article-database?post=162"}],"curies":[{"name":"wp","href":"https:\/\/api.w.org\/{rel}","templated":true}]}}