{"id":164,"date":"2023-05-11T05:43:51","date_gmt":"2023-05-11T08:43:51","guid":{"rendered":"https:\/\/multi-gyn.com\/uy\/?page_id=164"},"modified":"2024-08-21T07:46:23","modified_gmt":"2024-08-21T10:46:23","slug":"enrojecimiento-vaginal","status":"publish","type":"page","link":"https:\/\/multi-gyn.com\/uy\/salud-vaginal\/infecciones\/enrojecimiento-vaginal\/","title":{"rendered":"Enrojecimiento vaginal"},"content":{"rendered":"\n<div class=\"wp-block-karopharma-free-text pt-large pb-large bg-center bg-cover bg-no-repeat  is-style-primary\" style=\"background-image:url()\"><div class=\"free-text-wrapper container max-w-medium text-left\">\n<h1 class=\"is-style-heading-h1 wp-block-heading\">Enrojecimiento vaginal<\/h1>\n\n\n\n<p class=\"is-style-paragraph-preamble\">Si usted alguna vez se ha preguntado c\u00f3mo se ve all\u00e1 abajo, puede haber tomado un peque\u00f1o espejo y haberse visto desde un \u00e1ngulo diferente. Sin embargo, la mayor\u00eda de nosotras probablemente solo lo haremos si tenemos razones para creer que algo est\u00e1 mal. Si experimenta comez\u00f3n vaginal, irritaci\u00f3n y dolor, entonces usted tal vez note que su vulva se ve roja y algunas veces inflamada. Esto es conocido como enrojecimiento vaginal. En t\u00e9rminos m\u00e9dicos, el enrojecimiento vaginal se conoce como vulvovaginitis, una inflamaci\u00f3n del tejido de la vulva y la vagina. Adem\u00e1s del enrojecimiento, la vulvovaginitis puede tener uno o varios s\u00edntomas como secreci\u00f3n inusual, olor desagradable, comez\u00f3n, irritaci\u00f3n, una sensaci\u00f3n de ardor durante o despu\u00e9s de las relaciones sexuales, o mientras orina.<\/p>\n<\/div><\/div>\n\n\n\n<div class=\"wp-block-karopharma-free-text pt-large pb-large bg-center bg-cover bg-no-repeat  is-style-transparent\" style=\"background-image:url()\"><div class=\"free-text-wrapper container max-w-medium text-left\">\n<h2 class=\"is-style-heading-h2 wp-block-heading\">\u00bfQu\u00e9 causa el enrojecimiento vaginal<\/h2>\n\n\n\n<p>La inflamaci\u00f3n del tejido que se manifiesta como enrojecimiento puede ser causada por varios factores, el m\u00e1s com\u00fan de ellos es infecci\u00f3n, como candidiasis vaginal o vaginosis bacteriana. No se considera que estas condiciones sean transmisibles entre parejas, as\u00ed que no hay necesidad de contenerse de tener sexo, aunque la actividad sexual puede ser molesta cuando el enrojecimiento vaginal ocurre. Si la causa de la infecci\u00f3n es una ETS, usualmente ambos compa\u00f1eros deben ser tratados.<\/p>\n\n\n\n<p>Sin embargo la causa del enrojecimiento vaginal no siempre es una infecci\u00f3n. El sensible tejido de la vulva y la vagina puede f\u00e1cilmente mostrar una reacci\u00f3n al\u00e9rgica o de irritaci\u00f3n a sustancias que se encuentran en el ambiente, como perfumes, jabones o preservantes. De hecho, los productos como toallas higi\u00e9nicas aromatizadas o papel higi\u00e9nico con aroma, detergentes fuertes o champ\u00fas, suavizantes de ropa, etc., generalmente contienen ingredientes que pueden causar alergias o producir irritaci\u00f3n. Otra raz\u00f3n com\u00fan del enrojecimiento es la irritaci\u00f3n f\u00edsica, usualmente debido a los deportes, calor o ropa interior sint\u00e9tica.<\/p>\n\n\n\n<h2 class=\"is-style-heading-h2 wp-block-heading\">\u00bfEs la ducha vaginal una mejor opci\u00f3n?<\/h2>\n\n\n\n<p>El primer paso en el tratamiento de la vulvovaginitis es eliminar la causa de la inflamaci\u00f3n. Consulte a su doctor para asegurarse de conocer el origen del problema. Si la inflamaci\u00f3n es causada por una infecci\u00f3n, generalmente se prescribe una terapia antibi\u00f3tica o antimic\u00f3tica. Usar un prebi\u00f3tico vaginal al mismo tiempo que o despu\u00e9s de la terapia antibi\u00f3tica puede ayudar a restaurar el equilibrio de la flora vaginal, y minimizar el riesgo de una infecci\u00f3n repetitiva. Sin embargo, si el enrojecimiento es causado por una reacci\u00f3n al\u00e9rgica o un irritante f\u00edsico, no siempre es f\u00e1cil identificar y eliminar al culpable. En este caso probablemente es mejor evitar todas las causas posibles, y luego lentamente retomarlos uno a uno.<\/p>\n\n\n\n<p>Aunque es mejor eliminar la causa del problema, el r\u00e1pido alivio de los s\u00edntomas es frecuentemente \u00fatil. Busque productos que calmen la comez\u00f3n, o aerosoles y geles con efectos refrescantes que puedan ser comprados sin una prescripci\u00f3n. Aseg\u00farese que estos productos est\u00e9n dise\u00f1ados para la zona \u00edntima, y que no contengan al\u00e9rgenos o irritantes potenciales.<\/p>\n<\/div><\/div>\n","protected":false},"excerpt":{"rendered":"","protected":false},"author":2,"featured_media":0,"parent":29,"menu_order":3,"comment_status":"closed","ping_status":"closed","template":"","meta":{"_acf_changed":false,"footnotes":""},"from-article-database":[],"class_list":["post-164","page","type-page","status-publish","hentry"],"acf":[],"yoast_head":"<!-- This site is optimized with the Yoast SEO plugin v26.6 - https:\/\/yoast.com\/wordpress\/plugins\/seo\/ -->\n<title>Enrojecimiento vaginal - Multi-Gyn<\/title>\n<meta name=\"description\" content=\"Si usted alguna vez se ha preguntado c\u00f3mo se ve all\u00e1 abajo, puede haber tomado un peque\u00f1o espejo y haberse visto desde un \u00e1ngulo diferente.\" \/>\n<meta name=\"robots\" content=\"index, follow, max-snippet:-1, max-image-preview:large, max-video-preview:-1\" \/>\n<link rel=\"canonical\" href=\"https:\/\/multi-gyn.com\/uy\/salud-vaginal\/infecciones\/enrojecimiento-vaginal\/\" \/>\n<meta property=\"og:locale\" content=\"es_ES\" \/>\n<meta property=\"og:type\" content=\"article\" \/>\n<meta property=\"og:title\" content=\"Enrojecimiento vaginal - Multi-Gyn\" \/>\n<meta property=\"og:description\" content=\"Si usted alguna vez se ha preguntado c\u00f3mo se ve all\u00e1 abajo, puede haber tomado un peque\u00f1o espejo y haberse visto desde un \u00e1ngulo diferente.\" \/>\n<meta property=\"og:url\" content=\"https:\/\/multi-gyn.com\/uy\/salud-vaginal\/infecciones\/enrojecimiento-vaginal\/\" \/>\n<meta property=\"og:site_name\" content=\"Multi-Gyn\" \/>\n<meta property=\"article:modified_time\" content=\"2024-08-21T10:46:23+00:00\" \/>\n<meta name=\"twitter:card\" content=\"summary_large_image\" \/>\n<meta name=\"twitter:label1\" content=\"Est. reading time\" \/>\n\t<meta name=\"twitter:data1\" content=\"3 minutos\" \/>\n<script type=\"application\/ld+json\" class=\"yoast-schema-graph\">{\"@context\":\"https:\/\/schema.org\",\"@graph\":[{\"@type\":\"WebPage\",\"@id\":\"https:\/\/multi-gyn.com\/uy\/salud-vaginal\/infecciones\/enrojecimiento-vaginal\/\",\"url\":\"https:\/\/multi-gyn.com\/uy\/salud-vaginal\/infecciones\/enrojecimiento-vaginal\/\",\"name\":\"Enrojecimiento vaginal - Multi-Gyn\",\"isPartOf\":{\"@id\":\"https:\/\/multi-gyn.com\/uy\/#website\"},\"datePublished\":\"2023-05-11T08:43:51+00:00\",\"dateModified\":\"2024-08-21T10:46:23+00:00\",\"description\":\"Si usted alguna vez se ha preguntado c\u00f3mo se ve all\u00e1 abajo, puede haber tomado un peque\u00f1o espejo y haberse visto desde un \u00e1ngulo diferente.\",\"breadcrumb\":{\"@id\":\"https:\/\/multi-gyn.com\/uy\/salud-vaginal\/infecciones\/enrojecimiento-vaginal\/#breadcrumb\"},\"inLanguage\":\"es-UY\",\"potentialAction\":[{\"@type\":\"ReadAction\",\"target\":[\"https:\/\/multi-gyn.com\/uy\/salud-vaginal\/infecciones\/enrojecimiento-vaginal\/\"]}]},{\"@type\":\"BreadcrumbList\",\"@id\":\"https:\/\/multi-gyn.com\/uy\/salud-vaginal\/infecciones\/enrojecimiento-vaginal\/#breadcrumb\",\"itemListElement\":[{\"@type\":\"ListItem\",\"position\":1,\"name\":\"Home\",\"item\":\"https:\/\/multi-gyn.com\/uy\/\"},{\"@type\":\"ListItem\",\"position\":2,\"name\":\"Salud vaginal\",\"item\":\"https:\/\/multi-gyn.com\/uy\/salud-vaginal\/\"},{\"@type\":\"ListItem\",\"position\":3,\"name\":\"Infecciones\",\"item\":\"https:\/\/multi-gyn.com\/uy\/salud-vaginal\/infecciones\/\"},{\"@type\":\"ListItem\",\"position\":4,\"name\":\"Enrojecimiento vaginal\"}]},{\"@type\":\"WebSite\",\"@id\":\"https:\/\/multi-gyn.com\/uy\/#website\",\"url\":\"https:\/\/multi-gyn.com\/uy\/\",\"name\":\"Multi-Gyn\",\"description\":\"\",\"publisher\":{\"@id\":\"https:\/\/multi-gyn.com\/uy\/#organization\"},\"potentialAction\":[{\"@type\":\"SearchAction\",\"target\":{\"@type\":\"EntryPoint\",\"urlTemplate\":\"https:\/\/multi-gyn.com\/uy\/?s={search_term_string}\"},\"query-input\":{\"@type\":\"PropertyValueSpecification\",\"valueRequired\":true,\"valueName\":\"search_term_string\"}}],\"inLanguage\":\"es-UY\"},{\"@type\":\"Organization\",\"@id\":\"https:\/\/multi-gyn.com\/uy\/#organization\",\"name\":\"Multi-Gyn\",\"url\":\"https:\/\/multi-gyn.com\/uy\/\",\"logo\":{\"@type\":\"ImageObject\",\"inLanguage\":\"es-UY\",\"@id\":\"https:\/\/multi-gyn.com\/uy\/#\/schema\/logo\/image\/\",\"url\":\"https:\/\/multi-gyn.com\/app\/uploads\/sites\/47\/2023\/05\/multi-gyn-logo.png\",\"contentUrl\":\"https:\/\/multi-gyn.com\/app\/uploads\/sites\/47\/2023\/05\/multi-gyn-logo.png\",\"width\":149,\"height\":32,\"caption\":\"Multi-Gyn\"},\"image\":{\"@id\":\"https:\/\/multi-gyn.com\/uy\/#\/schema\/logo\/image\/\"}}]}<\/script>\n<!-- \/ Yoast SEO plugin. -->","yoast_head_json":{"title":"Enrojecimiento vaginal - Multi-Gyn","description":"Si usted alguna vez se ha preguntado c\u00f3mo se ve all\u00e1 abajo, puede haber tomado un peque\u00f1o espejo y haberse visto desde un \u00e1ngulo diferente.","robots":{"index":"index","follow":"follow","max-snippet":"max-snippet:-1","max-image-preview":"max-image-preview:large","max-video-preview":"max-video-preview:-1"},"canonical":"https:\/\/multi-gyn.com\/uy\/salud-vaginal\/infecciones\/enrojecimiento-vaginal\/","og_locale":"es_ES","og_type":"article","og_title":"Enrojecimiento vaginal - Multi-Gyn","og_description":"Si usted alguna vez se ha preguntado c\u00f3mo se ve all\u00e1 abajo, puede haber tomado un peque\u00f1o espejo y haberse visto desde un \u00e1ngulo diferente.","og_url":"https:\/\/multi-gyn.com\/uy\/salud-vaginal\/infecciones\/enrojecimiento-vaginal\/","og_site_name":"Multi-Gyn","article_modified_time":"2024-08-21T10:46:23+00:00","twitter_card":"summary_large_image","twitter_misc":{"Est. reading time":"3 minutos"},"schema":{"@context":"https:\/\/schema.org","@graph":[{"@type":"WebPage","@id":"https:\/\/multi-gyn.com\/uy\/salud-vaginal\/infecciones\/enrojecimiento-vaginal\/","url":"https:\/\/multi-gyn.com\/uy\/salud-vaginal\/infecciones\/enrojecimiento-vaginal\/","name":"Enrojecimiento vaginal - Multi-Gyn","isPartOf":{"@id":"https:\/\/multi-gyn.com\/uy\/#website"},"datePublished":"2023-05-11T08:43:51+00:00","dateModified":"2024-08-21T10:46:23+00:00","description":"Si usted alguna vez se ha preguntado c\u00f3mo se ve all\u00e1 abajo, puede haber tomado un peque\u00f1o espejo y haberse visto desde un \u00e1ngulo diferente.","breadcrumb":{"@id":"https:\/\/multi-gyn.com\/uy\/salud-vaginal\/infecciones\/enrojecimiento-vaginal\/#breadcrumb"},"inLanguage":"es-UY","potentialAction":[{"@type":"ReadAction","target":["https:\/\/multi-gyn.com\/uy\/salud-vaginal\/infecciones\/enrojecimiento-vaginal\/"]}]},{"@type":"BreadcrumbList","@id":"https:\/\/multi-gyn.com\/uy\/salud-vaginal\/infecciones\/enrojecimiento-vaginal\/#breadcrumb","itemListElement":[{"@type":"ListItem","position":1,"name":"Home","item":"https:\/\/multi-gyn.com\/uy\/"},{"@type":"ListItem","position":2,"name":"Salud vaginal","item":"https:\/\/multi-gyn.com\/uy\/salud-vaginal\/"},{"@type":"ListItem","position":3,"name":"Infecciones","item":"https:\/\/multi-gyn.com\/uy\/salud-vaginal\/infecciones\/"},{"@type":"ListItem","position":4,"name":"Enrojecimiento vaginal"}]},{"@type":"WebSite","@id":"https:\/\/multi-gyn.com\/uy\/#website","url":"https:\/\/multi-gyn.com\/uy\/","name":"Multi-Gyn","description":"","publisher":{"@id":"https:\/\/multi-gyn.com\/uy\/#organization"},"potentialAction":[{"@type":"SearchAction","target":{"@type":"EntryPoint","urlTemplate":"https:\/\/multi-gyn.com\/uy\/?s={search_term_string}"},"query-input":{"@type":"PropertyValueSpecification","valueRequired":true,"valueName":"search_term_string"}}],"inLanguage":"es-UY"},{"@type":"Organization","@id":"https:\/\/multi-gyn.com\/uy\/#organization","name":"Multi-Gyn","url":"https:\/\/multi-gyn.com\/uy\/","logo":{"@type":"ImageObject","inLanguage":"es-UY","@id":"https:\/\/multi-gyn.com\/uy\/#\/schema\/logo\/image\/","url":"https:\/\/multi-gyn.com\/app\/uploads\/sites\/47\/2023\/05\/multi-gyn-logo.png","contentUrl":"https:\/\/multi-gyn.com\/app\/uploads\/sites\/47\/2023\/05\/multi-gyn-logo.png","width":149,"height":32,"caption":"Multi-Gyn"},"image":{"@id":"https:\/\/multi-gyn.com\/uy\/#\/schema\/logo\/image\/"}}]}},"_links":{"self":[{"href":"https:\/\/multi-gyn.com\/uy\/wp-json\/wp\/v2\/pages\/164","targetHints":{"allow":["GET"]}}],"collection":[{"href":"https:\/\/multi-gyn.com\/uy\/wp-json\/wp\/v2\/pages"}],"about":[{"href":"https:\/\/multi-gyn.com\/uy\/wp-json\/wp\/v2\/types\/page"}],"author":[{"embeddable":true,"href":"https:\/\/multi-gyn.com\/uy\/wp-json\/wp\/v2\/users\/2"}],"replies":[{"embeddable":true,"href":"https:\/\/multi-gyn.com\/uy\/wp-json\/wp\/v2\/comments?post=164"}],"version-history":[{"count":2,"href":"https:\/\/multi-gyn.com\/uy\/wp-json\/wp\/v2\/pages\/164\/revisions"}],"predecessor-version":[{"id":379,"href":"https:\/\/multi-gyn.com\/uy\/wp-json\/wp\/v2\/pages\/164\/revisions\/379"}],"up":[{"embeddable":true,"href":"https:\/\/multi-gyn.com\/uy\/wp-json\/wp\/v2\/pages\/29"}],"wp:attachment":[{"href":"https:\/\/multi-gyn.com\/uy\/wp-json\/wp\/v2\/media?parent=164"}],"wp:term":[{"taxonomy":"from-article-database","embeddable":true,"href":"https:\/\/multi-gyn.com\/uy\/wp-json\/wp\/v2\/from-article-database?post=164"}],"curies":[{"name":"wp","href":"https:\/\/api.w.org\/{rel}","templated":true}]}}