{"id":166,"date":"2023-05-11T05:44:06","date_gmt":"2023-05-11T08:44:06","guid":{"rendered":"https:\/\/multi-gyn.com\/uy\/?page_id=166"},"modified":"2023-05-12T05:08:46","modified_gmt":"2023-05-12T08:08:46","slug":"causas-de-las-infecciones-vaginales","status":"publish","type":"page","link":"https:\/\/multi-gyn.com\/uy\/salud-vaginal\/infecciones\/causas-de-las-infecciones-vaginales\/","title":{"rendered":"Causas de las infecciones vaginales"},"content":{"rendered":"\n<div class=\"wp-block-karopharma-free-text pt-large pb-large bg-center bg-cover bg-no-repeat  is-style-primary\" style=\"background-image:url()\"><div class=\"free-text-wrapper container max-w-medium text-left\">\n<h1 class=\"is-style-heading-h1 wp-block-heading\">Causas de las infecciones vaginales<\/h1>\n\n\n\n<p class=\"is-style-paragraph-preamble\">Si ha experimentado molestias \u00edntimas como secreci\u00f3n, comez\u00f3n, ardor, dolor o mal olor, probablemente ha sufrido de una infecci\u00f3n vaginal o vaginitis. Las infecciones m\u00e1s comunes son la vaginosis bacteriana y candidiasis (infecci\u00f3n por hongos levaduriformes), ambas consideradas como un desequilibrio de la flora vaginal.<\/p>\n<\/div><\/div>\n\n\n\n<div class=\"wp-block-karopharma-free-text pt-large pb-large bg-center bg-cover bg-no-repeat  is-style-transparent\" style=\"background-image:url()\"><div class=\"free-text-wrapper container max-w-medium text-left\">\n<p>La vaginosis bacteriana puede ser reconocida por ardor y dolor en la zona \u00edntima, y una secreci\u00f3n gris o blanca poco espesa con un olor a pescado caracter\u00edstico. La candidiasis es mejor conocida por comez\u00f3n e irritaci\u00f3n en la zona vaginal, y una secreci\u00f3n espesa, m\u00e1s com\u00fanmente descrita como algo similar al reques\u00f3n.<\/p>\n\n\n\n<h2 class=\"is-style-heading-h2 wp-block-heading\">\u00bfQu\u00e9 causa una infecci\u00f3n vaginal?<\/h2>\n\n\n\n<p>El desequilibrio en la flora vaginal es una de las causas m\u00e1s comunes de las infecciones vaginales. Una vez los n\u00fameros de las bacterias beneficiosas que viven dentro de la vagina se reducen, las bacterias perjudiciales y el hongo empiezan a crecer r\u00e1pidamente, causando molestia e infecci\u00f3n.<\/p>\n\n\n\n<p>El desequilibrio puede pasar mientras o despu\u00e9s de usar antibi\u00f3ticos, debido a los cambios hormonales, despu\u00e9s de usar productos higi\u00e9nicos como jab\u00f3n, ba\u00f1arse en la tina con espuma o usar lociones, o incluso despu\u00e9s de usar productos \u00edntimos incluyendo aerosoles vaginales y condones.<\/p>\n\n\n\n<p class=\"is-style-paragraph-preamble has-primary-color has-text-color\"><em>\u00abUn desequilibrio en la flora vaginal es uno de las causas m\u00e1s comunes de infecciones vaginales.\u00bb<\/em><\/p>\n\n\n\n<p>Las molestias vaginales tambi\u00e9n pueden ocurrir debido a irritantes y alerg\u00e9nicos presentes en detergentes o suavizantes de ropa que haya estado usando, y algunas veces hasta qu\u00edmicos usados para te\u00f1ir la ropa. La ropa interior sint\u00e9tica tambi\u00e9n puede causar irritaci\u00f3n y promover el crecimiento de hongos, as\u00ed como las toallas higi\u00e9nicas y protectores que contienen esencias o tintes. El resultado puede ser un sobrecrecimiento de bacterias, resultando en vaginosis bacteriana, o una candidiasis. Las molestias puede tambi\u00e9n ser causadas por infecciones transmitidas sexualmente.<\/p>\n\n\n\n<h2 class=\"is-style-heading-h2 wp-block-heading\">El impacto de las hormonas<\/h2>\n\n\n\n<p>Otro factor importante que puede afectar su salud vaginal es el estado hormonal. Los cambios en los niveles hormonales parecen tener un impacto en el desarrollo de infecciones vaginales. Tambi\u00e9n puede causar otros problemas.<\/p>\n\n\n\n<p>Los niveles de estr\u00f3genos pueden disminuir justo antes de la menstruaci\u00f3n, durante el embarazo o la lactancia, y durante la menopausia. Esto reduce la lubricaci\u00f3n natural de las paredes vaginales, haciendo que la vagina se seque y sea propensa a da\u00f1os durante la penetraci\u00f3n. Esto se traduce en dolor durante las relaciones sexuales, inflamaci\u00f3n y dolor.<\/p>\n\n\n\n<p>Si experimenta s\u00edntomas como secreci\u00f3n, mal olor, dolor, comez\u00f3n, ardor o molestia, cosnsulte a su proovedor de salud para obtener un tratamiento apropiado y prevenir futuras complicaciones.<\/p>\n<\/div><\/div>\n","protected":false},"excerpt":{"rendered":"","protected":false},"author":2,"featured_media":0,"parent":29,"menu_order":4,"comment_status":"closed","ping_status":"closed","template":"","meta":{"_acf_changed":false,"footnotes":""},"from-article-database":[],"class_list":["post-166","page","type-page","status-publish","hentry"],"acf":[],"yoast_head":"<!-- This site is optimized with the Yoast SEO plugin v26.6 - https:\/\/yoast.com\/wordpress\/plugins\/seo\/ -->\n<title>Causas de las infecciones vaginales - Multi-Gyn<\/title>\n<meta name=\"description\" content=\"Si ha experimentado molestias \u00edntimas como secreci\u00f3n, comez\u00f3n, ardor, dolor o mal olor, probablemente ha sufrido de una infecci\u00f3n vaginal o vaginitis.\" \/>\n<meta name=\"robots\" content=\"index, follow, max-snippet:-1, max-image-preview:large, max-video-preview:-1\" \/>\n<link rel=\"canonical\" href=\"https:\/\/multi-gyn.com\/uy\/salud-vaginal\/infecciones\/causas-de-las-infecciones-vaginales\/\" \/>\n<meta property=\"og:locale\" content=\"es_ES\" \/>\n<meta property=\"og:type\" content=\"article\" \/>\n<meta property=\"og:title\" content=\"Causas de las infecciones vaginales - Multi-Gyn\" \/>\n<meta property=\"og:description\" content=\"Si ha experimentado molestias \u00edntimas como secreci\u00f3n, comez\u00f3n, ardor, dolor o mal olor, probablemente ha sufrido de una infecci\u00f3n vaginal o vaginitis.\" \/>\n<meta property=\"og:url\" content=\"https:\/\/multi-gyn.com\/uy\/salud-vaginal\/infecciones\/causas-de-las-infecciones-vaginales\/\" \/>\n<meta property=\"og:site_name\" content=\"Multi-Gyn\" \/>\n<meta property=\"article:modified_time\" content=\"2023-05-12T08:08:46+00:00\" \/>\n<meta name=\"twitter:card\" content=\"summary_large_image\" \/>\n<meta name=\"twitter:label1\" content=\"Est. reading time\" \/>\n\t<meta name=\"twitter:data1\" content=\"2 minutos\" \/>\n<script type=\"application\/ld+json\" class=\"yoast-schema-graph\">{\"@context\":\"https:\/\/schema.org\",\"@graph\":[{\"@type\":\"WebPage\",\"@id\":\"https:\/\/multi-gyn.com\/uy\/salud-vaginal\/infecciones\/causas-de-las-infecciones-vaginales\/\",\"url\":\"https:\/\/multi-gyn.com\/uy\/salud-vaginal\/infecciones\/causas-de-las-infecciones-vaginales\/\",\"name\":\"Causas de las infecciones vaginales - Multi-Gyn\",\"isPartOf\":{\"@id\":\"https:\/\/multi-gyn.com\/uy\/#website\"},\"datePublished\":\"2023-05-11T08:44:06+00:00\",\"dateModified\":\"2023-05-12T08:08:46+00:00\",\"description\":\"Si ha experimentado molestias \u00edntimas como secreci\u00f3n, comez\u00f3n, ardor, dolor o mal olor, probablemente ha sufrido de una infecci\u00f3n vaginal o vaginitis.\",\"breadcrumb\":{\"@id\":\"https:\/\/multi-gyn.com\/uy\/salud-vaginal\/infecciones\/causas-de-las-infecciones-vaginales\/#breadcrumb\"},\"inLanguage\":\"es-UY\",\"potentialAction\":[{\"@type\":\"ReadAction\",\"target\":[\"https:\/\/multi-gyn.com\/uy\/salud-vaginal\/infecciones\/causas-de-las-infecciones-vaginales\/\"]}]},{\"@type\":\"BreadcrumbList\",\"@id\":\"https:\/\/multi-gyn.com\/uy\/salud-vaginal\/infecciones\/causas-de-las-infecciones-vaginales\/#breadcrumb\",\"itemListElement\":[{\"@type\":\"ListItem\",\"position\":1,\"name\":\"Home\",\"item\":\"https:\/\/multi-gyn.com\/uy\/\"},{\"@type\":\"ListItem\",\"position\":2,\"name\":\"Salud vaginal\",\"item\":\"https:\/\/multi-gyn.com\/uy\/salud-vaginal\/\"},{\"@type\":\"ListItem\",\"position\":3,\"name\":\"Infecciones\",\"item\":\"https:\/\/multi-gyn.com\/uy\/salud-vaginal\/infecciones\/\"},{\"@type\":\"ListItem\",\"position\":4,\"name\":\"Causas de las infecciones vaginales\"}]},{\"@type\":\"WebSite\",\"@id\":\"https:\/\/multi-gyn.com\/uy\/#website\",\"url\":\"https:\/\/multi-gyn.com\/uy\/\",\"name\":\"Multi-Gyn\",\"description\":\"\",\"publisher\":{\"@id\":\"https:\/\/multi-gyn.com\/uy\/#organization\"},\"potentialAction\":[{\"@type\":\"SearchAction\",\"target\":{\"@type\":\"EntryPoint\",\"urlTemplate\":\"https:\/\/multi-gyn.com\/uy\/?s={search_term_string}\"},\"query-input\":{\"@type\":\"PropertyValueSpecification\",\"valueRequired\":true,\"valueName\":\"search_term_string\"}}],\"inLanguage\":\"es-UY\"},{\"@type\":\"Organization\",\"@id\":\"https:\/\/multi-gyn.com\/uy\/#organization\",\"name\":\"Multi-Gyn\",\"url\":\"https:\/\/multi-gyn.com\/uy\/\",\"logo\":{\"@type\":\"ImageObject\",\"inLanguage\":\"es-UY\",\"@id\":\"https:\/\/multi-gyn.com\/uy\/#\/schema\/logo\/image\/\",\"url\":\"https:\/\/multi-gyn.com\/app\/uploads\/sites\/47\/2023\/05\/multi-gyn-logo.png\",\"contentUrl\":\"https:\/\/multi-gyn.com\/app\/uploads\/sites\/47\/2023\/05\/multi-gyn-logo.png\",\"width\":149,\"height\":32,\"caption\":\"Multi-Gyn\"},\"image\":{\"@id\":\"https:\/\/multi-gyn.com\/uy\/#\/schema\/logo\/image\/\"}}]}<\/script>\n<!-- \/ Yoast SEO plugin. -->","yoast_head_json":{"title":"Causas de las infecciones vaginales - Multi-Gyn","description":"Si ha experimentado molestias \u00edntimas como secreci\u00f3n, comez\u00f3n, ardor, dolor o mal olor, probablemente ha sufrido de una infecci\u00f3n vaginal o vaginitis.","robots":{"index":"index","follow":"follow","max-snippet":"max-snippet:-1","max-image-preview":"max-image-preview:large","max-video-preview":"max-video-preview:-1"},"canonical":"https:\/\/multi-gyn.com\/uy\/salud-vaginal\/infecciones\/causas-de-las-infecciones-vaginales\/","og_locale":"es_ES","og_type":"article","og_title":"Causas de las infecciones vaginales - Multi-Gyn","og_description":"Si ha experimentado molestias \u00edntimas como secreci\u00f3n, comez\u00f3n, ardor, dolor o mal olor, probablemente ha sufrido de una infecci\u00f3n vaginal o vaginitis.","og_url":"https:\/\/multi-gyn.com\/uy\/salud-vaginal\/infecciones\/causas-de-las-infecciones-vaginales\/","og_site_name":"Multi-Gyn","article_modified_time":"2023-05-12T08:08:46+00:00","twitter_card":"summary_large_image","twitter_misc":{"Est. reading time":"2 minutos"},"schema":{"@context":"https:\/\/schema.org","@graph":[{"@type":"WebPage","@id":"https:\/\/multi-gyn.com\/uy\/salud-vaginal\/infecciones\/causas-de-las-infecciones-vaginales\/","url":"https:\/\/multi-gyn.com\/uy\/salud-vaginal\/infecciones\/causas-de-las-infecciones-vaginales\/","name":"Causas de las infecciones vaginales - Multi-Gyn","isPartOf":{"@id":"https:\/\/multi-gyn.com\/uy\/#website"},"datePublished":"2023-05-11T08:44:06+00:00","dateModified":"2023-05-12T08:08:46+00:00","description":"Si ha experimentado molestias \u00edntimas como secreci\u00f3n, comez\u00f3n, ardor, dolor o mal olor, probablemente ha sufrido de una infecci\u00f3n vaginal o vaginitis.","breadcrumb":{"@id":"https:\/\/multi-gyn.com\/uy\/salud-vaginal\/infecciones\/causas-de-las-infecciones-vaginales\/#breadcrumb"},"inLanguage":"es-UY","potentialAction":[{"@type":"ReadAction","target":["https:\/\/multi-gyn.com\/uy\/salud-vaginal\/infecciones\/causas-de-las-infecciones-vaginales\/"]}]},{"@type":"BreadcrumbList","@id":"https:\/\/multi-gyn.com\/uy\/salud-vaginal\/infecciones\/causas-de-las-infecciones-vaginales\/#breadcrumb","itemListElement":[{"@type":"ListItem","position":1,"name":"Home","item":"https:\/\/multi-gyn.com\/uy\/"},{"@type":"ListItem","position":2,"name":"Salud vaginal","item":"https:\/\/multi-gyn.com\/uy\/salud-vaginal\/"},{"@type":"ListItem","position":3,"name":"Infecciones","item":"https:\/\/multi-gyn.com\/uy\/salud-vaginal\/infecciones\/"},{"@type":"ListItem","position":4,"name":"Causas de las infecciones vaginales"}]},{"@type":"WebSite","@id":"https:\/\/multi-gyn.com\/uy\/#website","url":"https:\/\/multi-gyn.com\/uy\/","name":"Multi-Gyn","description":"","publisher":{"@id":"https:\/\/multi-gyn.com\/uy\/#organization"},"potentialAction":[{"@type":"SearchAction","target":{"@type":"EntryPoint","urlTemplate":"https:\/\/multi-gyn.com\/uy\/?s={search_term_string}"},"query-input":{"@type":"PropertyValueSpecification","valueRequired":true,"valueName":"search_term_string"}}],"inLanguage":"es-UY"},{"@type":"Organization","@id":"https:\/\/multi-gyn.com\/uy\/#organization","name":"Multi-Gyn","url":"https:\/\/multi-gyn.com\/uy\/","logo":{"@type":"ImageObject","inLanguage":"es-UY","@id":"https:\/\/multi-gyn.com\/uy\/#\/schema\/logo\/image\/","url":"https:\/\/multi-gyn.com\/app\/uploads\/sites\/47\/2023\/05\/multi-gyn-logo.png","contentUrl":"https:\/\/multi-gyn.com\/app\/uploads\/sites\/47\/2023\/05\/multi-gyn-logo.png","width":149,"height":32,"caption":"Multi-Gyn"},"image":{"@id":"https:\/\/multi-gyn.com\/uy\/#\/schema\/logo\/image\/"}}]}},"_links":{"self":[{"href":"https:\/\/multi-gyn.com\/uy\/wp-json\/wp\/v2\/pages\/166","targetHints":{"allow":["GET"]}}],"collection":[{"href":"https:\/\/multi-gyn.com\/uy\/wp-json\/wp\/v2\/pages"}],"about":[{"href":"https:\/\/multi-gyn.com\/uy\/wp-json\/wp\/v2\/types\/page"}],"author":[{"embeddable":true,"href":"https:\/\/multi-gyn.com\/uy\/wp-json\/wp\/v2\/users\/2"}],"replies":[{"embeddable":true,"href":"https:\/\/multi-gyn.com\/uy\/wp-json\/wp\/v2\/comments?post=166"}],"version-history":[{"count":3,"href":"https:\/\/multi-gyn.com\/uy\/wp-json\/wp\/v2\/pages\/166\/revisions"}],"predecessor-version":[{"id":383,"href":"https:\/\/multi-gyn.com\/uy\/wp-json\/wp\/v2\/pages\/166\/revisions\/383"}],"up":[{"embeddable":true,"href":"https:\/\/multi-gyn.com\/uy\/wp-json\/wp\/v2\/pages\/29"}],"wp:attachment":[{"href":"https:\/\/multi-gyn.com\/uy\/wp-json\/wp\/v2\/media?parent=166"}],"wp:term":[{"taxonomy":"from-article-database","embeddable":true,"href":"https:\/\/multi-gyn.com\/uy\/wp-json\/wp\/v2\/from-article-database?post=166"}],"curies":[{"name":"wp","href":"https:\/\/api.w.org\/{rel}","templated":true}]}}