{"id":168,"date":"2023-05-11T05:44:24","date_gmt":"2023-05-11T08:44:24","guid":{"rendered":"https:\/\/multi-gyn.com\/uy\/?page_id=168"},"modified":"2023-05-12T05:13:29","modified_gmt":"2023-05-12T08:13:29","slug":"higiene-intima-e-infecciones-vaginales","status":"publish","type":"page","link":"https:\/\/multi-gyn.com\/uy\/salud-vaginal\/infecciones\/higiene-intima-e-infecciones-vaginales\/","title":{"rendered":"Higiene \u00edntima e infecciones vaginales"},"content":{"rendered":"\n<div class=\"wp-block-karopharma-free-text pt-large pb-large bg-center bg-cover bg-no-repeat  is-style-primary\" style=\"background-image:url()\"><div class=\"free-text-wrapper container max-w-medium text-left\">\n<h1 class=\"is-style-heading-h1 wp-block-heading\">Higiene \u00edntima e infecciones vaginales<\/h1>\n\n\n\n<p class=\"is-style-paragraph-preamble\">La mayor\u00eda de las mujeres saben c\u00f3mo cuidar su zona \u00edntima. \u201cLa vagina se limpia a s\u00ed misma\u201d, \u201cno lave su vagina con jab\u00f3n\u201d, \u201cuse ropa interior de algod\u00f3n\u201d y \u201csiempre l\u00edmpiese de adelante hacia atr\u00e1s\u201d. Cuidar su zona \u00edntima apropiadamente puede prevenir molestias, o eso se cree. Sin embargo, \u00bfEs este el caso realmente?<\/p>\n<\/div><\/div>\n\n\n\n<div class=\"wp-block-karopharma-free-text pt-large pb-large bg-center bg-cover bg-no-repeat  is-style-transparent\" style=\"background-image:url()\"><div class=\"free-text-wrapper container max-w-medium text-left\">\n<h2 class=\"is-style-heading-h2 wp-block-heading\">La causa de infecciones y molestias<\/h2>\n\n\n\n<p>Las dos infecciones vaginales m\u00e1s comunes son la vaginosis bacteriana e infecci\u00f3n por hongos levaduriformes (tambi\u00e9n conocido como C\u00e1ndida o candidiasis vaginal). Si experimenta molestias vaginales, usualmente una de estas es la causa.<\/p>\n\n\n\n<p>La vaginosis bacteriana (VB) es causada por bacterias perjudiciales en su vagina. Los s\u00edntomas de esta infecci\u00f3n son olor fuerte como de pescado y secreci\u00f3n acuosa blanco-gris\u00e1cea. Por otra parte, una candidiasis es causada por el sobrecrecimiento de c\u00e9lulas de hongos levaduriformes en su vagina o en su zona \u00edntima externa. Una secreci\u00f3n blanca y espesa (como el reques\u00f3n) y comez\u00f3n vaginal son los s\u00edntomas m\u00e1s comunes.<\/p>\n\n\n\n<p>Ambas infecciones son inofensivas, pero pueden ser bastante inc\u00f3modas. Los s\u00edntomas desaparecer\u00e1n eventualmente, sin embargo esto puede tomar tiempo. Afortunadamente ambas infecciones pueden ser tratadas con medicamentos o productos de cuidado personal. Aqu\u00ed puede encontrar m\u00e1s informaci\u00f3n sobre c\u00f3mo tratar infecciones vaginales.<\/p>\n\n\n\n<p class=\"is-style-paragraph-preamble has-primary-color has-text-color\"><em>\u00abLas dos infecciones vaginales m\u00e1s comunes son vaginosis bacteriana e infecci\u00f3n por hongos levaduriformes (tambi\u00e9n conocido como C\u00e1ndida o candidiasis vaginal). Si experimenta molestias vaginales, usualmente una de estas es la causa.\u00bb<\/em><\/p>\n\n\n\n<h2 class=\"is-style-heading-h2 wp-block-heading\">C\u00f3mo puede ayudar la higiene \u00edntima<\/h2>\n\n\n\n<p>Aunque no es claro que causa exactamente el sobrecrecimiento de los hongos levaduriformes o bacterias en la vagina, hay algunos factores que pueden influenciar la oportunidad de desarrollarse. Se cree que la higiene \u00edntima es uno de ellos. Aqu\u00ed encontramos algunos consejos en higiene \u00edntima:<\/p>\n\n\n\n<ul class=\"is-style-default wp-block-list\"><li>Si quiere limpiar su zona \u00edntima externa, el agua tibia es suficiente. Para una sensaci\u00f3n de frescura puede usar un enjuague \u00edntimo suave, por ejemplo uno con ingredientes naturales<\/li><li>Aseg\u00farese de siempre secar su zona \u00edntima despu\u00e9s de ducharse, ba\u00f1arse en la tina o nadar<\/li><li>Use ropa interior de algod\u00f3n y evite usar tangas<\/li><li>Trate de no rascarse si tiene comez\u00f3n<\/li><\/ul>\n\n\n\n<h2 class=\"is-style-heading-h2 wp-block-heading\">\u00bfLa higiene \u00edntima previene infecciones vaginales?<\/h2>\n\n\n\n<p>Algunas mujeres se benefician de una correcta higiene \u00edntima, pero otras aun as\u00ed desarrollan una infecci\u00f3n. Una higiene \u00edntima inapropiada puede aumentar el riesgo de molestias vaginales, pero una correcta higiene \u00edntima desafortunadamente no prevendr\u00e1 todos los problemas ya que la mayor\u00eda de infecciones son causadas por factores no relacionados con la higiene.<\/p>\n<\/div><\/div>\n","protected":false},"excerpt":{"rendered":"","protected":false},"author":2,"featured_media":0,"parent":29,"menu_order":5,"comment_status":"closed","ping_status":"closed","template":"","meta":{"_acf_changed":false,"footnotes":""},"from-article-database":[],"class_list":["post-168","page","type-page","status-publish","hentry"],"acf":[],"yoast_head":"<!-- This site is optimized with the Yoast SEO plugin v26.6 - https:\/\/yoast.com\/wordpress\/plugins\/seo\/ -->\n<title>Higiene \u00edntima e infecciones vaginales - Multi-Gyn<\/title>\n<meta name=\"description\" content=\"La mayor\u00eda de las mujeres saben c\u00f3mo cuidar su zona \u00edntima. \u201cLa vagina se limpia a s\u00ed misma\u201d, \u201cno lave su vagina con jab\u00f3n\u201d, \u201cuse ropa interior de algod\u00f3n\u201d y \u201csiempre l\u00edmpiese de adelante hacia atr\u00e1s\u201d.\" \/>\n<meta name=\"robots\" content=\"index, follow, max-snippet:-1, max-image-preview:large, max-video-preview:-1\" \/>\n<link rel=\"canonical\" href=\"https:\/\/multi-gyn.com\/uy\/salud-vaginal\/infecciones\/higiene-intima-e-infecciones-vaginales\/\" \/>\n<meta property=\"og:locale\" content=\"es_ES\" \/>\n<meta property=\"og:type\" content=\"article\" \/>\n<meta property=\"og:title\" content=\"Higiene \u00edntima e infecciones vaginales - Multi-Gyn\" \/>\n<meta property=\"og:description\" content=\"La mayor\u00eda de las mujeres saben c\u00f3mo cuidar su zona \u00edntima. \u201cLa vagina se limpia a s\u00ed misma\u201d, \u201cno lave su vagina con jab\u00f3n\u201d, \u201cuse ropa interior de algod\u00f3n\u201d y \u201csiempre l\u00edmpiese de adelante hacia atr\u00e1s\u201d.\" \/>\n<meta property=\"og:url\" content=\"https:\/\/multi-gyn.com\/uy\/salud-vaginal\/infecciones\/higiene-intima-e-infecciones-vaginales\/\" \/>\n<meta property=\"og:site_name\" content=\"Multi-Gyn\" \/>\n<meta property=\"article:modified_time\" content=\"2023-05-12T08:13:29+00:00\" \/>\n<meta name=\"twitter:card\" content=\"summary_large_image\" \/>\n<meta name=\"twitter:label1\" content=\"Est. reading time\" \/>\n\t<meta name=\"twitter:data1\" content=\"2 minutos\" \/>\n<script type=\"application\/ld+json\" class=\"yoast-schema-graph\">{\"@context\":\"https:\/\/schema.org\",\"@graph\":[{\"@type\":\"WebPage\",\"@id\":\"https:\/\/multi-gyn.com\/uy\/salud-vaginal\/infecciones\/higiene-intima-e-infecciones-vaginales\/\",\"url\":\"https:\/\/multi-gyn.com\/uy\/salud-vaginal\/infecciones\/higiene-intima-e-infecciones-vaginales\/\",\"name\":\"Higiene \u00edntima e infecciones vaginales - Multi-Gyn\",\"isPartOf\":{\"@id\":\"https:\/\/multi-gyn.com\/uy\/#website\"},\"datePublished\":\"2023-05-11T08:44:24+00:00\",\"dateModified\":\"2023-05-12T08:13:29+00:00\",\"description\":\"La mayor\u00eda de las mujeres saben c\u00f3mo cuidar su zona \u00edntima. \u201cLa vagina se limpia a s\u00ed misma\u201d, \u201cno lave su vagina con jab\u00f3n\u201d, \u201cuse ropa interior de algod\u00f3n\u201d y \u201csiempre l\u00edmpiese de adelante hacia atr\u00e1s\u201d.\",\"breadcrumb\":{\"@id\":\"https:\/\/multi-gyn.com\/uy\/salud-vaginal\/infecciones\/higiene-intima-e-infecciones-vaginales\/#breadcrumb\"},\"inLanguage\":\"es-UY\",\"potentialAction\":[{\"@type\":\"ReadAction\",\"target\":[\"https:\/\/multi-gyn.com\/uy\/salud-vaginal\/infecciones\/higiene-intima-e-infecciones-vaginales\/\"]}]},{\"@type\":\"BreadcrumbList\",\"@id\":\"https:\/\/multi-gyn.com\/uy\/salud-vaginal\/infecciones\/higiene-intima-e-infecciones-vaginales\/#breadcrumb\",\"itemListElement\":[{\"@type\":\"ListItem\",\"position\":1,\"name\":\"Home\",\"item\":\"https:\/\/multi-gyn.com\/uy\/\"},{\"@type\":\"ListItem\",\"position\":2,\"name\":\"Salud vaginal\",\"item\":\"https:\/\/multi-gyn.com\/uy\/salud-vaginal\/\"},{\"@type\":\"ListItem\",\"position\":3,\"name\":\"Infecciones\",\"item\":\"https:\/\/multi-gyn.com\/uy\/salud-vaginal\/infecciones\/\"},{\"@type\":\"ListItem\",\"position\":4,\"name\":\"Higiene \u00edntima e infecciones vaginales\"}]},{\"@type\":\"WebSite\",\"@id\":\"https:\/\/multi-gyn.com\/uy\/#website\",\"url\":\"https:\/\/multi-gyn.com\/uy\/\",\"name\":\"Multi-Gyn\",\"description\":\"\",\"publisher\":{\"@id\":\"https:\/\/multi-gyn.com\/uy\/#organization\"},\"potentialAction\":[{\"@type\":\"SearchAction\",\"target\":{\"@type\":\"EntryPoint\",\"urlTemplate\":\"https:\/\/multi-gyn.com\/uy\/?s={search_term_string}\"},\"query-input\":{\"@type\":\"PropertyValueSpecification\",\"valueRequired\":true,\"valueName\":\"search_term_string\"}}],\"inLanguage\":\"es-UY\"},{\"@type\":\"Organization\",\"@id\":\"https:\/\/multi-gyn.com\/uy\/#organization\",\"name\":\"Multi-Gyn\",\"url\":\"https:\/\/multi-gyn.com\/uy\/\",\"logo\":{\"@type\":\"ImageObject\",\"inLanguage\":\"es-UY\",\"@id\":\"https:\/\/multi-gyn.com\/uy\/#\/schema\/logo\/image\/\",\"url\":\"https:\/\/multi-gyn.com\/app\/uploads\/sites\/47\/2023\/05\/multi-gyn-logo.png\",\"contentUrl\":\"https:\/\/multi-gyn.com\/app\/uploads\/sites\/47\/2023\/05\/multi-gyn-logo.png\",\"width\":149,\"height\":32,\"caption\":\"Multi-Gyn\"},\"image\":{\"@id\":\"https:\/\/multi-gyn.com\/uy\/#\/schema\/logo\/image\/\"}}]}<\/script>\n<!-- \/ Yoast SEO plugin. -->","yoast_head_json":{"title":"Higiene \u00edntima e infecciones vaginales - Multi-Gyn","description":"La mayor\u00eda de las mujeres saben c\u00f3mo cuidar su zona \u00edntima. \u201cLa vagina se limpia a s\u00ed misma\u201d, \u201cno lave su vagina con jab\u00f3n\u201d, \u201cuse ropa interior de algod\u00f3n\u201d y \u201csiempre l\u00edmpiese de adelante hacia atr\u00e1s\u201d.","robots":{"index":"index","follow":"follow","max-snippet":"max-snippet:-1","max-image-preview":"max-image-preview:large","max-video-preview":"max-video-preview:-1"},"canonical":"https:\/\/multi-gyn.com\/uy\/salud-vaginal\/infecciones\/higiene-intima-e-infecciones-vaginales\/","og_locale":"es_ES","og_type":"article","og_title":"Higiene \u00edntima e infecciones vaginales - Multi-Gyn","og_description":"La mayor\u00eda de las mujeres saben c\u00f3mo cuidar su zona \u00edntima. \u201cLa vagina se limpia a s\u00ed misma\u201d, \u201cno lave su vagina con jab\u00f3n\u201d, \u201cuse ropa interior de algod\u00f3n\u201d y \u201csiempre l\u00edmpiese de adelante hacia atr\u00e1s\u201d.","og_url":"https:\/\/multi-gyn.com\/uy\/salud-vaginal\/infecciones\/higiene-intima-e-infecciones-vaginales\/","og_site_name":"Multi-Gyn","article_modified_time":"2023-05-12T08:13:29+00:00","twitter_card":"summary_large_image","twitter_misc":{"Est. reading time":"2 minutos"},"schema":{"@context":"https:\/\/schema.org","@graph":[{"@type":"WebPage","@id":"https:\/\/multi-gyn.com\/uy\/salud-vaginal\/infecciones\/higiene-intima-e-infecciones-vaginales\/","url":"https:\/\/multi-gyn.com\/uy\/salud-vaginal\/infecciones\/higiene-intima-e-infecciones-vaginales\/","name":"Higiene \u00edntima e infecciones vaginales - Multi-Gyn","isPartOf":{"@id":"https:\/\/multi-gyn.com\/uy\/#website"},"datePublished":"2023-05-11T08:44:24+00:00","dateModified":"2023-05-12T08:13:29+00:00","description":"La mayor\u00eda de las mujeres saben c\u00f3mo cuidar su zona \u00edntima. \u201cLa vagina se limpia a s\u00ed misma\u201d, \u201cno lave su vagina con jab\u00f3n\u201d, \u201cuse ropa interior de algod\u00f3n\u201d y \u201csiempre l\u00edmpiese de adelante hacia atr\u00e1s\u201d.","breadcrumb":{"@id":"https:\/\/multi-gyn.com\/uy\/salud-vaginal\/infecciones\/higiene-intima-e-infecciones-vaginales\/#breadcrumb"},"inLanguage":"es-UY","potentialAction":[{"@type":"ReadAction","target":["https:\/\/multi-gyn.com\/uy\/salud-vaginal\/infecciones\/higiene-intima-e-infecciones-vaginales\/"]}]},{"@type":"BreadcrumbList","@id":"https:\/\/multi-gyn.com\/uy\/salud-vaginal\/infecciones\/higiene-intima-e-infecciones-vaginales\/#breadcrumb","itemListElement":[{"@type":"ListItem","position":1,"name":"Home","item":"https:\/\/multi-gyn.com\/uy\/"},{"@type":"ListItem","position":2,"name":"Salud vaginal","item":"https:\/\/multi-gyn.com\/uy\/salud-vaginal\/"},{"@type":"ListItem","position":3,"name":"Infecciones","item":"https:\/\/multi-gyn.com\/uy\/salud-vaginal\/infecciones\/"},{"@type":"ListItem","position":4,"name":"Higiene \u00edntima e infecciones vaginales"}]},{"@type":"WebSite","@id":"https:\/\/multi-gyn.com\/uy\/#website","url":"https:\/\/multi-gyn.com\/uy\/","name":"Multi-Gyn","description":"","publisher":{"@id":"https:\/\/multi-gyn.com\/uy\/#organization"},"potentialAction":[{"@type":"SearchAction","target":{"@type":"EntryPoint","urlTemplate":"https:\/\/multi-gyn.com\/uy\/?s={search_term_string}"},"query-input":{"@type":"PropertyValueSpecification","valueRequired":true,"valueName":"search_term_string"}}],"inLanguage":"es-UY"},{"@type":"Organization","@id":"https:\/\/multi-gyn.com\/uy\/#organization","name":"Multi-Gyn","url":"https:\/\/multi-gyn.com\/uy\/","logo":{"@type":"ImageObject","inLanguage":"es-UY","@id":"https:\/\/multi-gyn.com\/uy\/#\/schema\/logo\/image\/","url":"https:\/\/multi-gyn.com\/app\/uploads\/sites\/47\/2023\/05\/multi-gyn-logo.png","contentUrl":"https:\/\/multi-gyn.com\/app\/uploads\/sites\/47\/2023\/05\/multi-gyn-logo.png","width":149,"height":32,"caption":"Multi-Gyn"},"image":{"@id":"https:\/\/multi-gyn.com\/uy\/#\/schema\/logo\/image\/"}}]}},"_links":{"self":[{"href":"https:\/\/multi-gyn.com\/uy\/wp-json\/wp\/v2\/pages\/168","targetHints":{"allow":["GET"]}}],"collection":[{"href":"https:\/\/multi-gyn.com\/uy\/wp-json\/wp\/v2\/pages"}],"about":[{"href":"https:\/\/multi-gyn.com\/uy\/wp-json\/wp\/v2\/types\/page"}],"author":[{"embeddable":true,"href":"https:\/\/multi-gyn.com\/uy\/wp-json\/wp\/v2\/users\/2"}],"replies":[{"embeddable":true,"href":"https:\/\/multi-gyn.com\/uy\/wp-json\/wp\/v2\/comments?post=168"}],"version-history":[{"count":3,"href":"https:\/\/multi-gyn.com\/uy\/wp-json\/wp\/v2\/pages\/168\/revisions"}],"predecessor-version":[{"id":384,"href":"https:\/\/multi-gyn.com\/uy\/wp-json\/wp\/v2\/pages\/168\/revisions\/384"}],"up":[{"embeddable":true,"href":"https:\/\/multi-gyn.com\/uy\/wp-json\/wp\/v2\/pages\/29"}],"wp:attachment":[{"href":"https:\/\/multi-gyn.com\/uy\/wp-json\/wp\/v2\/media?parent=168"}],"wp:term":[{"taxonomy":"from-article-database","embeddable":true,"href":"https:\/\/multi-gyn.com\/uy\/wp-json\/wp\/v2\/from-article-database?post=168"}],"curies":[{"name":"wp","href":"https:\/\/api.w.org\/{rel}","templated":true}]}}