{"id":170,"date":"2023-05-11T05:44:40","date_gmt":"2023-05-11T08:44:40","guid":{"rendered":"https:\/\/multi-gyn.com\/uy\/?page_id=170"},"modified":"2023-05-12T05:18:27","modified_gmt":"2023-05-12T08:18:27","slug":"diferencia-entre-vaginosis-bacteriana-y-candidiasis-vaginal","status":"publish","type":"page","link":"https:\/\/multi-gyn.com\/uy\/salud-vaginal\/infecciones\/diferencia-entre-vaginosis-bacteriana-y-candidiasis-vaginal\/","title":{"rendered":"Diferencia entre vaginosis bacteriana y candidiasis vaginal"},"content":{"rendered":"\n<div class=\"wp-block-karopharma-free-text pt-large pb-large bg-center bg-cover bg-no-repeat  is-style-primary\" style=\"background-image:url()\"><div class=\"free-text-wrapper container max-w-medium text-left\">\n<h1 class=\"is-style-heading-h1 wp-block-heading\">Diferencia entre vaginosis bacteriana y candidiasis vaginal<\/h1>\n\n\n\n<p class=\"is-style-paragraph-preamble\">La vaginosis bacteriana y la candidiasis vaginal son dos de las molestias vaginales m\u00e1s comunes. Por muchos a\u00f1os, la candidiasis fue mejor entendida y m\u00e1s facilmente tratada que la vaginosis bacteriana, lo que llev\u00f3 al concepto er\u00f3neo de que cualquier secreci\u00f3n inusual, comez\u00f3n y dolor en la zona \u00edntima es causada por la C\u00e1ndida.<\/p>\n<\/div><\/div>\n\n\n\n<div class=\"wp-block-karopharma-free-text pt-large pb-large bg-center bg-cover bg-no-repeat  is-style-transparent\" style=\"background-image:url()\"><div class=\"free-text-wrapper container max-w-medium text-left\">\n<p>Hoy se sabe que la vaginosis bacteriana es tan com\u00fan como la candidiasis, aparece en 1\/3 de las mujeres, y es tratada de una forma completamente diferente que la candidiasis vaginal. Para usar un tratamiento adecuado, una mujer primero debe saber con cu\u00e1l de esas molestias comunes est\u00e1 lidiando.<\/p>\n\n\n\n<h2 class=\"is-style-heading-h2 wp-block-heading\">VB versus Hongos<\/h2>\n\n\n\n<figure class=\"wp-block-image size-full\"><img loading=\"lazy\" decoding=\"async\" width=\"623\" height=\"590\" src=\"https:\/\/multi-gyn.com\/app\/uploads\/sites\/47\/2023\/05\/Infographic-Bacterial-Vaginosis-versus-Yeast.png\" alt=\"VB versus Hongos\" class=\"wp-image-385\" srcset=\"https:\/\/multi-gyn.com\/app\/uploads\/sites\/47\/2023\/05\/Infographic-Bacterial-Vaginosis-versus-Yeast.png 623w, https:\/\/multi-gyn.com\/app\/uploads\/sites\/47\/2023\/05\/Infographic-Bacterial-Vaginosis-versus-Yeast-320x303.png 320w, https:\/\/multi-gyn.com\/app\/uploads\/sites\/47\/2023\/05\/Infographic-Bacterial-Vaginosis-versus-Yeast-600x568.png 600w\" sizes=\"auto, (max-width: 623px) 100vw, 623px\" \/><\/figure>\n\n\n\n<h2 class=\"is-style-heading-h2 wp-block-heading\">S\u00edntomas diferentes<\/h2>\n\n\n\n<p>Tanto la vaginosis bacteriana (VB) como la candidiasis se caracterizan por una secreci\u00f3n anormal, pero la apariencia de la secreci\u00f3n es bastante diferente. Mientras que la VB generalmente causa una secreci\u00f3n acuosa blanca o gris con un olor especifico similar al del pescado, la candidiasis es m\u00e1s conocida por una secreci\u00f3n espesa blanca similar al reques\u00f3n, con un leve olor a levadura.<\/p>\n\n\n\n<p>Las mujeres que tienen candidiasis sufren principalmente de comez\u00f3n intenso e irritaci\u00f3n, y de menor manera dolor durante las relaciones sexuales u orinando. La piel de la vulva es rosada o roja, algunas veces con marcas blancas que no se pueden quitar. Aunque la irritaci\u00f3n y el dolor communmente aparecen en la vaginosis bacteriana tambi\u00e9n, la comez\u00f3n es menos frecuente. El pH del entorno vaginal tambi\u00e9n es diferente en la vaginosis bacteriana y la candidiasis. Aunque el pH normal de la vagina es \u00e1cido, en la VB se vuelve m\u00e1s alcalino, mientras que la candidiasis no tiene un efecto en la acidez del entorno vaginal. Esta diferencia es la base de las pruebas para infecci\u00f3n vaginal.<\/p>\n\n\n\n<h2 class=\"is-style-heading-h2 wp-block-heading\">Autodiagn\u00f3stico<\/h2>\n\n\n\n<p>Ninguna de estas dos molestias es considerada una infecci\u00f3n como tal, pero m\u00e1s bien un desequilibrio de la flora vaginal. Sin embargo, las diferencias entre la vaginosis bacteriana y la candidiasis no siempre son obvias, y algunas veces pueden ser confundidas con s\u00edntomas de otros problemas m\u00e1s serios, por tanto siempre es buena idea hablar con su doctor o un ginec\u00f3logo.<\/p>\n\n\n\n<p class=\"is-style-paragraph-preamble has-primary-color has-text-color\"><em>\u00abLas dos infecciones vaginales m\u00e1s comunes son vaginosis bacteriana e infecci\u00f3n por hongos levaduriformes (tambi\u00e9n conocido como C\u00e1ndida o candidiasis vaginal). Si experimenta molestias vaginales, usualmente una de estas es la causa.\u00bb<\/em><\/p>\n\n\n\n<h2 class=\"is-style-heading-h2 wp-block-heading\">Tratamientos diferentes<\/h2>\n\n\n\n<p>La vaginosis bacteriana puede ser tratada con antibi\u00f3ticos, o con productos naturales y prebi\u00f3ticos que restauren el equilibrio de la flora vaginal. La vaginosis bacteriana tratada con antibi\u00f3ticos tiene mucho m\u00e1s impacto en la microflora vaginal beneficiosa ya que tambi\u00e9n afecta las bacterias beneficiosas (lactobacilos) y los antibi\u00f3ticos tambi\u00e9n pueden tener efectos secundarios molestos. Como resultado, hay una tasa de recurrencia alta cuando la VB es tratada con antibi\u00f3ticos.<\/p>\n\n\n\n<p>Los productos naturales son m\u00e1s directos para restaurar la flora vaginal benefica en vez de perturbarla al matar ambas bacterias pat\u00f3genas (perjudiciales), y las bacterias beneficiosas. De igual modo, la C\u00e1ndida puede ser tratada con antimic\u00f3ticos, o con un producto que restaure el equilibrio y estimulando la flora de lactobacilos beneficiosos en la vagina. En caso de escoger usar un producto sin prescripci\u00f3n m\u00e9dica, se recomienda ver al doctor cuando los s\u00edntomas persistan.<\/p>\n<\/div><\/div>\n","protected":false},"excerpt":{"rendered":"","protected":false},"author":2,"featured_media":0,"parent":29,"menu_order":6,"comment_status":"closed","ping_status":"closed","template":"","meta":{"_acf_changed":false,"footnotes":""},"from-article-database":[],"class_list":["post-170","page","type-page","status-publish","hentry"],"acf":[],"yoast_head":"<!-- This site is optimized with the Yoast SEO plugin v26.6 - https:\/\/yoast.com\/wordpress\/plugins\/seo\/ -->\n<title>Diferencia entre vaginosis bacteriana y candidiasis vaginal - Multi-Gyn<\/title>\n<meta name=\"description\" content=\"Por muchos a\u00f1os, la candidiasis fue mejor entendida y m\u00e1s facilmente tratada que la vaginosis bacteriana, lo que llev\u00f3 al concepto er\u00f3neo de que cualquier secreci\u00f3n inusual, comez\u00f3n y dolor en la zona \u00edntima es causada por la C\u00e1ndida.\" \/>\n<meta name=\"robots\" content=\"index, follow, max-snippet:-1, max-image-preview:large, max-video-preview:-1\" \/>\n<link rel=\"canonical\" href=\"https:\/\/multi-gyn.com\/uy\/salud-vaginal\/infecciones\/diferencia-entre-vaginosis-bacteriana-y-candidiasis-vaginal\/\" \/>\n<meta property=\"og:locale\" content=\"es_ES\" \/>\n<meta property=\"og:type\" content=\"article\" \/>\n<meta property=\"og:title\" content=\"Diferencia entre vaginosis bacteriana y candidiasis vaginal - Multi-Gyn\" \/>\n<meta property=\"og:description\" content=\"Por muchos a\u00f1os, la candidiasis fue mejor entendida y m\u00e1s facilmente tratada que la vaginosis bacteriana, lo que llev\u00f3 al concepto er\u00f3neo de que cualquier secreci\u00f3n inusual, comez\u00f3n y dolor en la zona \u00edntima es causada por la C\u00e1ndida.\" \/>\n<meta property=\"og:url\" content=\"https:\/\/multi-gyn.com\/uy\/salud-vaginal\/infecciones\/diferencia-entre-vaginosis-bacteriana-y-candidiasis-vaginal\/\" \/>\n<meta property=\"og:site_name\" content=\"Multi-Gyn\" \/>\n<meta property=\"article:modified_time\" content=\"2023-05-12T08:18:27+00:00\" \/>\n<meta property=\"og:image\" content=\"https:\/\/multi-gyn.com\/app\/uploads\/sites\/47\/2023\/05\/Infographic-Bacterial-Vaginosis-versus-Yeast.png\" \/>\n<meta name=\"twitter:card\" content=\"summary_large_image\" \/>\n<meta name=\"twitter:label1\" content=\"Est. reading time\" \/>\n\t<meta name=\"twitter:data1\" content=\"3 minutos\" \/>\n<script type=\"application\/ld+json\" class=\"yoast-schema-graph\">{\"@context\":\"https:\/\/schema.org\",\"@graph\":[{\"@type\":\"WebPage\",\"@id\":\"https:\/\/multi-gyn.com\/uy\/salud-vaginal\/infecciones\/diferencia-entre-vaginosis-bacteriana-y-candidiasis-vaginal\/\",\"url\":\"https:\/\/multi-gyn.com\/uy\/salud-vaginal\/infecciones\/diferencia-entre-vaginosis-bacteriana-y-candidiasis-vaginal\/\",\"name\":\"Diferencia entre vaginosis bacteriana y candidiasis vaginal - Multi-Gyn\",\"isPartOf\":{\"@id\":\"https:\/\/multi-gyn.com\/uy\/#website\"},\"primaryImageOfPage\":{\"@id\":\"https:\/\/multi-gyn.com\/uy\/salud-vaginal\/infecciones\/diferencia-entre-vaginosis-bacteriana-y-candidiasis-vaginal\/#primaryimage\"},\"image\":{\"@id\":\"https:\/\/multi-gyn.com\/uy\/salud-vaginal\/infecciones\/diferencia-entre-vaginosis-bacteriana-y-candidiasis-vaginal\/#primaryimage\"},\"thumbnailUrl\":\"https:\/\/multi-gyn.com\/app\/uploads\/sites\/47\/2023\/05\/Infographic-Bacterial-Vaginosis-versus-Yeast.png\",\"datePublished\":\"2023-05-11T08:44:40+00:00\",\"dateModified\":\"2023-05-12T08:18:27+00:00\",\"description\":\"Por muchos a\u00f1os, la candidiasis fue mejor entendida y m\u00e1s facilmente tratada que la vaginosis bacteriana, lo que llev\u00f3 al concepto er\u00f3neo de que cualquier secreci\u00f3n inusual, comez\u00f3n y dolor en la zona \u00edntima es causada por la C\u00e1ndida.\",\"breadcrumb\":{\"@id\":\"https:\/\/multi-gyn.com\/uy\/salud-vaginal\/infecciones\/diferencia-entre-vaginosis-bacteriana-y-candidiasis-vaginal\/#breadcrumb\"},\"inLanguage\":\"es-UY\",\"potentialAction\":[{\"@type\":\"ReadAction\",\"target\":[\"https:\/\/multi-gyn.com\/uy\/salud-vaginal\/infecciones\/diferencia-entre-vaginosis-bacteriana-y-candidiasis-vaginal\/\"]}]},{\"@type\":\"ImageObject\",\"inLanguage\":\"es-UY\",\"@id\":\"https:\/\/multi-gyn.com\/uy\/salud-vaginal\/infecciones\/diferencia-entre-vaginosis-bacteriana-y-candidiasis-vaginal\/#primaryimage\",\"url\":\"https:\/\/multi-gyn.com\/app\/uploads\/sites\/47\/2023\/05\/Infographic-Bacterial-Vaginosis-versus-Yeast.png\",\"contentUrl\":\"https:\/\/multi-gyn.com\/app\/uploads\/sites\/47\/2023\/05\/Infographic-Bacterial-Vaginosis-versus-Yeast.png\"},{\"@type\":\"BreadcrumbList\",\"@id\":\"https:\/\/multi-gyn.com\/uy\/salud-vaginal\/infecciones\/diferencia-entre-vaginosis-bacteriana-y-candidiasis-vaginal\/#breadcrumb\",\"itemListElement\":[{\"@type\":\"ListItem\",\"position\":1,\"name\":\"Home\",\"item\":\"https:\/\/multi-gyn.com\/uy\/\"},{\"@type\":\"ListItem\",\"position\":2,\"name\":\"Salud vaginal\",\"item\":\"https:\/\/multi-gyn.com\/uy\/salud-vaginal\/\"},{\"@type\":\"ListItem\",\"position\":3,\"name\":\"Infecciones\",\"item\":\"https:\/\/multi-gyn.com\/uy\/salud-vaginal\/infecciones\/\"},{\"@type\":\"ListItem\",\"position\":4,\"name\":\"Diferencia entre vaginosis bacteriana y candidiasis vaginal\"}]},{\"@type\":\"WebSite\",\"@id\":\"https:\/\/multi-gyn.com\/uy\/#website\",\"url\":\"https:\/\/multi-gyn.com\/uy\/\",\"name\":\"Multi-Gyn\",\"description\":\"\",\"publisher\":{\"@id\":\"https:\/\/multi-gyn.com\/uy\/#organization\"},\"potentialAction\":[{\"@type\":\"SearchAction\",\"target\":{\"@type\":\"EntryPoint\",\"urlTemplate\":\"https:\/\/multi-gyn.com\/uy\/?s={search_term_string}\"},\"query-input\":{\"@type\":\"PropertyValueSpecification\",\"valueRequired\":true,\"valueName\":\"search_term_string\"}}],\"inLanguage\":\"es-UY\"},{\"@type\":\"Organization\",\"@id\":\"https:\/\/multi-gyn.com\/uy\/#organization\",\"name\":\"Multi-Gyn\",\"url\":\"https:\/\/multi-gyn.com\/uy\/\",\"logo\":{\"@type\":\"ImageObject\",\"inLanguage\":\"es-UY\",\"@id\":\"https:\/\/multi-gyn.com\/uy\/#\/schema\/logo\/image\/\",\"url\":\"https:\/\/multi-gyn.com\/app\/uploads\/sites\/47\/2023\/05\/multi-gyn-logo.png\",\"contentUrl\":\"https:\/\/multi-gyn.com\/app\/uploads\/sites\/47\/2023\/05\/multi-gyn-logo.png\",\"width\":149,\"height\":32,\"caption\":\"Multi-Gyn\"},\"image\":{\"@id\":\"https:\/\/multi-gyn.com\/uy\/#\/schema\/logo\/image\/\"}}]}<\/script>\n<!-- \/ Yoast SEO plugin. -->","yoast_head_json":{"title":"Diferencia entre vaginosis bacteriana y candidiasis vaginal - Multi-Gyn","description":"Por muchos a\u00f1os, la candidiasis fue mejor entendida y m\u00e1s facilmente tratada que la vaginosis bacteriana, lo que llev\u00f3 al concepto er\u00f3neo de que cualquier secreci\u00f3n inusual, comez\u00f3n y dolor en la zona \u00edntima es causada por la C\u00e1ndida.","robots":{"index":"index","follow":"follow","max-snippet":"max-snippet:-1","max-image-preview":"max-image-preview:large","max-video-preview":"max-video-preview:-1"},"canonical":"https:\/\/multi-gyn.com\/uy\/salud-vaginal\/infecciones\/diferencia-entre-vaginosis-bacteriana-y-candidiasis-vaginal\/","og_locale":"es_ES","og_type":"article","og_title":"Diferencia entre vaginosis bacteriana y candidiasis vaginal - Multi-Gyn","og_description":"Por muchos a\u00f1os, la candidiasis fue mejor entendida y m\u00e1s facilmente tratada que la vaginosis bacteriana, lo que llev\u00f3 al concepto er\u00f3neo de que cualquier secreci\u00f3n inusual, comez\u00f3n y dolor en la zona \u00edntima es causada por la C\u00e1ndida.","og_url":"https:\/\/multi-gyn.com\/uy\/salud-vaginal\/infecciones\/diferencia-entre-vaginosis-bacteriana-y-candidiasis-vaginal\/","og_site_name":"Multi-Gyn","article_modified_time":"2023-05-12T08:18:27+00:00","og_image":[{"url":"https:\/\/multi-gyn.com\/app\/uploads\/sites\/47\/2023\/05\/Infographic-Bacterial-Vaginosis-versus-Yeast.png","type":"","width":"","height":""}],"twitter_card":"summary_large_image","twitter_misc":{"Est. reading time":"3 minutos"},"schema":{"@context":"https:\/\/schema.org","@graph":[{"@type":"WebPage","@id":"https:\/\/multi-gyn.com\/uy\/salud-vaginal\/infecciones\/diferencia-entre-vaginosis-bacteriana-y-candidiasis-vaginal\/","url":"https:\/\/multi-gyn.com\/uy\/salud-vaginal\/infecciones\/diferencia-entre-vaginosis-bacteriana-y-candidiasis-vaginal\/","name":"Diferencia entre vaginosis bacteriana y candidiasis vaginal - Multi-Gyn","isPartOf":{"@id":"https:\/\/multi-gyn.com\/uy\/#website"},"primaryImageOfPage":{"@id":"https:\/\/multi-gyn.com\/uy\/salud-vaginal\/infecciones\/diferencia-entre-vaginosis-bacteriana-y-candidiasis-vaginal\/#primaryimage"},"image":{"@id":"https:\/\/multi-gyn.com\/uy\/salud-vaginal\/infecciones\/diferencia-entre-vaginosis-bacteriana-y-candidiasis-vaginal\/#primaryimage"},"thumbnailUrl":"https:\/\/multi-gyn.com\/app\/uploads\/sites\/47\/2023\/05\/Infographic-Bacterial-Vaginosis-versus-Yeast.png","datePublished":"2023-05-11T08:44:40+00:00","dateModified":"2023-05-12T08:18:27+00:00","description":"Por muchos a\u00f1os, la candidiasis fue mejor entendida y m\u00e1s facilmente tratada que la vaginosis bacteriana, lo que llev\u00f3 al concepto er\u00f3neo de que cualquier secreci\u00f3n inusual, comez\u00f3n y dolor en la zona \u00edntima es causada por la C\u00e1ndida.","breadcrumb":{"@id":"https:\/\/multi-gyn.com\/uy\/salud-vaginal\/infecciones\/diferencia-entre-vaginosis-bacteriana-y-candidiasis-vaginal\/#breadcrumb"},"inLanguage":"es-UY","potentialAction":[{"@type":"ReadAction","target":["https:\/\/multi-gyn.com\/uy\/salud-vaginal\/infecciones\/diferencia-entre-vaginosis-bacteriana-y-candidiasis-vaginal\/"]}]},{"@type":"ImageObject","inLanguage":"es-UY","@id":"https:\/\/multi-gyn.com\/uy\/salud-vaginal\/infecciones\/diferencia-entre-vaginosis-bacteriana-y-candidiasis-vaginal\/#primaryimage","url":"https:\/\/multi-gyn.com\/app\/uploads\/sites\/47\/2023\/05\/Infographic-Bacterial-Vaginosis-versus-Yeast.png","contentUrl":"https:\/\/multi-gyn.com\/app\/uploads\/sites\/47\/2023\/05\/Infographic-Bacterial-Vaginosis-versus-Yeast.png"},{"@type":"BreadcrumbList","@id":"https:\/\/multi-gyn.com\/uy\/salud-vaginal\/infecciones\/diferencia-entre-vaginosis-bacteriana-y-candidiasis-vaginal\/#breadcrumb","itemListElement":[{"@type":"ListItem","position":1,"name":"Home","item":"https:\/\/multi-gyn.com\/uy\/"},{"@type":"ListItem","position":2,"name":"Salud vaginal","item":"https:\/\/multi-gyn.com\/uy\/salud-vaginal\/"},{"@type":"ListItem","position":3,"name":"Infecciones","item":"https:\/\/multi-gyn.com\/uy\/salud-vaginal\/infecciones\/"},{"@type":"ListItem","position":4,"name":"Diferencia entre vaginosis bacteriana y candidiasis vaginal"}]},{"@type":"WebSite","@id":"https:\/\/multi-gyn.com\/uy\/#website","url":"https:\/\/multi-gyn.com\/uy\/","name":"Multi-Gyn","description":"","publisher":{"@id":"https:\/\/multi-gyn.com\/uy\/#organization"},"potentialAction":[{"@type":"SearchAction","target":{"@type":"EntryPoint","urlTemplate":"https:\/\/multi-gyn.com\/uy\/?s={search_term_string}"},"query-input":{"@type":"PropertyValueSpecification","valueRequired":true,"valueName":"search_term_string"}}],"inLanguage":"es-UY"},{"@type":"Organization","@id":"https:\/\/multi-gyn.com\/uy\/#organization","name":"Multi-Gyn","url":"https:\/\/multi-gyn.com\/uy\/","logo":{"@type":"ImageObject","inLanguage":"es-UY","@id":"https:\/\/multi-gyn.com\/uy\/#\/schema\/logo\/image\/","url":"https:\/\/multi-gyn.com\/app\/uploads\/sites\/47\/2023\/05\/multi-gyn-logo.png","contentUrl":"https:\/\/multi-gyn.com\/app\/uploads\/sites\/47\/2023\/05\/multi-gyn-logo.png","width":149,"height":32,"caption":"Multi-Gyn"},"image":{"@id":"https:\/\/multi-gyn.com\/uy\/#\/schema\/logo\/image\/"}}]}},"_links":{"self":[{"href":"https:\/\/multi-gyn.com\/uy\/wp-json\/wp\/v2\/pages\/170","targetHints":{"allow":["GET"]}}],"collection":[{"href":"https:\/\/multi-gyn.com\/uy\/wp-json\/wp\/v2\/pages"}],"about":[{"href":"https:\/\/multi-gyn.com\/uy\/wp-json\/wp\/v2\/types\/page"}],"author":[{"embeddable":true,"href":"https:\/\/multi-gyn.com\/uy\/wp-json\/wp\/v2\/users\/2"}],"replies":[{"embeddable":true,"href":"https:\/\/multi-gyn.com\/uy\/wp-json\/wp\/v2\/comments?post=170"}],"version-history":[{"count":3,"href":"https:\/\/multi-gyn.com\/uy\/wp-json\/wp\/v2\/pages\/170\/revisions"}],"predecessor-version":[{"id":386,"href":"https:\/\/multi-gyn.com\/uy\/wp-json\/wp\/v2\/pages\/170\/revisions\/386"}],"up":[{"embeddable":true,"href":"https:\/\/multi-gyn.com\/uy\/wp-json\/wp\/v2\/pages\/29"}],"wp:attachment":[{"href":"https:\/\/multi-gyn.com\/uy\/wp-json\/wp\/v2\/media?parent=170"}],"wp:term":[{"taxonomy":"from-article-database","embeddable":true,"href":"https:\/\/multi-gyn.com\/uy\/wp-json\/wp\/v2\/from-article-database?post=170"}],"curies":[{"name":"wp","href":"https:\/\/api.w.org\/{rel}","templated":true}]}}