{"id":172,"date":"2023-05-11T05:44:57","date_gmt":"2023-05-11T08:44:57","guid":{"rendered":"https:\/\/multi-gyn.com\/uy\/?page_id=172"},"modified":"2023-05-12T05:49:25","modified_gmt":"2023-05-12T08:49:25","slug":"candidiasis-durante-el-embarazo","status":"publish","type":"page","link":"https:\/\/multi-gyn.com\/uy\/salud-vaginal\/infecciones\/candidiasis-durante-el-embarazo\/","title":{"rendered":"Candidiasis durante el embarazo"},"content":{"rendered":"\n<div class=\"wp-block-karopharma-free-text pt-large pb-large bg-center bg-cover bg-no-repeat  is-style-primary\" style=\"background-image:url()\"><div class=\"free-text-wrapper container max-w-medium text-left\">\n<h1 class=\"is-style-heading-h1 wp-block-heading\">Candidiasis durante el embarazo<\/h1>\n\n\n\n<p class=\"is-style-paragraph-preamble\">No es raro que las mujeres experimenten muchas m\u00e1s molestias vaginales durante el embarazo que en cualquier otro momento antes o despu\u00e9s de \u00e9l. Los cambios que atraviesan nuestros cuerpos durante el desarrollo y crecimiento del feto y durante la lactancia se rigen por los niveles hormonales, y tienen un impacto en cada aspecto de nuestras vidas.<\/p>\n<\/div><\/div>\n\n\n\n<div class=\"wp-block-karopharma-free-text pt-large pb-large bg-center bg-cover bg-no-repeat  is-style-transparent\" style=\"background-image:url()\"><div class=\"free-text-wrapper container max-w-medium text-left\">\n<p>Las n\u00e1useas, aumento de peso y olvido son discutidos detenidamente entre las madres, pero pocas mencionan que la candidiasis vaginal puede ser un problema real durante el embarazo, perjudicando la ya la agitada vida amorosa de los felices futuros padres. Pero aunque la c\u00e1ndida o candidiasis puede ser severa, recurrente y molesta, usualmente no presenta ning\u00fan riesgo para la madre o el beb\u00e9. Si tiene una candidiasis cuando inicia trabajo de parto hay una posibilidad de que el beb\u00e9 la contraiga y desarrolle una infecci\u00f3n en su boca.<\/p>\n\n\n\n<p>Sin embargo, si est\u00e1 embarazada y experimenta s\u00edntomas como secreci\u00f3n abundante, comez\u00f3n e irritaci\u00f3n, debe contactar a su doctor u obstetra, quien examinar\u00e1 su caso y prescribir\u00e1 la terapia adecuada. Puede usar de forma segura la mayor\u00eda de terapias de antimic\u00f3ticos con prescripci\u00f3n y sin prescripci\u00f3n durante el embarazo.<\/p>\n\n\n\n<h2 class=\"is-style-heading-h2 wp-block-heading\">\u00bfCu\u00e1les son los s\u00edntomas de una candidiasis?<\/h2>\n\n\n\n<p>Los s\u00edntomas de una candidiasis vaginal son:<\/p>\n\n\n\n<ul class=\"is-style-default wp-block-list\"><li>secreci\u00f3n blanca espesa similar al reques\u00f3n<\/li><li>comez\u00f3n e irritaci\u00f3n en la zona vaginal<\/li><li>enrojecimiento y ardor al orinar<\/li><\/ul>\n\n\n\n<p>Algunos de estos s\u00edntomas pueden aparecer en otras condiciones, como la vaginosis bacteriana o las ETS. Ya que estas condiciones pueden tener serias consecuencias en la madre y el beb\u00e9, es importante que contacte a su doctor u obstetra para discutir sus s\u00edntomas.<\/p>\n\n\n\n<h2 class=\"is-style-heading-h2 wp-block-heading\">Candidiasis vaginal recurrente durante el embarazo<\/h2>\n\n\n\n<p>Algunas veces, independientemente de las terapias prescritas, y debido a los niveles modificados de hormonas, las mujeres embarazadas sufrir\u00e1n de candidiasis una y otra vez. La Candida albicans, el microorganismo responsable de la mayor\u00eda de casos de candidiasis puede hasta puede volverse m\u00e1s resistente a la terapia antimic\u00f3tica.<\/p>\n\n\n\n<p>Una terapia prebi\u00f3tica puede darle apoyo a la flora vaginal, pero en la mayor\u00eda de los casos no puede lidiar con lainfecci\u00f3n por s\u00ed sola. Si usted se encuentra en esta situaci\u00f3n, lo \u00fanico que queda por hacer es manejar los s\u00edntomas hasta que termine el embarazo y las hormonas vuelvan a estar \u201cnormales\u201d. Esto se puede hacer usando aerosoles o geles sin prescripci\u00f3n que refrescan la piel y detienen la comez\u00f3n y el ardor. Sin embargo, cada embarazo es diferente y debe consultar a un profesional de la salud antes de decidir usar cualquier producto en su zona \u00edntima.<\/p>\n\n\n\n<p class=\"is-style-paragraph-preamble has-primary-color has-text-color\"><em>\u00abSin embargo, si est\u00e1 embarazada y experimenta s\u00edntomas como secreci\u00f3n abundante, comez\u00f3n e irritaci\u00f3n, debe contactar a su doctor u obstetra, quien examinar\u00e1 su caso y prescribir\u00e1 la terapia adecuada.\u00bb<\/em><\/p>\n<\/div><\/div>\n","protected":false},"excerpt":{"rendered":"","protected":false},"author":2,"featured_media":0,"parent":29,"menu_order":7,"comment_status":"closed","ping_status":"closed","template":"","meta":{"_acf_changed":false,"footnotes":""},"from-article-database":[],"class_list":["post-172","page","type-page","status-publish","hentry"],"acf":[],"yoast_head":"<!-- This site is optimized with the Yoast SEO plugin v26.6 - https:\/\/yoast.com\/wordpress\/plugins\/seo\/ -->\n<title>Candidiasis durante el embarazo - Multi-Gyn<\/title>\n<meta name=\"description\" content=\"No es raro que las mujeres experimenten muchas m\u00e1s molestias vaginales durante el embarazo que en cualquier otro momento antes o despu\u00e9s de \u00e9l.\" \/>\n<meta name=\"robots\" content=\"index, follow, max-snippet:-1, max-image-preview:large, max-video-preview:-1\" \/>\n<link rel=\"canonical\" href=\"https:\/\/multi-gyn.com\/uy\/salud-vaginal\/infecciones\/candidiasis-durante-el-embarazo\/\" \/>\n<meta property=\"og:locale\" content=\"es_ES\" \/>\n<meta property=\"og:type\" content=\"article\" \/>\n<meta property=\"og:title\" content=\"Candidiasis durante el embarazo - Multi-Gyn\" \/>\n<meta property=\"og:description\" content=\"No es raro que las mujeres experimenten muchas m\u00e1s molestias vaginales durante el embarazo que en cualquier otro momento antes o despu\u00e9s de \u00e9l.\" \/>\n<meta property=\"og:url\" content=\"https:\/\/multi-gyn.com\/uy\/salud-vaginal\/infecciones\/candidiasis-durante-el-embarazo\/\" \/>\n<meta property=\"og:site_name\" content=\"Multi-Gyn\" \/>\n<meta property=\"article:modified_time\" content=\"2023-05-12T08:49:25+00:00\" \/>\n<meta name=\"twitter:card\" content=\"summary_large_image\" \/>\n<meta name=\"twitter:label1\" content=\"Est. reading time\" \/>\n\t<meta name=\"twitter:data1\" content=\"3 minutos\" \/>\n<script type=\"application\/ld+json\" class=\"yoast-schema-graph\">{\"@context\":\"https:\/\/schema.org\",\"@graph\":[{\"@type\":\"WebPage\",\"@id\":\"https:\/\/multi-gyn.com\/uy\/salud-vaginal\/infecciones\/candidiasis-durante-el-embarazo\/\",\"url\":\"https:\/\/multi-gyn.com\/uy\/salud-vaginal\/infecciones\/candidiasis-durante-el-embarazo\/\",\"name\":\"Candidiasis durante el embarazo - Multi-Gyn\",\"isPartOf\":{\"@id\":\"https:\/\/multi-gyn.com\/uy\/#website\"},\"datePublished\":\"2023-05-11T08:44:57+00:00\",\"dateModified\":\"2023-05-12T08:49:25+00:00\",\"description\":\"No es raro que las mujeres experimenten muchas m\u00e1s molestias vaginales durante el embarazo que en cualquier otro momento antes o despu\u00e9s de \u00e9l.\",\"breadcrumb\":{\"@id\":\"https:\/\/multi-gyn.com\/uy\/salud-vaginal\/infecciones\/candidiasis-durante-el-embarazo\/#breadcrumb\"},\"inLanguage\":\"es-UY\",\"potentialAction\":[{\"@type\":\"ReadAction\",\"target\":[\"https:\/\/multi-gyn.com\/uy\/salud-vaginal\/infecciones\/candidiasis-durante-el-embarazo\/\"]}]},{\"@type\":\"BreadcrumbList\",\"@id\":\"https:\/\/multi-gyn.com\/uy\/salud-vaginal\/infecciones\/candidiasis-durante-el-embarazo\/#breadcrumb\",\"itemListElement\":[{\"@type\":\"ListItem\",\"position\":1,\"name\":\"Home\",\"item\":\"https:\/\/multi-gyn.com\/uy\/\"},{\"@type\":\"ListItem\",\"position\":2,\"name\":\"Salud vaginal\",\"item\":\"https:\/\/multi-gyn.com\/uy\/salud-vaginal\/\"},{\"@type\":\"ListItem\",\"position\":3,\"name\":\"Infecciones\",\"item\":\"https:\/\/multi-gyn.com\/uy\/salud-vaginal\/infecciones\/\"},{\"@type\":\"ListItem\",\"position\":4,\"name\":\"Candidiasis durante el embarazo\"}]},{\"@type\":\"WebSite\",\"@id\":\"https:\/\/multi-gyn.com\/uy\/#website\",\"url\":\"https:\/\/multi-gyn.com\/uy\/\",\"name\":\"Multi-Gyn\",\"description\":\"\",\"publisher\":{\"@id\":\"https:\/\/multi-gyn.com\/uy\/#organization\"},\"potentialAction\":[{\"@type\":\"SearchAction\",\"target\":{\"@type\":\"EntryPoint\",\"urlTemplate\":\"https:\/\/multi-gyn.com\/uy\/?s={search_term_string}\"},\"query-input\":{\"@type\":\"PropertyValueSpecification\",\"valueRequired\":true,\"valueName\":\"search_term_string\"}}],\"inLanguage\":\"es-UY\"},{\"@type\":\"Organization\",\"@id\":\"https:\/\/multi-gyn.com\/uy\/#organization\",\"name\":\"Multi-Gyn\",\"url\":\"https:\/\/multi-gyn.com\/uy\/\",\"logo\":{\"@type\":\"ImageObject\",\"inLanguage\":\"es-UY\",\"@id\":\"https:\/\/multi-gyn.com\/uy\/#\/schema\/logo\/image\/\",\"url\":\"https:\/\/multi-gyn.com\/app\/uploads\/sites\/47\/2023\/05\/multi-gyn-logo.png\",\"contentUrl\":\"https:\/\/multi-gyn.com\/app\/uploads\/sites\/47\/2023\/05\/multi-gyn-logo.png\",\"width\":149,\"height\":32,\"caption\":\"Multi-Gyn\"},\"image\":{\"@id\":\"https:\/\/multi-gyn.com\/uy\/#\/schema\/logo\/image\/\"}}]}<\/script>\n<!-- \/ Yoast SEO plugin. -->","yoast_head_json":{"title":"Candidiasis durante el embarazo - Multi-Gyn","description":"No es raro que las mujeres experimenten muchas m\u00e1s molestias vaginales durante el embarazo que en cualquier otro momento antes o despu\u00e9s de \u00e9l.","robots":{"index":"index","follow":"follow","max-snippet":"max-snippet:-1","max-image-preview":"max-image-preview:large","max-video-preview":"max-video-preview:-1"},"canonical":"https:\/\/multi-gyn.com\/uy\/salud-vaginal\/infecciones\/candidiasis-durante-el-embarazo\/","og_locale":"es_ES","og_type":"article","og_title":"Candidiasis durante el embarazo - Multi-Gyn","og_description":"No es raro que las mujeres experimenten muchas m\u00e1s molestias vaginales durante el embarazo que en cualquier otro momento antes o despu\u00e9s de \u00e9l.","og_url":"https:\/\/multi-gyn.com\/uy\/salud-vaginal\/infecciones\/candidiasis-durante-el-embarazo\/","og_site_name":"Multi-Gyn","article_modified_time":"2023-05-12T08:49:25+00:00","twitter_card":"summary_large_image","twitter_misc":{"Est. reading time":"3 minutos"},"schema":{"@context":"https:\/\/schema.org","@graph":[{"@type":"WebPage","@id":"https:\/\/multi-gyn.com\/uy\/salud-vaginal\/infecciones\/candidiasis-durante-el-embarazo\/","url":"https:\/\/multi-gyn.com\/uy\/salud-vaginal\/infecciones\/candidiasis-durante-el-embarazo\/","name":"Candidiasis durante el embarazo - Multi-Gyn","isPartOf":{"@id":"https:\/\/multi-gyn.com\/uy\/#website"},"datePublished":"2023-05-11T08:44:57+00:00","dateModified":"2023-05-12T08:49:25+00:00","description":"No es raro que las mujeres experimenten muchas m\u00e1s molestias vaginales durante el embarazo que en cualquier otro momento antes o despu\u00e9s de \u00e9l.","breadcrumb":{"@id":"https:\/\/multi-gyn.com\/uy\/salud-vaginal\/infecciones\/candidiasis-durante-el-embarazo\/#breadcrumb"},"inLanguage":"es-UY","potentialAction":[{"@type":"ReadAction","target":["https:\/\/multi-gyn.com\/uy\/salud-vaginal\/infecciones\/candidiasis-durante-el-embarazo\/"]}]},{"@type":"BreadcrumbList","@id":"https:\/\/multi-gyn.com\/uy\/salud-vaginal\/infecciones\/candidiasis-durante-el-embarazo\/#breadcrumb","itemListElement":[{"@type":"ListItem","position":1,"name":"Home","item":"https:\/\/multi-gyn.com\/uy\/"},{"@type":"ListItem","position":2,"name":"Salud vaginal","item":"https:\/\/multi-gyn.com\/uy\/salud-vaginal\/"},{"@type":"ListItem","position":3,"name":"Infecciones","item":"https:\/\/multi-gyn.com\/uy\/salud-vaginal\/infecciones\/"},{"@type":"ListItem","position":4,"name":"Candidiasis durante el embarazo"}]},{"@type":"WebSite","@id":"https:\/\/multi-gyn.com\/uy\/#website","url":"https:\/\/multi-gyn.com\/uy\/","name":"Multi-Gyn","description":"","publisher":{"@id":"https:\/\/multi-gyn.com\/uy\/#organization"},"potentialAction":[{"@type":"SearchAction","target":{"@type":"EntryPoint","urlTemplate":"https:\/\/multi-gyn.com\/uy\/?s={search_term_string}"},"query-input":{"@type":"PropertyValueSpecification","valueRequired":true,"valueName":"search_term_string"}}],"inLanguage":"es-UY"},{"@type":"Organization","@id":"https:\/\/multi-gyn.com\/uy\/#organization","name":"Multi-Gyn","url":"https:\/\/multi-gyn.com\/uy\/","logo":{"@type":"ImageObject","inLanguage":"es-UY","@id":"https:\/\/multi-gyn.com\/uy\/#\/schema\/logo\/image\/","url":"https:\/\/multi-gyn.com\/app\/uploads\/sites\/47\/2023\/05\/multi-gyn-logo.png","contentUrl":"https:\/\/multi-gyn.com\/app\/uploads\/sites\/47\/2023\/05\/multi-gyn-logo.png","width":149,"height":32,"caption":"Multi-Gyn"},"image":{"@id":"https:\/\/multi-gyn.com\/uy\/#\/schema\/logo\/image\/"}}]}},"_links":{"self":[{"href":"https:\/\/multi-gyn.com\/uy\/wp-json\/wp\/v2\/pages\/172","targetHints":{"allow":["GET"]}}],"collection":[{"href":"https:\/\/multi-gyn.com\/uy\/wp-json\/wp\/v2\/pages"}],"about":[{"href":"https:\/\/multi-gyn.com\/uy\/wp-json\/wp\/v2\/types\/page"}],"author":[{"embeddable":true,"href":"https:\/\/multi-gyn.com\/uy\/wp-json\/wp\/v2\/users\/2"}],"replies":[{"embeddable":true,"href":"https:\/\/multi-gyn.com\/uy\/wp-json\/wp\/v2\/comments?post=172"}],"version-history":[{"count":2,"href":"https:\/\/multi-gyn.com\/uy\/wp-json\/wp\/v2\/pages\/172\/revisions"}],"predecessor-version":[{"id":388,"href":"https:\/\/multi-gyn.com\/uy\/wp-json\/wp\/v2\/pages\/172\/revisions\/388"}],"up":[{"embeddable":true,"href":"https:\/\/multi-gyn.com\/uy\/wp-json\/wp\/v2\/pages\/29"}],"wp:attachment":[{"href":"https:\/\/multi-gyn.com\/uy\/wp-json\/wp\/v2\/media?parent=172"}],"wp:term":[{"taxonomy":"from-article-database","embeddable":true,"href":"https:\/\/multi-gyn.com\/uy\/wp-json\/wp\/v2\/from-article-database?post=172"}],"curies":[{"name":"wp","href":"https:\/\/api.w.org\/{rel}","templated":true}]}}