{"id":174,"date":"2023-05-11T05:45:14","date_gmt":"2023-05-11T08:45:14","guid":{"rendered":"https:\/\/multi-gyn.com\/uy\/?page_id=174"},"modified":"2023-05-12T05:52:30","modified_gmt":"2023-05-12T08:52:30","slug":"la-vaginosis-bacteriana-y-el-embarazo","status":"publish","type":"page","link":"https:\/\/multi-gyn.com\/uy\/salud-vaginal\/infecciones\/la-vaginosis-bacteriana-y-el-embarazo\/","title":{"rendered":"La vaginosis bacteriana y el embarazo"},"content":{"rendered":"\n<div class=\"wp-block-karopharma-free-text pt-large pb-large bg-center bg-cover bg-no-repeat  is-style-primary\" style=\"background-image:url()\"><div class=\"free-text-wrapper container max-w-medium text-left\">\n<h1 class=\"is-style-heading-h1 wp-block-heading\">La vaginosis bacteriana y el embarazo<\/h1>\n\n\n\n<p class=\"is-style-paragraph-preamble\">El embarazo es un per\u00edodo de cambios y expectativas. Nuestras funciones corporales se enfocan en atender la nueva vida dentro de nosotras, y prepararnos para dar a luz, amamantar y el cuidado infantil. Aunque puede ser divertido, est\u00e1 lejos de ser un per\u00edodo de cero preocupaciones.<\/p>\n<\/div><\/div>\n\n\n\n<div class=\"wp-block-karopharma-free-text pt-large pb-large bg-center bg-cover bg-no-repeat  is-style-transparent\" style=\"background-image:url()\"><div class=\"free-text-wrapper container max-w-medium text-left\">\n<p>Cambios r\u00e1pidos, incluyendo los cambios en los niveles de nuestras hormonas, pueden dar paso a varias molestias y dolor. As\u00ed como nos causan problemas, diferentes enfermedades e infecciones pueden tener un impacto en nuestro embarazo, en el desarrollo de nuestro beb\u00e9, o el parto. Por ejemplo, la vaginosis bacteriana en el embarazo est\u00e1 ligada a consecuencias m\u00e1s serias, y por lo tanto deber\u00eda ser tratada tan pronto se diagnostica.<\/p>\n\n\n\n<h2 class=\"is-style-heading-h2 wp-block-heading\">\u00bfQu\u00e9 es la vaginosis bacteriana?<\/h2>\n\n\n\n<p>La vaginosis bacteriana es una de las infecciones vaginales m\u00e1s comunes. Se produce por la alteraci\u00f3n del equilibrio microbiano en la vagina, y puede tener s\u00edntomas desde suaves a severos como secreci\u00f3n vaginal acuosa blanca o gris\u00e1cea, olor desagradable, como a pescado, irritaci\u00f3n y dolor en la zona vaginal.<\/p>\n\n\n\n<p>Aunque estos s\u00edntomas son molestos, no ponen en peligro la vida, y en la mayor\u00eda de los casos pueden ser tratados f\u00e1cilmente con antibi\u00f3ticos o un producto natural que restaure el equilibrio de la flora vaginal. Sin embargo, la vaginosis bacteriana puede tener consecuencias m\u00e1s severas durante el embarazo, incluyendo el riesgo de un nacimiento prematuro. Por esta raz\u00f3n, las mujeres embarazadas deben contactar un profesional de salud inmediatamente si sospechan que pueden tener vaginosis bacteriana.<\/p>\n\n\n\n<p class=\"is-style-paragraph-preamble has-primary-color has-text-color\"><em>\u00abLa vaginosis bacteriana en el embarazo est\u00e1 ligada a consecuencias m\u00e1s serias, y por lo tanto deber\u00eda ser tratada tan pronto se diagnostica.\u00bb<\/em><\/p>\n\n\n\n<h2 class=\"is-style-heading-h2 wp-block-heading\">\u00bfC\u00f3mo tratar la vaginosis bacteriana en el embarazo?<\/h2>\n\n\n\n<p>El uso de medicamentos en el embarazo es muy restringido y siempre deber\u00eda hacerse consultando al doctor u obstetra. Algunas veces, las medicinas no se usan debido a los riesgos potenciales para el beb\u00e9, pero m\u00e1s a menudo se evitan por la simple falta de evidencia de que el riesgo no existe.<\/p>\n\n\n\n<p>La vaginosis bacteriana puede ser tratada con antibi\u00f3ticos, como el Metronidazol, que se evita durante el embarazo. La alternativa es usar productos naturales, los cuales restauran el pH de la vagina, y permiten que las bacterias beneficiosas reintegren el equilibrio de la flora en el entorno vaginal. Algunos de estos productos pueden ser usados durante el embarazo, pero ya que cada mujer y cada embarazo son diferentes, la terapia debe ser discutida con un doctor u obstetra.<\/p>\n<\/div><\/div>\n","protected":false},"excerpt":{"rendered":"","protected":false},"author":2,"featured_media":0,"parent":29,"menu_order":8,"comment_status":"closed","ping_status":"closed","template":"","meta":{"_acf_changed":false,"footnotes":""},"from-article-database":[],"class_list":["post-174","page","type-page","status-publish","hentry"],"acf":[],"yoast_head":"<!-- This site is optimized with the Yoast SEO plugin v26.6 - https:\/\/yoast.com\/wordpress\/plugins\/seo\/ -->\n<title>La vaginosis bacteriana y el embarazo - Multi-Gyn<\/title>\n<meta name=\"description\" content=\"El embarazo es un per\u00edodo de cambios y expectativas. Nuestras funciones corporales se enfocan en atender la nueva vida dentro de nosotras, y prepararnos para dar a luz, amamantar y el cuidado infantil.\" \/>\n<meta name=\"robots\" content=\"index, follow, max-snippet:-1, max-image-preview:large, max-video-preview:-1\" \/>\n<link rel=\"canonical\" href=\"https:\/\/multi-gyn.com\/uy\/salud-vaginal\/infecciones\/la-vaginosis-bacteriana-y-el-embarazo\/\" \/>\n<meta property=\"og:locale\" content=\"es_ES\" \/>\n<meta property=\"og:type\" content=\"article\" \/>\n<meta property=\"og:title\" content=\"La vaginosis bacteriana y el embarazo - Multi-Gyn\" \/>\n<meta property=\"og:description\" content=\"El embarazo es un per\u00edodo de cambios y expectativas. Nuestras funciones corporales se enfocan en atender la nueva vida dentro de nosotras, y prepararnos para dar a luz, amamantar y el cuidado infantil.\" \/>\n<meta property=\"og:url\" content=\"https:\/\/multi-gyn.com\/uy\/salud-vaginal\/infecciones\/la-vaginosis-bacteriana-y-el-embarazo\/\" \/>\n<meta property=\"og:site_name\" content=\"Multi-Gyn\" \/>\n<meta property=\"article:modified_time\" content=\"2023-05-12T08:52:30+00:00\" \/>\n<meta name=\"twitter:card\" content=\"summary_large_image\" \/>\n<meta name=\"twitter:label1\" content=\"Est. reading time\" \/>\n\t<meta name=\"twitter:data1\" content=\"2 minutos\" \/>\n<script type=\"application\/ld+json\" class=\"yoast-schema-graph\">{\"@context\":\"https:\/\/schema.org\",\"@graph\":[{\"@type\":\"WebPage\",\"@id\":\"https:\/\/multi-gyn.com\/uy\/salud-vaginal\/infecciones\/la-vaginosis-bacteriana-y-el-embarazo\/\",\"url\":\"https:\/\/multi-gyn.com\/uy\/salud-vaginal\/infecciones\/la-vaginosis-bacteriana-y-el-embarazo\/\",\"name\":\"La vaginosis bacteriana y el embarazo - Multi-Gyn\",\"isPartOf\":{\"@id\":\"https:\/\/multi-gyn.com\/uy\/#website\"},\"datePublished\":\"2023-05-11T08:45:14+00:00\",\"dateModified\":\"2023-05-12T08:52:30+00:00\",\"description\":\"El embarazo es un per\u00edodo de cambios y expectativas. Nuestras funciones corporales se enfocan en atender la nueva vida dentro de nosotras, y prepararnos para dar a luz, amamantar y el cuidado infantil.\",\"breadcrumb\":{\"@id\":\"https:\/\/multi-gyn.com\/uy\/salud-vaginal\/infecciones\/la-vaginosis-bacteriana-y-el-embarazo\/#breadcrumb\"},\"inLanguage\":\"es-UY\",\"potentialAction\":[{\"@type\":\"ReadAction\",\"target\":[\"https:\/\/multi-gyn.com\/uy\/salud-vaginal\/infecciones\/la-vaginosis-bacteriana-y-el-embarazo\/\"]}]},{\"@type\":\"BreadcrumbList\",\"@id\":\"https:\/\/multi-gyn.com\/uy\/salud-vaginal\/infecciones\/la-vaginosis-bacteriana-y-el-embarazo\/#breadcrumb\",\"itemListElement\":[{\"@type\":\"ListItem\",\"position\":1,\"name\":\"Home\",\"item\":\"https:\/\/multi-gyn.com\/uy\/\"},{\"@type\":\"ListItem\",\"position\":2,\"name\":\"Salud vaginal\",\"item\":\"https:\/\/multi-gyn.com\/uy\/salud-vaginal\/\"},{\"@type\":\"ListItem\",\"position\":3,\"name\":\"Infecciones\",\"item\":\"https:\/\/multi-gyn.com\/uy\/salud-vaginal\/infecciones\/\"},{\"@type\":\"ListItem\",\"position\":4,\"name\":\"La vaginosis bacteriana y el embarazo\"}]},{\"@type\":\"WebSite\",\"@id\":\"https:\/\/multi-gyn.com\/uy\/#website\",\"url\":\"https:\/\/multi-gyn.com\/uy\/\",\"name\":\"Multi-Gyn\",\"description\":\"\",\"publisher\":{\"@id\":\"https:\/\/multi-gyn.com\/uy\/#organization\"},\"potentialAction\":[{\"@type\":\"SearchAction\",\"target\":{\"@type\":\"EntryPoint\",\"urlTemplate\":\"https:\/\/multi-gyn.com\/uy\/?s={search_term_string}\"},\"query-input\":{\"@type\":\"PropertyValueSpecification\",\"valueRequired\":true,\"valueName\":\"search_term_string\"}}],\"inLanguage\":\"es-UY\"},{\"@type\":\"Organization\",\"@id\":\"https:\/\/multi-gyn.com\/uy\/#organization\",\"name\":\"Multi-Gyn\",\"url\":\"https:\/\/multi-gyn.com\/uy\/\",\"logo\":{\"@type\":\"ImageObject\",\"inLanguage\":\"es-UY\",\"@id\":\"https:\/\/multi-gyn.com\/uy\/#\/schema\/logo\/image\/\",\"url\":\"https:\/\/multi-gyn.com\/app\/uploads\/sites\/47\/2023\/05\/multi-gyn-logo.png\",\"contentUrl\":\"https:\/\/multi-gyn.com\/app\/uploads\/sites\/47\/2023\/05\/multi-gyn-logo.png\",\"width\":149,\"height\":32,\"caption\":\"Multi-Gyn\"},\"image\":{\"@id\":\"https:\/\/multi-gyn.com\/uy\/#\/schema\/logo\/image\/\"}}]}<\/script>\n<!-- \/ Yoast SEO plugin. -->","yoast_head_json":{"title":"La vaginosis bacteriana y el embarazo - Multi-Gyn","description":"El embarazo es un per\u00edodo de cambios y expectativas. Nuestras funciones corporales se enfocan en atender la nueva vida dentro de nosotras, y prepararnos para dar a luz, amamantar y el cuidado infantil.","robots":{"index":"index","follow":"follow","max-snippet":"max-snippet:-1","max-image-preview":"max-image-preview:large","max-video-preview":"max-video-preview:-1"},"canonical":"https:\/\/multi-gyn.com\/uy\/salud-vaginal\/infecciones\/la-vaginosis-bacteriana-y-el-embarazo\/","og_locale":"es_ES","og_type":"article","og_title":"La vaginosis bacteriana y el embarazo - Multi-Gyn","og_description":"El embarazo es un per\u00edodo de cambios y expectativas. Nuestras funciones corporales se enfocan en atender la nueva vida dentro de nosotras, y prepararnos para dar a luz, amamantar y el cuidado infantil.","og_url":"https:\/\/multi-gyn.com\/uy\/salud-vaginal\/infecciones\/la-vaginosis-bacteriana-y-el-embarazo\/","og_site_name":"Multi-Gyn","article_modified_time":"2023-05-12T08:52:30+00:00","twitter_card":"summary_large_image","twitter_misc":{"Est. reading time":"2 minutos"},"schema":{"@context":"https:\/\/schema.org","@graph":[{"@type":"WebPage","@id":"https:\/\/multi-gyn.com\/uy\/salud-vaginal\/infecciones\/la-vaginosis-bacteriana-y-el-embarazo\/","url":"https:\/\/multi-gyn.com\/uy\/salud-vaginal\/infecciones\/la-vaginosis-bacteriana-y-el-embarazo\/","name":"La vaginosis bacteriana y el embarazo - Multi-Gyn","isPartOf":{"@id":"https:\/\/multi-gyn.com\/uy\/#website"},"datePublished":"2023-05-11T08:45:14+00:00","dateModified":"2023-05-12T08:52:30+00:00","description":"El embarazo es un per\u00edodo de cambios y expectativas. Nuestras funciones corporales se enfocan en atender la nueva vida dentro de nosotras, y prepararnos para dar a luz, amamantar y el cuidado infantil.","breadcrumb":{"@id":"https:\/\/multi-gyn.com\/uy\/salud-vaginal\/infecciones\/la-vaginosis-bacteriana-y-el-embarazo\/#breadcrumb"},"inLanguage":"es-UY","potentialAction":[{"@type":"ReadAction","target":["https:\/\/multi-gyn.com\/uy\/salud-vaginal\/infecciones\/la-vaginosis-bacteriana-y-el-embarazo\/"]}]},{"@type":"BreadcrumbList","@id":"https:\/\/multi-gyn.com\/uy\/salud-vaginal\/infecciones\/la-vaginosis-bacteriana-y-el-embarazo\/#breadcrumb","itemListElement":[{"@type":"ListItem","position":1,"name":"Home","item":"https:\/\/multi-gyn.com\/uy\/"},{"@type":"ListItem","position":2,"name":"Salud vaginal","item":"https:\/\/multi-gyn.com\/uy\/salud-vaginal\/"},{"@type":"ListItem","position":3,"name":"Infecciones","item":"https:\/\/multi-gyn.com\/uy\/salud-vaginal\/infecciones\/"},{"@type":"ListItem","position":4,"name":"La vaginosis bacteriana y el embarazo"}]},{"@type":"WebSite","@id":"https:\/\/multi-gyn.com\/uy\/#website","url":"https:\/\/multi-gyn.com\/uy\/","name":"Multi-Gyn","description":"","publisher":{"@id":"https:\/\/multi-gyn.com\/uy\/#organization"},"potentialAction":[{"@type":"SearchAction","target":{"@type":"EntryPoint","urlTemplate":"https:\/\/multi-gyn.com\/uy\/?s={search_term_string}"},"query-input":{"@type":"PropertyValueSpecification","valueRequired":true,"valueName":"search_term_string"}}],"inLanguage":"es-UY"},{"@type":"Organization","@id":"https:\/\/multi-gyn.com\/uy\/#organization","name":"Multi-Gyn","url":"https:\/\/multi-gyn.com\/uy\/","logo":{"@type":"ImageObject","inLanguage":"es-UY","@id":"https:\/\/multi-gyn.com\/uy\/#\/schema\/logo\/image\/","url":"https:\/\/multi-gyn.com\/app\/uploads\/sites\/47\/2023\/05\/multi-gyn-logo.png","contentUrl":"https:\/\/multi-gyn.com\/app\/uploads\/sites\/47\/2023\/05\/multi-gyn-logo.png","width":149,"height":32,"caption":"Multi-Gyn"},"image":{"@id":"https:\/\/multi-gyn.com\/uy\/#\/schema\/logo\/image\/"}}]}},"_links":{"self":[{"href":"https:\/\/multi-gyn.com\/uy\/wp-json\/wp\/v2\/pages\/174","targetHints":{"allow":["GET"]}}],"collection":[{"href":"https:\/\/multi-gyn.com\/uy\/wp-json\/wp\/v2\/pages"}],"about":[{"href":"https:\/\/multi-gyn.com\/uy\/wp-json\/wp\/v2\/types\/page"}],"author":[{"embeddable":true,"href":"https:\/\/multi-gyn.com\/uy\/wp-json\/wp\/v2\/users\/2"}],"replies":[{"embeddable":true,"href":"https:\/\/multi-gyn.com\/uy\/wp-json\/wp\/v2\/comments?post=174"}],"version-history":[{"count":3,"href":"https:\/\/multi-gyn.com\/uy\/wp-json\/wp\/v2\/pages\/174\/revisions"}],"predecessor-version":[{"id":390,"href":"https:\/\/multi-gyn.com\/uy\/wp-json\/wp\/v2\/pages\/174\/revisions\/390"}],"up":[{"embeddable":true,"href":"https:\/\/multi-gyn.com\/uy\/wp-json\/wp\/v2\/pages\/29"}],"wp:attachment":[{"href":"https:\/\/multi-gyn.com\/uy\/wp-json\/wp\/v2\/media?parent=174"}],"wp:term":[{"taxonomy":"from-article-database","embeddable":true,"href":"https:\/\/multi-gyn.com\/uy\/wp-json\/wp\/v2\/from-article-database?post=174"}],"curies":[{"name":"wp","href":"https:\/\/api.w.org\/{rel}","templated":true}]}}