{"id":176,"date":"2023-05-11T05:45:32","date_gmt":"2023-05-11T08:45:32","guid":{"rendered":"https:\/\/multi-gyn.com\/uy\/?page_id=176"},"modified":"2023-05-12T05:54:04","modified_gmt":"2023-05-12T08:54:04","slug":"la-secrecion-vaginal-es-una-senal-de-una-candidiasis","status":"publish","type":"page","link":"https:\/\/multi-gyn.com\/uy\/salud-vaginal\/infecciones\/la-secrecion-vaginal-es-una-senal-de-una-candidiasis\/","title":{"rendered":"La secreci\u00f3n vaginal es una se\u00f1al de una candidiasis"},"content":{"rendered":"\n<div class=\"wp-block-karopharma-free-text pt-large pb-large bg-center bg-cover bg-no-repeat  is-style-primary\" style=\"background-image:url()\"><div class=\"free-text-wrapper container max-w-medium text-left\">\n<h1 class=\"is-style-heading-h1 wp-block-heading\">La secreci\u00f3n vaginal es una se\u00f1al de una candidiasis<\/h1>\n\n\n\n<p class=\"is-style-paragraph-preamble\">La secreci\u00f3n vaginal es un fluido secretado por gl\u00e1ndulas localizadas en la vagina y la vulva. La secreci\u00f3n protege a la vagina de infecciones, la limpia, y ofrece lubricaci\u00f3n durante el sexo.<\/p>\n<\/div><\/div>\n\n\n\n<div class=\"wp-block-karopharma-free-text pt-large pb-large bg-center bg-cover bg-no-repeat  is-style-transparent\" style=\"background-image:url()\"><div class=\"free-text-wrapper container max-w-medium text-left\">\n<p>Algunas veces cuando algo est\u00e1 mal en la zona \u00edntima, una secreci\u00f3n inusual ser\u00e1 uno de los primeros s\u00edntomas. Este es el caso de vaginosis bacteriana, candidiasis u otros problemas urogenitales.<\/p>\n\n\n\n<p>Adem\u00e1s de la secreci\u00f3n vaginal, otros signos de candidiasis incluyen comez\u00f3n, ardor, enrojecimiento, irritaci\u00f3n, inflamaci\u00f3n y dolor durante la micci\u00f3n o durante las relaciones sexuales. La candidiasis es frecuentemente causada por la Candida albicans, un tipo de hongo levaduriforme que normalmente vive en varias zonas de nuestro cuerpo &#8212; en la vagina, en el tracto digestivo y en la boca. En condiciones normales, el hongo levaduriforme vive en equilibrio con otros microbios que pueden ser parte de nuestra flora vaginal saludable. Sin embargo, si hay un desequilibrio en el cuerpo, este hongo levaduriforme puede empezar a crecer descontroladamente, causando una infecci\u00f3n y molestias relacionadas.<\/p>\n\n\n\n<p>La mayor\u00eda de las mujeres experimentan por lo menos una candidiasis durante su vida. Tambi\u00e9n muchas mujeres sufren de infecciones recurrentes, especialmente antes o justo despu\u00e9s del per\u00edodo menstrual, durante el embarazo o mientras se toman p\u00edldoras anticonceptivas. Otros factores que pueden causar un desequilibrio en la flora vaginal y contribuyen al sobrecrecimiento de la C\u00e1ndida son los antibi\u00f3ticos, tener sobrepeso, diabetes, usar ropa interior sint\u00e9tica ajustada, usar medicamentos a base de esteroides, etc.<\/p>\n\n\n\n<h2 class=\"is-style-heading-h2 wp-block-heading\">Cambios en la secreci\u00f3n que pueden indicar una candidiasis<\/h2>\n\n\n\n<p>La secreci\u00f3n vaginal normal puede variar dependiendo del individuo, pero usualmente es transparente, turbia, o amarillenta. Puede ir desde acuosa hasta espesa, desde fibrosa hasta el\u00e1stica, dependiendo del ciclo menstrual, nivel de estr\u00e9s, h\u00e1bitos nutricionales, embarazo, lactancia o ciertos medicamentos. Las cantidades de secreci\u00f3n pueden variar tambi\u00e9n, y se puede notar un aumento cerca de la ovulaci\u00f3n o cuando se est\u00e1 excitada. Si nota una secreci\u00f3n blanca, espesa, grumosa, parecida al reques\u00f3n, eso puede ser una se\u00f1al de candidiasis. La secreci\u00f3n puede tambi\u00e9n aumentar en cantidad durante una candidiasis, pero generalmente no tiene olor. Si experimenta estos s\u00edntomas contacte a su proveedor de salud para que le aconseje, especialmente si est\u00e1 embarazada.<\/p>\n\n\n\n<h2 class=\"is-style-heading-h2 wp-block-heading\">Un concepto err\u00f3neo com\u00fan<\/h2>\n\n\n\n<p>Dos de las molestias vaginales m\u00e1s comunes, la vaginosis bacteriana y la candidiasis, est\u00e1n relacionadas con un desequilibrio en la flora vaginal. Estas dos condiciones muestran parcialmente s\u00edntomas similares, y por lo tanto a menudo se diagnostican err\u00f3neamente, causando problemas con el tratamiento y algunas veces complicaciones futuras. Aunque hay casos donde la candidiasis y las infecciones bacterianas se desarrollan simult\u00e1neamente, en la mayor\u00eda de los casos hay algunas diferencias que pueden ayudarle a diferenciar estas dos condiciones. La secreci\u00f3n caracteristica para la vaginosis bacteriana es usualmente blanca, gris o amarilla, generalmente ligera, acompa\u00f1ada de un fuerte olor a pescado. Por otro lado, si la secreci\u00f3n no tiene un olor fuerte, y la consistencia es parecida al reques\u00f3n, es muy probable que tenga una candidiasis.<\/p>\n\n\n\n<p class=\"is-style-paragraph-preamble has-primary-color has-text-color\"><em>\u00abSi nota una secreci\u00f3n blanca, espesa, grumosa, parecida al reques\u00f3n, eso puede ser una se\u00f1al de candidiasis.\u00bb<\/em><\/p>\n<\/div><\/div>\n","protected":false},"excerpt":{"rendered":"","protected":false},"author":2,"featured_media":0,"parent":29,"menu_order":9,"comment_status":"closed","ping_status":"closed","template":"","meta":{"_acf_changed":false,"footnotes":""},"from-article-database":[],"class_list":["post-176","page","type-page","status-publish","hentry"],"acf":[],"yoast_head":"<!-- This site is optimized with the Yoast SEO plugin v26.6 - https:\/\/yoast.com\/wordpress\/plugins\/seo\/ -->\n<title>La secreci\u00f3n vaginal es una se\u00f1al de una candidiasis - Multi-Gyn<\/title>\n<meta name=\"description\" content=\"La secreci\u00f3n vaginal es un fluido secretado por gl\u00e1ndulas localizadas en la vagina y la vulva. La secreci\u00f3n protege a la vagina de infecciones, la limpia, y ofrece lubricaci\u00f3n durante el sexo.\" \/>\n<meta name=\"robots\" content=\"index, follow, max-snippet:-1, max-image-preview:large, max-video-preview:-1\" \/>\n<link rel=\"canonical\" href=\"https:\/\/multi-gyn.com\/uy\/salud-vaginal\/infecciones\/la-secrecion-vaginal-es-una-senal-de-una-candidiasis\/\" \/>\n<meta property=\"og:locale\" content=\"es_ES\" \/>\n<meta property=\"og:type\" content=\"article\" \/>\n<meta property=\"og:title\" content=\"La secreci\u00f3n vaginal es una se\u00f1al de una candidiasis - Multi-Gyn\" \/>\n<meta property=\"og:description\" content=\"La secreci\u00f3n vaginal es un fluido secretado por gl\u00e1ndulas localizadas en la vagina y la vulva. La secreci\u00f3n protege a la vagina de infecciones, la limpia, y ofrece lubricaci\u00f3n durante el sexo.\" \/>\n<meta property=\"og:url\" content=\"https:\/\/multi-gyn.com\/uy\/salud-vaginal\/infecciones\/la-secrecion-vaginal-es-una-senal-de-una-candidiasis\/\" \/>\n<meta property=\"og:site_name\" content=\"Multi-Gyn\" \/>\n<meta property=\"article:modified_time\" content=\"2023-05-12T08:54:04+00:00\" \/>\n<meta name=\"twitter:card\" content=\"summary_large_image\" \/>\n<meta name=\"twitter:label1\" content=\"Est. reading time\" \/>\n\t<meta name=\"twitter:data1\" content=\"3 minutos\" \/>\n<script type=\"application\/ld+json\" class=\"yoast-schema-graph\">{\"@context\":\"https:\/\/schema.org\",\"@graph\":[{\"@type\":\"WebPage\",\"@id\":\"https:\/\/multi-gyn.com\/uy\/salud-vaginal\/infecciones\/la-secrecion-vaginal-es-una-senal-de-una-candidiasis\/\",\"url\":\"https:\/\/multi-gyn.com\/uy\/salud-vaginal\/infecciones\/la-secrecion-vaginal-es-una-senal-de-una-candidiasis\/\",\"name\":\"La secreci\u00f3n vaginal es una se\u00f1al de una candidiasis - Multi-Gyn\",\"isPartOf\":{\"@id\":\"https:\/\/multi-gyn.com\/uy\/#website\"},\"datePublished\":\"2023-05-11T08:45:32+00:00\",\"dateModified\":\"2023-05-12T08:54:04+00:00\",\"description\":\"La secreci\u00f3n vaginal es un fluido secretado por gl\u00e1ndulas localizadas en la vagina y la vulva. La secreci\u00f3n protege a la vagina de infecciones, la limpia, y ofrece lubricaci\u00f3n durante el sexo.\",\"breadcrumb\":{\"@id\":\"https:\/\/multi-gyn.com\/uy\/salud-vaginal\/infecciones\/la-secrecion-vaginal-es-una-senal-de-una-candidiasis\/#breadcrumb\"},\"inLanguage\":\"es-UY\",\"potentialAction\":[{\"@type\":\"ReadAction\",\"target\":[\"https:\/\/multi-gyn.com\/uy\/salud-vaginal\/infecciones\/la-secrecion-vaginal-es-una-senal-de-una-candidiasis\/\"]}]},{\"@type\":\"BreadcrumbList\",\"@id\":\"https:\/\/multi-gyn.com\/uy\/salud-vaginal\/infecciones\/la-secrecion-vaginal-es-una-senal-de-una-candidiasis\/#breadcrumb\",\"itemListElement\":[{\"@type\":\"ListItem\",\"position\":1,\"name\":\"Home\",\"item\":\"https:\/\/multi-gyn.com\/uy\/\"},{\"@type\":\"ListItem\",\"position\":2,\"name\":\"Salud vaginal\",\"item\":\"https:\/\/multi-gyn.com\/uy\/salud-vaginal\/\"},{\"@type\":\"ListItem\",\"position\":3,\"name\":\"Infecciones\",\"item\":\"https:\/\/multi-gyn.com\/uy\/salud-vaginal\/infecciones\/\"},{\"@type\":\"ListItem\",\"position\":4,\"name\":\"La secreci\u00f3n vaginal es una se\u00f1al de una candidiasis\"}]},{\"@type\":\"WebSite\",\"@id\":\"https:\/\/multi-gyn.com\/uy\/#website\",\"url\":\"https:\/\/multi-gyn.com\/uy\/\",\"name\":\"Multi-Gyn\",\"description\":\"\",\"publisher\":{\"@id\":\"https:\/\/multi-gyn.com\/uy\/#organization\"},\"potentialAction\":[{\"@type\":\"SearchAction\",\"target\":{\"@type\":\"EntryPoint\",\"urlTemplate\":\"https:\/\/multi-gyn.com\/uy\/?s={search_term_string}\"},\"query-input\":{\"@type\":\"PropertyValueSpecification\",\"valueRequired\":true,\"valueName\":\"search_term_string\"}}],\"inLanguage\":\"es-UY\"},{\"@type\":\"Organization\",\"@id\":\"https:\/\/multi-gyn.com\/uy\/#organization\",\"name\":\"Multi-Gyn\",\"url\":\"https:\/\/multi-gyn.com\/uy\/\",\"logo\":{\"@type\":\"ImageObject\",\"inLanguage\":\"es-UY\",\"@id\":\"https:\/\/multi-gyn.com\/uy\/#\/schema\/logo\/image\/\",\"url\":\"https:\/\/multi-gyn.com\/app\/uploads\/sites\/47\/2023\/05\/multi-gyn-logo.png\",\"contentUrl\":\"https:\/\/multi-gyn.com\/app\/uploads\/sites\/47\/2023\/05\/multi-gyn-logo.png\",\"width\":149,\"height\":32,\"caption\":\"Multi-Gyn\"},\"image\":{\"@id\":\"https:\/\/multi-gyn.com\/uy\/#\/schema\/logo\/image\/\"}}]}<\/script>\n<!-- \/ Yoast SEO plugin. -->","yoast_head_json":{"title":"La secreci\u00f3n vaginal es una se\u00f1al de una candidiasis - Multi-Gyn","description":"La secreci\u00f3n vaginal es un fluido secretado por gl\u00e1ndulas localizadas en la vagina y la vulva. La secreci\u00f3n protege a la vagina de infecciones, la limpia, y ofrece lubricaci\u00f3n durante el sexo.","robots":{"index":"index","follow":"follow","max-snippet":"max-snippet:-1","max-image-preview":"max-image-preview:large","max-video-preview":"max-video-preview:-1"},"canonical":"https:\/\/multi-gyn.com\/uy\/salud-vaginal\/infecciones\/la-secrecion-vaginal-es-una-senal-de-una-candidiasis\/","og_locale":"es_ES","og_type":"article","og_title":"La secreci\u00f3n vaginal es una se\u00f1al de una candidiasis - Multi-Gyn","og_description":"La secreci\u00f3n vaginal es un fluido secretado por gl\u00e1ndulas localizadas en la vagina y la vulva. La secreci\u00f3n protege a la vagina de infecciones, la limpia, y ofrece lubricaci\u00f3n durante el sexo.","og_url":"https:\/\/multi-gyn.com\/uy\/salud-vaginal\/infecciones\/la-secrecion-vaginal-es-una-senal-de-una-candidiasis\/","og_site_name":"Multi-Gyn","article_modified_time":"2023-05-12T08:54:04+00:00","twitter_card":"summary_large_image","twitter_misc":{"Est. reading time":"3 minutos"},"schema":{"@context":"https:\/\/schema.org","@graph":[{"@type":"WebPage","@id":"https:\/\/multi-gyn.com\/uy\/salud-vaginal\/infecciones\/la-secrecion-vaginal-es-una-senal-de-una-candidiasis\/","url":"https:\/\/multi-gyn.com\/uy\/salud-vaginal\/infecciones\/la-secrecion-vaginal-es-una-senal-de-una-candidiasis\/","name":"La secreci\u00f3n vaginal es una se\u00f1al de una candidiasis - Multi-Gyn","isPartOf":{"@id":"https:\/\/multi-gyn.com\/uy\/#website"},"datePublished":"2023-05-11T08:45:32+00:00","dateModified":"2023-05-12T08:54:04+00:00","description":"La secreci\u00f3n vaginal es un fluido secretado por gl\u00e1ndulas localizadas en la vagina y la vulva. La secreci\u00f3n protege a la vagina de infecciones, la limpia, y ofrece lubricaci\u00f3n durante el sexo.","breadcrumb":{"@id":"https:\/\/multi-gyn.com\/uy\/salud-vaginal\/infecciones\/la-secrecion-vaginal-es-una-senal-de-una-candidiasis\/#breadcrumb"},"inLanguage":"es-UY","potentialAction":[{"@type":"ReadAction","target":["https:\/\/multi-gyn.com\/uy\/salud-vaginal\/infecciones\/la-secrecion-vaginal-es-una-senal-de-una-candidiasis\/"]}]},{"@type":"BreadcrumbList","@id":"https:\/\/multi-gyn.com\/uy\/salud-vaginal\/infecciones\/la-secrecion-vaginal-es-una-senal-de-una-candidiasis\/#breadcrumb","itemListElement":[{"@type":"ListItem","position":1,"name":"Home","item":"https:\/\/multi-gyn.com\/uy\/"},{"@type":"ListItem","position":2,"name":"Salud vaginal","item":"https:\/\/multi-gyn.com\/uy\/salud-vaginal\/"},{"@type":"ListItem","position":3,"name":"Infecciones","item":"https:\/\/multi-gyn.com\/uy\/salud-vaginal\/infecciones\/"},{"@type":"ListItem","position":4,"name":"La secreci\u00f3n vaginal es una se\u00f1al de una candidiasis"}]},{"@type":"WebSite","@id":"https:\/\/multi-gyn.com\/uy\/#website","url":"https:\/\/multi-gyn.com\/uy\/","name":"Multi-Gyn","description":"","publisher":{"@id":"https:\/\/multi-gyn.com\/uy\/#organization"},"potentialAction":[{"@type":"SearchAction","target":{"@type":"EntryPoint","urlTemplate":"https:\/\/multi-gyn.com\/uy\/?s={search_term_string}"},"query-input":{"@type":"PropertyValueSpecification","valueRequired":true,"valueName":"search_term_string"}}],"inLanguage":"es-UY"},{"@type":"Organization","@id":"https:\/\/multi-gyn.com\/uy\/#organization","name":"Multi-Gyn","url":"https:\/\/multi-gyn.com\/uy\/","logo":{"@type":"ImageObject","inLanguage":"es-UY","@id":"https:\/\/multi-gyn.com\/uy\/#\/schema\/logo\/image\/","url":"https:\/\/multi-gyn.com\/app\/uploads\/sites\/47\/2023\/05\/multi-gyn-logo.png","contentUrl":"https:\/\/multi-gyn.com\/app\/uploads\/sites\/47\/2023\/05\/multi-gyn-logo.png","width":149,"height":32,"caption":"Multi-Gyn"},"image":{"@id":"https:\/\/multi-gyn.com\/uy\/#\/schema\/logo\/image\/"}}]}},"_links":{"self":[{"href":"https:\/\/multi-gyn.com\/uy\/wp-json\/wp\/v2\/pages\/176","targetHints":{"allow":["GET"]}}],"collection":[{"href":"https:\/\/multi-gyn.com\/uy\/wp-json\/wp\/v2\/pages"}],"about":[{"href":"https:\/\/multi-gyn.com\/uy\/wp-json\/wp\/v2\/types\/page"}],"author":[{"embeddable":true,"href":"https:\/\/multi-gyn.com\/uy\/wp-json\/wp\/v2\/users\/2"}],"replies":[{"embeddable":true,"href":"https:\/\/multi-gyn.com\/uy\/wp-json\/wp\/v2\/comments?post=176"}],"version-history":[{"count":3,"href":"https:\/\/multi-gyn.com\/uy\/wp-json\/wp\/v2\/pages\/176\/revisions"}],"predecessor-version":[{"id":392,"href":"https:\/\/multi-gyn.com\/uy\/wp-json\/wp\/v2\/pages\/176\/revisions\/392"}],"up":[{"embeddable":true,"href":"https:\/\/multi-gyn.com\/uy\/wp-json\/wp\/v2\/pages\/29"}],"wp:attachment":[{"href":"https:\/\/multi-gyn.com\/uy\/wp-json\/wp\/v2\/media?parent=176"}],"wp:term":[{"taxonomy":"from-article-database","embeddable":true,"href":"https:\/\/multi-gyn.com\/uy\/wp-json\/wp\/v2\/from-article-database?post=176"}],"curies":[{"name":"wp","href":"https:\/\/api.w.org\/{rel}","templated":true}]}}