{"id":178,"date":"2023-05-11T05:45:51","date_gmt":"2023-05-11T08:45:51","guid":{"rendered":"https:\/\/multi-gyn.com\/uy\/?page_id=178"},"modified":"2023-05-12T05:56:28","modified_gmt":"2023-05-12T08:56:28","slug":"como-tratar-la-candida","status":"publish","type":"page","link":"https:\/\/multi-gyn.com\/uy\/salud-vaginal\/infecciones\/como-tratar-la-candida\/","title":{"rendered":"C\u00f3mo tratar la C\u00e1ndida"},"content":{"rendered":"\n<div class=\"wp-block-karopharma-free-text pt-large pb-large bg-center bg-cover bg-no-repeat  is-style-primary\" style=\"background-image:url()\"><div class=\"free-text-wrapper container max-w-medium text-left\">\n<h1 class=\"is-style-heading-h1 wp-block-heading\">C\u00f3mo tratar la C\u00e1ndida<\/h1>\n\n\n\n<p class=\"is-style-paragraph-preamble\">Una de las molestias vaginales m\u00e1s comunes es la candidiasis vaginal, tambi\u00e9n conocida como infecci\u00f3n vaginal causada por hongos levaduriformes o simplemente c\u00e1ndida. Los s\u00edntomas de la candidiasis incluyen una secreci\u00f3n blanca y espesa, usualmente descrita como similar al reques\u00f3n, un fuerte enrojecimiento y comez\u00f3n en la zona vulvovaginal. El rascarse puede causar irritaci\u00f3n adicional y dolor, y puede llevar a una sensaci\u00f3n de ardor al orinar o durante las relaciones sexuales. Si experimenta cualquiera de estos s\u00edntomas es importante que contacte a su doctor o ginec\u00f3logo para confirmar el diagn\u00f3stico, y ellos le aconsejar\u00e1n c\u00f3mo tratar la c\u00e1ndida.<\/p>\n<\/div><\/div>\n\n\n\n<div class=\"wp-block-karopharma-free-text pt-large pb-large bg-center bg-cover bg-no-repeat  is-style-transparent\" style=\"background-image:url()\"><div class=\"free-text-wrapper container max-w-medium text-left\">\n<h2 class=\"is-style-heading-h2 wp-block-heading\">\u00bfPuedo tratar la c\u00e1ndida por mi cuenta?<\/h2>\n\n\n\n<p>Los medicamentos y productos que tratan la c\u00e1ndida frecuentemente pueden ser comprados sin prescripci\u00f3n m\u00e9dica. Estos incluyen cremas antimic\u00f3ticas, terapia antimic\u00f3tica oral, probi\u00f3ticos, prebi\u00f3ticos y otros productos. Esto significa que con el autodiagn\u00f3stico correcto se puede tratar una candidiasis sin ir al m\u00e9dico. Sin embargo, los s\u00edntomas inusuales de la candidiasis vaginal pueden algunas veces ser causados por algo m\u00e1s (resequedad vaginal, infecci\u00f3n bacteriana) o pueden enmascarar una ETS subyacente con implicaciones m\u00e1s serias. Por lo tanto es importante consultar a un doctor o ginec\u00f3logo antes de empezar cualquier terapia, y evitar crearse problemas adicionales a usted mismo, o hasta a su pareja. La c\u00e1ndida usualmente no se transmite entre parejas, pero una ETS subyacente s\u00ed.<\/p>\n\n\n\n<h2 class=\"is-style-heading-h2 wp-block-heading\">\u00bfQu\u00e9 puedo hacer para aliviar los s\u00edntomas de la c\u00e1ndida?<\/h2>\n\n\n\n<p>En las mujeres sanas, la c\u00e1ndida no es una condici\u00f3n que amenace la vida, pero la comez\u00f3n constante e irritaci\u00f3n pueden perjudicar dr\u00e1sticamente la calidad de su vida sexual, as\u00ed como hacer inc\u00f3modas las idas al ba\u00f1o, sentarse por largos per\u00edodos de tiempo, o usar ropa ce\u00f1ida. Una vez el doctor ha confirmado el diagn\u00f3stico, y su tratamiento de c\u00e1ndida ha empezado, puede tratar de mitigar los molestos s\u00edntomas. Los geles refrescantes naturales y aerosoles pueden darle alivio instant\u00e1neo de la comez\u00f3n e irritaci\u00f3n, mientras que el uso de prebi\u00f3ticos vaginales pueden respaldar la terapia prescrita. Tambi\u00e9n es importante mantener una higiene vaginal habitual usando agua tibia o un enjuague \u00edntimo suave sin jab\u00f3n, evitando toallas higi\u00e9nicas y papel higi\u00e9nico con aroma, y cuando sea posible, dormir sin ropa interior.<\/p>\n\n\n\n<p class=\"is-style-paragraph-preamble has-primary-color has-text-color\"><em>\u00abLos medicamentos y productos que tratan la c\u00e1ndida frecuentemente pueden ser comprados sin prescripci\u00f3n m\u00e9dica. Estos incluyen cremas antimic\u00f3ticas, terapia antimic\u00f3tica oral, probi\u00f3ticos, prebi\u00f3ticos y otros.\u00bb<\/em><\/p>\n<\/div><\/div>\n","protected":false},"excerpt":{"rendered":"","protected":false},"author":2,"featured_media":0,"parent":29,"menu_order":10,"comment_status":"closed","ping_status":"closed","template":"","meta":{"_acf_changed":false,"footnotes":""},"from-article-database":[],"class_list":["post-178","page","type-page","status-publish","hentry"],"acf":[],"yoast_head":"<!-- This site is optimized with the Yoast SEO plugin v26.6 - https:\/\/yoast.com\/wordpress\/plugins\/seo\/ -->\n<title>C\u00f3mo tratar la C\u00e1ndida - Multi-Gyn<\/title>\n<meta name=\"description\" content=\"Una de las molestias vaginales m\u00e1s comunes es la candidiasis vaginal, tambi\u00e9n conocida como infecci\u00f3n vaginal causada por hongos levaduriformes o simplemente c\u00e1ndida.\" \/>\n<meta name=\"robots\" content=\"index, follow, max-snippet:-1, max-image-preview:large, max-video-preview:-1\" \/>\n<link rel=\"canonical\" href=\"https:\/\/multi-gyn.com\/uy\/salud-vaginal\/infecciones\/como-tratar-la-candida\/\" \/>\n<meta property=\"og:locale\" content=\"es_ES\" \/>\n<meta property=\"og:type\" content=\"article\" \/>\n<meta property=\"og:title\" content=\"C\u00f3mo tratar la C\u00e1ndida - Multi-Gyn\" \/>\n<meta property=\"og:description\" content=\"Una de las molestias vaginales m\u00e1s comunes es la candidiasis vaginal, tambi\u00e9n conocida como infecci\u00f3n vaginal causada por hongos levaduriformes o simplemente c\u00e1ndida.\" \/>\n<meta property=\"og:url\" content=\"https:\/\/multi-gyn.com\/uy\/salud-vaginal\/infecciones\/como-tratar-la-candida\/\" \/>\n<meta property=\"og:site_name\" content=\"Multi-Gyn\" \/>\n<meta property=\"article:modified_time\" content=\"2023-05-12T08:56:28+00:00\" \/>\n<meta name=\"twitter:card\" content=\"summary_large_image\" \/>\n<meta name=\"twitter:label1\" content=\"Est. reading time\" \/>\n\t<meta name=\"twitter:data1\" content=\"2 minutos\" \/>\n<script type=\"application\/ld+json\" class=\"yoast-schema-graph\">{\"@context\":\"https:\/\/schema.org\",\"@graph\":[{\"@type\":\"WebPage\",\"@id\":\"https:\/\/multi-gyn.com\/uy\/salud-vaginal\/infecciones\/como-tratar-la-candida\/\",\"url\":\"https:\/\/multi-gyn.com\/uy\/salud-vaginal\/infecciones\/como-tratar-la-candida\/\",\"name\":\"C\u00f3mo tratar la C\u00e1ndida - Multi-Gyn\",\"isPartOf\":{\"@id\":\"https:\/\/multi-gyn.com\/uy\/#website\"},\"datePublished\":\"2023-05-11T08:45:51+00:00\",\"dateModified\":\"2023-05-12T08:56:28+00:00\",\"description\":\"Una de las molestias vaginales m\u00e1s comunes es la candidiasis vaginal, tambi\u00e9n conocida como infecci\u00f3n vaginal causada por hongos levaduriformes o simplemente c\u00e1ndida.\",\"breadcrumb\":{\"@id\":\"https:\/\/multi-gyn.com\/uy\/salud-vaginal\/infecciones\/como-tratar-la-candida\/#breadcrumb\"},\"inLanguage\":\"es-UY\",\"potentialAction\":[{\"@type\":\"ReadAction\",\"target\":[\"https:\/\/multi-gyn.com\/uy\/salud-vaginal\/infecciones\/como-tratar-la-candida\/\"]}]},{\"@type\":\"BreadcrumbList\",\"@id\":\"https:\/\/multi-gyn.com\/uy\/salud-vaginal\/infecciones\/como-tratar-la-candida\/#breadcrumb\",\"itemListElement\":[{\"@type\":\"ListItem\",\"position\":1,\"name\":\"Home\",\"item\":\"https:\/\/multi-gyn.com\/uy\/\"},{\"@type\":\"ListItem\",\"position\":2,\"name\":\"Salud vaginal\",\"item\":\"https:\/\/multi-gyn.com\/uy\/salud-vaginal\/\"},{\"@type\":\"ListItem\",\"position\":3,\"name\":\"Infecciones\",\"item\":\"https:\/\/multi-gyn.com\/uy\/salud-vaginal\/infecciones\/\"},{\"@type\":\"ListItem\",\"position\":4,\"name\":\"C\u00f3mo tratar la C\u00e1ndida\"}]},{\"@type\":\"WebSite\",\"@id\":\"https:\/\/multi-gyn.com\/uy\/#website\",\"url\":\"https:\/\/multi-gyn.com\/uy\/\",\"name\":\"Multi-Gyn\",\"description\":\"\",\"publisher\":{\"@id\":\"https:\/\/multi-gyn.com\/uy\/#organization\"},\"potentialAction\":[{\"@type\":\"SearchAction\",\"target\":{\"@type\":\"EntryPoint\",\"urlTemplate\":\"https:\/\/multi-gyn.com\/uy\/?s={search_term_string}\"},\"query-input\":{\"@type\":\"PropertyValueSpecification\",\"valueRequired\":true,\"valueName\":\"search_term_string\"}}],\"inLanguage\":\"es-UY\"},{\"@type\":\"Organization\",\"@id\":\"https:\/\/multi-gyn.com\/uy\/#organization\",\"name\":\"Multi-Gyn\",\"url\":\"https:\/\/multi-gyn.com\/uy\/\",\"logo\":{\"@type\":\"ImageObject\",\"inLanguage\":\"es-UY\",\"@id\":\"https:\/\/multi-gyn.com\/uy\/#\/schema\/logo\/image\/\",\"url\":\"https:\/\/multi-gyn.com\/app\/uploads\/sites\/47\/2023\/05\/multi-gyn-logo.png\",\"contentUrl\":\"https:\/\/multi-gyn.com\/app\/uploads\/sites\/47\/2023\/05\/multi-gyn-logo.png\",\"width\":149,\"height\":32,\"caption\":\"Multi-Gyn\"},\"image\":{\"@id\":\"https:\/\/multi-gyn.com\/uy\/#\/schema\/logo\/image\/\"}}]}<\/script>\n<!-- \/ Yoast SEO plugin. -->","yoast_head_json":{"title":"C\u00f3mo tratar la C\u00e1ndida - Multi-Gyn","description":"Una de las molestias vaginales m\u00e1s comunes es la candidiasis vaginal, tambi\u00e9n conocida como infecci\u00f3n vaginal causada por hongos levaduriformes o simplemente c\u00e1ndida.","robots":{"index":"index","follow":"follow","max-snippet":"max-snippet:-1","max-image-preview":"max-image-preview:large","max-video-preview":"max-video-preview:-1"},"canonical":"https:\/\/multi-gyn.com\/uy\/salud-vaginal\/infecciones\/como-tratar-la-candida\/","og_locale":"es_ES","og_type":"article","og_title":"C\u00f3mo tratar la C\u00e1ndida - Multi-Gyn","og_description":"Una de las molestias vaginales m\u00e1s comunes es la candidiasis vaginal, tambi\u00e9n conocida como infecci\u00f3n vaginal causada por hongos levaduriformes o simplemente c\u00e1ndida.","og_url":"https:\/\/multi-gyn.com\/uy\/salud-vaginal\/infecciones\/como-tratar-la-candida\/","og_site_name":"Multi-Gyn","article_modified_time":"2023-05-12T08:56:28+00:00","twitter_card":"summary_large_image","twitter_misc":{"Est. reading time":"2 minutos"},"schema":{"@context":"https:\/\/schema.org","@graph":[{"@type":"WebPage","@id":"https:\/\/multi-gyn.com\/uy\/salud-vaginal\/infecciones\/como-tratar-la-candida\/","url":"https:\/\/multi-gyn.com\/uy\/salud-vaginal\/infecciones\/como-tratar-la-candida\/","name":"C\u00f3mo tratar la C\u00e1ndida - Multi-Gyn","isPartOf":{"@id":"https:\/\/multi-gyn.com\/uy\/#website"},"datePublished":"2023-05-11T08:45:51+00:00","dateModified":"2023-05-12T08:56:28+00:00","description":"Una de las molestias vaginales m\u00e1s comunes es la candidiasis vaginal, tambi\u00e9n conocida como infecci\u00f3n vaginal causada por hongos levaduriformes o simplemente c\u00e1ndida.","breadcrumb":{"@id":"https:\/\/multi-gyn.com\/uy\/salud-vaginal\/infecciones\/como-tratar-la-candida\/#breadcrumb"},"inLanguage":"es-UY","potentialAction":[{"@type":"ReadAction","target":["https:\/\/multi-gyn.com\/uy\/salud-vaginal\/infecciones\/como-tratar-la-candida\/"]}]},{"@type":"BreadcrumbList","@id":"https:\/\/multi-gyn.com\/uy\/salud-vaginal\/infecciones\/como-tratar-la-candida\/#breadcrumb","itemListElement":[{"@type":"ListItem","position":1,"name":"Home","item":"https:\/\/multi-gyn.com\/uy\/"},{"@type":"ListItem","position":2,"name":"Salud vaginal","item":"https:\/\/multi-gyn.com\/uy\/salud-vaginal\/"},{"@type":"ListItem","position":3,"name":"Infecciones","item":"https:\/\/multi-gyn.com\/uy\/salud-vaginal\/infecciones\/"},{"@type":"ListItem","position":4,"name":"C\u00f3mo tratar la C\u00e1ndida"}]},{"@type":"WebSite","@id":"https:\/\/multi-gyn.com\/uy\/#website","url":"https:\/\/multi-gyn.com\/uy\/","name":"Multi-Gyn","description":"","publisher":{"@id":"https:\/\/multi-gyn.com\/uy\/#organization"},"potentialAction":[{"@type":"SearchAction","target":{"@type":"EntryPoint","urlTemplate":"https:\/\/multi-gyn.com\/uy\/?s={search_term_string}"},"query-input":{"@type":"PropertyValueSpecification","valueRequired":true,"valueName":"search_term_string"}}],"inLanguage":"es-UY"},{"@type":"Organization","@id":"https:\/\/multi-gyn.com\/uy\/#organization","name":"Multi-Gyn","url":"https:\/\/multi-gyn.com\/uy\/","logo":{"@type":"ImageObject","inLanguage":"es-UY","@id":"https:\/\/multi-gyn.com\/uy\/#\/schema\/logo\/image\/","url":"https:\/\/multi-gyn.com\/app\/uploads\/sites\/47\/2023\/05\/multi-gyn-logo.png","contentUrl":"https:\/\/multi-gyn.com\/app\/uploads\/sites\/47\/2023\/05\/multi-gyn-logo.png","width":149,"height":32,"caption":"Multi-Gyn"},"image":{"@id":"https:\/\/multi-gyn.com\/uy\/#\/schema\/logo\/image\/"}}]}},"_links":{"self":[{"href":"https:\/\/multi-gyn.com\/uy\/wp-json\/wp\/v2\/pages\/178","targetHints":{"allow":["GET"]}}],"collection":[{"href":"https:\/\/multi-gyn.com\/uy\/wp-json\/wp\/v2\/pages"}],"about":[{"href":"https:\/\/multi-gyn.com\/uy\/wp-json\/wp\/v2\/types\/page"}],"author":[{"embeddable":true,"href":"https:\/\/multi-gyn.com\/uy\/wp-json\/wp\/v2\/users\/2"}],"replies":[{"embeddable":true,"href":"https:\/\/multi-gyn.com\/uy\/wp-json\/wp\/v2\/comments?post=178"}],"version-history":[{"count":2,"href":"https:\/\/multi-gyn.com\/uy\/wp-json\/wp\/v2\/pages\/178\/revisions"}],"predecessor-version":[{"id":394,"href":"https:\/\/multi-gyn.com\/uy\/wp-json\/wp\/v2\/pages\/178\/revisions\/394"}],"up":[{"embeddable":true,"href":"https:\/\/multi-gyn.com\/uy\/wp-json\/wp\/v2\/pages\/29"}],"wp:attachment":[{"href":"https:\/\/multi-gyn.com\/uy\/wp-json\/wp\/v2\/media?parent=178"}],"wp:term":[{"taxonomy":"from-article-database","embeddable":true,"href":"https:\/\/multi-gyn.com\/uy\/wp-json\/wp\/v2\/from-article-database?post=178"}],"curies":[{"name":"wp","href":"https:\/\/api.w.org\/{rel}","templated":true}]}}