{"id":180,"date":"2023-05-11T05:46:08","date_gmt":"2023-05-11T08:46:08","guid":{"rendered":"https:\/\/multi-gyn.com\/uy\/?page_id=180"},"modified":"2023-05-12T05:58:13","modified_gmt":"2023-05-12T08:58:13","slug":"las-infecciones-vaginales-y-los-antibioticos","status":"publish","type":"page","link":"https:\/\/multi-gyn.com\/uy\/salud-vaginal\/infecciones\/las-infecciones-vaginales-y-los-antibioticos\/","title":{"rendered":"Las infecciones vaginales y los antibi\u00f3ticos"},"content":{"rendered":"\n<div class=\"wp-block-karopharma-free-text pt-large pb-large bg-center bg-cover bg-no-repeat  is-style-primary\" style=\"background-image:url()\"><div class=\"free-text-wrapper container max-w-medium text-left\">\n<h1 class=\"is-style-heading-h1 wp-block-heading\">Las infecciones vaginales y los antibi\u00f3ticos<\/h1>\n\n\n\n<p class=\"is-style-paragraph-preamble\">Las infecciones vaginales pueden ser causadas por muchos factores. Una causa com\u00fan de estas infecciones es usar antibi\u00f3ticos. Conozca m\u00e1s sobre c\u00f3mo los antibi\u00f3ticos pueden alterar el equilibrio vaginal y c\u00f3mo prevenir molestias vaginales como un efecto secundario de una terapia antibi\u00f3tica.<\/p>\n<\/div><\/div>\n\n\n\n<div class=\"wp-block-karopharma-free-text pt-large pb-large bg-center bg-cover bg-no-repeat  is-style-transparent\" style=\"background-image:url()\"><div class=\"free-text-wrapper container max-w-medium text-left\">\n<h2 class=\"is-style-heading-h2 wp-block-heading\">C\u00f3mo funcionan los antibi\u00f3ticos<\/h2>\n\n\n\n<p>Los antibi\u00f3ticos son un grupo de medicamentos que funciona ya sea matando bacterias o deteniendo su crecimiento, por consiguiente deteniendo la infecci\u00f3n y ayudando al cuerpo a combatir la enfermedad. Este tipo de medicamento es muy utilizado para todo, desde un dolor de garganta hasta infecciones de los \u00f3rganos. Aunque los antibi\u00f3ticos un grupo de medicamentos muy efectivos y bastante seguros, no son selectivos \u2013 es decir, no matan solamente las bacterias que atacan el cuerpo, sino que tambi\u00e9n reducen el n\u00famero de bacterias beneficiosas que viven normalmente en y sobre nuestro cuerpo. Estas bacterias beneficiosas no causan problemas, y generalmente son ben\u00e9ficas para nuestra salud. Matar estas bacterias es por tanto un efecto secundario muy bien reconocido de la terapia antibi\u00f3tica.<\/p>\n\n\n\n<h2 class=\"is-style-heading-h2 wp-block-heading\">Las infecciones vaginales despu\u00e9s de los antibi\u00f3ticos<\/h2>\n\n\n\n<p>Reducir el n\u00famero de bacterias beneficiosas le da espacio a las bacterias perjudiciales y a los hongos para que crezcan. Es por eso que es com\u00fan que las mujeres sufran de vaginosis bacteriana o candidiasis justo despu\u00e9s de o incluso durante la terapia antibi\u00f3tica. Frecuentemente ocurre que las mujeres usan antibi\u00f3ticos para tratar una infecci\u00f3n vaginal existente, pero despu\u00e9s de que la infecci\u00f3n inicial es tratada, aparece una segunda enfermedad. Esto pasa porque la flora vaginal se deterior\u00f3 durante la terapia antibi\u00f3tica, dando lugar a un riesgo aumentado de un episodio recurrente de vaginosis bacteriana o candidiasis que puede requerir terapia adicional.<\/p>\n\n\n\n<p>Para protegerse de infecciones vaginales causadas por antibi\u00f3ticos, use un producto que contenga prebi\u00f3ticos. Los prebi\u00f3ticos estimulan el crecimiento de bacterias beneficiosas, ayud\u00e1ndole a la flora vaginal a recuperarse. De esta forma, los prebi\u00f3ticos pueden ayudar a prevenir infecciones vaginales causadas por antibi\u00f3ticos u otros factores, y pueden acelerar la recuperaci\u00f3n despu\u00e9s de que los s\u00edntomas han desaparecido.<\/p>\n\n\n\n<p class=\"is-style-paragraph-preamble has-primary-color has-text-color\"><em>\u00abReducir el n\u00famero de bacterias beneficiosas le da espacio a las bacterias malas y los hongos para que crezcan. Es por eso que es com\u00fan que las mujeres sufran de vaginosis bacteriana o candidiasis justo despu\u00e9s de o incluso durante la terapia antibi\u00f3tica.\u00bb<\/em><\/p>\n<\/div><\/div>\n","protected":false},"excerpt":{"rendered":"","protected":false},"author":2,"featured_media":0,"parent":29,"menu_order":11,"comment_status":"closed","ping_status":"closed","template":"","meta":{"_acf_changed":false,"footnotes":""},"from-article-database":[],"class_list":["post-180","page","type-page","status-publish","hentry"],"acf":[],"yoast_head":"<!-- This site is optimized with the Yoast SEO plugin v26.6 - https:\/\/yoast.com\/wordpress\/plugins\/seo\/ -->\n<title>Las infecciones vaginales y los antibi\u00f3ticos - Multi-Gyn<\/title>\n<meta name=\"description\" content=\"Conozca m\u00e1s sobre c\u00f3mo los antibi\u00f3ticos pueden alterar el equilibrio vaginal y c\u00f3mo prevenir molestias vaginales como un efecto secundario de una terapia antibi\u00f3tica.\" \/>\n<meta name=\"robots\" content=\"index, follow, max-snippet:-1, max-image-preview:large, max-video-preview:-1\" \/>\n<link rel=\"canonical\" href=\"https:\/\/multi-gyn.com\/uy\/salud-vaginal\/infecciones\/las-infecciones-vaginales-y-los-antibioticos\/\" \/>\n<meta property=\"og:locale\" content=\"es_ES\" \/>\n<meta property=\"og:type\" content=\"article\" \/>\n<meta property=\"og:title\" content=\"Las infecciones vaginales y los antibi\u00f3ticos - Multi-Gyn\" \/>\n<meta property=\"og:description\" content=\"Conozca m\u00e1s sobre c\u00f3mo los antibi\u00f3ticos pueden alterar el equilibrio vaginal y c\u00f3mo prevenir molestias vaginales como un efecto secundario de una terapia antibi\u00f3tica.\" \/>\n<meta property=\"og:url\" content=\"https:\/\/multi-gyn.com\/uy\/salud-vaginal\/infecciones\/las-infecciones-vaginales-y-los-antibioticos\/\" \/>\n<meta property=\"og:site_name\" content=\"Multi-Gyn\" \/>\n<meta property=\"article:modified_time\" content=\"2023-05-12T08:58:13+00:00\" \/>\n<meta name=\"twitter:card\" content=\"summary_large_image\" \/>\n<meta name=\"twitter:label1\" content=\"Est. reading time\" \/>\n\t<meta name=\"twitter:data1\" content=\"2 minutos\" \/>\n<script type=\"application\/ld+json\" class=\"yoast-schema-graph\">{\"@context\":\"https:\/\/schema.org\",\"@graph\":[{\"@type\":\"WebPage\",\"@id\":\"https:\/\/multi-gyn.com\/uy\/salud-vaginal\/infecciones\/las-infecciones-vaginales-y-los-antibioticos\/\",\"url\":\"https:\/\/multi-gyn.com\/uy\/salud-vaginal\/infecciones\/las-infecciones-vaginales-y-los-antibioticos\/\",\"name\":\"Las infecciones vaginales y los antibi\u00f3ticos - Multi-Gyn\",\"isPartOf\":{\"@id\":\"https:\/\/multi-gyn.com\/uy\/#website\"},\"datePublished\":\"2023-05-11T08:46:08+00:00\",\"dateModified\":\"2023-05-12T08:58:13+00:00\",\"description\":\"Conozca m\u00e1s sobre c\u00f3mo los antibi\u00f3ticos pueden alterar el equilibrio vaginal y c\u00f3mo prevenir molestias vaginales como un efecto secundario de una terapia antibi\u00f3tica.\",\"breadcrumb\":{\"@id\":\"https:\/\/multi-gyn.com\/uy\/salud-vaginal\/infecciones\/las-infecciones-vaginales-y-los-antibioticos\/#breadcrumb\"},\"inLanguage\":\"es-UY\",\"potentialAction\":[{\"@type\":\"ReadAction\",\"target\":[\"https:\/\/multi-gyn.com\/uy\/salud-vaginal\/infecciones\/las-infecciones-vaginales-y-los-antibioticos\/\"]}]},{\"@type\":\"BreadcrumbList\",\"@id\":\"https:\/\/multi-gyn.com\/uy\/salud-vaginal\/infecciones\/las-infecciones-vaginales-y-los-antibioticos\/#breadcrumb\",\"itemListElement\":[{\"@type\":\"ListItem\",\"position\":1,\"name\":\"Home\",\"item\":\"https:\/\/multi-gyn.com\/uy\/\"},{\"@type\":\"ListItem\",\"position\":2,\"name\":\"Salud vaginal\",\"item\":\"https:\/\/multi-gyn.com\/uy\/salud-vaginal\/\"},{\"@type\":\"ListItem\",\"position\":3,\"name\":\"Infecciones\",\"item\":\"https:\/\/multi-gyn.com\/uy\/salud-vaginal\/infecciones\/\"},{\"@type\":\"ListItem\",\"position\":4,\"name\":\"Las infecciones vaginales y los antibi\u00f3ticos\"}]},{\"@type\":\"WebSite\",\"@id\":\"https:\/\/multi-gyn.com\/uy\/#website\",\"url\":\"https:\/\/multi-gyn.com\/uy\/\",\"name\":\"Multi-Gyn\",\"description\":\"\",\"publisher\":{\"@id\":\"https:\/\/multi-gyn.com\/uy\/#organization\"},\"potentialAction\":[{\"@type\":\"SearchAction\",\"target\":{\"@type\":\"EntryPoint\",\"urlTemplate\":\"https:\/\/multi-gyn.com\/uy\/?s={search_term_string}\"},\"query-input\":{\"@type\":\"PropertyValueSpecification\",\"valueRequired\":true,\"valueName\":\"search_term_string\"}}],\"inLanguage\":\"es-UY\"},{\"@type\":\"Organization\",\"@id\":\"https:\/\/multi-gyn.com\/uy\/#organization\",\"name\":\"Multi-Gyn\",\"url\":\"https:\/\/multi-gyn.com\/uy\/\",\"logo\":{\"@type\":\"ImageObject\",\"inLanguage\":\"es-UY\",\"@id\":\"https:\/\/multi-gyn.com\/uy\/#\/schema\/logo\/image\/\",\"url\":\"https:\/\/multi-gyn.com\/app\/uploads\/sites\/47\/2023\/05\/multi-gyn-logo.png\",\"contentUrl\":\"https:\/\/multi-gyn.com\/app\/uploads\/sites\/47\/2023\/05\/multi-gyn-logo.png\",\"width\":149,\"height\":32,\"caption\":\"Multi-Gyn\"},\"image\":{\"@id\":\"https:\/\/multi-gyn.com\/uy\/#\/schema\/logo\/image\/\"}}]}<\/script>\n<!-- \/ Yoast SEO plugin. -->","yoast_head_json":{"title":"Las infecciones vaginales y los antibi\u00f3ticos - Multi-Gyn","description":"Conozca m\u00e1s sobre c\u00f3mo los antibi\u00f3ticos pueden alterar el equilibrio vaginal y c\u00f3mo prevenir molestias vaginales como un efecto secundario de una terapia antibi\u00f3tica.","robots":{"index":"index","follow":"follow","max-snippet":"max-snippet:-1","max-image-preview":"max-image-preview:large","max-video-preview":"max-video-preview:-1"},"canonical":"https:\/\/multi-gyn.com\/uy\/salud-vaginal\/infecciones\/las-infecciones-vaginales-y-los-antibioticos\/","og_locale":"es_ES","og_type":"article","og_title":"Las infecciones vaginales y los antibi\u00f3ticos - Multi-Gyn","og_description":"Conozca m\u00e1s sobre c\u00f3mo los antibi\u00f3ticos pueden alterar el equilibrio vaginal y c\u00f3mo prevenir molestias vaginales como un efecto secundario de una terapia antibi\u00f3tica.","og_url":"https:\/\/multi-gyn.com\/uy\/salud-vaginal\/infecciones\/las-infecciones-vaginales-y-los-antibioticos\/","og_site_name":"Multi-Gyn","article_modified_time":"2023-05-12T08:58:13+00:00","twitter_card":"summary_large_image","twitter_misc":{"Est. reading time":"2 minutos"},"schema":{"@context":"https:\/\/schema.org","@graph":[{"@type":"WebPage","@id":"https:\/\/multi-gyn.com\/uy\/salud-vaginal\/infecciones\/las-infecciones-vaginales-y-los-antibioticos\/","url":"https:\/\/multi-gyn.com\/uy\/salud-vaginal\/infecciones\/las-infecciones-vaginales-y-los-antibioticos\/","name":"Las infecciones vaginales y los antibi\u00f3ticos - Multi-Gyn","isPartOf":{"@id":"https:\/\/multi-gyn.com\/uy\/#website"},"datePublished":"2023-05-11T08:46:08+00:00","dateModified":"2023-05-12T08:58:13+00:00","description":"Conozca m\u00e1s sobre c\u00f3mo los antibi\u00f3ticos pueden alterar el equilibrio vaginal y c\u00f3mo prevenir molestias vaginales como un efecto secundario de una terapia antibi\u00f3tica.","breadcrumb":{"@id":"https:\/\/multi-gyn.com\/uy\/salud-vaginal\/infecciones\/las-infecciones-vaginales-y-los-antibioticos\/#breadcrumb"},"inLanguage":"es-UY","potentialAction":[{"@type":"ReadAction","target":["https:\/\/multi-gyn.com\/uy\/salud-vaginal\/infecciones\/las-infecciones-vaginales-y-los-antibioticos\/"]}]},{"@type":"BreadcrumbList","@id":"https:\/\/multi-gyn.com\/uy\/salud-vaginal\/infecciones\/las-infecciones-vaginales-y-los-antibioticos\/#breadcrumb","itemListElement":[{"@type":"ListItem","position":1,"name":"Home","item":"https:\/\/multi-gyn.com\/uy\/"},{"@type":"ListItem","position":2,"name":"Salud vaginal","item":"https:\/\/multi-gyn.com\/uy\/salud-vaginal\/"},{"@type":"ListItem","position":3,"name":"Infecciones","item":"https:\/\/multi-gyn.com\/uy\/salud-vaginal\/infecciones\/"},{"@type":"ListItem","position":4,"name":"Las infecciones vaginales y los antibi\u00f3ticos"}]},{"@type":"WebSite","@id":"https:\/\/multi-gyn.com\/uy\/#website","url":"https:\/\/multi-gyn.com\/uy\/","name":"Multi-Gyn","description":"","publisher":{"@id":"https:\/\/multi-gyn.com\/uy\/#organization"},"potentialAction":[{"@type":"SearchAction","target":{"@type":"EntryPoint","urlTemplate":"https:\/\/multi-gyn.com\/uy\/?s={search_term_string}"},"query-input":{"@type":"PropertyValueSpecification","valueRequired":true,"valueName":"search_term_string"}}],"inLanguage":"es-UY"},{"@type":"Organization","@id":"https:\/\/multi-gyn.com\/uy\/#organization","name":"Multi-Gyn","url":"https:\/\/multi-gyn.com\/uy\/","logo":{"@type":"ImageObject","inLanguage":"es-UY","@id":"https:\/\/multi-gyn.com\/uy\/#\/schema\/logo\/image\/","url":"https:\/\/multi-gyn.com\/app\/uploads\/sites\/47\/2023\/05\/multi-gyn-logo.png","contentUrl":"https:\/\/multi-gyn.com\/app\/uploads\/sites\/47\/2023\/05\/multi-gyn-logo.png","width":149,"height":32,"caption":"Multi-Gyn"},"image":{"@id":"https:\/\/multi-gyn.com\/uy\/#\/schema\/logo\/image\/"}}]}},"_links":{"self":[{"href":"https:\/\/multi-gyn.com\/uy\/wp-json\/wp\/v2\/pages\/180","targetHints":{"allow":["GET"]}}],"collection":[{"href":"https:\/\/multi-gyn.com\/uy\/wp-json\/wp\/v2\/pages"}],"about":[{"href":"https:\/\/multi-gyn.com\/uy\/wp-json\/wp\/v2\/types\/page"}],"author":[{"embeddable":true,"href":"https:\/\/multi-gyn.com\/uy\/wp-json\/wp\/v2\/users\/2"}],"replies":[{"embeddable":true,"href":"https:\/\/multi-gyn.com\/uy\/wp-json\/wp\/v2\/comments?post=180"}],"version-history":[{"count":2,"href":"https:\/\/multi-gyn.com\/uy\/wp-json\/wp\/v2\/pages\/180\/revisions"}],"predecessor-version":[{"id":397,"href":"https:\/\/multi-gyn.com\/uy\/wp-json\/wp\/v2\/pages\/180\/revisions\/397"}],"up":[{"embeddable":true,"href":"https:\/\/multi-gyn.com\/uy\/wp-json\/wp\/v2\/pages\/29"}],"wp:attachment":[{"href":"https:\/\/multi-gyn.com\/uy\/wp-json\/wp\/v2\/media?parent=180"}],"wp:term":[{"taxonomy":"from-article-database","embeddable":true,"href":"https:\/\/multi-gyn.com\/uy\/wp-json\/wp\/v2\/from-article-database?post=180"}],"curies":[{"name":"wp","href":"https:\/\/api.w.org\/{rel}","templated":true}]}}