{"id":182,"date":"2023-05-11T05:46:25","date_gmt":"2023-05-11T08:46:25","guid":{"rendered":"https:\/\/multi-gyn.com\/uy\/?page_id=182"},"modified":"2023-05-12T06:01:04","modified_gmt":"2023-05-12T09:01:04","slug":"candidiasis-vaginal","status":"publish","type":"page","link":"https:\/\/multi-gyn.com\/uy\/salud-vaginal\/infecciones\/candidiasis-vaginal\/","title":{"rendered":"Candidiasis vaginal"},"content":{"rendered":"\n<div class=\"wp-block-karopharma-free-text pt-large pb-large bg-center bg-cover bg-no-repeat  is-style-primary\" style=\"background-image:url()\"><div class=\"free-text-wrapper container max-w-medium text-left\">\n<h1 class=\"is-style-heading-h1 wp-block-heading\">Candidiasis vaginal<\/h1>\n\n\n\n<p class=\"is-style-paragraph-preamble\">Muchas molestias vaginales pueden ser atribuidas a la candidiasis vaginal, tambi\u00e9n conocida como infecci\u00f3n vaginal por hongos levaduriformes o C\u00e1ndida. Una candidiasis vaginal es causada por el <em>C\u00e1ndida albicans<\/em>, un microorganismo que se encuentra com\u00fanmente en la piel o las membranas mucosas. Sin embargo, cuando la flora vaginal es alterada (por el uso de antibi\u00f3ticos, lavado intenso, resequedad vaginal, etc.) o debido a otros factores (como fluctuaciones hormonales), la C\u00e1ndida puede multiplicarse y causar molestias como comez\u00f3n, irritaci\u00f3n, dolor y secreci\u00f3n. Nos referimos a esto como candidiasis vaginal. Algunas mujeres son m\u00e1s propensas a candidiasis vaginal que otras.<\/p>\n<\/div><\/div>\n\n\n\n<div class=\"wp-block-karopharma-free-text pt-large pb-large bg-center bg-cover bg-no-repeat  is-style-transparent\" style=\"background-image:url()\"><div class=\"free-text-wrapper container max-w-medium text-left\">\n<h2 class=\"is-style-heading-h2 wp-block-heading\">S\u00edntomas de una candidiasis vaginal<\/h2>\n\n\n\n<p>Los principales s\u00edntomas de una candidiasis vaginal son:<\/p>\n\n\n\n<ul class=\"is-style-default wp-block-list\"><li>comez\u00f3n vaginal e irritaci\u00f3n<\/li><li>secreci\u00f3n inusual, blanca y espesa, com\u00fanmente descrita como algo similar al reques\u00f3n<\/li><li>Enrojecimiento y dolor<\/li><li>dolor vaginal, especialmente durante o despu\u00e9s de las relaciones sexuales<\/li><\/ul>\n\n\n\n<p>Es importante hacer una distinci\u00f3n entre candidiasis vaginal y la vaginosis bacteriana. Aunque estos dos problemas pueden tener s\u00edntomas similares, la terapia apropiada es muy distinta.<\/p>\n\n\n\n<h2 class=\"is-style-heading-h2 wp-block-heading\">C\u00f3mo tratar una candidiasis vaginal<\/h2>\n\n\n\n<p>En la gran mayor\u00eda de los casos la candidiasis vaginal no es considerada una infecci\u00f3n como tal, pero puede ser considerada un desequilibrio de la flora vaginal, entonces usualmente el tratamiento no aplica para parejas de sexo masculino. La C\u00e1ndida puede ser tratada f\u00e1cilmente con antimic\u00f3ticos, aunque su efecto no evita que la candidiasis vaginal sea recurrente. Los productos naturales, en lugar de m\u00e9todos antibi\u00f3ticos, son considerados una soluci\u00f3n a largo plazo, porque optimizan la flora vaginal, le ayudan a combatir la candidiasis vaginal, y pueden ser usados como un m\u00e9todo de prevenci\u00f3n para mantener la candidiasis vaginal a raya. La infecci\u00f3n algunas veces puede causar irritaci\u00f3n y dolor, y por lo tanto hace que las relaciones sexuales sean molestas. Hay productos que pueden aliviar la comez\u00f3n vaginal y la irritaci\u00f3n en la zona \u00edntima (aerosoles, cremas y geles), pero que no, por s\u00ed solos, tratan la causa de la comez\u00f3n. Estos productos pueden ser usados junto con la terapia principal. Si los s\u00edntomas no mejoran despu\u00e9s de un tiempo, hable con su doctor o un ginec\u00f3logo.<\/p>\n\n\n\n<h2 class=\"is-style-heading-h2 wp-block-heading\">C\u00f3mo prevenir una candidiasis vaginal<\/h2>\n\n\n\n<p>La candidiasis vaginal generalmente es una infecci\u00f3n recurrente: algunas mujeres la sufren m\u00e1s frecuentemente que otras. Esto puede ser gracias a sus niveles hormonales. Las hormonas tambi\u00e9n son responsables de que la candidiasis vaginal se presente m\u00e1s seguido en un per\u00edodo determinado del ciclo mensual, as\u00ed como durante el embarazo y la lactancia. Para prevenir las molestias continuas, especialmente las mujeres que son propensas a candidiasis vaginal pueden considerar usar un gel vaginal que estimule la flora vaginal beneficiosa y prevenga el sobrecrecimiento de hongos en intervalos regulares o en los d\u00edas inmediatos al periodo de vulnerabilidad.<\/p>\n\n\n\n<p class=\"is-style-paragraph-preamble has-primary-color has-text-color\"><em>\u00abLa C\u00e1ndida puede ser f\u00e1cilmente tratada con antimic\u00f3ticos, aunque su efecto no evita que la candidiasis vaginal sea recurrente.\u00bb<\/em><\/p>\n<\/div><\/div>\n","protected":false},"excerpt":{"rendered":"","protected":false},"author":2,"featured_media":0,"parent":29,"menu_order":12,"comment_status":"closed","ping_status":"closed","template":"","meta":{"_acf_changed":false,"footnotes":""},"from-article-database":[],"class_list":["post-182","page","type-page","status-publish","hentry"],"acf":[],"yoast_head":"<!-- This site is optimized with the Yoast SEO plugin v26.6 - https:\/\/yoast.com\/wordpress\/plugins\/seo\/ -->\n<title>Candidiasis vaginal - Multi-Gyn<\/title>\n<meta name=\"description\" content=\"Una candidiasis vaginal es causada por el C\u00e1ndida albicans, un microorganismo que se encuentra com\u00fanmente en la piel o las membranas mucosas.\" \/>\n<meta name=\"robots\" content=\"index, follow, max-snippet:-1, max-image-preview:large, max-video-preview:-1\" \/>\n<link rel=\"canonical\" href=\"https:\/\/multi-gyn.com\/uy\/salud-vaginal\/infecciones\/candidiasis-vaginal\/\" \/>\n<meta property=\"og:locale\" content=\"es_ES\" \/>\n<meta property=\"og:type\" content=\"article\" \/>\n<meta property=\"og:title\" content=\"Candidiasis vaginal - Multi-Gyn\" \/>\n<meta property=\"og:description\" content=\"Una candidiasis vaginal es causada por el C\u00e1ndida albicans, un microorganismo que se encuentra com\u00fanmente en la piel o las membranas mucosas.\" \/>\n<meta property=\"og:url\" content=\"https:\/\/multi-gyn.com\/uy\/salud-vaginal\/infecciones\/candidiasis-vaginal\/\" \/>\n<meta property=\"og:site_name\" content=\"Multi-Gyn\" \/>\n<meta property=\"article:modified_time\" content=\"2023-05-12T09:01:04+00:00\" \/>\n<meta name=\"twitter:card\" content=\"summary_large_image\" \/>\n<meta name=\"twitter:label1\" content=\"Est. reading time\" \/>\n\t<meta name=\"twitter:data1\" content=\"3 minutos\" \/>\n<script type=\"application\/ld+json\" class=\"yoast-schema-graph\">{\"@context\":\"https:\/\/schema.org\",\"@graph\":[{\"@type\":\"WebPage\",\"@id\":\"https:\/\/multi-gyn.com\/uy\/salud-vaginal\/infecciones\/candidiasis-vaginal\/\",\"url\":\"https:\/\/multi-gyn.com\/uy\/salud-vaginal\/infecciones\/candidiasis-vaginal\/\",\"name\":\"Candidiasis vaginal - Multi-Gyn\",\"isPartOf\":{\"@id\":\"https:\/\/multi-gyn.com\/uy\/#website\"},\"datePublished\":\"2023-05-11T08:46:25+00:00\",\"dateModified\":\"2023-05-12T09:01:04+00:00\",\"description\":\"Una candidiasis vaginal es causada por el C\u00e1ndida albicans, un microorganismo que se encuentra com\u00fanmente en la piel o las membranas mucosas.\",\"breadcrumb\":{\"@id\":\"https:\/\/multi-gyn.com\/uy\/salud-vaginal\/infecciones\/candidiasis-vaginal\/#breadcrumb\"},\"inLanguage\":\"es-UY\",\"potentialAction\":[{\"@type\":\"ReadAction\",\"target\":[\"https:\/\/multi-gyn.com\/uy\/salud-vaginal\/infecciones\/candidiasis-vaginal\/\"]}]},{\"@type\":\"BreadcrumbList\",\"@id\":\"https:\/\/multi-gyn.com\/uy\/salud-vaginal\/infecciones\/candidiasis-vaginal\/#breadcrumb\",\"itemListElement\":[{\"@type\":\"ListItem\",\"position\":1,\"name\":\"Home\",\"item\":\"https:\/\/multi-gyn.com\/uy\/\"},{\"@type\":\"ListItem\",\"position\":2,\"name\":\"Salud vaginal\",\"item\":\"https:\/\/multi-gyn.com\/uy\/salud-vaginal\/\"},{\"@type\":\"ListItem\",\"position\":3,\"name\":\"Infecciones\",\"item\":\"https:\/\/multi-gyn.com\/uy\/salud-vaginal\/infecciones\/\"},{\"@type\":\"ListItem\",\"position\":4,\"name\":\"Candidiasis vaginal\"}]},{\"@type\":\"WebSite\",\"@id\":\"https:\/\/multi-gyn.com\/uy\/#website\",\"url\":\"https:\/\/multi-gyn.com\/uy\/\",\"name\":\"Multi-Gyn\",\"description\":\"\",\"publisher\":{\"@id\":\"https:\/\/multi-gyn.com\/uy\/#organization\"},\"potentialAction\":[{\"@type\":\"SearchAction\",\"target\":{\"@type\":\"EntryPoint\",\"urlTemplate\":\"https:\/\/multi-gyn.com\/uy\/?s={search_term_string}\"},\"query-input\":{\"@type\":\"PropertyValueSpecification\",\"valueRequired\":true,\"valueName\":\"search_term_string\"}}],\"inLanguage\":\"es-UY\"},{\"@type\":\"Organization\",\"@id\":\"https:\/\/multi-gyn.com\/uy\/#organization\",\"name\":\"Multi-Gyn\",\"url\":\"https:\/\/multi-gyn.com\/uy\/\",\"logo\":{\"@type\":\"ImageObject\",\"inLanguage\":\"es-UY\",\"@id\":\"https:\/\/multi-gyn.com\/uy\/#\/schema\/logo\/image\/\",\"url\":\"https:\/\/multi-gyn.com\/app\/uploads\/sites\/47\/2023\/05\/multi-gyn-logo.png\",\"contentUrl\":\"https:\/\/multi-gyn.com\/app\/uploads\/sites\/47\/2023\/05\/multi-gyn-logo.png\",\"width\":149,\"height\":32,\"caption\":\"Multi-Gyn\"},\"image\":{\"@id\":\"https:\/\/multi-gyn.com\/uy\/#\/schema\/logo\/image\/\"}}]}<\/script>\n<!-- \/ Yoast SEO plugin. -->","yoast_head_json":{"title":"Candidiasis vaginal - Multi-Gyn","description":"Una candidiasis vaginal es causada por el C\u00e1ndida albicans, un microorganismo que se encuentra com\u00fanmente en la piel o las membranas mucosas.","robots":{"index":"index","follow":"follow","max-snippet":"max-snippet:-1","max-image-preview":"max-image-preview:large","max-video-preview":"max-video-preview:-1"},"canonical":"https:\/\/multi-gyn.com\/uy\/salud-vaginal\/infecciones\/candidiasis-vaginal\/","og_locale":"es_ES","og_type":"article","og_title":"Candidiasis vaginal - Multi-Gyn","og_description":"Una candidiasis vaginal es causada por el C\u00e1ndida albicans, un microorganismo que se encuentra com\u00fanmente en la piel o las membranas mucosas.","og_url":"https:\/\/multi-gyn.com\/uy\/salud-vaginal\/infecciones\/candidiasis-vaginal\/","og_site_name":"Multi-Gyn","article_modified_time":"2023-05-12T09:01:04+00:00","twitter_card":"summary_large_image","twitter_misc":{"Est. reading time":"3 minutos"},"schema":{"@context":"https:\/\/schema.org","@graph":[{"@type":"WebPage","@id":"https:\/\/multi-gyn.com\/uy\/salud-vaginal\/infecciones\/candidiasis-vaginal\/","url":"https:\/\/multi-gyn.com\/uy\/salud-vaginal\/infecciones\/candidiasis-vaginal\/","name":"Candidiasis vaginal - Multi-Gyn","isPartOf":{"@id":"https:\/\/multi-gyn.com\/uy\/#website"},"datePublished":"2023-05-11T08:46:25+00:00","dateModified":"2023-05-12T09:01:04+00:00","description":"Una candidiasis vaginal es causada por el C\u00e1ndida albicans, un microorganismo que se encuentra com\u00fanmente en la piel o las membranas mucosas.","breadcrumb":{"@id":"https:\/\/multi-gyn.com\/uy\/salud-vaginal\/infecciones\/candidiasis-vaginal\/#breadcrumb"},"inLanguage":"es-UY","potentialAction":[{"@type":"ReadAction","target":["https:\/\/multi-gyn.com\/uy\/salud-vaginal\/infecciones\/candidiasis-vaginal\/"]}]},{"@type":"BreadcrumbList","@id":"https:\/\/multi-gyn.com\/uy\/salud-vaginal\/infecciones\/candidiasis-vaginal\/#breadcrumb","itemListElement":[{"@type":"ListItem","position":1,"name":"Home","item":"https:\/\/multi-gyn.com\/uy\/"},{"@type":"ListItem","position":2,"name":"Salud vaginal","item":"https:\/\/multi-gyn.com\/uy\/salud-vaginal\/"},{"@type":"ListItem","position":3,"name":"Infecciones","item":"https:\/\/multi-gyn.com\/uy\/salud-vaginal\/infecciones\/"},{"@type":"ListItem","position":4,"name":"Candidiasis vaginal"}]},{"@type":"WebSite","@id":"https:\/\/multi-gyn.com\/uy\/#website","url":"https:\/\/multi-gyn.com\/uy\/","name":"Multi-Gyn","description":"","publisher":{"@id":"https:\/\/multi-gyn.com\/uy\/#organization"},"potentialAction":[{"@type":"SearchAction","target":{"@type":"EntryPoint","urlTemplate":"https:\/\/multi-gyn.com\/uy\/?s={search_term_string}"},"query-input":{"@type":"PropertyValueSpecification","valueRequired":true,"valueName":"search_term_string"}}],"inLanguage":"es-UY"},{"@type":"Organization","@id":"https:\/\/multi-gyn.com\/uy\/#organization","name":"Multi-Gyn","url":"https:\/\/multi-gyn.com\/uy\/","logo":{"@type":"ImageObject","inLanguage":"es-UY","@id":"https:\/\/multi-gyn.com\/uy\/#\/schema\/logo\/image\/","url":"https:\/\/multi-gyn.com\/app\/uploads\/sites\/47\/2023\/05\/multi-gyn-logo.png","contentUrl":"https:\/\/multi-gyn.com\/app\/uploads\/sites\/47\/2023\/05\/multi-gyn-logo.png","width":149,"height":32,"caption":"Multi-Gyn"},"image":{"@id":"https:\/\/multi-gyn.com\/uy\/#\/schema\/logo\/image\/"}}]}},"_links":{"self":[{"href":"https:\/\/multi-gyn.com\/uy\/wp-json\/wp\/v2\/pages\/182","targetHints":{"allow":["GET"]}}],"collection":[{"href":"https:\/\/multi-gyn.com\/uy\/wp-json\/wp\/v2\/pages"}],"about":[{"href":"https:\/\/multi-gyn.com\/uy\/wp-json\/wp\/v2\/types\/page"}],"author":[{"embeddable":true,"href":"https:\/\/multi-gyn.com\/uy\/wp-json\/wp\/v2\/users\/2"}],"replies":[{"embeddable":true,"href":"https:\/\/multi-gyn.com\/uy\/wp-json\/wp\/v2\/comments?post=182"}],"version-history":[{"count":2,"href":"https:\/\/multi-gyn.com\/uy\/wp-json\/wp\/v2\/pages\/182\/revisions"}],"predecessor-version":[{"id":398,"href":"https:\/\/multi-gyn.com\/uy\/wp-json\/wp\/v2\/pages\/182\/revisions\/398"}],"up":[{"embeddable":true,"href":"https:\/\/multi-gyn.com\/uy\/wp-json\/wp\/v2\/pages\/29"}],"wp:attachment":[{"href":"https:\/\/multi-gyn.com\/uy\/wp-json\/wp\/v2\/media?parent=182"}],"wp:term":[{"taxonomy":"from-article-database","embeddable":true,"href":"https:\/\/multi-gyn.com\/uy\/wp-json\/wp\/v2\/from-article-database?post=182"}],"curies":[{"name":"wp","href":"https:\/\/api.w.org\/{rel}","templated":true}]}}